{"id":29,"date":"2015-06-29T09:15:57","date_gmt":"2015-06-29T09:15:57","guid":{"rendered":"https:\/\/clon.genehtik.com\/?page_id=29"},"modified":"2026-02-11T15:14:44","modified_gmt":"2026-02-11T15:14:44","slug":"envios-devoluciones","status":"publish","type":"page","link":"https:\/\/genehtik.com\/de\/informacion\/envios-devoluciones\/","title":{"rendered":"Versand \/ R\u00fcckgabe"},"content":{"rendered":"<h1>VERSAND \/ R\u00dcCKSENDUNGEN<\/h1>\n<p>Der Versand des Materials erfolgt entsprechend der gew\u00e4hlten Zahlungsmethode:<\/p>\n<p><em>SPANIEN:<\/em><\/p>\n<p>Zahlung bei Lieferung \u2013 innerhalb von 24\/48 Stunden.<\/p>\n<p>Andere Zahlungsmethoden \u2013 innerhalb von 24\/48 Stunden nach Zahlungseingang.<\/p>\n<p>Die Transportagentur f\u00fcr Spanien und Portugal wird sein<\/p>\n<p><em>ANDERE L\u00c4NDER:<\/em><\/p>\n<p>Jede Zahlungsart \u2013 innerhalb eines Zeitraums von h\u00f6chstens 7 Tagen nach Zahlungseingang.<\/p>\n<p>Die Transportagentur f\u00fcr andere L\u00e4nder wird von Genehtik jeweils frei gew\u00e4hlt.<\/p>\n<p>Bei Sonderanfertigungen wird die Lieferzeit f\u00fcr jede Bestellung einzeln gepr\u00fcft und der Kunde \u00fcber die voraussichtliche Verz\u00f6gerung informiert.<\/p>\n<p>Sollten die Samen nicht vorr\u00e4tig sein, wird der Kunde \u00fcber die voraussichtliche Lieferverz\u00f6gerung informiert.<\/p>\n<h1>VERSANDKOSTEN:<\/h1>\n<p>&nbsp;<\/p>\n<div class=\"amarillo\"><strong>KOSTENLOSER VERSAND F\u00dcR BESTELLUNGEN \u00dcBER 45 \u20ac UND MIT EINEM GEWICHT UNTER 3 KG. <span style=\"color: #000000;\">(Nur Spanien)<\/span><\/strong><br \/>\n<strong>KOSTENLOSER VERSAND F\u00dcR BESTELLUNGEN \u00dcBER 45 \u20ac UND MIT EINEM GEWICHT UNTER 0,5 KG. (andere L\u00e4nder)<\/strong><\/div>\n<p>&nbsp;<\/p>\n<p>Versandkosten nach: Spanien (Festland und Balearen)<\/p>\n<p>10 bis 15 kg 41 \u20ac 15 bis 20 kg 49 \u20ac 20 bis 25 kg 54 \u20ac<\/p>\n<table>\n<tbody>\n<tr>\n<th>GEWICHT<\/th>\n<th>KOSTEN<\/th>\n<\/tr>\n<tr>\n<th>0 bis 3 kg (Bestellwert mindestens 45 \u20ac)<\/th>\n<th class=\"amarillo\">FREI<\/th>\n<\/tr>\n<tr>\n<th>0 bis 0,5 kg (Bestellwert unter 45 \u20ac)<\/th>\n<th>6\u20ac<\/th>\n<\/tr>\n<tr>\n<th>0,5 bis 3 kg (Bestellwert unter 45 \u20ac)<\/th>\n<th>18\u20ac<\/th>\n<\/tr>\n<tr>\n<th>3 bis 5 kg<\/th>\n<th>28\u20ac<\/th>\n<\/tr>\n<tr>\n<th>5 bis 10 kg<\/th>\n<th>34\u20ac<\/th>\n<\/tr>\n<\/tbody>\n<\/table>\n<p>&nbsp;<\/p>\n<p>Versandkosten nach: Deutschland, Belgien, D\u00e4nemark, Frankreich, Niederlande, Italien, Luxemburg, Polen, Vereinigtes K\u00f6nigreich, Tschechische Republik und Schweiz.<\/p>\n<p>10 bis 15 kg 41 \u20ac 15 bis 20 kg 49 \u20ac 20 bis 25 kg 54 \u20ac<\/p>\n<table>\n<tbody>\n<tr>\n<th>GEWICHT<\/th>\n<th>KOSTEN<\/th>\n<\/tr>\n<tr>\n<th>0 bis 0,5 kg (Bestellwert mindestens 45 \u20ac)<\/th>\n<th class=\"amarillo\">FREI<\/th>\n<\/tr>\n<tr>\n<th>0 bis 0,5 kg (Bestellwert unter 45 \u20ac)<\/th>\n<th>12\u20ac<\/th>\n<\/tr>\n<tr>\n<th>0,5 bis 2 kg<\/th>\n<th>18\u20ac<\/th>\n<\/tr>\n<tr>\n<th>2 bis 5 kg<\/th>\n<th>28\u20ac<\/th>\n<\/tr>\n<tr>\n<th>5 bis 10 kg<\/th>\n<th>34\u20ac<\/th>\n<\/tr>\n<\/tbody>\n<\/table>\n<p>&nbsp;<\/p>\n<p>Versandkosten nach: Bulgarien, Slowenien, Estland, Finnland, Griechenland, Ungarn, Irland, Lettland, Litauen, Norwegen, Slowakei, Rum\u00e4nien und Schweden.<\/p>\n<p>10 bis 15 kg 65 \u20ac 15 bis 20 kg 72 \u20ac 20 bis 25 kg 77 \u20ac<\/p>\n<table>\n<tbody>\n<tr>\n<th>GEWICHT<\/th>\n<th>KOSTEN<\/th>\n<\/tr>\n<tr>\n<th>0 bis 0,5 kg (Bestellwert mindestens 45 \u20ac)<\/th>\n<th class=\"amarillo\">FREI<\/th>\n<\/tr>\n<tr>\n<th>0 bis 0,5 kg (Bestellwert unter 45 \u20ac)<\/th>\n<th>12\u20ac<\/th>\n<\/tr>\n<tr>\n<th>0,5 bis 2 kg<\/th>\n<th>28\u20ac<\/th>\n<\/tr>\n<tr>\n<th>2 bis 5 kg<\/th>\n<th>52\u20ac<\/th>\n<\/tr>\n<tr>\n<th>5 bis 10 kg<\/th>\n<th>58\u20ac<\/th>\n<\/tr>\n<\/tbody>\n<\/table>\n<p>&nbsp;<\/p>\n<p>Versandkosten nach: USA, Kanada und auf die Kanarischen Inseln.<\/p>\n<p>10 bis 15 kg 81 \u20ac 15 bis 20 kg 90 \u20ac 20 bis 25 kg 97 \u20ac<\/p>\n<table>\n<tbody>\n<tr>\n<th>GEWICHT<\/th>\n<th>KOSTEN<\/th>\n<\/tr>\n<tr>\n<th>0 bis 0,5 kg (Bestellwert mindestens 45 \u20ac)<\/th>\n<th class=\"amarillo\">FREI<\/th>\n<\/tr>\n<tr>\n<th>0 bis 0,5 kg (Bestellwert unter 45 \u20ac)<\/th>\n<th>12\u20ac<\/th>\n<\/tr>\n<tr>\n<th>0,5 bis 2 kg<\/th>\n<th>35\u20ac<\/th>\n<\/tr>\n<tr>\n<th>2 bis 5 kg<\/th>\n<th>54\u20ac<\/th>\n<\/tr>\n<tr>\n<th>5 bis 10 kg<\/th>\n<th>72\u20ac<\/th>\n<\/tr>\n<\/tbody>\n<\/table>\n<p>&nbsp;<\/p>\n<p>Versandkosten nach: Rest der Welt (Argentinien, Bolivien, Brasilien, Chile, Kolumbien, Costa Rica, Ecuador, El Salvador, Guatemala, Honduras, Mexiko, Nicaragua, Panama, Paraguay, Peru, Puerto Rico, Dominikanische Republik, Uruguay, Venezuela, \u2026)<\/p>\n<p>10 bis 15 kg 109 \u20ac 15 bis 20 kg 124 \u20ac 20 bis 25 kg 134 \u20ac<\/p>\n<table>\n<tbody>\n<tr>\n<th>GEWICHT<\/th>\n<th>KOSTEN<\/th>\n<\/tr>\n<tr>\n<th>0 bis 0,5 kg (Bestellwert mindestens 45 \u20ac)<\/th>\n<th class=\"amarillo\">FREI<\/th>\n<\/tr>\n<tr>\n<th>0 bis 0,5 kg (Bestellwert unter 45 \u20ac)<\/th>\n<th>12\u20ac<\/th>\n<\/tr>\n<tr>\n<th>0,5 bis 2 kg<\/th>\n<th>47\u20ac<\/th>\n<\/tr>\n<tr>\n<th>2 bis 5 kg<\/th>\n<th>67\u20ac<\/th>\n<\/tr>\n<tr>\n<th>5 bis 10 kg<\/th>\n<th>93\u20ac<\/th>\n<\/tr>\n<\/tbody>\n<\/table>\n<p>&nbsp;<\/p>\n<h1>ANSPR\u00dcCHE BEZ\u00dcGLICH ERHALTENEN MATERIALIEN<\/h1>\n<p>Sollten Sie Anzeichen von Manipulation oder Besch\u00e4digung an Ihrem Paket feststellen, vermerken Sie dies bitte auf dem Lieferschein des Zustellers. Unterschreiben Sie den Lieferschein erst, nachdem Sie die M\u00e4ngel vermerkt haben und immer in Anwesenheit des Zustellers.<\/p>\n<p>Falls Sie nach dem Versand feststellen, dass die Ware nicht der Bestellung entspricht und Sie Abweichungen zwischen Lieferscheinen oder Rechnungen bemerken, teilen Sie uns dies bitte umgehend mit und geben Sie uns eine detaillierte Beschreibung der festgestellten Abweichungen sowie Ihre Telefonnummer an, damit die Bearbeitung beschleunigt werden kann.<\/p>\n<p>Reklamationen bez\u00fcglich Sendungen, die mehr als 24 Stunden nach Erhalt durch Sie eingehen, werden nicht akzeptiert.<\/p>\n<h1>R\u00dcCKSENDUNGEN<\/h1>\n<p>In \u00dcbereinstimmung mit den Bestimmungen des Gesetzes 26\/1991 vom 21. November \u00fcber Vertr\u00e4ge, die au\u00dferhalb von Gesch\u00e4ftsr\u00e4umen geschlossen werden, erkennen wir das Recht an, innerhalb einer Frist von h\u00f6chstens 7 Tagen nach Erhalt der Bestellung ohne Angabe von Gr\u00fcnden Anspr\u00fcche aus dem Vertrag geltend zu machen.<\/p>\n<p>Bitte beachten Sie jedoch, dass Sie die Kosten f\u00fcr den Hin- und R\u00fcckversand sowie alle im Zusammenhang mit Ihrer R\u00fccksendung anfallenden Verwaltungs- und sonstigen Kosten tragen m\u00fcssen.<\/p>","protected":false},"excerpt":{"rendered":"<p>ENVIOS \/ DEVOLUCIONES El envio del material se efectuar\u00e1 seg\u00fan la forma de pago: ESPA\u00d1A: Contra reembolso &#8211; en 24\/48 horas. Otras formas de pago &#8211; en 24\/48 horas despu\u00e9s de hacer efectivo el ingreso. La agencia de transporte para Espa\u00f1a y Portugal ser\u00e1 OTROS&#8230;<\/p>","protected":false},"author":1,"featured_media":0,"parent":27,"menu_order":0,"comment_status":"closed","ping_status":"open","template":"","meta":{"bwfblock_default_font":"","footnotes":""},"class_list":["post-29","page","type-page","status-publish","hentry"],"yoast_head":"<!-- This site is optimized with the Yoast SEO Premium plugin v23.0 (Yoast SEO v27.2) - https:\/\/yoast.com\/product\/yoast-seo-premium-wordpress\/ -->\n<title>Env\u00edos \/ Devoluciones<\/title>\n<meta name=\"description\" content=\"Gastos de env\u00edo gratis para pedidos superiores a 45\u20ac y peso inferior a 3 Kg (solo Espa\u00f1a) o 500 gr. (resto de pa\u00edses). Pol\u00edtica de env\u00edos.\" \/>\n<meta name=\"robots\" content=\"index, follow, max-snippet:-1, max-image-preview:large, max-video-preview:-1\" \/>\n<link rel=\"canonical\" href=\"https:\/\/genehtik.com\/de\/informacion\/envios-devoluciones\/\" \/>\n<meta property=\"og:locale\" content=\"de_DE\" \/>\n<meta property=\"og:type\" content=\"article\" \/>\n<meta property=\"og:title\" content=\"Env\u00edos \/ Devoluciones\" \/>\n<meta property=\"og:description\" content=\"Gastos de env\u00edo gratis para pedidos superiores a 45\u20ac y peso inferior a 3 Kg (solo Espa\u00f1a) o 500 gr. (resto de pa\u00edses). Pol\u00edtica de env\u00edos.\" \/>\n<meta property=\"og:url\" content=\"https:\/\/genehtik.com\/de\/informacion\/envios-devoluciones\/\" \/>\n<meta property=\"og:site_name\" content=\"Genehtik\" \/>\n<meta property=\"article:publisher\" content=\"http:\/\/www.facebook.com\/Genehtik\" \/>\n<meta property=\"article:modified_time\" content=\"2026-02-11T15:14:44+00:00\" \/>\n<meta name=\"twitter:card\" content=\"summary_large_image\" \/>\n<meta name=\"twitter:site\" content=\"@GenehtikEs\" \/>\n<meta name=\"twitter:label1\" content=\"Gesch\u00e4tzte Lesezeit\" \/>\n\t<meta name=\"twitter:data1\" content=\"4\u00a0Minuten\" \/>\n<script type=\"application\/ld+json\" class=\"yoast-schema-graph\">{\"@context\":\"https:\/\/schema.org\",\"@graph\":[{\"@type\":\"WebPage\",\"@id\":\"https:\/\/genehtik.com\/informacion\/envios-devoluciones\/\",\"url\":\"https:\/\/genehtik.com\/informacion\/envios-devoluciones\/\",\"name\":\"Env\u00edos \/ Devoluciones\",\"isPartOf\":{\"@id\":\"https:\/\/genehtik.com\/#website\"},\"datePublished\":\"2015-06-29T09:15:57+00:00\",\"dateModified\":\"2026-02-11T15:14:44+00:00\",\"description\":\"Gastos de env\u00edo gratis para pedidos superiores a 45\u20ac y peso inferior a 3 Kg (solo Espa\u00f1a) o 500 gr. (resto de pa\u00edses). Pol\u00edtica de env\u00edos.\",\"breadcrumb\":{\"@id\":\"https:\/\/genehtik.com\/informacion\/envios-devoluciones\/#breadcrumb\"},\"inLanguage\":\"de\",\"potentialAction\":[{\"@type\":\"ReadAction\",\"target\":[\"https:\/\/genehtik.com\/informacion\/envios-devoluciones\/\"]}]},{\"@type\":\"BreadcrumbList\",\"@id\":\"https:\/\/genehtik.com\/informacion\/envios-devoluciones\/#breadcrumb\",\"itemListElement\":[{\"@type\":\"ListItem\",\"position\":1,\"name\":\"Home\",\"item\":\"https:\/\/genehtik.com\/\"},{\"@type\":\"ListItem\",\"position\":2,\"name\":\"Informaci\u00f3n\",\"item\":\"https:\/\/genehtik.com\/informacion\/\"},{\"@type\":\"ListItem\",\"position\":3,\"name\":\"Env\u00edos \/ Devoluciones\"}]},{\"@type\":\"WebSite\",\"@id\":\"https:\/\/genehtik.com\/#website\",\"url\":\"https:\/\/genehtik.com\/\",\"name\":\"Genehtik\",\"description\":\"Banco de semillas de cannabis feminizadas y autoflorecientes de calidad y garant\u00eda\",\"potentialAction\":[{\"@type\":\"SearchAction\",\"target\":{\"@type\":\"EntryPoint\",\"urlTemplate\":\"https:\/\/genehtik.com\/?s={search_term_string}\"},\"query-input\":{\"@type\":\"PropertyValueSpecification\",\"valueRequired\":true,\"valueName\":\"search_term_string\"}}],\"inLanguage\":\"de\"}]}<\/script>\n<!-- \/ Yoast SEO Premium plugin. -->","yoast_head_json":{"title":"Versand \/ R\u00fcckgabe","description":"Gastos de env\u00edo gratis para pedidos superiores a 45\u20ac y peso inferior a 3 Kg (solo Espa\u00f1a) o 500 gr. (resto de pa\u00edses). Pol\u00edtica de env\u00edos.","robots":{"index":"index","follow":"follow","max-snippet":"max-snippet:-1","max-image-preview":"max-image-preview:large","max-video-preview":"max-video-preview:-1"},"canonical":"https:\/\/genehtik.com\/de\/informacion\/envios-devoluciones\/","og_locale":"de_DE","og_type":"article","og_title":"Env\u00edos \/ Devoluciones","og_description":"Gastos de env\u00edo gratis para pedidos superiores a 45\u20ac y peso inferior a 3 Kg (solo Espa\u00f1a) o 500 gr. (resto de pa\u00edses). Pol\u00edtica de env\u00edos.","og_url":"https:\/\/genehtik.com\/de\/informacion\/envios-devoluciones\/","og_site_name":"Genehtik","article_publisher":"http:\/\/www.facebook.com\/Genehtik","article_modified_time":"2026-02-11T15:14:44+00:00","twitter_card":"summary_large_image","twitter_site":"@GenehtikEs","twitter_misc":{"Gesch\u00e4tzte Lesezeit":"4\u00a0Minuten"},"schema":{"@context":"https:\/\/schema.org","@graph":[{"@type":"WebPage","@id":"https:\/\/genehtik.com\/informacion\/envios-devoluciones\/","url":"https:\/\/genehtik.com\/informacion\/envios-devoluciones\/","name":"Versand \/ R\u00fcckgabe","isPartOf":{"@id":"https:\/\/genehtik.com\/#website"},"datePublished":"2015-06-29T09:15:57+00:00","dateModified":"2026-02-11T15:14:44+00:00","description":"Gastos de env\u00edo gratis para pedidos superiores a 45\u20ac y peso inferior a 3 Kg (solo Espa\u00f1a) o 500 gr. (resto de pa\u00edses). Pol\u00edtica de env\u00edos.","breadcrumb":{"@id":"https:\/\/genehtik.com\/informacion\/envios-devoluciones\/#breadcrumb"},"inLanguage":"de","potentialAction":[{"@type":"ReadAction","target":["https:\/\/genehtik.com\/informacion\/envios-devoluciones\/"]}]},{"@type":"BreadcrumbList","@id":"https:\/\/genehtik.com\/informacion\/envios-devoluciones\/#breadcrumb","itemListElement":[{"@type":"ListItem","position":1,"name":"Home","item":"https:\/\/genehtik.com\/"},{"@type":"ListItem","position":2,"name":"Informaci\u00f3n","item":"https:\/\/genehtik.com\/informacion\/"},{"@type":"ListItem","position":3,"name":"Env\u00edos \/ Devoluciones"}]},{"@type":"WebSite","@id":"https:\/\/genehtik.com\/#website","url":"https:\/\/genehtik.com\/","name":"Genehtik","description":"Hochwertige und garantierte feminisierte und selbstbl\u00fchende Cannabis-Samenbank","potentialAction":[{"@type":"SearchAction","target":{"@type":"EntryPoint","urlTemplate":"https:\/\/genehtik.com\/?s={search_term_string}"},"query-input":{"@type":"PropertyValueSpecification","valueRequired":true,"valueName":"search_term_string"}}],"inLanguage":"de"}]}},"_links":{"self":[{"href":"https:\/\/genehtik.com\/de\/wp-json\/wp\/v2\/pages\/29","targetHints":{"allow":["GET"]}}],"collection":[{"href":"https:\/\/genehtik.com\/de\/wp-json\/wp\/v2\/pages"}],"about":[{"href":"https:\/\/genehtik.com\/de\/wp-json\/wp\/v2\/types\/page"}],"author":[{"embeddable":true,"href":"https:\/\/genehtik.com\/de\/wp-json\/wp\/v2\/users\/1"}],"replies":[{"embeddable":true,"href":"https:\/\/genehtik.com\/de\/wp-json\/wp\/v2\/comments?post=29"}],"version-history":[{"count":33,"href":"https:\/\/genehtik.com\/de\/wp-json\/wp\/v2\/pages\/29\/revisions"}],"predecessor-version":[{"id":43144,"href":"https:\/\/genehtik.com\/de\/wp-json\/wp\/v2\/pages\/29\/revisions\/43144"}],"up":[{"embeddable":true,"href":"https:\/\/genehtik.com\/de\/wp-json\/wp\/v2\/pages\/27"}],"wp:attachment":[{"href":"https:\/\/genehtik.com\/de\/wp-json\/wp\/v2\/media?parent=29"}],"curies":[{"name":"wp","href":"https:\/\/api.w.org\/{rel}","templated":true}]}}