{"id":33,"date":"2015-06-29T09:16:45","date_gmt":"2015-06-29T09:16:45","guid":{"rendered":"https:\/\/clon.genehtik.com\/?page_id=33"},"modified":"2015-10-02T10:36:58","modified_gmt":"2015-10-02T10:36:58","slug":"confidencialidad","status":"publish","type":"page","link":"https:\/\/genehtik.com\/de\/informacion\/confidencialidad\/","title":{"rendered":"Vertraulichkeit"},"content":{"rendered":"<h1>VERTRAULICHKEIT<\/h1>\n<p>Ihre pers\u00f6nlichen Daten, einschlie\u00dflich Ihrer E-Mail- und Postadresse, werden von Genehtik ausschlie\u00dflich dazu verwendet, Sie als Kunden zu identifizieren. Dies erm\u00f6glicht Ihnen, zuk\u00fcnftige Eink\u00e4ufe effizienter zu gestalten und personalisierte Informationen \u00fcber neue Schlafprodukte und bevorstehende Messen bei Genehtik zu erhalten.<\/p>\n<p>Genehtik wird Ihre Daten nicht an Dritte weitergeben und diese Informationen zu keinem Zeitpunkt f\u00fcr kommerzielle oder berufliche Zwecke verwenden.<\/p>\n<p>Gem\u00e4\u00df dem spanischen Organgesetz Nr. 15\/1999 vom 13. Dezember 1999 \u00fcber den Schutz personenbezogener Daten kann der Kunde jederzeit schriftlich seine Rechte auf Auskunft, Berichtigung und L\u00f6schung seiner Daten aus\u00fcben.<\/p>","protected":false},"excerpt":{"rendered":"<p>CONFIDENCIALIDAD Sus datos personales as\u00ed como el e-mail o la direcci\u00f3n postal solo ser\u00e1n utilizados por Genehtik para identificarle como cliente. As\u00ed podr\u00e1 realizar sus pr\u00f3ximas compras con mayor agilidad y recibir informaci\u00f3n personificada sobre las novedades en descanso y acontecimientos feriales de Genehtik. Genehtik&#8230;<\/p>","protected":false},"author":1,"featured_media":0,"parent":27,"menu_order":0,"comment_status":"closed","ping_status":"open","template":"","meta":{"bwfblock_default_font":"","footnotes":""},"class_list":["post-33","page","type-page","status-publish","hentry"],"yoast_head":"<!-- This site is optimized with the Yoast SEO Premium plugin v23.0 (Yoast SEO v27.2) - https:\/\/yoast.com\/product\/yoast-seo-premium-wordpress\/ -->\n<title>Confidencialidad<\/title>\n<meta name=\"description\" content=\"Confidencialidad y protecci\u00f3n de los datos de nuestra tienda de semillas de marihuana.\" \/>\n<meta name=\"robots\" content=\"index, follow, max-snippet:-1, max-image-preview:large, max-video-preview:-1\" \/>\n<link rel=\"canonical\" href=\"https:\/\/genehtik.com\/de\/informacion\/confidencialidad\/\" \/>\n<meta property=\"og:locale\" content=\"de_DE\" \/>\n<meta property=\"og:type\" content=\"article\" \/>\n<meta property=\"og:title\" content=\"Confidencialidad\" \/>\n<meta property=\"og:description\" content=\"Confidencialidad y protecci\u00f3n de los datos de nuestra tienda de semillas de marihuana.\" \/>\n<meta property=\"og:url\" content=\"https:\/\/genehtik.com\/de\/informacion\/confidencialidad\/\" \/>\n<meta property=\"og:site_name\" content=\"Genehtik\" \/>\n<meta property=\"article:publisher\" content=\"http:\/\/www.facebook.com\/Genehtik\" \/>\n<meta property=\"article:modified_time\" content=\"2015-10-02T10:36:58+00:00\" \/>\n<meta name=\"twitter:card\" content=\"summary_large_image\" \/>\n<meta name=\"twitter:site\" content=\"@GenehtikEs\" \/>\n<meta name=\"twitter:label1\" content=\"Gesch\u00e4tzte Lesezeit\" \/>\n\t<meta name=\"twitter:data1\" content=\"1\u00a0Minute\" \/>\n<script type=\"application\/ld+json\" class=\"yoast-schema-graph\">{\"@context\":\"https:\/\/schema.org\",\"@graph\":[{\"@type\":\"WebPage\",\"@id\":\"https:\/\/genehtik.com\/informacion\/confidencialidad\/\",\"url\":\"https:\/\/genehtik.com\/informacion\/confidencialidad\/\",\"name\":\"Confidencialidad\",\"isPartOf\":{\"@id\":\"https:\/\/genehtik.com\/#website\"},\"datePublished\":\"2015-06-29T09:16:45+00:00\",\"dateModified\":\"2015-10-02T10:36:58+00:00\",\"description\":\"Confidencialidad y protecci\u00f3n de los datos de nuestra tienda de semillas de marihuana.\",\"breadcrumb\":{\"@id\":\"https:\/\/genehtik.com\/informacion\/confidencialidad\/#breadcrumb\"},\"inLanguage\":\"de\",\"potentialAction\":[{\"@type\":\"ReadAction\",\"target\":[\"https:\/\/genehtik.com\/informacion\/confidencialidad\/\"]}]},{\"@type\":\"BreadcrumbList\",\"@id\":\"https:\/\/genehtik.com\/informacion\/confidencialidad\/#breadcrumb\",\"itemListElement\":[{\"@type\":\"ListItem\",\"position\":1,\"name\":\"Home\",\"item\":\"https:\/\/genehtik.com\/\"},{\"@type\":\"ListItem\",\"position\":2,\"name\":\"Informaci\u00f3n\",\"item\":\"https:\/\/genehtik.com\/informacion\/\"},{\"@type\":\"ListItem\",\"position\":3,\"name\":\"Confidencialidad\"}]},{\"@type\":\"WebSite\",\"@id\":\"https:\/\/genehtik.com\/#website\",\"url\":\"https:\/\/genehtik.com\/\",\"name\":\"Genehtik\",\"description\":\"Banco de semillas de cannabis feminizadas y autoflorecientes de calidad y garant\u00eda\",\"potentialAction\":[{\"@type\":\"SearchAction\",\"target\":{\"@type\":\"EntryPoint\",\"urlTemplate\":\"https:\/\/genehtik.com\/?s={search_term_string}\"},\"query-input\":{\"@type\":\"PropertyValueSpecification\",\"valueRequired\":true,\"valueName\":\"search_term_string\"}}],\"inLanguage\":\"de\"}]}<\/script>\n<!-- \/ Yoast SEO Premium plugin. -->","yoast_head_json":{"title":"Vertraulichkeit","description":"Confidencialidad y protecci\u00f3n de los datos de nuestra tienda de semillas de marihuana.","robots":{"index":"index","follow":"follow","max-snippet":"max-snippet:-1","max-image-preview":"max-image-preview:large","max-video-preview":"max-video-preview:-1"},"canonical":"https:\/\/genehtik.com\/de\/informacion\/confidencialidad\/","og_locale":"de_DE","og_type":"article","og_title":"Confidencialidad","og_description":"Confidencialidad y protecci\u00f3n de los datos de nuestra tienda de semillas de marihuana.","og_url":"https:\/\/genehtik.com\/de\/informacion\/confidencialidad\/","og_site_name":"Genehtik","article_publisher":"http:\/\/www.facebook.com\/Genehtik","article_modified_time":"2015-10-02T10:36:58+00:00","twitter_card":"summary_large_image","twitter_site":"@GenehtikEs","twitter_misc":{"Gesch\u00e4tzte Lesezeit":"1\u00a0Minute"},"schema":{"@context":"https:\/\/schema.org","@graph":[{"@type":"WebPage","@id":"https:\/\/genehtik.com\/informacion\/confidencialidad\/","url":"https:\/\/genehtik.com\/informacion\/confidencialidad\/","name":"Vertraulichkeit","isPartOf":{"@id":"https:\/\/genehtik.com\/#website"},"datePublished":"2015-06-29T09:16:45+00:00","dateModified":"2015-10-02T10:36:58+00:00","description":"Confidencialidad y protecci\u00f3n de los datos de nuestra tienda de semillas de marihuana.","breadcrumb":{"@id":"https:\/\/genehtik.com\/informacion\/confidencialidad\/#breadcrumb"},"inLanguage":"de","potentialAction":[{"@type":"ReadAction","target":["https:\/\/genehtik.com\/informacion\/confidencialidad\/"]}]},{"@type":"BreadcrumbList","@id":"https:\/\/genehtik.com\/informacion\/confidencialidad\/#breadcrumb","itemListElement":[{"@type":"ListItem","position":1,"name":"Home","item":"https:\/\/genehtik.com\/"},{"@type":"ListItem","position":2,"name":"Informaci\u00f3n","item":"https:\/\/genehtik.com\/informacion\/"},{"@type":"ListItem","position":3,"name":"Confidencialidad"}]},{"@type":"WebSite","@id":"https:\/\/genehtik.com\/#website","url":"https:\/\/genehtik.com\/","name":"Genehtik","description":"Hochwertige und garantierte feminisierte und selbstbl\u00fchende Cannabis-Samenbank","potentialAction":[{"@type":"SearchAction","target":{"@type":"EntryPoint","urlTemplate":"https:\/\/genehtik.com\/?s={search_term_string}"},"query-input":{"@type":"PropertyValueSpecification","valueRequired":true,"valueName":"search_term_string"}}],"inLanguage":"de"}]}},"_links":{"self":[{"href":"https:\/\/genehtik.com\/de\/wp-json\/wp\/v2\/pages\/33","targetHints":{"allow":["GET"]}}],"collection":[{"href":"https:\/\/genehtik.com\/de\/wp-json\/wp\/v2\/pages"}],"about":[{"href":"https:\/\/genehtik.com\/de\/wp-json\/wp\/v2\/types\/page"}],"author":[{"embeddable":true,"href":"https:\/\/genehtik.com\/de\/wp-json\/wp\/v2\/users\/1"}],"replies":[{"embeddable":true,"href":"https:\/\/genehtik.com\/de\/wp-json\/wp\/v2\/comments?post=33"}],"version-history":[{"count":3,"href":"https:\/\/genehtik.com\/de\/wp-json\/wp\/v2\/pages\/33\/revisions"}],"predecessor-version":[{"id":4743,"href":"https:\/\/genehtik.com\/de\/wp-json\/wp\/v2\/pages\/33\/revisions\/4743"}],"up":[{"embeddable":true,"href":"https:\/\/genehtik.com\/de\/wp-json\/wp\/v2\/pages\/27"}],"wp:attachment":[{"href":"https:\/\/genehtik.com\/de\/wp-json\/wp\/v2\/media?parent=33"}],"curies":[{"name":"wp","href":"https:\/\/api.w.org\/{rel}","templated":true}]}}