{"id":35,"date":"2015-06-29T09:17:09","date_gmt":"2015-06-29T09:17:09","guid":{"rendered":"https:\/\/clon.genehtik.com\/?page_id=35"},"modified":"2025-06-04T10:28:58","modified_gmt":"2025-06-04T10:28:58","slug":"condiciones-de-uso","status":"publish","type":"page","link":"https:\/\/genehtik.com\/de\/informacion\/condiciones-de-uso\/","title":{"rendered":"Nutzungsbedingungen"},"content":{"rendered":"<h1>NUTZUNGSBEDINGUNGEN<\/h1>\n<p>Der Besitz von Hanfsamen ist in Spanien keine Straftat (Wiener \u00dcbereinkommen von 1961). Der Anbau von Cannabis kann hingegen verwaltungsrechtliche und strafrechtliche Sanktionen nach sich ziehen (Artikel 25.1 des spanischen Organgesetzes zum Schutz der \u00f6ffentlichen Sicherheit und Artikel 368 des spanischen Strafgesetzbuches).<\/p>\n<p>Die Einfuhr, der Besitz, der Verkauf und die Verbreitung von Cannabissamen sind gem\u00e4\u00df dem einseitigen Suchtstoffabkommen von Wien aus dem Jahr 1961 nicht gesetzlich geregelt.<\/p>\n<p>In einigen L\u00e4ndern, wie beispielsweise Spanien, kann der Anbau von Cannabissamen durch Unternehmen, Vereine oder Einzelpersonen ohne entsprechende Genehmigung eine Straftat darstellen. Daher ist der Verkauf oder Vertrieb von Samen in diesen L\u00e4ndern ausschlie\u00dflich f\u00fcr industrielle Zwecke, zum Sammeln oder zur Erhaltung des genetischen Materials gestattet.<\/p>\n<p>Die Vertriebspartner und Kunden von Genehtik Collections akzeptieren die ausdr\u00fcckliche Einschr\u00e4nkung, dass die Samen nicht von Dritten f\u00fcr unerlaubte oder illegale Zwecke verwendet werden d\u00fcrfen.<\/p>\n<p>Ebenso wenig beabsichtigen wir, jemanden zu gesetzeswidrigem Handeln zu ermutigen oder zu verleiten, und jeder Einzelne ist f\u00fcr sein eigenes Handeln verantwortlich. Unsere Kunden m\u00fcssen alle oben genannten Punkte bez\u00fcglich des Exports von Cannabissamen in L\u00e4nder wie die Vereinigten Staaten, Deutschland, Frankreich oder andere L\u00e4nder, in denen dies illegal ist, akzeptieren.<\/p>\n<p>Genehtik SL Collections \u00fcbernimmt keine Verantwortung f\u00fcr die Verwendung oder den illegalen Gebrauch dieser Sammlersamen.<\/p>\n<p>In Spanien und vielen anderen europ\u00e4ischen L\u00e4ndern ist der Verkauf von Hanfsamen legal. In Ihrem Land kann er jedoch verboten sein. Wir empfehlen Ihnen daher, sich vorab \u00fcber die Rechtslage in Ihrem Land zu informieren; andernfalls tragen Sie die Verantwortung f\u00fcr Ihr Handeln. Genehtik SL Collections \u00fcbernimmt keine Haftung f\u00fcr die unterschiedlichen Bestimmungen in den einzelnen L\u00e4ndern.<\/p>\n<p>Der Kauf dieser Produkte ist in L\u00e4ndern verboten, in denen Cannabissamen illegal sind, wie beispielsweise Australien, Deutschland und asiatische L\u00e4nder, oder in allen anderen L\u00e4ndern, in denen der Besitz von Cannabissamen illegal ist. Sollte ein K\u00e4ufer aus einem nicht oben genannten Land dennoch unverantwortlich eines dieser Produkte erwerben, ohne sich zuvor \u00fcber die geltenden Gesetze zu informieren, \u00fcbernimmt das Unternehmen keine Haftung f\u00fcr daraus resultierende rechtliche Probleme und leistet keine R\u00fcckerstattung f\u00fcr Artikel, die vom Zoll im Rahmen seiner T\u00e4tigkeit beschlagnahmt oder zur\u00fcckgewiesen werden.<\/p>\n<p>Die Beschreibungen dieser und anderer auf dieser Website angebotener Produkte stammen von Unternehmen und aus Fachb\u00fcchern aus L\u00e4ndern, in denen der Konsum bestimmter psychoaktiver Substanzen nicht verboten ist (wie beispielsweise in den Niederlanden). Das bedeutet, dass die Erw\u00e4hnung der Wirkung in einigen Beschreibungen KEINESfalls zum Konsum dieser Substanzen berechtigt. Es handelt sich lediglich um Informationen, da diese Produkte ausschlie\u00dflich f\u00fcr medizinische und therapeutische Zwecke, f\u00fcr Botanikstudenten, Naturforscher, Sammler, als Souvenirs usw. bestimmt sind.<\/p>\n<p>Sollten sie f\u00fcr den menschlichen Verzehr bestimmt sein, liegt die Verantwortung stets allein beim K\u00e4ufer, und das Unternehmen lehnt jegliche Haftung in diesem Zusammenhang ab.<\/p>\n<p>&nbsp;<\/p>\n<p>Wir bitten um Ihr Engagement und Ihre Verantwortungsbereitschaft.<\/p>\n<p>&nbsp;<\/p>\n<p>Genehtik Collections SL<\/p>\n<p>Pol. Ind. Erletxe Plat. E ship 27<\/p>\n<p>48960 Galdakao<\/p>\n<p>Bizkaia<\/p>","protected":false},"excerpt":{"rendered":"<p>T\u00c9RMINOS Y CONDICIONES DE USO La posesi\u00f3n de semillas de c\u00e1\u00f1amo en Espa\u00f1a no es constitutiva de delito (Convenci\u00f3n de Viena de 1.961). El cultivo de cannabis puede ser objeto de sanciones administrativas y penales (Art. 25.1 de la Ley Org\u00e1nica de Protecci\u00f3n de la&#8230;<\/p>","protected":false},"author":1,"featured_media":0,"parent":27,"menu_order":0,"comment_status":"closed","ping_status":"open","template":"","meta":{"bwfblock_default_font":"","footnotes":""},"class_list":["post-35","page","type-page","status-publish","hentry"],"yoast_head":"<!-- This site is optimized with the Yoast SEO Premium plugin v23.0 (Yoast SEO v27.2) - https:\/\/yoast.com\/product\/yoast-seo-premium-wordpress\/ -->\n<title>T\u00e9rminos y Condiciones de uso<\/title>\n<meta name=\"description\" content=\"T\u00e9rminos y condiciones de uso de nuestra tienda online Genehtik. Semillas de marihuana y fertilizantes\" \/>\n<meta name=\"robots\" content=\"index, follow, max-snippet:-1, max-image-preview:large, max-video-preview:-1\" \/>\n<link rel=\"canonical\" href=\"https:\/\/genehtik.com\/de\/informacion\/condiciones-de-uso\/\" \/>\n<meta property=\"og:locale\" content=\"de_DE\" \/>\n<meta property=\"og:type\" content=\"article\" \/>\n<meta property=\"og:title\" content=\"T\u00e9rminos y Condiciones de Uso\" \/>\n<meta property=\"og:description\" content=\"T\u00e9rminos y condiciones de uso de nuestra tienda online Genehtik. Semillas de marihuana y fertilizantes\" \/>\n<meta property=\"og:url\" content=\"https:\/\/genehtik.com\/de\/informacion\/condiciones-de-uso\/\" \/>\n<meta property=\"og:site_name\" content=\"Genehtik\" \/>\n<meta property=\"article:publisher\" content=\"http:\/\/www.facebook.com\/Genehtik\" \/>\n<meta property=\"article:modified_time\" content=\"2025-06-04T10:28:58+00:00\" \/>\n<meta name=\"twitter:card\" content=\"summary_large_image\" \/>\n<meta name=\"twitter:site\" content=\"@GenehtikEs\" \/>\n<meta name=\"twitter:label1\" content=\"Gesch\u00e4tzte Lesezeit\" \/>\n\t<meta name=\"twitter:data1\" content=\"3\u00a0Minuten\" \/>\n<script type=\"application\/ld+json\" class=\"yoast-schema-graph\">{\"@context\":\"https:\/\/schema.org\",\"@graph\":[{\"@type\":\"WebPage\",\"@id\":\"https:\/\/genehtik.com\/informacion\/condiciones-de-uso\/\",\"url\":\"https:\/\/genehtik.com\/informacion\/condiciones-de-uso\/\",\"name\":\"T\u00e9rminos y Condiciones de uso\",\"isPartOf\":{\"@id\":\"https:\/\/genehtik.com\/#website\"},\"datePublished\":\"2015-06-29T09:17:09+00:00\",\"dateModified\":\"2025-06-04T10:28:58+00:00\",\"description\":\"T\u00e9rminos y condiciones de uso de nuestra tienda online Genehtik. Semillas de marihuana y fertilizantes\",\"breadcrumb\":{\"@id\":\"https:\/\/genehtik.com\/informacion\/condiciones-de-uso\/#breadcrumb\"},\"inLanguage\":\"de\",\"potentialAction\":[{\"@type\":\"ReadAction\",\"target\":[\"https:\/\/genehtik.com\/informacion\/condiciones-de-uso\/\"]}]},{\"@type\":\"BreadcrumbList\",\"@id\":\"https:\/\/genehtik.com\/informacion\/condiciones-de-uso\/#breadcrumb\",\"itemListElement\":[{\"@type\":\"ListItem\",\"position\":1,\"name\":\"Home\",\"item\":\"https:\/\/genehtik.com\/\"},{\"@type\":\"ListItem\",\"position\":2,\"name\":\"Informaci\u00f3n\",\"item\":\"https:\/\/genehtik.com\/informacion\/\"},{\"@type\":\"ListItem\",\"position\":3,\"name\":\"T\u00e9rminos y Condiciones de Uso\"}]},{\"@type\":\"WebSite\",\"@id\":\"https:\/\/genehtik.com\/#website\",\"url\":\"https:\/\/genehtik.com\/\",\"name\":\"Genehtik\",\"description\":\"Banco de semillas de cannabis feminizadas y autoflorecientes de calidad y garant\u00eda\",\"potentialAction\":[{\"@type\":\"SearchAction\",\"target\":{\"@type\":\"EntryPoint\",\"urlTemplate\":\"https:\/\/genehtik.com\/?s={search_term_string}\"},\"query-input\":{\"@type\":\"PropertyValueSpecification\",\"valueRequired\":true,\"valueName\":\"search_term_string\"}}],\"inLanguage\":\"de\"}]}<\/script>\n<!-- \/ Yoast SEO Premium plugin. -->","yoast_head_json":{"title":"T\u00e9rminos y Condiciones de uso","description":"T\u00e9rminos y condiciones de uso de nuestra tienda online Genehtik. Semillas de marihuana y fertilizantes","robots":{"index":"index","follow":"follow","max-snippet":"max-snippet:-1","max-image-preview":"max-image-preview:large","max-video-preview":"max-video-preview:-1"},"canonical":"https:\/\/genehtik.com\/de\/informacion\/condiciones-de-uso\/","og_locale":"de_DE","og_type":"article","og_title":"T\u00e9rminos y Condiciones de Uso","og_description":"T\u00e9rminos y condiciones de uso de nuestra tienda online Genehtik. Semillas de marihuana y fertilizantes","og_url":"https:\/\/genehtik.com\/de\/informacion\/condiciones-de-uso\/","og_site_name":"Genehtik","article_publisher":"http:\/\/www.facebook.com\/Genehtik","article_modified_time":"2025-06-04T10:28:58+00:00","twitter_card":"summary_large_image","twitter_site":"@GenehtikEs","twitter_misc":{"Gesch\u00e4tzte Lesezeit":"3\u00a0Minuten"},"schema":{"@context":"https:\/\/schema.org","@graph":[{"@type":"WebPage","@id":"https:\/\/genehtik.com\/informacion\/condiciones-de-uso\/","url":"https:\/\/genehtik.com\/informacion\/condiciones-de-uso\/","name":"T\u00e9rminos y Condiciones de uso","isPartOf":{"@id":"https:\/\/genehtik.com\/#website"},"datePublished":"2015-06-29T09:17:09+00:00","dateModified":"2025-06-04T10:28:58+00:00","description":"T\u00e9rminos y condiciones de uso de nuestra tienda online Genehtik. Semillas de marihuana y fertilizantes","breadcrumb":{"@id":"https:\/\/genehtik.com\/informacion\/condiciones-de-uso\/#breadcrumb"},"inLanguage":"de","potentialAction":[{"@type":"ReadAction","target":["https:\/\/genehtik.com\/informacion\/condiciones-de-uso\/"]}]},{"@type":"BreadcrumbList","@id":"https:\/\/genehtik.com\/informacion\/condiciones-de-uso\/#breadcrumb","itemListElement":[{"@type":"ListItem","position":1,"name":"Home","item":"https:\/\/genehtik.com\/"},{"@type":"ListItem","position":2,"name":"Informaci\u00f3n","item":"https:\/\/genehtik.com\/informacion\/"},{"@type":"ListItem","position":3,"name":"T\u00e9rminos y Condiciones de Uso"}]},{"@type":"WebSite","@id":"https:\/\/genehtik.com\/#website","url":"https:\/\/genehtik.com\/","name":"Genehtik","description":"Hochwertige und garantierte feminisierte und selbstbl\u00fchende Cannabis-Samenbank","potentialAction":[{"@type":"SearchAction","target":{"@type":"EntryPoint","urlTemplate":"https:\/\/genehtik.com\/?s={search_term_string}"},"query-input":{"@type":"PropertyValueSpecification","valueRequired":true,"valueName":"search_term_string"}}],"inLanguage":"de"}]}},"_links":{"self":[{"href":"https:\/\/genehtik.com\/de\/wp-json\/wp\/v2\/pages\/35","targetHints":{"allow":["GET"]}}],"collection":[{"href":"https:\/\/genehtik.com\/de\/wp-json\/wp\/v2\/pages"}],"about":[{"href":"https:\/\/genehtik.com\/de\/wp-json\/wp\/v2\/types\/page"}],"author":[{"embeddable":true,"href":"https:\/\/genehtik.com\/de\/wp-json\/wp\/v2\/users\/1"}],"replies":[{"embeddable":true,"href":"https:\/\/genehtik.com\/de\/wp-json\/wp\/v2\/comments?post=35"}],"version-history":[{"count":11,"href":"https:\/\/genehtik.com\/de\/wp-json\/wp\/v2\/pages\/35\/revisions"}],"predecessor-version":[{"id":42262,"href":"https:\/\/genehtik.com\/de\/wp-json\/wp\/v2\/pages\/35\/revisions\/42262"}],"up":[{"embeddable":true,"href":"https:\/\/genehtik.com\/de\/wp-json\/wp\/v2\/pages\/27"}],"wp:attachment":[{"href":"https:\/\/genehtik.com\/de\/wp-json\/wp\/v2\/media?parent=35"}],"curies":[{"name":"wp","href":"https:\/\/api.w.org\/{rel}","templated":true}]}}