{"id":5008,"date":"2015-07-08T09:30:04","date_gmt":"2015-07-08T09:30:04","guid":{"rendered":"https:\/\/clon.genehtik.com\/?page_id=5008"},"modified":"2025-03-31T10:53:47","modified_gmt":"2025-03-31T10:53:47","slug":"banco-semillas-de-marihuana","status":"publish","type":"page","link":"https:\/\/genehtik.com\/de\/banco-semillas-de-marihuana\/","title":{"rendered":"Genehtik Cannabis Seed Bank \u2013 \u00dcber uns"},"content":{"rendered":"<p><img decoding=\"async\" class=\"alignnone wp-image-10549 size-full lazyload\" data-src=\"https:\/\/genehtik.com\/wp-content\/uploads\/2015\/07\/semillas-marihuana-genehtik-historia.jpg\" alt=\"Banco de semillas de cannabis Genehtik\" width=\"709\" height=\"425\" data-srcset=\"https:\/\/genehtik.com\/wp-content\/uploads\/2015\/07\/semillas-marihuana-genehtik-historia.jpg 709w, https:\/\/genehtik.com\/wp-content\/uploads\/2015\/07\/semillas-marihuana-genehtik-historia-150x90.jpg 150w, https:\/\/genehtik.com\/wp-content\/uploads\/2015\/07\/semillas-marihuana-genehtik-historia-400x240.jpg 400w, https:\/\/genehtik.com\/wp-content\/uploads\/2015\/07\/semillas-marihuana-genehtik-historia-300x180.jpg 300w, https:\/\/genehtik.com\/wp-content\/uploads\/2015\/07\/semillas-marihuana-genehtik-historia-190x114.jpg 190w\" data-sizes=\"auto\" src=\"data:image\/svg+xml;base64,PHN2ZyB3aWR0aD0iMSIgaGVpZ2h0PSIxIiB4bWxucz0iaHR0cDovL3d3dy53My5vcmcvMjAwMC9zdmciPjwvc3ZnPg==\" style=\"--smush-placeholder-width: 709px; --smush-placeholder-aspect-ratio: 709\/425;\" data-original-sizes=\"(max-width: 709px) 100vw, 709px\" \/><\/p>\n<h2>Geschichte unserer Saatgutbank<\/h2>\n<p>GENETHIK SEEDS entstand vor \u00fcber 20 Jahren im Baskenland und ist das Ergebnis jahrelanger Arbeit. Jahre intensiven Anbaus. Jahre des Informationsaustauschs mit Hobby- und Profiz\u00fcchtern, des Erfahrungsaustauschs und der Weitergabe von Genetik an unbekannte und renommierte Z\u00fcchter aus aller Welt. Wir k\u00f6nnen sagen, dass der Ursprung unserer Samenbank eng mit einer bestimmten Sorte verbunden ist\u2026 <strong>Kritischer Bilbo<\/strong>, bereits sein Sch\u00f6pfer <a href=\"https:\/\/criticalbilbo.com\/critical-bilbo-la-leyenda\/\"><strong>David Merino<\/strong><\/a>, der seit den sp\u00e4ten 1990er Jahren ganz besondere Sorten, authentische Champions und sogar legend\u00e4re Sorten wie die weltber\u00fchmte <strong>KRITIKAL BILBO<\/strong>. Seit ihrer Entstehung hat sie daran gearbeitet, diese Sorte zu stabilisieren und st\u00e4rkere und robustere Exemplare zu erhalten, die heute den Standard unserer Bank bilden \u2013 eine Sorte, die schnell begann, Cannabis-Cups zu gewinnen und ihre eigene Legende zu schreiben.<\/p>\n<p>&nbsp;<\/p>\n<p>GENEHTIK SEEDS garantiert stets die Qualit\u00e4t all seiner Pflanzen, indem die elterlichen Merkmale erhalten, die organoleptischen Eigenschaften bewahrt und die Wuchskraft jeder Sorte gesteigert wird, um sie widerstandsf\u00e4higer zu machen. GENEHTIK SEEDS hat den baskischen Charakter erfolgreich in seine Pflanzen integriert, um die Produktivit\u00e4t des gesamten Sortenkatalogs zu maximieren.<\/p>\n<p>&nbsp;<\/p>\n<h3>Mehr Informationen und Hintergrundinformationen zu unserer Saatgutbank und unseren Sorten finden Sie unter <a href=\"https:\/\/www.criticalbilbo.com\">www.criticalbilbo.com<\/a>.<\/h3>\n<p>&nbsp;<\/p>\n<p>In unserem Katalog finden Sie <a href=\"https:\/\/genehtik.com\/de\/comprar-semillas-de-marihuana-feminizadas-genehtik\/\"><strong>feminisierte Cannabissamen<\/strong><\/a>\u00a0y\u00a0<a href=\"\/de\/?product_cat=productos\/semillas-de-marihuana\/semillas-cannabis-autoflorecientes\"><strong>selbstbl\u00fchende Cannabis-Samen<\/strong><\/a>, sowie <a href=\"\/de\/?product_cat=productos\/nutrientes\"><strong>D\u00fcngemittel und N\u00e4hrstoffe<\/strong><\/a> f\u00fcr Ihre Pflanzen.<\/p>\n<p>&nbsp;<\/p>\n<h2>Die Qualit\u00e4t der Genehtik-Marihuana-Samen<\/h2>\n<p>Unser <strong>Cannabis-Samenbank<\/strong>\u00a0Wir garantieren stets h\u00f6chste genetische Qualit\u00e4t bei all unseren Cannabissamen. Zudem erhalten wir die Eigenschaften der Elternpflanzen.<\/p>\n<p>&nbsp;<\/p>\n<p>Wir garantieren stets, dass nahezu alle unsere Cannabissamen feminisiert sind.<\/p>\n<p>&nbsp;<\/p>\n<p>Unser Saatgut wird sorgf\u00e4ltig von Hand verlesen und gereinigt, um h\u00f6chste Qualit\u00e4t zu gew\u00e4hrleisten. Die Verpackung in Mikro-Erlenmeyerkolben garantiert zudem optimale Haltbarkeit.<\/p>\n<p>&nbsp;<\/p>\n<p>In unserem Katalog finden Sie eine gro\u00dfe Auswahl an von unserer Saatgutbank zusammengestellten Sorten sowie Videos, die jede Sorte erkl\u00e4ren. So haben Sie alle Informationen, die Sie f\u00fcr Ihre Entscheidung ben\u00f6tigen.<\/p>\n<p>&nbsp;<\/p>\n<h3>Wir garantieren die h\u00f6chste genetische Qualit\u00e4t all unserer Cannabissamen.<\/h3>\n<p>Unsere feminisierten und selbstbl\u00fchenden Cannabissamen sind in unserem Online-Shop oder in jedem Growshop in Ihrer Stadt erh\u00e4ltlich.<\/p>\n<p>&nbsp;<\/p>\n<p>Bei Fragen k\u00f6nnen Sie uns per E-Mail kontaktieren. <a href=\"mailto:info@genehtik.com\">info@genehtik.com<\/a><\/p>\n<p>&nbsp;<\/p>\n<p>&nbsp;<\/p>\n<div class=\"woocommerce columns-4\"><ul class=\"products columns-4\">\n<li class=\"product-category product first\">\n\t<a aria-label=\"Produktkategorie Semillas Feminizadas besuchen\" href=\"https:\/\/genehtik.com\/de\/cannabis\/productos\/semillas-de-marihuana\/semillas-cannabis-feminizadas\/\" data-no-translation-aria-label=\"\"><img decoding=\"async\" data-src=\"https:\/\/genehtik.com\/wp-content\/uploads\/2015\/07\/Semillas-cannabis-feminizadas-Genehtik-300x300.jpg\" alt=\"Semillas Feminizadas\" width=\"300\" height=\"300\" data-srcset=\"https:\/\/genehtik.com\/wp-content\/uploads\/2015\/07\/Semillas-cannabis-feminizadas-Genehtik-300x300.jpg 300w, https:\/\/genehtik.com\/wp-content\/uploads\/2015\/07\/Semillas-cannabis-feminizadas-Genehtik-150x150.jpg 150w, https:\/\/genehtik.com\/wp-content\/uploads\/2015\/07\/Semillas-cannabis-feminizadas-Genehtik-114x114.jpg 114w, https:\/\/genehtik.com\/wp-content\/uploads\/2015\/07\/Semillas-cannabis-feminizadas-Genehtik.jpg 324w\" data-sizes=\"auto\" src=\"data:image\/svg+xml;base64,PHN2ZyB3aWR0aD0iMSIgaGVpZ2h0PSIxIiB4bWxucz0iaHR0cDovL3d3dy53My5vcmcvMjAwMC9zdmciPjwvc3ZnPg==\" class=\"lazyload\" style=\"--smush-placeholder-width: 300px; --smush-placeholder-aspect-ratio: 300\/300;\" data-original-sizes=\"(max-width: 300px) 100vw, 300px\" \/>\t\t<h2 class=\"woocommerce-loop-category__title\">\n\t\t\tFeminisierte Samen <mark class=\"count\">(22)<\/mark>\t\t<\/h2>\n\t\t<\/a><\/li>\n<li class=\"product-category product\">\n\t<a aria-label=\"Produktkategorie Semillas Autoflorecientes besuchen\" href=\"https:\/\/genehtik.com\/de\/cannabis\/productos\/semillas-de-marihuana\/semillas-cannabis-autoflorecientes\/\" data-no-translation-aria-label=\"\"><img decoding=\"async\" data-src=\"https:\/\/genehtik.com\/wp-content\/uploads\/2015\/07\/semillas-cannabis-autoflorecientes-Genehtik-300x300.jpg\" alt=\"Semillas Autoflorecientes\" width=\"300\" height=\"300\" data-srcset=\"https:\/\/genehtik.com\/wp-content\/uploads\/2015\/07\/semillas-cannabis-autoflorecientes-Genehtik-300x300.jpg 300w, https:\/\/genehtik.com\/wp-content\/uploads\/2015\/07\/semillas-cannabis-autoflorecientes-Genehtik-150x150.jpg 150w, https:\/\/genehtik.com\/wp-content\/uploads\/2015\/07\/semillas-cannabis-autoflorecientes-Genehtik-400x400.jpg 400w, https:\/\/genehtik.com\/wp-content\/uploads\/2015\/07\/semillas-cannabis-autoflorecientes-Genehtik-520x520.jpg 520w, https:\/\/genehtik.com\/wp-content\/uploads\/2015\/07\/semillas-cannabis-autoflorecientes-Genehtik-114x114.jpg 114w, https:\/\/genehtik.com\/wp-content\/uploads\/2015\/07\/semillas-cannabis-autoflorecientes-Genehtik-372x372.jpg 372w, https:\/\/genehtik.com\/wp-content\/uploads\/2015\/07\/semillas-cannabis-autoflorecientes-Genehtik.jpg 680w\" data-sizes=\"auto\" src=\"data:image\/svg+xml;base64,PHN2ZyB3aWR0aD0iMSIgaGVpZ2h0PSIxIiB4bWxucz0iaHR0cDovL3d3dy53My5vcmcvMjAwMC9zdmciPjwvc3ZnPg==\" class=\"lazyload\" style=\"--smush-placeholder-width: 300px; --smush-placeholder-aspect-ratio: 300\/300;\" data-original-sizes=\"(max-width: 300px) 100vw, 300px\" \/>\t\t<h2 class=\"woocommerce-loop-category__title\">\n\t\t\tSelbstbl\u00fchende Samen <mark class=\"count\">(8)<\/mark>\t\t<\/h2>\n\t\t<\/a><\/li>\n<\/ul>\n<\/div>","protected":false},"excerpt":{"rendered":"<p>Historia de nuestro banco de semillas GENEHTIK SEEDS nace, hace m\u00e1s de 20 a\u00f1os, en el Pa\u00eds Vasco, como el resultado de muchos a\u00f1os de trabajo. De cultivo intenso. De compartir informaci\u00f3n con cultivadores amateurs y profesionales, de intercambiar experiencias y gen\u00e9ticas con breeders tanto&#8230;<\/p>","protected":false},"author":1,"featured_media":0,"parent":0,"menu_order":0,"comment_status":"closed","ping_status":"open","template":"","meta":{"bwfblock_default_font":"","footnotes":""},"class_list":["post-5008","page","type-page","status-publish","hentry"],"yoast_head":"<!-- This site is optimized with the Yoast SEO Premium plugin v23.0 (Yoast SEO v27.2) - https:\/\/yoast.com\/product\/yoast-seo-premium-wordpress\/ -->\n<title>Banco de semillas de cannabis Genehtik - Quienes Somos<\/title>\n<meta name=\"description\" content=\"Historia sobre nuestro banco de semillas de cannabis Genehtik. Ofrecemos calidad y garantia en todas nuestras semillas feminizadas y autoflorecientes.\" \/>\n<meta name=\"robots\" content=\"index, follow, max-snippet:-1, max-image-preview:large, max-video-preview:-1\" \/>\n<link rel=\"canonical\" href=\"https:\/\/genehtik.com\/de\/banco-semillas-de-marihuana\/\" \/>\n<meta property=\"og:locale\" content=\"de_DE\" \/>\n<meta property=\"og:type\" content=\"article\" \/>\n<meta property=\"og:title\" content=\"Banco de semillas de cannabis Genehtik - Quienes Somos\" \/>\n<meta property=\"og:description\" content=\"Historia sobre nuestro banco de semillas de cannabis Genehtik. Ofrecemos calidad y garantia en todas nuestras semillas feminizadas y autoflorecientes.\" \/>\n<meta property=\"og:url\" content=\"https:\/\/genehtik.com\/de\/banco-semillas-de-marihuana\/\" \/>\n<meta property=\"og:site_name\" content=\"Genehtik\" \/>\n<meta property=\"article:publisher\" content=\"http:\/\/www.facebook.com\/Genehtik\" \/>\n<meta property=\"article:modified_time\" content=\"2025-03-31T10:53:47+00:00\" \/>\n<meta property=\"og:image\" content=\"https:\/\/genehtik.com\/wp-content\/uploads\/2015\/07\/semillas-marihuana-genehtik-historia.jpg\" \/>\n<meta name=\"twitter:card\" content=\"summary_large_image\" \/>\n<meta name=\"twitter:site\" content=\"@GenehtikEs\" \/>\n<meta name=\"twitter:label1\" content=\"Gesch\u00e4tzte Lesezeit\" \/>\n\t<meta name=\"twitter:data1\" content=\"2\u00a0Minuten\" \/>\n<script type=\"application\/ld+json\" class=\"yoast-schema-graph\">{\"@context\":\"https:\/\/schema.org\",\"@graph\":[{\"@type\":\"WebPage\",\"@id\":\"https:\/\/genehtik.com\/banco-semillas-de-marihuana\/\",\"url\":\"https:\/\/genehtik.com\/banco-semillas-de-marihuana\/\",\"name\":\"Banco de semillas de cannabis Genehtik - Quienes Somos\",\"isPartOf\":{\"@id\":\"https:\/\/genehtik.com\/#website\"},\"primaryImageOfPage\":{\"@id\":\"https:\/\/genehtik.com\/banco-semillas-de-marihuana\/#primaryimage\"},\"image\":{\"@id\":\"https:\/\/genehtik.com\/banco-semillas-de-marihuana\/#primaryimage\"},\"thumbnailUrl\":\"https:\/\/genehtik.com\/wp-content\/uploads\/2015\/07\/semillas-marihuana-genehtik-historia.jpg\",\"datePublished\":\"2015-07-08T09:30:04+00:00\",\"dateModified\":\"2025-03-31T10:53:47+00:00\",\"description\":\"Historia sobre nuestro banco de semillas de cannabis Genehtik. Ofrecemos calidad y garantia en todas nuestras semillas feminizadas y autoflorecientes.\",\"breadcrumb\":{\"@id\":\"https:\/\/genehtik.com\/banco-semillas-de-marihuana\/#breadcrumb\"},\"inLanguage\":\"de\",\"potentialAction\":[{\"@type\":\"ReadAction\",\"target\":[\"https:\/\/genehtik.com\/banco-semillas-de-marihuana\/\"]}]},{\"@type\":\"ImageObject\",\"inLanguage\":\"de\",\"@id\":\"https:\/\/genehtik.com\/banco-semillas-de-marihuana\/#primaryimage\",\"url\":\"https:\/\/genehtik.com\/wp-content\/uploads\/2015\/07\/semillas-marihuana-genehtik-historia.jpg\",\"contentUrl\":\"https:\/\/genehtik.com\/wp-content\/uploads\/2015\/07\/semillas-marihuana-genehtik-historia.jpg\"},{\"@type\":\"BreadcrumbList\",\"@id\":\"https:\/\/genehtik.com\/banco-semillas-de-marihuana\/#breadcrumb\",\"itemListElement\":[{\"@type\":\"ListItem\",\"position\":1,\"name\":\"Home\",\"item\":\"https:\/\/genehtik.com\/\"},{\"@type\":\"ListItem\",\"position\":2,\"name\":\"Banco de semillas de cannabis Genehtik &#8211; Quienes Somos\"}]},{\"@type\":\"WebSite\",\"@id\":\"https:\/\/genehtik.com\/#website\",\"url\":\"https:\/\/genehtik.com\/\",\"name\":\"Genehtik\",\"description\":\"Banco de semillas de cannabis feminizadas y autoflorecientes de calidad y garant\u00eda\",\"potentialAction\":[{\"@type\":\"SearchAction\",\"target\":{\"@type\":\"EntryPoint\",\"urlTemplate\":\"https:\/\/genehtik.com\/?s={search_term_string}\"},\"query-input\":{\"@type\":\"PropertyValueSpecification\",\"valueRequired\":true,\"valueName\":\"search_term_string\"}}],\"inLanguage\":\"de\"}]}<\/script>\n<!-- \/ Yoast SEO Premium plugin. -->","yoast_head_json":{"title":"Banco de semillas de cannabis Genehtik - Quienes Somos","description":"Historia sobre nuestro banco de semillas de cannabis Genehtik. Ofrecemos calidad y garantia en todas nuestras semillas feminizadas y autoflorecientes.","robots":{"index":"index","follow":"follow","max-snippet":"max-snippet:-1","max-image-preview":"max-image-preview:large","max-video-preview":"max-video-preview:-1"},"canonical":"https:\/\/genehtik.com\/de\/banco-semillas-de-marihuana\/","og_locale":"de_DE","og_type":"article","og_title":"Banco de semillas de cannabis Genehtik - Quienes Somos","og_description":"Historia sobre nuestro banco de semillas de cannabis Genehtik. Ofrecemos calidad y garantia en todas nuestras semillas feminizadas y autoflorecientes.","og_url":"https:\/\/genehtik.com\/de\/banco-semillas-de-marihuana\/","og_site_name":"Genehtik","article_publisher":"http:\/\/www.facebook.com\/Genehtik","article_modified_time":"2025-03-31T10:53:47+00:00","og_image":[{"url":"https:\/\/genehtik.com\/wp-content\/uploads\/2015\/07\/semillas-marihuana-genehtik-historia.jpg","type":"","width":"","height":""}],"twitter_card":"summary_large_image","twitter_site":"@GenehtikEs","twitter_misc":{"Gesch\u00e4tzte Lesezeit":"2\u00a0Minuten"},"schema":{"@context":"https:\/\/schema.org","@graph":[{"@type":"WebPage","@id":"https:\/\/genehtik.com\/banco-semillas-de-marihuana\/","url":"https:\/\/genehtik.com\/banco-semillas-de-marihuana\/","name":"Banco de semillas de cannabis Genehtik - Quienes Somos","isPartOf":{"@id":"https:\/\/genehtik.com\/#website"},"primaryImageOfPage":{"@id":"https:\/\/genehtik.com\/banco-semillas-de-marihuana\/#primaryimage"},"image":{"@id":"https:\/\/genehtik.com\/banco-semillas-de-marihuana\/#primaryimage"},"thumbnailUrl":"https:\/\/genehtik.com\/wp-content\/uploads\/2015\/07\/semillas-marihuana-genehtik-historia.jpg","datePublished":"2015-07-08T09:30:04+00:00","dateModified":"2025-03-31T10:53:47+00:00","description":"Historia sobre nuestro banco de semillas de cannabis Genehtik. Ofrecemos calidad y garantia en todas nuestras semillas feminizadas y autoflorecientes.","breadcrumb":{"@id":"https:\/\/genehtik.com\/banco-semillas-de-marihuana\/#breadcrumb"},"inLanguage":"de","potentialAction":[{"@type":"ReadAction","target":["https:\/\/genehtik.com\/banco-semillas-de-marihuana\/"]}]},{"@type":"ImageObject","inLanguage":"de","@id":"https:\/\/genehtik.com\/banco-semillas-de-marihuana\/#primaryimage","url":"https:\/\/genehtik.com\/wp-content\/uploads\/2015\/07\/semillas-marihuana-genehtik-historia.jpg","contentUrl":"https:\/\/genehtik.com\/wp-content\/uploads\/2015\/07\/semillas-marihuana-genehtik-historia.jpg"},{"@type":"BreadcrumbList","@id":"https:\/\/genehtik.com\/banco-semillas-de-marihuana\/#breadcrumb","itemListElement":[{"@type":"ListItem","position":1,"name":"Home","item":"https:\/\/genehtik.com\/"},{"@type":"ListItem","position":2,"name":"Banco de semillas de cannabis Genehtik &#8211; Quienes Somos"}]},{"@type":"WebSite","@id":"https:\/\/genehtik.com\/#website","url":"https:\/\/genehtik.com\/","name":"Genehtik","description":"Hochwertige und garantierte feminisierte und selbstbl\u00fchende Cannabis-Samenbank","potentialAction":[{"@type":"SearchAction","target":{"@type":"EntryPoint","urlTemplate":"https:\/\/genehtik.com\/?s={search_term_string}"},"query-input":{"@type":"PropertyValueSpecification","valueRequired":true,"valueName":"search_term_string"}}],"inLanguage":"de"}]}},"_links":{"self":[{"href":"https:\/\/genehtik.com\/de\/wp-json\/wp\/v2\/pages\/5008","targetHints":{"allow":["GET"]}}],"collection":[{"href":"https:\/\/genehtik.com\/de\/wp-json\/wp\/v2\/pages"}],"about":[{"href":"https:\/\/genehtik.com\/de\/wp-json\/wp\/v2\/types\/page"}],"author":[{"embeddable":true,"href":"https:\/\/genehtik.com\/de\/wp-json\/wp\/v2\/users\/1"}],"replies":[{"embeddable":true,"href":"https:\/\/genehtik.com\/de\/wp-json\/wp\/v2\/comments?post=5008"}],"version-history":[{"count":63,"href":"https:\/\/genehtik.com\/de\/wp-json\/wp\/v2\/pages\/5008\/revisions"}],"predecessor-version":[{"id":41928,"href":"https:\/\/genehtik.com\/de\/wp-json\/wp\/v2\/pages\/5008\/revisions\/41928"}],"wp:attachment":[{"href":"https:\/\/genehtik.com\/de\/wp-json\/wp\/v2\/media?parent=5008"}],"curies":[{"name":"wp","href":"https:\/\/api.w.org\/{rel}","templated":true}]}}