{"id":5042995,"date":"2026-02-23T10:34:01","date_gmt":"2026-02-23T10:34:01","guid":{"rendered":"https:\/\/genehtik.com\/?page_id=5042995"},"modified":"2026-02-23T12:40:49","modified_gmt":"2026-02-23T12:40:49","slug":"%f0%9f%8e%81-sistema-de-puntos-genehtik-1-punto-1e-programa-de-recompensas","status":"publish","type":"page","link":"https:\/\/genehtik.com\/de\/%f0%9f%8e%81-sistema-de-puntos-genehtik-1-punto-1e-programa-de-recompensas\/","title":{"rendered":"\ud83c\udf81 Genehtik-Punktesystem \u2013 1 Punkt = 1 \u20ac | Pr\u00e4mienprogramm"},"content":{"rendered":"<div class=\"wpb-content-wrapper\"><div class=\"vc_row wpb_row vc_row-fluid edgtf-section edgtf-content-aligment-left\" style=\"\"><div class=\"clearfix edgtf-full-section-inner\"><div class=\"wpb_column vc_column_container vc_col-sm-12\"><div class=\"vc_column-inner\"><div class=\"wpb_wrapper\"><div class=\"vc_empty_space\"   style=\"height: 30px\"><span class=\"vc_empty_space_inner\"><\/span><\/div><\/div><\/div><\/div><\/div><\/div><div class=\"vc_row wpb_row vc_row-fluid edgtf-section edgtf-content-aligment-left\" style=\"\"><div class=\"clearfix edgtf-full-section-inner\"><div class=\"wpb_column vc_column_container vc_col-sm-12\"><div class=\"vc_column-inner\"><div class=\"wpb_wrapper\">\n\t<div class=\"wpb_text_column wpb_content_element\" >\n\t\t<div class=\"wpb_wrapper\">\n\t\t\t\n\t\t<\/div>\n\t<\/div>\n<\/div><\/div><\/div><\/div><\/div><div class=\"vc_row wpb_row vc_row-fluid edgtf-section lp2-hero edgtf-content-aligment-left\" style=\"\"><div class=\"clearfix edgtf-full-section-inner\"><div class=\"wpb_column vc_column_container vc_col-sm-12\"><div class=\"vc_column-inner\"><div class=\"wpb_wrapper\">\n\t<div class=\"wpb_text_column wpb_content_element\" >\n\t\t<div class=\"wpb_wrapper\">\n\t\t\t<p style=\"text-align:center;\"><span class=\"lp2-badge\">\ud83c\udf81 GENETHIK-PUNKTESYSTEM<\/span><\/p>\n<h1 style=\"text-align:center;\"><strong>Sammeln Sie bei jedem Einkauf Punkte.<\/strong><\/h1>\n<h3 style=\"text-align:center;\">Und wandeln Sie sie in einen echten Rabatt auf Ihre n\u00e4chste Bestellung um.<\/h3>\n<div style=\"max-width:720px;margin:14px auto 0 auto;padding:14px 16px;border-radius:14px;border:2px solid #111;background:#fff;text-align:center;\">\n<div style=\"font-size:26px;line-height:1.2;font-weight:800;\">\n    1 Punkt = <span style=\"background:#111;color:#fff;padding:3px 10px;border-radius:10px;display:inline-block;\">1\u20ac<\/span>\n  <\/div>\n<div style=\"font-size:25px;font-weight:700;opacity:.99;margin-top:6px;\">\n  Direkter Rabatt in Ihrem Warenkorb\n<\/div>\n<\/div>\n<p style=\"text-align:center; font-size:18px; line-height:1.6;\">\n\u2705 <strong>Registrierung = 3 Punkte<\/strong> (<strong>3\u20ac<\/strong>)<br \/>\n\u2705 <strong>F\u00fcr jeden ausgegebenen Euro = 1 Punkt<\/strong><\/p>\n\n\t\t<\/div>\n\t<\/div>\n<div class=\"vc_empty_space\"   style=\"height: 18px\"><span class=\"vc_empty_space_inner\"><\/span><\/div>\n\t<div class=\"wpb_text_column wpb_content_element\" >\n\t\t<div class=\"wpb_wrapper\">\n\t\t\t<p style=\"text-align:center;\"><a href=\"\/de\/mi-cuenta\/\" target=\"_self\" style=\"font-size: 18px\" class=\"edgtf-btn edgtf-btn-large edgtf-btn-solid\"  >\n\t\t\t<span class=\"edgtf-btn-text\">\ud83d\udc49 Registrieren Sie sich und gewinnen Sie 3 \u20ac<\/span>\n\t    <\/a><\/p>\n\n\t\t<\/div>\n\t<\/div>\n<\/div><\/div><\/div><\/div><\/div><div class=\"vc_row wpb_row vc_row-fluid edgtf-section edgtf-content-aligment-left\" style=\"\"><div class=\"clearfix edgtf-full-section-inner\"><div class=\"wpb_column vc_column_container vc_col-sm-12\"><div class=\"vc_column-inner\"><div class=\"wpb_wrapper\">\n\t<div class=\"wpb_text_column wpb_content_element\" >\n\t\t<div class=\"wpb_wrapper\">\n\t\t\t\n\t\t<\/div>\n\t<\/div>\n<\/div><\/div><\/div><\/div><\/div><div class=\"vc_row wpb_row vc_row-fluid edgtf-section lp2-soft edgtf-content-aligment-left\" style=\"\"><div class=\"clearfix edgtf-full-section-inner\"><div class=\"wpb_column vc_column_container vc_col-sm-12\"><div class=\"vc_column-inner\"><div class=\"wpb_wrapper\">\n\t<div class=\"wpb_text_column wpb_content_element\" >\n\t\t<div class=\"wpb_wrapper\">\n\t\t\t<h2 style=\"text-align:center;\"><strong>Wie funktioniert es?<\/strong><\/h2>\n<p style=\"text-align:center; font-size:18px; line-height:1.6;\">Es ist ganz einfach. Wir erkl\u00e4ren es Ihnen in 3 Schritten.<\/p>\n\n\t\t<\/div>\n\t<\/div>\n<\/div><\/div><\/div><\/div><\/div><div class=\"vc_row wpb_row vc_row-fluid edgtf-section lp2-soft edgtf-content-aligment-left\" style=\"\"><div class=\"clearfix edgtf-full-section-inner\"><div class=\"wpb_column vc_column_container vc_col-sm-4\"><div class=\"vc_column-inner\"><div class=\"wpb_wrapper\">\n\t<div class=\"wpb_text_column wpb_content_element\" >\n\t\t<div class=\"wpb_wrapper\">\n\t\t\t<div class=\"lp2-step\">\n<div class=\"lp2-step-ico\">\ud83d\udcdd<\/div>\n<div class=\"lp2-step-title\">1) Registrieren<\/div>\n<div class=\"lp2-step-desc\">\n    Allein durch die Erstellung Ihres Kontos erhalten Sie <span class=\"lp2-mono\">3 Punkte<\/span>.<br \/>\nDas entspricht <span class=\"lp2-mono\">3\u20ac<\/span> f\u00fcr Ihren n\u00e4chsten Einkauf.<\/div>\n<\/div>\n\n\t\t<\/div>\n\t<\/div>\n<\/div><\/div><\/div><div class=\"wpb_column vc_column_container vc_col-sm-4\"><div class=\"vc_column-inner\"><div class=\"wpb_wrapper\">\n\t<div class=\"wpb_text_column wpb_content_element\" >\n\t\t<div class=\"wpb_wrapper\">\n\t\t\t<div class=\"lp2-step\">\n<div class=\"lp2-step-ico\">\ud83d\uded2<\/div>\n<div class=\"lp2-step-title\">2) Kauf<\/div>\n<div class=\"lp2-step-desc\">\n    F\u00fcr jeden <span class=\"lp2-mono\">3\u20ac<\/span> Sie gewinnen, wenn Sie kaufen <span class=\"lp2-mono\">1 Punkt<\/span>.<br \/>\nBeispiel: <span class=\"lp2-mono\">30\u20ac<\/span> \u2192 <span class=\"lp2-mono\">10 Punkte<\/span>.<\/div>\n<\/div>\n\n\t\t<\/div>\n\t<\/div>\n<\/div><\/div><\/div><div class=\"wpb_column vc_column_container vc_col-sm-4\"><div class=\"vc_column-inner\"><div class=\"wpb_wrapper\">\n\t<div class=\"wpb_text_column wpb_content_element\" >\n\t\t<div class=\"wpb_wrapper\">\n\t\t\t<div class=\"lp2-step\">\n<div class=\"lp2-step-ico\">\ud83d\udcb6<\/div>\n<div class=\"lp2-step-title\">3) Einl\u00f6sen<\/div>\n<div class=\"lp2-step-desc\">\n    Im Warenkorb sehen Sie Ihre verf\u00fcgbaren Punkte und k\u00f6nnen diese einl\u00f6sen.<br \/>\n<span class=\"lp2-mono\">1 Punkt = 1 \u20ac<\/span> Direkter Rabatt.<\/div>\n<\/div>\n\n\t\t<\/div>\n\t<\/div>\n<\/div><\/div><\/div><\/div><\/div><div class=\"vc_row wpb_row vc_row-fluid edgtf-section edgtf-content-aligment-left\" style=\"\"><div class=\"clearfix edgtf-full-section-inner\"><div class=\"wpb_column vc_column_container vc_col-sm-12\"><div class=\"vc_column-inner\"><div class=\"wpb_wrapper\">\n\t<div class=\"wpb_text_column wpb_content_element\" >\n\t\t<div class=\"wpb_wrapper\">\n\t\t\t\n\t\t<\/div>\n\t<\/div>\n<\/div><\/div><\/div><\/div><\/div><div class=\"vc_row wpb_row vc_row-fluid edgtf-section edgtf-content-aligment-left\" style=\"\"><div class=\"clearfix edgtf-full-section-inner\"><div class=\"wpb_column vc_column_container vc_col-sm-12\"><div class=\"vc_column-inner\"><div class=\"wpb_wrapper\"><div class=\"vc_empty_space\"   style=\"height: 30px\"><span class=\"vc_empty_space_inner\"><\/span><\/div><\/div><\/div><\/div><\/div><\/div><div class=\"vc_row wpb_row vc_row-fluid edgtf-section edgtf-content-aligment-left\" style=\"\"><div class=\"clearfix edgtf-full-section-inner\"><div class=\"wpb_column vc_column_container vc_col-sm-12\"><div class=\"vc_column-inner\"><div class=\"wpb_wrapper\">\n\t<div class=\"wpb_text_column wpb_content_element\" >\n\t\t<div class=\"wpb_wrapper\">\n\t\t\t\n\t\t<\/div>\n\t<\/div>\n<\/div><\/div><\/div><\/div><\/div><div class=\"vc_row wpb_row vc_row-fluid edgtf-section edgtf-content-aligment-left\" style=\"\"><div class=\"clearfix edgtf-full-section-inner\"><div class=\"wpb_column vc_column_container vc_col-sm-12\"><div class=\"vc_column-inner\"><div class=\"wpb_wrapper\">\n\t<div class=\"wpb_text_column wpb_content_element\" >\n\t\t<div class=\"wpb_wrapper\">\n\t\t\t<h2 style=\"text-align:center;\"><strong>Beispiele aus dem echten Leben (damit Sie es deutlich sehen k\u00f6nnen)<\/strong><\/h2>\n\n\t\t<\/div>\n\t<\/div>\n<\/div><\/div><\/div><\/div><\/div><div class=\"vc_row wpb_row vc_row-fluid edgtf-section edgtf-content-aligment-left\" style=\"\"><div class=\"clearfix edgtf-full-section-inner\"><div class=\"wpb_column vc_column_container vc_col-sm-12\"><div class=\"vc_column-inner\"><div class=\"wpb_wrapper\">\n\t<div class=\"wpb_text_column wpb_content_element\" >\n\t\t<div class=\"wpb_wrapper\">\n\t\t\t\n\t\t<\/div>\n\t<\/div>\n<\/div><\/div><\/div><\/div><\/div><div class=\"vc_row wpb_row vc_row-fluid edgtf-section edgtf-content-aligment-left\" style=\"\"><div class=\"clearfix edgtf-full-section-inner\"><div class=\"wpb_column vc_column_container vc_col-sm-4\"><div class=\"vc_column-inner\"><div class=\"wpb_wrapper\">\n\t<div class=\"wpb_text_column wpb_content_element\" >\n\t\t<div class=\"wpb_wrapper\">\n\t\t\t<div class=\"lp2-example\">\n<h3 style=\"margin:0 0 8px 0;\">Beispiel 1<\/h3>\n<p style=\"margin:0; font-size:16px; line-height:1.6;\">\n    Kauf von <span class=\"lp2-mono\">30\u20ac<\/span><br \/>\n\u2192 Du willst <span class=\"lp2-mono\">10 Punkte<\/span><br \/>\n\u2192 Bei Ihrem n\u00e4chsten Einkauf haben Sie <span class=\"lp2-mono\">10\u20ac<\/span> Rabatt<\/p>\n<\/div>\n\n\t\t<\/div>\n\t<\/div>\n<\/div><\/div><\/div><div class=\"wpb_column vc_column_container vc_col-sm-4\"><div class=\"vc_column-inner\"><div class=\"wpb_wrapper\">\n\t<div class=\"wpb_text_column wpb_content_element\" >\n\t\t<div class=\"wpb_wrapper\">\n\t\t\t<div class=\"lp2-example\">\n<h3 style=\"margin:0 0 8px 0;\">Beispiel 2<\/h3>\n<p style=\"margin:0; font-size:16px; line-height:1.6;\">\n    Sie registrieren sich (<span class=\"lp2-mono\">+3 Punkte<\/span>)<br \/>\nKauf von <span class=\"lp2-mono\">45\u20ac<\/span> (\u2192 <span class=\"lp2-mono\">15 Punkte<\/span>)<br \/>\nGesamt: <span class=\"lp2-mono\">18 Punkte<\/span> = <span class=\"lp2-mono\">18\u20ac<\/span><\/p>\n<\/div>\n\n\t\t<\/div>\n\t<\/div>\n<\/div><\/div><\/div><div class=\"wpb_column vc_column_container vc_col-sm-4\"><div class=\"vc_column-inner\"><div class=\"wpb_wrapper\">\n\t<div class=\"wpb_text_column wpb_content_element\" >\n\t\t<div class=\"wpb_wrapper\">\n\t\t\t<div class=\"lp2-example\">\n<h3 style=\"margin:0 0 8px 0;\">Beispiel 3<\/h3>\n<p style=\"margin:0; font-size:16px; line-height:1.6;\">\n    Wenn Sie haben <span class=\"lp2-mono\">25 Punkte<\/span><br \/>\n\u2192 Sie k\u00f6nnen es einl\u00f6sen <span class=\"lp2-mono\">25\u20ac<\/span> direkt in den Warenkorb.<\/p>\n<\/div>\n\n\t\t<\/div>\n\t<\/div>\n<\/div><\/div><\/div><\/div><\/div><div class=\"vc_row wpb_row vc_row-fluid edgtf-section edgtf-content-aligment-left\" style=\"\"><div class=\"clearfix edgtf-full-section-inner\"><div class=\"wpb_column vc_column_container vc_col-sm-12\"><div class=\"vc_column-inner\"><div class=\"wpb_wrapper\">\n\t<div class=\"wpb_text_column wpb_content_element\" >\n\t\t<div class=\"wpb_wrapper\">\n\t\t\t\n\t\t<\/div>\n\t<\/div>\n<\/div><\/div><\/div><\/div><\/div><div class=\"vc_row wpb_row vc_row-fluid edgtf-section edgtf-content-aligment-left\" style=\"\"><div class=\"clearfix edgtf-full-section-inner\"><div class=\"wpb_column vc_column_container vc_col-sm-12\"><div class=\"vc_column-inner\"><div class=\"wpb_wrapper\"><div class=\"vc_empty_space\"   style=\"height: 25px\"><span class=\"vc_empty_space_inner\"><\/span><\/div><\/div><\/div><\/div><\/div><\/div><div class=\"vc_row wpb_row vc_row-fluid edgtf-section edgtf-content-aligment-left\" style=\"\"><div class=\"clearfix edgtf-full-section-inner\"><div class=\"wpb_column vc_column_container vc_col-sm-12\"><div class=\"vc_column-inner\"><div class=\"wpb_wrapper\">\n\t<div class=\"wpb_text_column wpb_content_element\" >\n\t\t<div class=\"wpb_wrapper\">\n\t\t\t\n\t\t<\/div>\n\t<\/div>\n<\/div><\/div><\/div><\/div><\/div><div class=\"vc_row wpb_row vc_row-fluid edgtf-section vc_custom_777010 edgtf-content-aligment-left\" style=\"\"><div class=\"clearfix edgtf-full-section-inner\"><div class=\"wpb_column vc_column_container vc_col-sm-12\"><div class=\"vc_column-inner\"><div class=\"wpb_wrapper\">\n\t<div class=\"wpb_text_column wpb_content_element\" >\n\t\t<div class=\"wpb_wrapper\">\n\t\t\t<h2 style=\"text-align:center; color:#ffffff;\"><strong>Was, wenn Sie sie nicht ausgeben m\u00f6chten?<\/strong><\/h2>\n<h3 style=\"text-align:center; color:#ffffff;\">Sie k\u00f6nnen Ihre Punkte mit wem auch immer teilen.<\/h3>\n<p style=\"text-align:center; color:#ffffff; font-size:18px; line-height:1.7;\">\nWenn Sie sie jetzt nicht verwenden werden, k\u00f6nnen Sie <strong>einen Gutschein (einen Code) erstellen<\/strong> mit Ihren Punkten.<br \/>\nSie k\u00f6nnen diesen Code an jemand anderen weitergeben, damit dieser ihn verwenden kann. <strong>Einl\u00f6sen bei Genehtik<\/strong> Genau wie ein Rabatt.<\/p>\n\n\t\t<\/div>\n\t<\/div>\n<div class=\"vc_empty_space\"   style=\"height: 15px\"><span class=\"vc_empty_space_inner\"><\/span><\/div>\n\t<div class=\"wpb_text_column wpb_content_element\" >\n\t\t<div class=\"wpb_wrapper\">\n\t\t\t<p style=\"text-align:center;\"><a href=\"\/de\/mi-cuenta\/\" target=\"_self\" style=\"font-size: 18px\" class=\"edgtf-btn edgtf-btn-large edgtf-btn-solid\"  >\n\t\t\t<span class=\"edgtf-btn-text\">\ud83d\udc49 IN MEINEM KONTO ANMELDEN<\/span>\n\t    <\/a><\/p>\n\n\t\t<\/div>\n\t<\/div>\n<\/div><\/div><\/div><\/div><\/div><div class=\"vc_row wpb_row vc_row-fluid edgtf-section edgtf-content-aligment-left\" style=\"\"><div class=\"clearfix edgtf-full-section-inner\"><div class=\"wpb_column vc_column_container vc_col-sm-12\"><div class=\"vc_column-inner\"><div class=\"wpb_wrapper\">\n\t<div class=\"wpb_text_column wpb_content_element\" >\n\t\t<div class=\"wpb_wrapper\">\n\t\t\t\n\t\t<\/div>\n\t<\/div>\n<\/div><\/div><\/div><\/div><\/div><div class=\"vc_row wpb_row vc_row-fluid edgtf-section edgtf-content-aligment-left\" style=\"\"><div class=\"clearfix edgtf-full-section-inner\"><div class=\"wpb_column vc_column_container vc_col-sm-12\"><div class=\"vc_column-inner\"><div class=\"wpb_wrapper\"><div class=\"vc_empty_space\"   style=\"height: 30px\"><span class=\"vc_empty_space_inner\"><\/span><\/div><\/div><\/div><\/div><\/div><\/div><div class=\"vc_row wpb_row vc_row-fluid edgtf-section edgtf-content-aligment-left\" style=\"\"><div class=\"clearfix edgtf-full-section-inner\"><div class=\"wpb_column vc_column_container vc_col-sm-12\"><div class=\"vc_column-inner\"><div class=\"wpb_wrapper\">\n\t<div class=\"wpb_text_column wpb_content_element\" >\n\t\t<div class=\"wpb_wrapper\">\n\t\t\t\n\t\t<\/div>\n\t<\/div>\n<\/div><\/div><\/div><\/div><\/div><div class=\"vc_row wpb_row vc_row-fluid edgtf-section edgtf-content-aligment-left\" style=\"\"><div class=\"clearfix edgtf-full-section-inner\"><div class=\"wpb_column vc_column_container vc_col-sm-12\"><div class=\"vc_column-inner\"><div class=\"wpb_wrapper\">\n\t<div class=\"wpb_text_column wpb_content_element\" >\n\t\t<div class=\"wpb_wrapper\">\n\t\t\t<h2 style=\"text-align:center;\"><strong>Kurze Fragen<\/strong><\/h2>\n<div class=\"lp2-card\">\n<p style=\"margin:0 0 12px 0;\"><strong>Was ist 1 Punkt wert?<\/strong> \u2192 1 Punkt = 1 \u20ac<\/p>\n<p style=\"margin:0 0 12px 0;\"><strong>Wie kann ich Punkte sammeln?<\/strong> \u2192 3 Punkte bei der Registrierung + 1 Punkt f\u00fcr je 3 ausgegebene Euro.<\/p>\n<p style=\"margin:0 0 12px 0;\"><strong>Wie benutze ich sie?<\/strong> \u2192 Im Warenkorb l\u00f6sen Sie Ihre Punkte als Rabatt ein.<\/p>\n<p style=\"margin:0;\"><strong>Darf ich sie teilen?<\/strong> \u2192 Ja, indem Sie einen Bonuscode aus Ihrem Konto erstellen.<\/p>\n<\/div>\n\n\t\t<\/div>\n\t<\/div>\n<\/div><\/div><\/div><\/div><\/div><div class=\"vc_row wpb_row vc_row-fluid edgtf-section edgtf-content-aligment-left\" style=\"\"><div class=\"clearfix edgtf-full-section-inner\"><div class=\"wpb_column vc_column_container vc_col-sm-12\"><div class=\"vc_column-inner\"><div class=\"wpb_wrapper\">\n\t<div class=\"wpb_text_column wpb_content_element\" >\n\t\t<div class=\"wpb_wrapper\">\n\t\t\t\n\t\t<\/div>\n\t<\/div>\n<\/div><\/div><\/div><\/div><\/div><div class=\"vc_row wpb_row vc_row-fluid edgtf-section edgtf-content-aligment-left\" style=\"\"><div class=\"clearfix edgtf-full-section-inner\"><div class=\"wpb_column vc_column_container vc_col-sm-12\"><div class=\"vc_column-inner\"><div class=\"wpb_wrapper\"><div class=\"vc_empty_space\"   style=\"height: 30px\"><span class=\"vc_empty_space_inner\"><\/span><\/div><\/div><\/div><\/div><\/div><\/div><div class=\"vc_row wpb_row vc_row-fluid edgtf-section edgtf-content-aligment-left\" style=\"\"><div class=\"clearfix edgtf-full-section-inner\"><div class=\"wpb_column vc_column_container vc_col-sm-12\"><div class=\"vc_column-inner\"><div class=\"wpb_wrapper\">\n\t<div class=\"wpb_text_column wpb_content_element\" >\n\t\t<div class=\"wpb_wrapper\">\n\t\t\t\n\t\t<\/div>\n\t<\/div>\n<\/div><\/div><\/div><\/div><\/div><div class=\"vc_row wpb_row vc_row-fluid edgtf-section edgtf-content-aligment-left\" style=\"\"><div class=\"clearfix edgtf-full-section-inner\"><div class=\"wpb_column vc_column_container vc_col-sm-12\"><div class=\"vc_column-inner\"><div class=\"wpb_wrapper\">\n\t<div class=\"wpb_text_column wpb_content_element\" >\n\t\t<div class=\"wpb_wrapper\">\n\t\t\t<div class=\"lp2-sticky-cta\">\n  <a href=\"\/de\/mi-cuenta\/\">\ud83d\udc49 Registrieren Sie sich und gewinnen Sie 3 \u20ac<\/a><\/div>\n\n\t\t<\/div>\n\t<\/div>\n<\/div><\/div><\/div><\/div><\/div>\n<\/div>","protected":false},"excerpt":{"rendered":"&#x1f381; SISTEMA DE PUNTOS GENEHTIK Gana puntos con cada compra Y convi\u00e9rtelos en descuento real en tu pr\u00f3ximo pedido. 1 punto = 1\u20ac Descuento directo en tu carrito &#x2705; Registrarte = 3 puntos (3\u20ac) &#x2705; Por cada 3\u20ac de compra = 1 punto &#x1f449; REGISTRARME...","protected":false},"author":1,"featured_media":0,"parent":0,"menu_order":0,"comment_status":"closed","ping_status":"closed","template":"","meta":{"bwfblock_default_font":"","footnotes":""},"class_list":["post-5042995","page","type-page","status-publish","hentry"],"yoast_head":"<!-- This site is optimized with the Yoast SEO Premium plugin v23.0 (Yoast SEO v27.2) - https:\/\/yoast.com\/product\/yoast-seo-premium-wordpress\/ -->\n<title>&#x1f381; Sistema de Puntos Genehtik \u2013 1 Punto = 1\u20ac | Programa de Recompensas - Genehtik<\/title>\n<meta name=\"robots\" content=\"index, follow, max-snippet:-1, max-image-preview:large, max-video-preview:-1\" \/>\n<link rel=\"canonical\" href=\"https:\/\/genehtik.com\/de\/\ud83c\udf81-sistema-de-puntos-genehtik-1-punto-1e-programa-de-recompensas\/\" \/>\n<meta property=\"og:locale\" content=\"de_DE\" \/>\n<meta property=\"og:type\" content=\"article\" \/>\n<meta property=\"og:title\" content=\"&#x1f381; Sistema de Puntos Genehtik \u2013 1 Punto = 1\u20ac | Programa de Recompensas\" \/>\n<meta property=\"og:url\" content=\"https:\/\/genehtik.com\/de\/\ud83c\udf81-sistema-de-puntos-genehtik-1-punto-1e-programa-de-recompensas\/\" \/>\n<meta property=\"og:site_name\" content=\"Genehtik\" \/>\n<meta property=\"article:publisher\" content=\"http:\/\/www.facebook.com\/Genehtik\" \/>\n<meta property=\"article:modified_time\" content=\"2026-02-23T12:40:49+00:00\" \/>\n<meta name=\"twitter:card\" content=\"summary_large_image\" \/>\n<meta name=\"twitter:site\" content=\"@GenehtikEs\" \/>\n<meta name=\"twitter:label1\" content=\"Gesch\u00e4tzte Lesezeit\" \/>\n\t<meta name=\"twitter:data1\" content=\"2\u00a0Minuten\" \/>\n<script type=\"application\/ld+json\" class=\"yoast-schema-graph\">{\"@context\":\"https:\/\/schema.org\",\"@graph\":[{\"@type\":\"WebPage\",\"@id\":\"https:\/\/genehtik.com\/%f0%9f%8e%81-sistema-de-puntos-genehtik-1-punto-1e-programa-de-recompensas\/\",\"url\":\"https:\/\/genehtik.com\/%f0%9f%8e%81-sistema-de-puntos-genehtik-1-punto-1e-programa-de-recompensas\/\",\"name\":\"&#x1f381; Sistema de Puntos Genehtik \u2013 1 Punto = 1\u20ac | Programa de Recompensas - Genehtik\",\"isPartOf\":{\"@id\":\"https:\/\/genehtik.com\/#website\"},\"datePublished\":\"2026-02-23T10:34:01+00:00\",\"dateModified\":\"2026-02-23T12:40:49+00:00\",\"breadcrumb\":{\"@id\":\"https:\/\/genehtik.com\/%f0%9f%8e%81-sistema-de-puntos-genehtik-1-punto-1e-programa-de-recompensas\/#breadcrumb\"},\"inLanguage\":\"de\",\"potentialAction\":[{\"@type\":\"ReadAction\",\"target\":[\"https:\/\/genehtik.com\/%f0%9f%8e%81-sistema-de-puntos-genehtik-1-punto-1e-programa-de-recompensas\/\"]}]},{\"@type\":\"BreadcrumbList\",\"@id\":\"https:\/\/genehtik.com\/%f0%9f%8e%81-sistema-de-puntos-genehtik-1-punto-1e-programa-de-recompensas\/#breadcrumb\",\"itemListElement\":[{\"@type\":\"ListItem\",\"position\":1,\"name\":\"Home\",\"item\":\"https:\/\/genehtik.com\/\"},{\"@type\":\"ListItem\",\"position\":2,\"name\":\"&#x1f381; Sistema de Puntos Genehtik \u2013 1 Punto = 1\u20ac | Programa de Recompensas\"}]},{\"@type\":\"WebSite\",\"@id\":\"https:\/\/genehtik.com\/#website\",\"url\":\"https:\/\/genehtik.com\/\",\"name\":\"Genehtik\",\"description\":\"Banco de semillas de cannabis feminizadas y autoflorecientes de calidad y garant\u00eda\",\"potentialAction\":[{\"@type\":\"SearchAction\",\"target\":{\"@type\":\"EntryPoint\",\"urlTemplate\":\"https:\/\/genehtik.com\/?s={search_term_string}\"},\"query-input\":{\"@type\":\"PropertyValueSpecification\",\"valueRequired\":true,\"valueName\":\"search_term_string\"}}],\"inLanguage\":\"de\"}]}<\/script>\n<!-- \/ Yoast SEO Premium plugin. -->","yoast_head_json":{"title":"&#x1f381; Sistema de Puntos Genehtik \u2013 1 Punto = 1\u20ac | Programa de Recompensas - Genehtik","robots":{"index":"index","follow":"follow","max-snippet":"max-snippet:-1","max-image-preview":"max-image-preview:large","max-video-preview":"max-video-preview:-1"},"canonical":"https:\/\/genehtik.com\/de\/\ud83c\udf81-sistema-de-puntos-genehtik-1-punto-1e-programa-de-recompensas\/","og_locale":"de_DE","og_type":"article","og_title":"&#x1f381; Sistema de Puntos Genehtik \u2013 1 Punto = 1\u20ac | Programa de Recompensas","og_url":"https:\/\/genehtik.com\/de\/\ud83c\udf81-sistema-de-puntos-genehtik-1-punto-1e-programa-de-recompensas\/","og_site_name":"Genehtik","article_publisher":"http:\/\/www.facebook.com\/Genehtik","article_modified_time":"2026-02-23T12:40:49+00:00","twitter_card":"summary_large_image","twitter_site":"@GenehtikEs","twitter_misc":{"Gesch\u00e4tzte Lesezeit":"2\u00a0Minuten"},"schema":{"@context":"https:\/\/schema.org","@graph":[{"@type":"WebPage","@id":"https:\/\/genehtik.com\/%f0%9f%8e%81-sistema-de-puntos-genehtik-1-punto-1e-programa-de-recompensas\/","url":"https:\/\/genehtik.com\/%f0%9f%8e%81-sistema-de-puntos-genehtik-1-punto-1e-programa-de-recompensas\/","name":"&#x1f381; Sistema de Puntos Genehtik \u2013 1 Punto = 1\u20ac | Programa de Recompensas - Genehtik","isPartOf":{"@id":"https:\/\/genehtik.com\/#website"},"datePublished":"2026-02-23T10:34:01+00:00","dateModified":"2026-02-23T12:40:49+00:00","breadcrumb":{"@id":"https:\/\/genehtik.com\/%f0%9f%8e%81-sistema-de-puntos-genehtik-1-punto-1e-programa-de-recompensas\/#breadcrumb"},"inLanguage":"de","potentialAction":[{"@type":"ReadAction","target":["https:\/\/genehtik.com\/%f0%9f%8e%81-sistema-de-puntos-genehtik-1-punto-1e-programa-de-recompensas\/"]}]},{"@type":"BreadcrumbList","@id":"https:\/\/genehtik.com\/%f0%9f%8e%81-sistema-de-puntos-genehtik-1-punto-1e-programa-de-recompensas\/#breadcrumb","itemListElement":[{"@type":"ListItem","position":1,"name":"Home","item":"https:\/\/genehtik.com\/"},{"@type":"ListItem","position":2,"name":"&#x1f381; Sistema de Puntos Genehtik \u2013 1 Punto = 1\u20ac | Programa de Recompensas"}]},{"@type":"WebSite","@id":"https:\/\/genehtik.com\/#website","url":"https:\/\/genehtik.com\/","name":"Genehtik","description":"Hochwertige und garantierte feminisierte und selbstbl\u00fchende Cannabis-Samenbank","potentialAction":[{"@type":"SearchAction","target":{"@type":"EntryPoint","urlTemplate":"https:\/\/genehtik.com\/?s={search_term_string}"},"query-input":{"@type":"PropertyValueSpecification","valueRequired":true,"valueName":"search_term_string"}}],"inLanguage":"de"}]}},"_links":{"self":[{"href":"https:\/\/genehtik.com\/de\/wp-json\/wp\/v2\/pages\/5042995","targetHints":{"allow":["GET"]}}],"collection":[{"href":"https:\/\/genehtik.com\/de\/wp-json\/wp\/v2\/pages"}],"about":[{"href":"https:\/\/genehtik.com\/de\/wp-json\/wp\/v2\/types\/page"}],"author":[{"embeddable":true,"href":"https:\/\/genehtik.com\/de\/wp-json\/wp\/v2\/users\/1"}],"replies":[{"embeddable":true,"href":"https:\/\/genehtik.com\/de\/wp-json\/wp\/v2\/comments?post=5042995"}],"version-history":[{"count":14,"href":"https:\/\/genehtik.com\/de\/wp-json\/wp\/v2\/pages\/5042995\/revisions"}],"predecessor-version":[{"id":5042997,"href":"https:\/\/genehtik.com\/de\/wp-json\/wp\/v2\/pages\/5042995\/revisions\/5042997"}],"wp:attachment":[{"href":"https:\/\/genehtik.com\/de\/wp-json\/wp\/v2\/media?parent=5042995"}],"curies":[{"name":"wp","href":"https:\/\/api.w.org\/{rel}","templated":true}]}}