{"id":5050,"date":"2015-07-09T09:37:38","date_gmt":"2015-07-09T09:37:38","guid":{"rendered":"https:\/\/clon.genehtik.com\/mas-informacion-sobre-las-cookies\/"},"modified":"2015-07-09T09:56:40","modified_gmt":"2015-07-09T09:56:40","slug":"mas-informacion-sobre-las-cookies","status":"publish","type":"page","link":"https:\/\/genehtik.com\/de\/mas-informacion-sobre-las-cookies\/","title":{"rendered":"Weitere Informationen zu Cookies"},"content":{"rendered":"<h2>Was ist ein Cookie?<\/h2>\n<p>\n\tA <em>Pl\u00e4tzchen<\/em> Es handelt sich um eine Textdatei. <b>harmlos<\/b> Diese Daten werden in Ihrem Browser gespeichert, wenn Sie fast jede Website besuchen. Der Nutzen der <em>Pl\u00e4tzchen<\/em> Das bedeutet, dass die Website sich an Ihren Besuch erinnern sollte, wenn Sie die Seite erneut aufrufen. Viele wissen das allerdings nicht. <em>Cookies<\/em> Sie sind seit 20 Jahren im Einsatz, seit die ersten Browser f\u00fcr das World Wide Web erschienen sind.\n<\/p>\n<h2>Was ist KEIN Keks?<\/h2>\n<p>\n\tEs handelt sich nicht um einen Virus, ein Trojanisches Pferd, einen Wurm, Spam oder Spyware, und es \u00f6ffnet auch keine Pop-up-Fenster.\n<\/p>\n<h2>Welche Informationen enth\u00e4lt ein <em>Pl\u00e4tzchen<\/em>?<\/h2>\n<p>\n\tDer <em>Cookies<\/em> Sie speichern in der Regel keine sensiblen Daten wie Kreditkarten- oder Bankdaten, Fotos, Ihren Ausweis oder andere pers\u00f6nliche Informationen. Die gespeicherten Daten sind technischer Natur, beispielsweise pers\u00f6nliche Pr\u00e4ferenzen, Inhaltsanpassungen usw.\n<\/p>\n<p>\n\tDer Webserver ordnet Sie nicht Ihrer Person zu, sondern Ihrem Webbrowser. Wenn Sie beispielsweise normalerweise mit dem Internet Explorer surfen und dann dieselbe Website mit Firefox oder Chrome aufrufen, werden Sie feststellen, dass die Website Sie nicht als dieselbe Person erkennt, da sie den Browser und nicht Sie pers\u00f6nlich identifiziert.\n<\/p>\n<h2>Was f\u00fcr <em>Cookies<\/em> Gibt es sie?<\/h2>\n<ul>\n<li><em>Cookies<\/em> Techniken: Dies sind die grundlegendsten und erm\u00f6glichen unter anderem, zu erkennen, wann ein Mensch oder eine automatisierte Anwendung surft, wann ein anonymer Benutzer und wann ein registrierter Benutzer surft \u2013 grundlegende Aufgaben f\u00fcr den Betrieb jeder dynamischen Website.<\/li>\n<li><em>Cookies<\/em> Analyse: Sie sammeln Informationen \u00fcber Ihre Art des Surfens, die am h\u00e4ufigsten genutzten Bereiche, angesehene Produkte, die Tageszeit der Nutzung, die Sprache usw.<\/li>\n<li><em>Cookies<\/em> Werbung: Es werden Ihnen Anzeigen basierend auf Ihrem Surfverhalten, Ihrem Herkunftsland, Ihrer Sprache usw. angezeigt.<\/li>\n<\/ul>\n<h2>Was sind die <em>Cookies<\/em> eigene und die von Dritten?<\/h2>\n<p>\n\tDer <em>eigene Cookies<\/em> Dies sind die von der Seite, die Sie gerade besuchen, generierten und die <em>Drittparteien<\/em> Diese werden von externen Diensten oder Anbietern wie Facebook, Twitter, Google usw. generiert.\n<\/p>\n<h2>Was passiert, wenn ich die <em>Cookies<\/em>?<\/h2>\n<p>\n\tUm Ihnen zu helfen, die potenziellen Auswirkungen einer Deaktivierung zu verstehen <em>Cookies<\/em> Hier einige Beispiele:<\/p>\n<ul>\n<li>Sie k\u00f6nnen keine Inhalte von dieser Website auf Facebook, Twitter oder anderen sozialen Netzwerken teilen.<\/li>\n<li>Die Website wird den Inhalt nicht an Ihre pers\u00f6nlichen Vorlieben anpassen k\u00f6nnen, wie es in Online-Shops \u00fcblicherweise der Fall ist.<\/li>\n<li>Sie werden keinen Zugriff auf den pers\u00f6nlichen Bereich dieser Website haben, wie zum Beispiel <em>Mein Konto<\/em>, entweder <em>Mein Profil<\/em> o <em>Meine Bestellungen<\/em>.<\/li>\n<li>Online-Shops: Online-Eink\u00e4ufe sind nicht m\u00f6glich; Sie m\u00fcssen Ihre Eink\u00e4ufe telefonisch oder, falls vorhanden, pers\u00f6nlich im Ladengesch\u00e4ft t\u00e4tigen.<\/li>\n<li>Es wird nicht m\u00f6glich sein, Ihre geografischen Einstellungen wie Zeitzone, W\u00e4hrung oder Sprache anzupassen.<\/li>\n<li>Die Website wird nicht in der Lage sein, Webanalysen \u00fcber Besucher und Webverkehr durchzuf\u00fchren, was es der Website erschweren wird, wettbewerbsf\u00e4hig zu sein.<\/li>\n<li>Sie k\u00f6nnen keine Blogbeitr\u00e4ge verfassen, Fotos hochladen, Kommentare abgeben oder Inhalte bewerten. Die Website kann au\u00dferdem nicht feststellen, ob Sie ein Mensch oder eine automatisierte Anwendung sind, die Inhalte ver\u00f6ffentlicht. <em>Spam<\/em>.<\/li>\n<li>Gezielte Werbung wird nicht erlaubt sein, was die Werbeeinnahmen der Website verringern wird.<\/li>\n<li>Alle sozialen Netzwerke nutzen <em>Cookies<\/em>, Wenn Sie diese deaktivieren, k\u00f6nnen Sie kein soziales Netzwerk mehr nutzen.<\/li>\n<\/ul>\n<h2>Kann die <em>Cookies<\/em>?<\/h2>\n<p>\n\tJa. Nicht nur l\u00f6schen, sondern auch blockieren, entweder allgemein oder speziell f\u00fcr eine bestimmte Domain.\n<\/p>\n<p>\n\tUm die <em>Cookies<\/em> Um Cookies von einer Website zu entfernen, m\u00fcssen Sie die Einstellungen Ihres Browsers aufrufen. Dort finden Sie die Cookies, die mit der betreffenden Domain verkn\u00fcpft sind, und k\u00f6nnen diese l\u00f6schen.\n<\/p>\n<h2 id=\"navegadores\">Konfiguration <em>Cookies<\/em> f\u00fcr die g\u00e4ngigsten Browser<\/h2>\n<p>\n\tIm Folgenden erkl\u00e4ren wir, wie man auf ein <em>Pl\u00e4tzchen<\/em> vom Browser bestimmt <b>Chrom<\/b>. Hinweis: Diese Schritte k\u00f6nnen je nach Browserversion variieren.<\/p>\n<ol>\n<li>Sie k\u00f6nnen \u00fcber das Men\u00fc \u201eDatei\u201c oder durch Anklicken des Anpassungssymbols, das oben rechts erscheint, zu \u201eEinstellungen\u201c oder \u201ePr\u00e4ferenzen\u201c gelangen.<\/li>\n<li>Sie sehen verschiedene Abschnitte; klicken Sie auf die gew\u00fcnschte Option. <em>Erweiterte Optionen anzeigen<\/em>.<\/li>\n<li>Gehe zu <em>Datenschutz<\/em>, <em>Inhaltseinstellungen<\/em>.<\/li>\n<li>W\u00e4hlen <em>Alle <em>Cookies<\/em> und Standortdaten<\/em>.<\/li>\n<li>Es erscheint eine Liste mit allen <em>Cookies<\/em> Sortiert nach Domain. Um Ihnen die Suche zu erleichtern. <em>Cookies<\/em> Geben Sie f\u00fcr eine bestimmte Domain die Adresse teilweise oder vollst\u00e4ndig in das Feld ein. <em>Such-Cookies<\/em>.<\/li>\n<li>Nach Anwendung dieses Filters erscheinen eine oder mehrere Zeilen mit folgendem Inhalt auf dem Bildschirm: <em>Cookies<\/em> von der angeforderten Website. Jetzt m\u00fcssen Sie es nur noch ausw\u00e4hlen und die Taste dr\u00fccken. <em>X<\/em> um mit der Entfernung fortzufahren.<\/li>\n<\/ol>\n<p>\n\tUm auf die Einstellungen zuzugreifen <em>Cookies<\/em> des Browsers <b>Internet Explorer<\/b> Folgen Sie diesen Schritten (diese k\u00f6nnen je nach Browserversion variieren):<\/p>\n<ol>\n<li>Gehe zu <em>Werkzeuge<\/em>, <em>Internetoptionen<\/em><\/li>\n<li>Klicken Sie auf <em>Datenschutz<\/em>.<\/li>\n<li>Mit dem Schieberegler k\u00f6nnen Sie den gew\u00fcnschten Grad an Privatsph\u00e4re einstellen.<\/li>\n<\/ol>\n<p>\n\tUm auf die Einstellungen zuzugreifen <em>Cookies<\/em> des Browsers <b>Firefox<\/b> Folgen Sie diesen Schritten (diese k\u00f6nnen je nach Browserversion variieren):<\/p>\n<ol>\n<li>Gehe zu <em>Optionen<\/em> o <em>Pr\u00e4ferenzen<\/em> abh\u00e4ngig von Ihrem Betriebssystem.<\/li>\n<li>Klicken Sie auf <em>Datenschutz<\/em>.<\/li>\n<li>In <em>Aufzeichnen<\/em> w\u00e4hlen <em>Verwenden Sie eine benutzerdefinierte Einstellung f\u00fcr den Verlauf<\/em>.<\/li>\n<li>Nun sehen Sie die Option. <em>Cookies akzeptieren<\/em>, Sie k\u00f6nnen es je nach Ihren Vorlieben aktivieren oder deaktivieren.<\/li>\n<\/ol>\n<p>\n\tUm auf die Einstellungen zuzugreifen <em>Cookies<\/em> des Browsers <b>Safari f\u00fcr OSX<\/b> Folgen Sie diesen Schritten (diese k\u00f6nnen je nach Browserversion variieren):<\/p>\n<ol>\n<li>Gehe zu <em>Pr\u00e4ferenzen<\/em>, Dann <em>Datenschutz<\/em>.<\/li>\n<li>Hier sehen Sie die Option. <em>Cookies blockieren<\/em> damit Sie die Art der Verriegelung einstellen k\u00f6nnen, die Sie durchf\u00fchren m\u00f6chten.<\/li>\n<\/ol>\n<p>\n\tUm auf die Einstellungen zuzugreifen <em>Cookies<\/em> des Browsers <b>Safari f\u00fcr iOS<\/b> Folgen Sie diesen Schritten (diese k\u00f6nnen je nach Browserversion variieren):<\/p>\n<ol>\n<li>Gehe zu <em>Einstellungen<\/em>, Dann <em>Safari<\/em>.<\/li>\n<li>Gehe zu <em>Datenschutz und Sicherheit<\/em>, Sie werden die Option sehen. <em>Cookies blockieren<\/em> damit Sie die Art der Verriegelung einstellen k\u00f6nnen, die Sie durchf\u00fchren m\u00f6chten.<\/li>\n<\/ol>\n<p>\n\tUm auf die Einstellungen zuzugreifen <em>Cookies<\/em> des Browsers f\u00fcr Ger\u00e4te <b>Android<\/b> Folgen Sie diesen Schritten (diese k\u00f6nnen je nach Browserversion variieren):<\/p>\n<ol>\n<li>\u00d6ffnen Sie den Browser und dr\u00fccken Sie die Taste <em>Speisekarte<\/em>, Dann <em>Einstellungen<\/em>.<\/li>\n<li>Gehe zu <em>Sicherheit und Datenschutz<\/em>, Sie werden die Option sehen. <em>Cookies akzeptieren<\/em> um die Box zu aktivieren oder zu deaktivieren.<\/li>\n<\/ol>\n<p>\n\tUm auf die Einstellungen zuzugreifen <em>Cookies<\/em> des Browsers f\u00fcr Ger\u00e4te <b>Windows Phone<\/b> Folgen Sie diesen Schritten (diese k\u00f6nnen je nach Browserversion variieren):<\/p>\n<ol>\n<li>Offen <em>Internet Explorer<\/em>, Dann <em>Weiter<\/em>, Dann <em>Konfiguration<\/em><\/li>\n<li>Sie k\u00f6nnen das Kontrollk\u00e4stchen nun aktivieren oder deaktivieren. <em>Cookies zulassen<\/em>.<\/li>\n<\/ol>","protected":false},"excerpt":{"rendered":"<p>\u00bfQu\u00e9 es una cookie? Una cookie es un fichero de texto inofensivo que se almacena en su navegador cuando visita casi cualquier p\u00e1gina web. La utilidad de la cookie es que la web sea capaz de recordar su visita cuando vuelva a navegar por esa&#8230;<\/p>","protected":false},"author":1,"featured_media":0,"parent":0,"menu_order":0,"comment_status":"closed","ping_status":"closed","template":"","meta":{"bwfblock_default_font":"","footnotes":""},"class_list":["post-5050","page","type-page","status-publish","hentry"],"yoast_head":"<!-- This site is optimized with the Yoast SEO Premium plugin v23.0 (Yoast SEO v27.2) - https:\/\/yoast.com\/product\/yoast-seo-premium-wordpress\/ -->\n<title>M\u00e1s informaci\u00f3n sobre las cookies - Genehtik<\/title>\n<meta name=\"description\" content=\"\u00bfQu\u00e9 es una cookie? Una cookie es un fichero de texto inofensivo que se almacena en su navegador cuando visita casi cualquier p\u00e1gina web. La utilidad de\" \/>\n<meta name=\"robots\" content=\"index, follow, max-snippet:-1, max-image-preview:large, max-video-preview:-1\" \/>\n<link rel=\"canonical\" href=\"https:\/\/genehtik.com\/de\/mas-informacion-sobre-las-cookies\/\" \/>\n<meta property=\"og:locale\" content=\"de_DE\" \/>\n<meta property=\"og:type\" content=\"article\" \/>\n<meta property=\"og:title\" content=\"M\u00e1s informaci\u00f3n sobre las cookies\" \/>\n<meta property=\"og:description\" content=\"\u00bfQu\u00e9 es una cookie? Una cookie es un fichero de texto inofensivo que se almacena en su navegador cuando visita casi cualquier p\u00e1gina web. La utilidad de\" \/>\n<meta property=\"og:url\" content=\"https:\/\/genehtik.com\/de\/mas-informacion-sobre-las-cookies\/\" \/>\n<meta property=\"og:site_name\" content=\"Genehtik\" \/>\n<meta property=\"article:publisher\" content=\"http:\/\/www.facebook.com\/Genehtik\" \/>\n<meta property=\"article:modified_time\" content=\"2015-07-09T09:56:40+00:00\" \/>\n<meta name=\"twitter:card\" content=\"summary_large_image\" \/>\n<meta name=\"twitter:site\" content=\"@GenehtikEs\" \/>\n<meta name=\"twitter:label1\" content=\"Gesch\u00e4tzte Lesezeit\" \/>\n\t<meta name=\"twitter:data1\" content=\"5\u00a0Minuten\" \/>\n<script type=\"application\/ld+json\" class=\"yoast-schema-graph\">{\"@context\":\"https:\/\/schema.org\",\"@graph\":[{\"@type\":\"WebPage\",\"@id\":\"https:\/\/genehtik.com\/mas-informacion-sobre-las-cookies\/\",\"url\":\"https:\/\/genehtik.com\/mas-informacion-sobre-las-cookies\/\",\"name\":\"M\u00e1s informaci\u00f3n sobre las cookies - Genehtik\",\"isPartOf\":{\"@id\":\"https:\/\/genehtik.com\/#website\"},\"datePublished\":\"2015-07-09T09:37:38+00:00\",\"dateModified\":\"2015-07-09T09:56:40+00:00\",\"description\":\"\u00bfQu\u00e9 es una cookie? Una cookie es un fichero de texto inofensivo que se almacena en su navegador cuando visita casi cualquier p\u00e1gina web. La utilidad de\",\"breadcrumb\":{\"@id\":\"https:\/\/genehtik.com\/mas-informacion-sobre-las-cookies\/#breadcrumb\"},\"inLanguage\":\"de\",\"potentialAction\":[{\"@type\":\"ReadAction\",\"target\":[\"https:\/\/genehtik.com\/mas-informacion-sobre-las-cookies\/\"]}]},{\"@type\":\"BreadcrumbList\",\"@id\":\"https:\/\/genehtik.com\/mas-informacion-sobre-las-cookies\/#breadcrumb\",\"itemListElement\":[{\"@type\":\"ListItem\",\"position\":1,\"name\":\"Home\",\"item\":\"https:\/\/genehtik.com\/\"},{\"@type\":\"ListItem\",\"position\":2,\"name\":\"M\u00e1s informaci\u00f3n sobre las cookies\"}]},{\"@type\":\"WebSite\",\"@id\":\"https:\/\/genehtik.com\/#website\",\"url\":\"https:\/\/genehtik.com\/\",\"name\":\"Genehtik\",\"description\":\"Banco de semillas de cannabis feminizadas y autoflorecientes de calidad y garant\u00eda\",\"potentialAction\":[{\"@type\":\"SearchAction\",\"target\":{\"@type\":\"EntryPoint\",\"urlTemplate\":\"https:\/\/genehtik.com\/?s={search_term_string}\"},\"query-input\":{\"@type\":\"PropertyValueSpecification\",\"valueRequired\":true,\"valueName\":\"search_term_string\"}}],\"inLanguage\":\"de\"}]}<\/script>\n<!-- \/ Yoast SEO Premium plugin. -->","yoast_head_json":{"title":"M\u00e1s informaci\u00f3n sobre las cookies - Genehtik","description":"\u00bfQu\u00e9 es una cookie? Una cookie es un fichero de texto inofensivo que se almacena en su navegador cuando visita casi cualquier p\u00e1gina web. La utilidad de","robots":{"index":"index","follow":"follow","max-snippet":"max-snippet:-1","max-image-preview":"max-image-preview:large","max-video-preview":"max-video-preview:-1"},"canonical":"https:\/\/genehtik.com\/de\/mas-informacion-sobre-las-cookies\/","og_locale":"de_DE","og_type":"article","og_title":"M\u00e1s informaci\u00f3n sobre las cookies","og_description":"\u00bfQu\u00e9 es una cookie? Una cookie es un fichero de texto inofensivo que se almacena en su navegador cuando visita casi cualquier p\u00e1gina web. La utilidad de","og_url":"https:\/\/genehtik.com\/de\/mas-informacion-sobre-las-cookies\/","og_site_name":"Genehtik","article_publisher":"http:\/\/www.facebook.com\/Genehtik","article_modified_time":"2015-07-09T09:56:40+00:00","twitter_card":"summary_large_image","twitter_site":"@GenehtikEs","twitter_misc":{"Gesch\u00e4tzte Lesezeit":"5\u00a0Minuten"},"schema":{"@context":"https:\/\/schema.org","@graph":[{"@type":"WebPage","@id":"https:\/\/genehtik.com\/mas-informacion-sobre-las-cookies\/","url":"https:\/\/genehtik.com\/mas-informacion-sobre-las-cookies\/","name":"M\u00e1s informaci\u00f3n sobre las cookies - Genehtik","isPartOf":{"@id":"https:\/\/genehtik.com\/#website"},"datePublished":"2015-07-09T09:37:38+00:00","dateModified":"2015-07-09T09:56:40+00:00","description":"\u00bfQu\u00e9 es una cookie? Una cookie es un fichero de texto inofensivo que se almacena en su navegador cuando visita casi cualquier p\u00e1gina web. La utilidad de","breadcrumb":{"@id":"https:\/\/genehtik.com\/mas-informacion-sobre-las-cookies\/#breadcrumb"},"inLanguage":"de","potentialAction":[{"@type":"ReadAction","target":["https:\/\/genehtik.com\/mas-informacion-sobre-las-cookies\/"]}]},{"@type":"BreadcrumbList","@id":"https:\/\/genehtik.com\/mas-informacion-sobre-las-cookies\/#breadcrumb","itemListElement":[{"@type":"ListItem","position":1,"name":"Home","item":"https:\/\/genehtik.com\/"},{"@type":"ListItem","position":2,"name":"M\u00e1s informaci\u00f3n sobre las cookies"}]},{"@type":"WebSite","@id":"https:\/\/genehtik.com\/#website","url":"https:\/\/genehtik.com\/","name":"Genehtik","description":"Hochwertige und garantierte feminisierte und selbstbl\u00fchende Cannabis-Samenbank","potentialAction":[{"@type":"SearchAction","target":{"@type":"EntryPoint","urlTemplate":"https:\/\/genehtik.com\/?s={search_term_string}"},"query-input":{"@type":"PropertyValueSpecification","valueRequired":true,"valueName":"search_term_string"}}],"inLanguage":"de"}]}},"_links":{"self":[{"href":"https:\/\/genehtik.com\/de\/wp-json\/wp\/v2\/pages\/5050","targetHints":{"allow":["GET"]}}],"collection":[{"href":"https:\/\/genehtik.com\/de\/wp-json\/wp\/v2\/pages"}],"about":[{"href":"https:\/\/genehtik.com\/de\/wp-json\/wp\/v2\/types\/page"}],"author":[{"embeddable":true,"href":"https:\/\/genehtik.com\/de\/wp-json\/wp\/v2\/users\/1"}],"replies":[{"embeddable":true,"href":"https:\/\/genehtik.com\/de\/wp-json\/wp\/v2\/comments?post=5050"}],"version-history":[{"count":1,"href":"https:\/\/genehtik.com\/de\/wp-json\/wp\/v2\/pages\/5050\/revisions"}],"predecessor-version":[{"id":5053,"href":"https:\/\/genehtik.com\/de\/wp-json\/wp\/v2\/pages\/5050\/revisions\/5053"}],"wp:attachment":[{"href":"https:\/\/genehtik.com\/de\/wp-json\/wp\/v2\/media?parent=5050"}],"curies":[{"name":"wp","href":"https:\/\/api.w.org\/{rel}","templated":true}]}}