{"id":5051,"date":"2015-07-09T09:37:38","date_gmt":"2015-07-09T09:37:38","guid":{"rendered":"https:\/\/clon.genehtik.com\/politica-de-cookies\/"},"modified":"2015-10-02T11:26:27","modified_gmt":"2015-10-02T11:26:27","slug":"politica-de-cookies","status":"publish","type":"page","link":"https:\/\/genehtik.com\/de\/politica-de-cookies\/","title":{"rendered":"Cookie-Richtlinie"},"content":{"rendered":"<h1>Cookie-Richtlinie<\/h1>\n<p>\n\tA <em>Pl\u00e4tzchen<\/em> Es handelt sich um eine kleine Textdatei, die beim Besuch fast jeder Website in Ihrem Browser gespeichert wird. Sie dient dazu, dass sich die Website an Ihren Besuch erinnert, wenn Sie zu dieser Seite zur\u00fcckkehren. <em>Cookies<\/em> Sie speichern typischerweise technische Informationen, pers\u00f6nliche Pr\u00e4ferenzen, Inhaltsanpassungen, Nutzungsstatistiken, Social-Media-Links, Benutzerkontenzugriffe usw. Das Ziel der <em>Pl\u00e4tzchen<\/em> Es geht darum, die Website-Inhalte an ihr Profil und ihre Bed\u00fcrfnisse anzupassen, ohne <em>Cookies<\/em> Die von jeder Website angebotenen Dienste w\u00fcrden deutlich eingeschr\u00e4nkt. Wenn Sie mehr Informationen dar\u00fcber w\u00fcnschen, welche das sind... <em>Cookies<\/em>, Was sie speichern, wie man sie l\u00f6scht, deaktiviert usw., <a href=\"https:\/\/genehtik.com\/de\/mas-informacion-sobre-las-cookies\/\">Bitte folgen Sie diesem Link.<\/a>\n<\/p>\n<h2>Auf dieser Website werden Cookies verwendet<\/h2>\n<p>\n\tGem\u00e4\u00df den Richtlinien der spanischen Datenschutzbeh\u00f6rde beschreiben wir im Folgenden detailliert die Verwendung von <em>Cookies<\/em> Ziel dieser Website ist es, Sie so genau wie m\u00f6glich zu informieren.\n<\/p>\n<p>\n\tDiese Website verwendet Folgendes: <strong>eigene Cookies<\/strong>:<\/p>\n<ul>\n<li>Sitzungscookies werden verwendet, um sicherzustellen, dass die Kommentare im Blog von Menschen und nicht von automatisierten Anwendungen verfasst werden. Dies tr\u00e4gt zur Bek\u00e4mpfung des [Problems] bei. <em>Spam<\/em>.<\/li>\n<\/ul>\n<p>\n\tDiese Website verwendet Folgendes: <strong>Cookies von Drittanbietern<\/strong>:<\/p>\n<ul>\n<li>Google Analytics: Shops <em>Cookies<\/em> Dies erm\u00f6glicht es uns, Statistiken zum Website-Traffic und Besucheraufkommen zu erstellen. Durch die Nutzung dieser Website erkl\u00e4ren Sie sich mit der Verarbeitung Ihrer Daten durch Google einverstanden. Um Ihre diesbez\u00fcglichen Rechte geltend zu machen, m\u00fcssen Sie sich daher direkt an Google wenden.<\/li>\n<li>Soziale Netzwerke: Jedes soziale Netzwerk verwendet seine eigenen <em>Cookies<\/em> damit Sie auf Schaltfl\u00e4chen wie diese klicken k\u00f6nnen <em>Ich mag<\/em> o <em>Aktie<\/em>.<\/li>\n<\/ul>\n<h2>Cookies deaktivieren oder l\u00f6schen<\/h2>\n<p>\n\tSie k\u00f6nnen Ihr Recht, Cookies dieser Website zu deaktivieren oder zu l\u00f6schen, jederzeit aus\u00fcben. Die Vorgehensweise ist je nach verwendetem Browser unterschiedlich. <a href=\"https:\/\/genehtik.com\/de\/mas-informacion-sobre-las-cookies\/#navegadores\">Hier ist eine Kurzanleitung f\u00fcr die g\u00e4ngigsten Browser.<\/a>.\n<\/p>\n<h2>Zus\u00e4tzliche Anmerkungen<\/h2>\n<ul>\n<li>\n\t\t\tWeder diese Website noch ihre gesetzlichen Vertreter sind f\u00fcr den Inhalt oder die Richtigkeit der Datenschutzrichtlinien von Drittanbietern verantwortlich, die in dieser Richtlinie erw\u00e4hnt werden. <em>Cookies<\/em>.\n\t\t<\/li>\n<li>\n\t\t\tWebbrowser sind die Werkzeuge, die f\u00fcr die Speicherung der Daten verantwortlich sind. <em>Cookies<\/em> Hier m\u00fcssen Sie Ihr Recht zur L\u00f6schung oder Deaktivierung Ihrer Daten aus\u00fcben. Weder diese Website noch ihre gesetzlichen Vertreter k\u00f6nnen die korrekte oder fehlerhafte Bearbeitung Ihrer Daten garantieren. <em>Cookies<\/em> von den zuvor genannten Browsern.\n\t\t<\/li>\n<li>\n\t\t\tIn einigen F\u00e4llen ist die Installation erforderlich. <em>Cookies<\/em> damit der Browser Ihre Entscheidung, sie nicht zu akzeptieren, nicht vergisst.\n\t\t<\/li>\n<li>\n\t\t\tIm Falle des <em>Cookies<\/em> Dieses Unternehmen speichert die Daten von Google Analytics. <em>Cookies<\/em> Ihre Daten werden auf Servern in den USA gespeichert und nicht an Dritte weitergegeben, au\u00dfer wenn dies f\u00fcr den Systembetrieb erforderlich oder gesetzlich vorgeschrieben ist. Laut Google wird Ihre IP-Adresse nicht gespeichert. Google Inc. ist ein Unternehmen, das dem EU-US-Datenschutzschild beigetreten ist. Dieser garantiert, dass alle \u00fcbertragenen Daten gem\u00e4\u00df den europ\u00e4ischen Datenschutzbestimmungen gesch\u00fctzt werden. Weitere Informationen hierzu finden Sie hier. <a href=\"http:\/\/safeharbor.export.gov\/companyinfo.aspx?id=16626\" target=\"_blank\">in diesem Link<\/a>. Wenn Sie Informationen dar\u00fcber w\u00fcnschen, wie Google Cookies verwendet <a href=\"https:\/\/developers.google.com\/analytics\/devguides\/collection\/analyticsjs\/cookie-usage?hl=es&#038;csw=1\" target=\"_blank\">Wir haben diesen weiteren Link beigef\u00fcgt.<\/a>.\n\t\t<\/li>\n<li>\n\t\t\tBei Fragen oder Anmerkungen zu dieser Richtlinie wenden Sie sich bitte an uns. <em>Cookies<\/em> Sie k\u00f6nnen uns gerne \u00fcber den Kontaktbereich kontaktieren.<\/a>\n\t\t<\/li>\n<\/ul>","protected":false},"excerpt":{"rendered":"<p>Pol\u00edtica de cookies Una cookie es un peque\u00f1o fichero de texto que se almacena en su navegador cuando visita casi cualquier p\u00e1gina web. Su utilidad es que la web sea capaz de recordar su visita cuando vuelva a navegar por esa p\u00e1gina. Las cookies suelen&#8230;<\/p>","protected":false},"author":1,"featured_media":0,"parent":0,"menu_order":0,"comment_status":"closed","ping_status":"closed","template":"","meta":{"bwfblock_default_font":"","footnotes":""},"class_list":["post-5051","page","type-page","status-publish","hentry"],"yoast_head":"<!-- This site is optimized with the Yoast SEO Premium plugin v23.0 (Yoast SEO v27.2) - https:\/\/yoast.com\/product\/yoast-seo-premium-wordpress\/ -->\n<title>Pol\u00edtica de cookies<\/title>\n<meta name=\"description\" content=\"Pol\u00edtica de cookies empleada en nuestra web Genehtik de semillas de marihuana.\" \/>\n<meta name=\"robots\" content=\"index, follow, max-snippet:-1, max-image-preview:large, max-video-preview:-1\" \/>\n<link rel=\"canonical\" href=\"https:\/\/genehtik.com\/de\/politica-de-cookies\/\" \/>\n<meta property=\"og:locale\" content=\"de_DE\" \/>\n<meta property=\"og:type\" content=\"article\" \/>\n<meta property=\"og:title\" content=\"Pol\u00edtica de cookies\" \/>\n<meta property=\"og:description\" content=\"Pol\u00edtica de cookies empleada en nuestra web Genehtik de semillas de marihuana.\" \/>\n<meta property=\"og:url\" content=\"https:\/\/genehtik.com\/de\/politica-de-cookies\/\" \/>\n<meta property=\"og:site_name\" content=\"Genehtik\" \/>\n<meta property=\"article:publisher\" content=\"http:\/\/www.facebook.com\/Genehtik\" \/>\n<meta property=\"article:modified_time\" content=\"2015-10-02T11:26:27+00:00\" \/>\n<meta name=\"twitter:card\" content=\"summary_large_image\" \/>\n<meta name=\"twitter:site\" content=\"@GenehtikEs\" \/>\n<meta name=\"twitter:label1\" content=\"Gesch\u00e4tzte Lesezeit\" \/>\n\t<meta name=\"twitter:data1\" content=\"3\u00a0Minuten\" \/>\n<script type=\"application\/ld+json\" class=\"yoast-schema-graph\">{\"@context\":\"https:\/\/schema.org\",\"@graph\":[{\"@type\":\"WebPage\",\"@id\":\"https:\/\/genehtik.com\/politica-de-cookies\/\",\"url\":\"https:\/\/genehtik.com\/politica-de-cookies\/\",\"name\":\"Pol\u00edtica de cookies\",\"isPartOf\":{\"@id\":\"https:\/\/genehtik.com\/#website\"},\"datePublished\":\"2015-07-09T09:37:38+00:00\",\"dateModified\":\"2015-10-02T11:26:27+00:00\",\"description\":\"Pol\u00edtica de cookies empleada en nuestra web Genehtik de semillas de marihuana.\",\"breadcrumb\":{\"@id\":\"https:\/\/genehtik.com\/politica-de-cookies\/#breadcrumb\"},\"inLanguage\":\"de\",\"potentialAction\":[{\"@type\":\"ReadAction\",\"target\":[\"https:\/\/genehtik.com\/politica-de-cookies\/\"]}]},{\"@type\":\"BreadcrumbList\",\"@id\":\"https:\/\/genehtik.com\/politica-de-cookies\/#breadcrumb\",\"itemListElement\":[{\"@type\":\"ListItem\",\"position\":1,\"name\":\"Home\",\"item\":\"https:\/\/genehtik.com\/\"},{\"@type\":\"ListItem\",\"position\":2,\"name\":\"Pol\u00edtica de cookies\"}]},{\"@type\":\"WebSite\",\"@id\":\"https:\/\/genehtik.com\/#website\",\"url\":\"https:\/\/genehtik.com\/\",\"name\":\"Genehtik\",\"description\":\"Banco de semillas de cannabis feminizadas y autoflorecientes de calidad y garant\u00eda\",\"potentialAction\":[{\"@type\":\"SearchAction\",\"target\":{\"@type\":\"EntryPoint\",\"urlTemplate\":\"https:\/\/genehtik.com\/?s={search_term_string}\"},\"query-input\":{\"@type\":\"PropertyValueSpecification\",\"valueRequired\":true,\"valueName\":\"search_term_string\"}}],\"inLanguage\":\"de\"}]}<\/script>\n<!-- \/ Yoast SEO Premium plugin. -->","yoast_head_json":{"title":"Cookie-Richtlinie","description":"Pol\u00edtica de cookies empleada en nuestra web Genehtik de semillas de marihuana.","robots":{"index":"index","follow":"follow","max-snippet":"max-snippet:-1","max-image-preview":"max-image-preview:large","max-video-preview":"max-video-preview:-1"},"canonical":"https:\/\/genehtik.com\/de\/politica-de-cookies\/","og_locale":"de_DE","og_type":"article","og_title":"Pol\u00edtica de cookies","og_description":"Pol\u00edtica de cookies empleada en nuestra web Genehtik de semillas de marihuana.","og_url":"https:\/\/genehtik.com\/de\/politica-de-cookies\/","og_site_name":"Genehtik","article_publisher":"http:\/\/www.facebook.com\/Genehtik","article_modified_time":"2015-10-02T11:26:27+00:00","twitter_card":"summary_large_image","twitter_site":"@GenehtikEs","twitter_misc":{"Gesch\u00e4tzte Lesezeit":"3\u00a0Minuten"},"schema":{"@context":"https:\/\/schema.org","@graph":[{"@type":"WebPage","@id":"https:\/\/genehtik.com\/politica-de-cookies\/","url":"https:\/\/genehtik.com\/politica-de-cookies\/","name":"Cookie-Richtlinie","isPartOf":{"@id":"https:\/\/genehtik.com\/#website"},"datePublished":"2015-07-09T09:37:38+00:00","dateModified":"2015-10-02T11:26:27+00:00","description":"Pol\u00edtica de cookies empleada en nuestra web Genehtik de semillas de marihuana.","breadcrumb":{"@id":"https:\/\/genehtik.com\/politica-de-cookies\/#breadcrumb"},"inLanguage":"de","potentialAction":[{"@type":"ReadAction","target":["https:\/\/genehtik.com\/politica-de-cookies\/"]}]},{"@type":"BreadcrumbList","@id":"https:\/\/genehtik.com\/politica-de-cookies\/#breadcrumb","itemListElement":[{"@type":"ListItem","position":1,"name":"Home","item":"https:\/\/genehtik.com\/"},{"@type":"ListItem","position":2,"name":"Pol\u00edtica de cookies"}]},{"@type":"WebSite","@id":"https:\/\/genehtik.com\/#website","url":"https:\/\/genehtik.com\/","name":"Genehtik","description":"Hochwertige und garantierte feminisierte und selbstbl\u00fchende Cannabis-Samenbank","potentialAction":[{"@type":"SearchAction","target":{"@type":"EntryPoint","urlTemplate":"https:\/\/genehtik.com\/?s={search_term_string}"},"query-input":{"@type":"PropertyValueSpecification","valueRequired":true,"valueName":"search_term_string"}}],"inLanguage":"de"}]}},"_links":{"self":[{"href":"https:\/\/genehtik.com\/de\/wp-json\/wp\/v2\/pages\/5051","targetHints":{"allow":["GET"]}}],"collection":[{"href":"https:\/\/genehtik.com\/de\/wp-json\/wp\/v2\/pages"}],"about":[{"href":"https:\/\/genehtik.com\/de\/wp-json\/wp\/v2\/types\/page"}],"author":[{"embeddable":true,"href":"https:\/\/genehtik.com\/de\/wp-json\/wp\/v2\/users\/1"}],"replies":[{"embeddable":true,"href":"https:\/\/genehtik.com\/de\/wp-json\/wp\/v2\/comments?post=5051"}],"version-history":[{"count":1,"href":"https:\/\/genehtik.com\/de\/wp-json\/wp\/v2\/pages\/5051\/revisions"}],"predecessor-version":[{"id":5052,"href":"https:\/\/genehtik.com\/de\/wp-json\/wp\/v2\/pages\/5051\/revisions\/5052"}],"wp:attachment":[{"href":"https:\/\/genehtik.com\/de\/wp-json\/wp\/v2\/media?parent=5051"}],"curies":[{"name":"wp","href":"https:\/\/api.w.org\/{rel}","templated":true}]}}