{"id":16273,"date":"2018-03-13T12:18:00","date_gmt":"2018-03-13T12:18:00","guid":{"rendered":"https:\/\/clon.genehtik.com\/?post_type=product&#038;p=16273"},"modified":"2026-04-07T09:58:11","modified_gmt":"2026-04-07T09:58:11","slug":"blubonik","status":"publish","type":"product","link":"https:\/\/genehtik.com\/de\/produkt\/blubonik\/","title":{"rendered":"Blubonik"},"content":{"rendered":"<div class=\"wpb-content-wrapper\"><div class=\"vc_row wpb_row vc_row-fluid edgtf-section edgtf-content-aligment-left\" style=\"\"><div class=\"clearfix edgtf-full-section-inner\"><div class=\"wpb_column vc_column_container vc_col-sm-12\"><div class=\"vc_column-inner\"><div class=\"wpb_wrapper\"><div class=\"vc_empty_space\"   style=\"height: 20px\"><span class=\"vc_empty_space_inner\"><\/span><\/div><\/div><\/div><\/div><\/div><\/div><div class=\"vc_row wpb_row vc_row-fluid edgtf-section edgtf-content-aligment-center\" style=\"\"><div class=\"clearfix edgtf-full-section-inner\"><div class=\"wpb_column vc_column_container vc_col-sm-6 vc_col-has-fill\"><div class=\"vc_column-inner vc_custom_1770812384009\"><div class=\"wpb_wrapper\">\n<div class=\"edgtf-section-title edgtf-section-align-center\" style=\"color: #00a94f;font-size: 28px\">\n\tEigenschaften\t<\/div><div class=\"vc_empty_space\"   style=\"height: 20px\"><span class=\"vc_empty_space_inner\"><\/span><\/div>\n\t<div class=\"wpb_text_column wpb_content_element\" >\n\t\t<div class=\"wpb_wrapper\">\n\t\t\t<p style=\"text-align: center;\"><span style=\"color: #00a94f;\"><strong>Genetik<\/strong><\/span><\/p>\n\n\t\t<\/div>\n\t<\/div>\n\n\t<div class=\"wpb_text_column wpb_content_element\" >\n\t\t<div class=\"wpb_wrapper\">\n\t\t\t<p style=\"text-align: center;\">Kootenay-Heidelbeere<\/p>\n\n\t\t<\/div>\n\t<\/div>\n\n\t<div class=\"wpb_text_column wpb_content_element\" >\n\t\t<div class=\"wpb_wrapper\">\n\t\t\t<p style=\"text-align: center;\"><span style=\"color: #00a94f;\"><strong>Kerl<\/strong><\/span><\/p>\n\n\t\t<\/div>\n\t<\/div>\n\n\t<div class=\"wpb_text_column wpb_content_element\" >\n\t\t<div class=\"wpb_wrapper\">\n\t\t\t<p style=\"text-align: center;\">Indica (80% Indica \/ 20% Sativa)<\/p>\n\n\t\t<\/div>\n\t<\/div>\n\n\t<div class=\"wpb_text_column wpb_content_element\" >\n\t\t<div class=\"wpb_wrapper\">\n\t\t\t<p style=\"text-align: center;\"><span style=\"color: #00a94f;\"><strong>Inl\u00e4ndische Produktion<\/strong><\/span><\/p>\n\n\t\t<\/div>\n\t<\/div>\n\n\t<div class=\"wpb_text_column wpb_content_element\" >\n\t\t<div class=\"wpb_wrapper\">\n\t\t\t<p style=\"text-align: center;\">450-500 g\/m\u00b2<\/p>\n\n\t\t<\/div>\n\t<\/div>\n\n\t<div class=\"wpb_text_column wpb_content_element\" >\n\t\t<div class=\"wpb_wrapper\">\n\t\t\t<p style=\"text-align: center;\"><span style=\"color: #00a94f;\"><strong>Externe Produktion<\/strong><\/span><\/p>\n\n\t\t<\/div>\n\t<\/div>\n\n\t<div class=\"wpb_text_column wpb_content_element\" >\n\t\t<div class=\"wpb_wrapper\">\n\t\t\t<p style=\"text-align: center;\">1000-1300 g\/Pflanze<\/p>\n\n\t\t<\/div>\n\t<\/div>\n\n\t<div class=\"wpb_text_column wpb_content_element\" >\n\t\t<div class=\"wpb_wrapper\">\n\t\t\t<p style=\"text-align: center;\"><span style=\"color: #00a94f;\"><strong>Bl\u00fcte in Innenr\u00e4umen<\/strong><\/span><\/p>\n\n\t\t<\/div>\n\t<\/div>\n\n\t<div class=\"wpb_text_column wpb_content_element\" >\n\t\t<div class=\"wpb_wrapper\">\n\t\t\t<p style=\"text-align: center;\">60-65 Tage<\/p>\n\n\t\t<\/div>\n\t<\/div>\n\n\t<div class=\"wpb_text_column wpb_content_element\" >\n\t\t<div class=\"wpb_wrapper\">\n\t\t\t<p style=\"text-align: center;\"><span style=\"color: #00a94f;\"><strong>Freilandernte<\/strong><\/span><\/p>\n\n\t\t<\/div>\n\t<\/div>\n\n\t<div class=\"wpb_text_column wpb_content_element\" >\n\t\t<div class=\"wpb_wrapper\">\n\t\t\t<p style=\"text-align: center;\">Nordhalbkugel: Oktober<\/p>\n\n\t\t<\/div>\n\t<\/div>\n\n\t<div class=\"wpb_text_column wpb_content_element\" >\n\t\t<div class=\"wpb_wrapper\">\n\t\t\t<p style=\"text-align: center;\">S\u00fcdhalbkugel: April<\/p>\n\n\t\t<\/div>\n\t<\/div>\n<div class=\"vc_empty_space\"   style=\"height: 20px\"><span class=\"vc_empty_space_inner\"><\/span><\/div><\/div><\/div><\/div><div class=\"wpb_column vc_column_container vc_col-sm-6\"><div class=\"vc_column-inner\"><div class=\"wpb_wrapper\">\n<div class=\"edgtf-section-title edgtf-section-align-center\" style=\"color: #00a94f;font-size: 28px\">\n\tOptimale Bedingungen\t<\/div><div class=\"vc_empty_space\"   style=\"height: 20px\"><span class=\"vc_empty_space_inner\"><\/span><\/div>\n    <span class=\"edgtf-icon-shortcode circle edgtf-icon-medium\"  >\n        \n        <i class=\"edgtf-icon-font-awesome fa fa-book edgtf-icon-element\" style=\"\" ><\/i>\n            <\/span>\n\n<div class=\"vc_empty_space\"   style=\"height: 20px\"><span class=\"vc_empty_space_inner\"><\/span><\/div>\n\t<div class=\"wpb_text_column wpb_content_element\" >\n\t\t<div class=\"wpb_wrapper\">\n\t\t\t<p style=\"text-align: center;\"><em>F\u00fcr eine optimale Entwicklung und maximale Leistung in Bezug auf Geschmack, Aroma, Wirkung und Ertrag konsultieren Sie die optimalen Anbaubedingungen.<\/em><\/p>\n\n\t\t<\/div>\n\t<\/div>\n<div class=\"vc_empty_space\"   style=\"height: 20px\"><span class=\"vc_empty_space_inner\"><\/span><\/div>\t<div class=\"edgtf-call-to-action edgtf-cta-standard\" >\n\t\t\t\t\t<div class=\"edgtf-call-to-action-row-50-50 clearfix\" style=\"padding: 20px;\">\n\t\t\t\t<div class=\"edgtf-text-wrapper edgtf-call-to-action-column1 edgtf-call-to-action-cell\">\n\t\t\t\t\t<div class=\"edgtf-call-to-action-text\" >Anbauparameter<\/div>\n\t\t\t\t<\/div>\n\t\t\t\t<div class=\"edgtf-button-wrapper edgtf-call-to-action-column2 edgtf-call-to-action-cell\" style =\"text-align: center ;\">\n\t\t\t\t\t<a href=\"https:\/\/genehtik.com\/de\/condiciones-optimas-cultivo\/\" target=\"_self\" style=\"color: #ffffff;background-color: #00a94f\" class=\"edgtf-btn edgtf-btn-large edgtf-btn-solid-white edgtf-btn-custom-hover-bg edgtf-btn-custom-hover-color\" data-hover-bg-color=\"#ffffff\" data-hover-color=\"#00a94f\" >\t\t\t<span class=\"edgtf-btn-text\">Konsultieren<\/span>\t    <\/a>\t\t\t\t<\/div>\n\t\t\t<\/div>\n\t\t\t<\/div>\n<\/div><\/div><\/div><\/div><\/div><div class=\"vc_row wpb_row vc_row-fluid edgtf-section edgtf-content-aligment-left\" style=\"\"><div class=\"clearfix edgtf-full-section-inner\"><div class=\"wpb_column vc_column_container vc_col-sm-12\"><div class=\"vc_column-inner\"><div class=\"wpb_wrapper\"><div class=\"vc_empty_space\"   style=\"height: 20px\"><span class=\"vc_empty_space_inner\"><\/span><\/div>\n\t<div class=\"wpb_text_column wpb_content_element\" >\n\t\t<div class=\"wpb_wrapper\">\n\t\t\t<h3>URSPRUNG UND KREUZUNG<\/h3>\n<p>BLUBONIK ist das Ergebnis der Arbeit mit einer unserer kanadischen Genetiklinien, die seit den Anf\u00e4ngen von GENETHIK erhalten geblieben ist.<\/p>\n<p>Es handelt sich um eine Kreuzung der bekannten KOOTENAY-HEIDELBEERE mit einer anderen HEIDELBEERE, die wir feminisiert haben, um diese Sorte zu kreieren, wobei die Aroma- und Geschmackseigenschaften ihrer Eltern erhalten blieben.<\/p>\n<h3>ASPEKT<\/h3>\n<p>Es handelt sich um eine mittelgro\u00dfe Pflanze mit kr\u00e4ftigem Wuchs und gro\u00dfen Bl\u00e4ttern. W\u00e4hrend der Bl\u00fctezeit bildet sie sehr dichte, lange Bl\u00fctenst\u00e4nde mit reichlich Harz. Die Bl\u00fctezeit betr\u00e4gt etwa 8 bis 9 Wochen.<\/p>\n<h3>AROMA UND GESCHMACK<\/h3>\n<p>Geschmack und Aroma von Blaubeeren und Waldfr\u00fcchten, Klassiker der Blaubeerfamilie.<\/p>\n<h3>WIRKUNG<\/h3>\n<p>Seine Wirkung ist sehr stark, eindeutig Indica-typisch, und seine Potenz ist f\u00fcr diejenigen, die eine mildere Wirkung suchen, nicht empfehlenswert. Es handelt sich um eine stark narkotische Pflanze.<\/p>\n\n\t\t<\/div>\n\t<\/div>\n<div class=\"vc_empty_space\"   style=\"height: 30px\"><span class=\"vc_empty_space_inner\"><\/span><\/div>\n<div class=\"edgtf-section-title edgtf-section-align-left\" style=\"color: #00a94f;font-size: 32px\">\n\tTHC- und CBD-Gehalt\t<\/div><div class=\"vc_empty_space\"   style=\"height: 10px\"><span class=\"vc_empty_space_inner\"><\/span><\/div><\/div><\/div><\/div><\/div><\/div><div class=\"vc_row wpb_row vc_row-fluid edgtf-section vc_custom_1770812395563 edgtf-content-aligment-left\" style=\"\"><div class=\"clearfix edgtf-full-section-inner\"><div class=\"wpb_column vc_column_container vc_col-sm-12\"><div class=\"vc_column-inner\"><div class=\"wpb_wrapper\"><div class=\"vc_empty_space\"   style=\"height: 20px\"><span class=\"vc_empty_space_inner\"><\/span><\/div><\/div><\/div><\/div><\/div><\/div><div class=\"vc_row wpb_row vc_row-fluid edgtf-section vc_custom_1770812403741 edgtf-content-aligment-left\" style=\"\"><div class=\"clearfix edgtf-full-section-inner\"><div class=\"wpb_column vc_column_container vc_col-sm-6\"><div class=\"vc_column-inner\"><div class=\"wpb_wrapper\">\n<div class=\"edgtf-section-title edgtf-section-align-center edgtf-section-blink\" style=\"color: #81d742;font-size: 28px\">\n\tTHC-Bereich<span class=\"edgtf-section-highlighted\" >(19% - 21%)<\/span>\t<\/div><div class=\"vc_empty_space\"   style=\"height: 20px\"><span class=\"vc_empty_space_inner\"><\/span><\/div><div class=\"vc_row wpb_row vc_inner vc_row-fluid edgtf-section edgtf-content-aligment-left\" style=\"\"><div class=\"edgtf-full-section-inner\"><div class=\"wpb_column vc_column_container vc_col-sm-6\"><div class=\"vc_column-inner\"><div class=\"wpb_wrapper\"><div class=\"edgtf-pie-chart-with-icon-holder\">\n\t<div class=\"edgtf-percentage-with-icon\" data-percent=\"52\">\n\t\t<i class=\"edgtf-icon-font-awesome fa\" style=\"\" ><\/i>\t<\/div>\n\t<div class=\"edgtf-pie-chart-text\" >\n\t\t<h5 class=\"edgtf-pie-title\">\n\t\t\t19%\t\t<\/h5>\n\t\t<p><\/p>\n\t<\/div>\n<\/div><\/div><\/div><\/div><div class=\"wpb_column vc_column_container vc_col-sm-6\"><div class=\"vc_column-inner\"><div class=\"wpb_wrapper\"><div class=\"edgtf-pie-chart-with-icon-holder\">\n\t<div class=\"edgtf-percentage-with-icon\" data-percent=\"65\">\n\t\t<i class=\"edgtf-icon-font-awesome fa\" style=\"\" ><\/i>\t<\/div>\n\t<div class=\"edgtf-pie-chart-text\" >\n\t\t<h5 class=\"edgtf-pie-title\">\n\t\t\t21%\t\t<\/h5>\n\t\t<p><\/p>\n\t<\/div>\n<\/div><\/div><\/div><\/div><\/div><\/div><\/div><\/div><\/div><div class=\"wpb_column vc_column_container vc_col-sm-6\"><div class=\"vc_column-inner\"><div class=\"wpb_wrapper\">\n<div class=\"edgtf-section-title edgtf-section-align-center edgtf-section-blink\" style=\"color: #81d742;font-size: 28px\">\n\tCBD-Sortiment<span class=\"edgtf-section-highlighted\" >(0,2% - 0,5%)<\/span>\t<\/div><div class=\"vc_empty_space\"   style=\"height: 20px\"><span class=\"vc_empty_space_inner\"><\/span><\/div><div class=\"vc_row wpb_row vc_inner vc_row-fluid edgtf-section edgtf-content-aligment-left\" style=\"\"><div class=\"edgtf-full-section-inner\"><div class=\"wpb_column vc_column_container vc_col-sm-6\"><div class=\"vc_column-inner\"><div class=\"wpb_wrapper\"><div class=\"edgtf-pie-chart-with-icon-holder\">\n\t<div class=\"edgtf-percentage-with-icon\" data-percent=\"10\">\n\t\t<i class=\"edgtf-icon-font-awesome fa\" style=\"\" ><\/i>\t<\/div>\n\t<div class=\"edgtf-pie-chart-text\" >\n\t\t<h5 class=\"edgtf-pie-title\">\n\t\t\t0,2%\t\t<\/h5>\n\t\t<p><\/p>\n\t<\/div>\n<\/div><\/div><\/div><\/div><div class=\"wpb_column vc_column_container vc_col-sm-6\"><div class=\"vc_column-inner\"><div class=\"wpb_wrapper\"><div class=\"edgtf-pie-chart-with-icon-holder\">\n\t<div class=\"edgtf-percentage-with-icon\" data-percent=\"25\">\n\t\t<i class=\"edgtf-icon-font-awesome fa\" style=\"\" ><\/i>\t<\/div>\n\t<div class=\"edgtf-pie-chart-text\" >\n\t\t<h5 class=\"edgtf-pie-title\">\n\t\t\t0,5%\t\t<\/h5>\n\t\t<p><\/p>\n\t<\/div>\n<\/div><\/div><\/div><\/div><\/div><\/div><\/div><\/div><\/div><\/div><\/div><div class=\"vc_row wpb_row vc_row-fluid edgtf-section edgtf-content-aligment-left\" style=\"\"><div class=\"clearfix edgtf-full-section-inner\"><div class=\"wpb_column vc_column_container vc_col-sm-12\"><div class=\"vc_column-inner\"><div class=\"wpb_wrapper\"><div class=\"vc_empty_space\"   style=\"height: 30px\"><span class=\"vc_empty_space_inner\"><\/span><\/div><div class=\"edgtf-separator-holder clearfix  edgtf-separator-center edgtf-separator-full-width\">\n\t<div class=\"edgtf-separator\" ><\/div>\n<\/div>\n<div class=\"vc_empty_space\"   style=\"height: 30px\"><span class=\"vc_empty_space_inner\"><\/span><\/div>\n\t<div class=\"wpb_text_column wpb_content_element\" >\n\t\t<div class=\"wpb_wrapper\">\n\t\t\t<h2 style=\"text-align: center;\">Ursprung des BLUBONIK-Marihuanasamens<\/h2>\n\n\t\t<\/div>\n\t<\/div>\n\n\t<div class=\"wpb_video_widget wpb_content_element vc_clearfix   vc_custom_1775555865407 vc_video-aspect-ratio-169 vc_video-el-width-100 vc_video-align-left\" >\n\t\t<div class=\"wpb_wrapper\">\n\t\t\t\n\t\t\t<div class=\"wpb_video_wrapper\"><div class=\"lazyload smush-lazyload-video smush-lazyload-vimeo\" style=\"--smush-video-aspect-ratio: 500\/281\" data-bg-image=\"url(https:\/\/i.vimeocdn.com\/video\/1166581387-26f58c160aee7246c8132f36a30bb7bfcb1577ec86701bd7bd612e46ef3588d3-d_640?region=us)\" ><iframe title=\"Herkunft des Cannabissamens Blubonik\" data-src=\"https:\/\/player.vimeo.com\/video\/564326215?dnt=1&amp;app_id=122963\" width=\"500\" height=\"281\" frameborder=\"0\" allow=\"autoplay; fullscreen; picture-in-picture\" src=\"data:image\/svg+xml;base64,PHN2ZyB3aWR0aD0iMSIgaGVpZ2h0PSIxIiB4bWxucz0iaHR0cDovL3d3dy53My5vcmcvMjAwMC9zdmciPjwvc3ZnPg==\"><\/iframe><span class=\"smush-play-btn\" role=\"button\" aria-label=\"Play video\">\r\n\t\t\t\t<span tabindex=\"0\" class=\"smush-play-btn-inner\">\r\n\t\t\t\t\t<span>Play<\/span>\r\n\t\t\t\t<\/span>\r\n\t\t\t<\/span><\/div><\/div>\n\t\t<\/div>\n\t<\/div>\n<div class=\"vc_empty_space\"   style=\"height: 30px\"><span class=\"vc_empty_space_inner\"><\/span><\/div><div class=\"edgtf-separator-holder clearfix  edgtf-separator-center edgtf-separator-full-width\">\n\t<div class=\"edgtf-separator\" ><\/div>\n<\/div>\n<div class=\"vc_empty_space\"   style=\"height: 30px\"><span class=\"vc_empty_space_inner\"><\/span><\/div>\n\t<div class=\"wpb_text_column wpb_content_element\" >\n\t\t<div class=\"wpb_wrapper\">\n\t\t\t<h2 style=\"text-align: center;\">BLUBONIK Marihuana-Samen-Video<\/h2>\n\n\t\t<\/div>\n\t<\/div>\n<\/div><\/div><\/div><\/div><\/div><div class=\"vc_row wpb_row vc_row-fluid edgtf-section edgtf-content-aligment-left\" style=\"\"><div class=\"clearfix edgtf-full-section-inner\"><div class=\"wpb_column vc_column_container vc_col-sm-12\"><div class=\"vc_column-inner\"><div class=\"wpb_wrapper\">\n\t<div class=\"wpb_video_widget wpb_content_element vc_clearfix   vc_custom_1775555872231 vc_video-aspect-ratio-169 vc_video-el-width-100 vc_video-align-left\" >\n\t\t<div class=\"wpb_wrapper\">\n\t\t\t\n\t\t\t<div class=\"wpb_video_wrapper\"><div class=\"lazyload smush-lazyload-video smush-lazyload-vimeo\" style=\"--smush-video-aspect-ratio: 500\/281\" data-bg-image=\"url(https:\/\/i.vimeocdn.com\/video\/790843323-877ed24550f8046e72fe7703a7ea7439377645a3c9d0fdfecf26e83f755caa2e-d_640?region=us)\" ><iframe title=\"Blubonik - feminisierter Cannabissamen\" data-src=\"https:\/\/player.vimeo.com\/video\/342061045?dnt=1&amp;app_id=122963\" width=\"500\" height=\"281\" frameborder=\"0\" allow=\"autoplay; fullscreen; picture-in-picture\" src=\"data:image\/svg+xml;base64,PHN2ZyB3aWR0aD0iMSIgaGVpZ2h0PSIxIiB4bWxucz0iaHR0cDovL3d3dy53My5vcmcvMjAwMC9zdmciPjwvc3ZnPg==\"><\/iframe><span class=\"smush-play-btn\" role=\"button\" aria-label=\"Play video\">\r\n\t\t\t\t<span tabindex=\"0\" class=\"smush-play-btn-inner\">\r\n\t\t\t\t\t<span>Play<\/span>\r\n\t\t\t\t<\/span>\r\n\t\t\t<\/span><\/div><\/div>\n\t\t<\/div>\n\t<\/div>\n<div class=\"vc_empty_space\"   style=\"height: 50px\"><span class=\"vc_empty_space_inner\"><\/span><\/div><\/div><\/div><\/div><\/div><\/div>\n<\/div>","protected":false},"excerpt":{"rendered":"<p>Der feminisierte Marihuana-Samen Blubonik ist eine Kreuzung aus Kootenay Blueberry und einer anderen Blueberry-Sorte.<\/p>\n<p>Es zeichnet sich durch gro\u00dfe Bl\u00e4tter mit dicken Knospen und eine starke Wirkung aus.<\/p>\n<p>Diese Sorte hat ein Aroma und einen Geschmack nach Waldfr\u00fcchten.<\/p>\n<p>&nbsp;<\/p>","protected":false},"featured_media":18842,"template":"","meta":{"bwfblock_default_font":""},"product_brand":[],"product_cat":[515,8,6],"product_tag":[756,269,270,268,271,272,274],"class_list":{"0":"post-16273","1":"product","2":"type-product","3":"status-publish","4":"has-post-thumbnail","6":"product_cat-productos","7":"product_cat-semillas-de-marihuana","8":"product_cat-semillas-cannabis-feminizadas","9":"product_tag-blubonik","10":"product_tag-cannabis","11":"product_tag-marihuana","12":"product_tag-semillas","13":"product_tag-semillas-de-cannabis","14":"product_tag-semillas-de-marihuana","15":"product_tag-semillas-feminizadas","17":"first","18":"instock","19":"shipping-taxable","20":"purchasable","21":"product-type-variable","22":"has-default-attributes"},"yoast_head":"<!-- This site is optimized with the Yoast SEO Premium plugin v23.0 (Yoast SEO v27.2) - https:\/\/yoast.com\/product\/yoast-seo-premium-wordpress\/ -->\n<title>Blubonik - Comprar semillas de marihuana Blubonik feminizadas<\/title>\n<meta name=\"description\" content=\"Semilla de marihuana feminizada Blubonik. Cruce con Blueberry con aroma y sabor a frutos del bosque. Grandes hojas con cogollos gruesos y efecto fuerte.\" \/>\n<meta name=\"robots\" content=\"index, follow, max-snippet:-1, max-image-preview:large, max-video-preview:-1\" \/>\n<link rel=\"canonical\" href=\"https:\/\/genehtik.com\/de\/produkt\/blubonik\/\" \/>\n<meta property=\"og:locale\" content=\"de_DE\" \/>\n<meta property=\"og:type\" content=\"article\" \/>\n<meta property=\"og:title\" content=\"Blubonik\" \/>\n<meta property=\"og:description\" content=\"Semilla de marihuana feminizada Blubonik. Cruce con Blueberry con aroma y sabor a frutos del bosque. Grandes hojas con cogollos gruesos y efecto fuerte.\" \/>\n<meta property=\"og:url\" content=\"https:\/\/genehtik.com\/de\/produkt\/blubonik\/\" \/>\n<meta property=\"og:site_name\" content=\"Genehtik\" \/>\n<meta property=\"article:publisher\" content=\"http:\/\/www.facebook.com\/Genehtik\" \/>\n<meta property=\"article:modified_time\" content=\"2026-04-07T09:58:11+00:00\" \/>\n<meta property=\"og:image\" content=\"https:\/\/genehtik.com\/wp-content\/uploads\/2018\/03\/Blubonik-Genehtik.jpg\" \/>\n\t<meta property=\"og:image:width\" content=\"709\" \/>\n\t<meta property=\"og:image:height\" content=\"758\" \/>\n\t<meta property=\"og:image:type\" content=\"image\/jpeg\" \/>\n<meta name=\"twitter:card\" content=\"summary_large_image\" \/>\n<meta name=\"twitter:site\" content=\"@GenehtikEs\" \/>\n<meta name=\"twitter:label1\" content=\"Gesch\u00e4tzte Lesezeit\" \/>\n\t<meta name=\"twitter:data1\" content=\"2\u00a0Minuten\" \/>\n<script type=\"application\/ld+json\" class=\"yoast-schema-graph\">{\"@context\":\"https:\/\/schema.org\",\"@graph\":[{\"@type\":\"WebPage\",\"@id\":\"https:\/\/genehtik.com\/producto\/blubonik\/\",\"url\":\"https:\/\/genehtik.com\/producto\/blubonik\/\",\"name\":\"Blubonik - Comprar semillas de marihuana Blubonik feminizadas\",\"isPartOf\":{\"@id\":\"https:\/\/genehtik.com\/#website\"},\"primaryImageOfPage\":{\"@id\":\"https:\/\/genehtik.com\/producto\/blubonik\/#primaryimage\"},\"image\":{\"@id\":\"https:\/\/genehtik.com\/producto\/blubonik\/#primaryimage\"},\"thumbnailUrl\":\"https:\/\/genehtik.com\/wp-content\/uploads\/2018\/03\/Blubonik-Genehtik.jpg\",\"datePublished\":\"2018-03-13T12:18:00+00:00\",\"dateModified\":\"2026-04-07T09:58:11+00:00\",\"description\":\"Semilla de marihuana feminizada Blubonik. Cruce con Blueberry con aroma y sabor a frutos del bosque. Grandes hojas con cogollos gruesos y efecto fuerte.\",\"breadcrumb\":{\"@id\":\"https:\/\/genehtik.com\/producto\/blubonik\/#breadcrumb\"},\"inLanguage\":\"de\",\"potentialAction\":[{\"@type\":\"ReadAction\",\"target\":[\"https:\/\/genehtik.com\/producto\/blubonik\/\"]}]},{\"@type\":\"ImageObject\",\"inLanguage\":\"de\",\"@id\":\"https:\/\/genehtik.com\/producto\/blubonik\/#primaryimage\",\"url\":\"https:\/\/genehtik.com\/wp-content\/uploads\/2018\/03\/Blubonik-Genehtik.jpg\",\"contentUrl\":\"https:\/\/genehtik.com\/wp-content\/uploads\/2018\/03\/Blubonik-Genehtik.jpg\",\"width\":709,\"height\":758,\"caption\":\"Blubonik - Semilla de marihuana feminizada Blubonik\"},{\"@type\":\"BreadcrumbList\",\"@id\":\"https:\/\/genehtik.com\/producto\/blubonik\/#breadcrumb\",\"itemListElement\":[{\"@type\":\"ListItem\",\"position\":1,\"name\":\"Home\",\"item\":\"https:\/\/genehtik.com\/\"},{\"@type\":\"ListItem\",\"position\":2,\"name\":\"Comprar semillas de cannabis Genehtik\",\"item\":\"https:\/\/genehtik.com\/tienda\/\"},{\"@type\":\"ListItem\",\"position\":3,\"name\":\"Blubonik\"}]},{\"@type\":\"WebSite\",\"@id\":\"https:\/\/genehtik.com\/#website\",\"url\":\"https:\/\/genehtik.com\/\",\"name\":\"Genehtik\",\"description\":\"Banco de semillas de cannabis feminizadas y autoflorecientes de calidad y garant\u00eda\",\"potentialAction\":[{\"@type\":\"SearchAction\",\"target\":{\"@type\":\"EntryPoint\",\"urlTemplate\":\"https:\/\/genehtik.com\/?s={search_term_string}\"},\"query-input\":{\"@type\":\"PropertyValueSpecification\",\"valueRequired\":true,\"valueName\":\"search_term_string\"}}],\"inLanguage\":\"de\"}]}<\/script>\n<!-- \/ Yoast SEO Premium plugin. -->","yoast_head_json":{"title":"Blubonik - Comprar semillas de marihuana Blubonik feminizadas","description":"Semilla de marihuana feminizada Blubonik. Cruce con Blueberry con aroma y sabor a frutos del bosque. Grandes hojas con cogollos gruesos y efecto fuerte.","robots":{"index":"index","follow":"follow","max-snippet":"max-snippet:-1","max-image-preview":"max-image-preview:large","max-video-preview":"max-video-preview:-1"},"canonical":"https:\/\/genehtik.com\/de\/produkt\/blubonik\/","og_locale":"de_DE","og_type":"article","og_title":"Blubonik","og_description":"Semilla de marihuana feminizada Blubonik. Cruce con Blueberry con aroma y sabor a frutos del bosque. Grandes hojas con cogollos gruesos y efecto fuerte.","og_url":"https:\/\/genehtik.com\/de\/produkt\/blubonik\/","og_site_name":"Genehtik","article_publisher":"http:\/\/www.facebook.com\/Genehtik","article_modified_time":"2026-04-07T09:58:11+00:00","og_image":[{"width":709,"height":758,"url":"https:\/\/genehtik.com\/wp-content\/uploads\/2018\/03\/Blubonik-Genehtik.jpg","type":"image\/jpeg"}],"twitter_card":"summary_large_image","twitter_site":"@GenehtikEs","twitter_misc":{"Gesch\u00e4tzte Lesezeit":"2\u00a0Minuten"},"schema":{"@context":"https:\/\/schema.org","@graph":[{"@type":"WebPage","@id":"https:\/\/genehtik.com\/producto\/blubonik\/","url":"https:\/\/genehtik.com\/producto\/blubonik\/","name":"Blubonik - Comprar semillas de marihuana Blubonik feminizadas","isPartOf":{"@id":"https:\/\/genehtik.com\/#website"},"primaryImageOfPage":{"@id":"https:\/\/genehtik.com\/producto\/blubonik\/#primaryimage"},"image":{"@id":"https:\/\/genehtik.com\/producto\/blubonik\/#primaryimage"},"thumbnailUrl":"https:\/\/genehtik.com\/wp-content\/uploads\/2018\/03\/Blubonik-Genehtik.jpg","datePublished":"2018-03-13T12:18:00+00:00","dateModified":"2026-04-07T09:58:11+00:00","description":"Semilla de marihuana feminizada Blubonik. Cruce con Blueberry con aroma y sabor a frutos del bosque. Grandes hojas con cogollos gruesos y efecto fuerte.","breadcrumb":{"@id":"https:\/\/genehtik.com\/producto\/blubonik\/#breadcrumb"},"inLanguage":"de","potentialAction":[{"@type":"ReadAction","target":["https:\/\/genehtik.com\/producto\/blubonik\/"]}]},{"@type":"ImageObject","inLanguage":"de","@id":"https:\/\/genehtik.com\/producto\/blubonik\/#primaryimage","url":"https:\/\/genehtik.com\/wp-content\/uploads\/2018\/03\/Blubonik-Genehtik.jpg","contentUrl":"https:\/\/genehtik.com\/wp-content\/uploads\/2018\/03\/Blubonik-Genehtik.jpg","width":709,"height":758,"caption":"Blubonik - Semilla de marihuana feminizada Blubonik"},{"@type":"BreadcrumbList","@id":"https:\/\/genehtik.com\/producto\/blubonik\/#breadcrumb","itemListElement":[{"@type":"ListItem","position":1,"name":"Home","item":"https:\/\/genehtik.com\/"},{"@type":"ListItem","position":2,"name":"Comprar semillas de cannabis Genehtik","item":"https:\/\/genehtik.com\/tienda\/"},{"@type":"ListItem","position":3,"name":"Blubonik"}]},{"@type":"WebSite","@id":"https:\/\/genehtik.com\/#website","url":"https:\/\/genehtik.com\/","name":"Genehtik","description":"Hochwertige und garantierte feminisierte und selbstbl\u00fchende Cannabis-Samenbank","potentialAction":[{"@type":"SearchAction","target":{"@type":"EntryPoint","urlTemplate":"https:\/\/genehtik.com\/?s={search_term_string}"},"query-input":{"@type":"PropertyValueSpecification","valueRequired":true,"valueName":"search_term_string"}}],"inLanguage":"de"}]}},"_links":{"self":[{"href":"https:\/\/genehtik.com\/de\/wp-json\/wp\/v2\/product\/16273","targetHints":{"allow":["GET"]}}],"collection":[{"href":"https:\/\/genehtik.com\/de\/wp-json\/wp\/v2\/product"}],"about":[{"href":"https:\/\/genehtik.com\/de\/wp-json\/wp\/v2\/types\/product"}],"wp:featuredmedia":[{"embeddable":true,"href":"https:\/\/genehtik.com\/de\/wp-json\/wp\/v2\/media\/18842"}],"wp:attachment":[{"href":"https:\/\/genehtik.com\/de\/wp-json\/wp\/v2\/media?parent=16273"}],"wp:term":[{"taxonomy":"product_brand","embeddable":true,"href":"https:\/\/genehtik.com\/de\/wp-json\/wp\/v2\/product_brand?post=16273"},{"taxonomy":"product_cat","embeddable":true,"href":"https:\/\/genehtik.com\/de\/wp-json\/wp\/v2\/product_cat?post=16273"},{"taxonomy":"product_tag","embeddable":true,"href":"https:\/\/genehtik.com\/de\/wp-json\/wp\/v2\/product_tag?post=16273"}],"curies":[{"name":"wp","href":"https:\/\/api.w.org\/{rel}","templated":true}]}}