{"id":23462,"date":"2025-09-23T11:25:40","date_gmt":"2025-09-23T11:25:40","guid":{"rendered":"https:\/\/clon.genehtik.com\/?post_type=product&#038;p=23462"},"modified":"2026-04-07T09:43:38","modified_gmt":"2026-04-07T09:43:38","slug":"bilbo-pound-cake","status":"publish","type":"product","link":"https:\/\/genehtik.com\/de\/produkt\/bilbo-pound-cake\/","title":{"rendered":"Bilbo-Pfundkuchen"},"content":{"rendered":"<div class=\"wpb-content-wrapper\"><div class=\"vc_row wpb_row vc_row-fluid edgtf-section edgtf-content-aligment-left\" style=\"\"><div class=\"clearfix edgtf-full-section-inner\"><div class=\"wpb_column vc_column_container vc_col-sm-12\"><div class=\"vc_column-inner\"><div class=\"wpb_wrapper\"><div class=\"vc_empty_space\"   style=\"height: 20px\"><span class=\"vc_empty_space_inner\"><\/span><\/div><\/div><\/div><\/div><\/div><\/div><div class=\"vc_row wpb_row vc_row-fluid edgtf-section edgtf-content-aligment-center\" style=\"\"><div class=\"clearfix edgtf-full-section-inner\"><div class=\"wpb_column vc_column_container vc_col-sm-6 vc_col-has-fill\"><div class=\"vc_column-inner vc_custom_1770809384410\"><div class=\"wpb_wrapper\">\n<div class=\"edgtf-section-title edgtf-section-align-center\" style=\"color: #00a94f;font-size: 28px\">\n\tEigenschaften\t<\/div><div class=\"vc_empty_space\"   style=\"height: 20px\"><span class=\"vc_empty_space_inner\"><\/span><\/div>\n\t<div class=\"wpb_text_column wpb_content_element\" >\n\t\t<div class=\"wpb_wrapper\">\n\t\t\t<p style=\"text-align: center;\"><span style=\"color: #00a94f;\"><strong>Kerl<\/strong><\/span><\/p>\n\n\t\t<\/div>\n\t<\/div>\n\n\t<div class=\"wpb_text_column wpb_content_element\" >\n\t\t<div class=\"wpb_wrapper\">\n\t\t\t<p style=\"text-align: center;\">Indica (Indica \/ Sativa)<\/p>\n\n\t\t<\/div>\n\t<\/div>\n\n\t<div class=\"wpb_text_column wpb_content_element\" >\n\t\t<div class=\"wpb_wrapper\">\n\t\t\t<p style=\"text-align: center;\"><span style=\"color: #00a94f;\"><strong>Inl\u00e4ndische Produktion<\/strong><\/span><\/p>\n\n\t\t<\/div>\n\t<\/div>\n\n\t<div class=\"wpb_text_column wpb_content_element\" >\n\t\t<div class=\"wpb_wrapper\">\n\t\t\t<p style=\"text-align: center;\">450-500 g\/m\u00b2<\/p>\n\n\t\t<\/div>\n\t<\/div>\n\n\t<div class=\"wpb_text_column wpb_content_element\" >\n\t\t<div class=\"wpb_wrapper\">\n\t\t\t<p style=\"text-align: center;\"><span style=\"color: #00a94f;\"><strong>Externe Produktion<\/strong><\/span><\/p>\n\n\t\t<\/div>\n\t<\/div>\n\n\t<div class=\"wpb_text_column wpb_content_element\" >\n\t\t<div class=\"wpb_wrapper\">\n\t\t\t<p style=\"text-align: center;\">800-1000 g\/Pflanze<\/p>\n\n\t\t<\/div>\n\t<\/div>\n\n\t<div class=\"wpb_text_column wpb_content_element\" >\n\t\t<div class=\"wpb_wrapper\">\n\t\t\t<p style=\"text-align: center;\"><span style=\"color: #00a94f;\"><strong>Bl\u00fcte in Innenr\u00e4umen<\/strong><\/span><\/p>\n\n\t\t<\/div>\n\t<\/div>\n\n\t<div class=\"wpb_text_column wpb_content_element\" >\n\t\t<div class=\"wpb_wrapper\">\n\t\t\t<p style=\"text-align: center;\">56-63 Tage<\/p>\n\n\t\t<\/div>\n\t<\/div>\n\n\t<div class=\"wpb_text_column wpb_content_element\" >\n\t\t<div class=\"wpb_wrapper\">\n\t\t\t<p style=\"text-align: center;\"><span style=\"color: #00a94f;\"><strong>Freilandernte<\/strong><\/span><\/p>\n\n\t\t<\/div>\n\t<\/div>\n\n\t<div class=\"wpb_text_column wpb_content_element\" >\n\t\t<div class=\"wpb_wrapper\">\n\t\t\t<p style=\"text-align: center;\">Nordhalbkugel: September<\/p>\n\n\t\t<\/div>\n\t<\/div>\n\n\t<div class=\"wpb_text_column wpb_content_element\" >\n\t\t<div class=\"wpb_wrapper\">\n\t\t\t<p style=\"text-align: center;\">S\u00fcdhalbkugel: M\u00e4rz<\/p>\n\n\t\t<\/div>\n\t<\/div>\n<div class=\"vc_empty_space\"   style=\"height: 20px\"><span class=\"vc_empty_space_inner\"><\/span><\/div><\/div><\/div><\/div><div class=\"wpb_column vc_column_container vc_col-sm-6\"><div class=\"vc_column-inner\"><div class=\"wpb_wrapper\">\n<div class=\"edgtf-section-title edgtf-section-align-center\" style=\"color: #00a94f;font-size: 28px\">\n\tOptimale Bedingungen\t<\/div><div class=\"vc_empty_space\"   style=\"height: 20px\"><span class=\"vc_empty_space_inner\"><\/span><\/div>\n    <span class=\"edgtf-icon-shortcode circle edgtf-icon-medium\"  >\n        \n        <i class=\"edgtf-icon-font-awesome fa fa-book edgtf-icon-element\" style=\"\" ><\/i>\n            <\/span>\n\n<div class=\"vc_empty_space\"   style=\"height: 20px\"><span class=\"vc_empty_space_inner\"><\/span><\/div>\n\t<div class=\"wpb_text_column wpb_content_element\" >\n\t\t<div class=\"wpb_wrapper\">\n\t\t\t<p style=\"text-align: center;\"><em>F\u00fcr eine optimale Entwicklung und maximale Leistung in Bezug auf Geschmack, Aroma, Wirkung und Ertrag konsultieren Sie die optimalen Anbaubedingungen.<\/em><\/p>\n\n\t\t<\/div>\n\t<\/div>\n<div class=\"vc_empty_space\"   style=\"height: 20px\"><span class=\"vc_empty_space_inner\"><\/span><\/div>\t<div class=\"edgtf-call-to-action edgtf-cta-standard\" >\n\t\t\t\t\t<div class=\"edgtf-call-to-action-row-50-50 clearfix\" style=\"padding: 20px;\">\n\t\t\t\t<div class=\"edgtf-text-wrapper edgtf-call-to-action-column1 edgtf-call-to-action-cell\">\n\t\t\t\t\t<div class=\"edgtf-call-to-action-text\" >Anbauparameter<\/div>\n\t\t\t\t<\/div>\n\t\t\t\t<div class=\"edgtf-button-wrapper edgtf-call-to-action-column2 edgtf-call-to-action-cell\" style =\"text-align: center ;\">\n\t\t\t\t\t<a href=\"https:\/\/genehtik.com\/de\/condiciones-optimas-cultivo\/\" target=\"_self\" style=\"color: #ffffff;background-color: #00a94f\" class=\"edgtf-btn edgtf-btn-large edgtf-btn-solid-white edgtf-btn-custom-hover-bg edgtf-btn-custom-hover-color\" data-hover-bg-color=\"#ffffff\" data-hover-color=\"#00a94f\" >\t\t\t<span class=\"edgtf-btn-text\">konsultieren<\/span>\t    <\/a>\t\t\t\t<\/div>\n\t\t\t<\/div>\n\t\t\t<\/div>\n<\/div><\/div><\/div><\/div><\/div><div class=\"vc_row wpb_row vc_row-fluid edgtf-section edgtf-content-aligment-left\" style=\"\"><div class=\"clearfix edgtf-full-section-inner\"><div class=\"wpb_column vc_column_container vc_col-sm-12\"><div class=\"vc_column-inner\"><div class=\"wpb_wrapper\"><div class=\"vc_empty_space\"   style=\"height: 20px\"><span class=\"vc_empty_space_inner\"><\/span><\/div>\n\t<div class=\"wpb_text_column wpb_content_element\" >\n\t\t<div class=\"wpb_wrapper\">\n\t\t\t<h3>URSPRUNG UND KREUZUNG<\/h3>\n<p>&nbsp;<\/p>\n<p>BILBO POUND CAKE ist unsere Version der s\u00fc\u00dfen Indica-Sorte LONDON POUND CAKE.<\/p>\n<p>Es handelt sich um eine Hybrid-Sorte, die aus der Kreuzung der bekannten Sorte SUNSET SHERBET mit einer anderen potenten Indica entstanden ist.<\/p>\n<p>&nbsp;<\/p>\n<h3>ASPEKT<\/h3>\n<p>&nbsp;<\/p>\n<p>Diese Sorte ist einfach anzubauen, erreicht eine mittlere Gr\u00f6\u00dfe und produziert dichte, harzreiche Bl\u00fcten mit s\u00fc\u00dfem Aroma. Sie bl\u00fcht recht schnell (8 bis 9 Wochen) und liefert im Indoor-Anbau einen Ertrag von ca. 500 g\/m\u00b2. Sie eignet sich hervorragend f\u00fcr den SCROG-Anbau.<\/p>\n<p>&nbsp;<\/p>\n<h3>AROMA UND GESCHMACK<\/h3>\n<p>&nbsp;<\/p>\n<p>Es ist die perfekte Pflanze f\u00fcr Anf\u00e4nger und Experten, die s\u00fc\u00dfe, erdige und w\u00fcrzige Aromen sowie eine schnelle und gute Ernte suchen.<\/p>\n<p>&nbsp;<\/p>\n<h3>WIRKUNG<\/h3>\n<p>&nbsp;<\/p>\n<p>Seine klassische narkotische Wirkung als Indica und sein THC-Gehalt liegen bei etwa 241 \u00b5g\/ml bzw. 32 \u00b5g\/ml.<\/p>\n\n\t\t<\/div>\n\t<\/div>\n<\/div><\/div><\/div><\/div><\/div><div class=\"vc_row wpb_row vc_row-fluid edgtf-section edgtf-content-aligment-left\" style=\"\"><div class=\"clearfix edgtf-full-section-inner\"><div class=\"wpb_column vc_column_container vc_col-sm-12\"><div class=\"vc_column-inner\"><div class=\"wpb_wrapper\"><div class=\"vc_empty_space\"   style=\"height: 30px\"><span class=\"vc_empty_space_inner\"><\/span><\/div>\n<div class=\"edgtf-section-title edgtf-section-align-left\" style=\"color: #00a94f;font-size: 32px\">\n\tTHC- und CBD-Gehalt\t<\/div><div class=\"vc_empty_space\"   style=\"height: 10px\"><span class=\"vc_empty_space_inner\"><\/span><\/div><\/div><\/div><\/div><\/div><\/div><div class=\"vc_row wpb_row vc_row-fluid edgtf-section edgtf-content-aligment-left\" style=\"\"><div class=\"clearfix edgtf-full-section-inner\"><div class=\"wpb_column vc_column_container vc_col-sm-12 vc_col-has-fill\"><div class=\"vc_column-inner vc_custom_1770809491280\"><div class=\"wpb_wrapper\"><div class=\"vc_empty_space\"   style=\"height: 20px\"><span class=\"vc_empty_space_inner\"><\/span><\/div><\/div><\/div><\/div><\/div><\/div><div class=\"vc_row wpb_row vc_row-fluid edgtf-section vc_custom_1770809500021 edgtf-content-aligment-left\" style=\"\"><div class=\"clearfix edgtf-full-section-inner\"><div class=\"wpb_column vc_column_container vc_col-sm-6\"><div class=\"vc_column-inner\"><div class=\"wpb_wrapper\">\n<div class=\"edgtf-section-title edgtf-section-align-center\" style=\"color: #81d742;font-size: 28px\">\n\tTHC-Bereich<span class=\"edgtf-section-highlighted\" >(22% - 24%)<\/span>\t<\/div><div class=\"vc_empty_space\"   style=\"height: 20px\"><span class=\"vc_empty_space_inner\"><\/span><\/div><div class=\"vc_row wpb_row vc_inner vc_row-fluid edgtf-section edgtf-content-aligment-left\" style=\"\"><div class=\"edgtf-full-section-inner\"><div class=\"wpb_column vc_column_container vc_col-sm-6\"><div class=\"vc_column-inner\"><div class=\"wpb_wrapper\"><div class=\"edgtf-pie-chart-with-icon-holder\">\n\t<div class=\"edgtf-percentage-with-icon\" data-percent=\"65\">\n\t\t<i class=\"edgtf-icon-font-awesome fa\" style=\"\" ><\/i>\t<\/div>\n\t<div class=\"edgtf-pie-chart-text\" >\n\t\t<h5 class=\"edgtf-pie-title\">\n\t\t\t22%\t\t<\/h5>\n\t\t<p><\/p>\n\t<\/div>\n<\/div><\/div><\/div><\/div><div class=\"wpb_column vc_column_container vc_col-sm-6\"><div class=\"vc_column-inner\"><div class=\"wpb_wrapper\"><div class=\"edgtf-pie-chart-with-icon-holder\">\n\t<div class=\"edgtf-percentage-with-icon\" data-percent=\"71\">\n\t\t<i class=\"edgtf-icon-font-awesome fa\" style=\"\" ><\/i>\t<\/div>\n\t<div class=\"edgtf-pie-chart-text\" >\n\t\t<h5 class=\"edgtf-pie-title\">\n\t\t\t24%\t\t<\/h5>\n\t\t<p><\/p>\n\t<\/div>\n<\/div><\/div><\/div><\/div><\/div><\/div><\/div><\/div><\/div><div class=\"wpb_column vc_column_container vc_col-sm-6\"><div class=\"vc_column-inner\"><div class=\"wpb_wrapper\">\n<div class=\"edgtf-section-title edgtf-section-align-center\" style=\"color: #81d742;font-size: 28px\">\n\tCBD-Sortiment<span class=\"edgtf-section-highlighted\" >(0,2% - 0,5%)<\/span>\t<\/div><div class=\"vc_empty_space\"   style=\"height: 20px\"><span class=\"vc_empty_space_inner\"><\/span><\/div><div class=\"vc_row wpb_row vc_inner vc_row-fluid edgtf-section edgtf-content-aligment-left\" style=\"\"><div class=\"edgtf-full-section-inner\"><div class=\"wpb_column vc_column_container vc_col-sm-6\"><div class=\"vc_column-inner\"><div class=\"wpb_wrapper\"><div class=\"edgtf-pie-chart-with-icon-holder\">\n\t<div class=\"edgtf-percentage-with-icon\" data-percent=\"10\">\n\t\t<i class=\"edgtf-icon-font-awesome fa\" style=\"\" ><\/i>\t<\/div>\n\t<div class=\"edgtf-pie-chart-text\" >\n\t\t<h5 class=\"edgtf-pie-title\">\n\t\t\t0,2%\t\t<\/h5>\n\t\t<p><\/p>\n\t<\/div>\n<\/div><\/div><\/div><\/div><div class=\"wpb_column vc_column_container vc_col-sm-6\"><div class=\"vc_column-inner\"><div class=\"wpb_wrapper\"><div class=\"edgtf-pie-chart-with-icon-holder\">\n\t<div class=\"edgtf-percentage-with-icon\" data-percent=\"20\">\n\t\t<i class=\"edgtf-icon-font-awesome fa\" style=\"\" ><\/i>\t<\/div>\n\t<div class=\"edgtf-pie-chart-text\" >\n\t\t<h5 class=\"edgtf-pie-title\">\n\t\t\t0,5%\t\t<\/h5>\n\t\t<p><\/p>\n\t<\/div>\n<\/div><\/div><\/div><\/div><\/div><\/div><\/div><\/div><\/div><\/div><\/div><div class=\"vc_row wpb_row vc_row-fluid edgtf-section edgtf-content-aligment-left\" style=\"\"><div class=\"clearfix edgtf-full-section-inner\"><div class=\"wpb_column vc_column_container vc_col-sm-12\"><div class=\"vc_column-inner\"><div class=\"wpb_wrapper\"><div class=\"vc_empty_space\"   style=\"height: 30px\"><span class=\"vc_empty_space_inner\"><\/span><\/div><div class=\"edgtf-separator-holder clearfix  edgtf-separator-center edgtf-separator-full-width\">\n\t<div class=\"edgtf-separator\" ><\/div>\n<\/div>\n<div class=\"vc_empty_space\"   style=\"height: 30px\"><span class=\"vc_empty_space_inner\"><\/span><\/div>\n\t<div class=\"wpb_text_column wpb_content_element\" >\n\t\t<div class=\"wpb_wrapper\">\n\t\t\t<h2 style=\"text-align: center;\">Herkunft des Cannabis-Samens BILBO POUND CAKE<\/h2>\n\n\t\t<\/div>\n\t<\/div>\n\n\t<div class=\"wpb_video_widget wpb_content_element vc_clearfix   vc_custom_1775555016045 vc_video-aspect-ratio-169 vc_video-el-width-100 vc_video-align-left\" >\n\t\t<div class=\"wpb_wrapper\">\n\t\t\t\n\t\t\t<div class=\"wpb_video_wrapper\"><div class=\"lazyload smush-lazyload-video smush-lazyload-vimeo\" style=\"--smush-video-aspect-ratio: 500\/281\" data-bg-image=\"url(https:\/\/i.vimeocdn.com\/video\/1855498201-362ba735883cb90dcf9e7cccb71f7301dec33b555d3aad936929cc901134123f-d_640?region=us)\" ><iframe title=\"Herkunft des Cannabissamens Bilbo Pound Cake\" data-src=\"https:\/\/player.vimeo.com\/video\/948352666?dnt=1&amp;app_id=122963\" width=\"500\" height=\"281\" frameborder=\"0\" allow=\"autoplay; fullscreen; picture-in-picture; clipboard-write\" src=\"data:image\/svg+xml;base64,PHN2ZyB3aWR0aD0iMSIgaGVpZ2h0PSIxIiB4bWxucz0iaHR0cDovL3d3dy53My5vcmcvMjAwMC9zdmciPjwvc3ZnPg==\"><\/iframe><span class=\"smush-play-btn\" role=\"button\" aria-label=\"Play video\">\r\n\t\t\t\t<span tabindex=\"0\" class=\"smush-play-btn-inner\">\r\n\t\t\t\t\t<span>Play<\/span>\r\n\t\t\t\t<\/span>\r\n\t\t\t<\/span><\/div><\/div>\n\t\t<\/div>\n\t<\/div>\n<div class=\"vc_empty_space\"   style=\"height: 50px\"><span class=\"vc_empty_space_inner\"><\/span><\/div><\/div><\/div><\/div><\/div><\/div>\n<\/div>","protected":false},"excerpt":{"rendered":"<p>BILBO POUND CAKE ist unsere Version der s\u00fc\u00dfen Indica-Sorte LONDON POUND CAKE.<\/p>\n<p>Es ist die perfekte Pflanze f\u00fcr Anf\u00e4nger und Experten, die s\u00fc\u00dfe, erdige und w\u00fcrzige Aromen sowie einen schnellen und guten Ertrag suchen.<\/p>\n<p>Hoher THC-Gehalt.<\/p>","protected":false},"featured_media":23474,"template":"","meta":{"bwfblock_default_font":""},"product_brand":[],"product_cat":[515,8,6],"product_tag":[],"class_list":{"0":"post-23462","1":"product","2":"type-product","3":"status-publish","4":"has-post-thumbnail","6":"product_cat-productos","7":"product_cat-semillas-de-marihuana","8":"product_cat-semillas-cannabis-feminizadas","10":"first","11":"instock","12":"shipping-taxable","13":"purchasable","14":"product-type-variable","15":"has-default-attributes"},"yoast_head":"<!-- This site is optimized with the Yoast SEO Premium plugin v23.0 (Yoast SEO v27.2) - https:\/\/yoast.com\/product\/yoast-seo-premium-wordpress\/ -->\n<title>Bilbo Pound Cake - Comprar semilla de cannabis Bilbo Pound Cake<\/title>\n<meta name=\"description\" content=\"Semilla de cannabis feminizada Bilbo Pound Cake. Nuestra versi\u00f3n de la variedad indica y de sabor dulce LONDON POUND CAKE.\" \/>\n<meta name=\"robots\" content=\"index, follow, max-snippet:-1, max-image-preview:large, max-video-preview:-1\" \/>\n<link rel=\"canonical\" href=\"https:\/\/genehtik.com\/de\/produkt\/bilbo-pound-cake\/\" \/>\n<meta property=\"og:locale\" content=\"de_DE\" \/>\n<meta property=\"og:type\" content=\"article\" \/>\n<meta property=\"og:title\" content=\"Bilbo Pound Cake\" \/>\n<meta property=\"og:description\" content=\"Semilla de cannabis feminizada Bilbo Pound Cake. Nuestra versi\u00f3n de la variedad indica y de sabor dulce LONDON POUND CAKE.\" \/>\n<meta property=\"og:url\" content=\"https:\/\/genehtik.com\/de\/produkt\/bilbo-pound-cake\/\" \/>\n<meta property=\"og:site_name\" content=\"Genehtik\" \/>\n<meta property=\"article:publisher\" content=\"http:\/\/www.facebook.com\/Genehtik\" \/>\n<meta property=\"article:modified_time\" content=\"2026-04-07T09:43:38+00:00\" \/>\n<meta property=\"og:image\" content=\"https:\/\/genehtik.com\/wp-content\/uploads\/2024\/01\/London-pound-cake-6.jpg\" \/>\n\t<meta property=\"og:image:width\" content=\"659\" \/>\n\t<meta property=\"og:image:height\" content=\"575\" \/>\n\t<meta property=\"og:image:type\" content=\"image\/jpeg\" \/>\n<meta name=\"twitter:card\" content=\"summary_large_image\" \/>\n<meta name=\"twitter:site\" content=\"@GenehtikEs\" \/>\n<meta name=\"twitter:label1\" content=\"Gesch\u00e4tzte Lesezeit\" \/>\n\t<meta name=\"twitter:data1\" content=\"2\u00a0Minuten\" \/>\n<script type=\"application\/ld+json\" class=\"yoast-schema-graph\">{\"@context\":\"https:\/\/schema.org\",\"@graph\":[{\"@type\":\"WebPage\",\"@id\":\"https:\/\/genehtik.com\/producto\/bilbo-pound-cake\/\",\"url\":\"https:\/\/genehtik.com\/producto\/bilbo-pound-cake\/\",\"name\":\"Bilbo Pound Cake - Comprar semilla de cannabis Bilbo Pound Cake\",\"isPartOf\":{\"@id\":\"https:\/\/genehtik.com\/#website\"},\"primaryImageOfPage\":{\"@id\":\"https:\/\/genehtik.com\/producto\/bilbo-pound-cake\/#primaryimage\"},\"image\":{\"@id\":\"https:\/\/genehtik.com\/producto\/bilbo-pound-cake\/#primaryimage\"},\"thumbnailUrl\":\"https:\/\/genehtik.com\/wp-content\/uploads\/2024\/01\/London-pound-cake-6.jpg\",\"datePublished\":\"2025-09-23T11:25:40+00:00\",\"dateModified\":\"2026-04-07T09:43:38+00:00\",\"description\":\"Semilla de cannabis feminizada Bilbo Pound Cake. Nuestra versi\u00f3n de la variedad indica y de sabor dulce LONDON POUND CAKE.\",\"breadcrumb\":{\"@id\":\"https:\/\/genehtik.com\/producto\/bilbo-pound-cake\/#breadcrumb\"},\"inLanguage\":\"de\",\"potentialAction\":[{\"@type\":\"ReadAction\",\"target\":[\"https:\/\/genehtik.com\/producto\/bilbo-pound-cake\/\"]}]},{\"@type\":\"ImageObject\",\"inLanguage\":\"de\",\"@id\":\"https:\/\/genehtik.com\/producto\/bilbo-pound-cake\/#primaryimage\",\"url\":\"https:\/\/genehtik.com\/wp-content\/uploads\/2024\/01\/London-pound-cake-6.jpg\",\"contentUrl\":\"https:\/\/genehtik.com\/wp-content\/uploads\/2024\/01\/London-pound-cake-6.jpg\",\"width\":659,\"height\":575,\"caption\":\"London pound cake\"},{\"@type\":\"BreadcrumbList\",\"@id\":\"https:\/\/genehtik.com\/producto\/bilbo-pound-cake\/#breadcrumb\",\"itemListElement\":[{\"@type\":\"ListItem\",\"position\":1,\"name\":\"Home\",\"item\":\"https:\/\/genehtik.com\/\"},{\"@type\":\"ListItem\",\"position\":2,\"name\":\"Comprar semillas de cannabis Genehtik\",\"item\":\"https:\/\/genehtik.com\/tienda\/\"},{\"@type\":\"ListItem\",\"position\":3,\"name\":\"Bilbo Pound Cake\"}]},{\"@type\":\"WebSite\",\"@id\":\"https:\/\/genehtik.com\/#website\",\"url\":\"https:\/\/genehtik.com\/\",\"name\":\"Genehtik\",\"description\":\"Banco de semillas de cannabis feminizadas y autoflorecientes de calidad y garant\u00eda\",\"potentialAction\":[{\"@type\":\"SearchAction\",\"target\":{\"@type\":\"EntryPoint\",\"urlTemplate\":\"https:\/\/genehtik.com\/?s={search_term_string}\"},\"query-input\":{\"@type\":\"PropertyValueSpecification\",\"valueRequired\":true,\"valueName\":\"search_term_string\"}}],\"inLanguage\":\"de\"}]}<\/script>\n<!-- \/ Yoast SEO Premium plugin. -->","yoast_head_json":{"title":"Bilbo Pound Cake - Comprar semilla de cannabis Bilbo Pound Cake","description":"Semilla de cannabis feminizada Bilbo Pound Cake. Nuestra versi\u00f3n de la variedad indica y de sabor dulce LONDON POUND CAKE.","robots":{"index":"index","follow":"follow","max-snippet":"max-snippet:-1","max-image-preview":"max-image-preview:large","max-video-preview":"max-video-preview:-1"},"canonical":"https:\/\/genehtik.com\/de\/produkt\/bilbo-pound-cake\/","og_locale":"de_DE","og_type":"article","og_title":"Bilbo Pound Cake","og_description":"Semilla de cannabis feminizada Bilbo Pound Cake. Nuestra versi\u00f3n de la variedad indica y de sabor dulce LONDON POUND CAKE.","og_url":"https:\/\/genehtik.com\/de\/produkt\/bilbo-pound-cake\/","og_site_name":"Genehtik","article_publisher":"http:\/\/www.facebook.com\/Genehtik","article_modified_time":"2026-04-07T09:43:38+00:00","og_image":[{"width":659,"height":575,"url":"https:\/\/genehtik.com\/wp-content\/uploads\/2024\/01\/London-pound-cake-6.jpg","type":"image\/jpeg"}],"twitter_card":"summary_large_image","twitter_site":"@GenehtikEs","twitter_misc":{"Gesch\u00e4tzte Lesezeit":"2\u00a0Minuten"},"schema":{"@context":"https:\/\/schema.org","@graph":[{"@type":"WebPage","@id":"https:\/\/genehtik.com\/producto\/bilbo-pound-cake\/","url":"https:\/\/genehtik.com\/producto\/bilbo-pound-cake\/","name":"Bilbo Pound Cake - Comprar semilla de cannabis Bilbo Pound Cake","isPartOf":{"@id":"https:\/\/genehtik.com\/#website"},"primaryImageOfPage":{"@id":"https:\/\/genehtik.com\/producto\/bilbo-pound-cake\/#primaryimage"},"image":{"@id":"https:\/\/genehtik.com\/producto\/bilbo-pound-cake\/#primaryimage"},"thumbnailUrl":"https:\/\/genehtik.com\/wp-content\/uploads\/2024\/01\/London-pound-cake-6.jpg","datePublished":"2025-09-23T11:25:40+00:00","dateModified":"2026-04-07T09:43:38+00:00","description":"Semilla de cannabis feminizada Bilbo Pound Cake. Nuestra versi\u00f3n de la variedad indica y de sabor dulce LONDON POUND CAKE.","breadcrumb":{"@id":"https:\/\/genehtik.com\/producto\/bilbo-pound-cake\/#breadcrumb"},"inLanguage":"de","potentialAction":[{"@type":"ReadAction","target":["https:\/\/genehtik.com\/producto\/bilbo-pound-cake\/"]}]},{"@type":"ImageObject","inLanguage":"de","@id":"https:\/\/genehtik.com\/producto\/bilbo-pound-cake\/#primaryimage","url":"https:\/\/genehtik.com\/wp-content\/uploads\/2024\/01\/London-pound-cake-6.jpg","contentUrl":"https:\/\/genehtik.com\/wp-content\/uploads\/2024\/01\/London-pound-cake-6.jpg","width":659,"height":575,"caption":"London pound cake"},{"@type":"BreadcrumbList","@id":"https:\/\/genehtik.com\/producto\/bilbo-pound-cake\/#breadcrumb","itemListElement":[{"@type":"ListItem","position":1,"name":"Home","item":"https:\/\/genehtik.com\/"},{"@type":"ListItem","position":2,"name":"Comprar semillas de cannabis Genehtik","item":"https:\/\/genehtik.com\/tienda\/"},{"@type":"ListItem","position":3,"name":"Bilbo Pound Cake"}]},{"@type":"WebSite","@id":"https:\/\/genehtik.com\/#website","url":"https:\/\/genehtik.com\/","name":"Genehtik","description":"Hochwertige und garantierte feminisierte und selbstbl\u00fchende Cannabis-Samenbank","potentialAction":[{"@type":"SearchAction","target":{"@type":"EntryPoint","urlTemplate":"https:\/\/genehtik.com\/?s={search_term_string}"},"query-input":{"@type":"PropertyValueSpecification","valueRequired":true,"valueName":"search_term_string"}}],"inLanguage":"de"}]}},"_links":{"self":[{"href":"https:\/\/genehtik.com\/de\/wp-json\/wp\/v2\/product\/23462","targetHints":{"allow":["GET"]}}],"collection":[{"href":"https:\/\/genehtik.com\/de\/wp-json\/wp\/v2\/product"}],"about":[{"href":"https:\/\/genehtik.com\/de\/wp-json\/wp\/v2\/types\/product"}],"wp:featuredmedia":[{"embeddable":true,"href":"https:\/\/genehtik.com\/de\/wp-json\/wp\/v2\/media\/23474"}],"wp:attachment":[{"href":"https:\/\/genehtik.com\/de\/wp-json\/wp\/v2\/media?parent=23462"}],"wp:term":[{"taxonomy":"product_brand","embeddable":true,"href":"https:\/\/genehtik.com\/de\/wp-json\/wp\/v2\/product_brand?post=23462"},{"taxonomy":"product_cat","embeddable":true,"href":"https:\/\/genehtik.com\/de\/wp-json\/wp\/v2\/product_cat?post=23462"},{"taxonomy":"product_tag","embeddable":true,"href":"https:\/\/genehtik.com\/de\/wp-json\/wp\/v2\/product_tag?post=23462"}],"curies":[{"name":"wp","href":"https:\/\/api.w.org\/{rel}","templated":true}]}}