{"id":42424,"date":"2025-09-16T11:18:46","date_gmt":"2025-09-16T11:18:46","guid":{"rendered":"https:\/\/clon.genehtik.com\/?post_type=product&#038;p=42424"},"modified":"2026-02-25T11:15:31","modified_gmt":"2026-02-25T11:15:31","slug":"txomango-auto","status":"publish","type":"product","link":"https:\/\/genehtik.com\/de\/produkt\/txomango-auto\/","title":{"rendered":"Txomango AUTO"},"content":{"rendered":"<div class=\"wpb-content-wrapper\"><div class=\"vc_row wpb_row vc_row-fluid edgtf-section edgtf-content-aligment-left\" style=\"\"><div class=\"clearfix edgtf-full-section-inner\"><div class=\"wpb_column vc_column_container vc_col-sm-12\"><div class=\"vc_column-inner\"><div class=\"wpb_wrapper\">\n\t<div class=\"wpb_text_column wpb_content_element\" >\n\t\t<div class=\"wpb_wrapper\">\n\t\t\t<p><strong>Kerl<\/strong>: Txomango autobl\u00fchender Hybrid<\/p>\n<p><strong>Inl\u00e4ndische Produktion<\/strong>: 500-600 g\/m\u00b2<\/p>\n<p><strong>Externe Produktion:<\/strong> 150\u2013220 g\/Pflanze<\/p>\n<p><strong>Bl\u00fcte in Innenr\u00e4umen:<\/strong> 70 Tage<\/p>\n<p><strong>Freilandernte:<\/strong> 10 Wochen<\/p>\n<p><strong>THC:<\/strong> 21% \u2013 23%<\/p>\n<p><strong>CBD:<\/strong> 0,2% \u2013 0,5%<\/p>\n<p>&nbsp;<\/p>\n<p>Txomango Auto ist die feminisierte, selbstbl\u00fchende Version unserer legend\u00e4ren Txomango-Sorte. Dieser Hybrid, bekannt f\u00fcr sein unverwechselbares tropisches Aroma, entstand aus einer einzigen Kreuzung von Super Skunk, Jack Herer und Big Skunk Korean. Durch die Kreuzung mit einer Auswahl unserer besten selbstbl\u00fchenden Sorten erhielten wir eine selbstbl\u00fchende Pflanze, die die Eigenschaften ihrer Mutter, Genehtiks Txomango, beibeh\u00e4lt.<\/p>\n<p>Das Ergebnis ist eine langsam wachsende Pflanze mit gro\u00dfen Bl\u00e4ttern. W\u00e4hrend der Bl\u00fctezeit entwickelt sie kompakte, hocharomatische und f\u00fcr eine selbstbl\u00fchende Sorte extrem harzige Bl\u00fctenst\u00e4nde. Ihr markantestes Merkmal ist das intensive, fruchtige Mangoaroma und der Geschmack, die von der feminisierten Variante \u00fcbernommen wurden. Ihre Indica-dominante Wirkung ist nicht \u00fcberm\u00e4\u00dfig stark, sondern sehr entspannend. Perfekt zum Ausruhen und Abschalten.<\/p>\n\n\t\t<\/div>\n\t<\/div>\n<\/div><\/div><\/div><\/div><\/div><div class=\"vc_row wpb_row vc_row-fluid edgtf-section edgtf-content-aligment-left\" style=\"\"><div class=\"clearfix edgtf-full-section-inner\"><div class=\"wpb_column vc_column_container vc_col-sm-12\"><div class=\"vc_column-inner\"><div class=\"wpb_wrapper\"><div class=\"vc_empty_space\"   style=\"height: 32px\"><span class=\"vc_empty_space_inner\"><\/span><\/div><\/div><\/div><\/div><\/div><\/div><div class=\"vc_row wpb_row vc_row-fluid edgtf-section edgtf-content-aligment-left\" style=\"\"><div class=\"clearfix edgtf-full-section-inner\"><div class=\"wpb_column vc_column_container vc_col-sm-12\"><div class=\"vc_column-inner\"><div class=\"wpb_wrapper\">\n\t<div class=\"wpb_text_column wpb_content_element\" >\n\t\t<div class=\"wpb_wrapper\">\n\t\t\t<h2 style=\"text-align: center;\">Erfahren Sie mehr \u00fcber die selbstbl\u00fchenden Samen von Genehtik unter\u2026 <a href=\"https:\/\/criticalbilbo.com\/autoflorecientes-la-revolucion-genetica-del-cannabis\/\">www.criticalbilbo.com<\/a><\/h2>\n\n\t\t<\/div>\n\t<\/div>\n<\/div><\/div><\/div><\/div><\/div>\n<\/div>","protected":false},"excerpt":{"rendered":"<p>Txomango Autoflowering Cannabis Seed<\/p>","protected":false},"featured_media":42616,"template":"","meta":{"bwfblock_default_font":""},"product_brand":[],"product_cat":[515,9,8],"product_tag":[],"class_list":{"0":"post-42424","1":"product","2":"type-product","3":"status-publish","4":"has-post-thumbnail","6":"product_cat-productos","7":"product_cat-semillas-cannabis-autoflorecientes","8":"product_cat-semillas-de-marihuana","10":"first","11":"instock","12":"shipping-taxable","13":"purchasable","14":"product-type-variable","15":"has-default-attributes"},"yoast_head":"<!-- This site is optimized with the Yoast SEO Premium plugin v23.0 (Yoast SEO v27.2) - https:\/\/yoast.com\/product\/yoast-seo-premium-wordpress\/ -->\n<title>Txomango Auto - Comprar semilla de cannabis Txomango Aut<\/title>\n<meta name=\"description\" content=\"Semilla de cannabis autofloreciente Txomango Auto. Su rasgo m\u00e1s distintivo es el aroma y sabor intensos afrutados a mango. Efecto muy relajante.\" \/>\n<meta name=\"robots\" content=\"index, follow, max-snippet:-1, max-image-preview:large, max-video-preview:-1\" \/>\n<link rel=\"canonical\" href=\"https:\/\/genehtik.com\/de\/produkt\/txomango-auto\/\" \/>\n<meta property=\"og:locale\" content=\"de_DE\" \/>\n<meta property=\"og:type\" content=\"article\" \/>\n<meta property=\"og:title\" content=\"Txomango AUTO\" \/>\n<meta property=\"og:description\" content=\"Semilla de cannabis autofloreciente Txomango Auto. Su rasgo m\u00e1s distintivo es el aroma y sabor intensos afrutados a mango. Efecto muy relajante.\" \/>\n<meta property=\"og:url\" content=\"https:\/\/genehtik.com\/de\/produkt\/txomango-auto\/\" \/>\n<meta property=\"og:site_name\" content=\"Genehtik\" \/>\n<meta property=\"article:publisher\" content=\"http:\/\/www.facebook.com\/Genehtik\" \/>\n<meta property=\"article:modified_time\" content=\"2026-02-25T11:15:31+00:00\" \/>\n<meta property=\"og:image\" content=\"https:\/\/genehtik.com\/wp-content\/uploads\/2025\/09\/Txomango-Auto-Genehtik-1.jpg\" \/>\n\t<meta property=\"og:image:width\" content=\"765\" \/>\n\t<meta property=\"og:image:height\" content=\"765\" \/>\n\t<meta property=\"og:image:type\" content=\"image\/jpeg\" \/>\n<meta name=\"twitter:card\" content=\"summary_large_image\" \/>\n<meta name=\"twitter:site\" content=\"@GenehtikEs\" \/>\n<meta name=\"twitter:label1\" content=\"Gesch\u00e4tzte Lesezeit\" \/>\n\t<meta name=\"twitter:data1\" content=\"1\u00a0Minute\" \/>\n<script type=\"application\/ld+json\" class=\"yoast-schema-graph\">{\"@context\":\"https:\/\/schema.org\",\"@graph\":[{\"@type\":\"WebPage\",\"@id\":\"https:\/\/genehtik.com\/producto\/txomango-auto\/\",\"url\":\"https:\/\/genehtik.com\/producto\/txomango-auto\/\",\"name\":\"Txomango Auto - Comprar semilla de cannabis Txomango Aut\",\"isPartOf\":{\"@id\":\"https:\/\/genehtik.com\/#website\"},\"primaryImageOfPage\":{\"@id\":\"https:\/\/genehtik.com\/producto\/txomango-auto\/#primaryimage\"},\"image\":{\"@id\":\"https:\/\/genehtik.com\/producto\/txomango-auto\/#primaryimage\"},\"thumbnailUrl\":\"https:\/\/genehtik.com\/wp-content\/uploads\/2025\/09\/Txomango-Auto-Genehtik-1.jpg\",\"datePublished\":\"2025-09-16T11:18:46+00:00\",\"dateModified\":\"2026-02-25T11:15:31+00:00\",\"description\":\"Semilla de cannabis autofloreciente Txomango Auto. Su rasgo m\u00e1s distintivo es el aroma y sabor intensos afrutados a mango. Efecto muy relajante.\",\"breadcrumb\":{\"@id\":\"https:\/\/genehtik.com\/producto\/txomango-auto\/#breadcrumb\"},\"inLanguage\":\"de\",\"potentialAction\":[{\"@type\":\"ReadAction\",\"target\":[\"https:\/\/genehtik.com\/producto\/txomango-auto\/\"]}]},{\"@type\":\"ImageObject\",\"inLanguage\":\"de\",\"@id\":\"https:\/\/genehtik.com\/producto\/txomango-auto\/#primaryimage\",\"url\":\"https:\/\/genehtik.com\/wp-content\/uploads\/2025\/09\/Txomango-Auto-Genehtik-1.jpg\",\"contentUrl\":\"https:\/\/genehtik.com\/wp-content\/uploads\/2025\/09\/Txomango-Auto-Genehtik-1.jpg\",\"width\":765,\"height\":765,\"caption\":\"Txomango Auto Genehtik\"},{\"@type\":\"BreadcrumbList\",\"@id\":\"https:\/\/genehtik.com\/producto\/txomango-auto\/#breadcrumb\",\"itemListElement\":[{\"@type\":\"ListItem\",\"position\":1,\"name\":\"Home\",\"item\":\"https:\/\/genehtik.com\/\"},{\"@type\":\"ListItem\",\"position\":2,\"name\":\"Comprar semillas de cannabis Genehtik\",\"item\":\"https:\/\/genehtik.com\/tienda\/\"},{\"@type\":\"ListItem\",\"position\":3,\"name\":\"Txomango AUTO\"}]},{\"@type\":\"WebSite\",\"@id\":\"https:\/\/genehtik.com\/#website\",\"url\":\"https:\/\/genehtik.com\/\",\"name\":\"Genehtik\",\"description\":\"Banco de semillas de cannabis feminizadas y autoflorecientes de calidad y garant\u00eda\",\"potentialAction\":[{\"@type\":\"SearchAction\",\"target\":{\"@type\":\"EntryPoint\",\"urlTemplate\":\"https:\/\/genehtik.com\/?s={search_term_string}\"},\"query-input\":{\"@type\":\"PropertyValueSpecification\",\"valueRequired\":true,\"valueName\":\"search_term_string\"}}],\"inLanguage\":\"de\"}]}<\/script>\n<!-- \/ Yoast SEO Premium plugin. -->","yoast_head_json":{"title":"Txomango Auto - Comprar semilla de cannabis Txomango Aut","description":"Semilla de cannabis autofloreciente Txomango Auto. Su rasgo m\u00e1s distintivo es el aroma y sabor intensos afrutados a mango. Efecto muy relajante.","robots":{"index":"index","follow":"follow","max-snippet":"max-snippet:-1","max-image-preview":"max-image-preview:large","max-video-preview":"max-video-preview:-1"},"canonical":"https:\/\/genehtik.com\/de\/produkt\/txomango-auto\/","og_locale":"de_DE","og_type":"article","og_title":"Txomango AUTO","og_description":"Semilla de cannabis autofloreciente Txomango Auto. Su rasgo m\u00e1s distintivo es el aroma y sabor intensos afrutados a mango. Efecto muy relajante.","og_url":"https:\/\/genehtik.com\/de\/produkt\/txomango-auto\/","og_site_name":"Genehtik","article_publisher":"http:\/\/www.facebook.com\/Genehtik","article_modified_time":"2026-02-25T11:15:31+00:00","og_image":[{"width":765,"height":765,"url":"https:\/\/genehtik.com\/wp-content\/uploads\/2025\/09\/Txomango-Auto-Genehtik-1.jpg","type":"image\/jpeg"}],"twitter_card":"summary_large_image","twitter_site":"@GenehtikEs","twitter_misc":{"Gesch\u00e4tzte Lesezeit":"1\u00a0Minute"},"schema":{"@context":"https:\/\/schema.org","@graph":[{"@type":"WebPage","@id":"https:\/\/genehtik.com\/producto\/txomango-auto\/","url":"https:\/\/genehtik.com\/producto\/txomango-auto\/","name":"Txomango Auto - Comprar semilla de cannabis Txomango Aut","isPartOf":{"@id":"https:\/\/genehtik.com\/#website"},"primaryImageOfPage":{"@id":"https:\/\/genehtik.com\/producto\/txomango-auto\/#primaryimage"},"image":{"@id":"https:\/\/genehtik.com\/producto\/txomango-auto\/#primaryimage"},"thumbnailUrl":"https:\/\/genehtik.com\/wp-content\/uploads\/2025\/09\/Txomango-Auto-Genehtik-1.jpg","datePublished":"2025-09-16T11:18:46+00:00","dateModified":"2026-02-25T11:15:31+00:00","description":"Semilla de cannabis autofloreciente Txomango Auto. Su rasgo m\u00e1s distintivo es el aroma y sabor intensos afrutados a mango. Efecto muy relajante.","breadcrumb":{"@id":"https:\/\/genehtik.com\/producto\/txomango-auto\/#breadcrumb"},"inLanguage":"de","potentialAction":[{"@type":"ReadAction","target":["https:\/\/genehtik.com\/producto\/txomango-auto\/"]}]},{"@type":"ImageObject","inLanguage":"de","@id":"https:\/\/genehtik.com\/producto\/txomango-auto\/#primaryimage","url":"https:\/\/genehtik.com\/wp-content\/uploads\/2025\/09\/Txomango-Auto-Genehtik-1.jpg","contentUrl":"https:\/\/genehtik.com\/wp-content\/uploads\/2025\/09\/Txomango-Auto-Genehtik-1.jpg","width":765,"height":765,"caption":"Txomango Auto Genehtik"},{"@type":"BreadcrumbList","@id":"https:\/\/genehtik.com\/producto\/txomango-auto\/#breadcrumb","itemListElement":[{"@type":"ListItem","position":1,"name":"Home","item":"https:\/\/genehtik.com\/"},{"@type":"ListItem","position":2,"name":"Comprar semillas de cannabis Genehtik","item":"https:\/\/genehtik.com\/tienda\/"},{"@type":"ListItem","position":3,"name":"Txomango AUTO"}]},{"@type":"WebSite","@id":"https:\/\/genehtik.com\/#website","url":"https:\/\/genehtik.com\/","name":"Genehtik","description":"Hochwertige und garantierte feminisierte und selbstbl\u00fchende Cannabis-Samenbank","potentialAction":[{"@type":"SearchAction","target":{"@type":"EntryPoint","urlTemplate":"https:\/\/genehtik.com\/?s={search_term_string}"},"query-input":{"@type":"PropertyValueSpecification","valueRequired":true,"valueName":"search_term_string"}}],"inLanguage":"de"}]}},"_links":{"self":[{"href":"https:\/\/genehtik.com\/de\/wp-json\/wp\/v2\/product\/42424","targetHints":{"allow":["GET"]}}],"collection":[{"href":"https:\/\/genehtik.com\/de\/wp-json\/wp\/v2\/product"}],"about":[{"href":"https:\/\/genehtik.com\/de\/wp-json\/wp\/v2\/types\/product"}],"wp:featuredmedia":[{"embeddable":true,"href":"https:\/\/genehtik.com\/de\/wp-json\/wp\/v2\/media\/42616"}],"wp:attachment":[{"href":"https:\/\/genehtik.com\/de\/wp-json\/wp\/v2\/media?parent=42424"}],"wp:term":[{"taxonomy":"product_brand","embeddable":true,"href":"https:\/\/genehtik.com\/de\/wp-json\/wp\/v2\/product_brand?post=42424"},{"taxonomy":"product_cat","embeddable":true,"href":"https:\/\/genehtik.com\/de\/wp-json\/wp\/v2\/product_cat?post=42424"},{"taxonomy":"product_tag","embeddable":true,"href":"https:\/\/genehtik.com\/de\/wp-json\/wp\/v2\/product_tag?post=42424"}],"curies":[{"name":"wp","href":"https:\/\/api.w.org\/{rel}","templated":true}]}}