{"id":42425,"date":"2025-09-16T11:22:19","date_gmt":"2025-09-16T11:22:19","guid":{"rendered":"https:\/\/clon.genehtik.com\/?post_type=product&#038;p=42425"},"modified":"2026-02-26T11:39:10","modified_gmt":"2026-02-26T11:39:10","slug":"blubonik-auto","status":"publish","type":"product","link":"https:\/\/genehtik.com\/de\/produkt\/blubonik-auto\/","title":{"rendered":"Blubonik AUTO"},"content":{"rendered":"<div class=\"wpb-content-wrapper\"><div class=\"vc_row wpb_row vc_row-fluid edgtf-section edgtf-content-aligment-left\" style=\"\"><div class=\"clearfix edgtf-full-section-inner\"><div class=\"wpb_column vc_column_container vc_col-sm-12\"><div class=\"vc_column-inner\"><div class=\"wpb_wrapper\">\n\t<div class=\"wpb_text_column wpb_content_element\" >\n\t\t<div class=\"wpb_wrapper\">\n\t\t\t<p><strong>Kerl:<\/strong> Blubonik Autoflowering Hybrid<\/p>\n<p><strong>Inl\u00e4ndische Produktion:<\/strong> 550-600 g\/m\u00b2<\/p>\n<p><strong>Externe Produktion:<\/strong> 180\u2013220 g\/Pflanze<\/p>\n<p><strong>Bl\u00fcte in Innenr\u00e4umen<\/strong>60-65 Tage<\/p>\n<p><strong>Freilandernte:<\/strong> 9 Wochen<\/p>\n<p><strong>THC:<\/strong> 21% \u2013 23%<\/p>\n<p><strong>CBD:<\/strong> 0,2% \u2013 0,5%<\/p>\n<p>Blubonik Auto ist die selbstbl\u00fchende Variante unserer gefeierten Blubonik, einer potenten Hybride aus der Kreuzung der legend\u00e4ren Kootenay Blueberry und Blue Satellite. Dank sorgf\u00e4ltiger Genetikarbeit mit selbstbl\u00fchenden Sorten der n\u00e4chsten Generation konnten wir eine nicht-photoperiodenabh\u00e4ngige Sorte entwickeln, die alle au\u00dfergew\u00f6hnlichen Eigenschaften ihrer Blue Line-Elternsorte beibeh\u00e4lt. Das Ergebnis ist eine schnell wachsende und bl\u00fchende Pflanze, die lange, dichte Bl\u00fctenst\u00e4nde mit ihrem charakteristischen lila Farbton entwickelt.<\/p>\n<p>Blubonik Auto besticht durch sein komplexes Aroma- und Geschmacksprofil mit ausgepr\u00e4gten s\u00fc\u00dfen und fruchtigen Noten von Blaubeeren und anderen Beeren, die es von seiner Blueberry-Kreuzung geerbt hat. Seine Wirkung ist eindeutig Indica und sorgt f\u00fcr tiefe und anhaltende Entspannung \u2013 ideal zum Ausruhen.<\/p>\n\n\t\t<\/div>\n\t<\/div>\n<\/div><\/div><\/div><\/div><\/div><div class=\"vc_row wpb_row vc_row-fluid edgtf-section edgtf-content-aligment-left\" style=\"\"><div class=\"clearfix edgtf-full-section-inner\"><div class=\"wpb_column vc_column_container vc_col-sm-12\"><div class=\"vc_column-inner\"><div class=\"wpb_wrapper\"><div class=\"vc_empty_space\"   style=\"height: 32px\"><span class=\"vc_empty_space_inner\"><\/span><\/div><\/div><\/div><\/div><\/div><\/div><div class=\"vc_row wpb_row vc_row-fluid edgtf-section edgtf-content-aligment-left\" style=\"\"><div class=\"clearfix edgtf-full-section-inner\"><div class=\"wpb_column vc_column_container vc_col-sm-12\"><div class=\"vc_column-inner\"><div class=\"wpb_wrapper\">\n\t<div class=\"wpb_text_column wpb_content_element\" >\n\t\t<div class=\"wpb_wrapper\">\n\t\t\t<h2 style=\"text-align: center;\">Erfahren Sie mehr \u00fcber die selbstbl\u00fchenden Samen von Genehtik unter\u2026 <a href=\"https:\/\/criticalbilbo.com\/autoflorecientes-la-revolucion-genetica-del-cannabis\/\">www.criticalbilbo.com<\/a><\/h2>\n\n\t\t<\/div>\n\t<\/div>\n<\/div><\/div><\/div><\/div><\/div>\n<\/div>","protected":false},"excerpt":{"rendered":"<p>Selbstbl\u00fchender Cannabissamen Blubonik<\/p>","protected":false},"featured_media":42603,"template":"","meta":{"bwfblock_default_font":""},"product_brand":[],"product_cat":[515,9,8],"product_tag":[],"class_list":{"0":"post-42425","1":"product","2":"type-product","3":"status-publish","4":"has-post-thumbnail","6":"product_cat-productos","7":"product_cat-semillas-cannabis-autoflorecientes","8":"product_cat-semillas-de-marihuana","10":"first","11":"instock","12":"shipping-taxable","13":"purchasable","14":"product-type-variable","15":"has-default-attributes"},"yoast_head":"<!-- This site is optimized with the Yoast SEO Premium plugin v23.0 (Yoast SEO v27.2) - https:\/\/yoast.com\/product\/yoast-seo-premium-wordpress\/ -->\n<title>Blubonik Auto - Comprar semilla de cannabis Blubonik Auto<\/title>\n<meta name=\"description\" content=\"Semilla de cannabis autofloreciente Blubonik Auto. con marcadas notas dulces y afrutadas a ar\u00e1ndanos y frutos del bosque, heredadas del cruce de Blueberrys\" \/>\n<meta name=\"robots\" content=\"index, follow, max-snippet:-1, max-image-preview:large, max-video-preview:-1\" \/>\n<link rel=\"canonical\" href=\"https:\/\/genehtik.com\/de\/produkt\/blubonik-auto\/\" \/>\n<meta property=\"og:locale\" content=\"de_DE\" \/>\n<meta property=\"og:type\" content=\"article\" \/>\n<meta property=\"og:title\" content=\"Blubonik AUTO\" \/>\n<meta property=\"og:description\" content=\"Semilla de cannabis autofloreciente Blubonik Auto. con marcadas notas dulces y afrutadas a ar\u00e1ndanos y frutos del bosque, heredadas del cruce de Blueberrys\" \/>\n<meta property=\"og:url\" content=\"https:\/\/genehtik.com\/de\/produkt\/blubonik-auto\/\" \/>\n<meta property=\"og:site_name\" content=\"Genehtik\" \/>\n<meta property=\"article:publisher\" content=\"http:\/\/www.facebook.com\/Genehtik\" \/>\n<meta property=\"article:modified_time\" content=\"2026-02-26T11:39:10+00:00\" \/>\n<meta property=\"og:image\" content=\"https:\/\/genehtik.com\/wp-content\/uploads\/2025\/09\/Blubonik-Auto-Genehtik.jpg\" \/>\n\t<meta property=\"og:image:width\" content=\"765\" \/>\n\t<meta property=\"og:image:height\" content=\"765\" \/>\n\t<meta property=\"og:image:type\" content=\"image\/jpeg\" \/>\n<meta name=\"twitter:card\" content=\"summary_large_image\" \/>\n<meta name=\"twitter:site\" content=\"@GenehtikEs\" \/>\n<meta name=\"twitter:label1\" content=\"Gesch\u00e4tzte Lesezeit\" \/>\n\t<meta name=\"twitter:data1\" content=\"1\u00a0Minute\" \/>\n<script type=\"application\/ld+json\" class=\"yoast-schema-graph\">{\"@context\":\"https:\/\/schema.org\",\"@graph\":[{\"@type\":\"WebPage\",\"@id\":\"https:\/\/genehtik.com\/producto\/blubonik-auto\/\",\"url\":\"https:\/\/genehtik.com\/producto\/blubonik-auto\/\",\"name\":\"Blubonik Auto - Comprar semilla de cannabis Blubonik Auto\",\"isPartOf\":{\"@id\":\"https:\/\/genehtik.com\/#website\"},\"primaryImageOfPage\":{\"@id\":\"https:\/\/genehtik.com\/producto\/blubonik-auto\/#primaryimage\"},\"image\":{\"@id\":\"https:\/\/genehtik.com\/producto\/blubonik-auto\/#primaryimage\"},\"thumbnailUrl\":\"https:\/\/genehtik.com\/wp-content\/uploads\/2025\/09\/Blubonik-Auto-Genehtik.jpg\",\"datePublished\":\"2025-09-16T11:22:19+00:00\",\"dateModified\":\"2026-02-26T11:39:10+00:00\",\"description\":\"Semilla de cannabis autofloreciente Blubonik Auto. con marcadas notas dulces y afrutadas a ar\u00e1ndanos y frutos del bosque, heredadas del cruce de Blueberrys\",\"breadcrumb\":{\"@id\":\"https:\/\/genehtik.com\/producto\/blubonik-auto\/#breadcrumb\"},\"inLanguage\":\"de\",\"potentialAction\":[{\"@type\":\"ReadAction\",\"target\":[\"https:\/\/genehtik.com\/producto\/blubonik-auto\/\"]}]},{\"@type\":\"ImageObject\",\"inLanguage\":\"de\",\"@id\":\"https:\/\/genehtik.com\/producto\/blubonik-auto\/#primaryimage\",\"url\":\"https:\/\/genehtik.com\/wp-content\/uploads\/2025\/09\/Blubonik-Auto-Genehtik.jpg\",\"contentUrl\":\"https:\/\/genehtik.com\/wp-content\/uploads\/2025\/09\/Blubonik-Auto-Genehtik.jpg\",\"width\":765,\"height\":765,\"caption\":\"Blubonik Auto Genehtik\"},{\"@type\":\"BreadcrumbList\",\"@id\":\"https:\/\/genehtik.com\/producto\/blubonik-auto\/#breadcrumb\",\"itemListElement\":[{\"@type\":\"ListItem\",\"position\":1,\"name\":\"Home\",\"item\":\"https:\/\/genehtik.com\/\"},{\"@type\":\"ListItem\",\"position\":2,\"name\":\"Comprar semillas de cannabis Genehtik\",\"item\":\"https:\/\/genehtik.com\/tienda\/\"},{\"@type\":\"ListItem\",\"position\":3,\"name\":\"Blubonik AUTO\"}]},{\"@type\":\"WebSite\",\"@id\":\"https:\/\/genehtik.com\/#website\",\"url\":\"https:\/\/genehtik.com\/\",\"name\":\"Genehtik\",\"description\":\"Banco de semillas de cannabis feminizadas y autoflorecientes de calidad y garant\u00eda\",\"potentialAction\":[{\"@type\":\"SearchAction\",\"target\":{\"@type\":\"EntryPoint\",\"urlTemplate\":\"https:\/\/genehtik.com\/?s={search_term_string}\"},\"query-input\":{\"@type\":\"PropertyValueSpecification\",\"valueRequired\":true,\"valueName\":\"search_term_string\"}}],\"inLanguage\":\"de\"}]}<\/script>\n<!-- \/ Yoast SEO Premium plugin. -->","yoast_head_json":{"title":"Blubonik Auto - Comprar semilla de cannabis Blubonik Auto","description":"Semilla de cannabis autofloreciente Blubonik Auto. con marcadas notas dulces y afrutadas a ar\u00e1ndanos y frutos del bosque, heredadas del cruce de Blueberrys","robots":{"index":"index","follow":"follow","max-snippet":"max-snippet:-1","max-image-preview":"max-image-preview:large","max-video-preview":"max-video-preview:-1"},"canonical":"https:\/\/genehtik.com\/de\/produkt\/blubonik-auto\/","og_locale":"de_DE","og_type":"article","og_title":"Blubonik AUTO","og_description":"Semilla de cannabis autofloreciente Blubonik Auto. con marcadas notas dulces y afrutadas a ar\u00e1ndanos y frutos del bosque, heredadas del cruce de Blueberrys","og_url":"https:\/\/genehtik.com\/de\/produkt\/blubonik-auto\/","og_site_name":"Genehtik","article_publisher":"http:\/\/www.facebook.com\/Genehtik","article_modified_time":"2026-02-26T11:39:10+00:00","og_image":[{"width":765,"height":765,"url":"https:\/\/genehtik.com\/wp-content\/uploads\/2025\/09\/Blubonik-Auto-Genehtik.jpg","type":"image\/jpeg"}],"twitter_card":"summary_large_image","twitter_site":"@GenehtikEs","twitter_misc":{"Gesch\u00e4tzte Lesezeit":"1\u00a0Minute"},"schema":{"@context":"https:\/\/schema.org","@graph":[{"@type":"WebPage","@id":"https:\/\/genehtik.com\/producto\/blubonik-auto\/","url":"https:\/\/genehtik.com\/producto\/blubonik-auto\/","name":"Blubonik Auto - Comprar semilla de cannabis Blubonik Auto","isPartOf":{"@id":"https:\/\/genehtik.com\/#website"},"primaryImageOfPage":{"@id":"https:\/\/genehtik.com\/producto\/blubonik-auto\/#primaryimage"},"image":{"@id":"https:\/\/genehtik.com\/producto\/blubonik-auto\/#primaryimage"},"thumbnailUrl":"https:\/\/genehtik.com\/wp-content\/uploads\/2025\/09\/Blubonik-Auto-Genehtik.jpg","datePublished":"2025-09-16T11:22:19+00:00","dateModified":"2026-02-26T11:39:10+00:00","description":"Semilla de cannabis autofloreciente Blubonik Auto. con marcadas notas dulces y afrutadas a ar\u00e1ndanos y frutos del bosque, heredadas del cruce de Blueberrys","breadcrumb":{"@id":"https:\/\/genehtik.com\/producto\/blubonik-auto\/#breadcrumb"},"inLanguage":"de","potentialAction":[{"@type":"ReadAction","target":["https:\/\/genehtik.com\/producto\/blubonik-auto\/"]}]},{"@type":"ImageObject","inLanguage":"de","@id":"https:\/\/genehtik.com\/producto\/blubonik-auto\/#primaryimage","url":"https:\/\/genehtik.com\/wp-content\/uploads\/2025\/09\/Blubonik-Auto-Genehtik.jpg","contentUrl":"https:\/\/genehtik.com\/wp-content\/uploads\/2025\/09\/Blubonik-Auto-Genehtik.jpg","width":765,"height":765,"caption":"Blubonik Auto Genehtik"},{"@type":"BreadcrumbList","@id":"https:\/\/genehtik.com\/producto\/blubonik-auto\/#breadcrumb","itemListElement":[{"@type":"ListItem","position":1,"name":"Home","item":"https:\/\/genehtik.com\/"},{"@type":"ListItem","position":2,"name":"Comprar semillas de cannabis Genehtik","item":"https:\/\/genehtik.com\/tienda\/"},{"@type":"ListItem","position":3,"name":"Blubonik AUTO"}]},{"@type":"WebSite","@id":"https:\/\/genehtik.com\/#website","url":"https:\/\/genehtik.com\/","name":"Genehtik","description":"Hochwertige und garantierte feminisierte und selbstbl\u00fchende Cannabis-Samenbank","potentialAction":[{"@type":"SearchAction","target":{"@type":"EntryPoint","urlTemplate":"https:\/\/genehtik.com\/?s={search_term_string}"},"query-input":{"@type":"PropertyValueSpecification","valueRequired":true,"valueName":"search_term_string"}}],"inLanguage":"de"}]}},"_links":{"self":[{"href":"https:\/\/genehtik.com\/de\/wp-json\/wp\/v2\/product\/42425","targetHints":{"allow":["GET"]}}],"collection":[{"href":"https:\/\/genehtik.com\/de\/wp-json\/wp\/v2\/product"}],"about":[{"href":"https:\/\/genehtik.com\/de\/wp-json\/wp\/v2\/types\/product"}],"wp:featuredmedia":[{"embeddable":true,"href":"https:\/\/genehtik.com\/de\/wp-json\/wp\/v2\/media\/42603"}],"wp:attachment":[{"href":"https:\/\/genehtik.com\/de\/wp-json\/wp\/v2\/media?parent=42425"}],"wp:term":[{"taxonomy":"product_brand","embeddable":true,"href":"https:\/\/genehtik.com\/de\/wp-json\/wp\/v2\/product_brand?post=42425"},{"taxonomy":"product_cat","embeddable":true,"href":"https:\/\/genehtik.com\/de\/wp-json\/wp\/v2\/product_cat?post=42425"},{"taxonomy":"product_tag","embeddable":true,"href":"https:\/\/genehtik.com\/de\/wp-json\/wp\/v2\/product_tag?post=42425"}],"curies":[{"name":"wp","href":"https:\/\/api.w.org\/{rel}","templated":true}]}}