{"id":42520,"date":"2025-11-28T10:29:16","date_gmt":"2025-11-28T10:29:16","guid":{"rendered":"https:\/\/clon.genehtik.com\/?post_type=product&#038;p=42520"},"modified":"2026-02-26T12:11:37","modified_gmt":"2026-02-26T12:11:37","slug":"karamelua-bilbo","status":"publish","type":"product","link":"https:\/\/genehtik.com\/de\/produkt\/karamelua-bilbo\/","title":{"rendered":"Karamelua Bilbo"},"content":{"rendered":"<div class=\"wpb-content-wrapper\"><div class=\"vc_row wpb_row vc_row-fluid edgtf-section edgtf-content-aligment-left\" style=\"\"><div class=\"clearfix edgtf-full-section-inner\"><div class=\"wpb_column vc_column_container vc_col-sm-12\"><div class=\"vc_column-inner\"><div class=\"wpb_wrapper\"><div class=\"vc_empty_space\"   style=\"height: 20px\"><span class=\"vc_empty_space_inner\"><\/span><\/div><\/div><\/div><\/div><\/div><\/div><div class=\"vc_row wpb_row vc_row-fluid edgtf-section edgtf-content-aligment-center\" style=\"\"><div class=\"clearfix edgtf-full-section-inner\"><div class=\"wpb_column vc_column_container vc_col-sm-6 vc_col-has-fill\"><div class=\"vc_column-inner vc_custom_1770809004254\"><div class=\"wpb_wrapper\">\n<div class=\"edgtf-section-title edgtf-section-align-center\" style=\"color: #00a94f;font-size: 28px\">\n\tEigenschaften\t<\/div><div class=\"vc_empty_space\"   style=\"height: 20px\"><span class=\"vc_empty_space_inner\"><\/span><\/div>\n\t<div class=\"wpb_text_column wpb_content_element\" >\n\t\t<div class=\"wpb_wrapper\">\n\t\t\t<p style=\"text-align: center;\"><span style=\"color: #00a94f;\"><strong>Genetik<\/strong><\/span><\/p>\n\n\t\t<\/div>\n\t<\/div>\n\n\t<div class=\"wpb_text_column wpb_content_element\" >\n\t\t<div class=\"wpb_wrapper\">\n\t\t\t<p style=\"text-align: center;\">Blueback x Maple Leaf Indica x Widow Bilbo<\/p>\n\n\t\t<\/div>\n\t<\/div>\n\n\t<div class=\"wpb_text_column wpb_content_element\" >\n\t\t<div class=\"wpb_wrapper\">\n\t\t\t<p style=\"text-align: center;\"><span style=\"color: #00a94f;\"><strong>Kerl<\/strong><\/span><\/p>\n\n\t\t<\/div>\n\t<\/div>\n\n\t<div class=\"wpb_text_column wpb_content_element\" >\n\t\t<div class=\"wpb_wrapper\">\n\t\t\t<p style=\"text-align: center;\">Indica (80% Indica \/ 20% Sativa)<\/p>\n\n\t\t<\/div>\n\t<\/div>\n\n\t<div class=\"wpb_text_column wpb_content_element\" >\n\t\t<div class=\"wpb_wrapper\">\n\t\t\t<p style=\"text-align: center;\"><span style=\"color: #00a94f;\"><strong>Inl\u00e4ndische Produktion<\/strong><\/span><\/p>\n\n\t\t<\/div>\n\t<\/div>\n\n\t<div class=\"wpb_text_column wpb_content_element\" >\n\t\t<div class=\"wpb_wrapper\">\n\t\t\t<p style=\"text-align: center;\">500-600 g\/m\u00b2<\/p>\n\n\t\t<\/div>\n\t<\/div>\n\n\t<div class=\"wpb_text_column wpb_content_element\" >\n\t\t<div class=\"wpb_wrapper\">\n\t\t\t<p style=\"text-align: center;\"><span style=\"color: #00a94f;\"><strong>Externe Produktion<\/strong><\/span><\/p>\n\n\t\t<\/div>\n\t<\/div>\n\n\t<div class=\"wpb_text_column wpb_content_element\" >\n\t\t<div class=\"wpb_wrapper\">\n\t\t\t<p style=\"text-align: center;\">1000-1600 g\/Pflanze<\/p>\n\n\t\t<\/div>\n\t<\/div>\n\n\t<div class=\"wpb_text_column wpb_content_element\" >\n\t\t<div class=\"wpb_wrapper\">\n\t\t\t<p style=\"text-align: center;\"><span style=\"color: #00a94f;\"><strong>Bl\u00fcte in Innenr\u00e4umen<\/strong><\/span><\/p>\n\n\t\t<\/div>\n\t<\/div>\n\n\t<div class=\"wpb_text_column wpb_content_element\" >\n\t\t<div class=\"wpb_wrapper\">\n\t\t\t<p style=\"text-align: center;\">60-65 Tage<\/p>\n\n\t\t<\/div>\n\t<\/div>\n\n\t<div class=\"wpb_text_column wpb_content_element\" >\n\t\t<div class=\"wpb_wrapper\">\n\t\t\t<p style=\"text-align: center;\"><span style=\"color: #00a94f;\"><strong>Freilandernte<\/strong><\/span><\/p>\n\n\t\t<\/div>\n\t<\/div>\n\n\t<div class=\"wpb_text_column wpb_content_element\" >\n\t\t<div class=\"wpb_wrapper\">\n\t\t\t<p style=\"text-align: center;\">Nordhalbkugel: Oktober<\/p>\n\n\t\t<\/div>\n\t<\/div>\n\n\t<div class=\"wpb_text_column wpb_content_element\" >\n\t\t<div class=\"wpb_wrapper\">\n\t\t\t<p style=\"text-align: center;\">S\u00fcdhalbkugel: April<\/p>\n\n\t\t<\/div>\n\t<\/div>\n<div class=\"vc_empty_space\"   style=\"height: 20px\"><span class=\"vc_empty_space_inner\"><\/span><\/div><\/div><\/div><\/div><div class=\"wpb_column vc_column_container vc_col-sm-6\"><div class=\"vc_column-inner\"><div class=\"wpb_wrapper\">\n<div class=\"edgtf-section-title edgtf-section-align-center\" style=\"color: #00a94f;font-size: 28px\">\n\tOptimale Bedingungen\t<\/div><div class=\"vc_empty_space\"   style=\"height: 20px\"><span class=\"vc_empty_space_inner\"><\/span><\/div>\n    <span class=\"edgtf-icon-shortcode circle edgtf-icon-medium\"  >\n        \n        <i class=\"edgtf-icon-font-awesome fa fa-book edgtf-icon-element\" style=\"\" ><\/i>\n            <\/span>\n\n<div class=\"vc_empty_space\"   style=\"height: 20px\"><span class=\"vc_empty_space_inner\"><\/span><\/div>\n\t<div class=\"wpb_text_column wpb_content_element\" >\n\t\t<div class=\"wpb_wrapper\">\n\t\t\t<p style=\"text-align: center;\"><em>F\u00fcr eine optimale Entwicklung und maximale Leistung in Bezug auf Geschmack, Aroma, Wirkung und Ertrag konsultieren Sie die optimalen Anbaubedingungen.<\/em><\/p>\n\n\t\t<\/div>\n\t<\/div>\n<div class=\"vc_empty_space\"   style=\"height: 20px\"><span class=\"vc_empty_space_inner\"><\/span><\/div>\t<div class=\"edgtf-call-to-action edgtf-cta-standard\" >\n\t\t\t\t\t<div class=\"edgtf-call-to-action-row-50-50 clearfix\" style=\"padding: 20px;\">\n\t\t\t\t<div class=\"edgtf-text-wrapper edgtf-call-to-action-column1 edgtf-call-to-action-cell\">\n\t\t\t\t\t<div class=\"edgtf-call-to-action-text\" >Anbauparameter<\/div>\n\t\t\t\t<\/div>\n\t\t\t\t<div class=\"edgtf-button-wrapper edgtf-call-to-action-column2 edgtf-call-to-action-cell\" style =\"text-align: center ;\">\n\t\t\t\t\t<a href=\"https:\/\/genehtik.com\/de\/condiciones-optimas-cultivo\/\" target=\"_self\" style=\"color: #ffffff;background-color: #00a94f\" class=\"edgtf-btn edgtf-btn-large edgtf-btn-solid-white edgtf-btn-custom-hover-bg edgtf-btn-custom-hover-color\" data-hover-bg-color=\"#ffffff\" data-hover-color=\"#00a94f\" >\t\t\t<span class=\"edgtf-btn-text\">konsultieren<\/span>\t    <\/a>\t\t\t\t<\/div>\n\t\t\t<\/div>\n\t\t\t<\/div>\n<\/div><\/div><\/div><\/div><\/div><div class=\"vc_row wpb_row vc_row-fluid edgtf-section edgtf-content-aligment-left\" style=\"\"><div class=\"clearfix edgtf-full-section-inner\"><div class=\"wpb_column vc_column_container vc_col-sm-12\"><div class=\"vc_column-inner\"><div class=\"wpb_wrapper\"><div class=\"vc_empty_space\"   style=\"height: 20px\"><span class=\"vc_empty_space_inner\"><\/span><\/div>\n\t<div class=\"wpb_text_column wpb_content_element\" >\n\t\t<div class=\"wpb_wrapper\">\n\t\t\t<p><strong>Karamelua Bilbo: Das Indica-Juwel von Genehtik Seeds.<\/strong><\/p>\n<p>&nbsp;<\/p>\n<p>Karamelua Bilbo ist die neue Sorte von Genehtik Seeds, die einen Wendepunkt in der modernen Indica-Szene markieren soll. Sie wurde in Bilbao vom Sch\u00f6pfer der legend\u00e4ren Bilbo-Sorten selektiert. Und genau wie Sorten wie Amnesia Bilbo, Gorila Bilbo, Super Silver Bilbo und nat\u00fcrlich die legend\u00e4re Kritikal Bilbo nach vielen Jahren voller Auszeichnungen und Preise weltweit die Gaumen erobert haben, sind wir \u00fcberzeugt, dass auch unsere Karamelua das Bilbo-Siegel verdienen wird.<\/p>\n<p>&nbsp;<\/p>\n<p>Mit einer sorgf\u00e4ltig ausgew\u00e4hlten genetischen Zusammensetzung, die auf ein s\u00fc\u00dfes und tiefenentspannendes Aromaprofil abzielt, repr\u00e4sentiert diese Kreation die hervorragende Arbeit von David Merino \u00fcber viele Jahre mit einigen der weltweit am meisten bewunderten afghanischen Sorten.<\/p>\n<p>&nbsp;<\/p>\n<h3>URSPRUNG UND KREUZUNG<\/h3>\n<p>&nbsp;<\/p>\n<p>Das R\u00fcckgrat dieser Hybrid-Sorte bildet Maple Leaf Indica, eine historische Sorte, die direkt von traditionellen Sorten aus Nordafghanistan und von Landrassen aus der Region Mazar-i-Sharif abstammt, welche jahrzehntelang zur Herstellung von Haschisch au\u00dfergew\u00f6hnlich hoher Qualit\u00e4t verwendet wurden. Ihr erdiges, s\u00fc\u00dfes und w\u00fcrziges Aroma sowie ihre enorme Harzproduktion machen sie zu einer der begehrtesten urspr\u00fcnglichen Indica-Sorten der Cannabiswelt.<\/p>\n<p>&nbsp;<\/p>\n<h3>ASPEKT<\/h3>\n<p>&nbsp;<\/p>\n<p>Karamelua Bilbo produziert kompakte, kr\u00e4ftige Indica-Pflanzen mit kurzen Zweigen, die eine breite, dichte Hauptbl\u00fcte entwickeln \u2013 ideal f\u00fcr die Sea of Green (SOG)-Methode. Ihre Bl\u00fcten sind dunkelgr\u00fcn und weisen einen sehr hohen Harzgehalt auf. Diese pflegeleichte Sorte gedeiht sowohl im Innen- als auch im Au\u00dfenbereich, wo sie zu riesigen Pflanzen heranwachsen kann. Die Bl\u00fctezeit im Innenbereich betr\u00e4gt 60 bis 65 Tage, der Ertrag liegt bei bis zu 600 g\/m\u00b2.<\/p>\n<p>&nbsp;<\/p>\n<h3>AROMA UND GESCHMACK<\/h3>\n<p>&nbsp;<\/p>\n<p>Die Entwicklung von Karamelua Bilbo basiert auf einer klaren Idee: die klassische Essenz der harzigsten afghanischen Indica-Sorten einzufangen. Die Kreuzung aus Maple Leaf, einer afghanischen Sorte, und unserer renommierten Widow Bilbo ist eine robustere und stabilere Sorte mit h\u00f6herem Bl\u00fctenertrag und s\u00fc\u00dfen, karamellisierten Nuancen. Sie beh\u00e4lt stets ihren Indica-Charakter, sowohl in der Wirkung als auch in ihrer Morphologie. Das Ergebnis ist Karamelua Bilbo, eine Sorte, die tiefe afghanische Aromen mit samtiger S\u00fc\u00dfe vereint und jede Bl\u00fcte zu einem einzigartigen Sinneserlebnis macht, bei dem sich karamellisierte Noten mit dem Duft von Kiefernharz vermischen.<\/p>\n<p>&nbsp;<\/p>\n<h3>WIRKUNG<\/h3>\n<p>&nbsp;<\/p>\n<p>Die Wirkung ist rein Indica (80% \u2013 20%), von tiefer Natur und wird sowohl zur k\u00f6rperlichen Entspannung als auch zum mentalen Abschalten w\u00e4rmstens empfohlen.<\/p>\n\n\t\t<\/div>\n\t<\/div>\n<div class=\"vc_empty_space\"   style=\"height: 20px\"><span class=\"vc_empty_space_inner\"><\/span><\/div>\n<div class=\"vc-zigzag-wrapper vc-zigzag-align-center\"><div class=\"vc-zigzag-inner\" style=\"width: 100%;min-height: 14px;background: 0 repeat-x url(&#039;data:image\/svg+xml;utf-8,%3C%3Fxml%20version%3D%221.0%22%20encoding%3D%22utf-8%22%3F%3E%3C%21DOCTYPE%20svg%20PUBLIC%20%22-%2F%2FW3C%2F%2FDTD%20SVG%201.1%2F%2FEN%22%20%22http%3A%2F%2Fwww.w3.org%2FGraphics%2FSVG%2F1.1%2FDTD%2Fsvg11.dtd%22%3E%3Csvg%20width%3D%2214px%22%20height%3D%2212px%22%20viewBox%3D%220%200%2018%2015%22%20version%3D%221.1%22%20xmlns%3D%22http%3A%2F%2Fwww.w3.org%2F2000%2Fsvg%22%20xmlns%3Axlink%3D%22http%3A%2F%2Fwww.w3.org%2F1999%2Fxlink%22%3E%3Cpolygon%20id%3D%22Combined-Shape%22%20fill%3D%22%236dab3c%22%20points%3D%228.98762301%200%200%209.12771969%200%2014.519983%209%205.40479869%2018%2014.519983%2018%209.12771969%22%3E%3C%2Fpolygon%3E%3C%2Fsvg%3E&#039;);\"><\/div><\/div><div class=\"vc_empty_space\"   style=\"height: 20px\"><span class=\"vc_empty_space_inner\"><\/span><\/div>\n\t<div class=\"wpb_text_column wpb_content_element\" >\n\t\t<div class=\"wpb_wrapper\">\n\t\t\t<p>Karamelua Bilbo stellt eine nat\u00fcrliche Weiterentwicklung der Arbeit von Genehtik Seeds dar und ist eine Hommage an die klassischen Wurzeln des afghanischen Cannabis. Sie vereint die besten Eigenschaften einer reinen Indica: Potenz, hohe Harzproduktion und traditionellen Geschmack, neu interpretiert nach Bilbao mit unserem einzigartigen Stil.<\/p>\n\n\t\t<\/div>\n\t<\/div>\n<\/div><\/div><\/div><\/div><\/div><div class=\"vc_row wpb_row vc_row-fluid edgtf-section edgtf-content-aligment-left\" style=\"\"><div class=\"clearfix edgtf-full-section-inner\"><div class=\"wpb_column vc_column_container vc_col-sm-12\"><div class=\"vc_column-inner\"><div class=\"wpb_wrapper\"><div class=\"vc_empty_space\"   style=\"height: 50px\"><span class=\"vc_empty_space_inner\"><\/span><\/div><\/div><\/div><\/div><\/div><\/div>\n<\/div>","protected":false},"excerpt":{"rendered":"<p>&nbsp;<\/p>\n<p>Blueback x Maple Leaf Indica x Widow Bilbo<\/p>\n<p>&nbsp;<\/p>\n<p>Indica (80% Indica \/ 20% Sativa)<\/p>\n<p>&nbsp;<\/p>","protected":false},"featured_media":5043174,"template":"","meta":{"bwfblock_default_font":""},"product_brand":[],"product_cat":[515,8,6],"product_tag":[],"class_list":{"0":"post-42520","1":"product","2":"type-product","3":"status-publish","4":"has-post-thumbnail","6":"product_cat-productos","7":"product_cat-semillas-de-marihuana","8":"product_cat-semillas-cannabis-feminizadas","10":"first","11":"instock","12":"sale","13":"shipping-taxable","14":"purchasable","15":"product-type-variable","16":"has-default-attributes"},"yoast_head":"<!-- This site is optimized with the Yoast SEO Premium plugin v23.0 (Yoast SEO v27.2) - https:\/\/yoast.com\/product\/yoast-seo-premium-wordpress\/ -->\n<title>Karamelua Bilbo - Comprar semilla de cannabis Karamelua Bilbo feminizada<\/title>\n<meta name=\"description\" content=\"Semilla de cannabis feminizada Karamelua Bilbo. Cruce de Blueback x Maple Leaf Indica x Widow Bilbo. Indica moderna con perfil aromatico dulce y relajante.\" \/>\n<meta name=\"robots\" content=\"index, follow, max-snippet:-1, max-image-preview:large, max-video-preview:-1\" \/>\n<link rel=\"canonical\" href=\"https:\/\/genehtik.com\/de\/produkt\/karamelua-bilbo\/\" \/>\n<meta property=\"og:locale\" content=\"de_DE\" \/>\n<meta property=\"og:type\" content=\"article\" \/>\n<meta property=\"og:title\" content=\"Karamelua Bilbo\" \/>\n<meta property=\"og:description\" content=\"Semilla de cannabis feminizada Karamelua Bilbo. Cruce de Blueback x Maple Leaf Indica x Widow Bilbo. Indica moderna con perfil aromatico dulce y relajante.\" \/>\n<meta property=\"og:url\" content=\"https:\/\/genehtik.com\/de\/produkt\/karamelua-bilbo\/\" \/>\n<meta property=\"og:site_name\" content=\"Genehtik\" \/>\n<meta property=\"article:publisher\" content=\"http:\/\/www.facebook.com\/Genehtik\" \/>\n<meta property=\"article:modified_time\" content=\"2026-02-26T12:11:37+00:00\" \/>\n<meta property=\"og:image\" content=\"https:\/\/genehtik.com\/wp-content\/uploads\/2025\/11\/Karamelua-Bilbo-genehtik.jpg\" \/>\n\t<meta property=\"og:image:width\" content=\"881\" \/>\n\t<meta property=\"og:image:height\" content=\"998\" \/>\n\t<meta property=\"og:image:type\" content=\"image\/jpeg\" \/>\n<meta name=\"twitter:card\" content=\"summary_large_image\" \/>\n<meta name=\"twitter:site\" content=\"@GenehtikEs\" \/>\n<meta name=\"twitter:label1\" content=\"Gesch\u00e4tzte Lesezeit\" \/>\n\t<meta name=\"twitter:data1\" content=\"4\u00a0Minuten\" \/>\n<script type=\"application\/ld+json\" class=\"yoast-schema-graph\">{\"@context\":\"https:\/\/schema.org\",\"@graph\":[{\"@type\":\"WebPage\",\"@id\":\"https:\/\/genehtik.com\/producto\/karamelua-bilbo\/\",\"url\":\"https:\/\/genehtik.com\/producto\/karamelua-bilbo\/\",\"name\":\"Karamelua Bilbo - Comprar semilla de cannabis Karamelua Bilbo feminizada\",\"isPartOf\":{\"@id\":\"https:\/\/genehtik.com\/#website\"},\"primaryImageOfPage\":{\"@id\":\"https:\/\/genehtik.com\/producto\/karamelua-bilbo\/#primaryimage\"},\"image\":{\"@id\":\"https:\/\/genehtik.com\/producto\/karamelua-bilbo\/#primaryimage\"},\"thumbnailUrl\":\"https:\/\/genehtik.com\/wp-content\/uploads\/2025\/11\/Karamelua-Bilbo-genehtik.jpg\",\"datePublished\":\"2025-11-28T10:29:16+00:00\",\"dateModified\":\"2026-02-26T12:11:37+00:00\",\"description\":\"Semilla de cannabis feminizada Karamelua Bilbo. Cruce de Blueback x Maple Leaf Indica x Widow Bilbo. Indica moderna con perfil aromatico dulce y relajante.\",\"breadcrumb\":{\"@id\":\"https:\/\/genehtik.com\/producto\/karamelua-bilbo\/#breadcrumb\"},\"inLanguage\":\"de\",\"potentialAction\":[{\"@type\":\"ReadAction\",\"target\":[\"https:\/\/genehtik.com\/producto\/karamelua-bilbo\/\"]}]},{\"@type\":\"ImageObject\",\"inLanguage\":\"de\",\"@id\":\"https:\/\/genehtik.com\/producto\/karamelua-bilbo\/#primaryimage\",\"url\":\"https:\/\/genehtik.com\/wp-content\/uploads\/2025\/11\/Karamelua-Bilbo-genehtik.jpg\",\"contentUrl\":\"https:\/\/genehtik.com\/wp-content\/uploads\/2025\/11\/Karamelua-Bilbo-genehtik.jpg\",\"width\":881,\"height\":998,\"caption\":\"Karamelua-Bilbo-genehtik\"},{\"@type\":\"BreadcrumbList\",\"@id\":\"https:\/\/genehtik.com\/producto\/karamelua-bilbo\/#breadcrumb\",\"itemListElement\":[{\"@type\":\"ListItem\",\"position\":1,\"name\":\"Home\",\"item\":\"https:\/\/genehtik.com\/\"},{\"@type\":\"ListItem\",\"position\":2,\"name\":\"Comprar semillas de cannabis Genehtik\",\"item\":\"https:\/\/genehtik.com\/tienda\/\"},{\"@type\":\"ListItem\",\"position\":3,\"name\":\"Karamelua Bilbo\"}]},{\"@type\":\"WebSite\",\"@id\":\"https:\/\/genehtik.com\/#website\",\"url\":\"https:\/\/genehtik.com\/\",\"name\":\"Genehtik\",\"description\":\"Banco de semillas de cannabis feminizadas y autoflorecientes de calidad y garant\u00eda\",\"potentialAction\":[{\"@type\":\"SearchAction\",\"target\":{\"@type\":\"EntryPoint\",\"urlTemplate\":\"https:\/\/genehtik.com\/?s={search_term_string}\"},\"query-input\":{\"@type\":\"PropertyValueSpecification\",\"valueRequired\":true,\"valueName\":\"search_term_string\"}}],\"inLanguage\":\"de\"}]}<\/script>\n<!-- \/ Yoast SEO Premium plugin. -->","yoast_head_json":{"title":"Karamelua Bilbo - Comprar semilla de cannabis Karamelua Bilbo feminizada","description":"Semilla de cannabis feminizada Karamelua Bilbo. Cruce de Blueback x Maple Leaf Indica x Widow Bilbo. Indica moderna con perfil aromatico dulce y relajante.","robots":{"index":"index","follow":"follow","max-snippet":"max-snippet:-1","max-image-preview":"max-image-preview:large","max-video-preview":"max-video-preview:-1"},"canonical":"https:\/\/genehtik.com\/de\/produkt\/karamelua-bilbo\/","og_locale":"de_DE","og_type":"article","og_title":"Karamelua Bilbo","og_description":"Semilla de cannabis feminizada Karamelua Bilbo. Cruce de Blueback x Maple Leaf Indica x Widow Bilbo. Indica moderna con perfil aromatico dulce y relajante.","og_url":"https:\/\/genehtik.com\/de\/produkt\/karamelua-bilbo\/","og_site_name":"Genehtik","article_publisher":"http:\/\/www.facebook.com\/Genehtik","article_modified_time":"2026-02-26T12:11:37+00:00","og_image":[{"width":881,"height":998,"url":"https:\/\/genehtik.com\/wp-content\/uploads\/2025\/11\/Karamelua-Bilbo-genehtik.jpg","type":"image\/jpeg"}],"twitter_card":"summary_large_image","twitter_site":"@GenehtikEs","twitter_misc":{"Gesch\u00e4tzte Lesezeit":"4\u00a0Minuten"},"schema":{"@context":"https:\/\/schema.org","@graph":[{"@type":"WebPage","@id":"https:\/\/genehtik.com\/producto\/karamelua-bilbo\/","url":"https:\/\/genehtik.com\/producto\/karamelua-bilbo\/","name":"Karamelua Bilbo - Comprar semilla de cannabis Karamelua Bilbo feminizada","isPartOf":{"@id":"https:\/\/genehtik.com\/#website"},"primaryImageOfPage":{"@id":"https:\/\/genehtik.com\/producto\/karamelua-bilbo\/#primaryimage"},"image":{"@id":"https:\/\/genehtik.com\/producto\/karamelua-bilbo\/#primaryimage"},"thumbnailUrl":"https:\/\/genehtik.com\/wp-content\/uploads\/2025\/11\/Karamelua-Bilbo-genehtik.jpg","datePublished":"2025-11-28T10:29:16+00:00","dateModified":"2026-02-26T12:11:37+00:00","description":"Semilla de cannabis feminizada Karamelua Bilbo. Cruce de Blueback x Maple Leaf Indica x Widow Bilbo. Indica moderna con perfil aromatico dulce y relajante.","breadcrumb":{"@id":"https:\/\/genehtik.com\/producto\/karamelua-bilbo\/#breadcrumb"},"inLanguage":"de","potentialAction":[{"@type":"ReadAction","target":["https:\/\/genehtik.com\/producto\/karamelua-bilbo\/"]}]},{"@type":"ImageObject","inLanguage":"de","@id":"https:\/\/genehtik.com\/producto\/karamelua-bilbo\/#primaryimage","url":"https:\/\/genehtik.com\/wp-content\/uploads\/2025\/11\/Karamelua-Bilbo-genehtik.jpg","contentUrl":"https:\/\/genehtik.com\/wp-content\/uploads\/2025\/11\/Karamelua-Bilbo-genehtik.jpg","width":881,"height":998,"caption":"Karamelua-Bilbo-genehtik"},{"@type":"BreadcrumbList","@id":"https:\/\/genehtik.com\/producto\/karamelua-bilbo\/#breadcrumb","itemListElement":[{"@type":"ListItem","position":1,"name":"Home","item":"https:\/\/genehtik.com\/"},{"@type":"ListItem","position":2,"name":"Comprar semillas de cannabis Genehtik","item":"https:\/\/genehtik.com\/tienda\/"},{"@type":"ListItem","position":3,"name":"Karamelua Bilbo"}]},{"@type":"WebSite","@id":"https:\/\/genehtik.com\/#website","url":"https:\/\/genehtik.com\/","name":"Genehtik","description":"Hochwertige und garantierte feminisierte und selbstbl\u00fchende Cannabis-Samenbank","potentialAction":[{"@type":"SearchAction","target":{"@type":"EntryPoint","urlTemplate":"https:\/\/genehtik.com\/?s={search_term_string}"},"query-input":{"@type":"PropertyValueSpecification","valueRequired":true,"valueName":"search_term_string"}}],"inLanguage":"de"}]}},"_links":{"self":[{"href":"https:\/\/genehtik.com\/de\/wp-json\/wp\/v2\/product\/42520","targetHints":{"allow":["GET"]}}],"collection":[{"href":"https:\/\/genehtik.com\/de\/wp-json\/wp\/v2\/product"}],"about":[{"href":"https:\/\/genehtik.com\/de\/wp-json\/wp\/v2\/types\/product"}],"wp:featuredmedia":[{"embeddable":true,"href":"https:\/\/genehtik.com\/de\/wp-json\/wp\/v2\/media\/5043174"}],"wp:attachment":[{"href":"https:\/\/genehtik.com\/de\/wp-json\/wp\/v2\/media?parent=42520"}],"wp:term":[{"taxonomy":"product_brand","embeddable":true,"href":"https:\/\/genehtik.com\/de\/wp-json\/wp\/v2\/product_brand?post=42520"},{"taxonomy":"product_cat","embeddable":true,"href":"https:\/\/genehtik.com\/de\/wp-json\/wp\/v2\/product_cat?post=42520"},{"taxonomy":"product_tag","embeddable":true,"href":"https:\/\/genehtik.com\/de\/wp-json\/wp\/v2\/product_tag?post=42520"}],"curies":[{"name":"wp","href":"https:\/\/api.w.org\/{rel}","templated":true}]}}