{"id":4830,"date":"2015-07-02T09:28:18","date_gmt":"2015-07-02T09:28:18","guid":{"rendered":"https:\/\/clon.genehtik.com\/?post_type=product&#038;p=4830"},"modified":"2026-04-07T10:16:44","modified_gmt":"2026-04-07T10:16:44","slug":"kritikal-bilbo-auto","status":"publish","type":"product","link":"https:\/\/genehtik.com\/de\/produkt\/kritikal-bilbo-auto\/","title":{"rendered":"Kritischer Bilbo Auto"},"content":{"rendered":"<div class=\"wpb-content-wrapper\"><div class=\"vc_row wpb_row vc_row-fluid edgtf-section edgtf-content-aligment-left\" style=\"\"><div class=\"clearfix edgtf-full-section-inner\"><div class=\"wpb_column vc_column_container vc_col-sm-12\"><div class=\"vc_column-inner\"><div class=\"wpb_wrapper\">\n\t<div class=\"wpb_text_column wpb_content_element\" >\n\t\t<div class=\"wpb_wrapper\">\n\t\t\t<p><strong>Kerl:<\/strong> Kritikal Bilbo Autoflowering Hybrid<\/p>\n<p><strong>Inl\u00e4ndische Produktion:<\/strong>\u00a0500-600 g\/m\u00b2<\/p>\n<p><strong>Externe Produktion:<\/strong>\u00a0125\u2013200 g\/Pflanze<\/p>\n<p><strong>Bl\u00fcte in Innenr\u00e4umen:<\/strong> 60 Tage<\/p>\n<p><strong>Freilandernte:<\/strong> 8 Wochen<\/p>\n<p>Durch mehrere R\u00fcckkreuzungen des renommierten und preisgekr\u00f6nten Cannabissamens Kritikal Bilbo mit selbstbl\u00fchenden Sorten haben wir diese neue Sorte erhalten. Das Ergebnis dieser Kreuzungen ist eine Cannabispflanze mit fruchtigen Aromen, einer narkotischen Wirkung und einem guten Ertrag.<\/p>\n<p>Sie hat eine rasante Wachstumsrate von kaum zwei Wochen und bl\u00fcht automatisch mit einem Aussehen, das dem von Kritikal Bilbo sehr \u00e4hnlich ist.<\/p>\n<p>Dies ist eine neue Generation feminisierter, selbstbl\u00fchender Samen, die dank verschiedener Kreuzungen, mit denen wir gearbeitet haben, potenter und ertragreicher sind. Die Pflanzen erreichen eine mittlere Gr\u00f6\u00dfe und eignen sich ideal f\u00fcr diskrete Au\u00dfenbereiche, Balkone und Terrassen.<\/p>\n<p>Mit Kritikal Bilbo Auto erzielen wir beim Indoor-Anbau gro\u00dfartige Ergebnisse; die Pflanzen erreichen eine H\u00f6he von etwa 60 bis 70 cm und sogar noch mehr.<\/p>\n<p>Dieser Cannabissamen bringt buschige Pflanzen wie Kritikal Bilbo hervor. Er zeichnet sich au\u00dferdem durch dichte, hocharomatische Bl\u00fctenst\u00e4nde aus, die stark an die Elternsorte erinnern.<\/p>\n<p>Ideal f\u00fcr alle, die einen selbstbl\u00fchenden Samen mit fruchtigen und s\u00fc\u00dfen Aromen und Geschmacksrichtungen suchen.<\/p>\n<h2><\/h2>\n\n\t\t<\/div>\n\t<\/div>\n<\/div><\/div><\/div><\/div><\/div><div class=\"vc_row wpb_row vc_row-fluid edgtf-section edgtf-content-aligment-left\" style=\"\"><div class=\"clearfix edgtf-full-section-inner\"><div class=\"wpb_column vc_column_container vc_col-sm-12\"><div class=\"vc_column-inner\"><div class=\"wpb_wrapper\">\n\t<div class=\"wpb_text_column wpb_content_element\" >\n\t\t<div class=\"wpb_wrapper\">\n\t\t\t<h2>Video des Cannabissamens KRITIKAL BILBO AUTO<\/h2>\n\n\t\t<\/div>\n\t<\/div>\n\n\t<div class=\"wpb_video_widget wpb_content_element vc_clearfix   vc_custom_1775556998879 vc_video-aspect-ratio-169 vc_video-el-width-100 vc_video-align-left\" >\n\t\t<div class=\"wpb_wrapper\">\n\t\t\t\n\t\t\t<div class=\"wpb_video_wrapper\"><div class=\"lazyload smush-lazyload-video smush-lazyload-vimeo\" style=\"--smush-video-aspect-ratio: 500\/281\" data-bg-image=\"url(https:\/\/i.vimeocdn.com\/video\/826505901-4dadf86abea49955cee1325c8c8ff8adbfd69cb285999eac1847dfbf96e784f1-d_640?region=us)\" ><iframe title=\"Kritikal Bilbo Auto - feminisierter, selbstbl\u00fchender Cannabissamen\" data-src=\"https:\/\/player.vimeo.com\/video\/369531593?dnt=1&amp;app_id=122963\" width=\"500\" height=\"281\" frameborder=\"0\" allow=\"autoplay; fullscreen; picture-in-picture\" src=\"data:image\/svg+xml;base64,PHN2ZyB3aWR0aD0iMSIgaGVpZ2h0PSIxIiB4bWxucz0iaHR0cDovL3d3dy53My5vcmcvMjAwMC9zdmciPjwvc3ZnPg==\"><\/iframe><span class=\"smush-play-btn\" role=\"button\" aria-label=\"Play video\">\r\n\t\t\t\t<span tabindex=\"0\" class=\"smush-play-btn-inner\">\r\n\t\t\t\t\t<span>Play<\/span>\r\n\t\t\t\t<\/span>\r\n\t\t\t<\/span><\/div><\/div>\n\t\t<\/div>\n\t<\/div>\n<div class=\"vc_empty_space\"   style=\"height: 32px\"><span class=\"vc_empty_space_inner\"><\/span><\/div><\/div><\/div><\/div><\/div><\/div><div class=\"vc_row wpb_row vc_row-fluid edgtf-section edgtf-content-aligment-left\" style=\"\"><div class=\"clearfix edgtf-full-section-inner\"><div class=\"wpb_column vc_column_container vc_col-sm-12\"><div class=\"vc_column-inner\"><div class=\"wpb_wrapper\">\n\t<div class=\"wpb_text_column wpb_content_element\" >\n\t\t<div class=\"wpb_wrapper\">\n\t\t\t<h2 style=\"text-align: center;\">Mehr \u00fcber die selbstbl\u00fchenden Samen von Genehtik unter\u2026 <a href=\"https:\/\/criticalbilbo.com\/autoflorecientes-la-revolucion-genetica-del-cannabis\/\">www.criticalbilbo.com<\/a><\/h2>\n\n\t\t<\/div>\n\t<\/div>\n<\/div><\/div><\/div><\/div><\/div><div class=\"vc_row wpb_row vc_row-fluid edgtf-section edgtf-content-aligment-left\" style=\"\"><div class=\"clearfix edgtf-full-section-inner\"><div class=\"wpb_column vc_column_container vc_col-sm-12\"><div class=\"vc_column-inner\"><div class=\"wpb_wrapper\"><div class=\"vc_empty_space\"   style=\"height: 50px\"><span class=\"vc_empty_space_inner\"><\/span><\/div><\/div><\/div><\/div><\/div><\/div>\n<\/div>","protected":false},"excerpt":{"rendered":"<p>Feminisierter selbstbl\u00fchender Cannabissamen Kritikal Bilbo<\/p>","protected":false},"featured_media":4834,"template":"","meta":{"bwfblock_default_font":""},"product_brand":[],"product_cat":[515,9,8],"product_tag":[269,288,270,268,284,271,272],"class_list":{"0":"post-4830","1":"product","2":"type-product","3":"status-publish","4":"has-post-thumbnail","6":"product_cat-productos","7":"product_cat-semillas-cannabis-autoflorecientes","8":"product_cat-semillas-de-marihuana","9":"product_tag-cannabis","10":"product_tag-kritkal-bilbo-autofloreciente","11":"product_tag-marihuana","12":"product_tag-semillas","13":"product_tag-semillas-autoflorecientes","14":"product_tag-semillas-de-cannabis","15":"product_tag-semillas-de-marihuana","17":"first","18":"instock","19":"shipping-taxable","20":"purchasable","21":"product-type-variable","22":"has-default-attributes"},"yoast_head":"<!-- This site is optimized with the Yoast SEO Premium plugin v23.0 (Yoast SEO v27.2) - https:\/\/yoast.com\/product\/yoast-seo-premium-wordpress\/ -->\n<title>Kritikal Bilbo Auto - Semilla de marihuana autofloreciente<\/title>\n<meta name=\"description\" content=\"Semilla de marihuana autofloreciente feminizada Kritikal Bilbo Auto. Potente y productiva, sabor y aroma afrutados con efecto n\u00e1rcotico y buena producci\u00f3n.\" \/>\n<meta name=\"robots\" content=\"index, follow, max-snippet:-1, max-image-preview:large, max-video-preview:-1\" \/>\n<link rel=\"canonical\" href=\"https:\/\/genehtik.com\/de\/produkt\/kritikal-bilbo-auto\/\" \/>\n<meta property=\"og:locale\" content=\"de_DE\" \/>\n<meta property=\"og:type\" content=\"article\" \/>\n<meta property=\"og:title\" content=\"Kritikal Bilbo Auto\" \/>\n<meta property=\"og:description\" content=\"Semilla de marihuana autofloreciente feminizada Kritikal Bilbo Auto. Potente y productiva, sabor y aroma afrutados con efecto n\u00e1rcotico y buena producci\u00f3n.\" \/>\n<meta property=\"og:url\" content=\"https:\/\/genehtik.com\/de\/produkt\/kritikal-bilbo-auto\/\" \/>\n<meta property=\"og:site_name\" content=\"Genehtik\" \/>\n<meta property=\"article:publisher\" content=\"http:\/\/www.facebook.com\/Genehtik\" \/>\n<meta property=\"article:modified_time\" content=\"2026-04-07T10:16:44+00:00\" \/>\n<meta property=\"og:image\" content=\"https:\/\/genehtik.com\/wp-content\/uploads\/2015\/07\/KRITIKAL-BILBO-AUTO-GENEHTIK.jpg\" \/>\n\t<meta property=\"og:image:width\" content=\"567\" \/>\n\t<meta property=\"og:image:height\" content=\"753\" \/>\n\t<meta property=\"og:image:type\" content=\"image\/jpeg\" \/>\n<meta name=\"twitter:card\" content=\"summary_large_image\" \/>\n<meta name=\"twitter:site\" content=\"@GenehtikEs\" \/>\n<meta name=\"twitter:label1\" content=\"Gesch\u00e4tzte Lesezeit\" \/>\n\t<meta name=\"twitter:data1\" content=\"2\u00a0Minuten\" \/>\n<script type=\"application\/ld+json\" class=\"yoast-schema-graph\">{\"@context\":\"https:\/\/schema.org\",\"@graph\":[{\"@type\":\"WebPage\",\"@id\":\"https:\/\/genehtik.com\/producto\/kritikal-bilbo-auto\/\",\"url\":\"https:\/\/genehtik.com\/producto\/kritikal-bilbo-auto\/\",\"name\":\"Kritikal Bilbo Auto - Semilla de marihuana autofloreciente\",\"isPartOf\":{\"@id\":\"https:\/\/genehtik.com\/#website\"},\"primaryImageOfPage\":{\"@id\":\"https:\/\/genehtik.com\/producto\/kritikal-bilbo-auto\/#primaryimage\"},\"image\":{\"@id\":\"https:\/\/genehtik.com\/producto\/kritikal-bilbo-auto\/#primaryimage\"},\"thumbnailUrl\":\"https:\/\/genehtik.com\/wp-content\/uploads\/2015\/07\/KRITIKAL-BILBO-AUTO-GENEHTIK.jpg\",\"datePublished\":\"2015-07-02T09:28:18+00:00\",\"dateModified\":\"2026-04-07T10:16:44+00:00\",\"description\":\"Semilla de marihuana autofloreciente feminizada Kritikal Bilbo Auto. Potente y productiva, sabor y aroma afrutados con efecto n\u00e1rcotico y buena producci\u00f3n.\",\"breadcrumb\":{\"@id\":\"https:\/\/genehtik.com\/producto\/kritikal-bilbo-auto\/#breadcrumb\"},\"inLanguage\":\"de\",\"potentialAction\":[{\"@type\":\"ReadAction\",\"target\":[\"https:\/\/genehtik.com\/producto\/kritikal-bilbo-auto\/\"]}]},{\"@type\":\"ImageObject\",\"inLanguage\":\"de\",\"@id\":\"https:\/\/genehtik.com\/producto\/kritikal-bilbo-auto\/#primaryimage\",\"url\":\"https:\/\/genehtik.com\/wp-content\/uploads\/2015\/07\/KRITIKAL-BILBO-AUTO-GENEHTIK.jpg\",\"contentUrl\":\"https:\/\/genehtik.com\/wp-content\/uploads\/2015\/07\/KRITIKAL-BILBO-AUTO-GENEHTIK.jpg\",\"width\":567,\"height\":753,\"caption\":\"Semilla de cannabis Kritikal Bilbo Autofloreciente\"},{\"@type\":\"BreadcrumbList\",\"@id\":\"https:\/\/genehtik.com\/producto\/kritikal-bilbo-auto\/#breadcrumb\",\"itemListElement\":[{\"@type\":\"ListItem\",\"position\":1,\"name\":\"Home\",\"item\":\"https:\/\/genehtik.com\/\"},{\"@type\":\"ListItem\",\"position\":2,\"name\":\"Comprar semillas de cannabis Genehtik\",\"item\":\"https:\/\/genehtik.com\/tienda\/\"},{\"@type\":\"ListItem\",\"position\":3,\"name\":\"Kritikal Bilbo Auto\"}]},{\"@type\":\"WebSite\",\"@id\":\"https:\/\/genehtik.com\/#website\",\"url\":\"https:\/\/genehtik.com\/\",\"name\":\"Genehtik\",\"description\":\"Banco de semillas de cannabis feminizadas y autoflorecientes de calidad y garant\u00eda\",\"potentialAction\":[{\"@type\":\"SearchAction\",\"target\":{\"@type\":\"EntryPoint\",\"urlTemplate\":\"https:\/\/genehtik.com\/?s={search_term_string}\"},\"query-input\":{\"@type\":\"PropertyValueSpecification\",\"valueRequired\":true,\"valueName\":\"search_term_string\"}}],\"inLanguage\":\"de\"}]}<\/script>\n<!-- \/ Yoast SEO Premium plugin. -->","yoast_head_json":{"title":"Kritikal Bilbo Auto - Semilla de marihuana autofloreciente","description":"Semilla de marihuana autofloreciente feminizada Kritikal Bilbo Auto. Potente y productiva, sabor y aroma afrutados con efecto n\u00e1rcotico y buena producci\u00f3n.","robots":{"index":"index","follow":"follow","max-snippet":"max-snippet:-1","max-image-preview":"max-image-preview:large","max-video-preview":"max-video-preview:-1"},"canonical":"https:\/\/genehtik.com\/de\/produkt\/kritikal-bilbo-auto\/","og_locale":"de_DE","og_type":"article","og_title":"Kritikal Bilbo Auto","og_description":"Semilla de marihuana autofloreciente feminizada Kritikal Bilbo Auto. Potente y productiva, sabor y aroma afrutados con efecto n\u00e1rcotico y buena producci\u00f3n.","og_url":"https:\/\/genehtik.com\/de\/produkt\/kritikal-bilbo-auto\/","og_site_name":"Genehtik","article_publisher":"http:\/\/www.facebook.com\/Genehtik","article_modified_time":"2026-04-07T10:16:44+00:00","og_image":[{"width":567,"height":753,"url":"https:\/\/genehtik.com\/wp-content\/uploads\/2015\/07\/KRITIKAL-BILBO-AUTO-GENEHTIK.jpg","type":"image\/jpeg"}],"twitter_card":"summary_large_image","twitter_site":"@GenehtikEs","twitter_misc":{"Gesch\u00e4tzte Lesezeit":"2\u00a0Minuten"},"schema":{"@context":"https:\/\/schema.org","@graph":[{"@type":"WebPage","@id":"https:\/\/genehtik.com\/producto\/kritikal-bilbo-auto\/","url":"https:\/\/genehtik.com\/producto\/kritikal-bilbo-auto\/","name":"Kritikal Bilbo Auto - Semilla de marihuana autofloreciente","isPartOf":{"@id":"https:\/\/genehtik.com\/#website"},"primaryImageOfPage":{"@id":"https:\/\/genehtik.com\/producto\/kritikal-bilbo-auto\/#primaryimage"},"image":{"@id":"https:\/\/genehtik.com\/producto\/kritikal-bilbo-auto\/#primaryimage"},"thumbnailUrl":"https:\/\/genehtik.com\/wp-content\/uploads\/2015\/07\/KRITIKAL-BILBO-AUTO-GENEHTIK.jpg","datePublished":"2015-07-02T09:28:18+00:00","dateModified":"2026-04-07T10:16:44+00:00","description":"Semilla de marihuana autofloreciente feminizada Kritikal Bilbo Auto. Potente y productiva, sabor y aroma afrutados con efecto n\u00e1rcotico y buena producci\u00f3n.","breadcrumb":{"@id":"https:\/\/genehtik.com\/producto\/kritikal-bilbo-auto\/#breadcrumb"},"inLanguage":"de","potentialAction":[{"@type":"ReadAction","target":["https:\/\/genehtik.com\/producto\/kritikal-bilbo-auto\/"]}]},{"@type":"ImageObject","inLanguage":"de","@id":"https:\/\/genehtik.com\/producto\/kritikal-bilbo-auto\/#primaryimage","url":"https:\/\/genehtik.com\/wp-content\/uploads\/2015\/07\/KRITIKAL-BILBO-AUTO-GENEHTIK.jpg","contentUrl":"https:\/\/genehtik.com\/wp-content\/uploads\/2015\/07\/KRITIKAL-BILBO-AUTO-GENEHTIK.jpg","width":567,"height":753,"caption":"Semilla de cannabis Kritikal Bilbo Autofloreciente"},{"@type":"BreadcrumbList","@id":"https:\/\/genehtik.com\/producto\/kritikal-bilbo-auto\/#breadcrumb","itemListElement":[{"@type":"ListItem","position":1,"name":"Home","item":"https:\/\/genehtik.com\/"},{"@type":"ListItem","position":2,"name":"Comprar semillas de cannabis Genehtik","item":"https:\/\/genehtik.com\/tienda\/"},{"@type":"ListItem","position":3,"name":"Kritikal Bilbo Auto"}]},{"@type":"WebSite","@id":"https:\/\/genehtik.com\/#website","url":"https:\/\/genehtik.com\/","name":"Genehtik","description":"Hochwertige und garantierte feminisierte und selbstbl\u00fchende Cannabis-Samenbank","potentialAction":[{"@type":"SearchAction","target":{"@type":"EntryPoint","urlTemplate":"https:\/\/genehtik.com\/?s={search_term_string}"},"query-input":{"@type":"PropertyValueSpecification","valueRequired":true,"valueName":"search_term_string"}}],"inLanguage":"de"}]}},"_links":{"self":[{"href":"https:\/\/genehtik.com\/de\/wp-json\/wp\/v2\/product\/4830","targetHints":{"allow":["GET"]}}],"collection":[{"href":"https:\/\/genehtik.com\/de\/wp-json\/wp\/v2\/product"}],"about":[{"href":"https:\/\/genehtik.com\/de\/wp-json\/wp\/v2\/types\/product"}],"wp:featuredmedia":[{"embeddable":true,"href":"https:\/\/genehtik.com\/de\/wp-json\/wp\/v2\/media\/4834"}],"wp:attachment":[{"href":"https:\/\/genehtik.com\/de\/wp-json\/wp\/v2\/media?parent=4830"}],"wp:term":[{"taxonomy":"product_brand","embeddable":true,"href":"https:\/\/genehtik.com\/de\/wp-json\/wp\/v2\/product_brand?post=4830"},{"taxonomy":"product_cat","embeddable":true,"href":"https:\/\/genehtik.com\/de\/wp-json\/wp\/v2\/product_cat?post=4830"},{"taxonomy":"product_tag","embeddable":true,"href":"https:\/\/genehtik.com\/de\/wp-json\/wp\/v2\/product_tag?post=4830"}],"curies":[{"name":"wp","href":"https:\/\/api.w.org\/{rel}","templated":true}]}}