{"id":4841,"date":"2015-07-02T10:06:03","date_gmt":"2015-07-02T10:06:03","guid":{"rendered":"https:\/\/clon.genehtik.com\/?post_type=product&#038;p=4841"},"modified":"2026-04-07T10:15:49","modified_gmt":"2026-04-07T10:15:49","slug":"northern-lights-auto","status":"publish","type":"product","link":"https:\/\/genehtik.com\/de\/produkt\/northern-lights-auto\/","title":{"rendered":"Nordlichter Auto"},"content":{"rendered":"<div class=\"wpb-content-wrapper\"><div class=\"vc_row wpb_row vc_row-fluid edgtf-section edgtf-content-aligment-left\" style=\"\"><div class=\"clearfix edgtf-full-section-inner\"><div class=\"wpb_column vc_column_container vc_col-sm-12\"><div class=\"vc_column-inner\"><div class=\"wpb_wrapper\">\n\t<div class=\"wpb_text_column wpb_content_element\" >\n\t\t<div class=\"wpb_wrapper\">\n\t\t\t<p><strong>Kerl:<\/strong> Hybrid Northern Lights X Autoflowering<\/p>\n<p><strong>Innenausbau:<\/strong>\u00a0550-650 g\/m\u00b2<\/p>\n<p><strong>Externe Produktion:<\/strong>\u00a0140\u2013220 g\/Pflanze<\/p>\n<p><strong>Bl\u00fcte in Innenr\u00e4umen:<\/strong>\u00a060-75 Tage<\/p>\n<p><strong>Freilandernte:<\/strong> 9 Wochen<\/p>\n<p>Dieser feminisierte Cannabissamen ist eine Hybride, die aus verschiedenen Kreuzungen des legend\u00e4ren NORTHERN LIGHTS-Samens mit einer selbstbl\u00fchenden Sorte hervorgegangen ist. Er bringt eine ertragreiche und potente selbstbl\u00fchende Pflanze hervor.<\/p>\n<p>Dieser feminisierte Samen ben\u00f6tigt etwa zwei Wochen zum Keimen und beginnt schnell zu bl\u00fchen.<\/p>\n<p>Northern Lights Auto hat eine gute Gr\u00f6\u00dfe f\u00fcr eine selbstbl\u00fchende Sorte und w\u00e4chst sehr verzweigt. An den Seitenzweigen bildet sie hervorragende Bl\u00fctenst\u00e4nde, was sie ideal f\u00fcr den diskreten Anbau im Freien macht. Im Innenbereich, unter einem 20\/4-Lichtzyklus, f\u00fcllt sie den Raum gut aus und bringt gro\u00dfe und ertragreiche Cannabispflanzen hervor.<\/p>\n<p>Dichte, harzige Bl\u00fcten mit einem s\u00fc\u00dflich-w\u00fcrzigen Aroma und Geschmack. Aufgrund der \u00fcberwiegenden Indica-Genetik ist die Wirkung stark narkotisch und die Potenz hoch.<\/p>\n<h2><\/h2>\n\n\t\t<\/div>\n\t<\/div>\n<\/div><\/div><\/div><\/div><\/div><div class=\"vc_row wpb_row vc_row-fluid edgtf-section edgtf-content-aligment-left\" style=\"\"><div class=\"clearfix edgtf-full-section-inner\"><div class=\"wpb_column vc_column_container vc_col-sm-12\"><div class=\"vc_column-inner\"><div class=\"wpb_wrapper\">\n\t<div class=\"wpb_text_column wpb_content_element\" >\n\t\t<div class=\"wpb_wrapper\">\n\t\t\t<h2 style=\"text-align: center;\">Video des Cannabis-Samens NORTHERN LIGHTS AUTO<\/h2>\n\n\t\t<\/div>\n\t<\/div>\n\n\t<div class=\"wpb_video_widget wpb_content_element vc_clearfix   vc_custom_1775556879579 vc_video-aspect-ratio-169 vc_video-el-width-100 vc_video-align-left\" >\n\t\t<div class=\"wpb_wrapper\">\n\t\t\t\n\t\t\t<div class=\"wpb_video_wrapper\"><div class=\"lazyload smush-lazyload-video smush-lazyload-vimeo\" style=\"--smush-video-aspect-ratio: 500\/281\" data-bg-image=\"url(https:\/\/i.vimeocdn.com\/video\/829463573-926272a946fa44fc7a04ee18fc5dabca5de177f10bd9adc75606856619a10374-d_640?region=us)\" ><iframe title=\"Northern Lights Auto - feminisierte selbstbl\u00fchende Cannabissamen\" data-src=\"https:\/\/player.vimeo.com\/video\/371833940?dnt=1&amp;app_id=122963\" width=\"500\" height=\"281\" frameborder=\"0\" allow=\"autoplay; fullscreen; picture-in-picture\" src=\"data:image\/svg+xml;base64,PHN2ZyB3aWR0aD0iMSIgaGVpZ2h0PSIxIiB4bWxucz0iaHR0cDovL3d3dy53My5vcmcvMjAwMC9zdmciPjwvc3ZnPg==\"><\/iframe><span class=\"smush-play-btn\" role=\"button\" aria-label=\"Play video\">\r\n\t\t\t\t<span tabindex=\"0\" class=\"smush-play-btn-inner\">\r\n\t\t\t\t\t<span>Play<\/span>\r\n\t\t\t\t<\/span>\r\n\t\t\t<\/span><\/div><\/div>\n\t\t<\/div>\n\t<\/div>\n<div class=\"vc_empty_space\"   style=\"height: 32px\"><span class=\"vc_empty_space_inner\"><\/span><\/div><\/div><\/div><\/div><\/div><\/div><div class=\"vc_row wpb_row vc_row-fluid edgtf-section edgtf-content-aligment-left\" style=\"\"><div class=\"clearfix edgtf-full-section-inner\"><div class=\"wpb_column vc_column_container vc_col-sm-12\"><div class=\"vc_column-inner\"><div class=\"wpb_wrapper\">\n\t<div class=\"wpb_text_column wpb_content_element\" >\n\t\t<div class=\"wpb_wrapper\">\n\t\t\t<h2 style=\"text-align: center;\">Erfahren Sie mehr \u00fcber die selbstbl\u00fchenden Samen von Genehtik unter\u2026 <a href=\"https:\/\/criticalbilbo.com\/autoflorecientes-la-revolucion-genetica-del-cannabis\/\">www.criticalbilbo.com<\/a><\/h2>\n\n\t\t<\/div>\n\t<\/div>\n<\/div><\/div><\/div><\/div><\/div><div class=\"vc_row wpb_row vc_row-fluid edgtf-section edgtf-content-aligment-left\" style=\"\"><div class=\"clearfix edgtf-full-section-inner\"><div class=\"wpb_column vc_column_container vc_col-sm-12\"><div class=\"vc_column-inner\"><div class=\"wpb_wrapper\"><div class=\"vc_empty_space\"   style=\"height: 50px\"><span class=\"vc_empty_space_inner\"><\/span><\/div><\/div><\/div><\/div><\/div><\/div>\n<\/div>","protected":false},"excerpt":{"rendered":"<p>Northern Lights Autoflowering Feminisierter Cannabis-Samen<\/p>","protected":false},"featured_media":4842,"template":"","meta":{"bwfblock_default_font":""},"product_brand":[],"product_cat":[515,9,8],"product_tag":[269,270,283,268,284,271,272],"class_list":{"0":"post-4841","1":"product","2":"type-product","3":"status-publish","4":"has-post-thumbnail","6":"product_cat-productos","7":"product_cat-semillas-cannabis-autoflorecientes","8":"product_cat-semillas-de-marihuana","9":"product_tag-cannabis","10":"product_tag-marihuana","11":"product_tag-northern-lights-autofloreciente","12":"product_tag-semillas","13":"product_tag-semillas-autoflorecientes","14":"product_tag-semillas-de-cannabis","15":"product_tag-semillas-de-marihuana","17":"first","18":"instock","19":"shipping-taxable","20":"purchasable","21":"product-type-variable","22":"has-default-attributes"},"yoast_head":"<!-- This site is optimized with the Yoast SEO Premium plugin v23.0 (Yoast SEO v27.2) - https:\/\/yoast.com\/product\/yoast-seo-premium-wordpress\/ -->\n<title>Northern Lights Auto - Semillas de marihuana autofloreciente<\/title>\n<meta name=\"description\" content=\"Semilla de marihuana autofloreciente feminizada Northern Lights Auto. Indica resinosa de aroma y sabor dulce acre con efecto narc\u00f3tico y buena potencia.\" \/>\n<meta name=\"robots\" content=\"index, follow, max-snippet:-1, max-image-preview:large, max-video-preview:-1\" \/>\n<link rel=\"canonical\" href=\"https:\/\/genehtik.com\/de\/produkt\/northern-lights-auto\/\" \/>\n<meta property=\"og:locale\" content=\"de_DE\" \/>\n<meta property=\"og:type\" content=\"article\" \/>\n<meta property=\"og:title\" content=\"Northern Lights Auto\" \/>\n<meta property=\"og:description\" content=\"Semilla de marihuana autofloreciente feminizada Northern Lights Auto. Indica resinosa de aroma y sabor dulce acre con efecto narc\u00f3tico y buena potencia.\" \/>\n<meta property=\"og:url\" content=\"https:\/\/genehtik.com\/de\/produkt\/northern-lights-auto\/\" \/>\n<meta property=\"og:site_name\" content=\"Genehtik\" \/>\n<meta property=\"article:publisher\" content=\"http:\/\/www.facebook.com\/Genehtik\" \/>\n<meta property=\"article:modified_time\" content=\"2026-04-07T10:15:49+00:00\" \/>\n<meta property=\"og:image\" content=\"https:\/\/genehtik.com\/wp-content\/uploads\/2015\/07\/NORTHERN-LIGHTS-AUTO-GENEHTIK.jpg\" \/>\n\t<meta property=\"og:image:width\" content=\"471\" \/>\n\t<meta property=\"og:image:height\" content=\"652\" \/>\n\t<meta property=\"og:image:type\" content=\"image\/jpeg\" \/>\n<meta name=\"twitter:card\" content=\"summary_large_image\" \/>\n<meta name=\"twitter:site\" content=\"@GenehtikEs\" \/>\n<meta name=\"twitter:label1\" content=\"Gesch\u00e4tzte Lesezeit\" \/>\n\t<meta name=\"twitter:data1\" content=\"1\u00a0Minute\" \/>\n<script type=\"application\/ld+json\" class=\"yoast-schema-graph\">{\"@context\":\"https:\/\/schema.org\",\"@graph\":[{\"@type\":\"WebPage\",\"@id\":\"https:\/\/genehtik.com\/producto\/northern-lights-auto\/\",\"url\":\"https:\/\/genehtik.com\/producto\/northern-lights-auto\/\",\"name\":\"Northern Lights Auto - Semillas de marihuana autofloreciente\",\"isPartOf\":{\"@id\":\"https:\/\/genehtik.com\/#website\"},\"primaryImageOfPage\":{\"@id\":\"https:\/\/genehtik.com\/producto\/northern-lights-auto\/#primaryimage\"},\"image\":{\"@id\":\"https:\/\/genehtik.com\/producto\/northern-lights-auto\/#primaryimage\"},\"thumbnailUrl\":\"https:\/\/genehtik.com\/wp-content\/uploads\/2015\/07\/NORTHERN-LIGHTS-AUTO-GENEHTIK.jpg\",\"datePublished\":\"2015-07-02T10:06:03+00:00\",\"dateModified\":\"2026-04-07T10:15:49+00:00\",\"description\":\"Semilla de marihuana autofloreciente feminizada Northern Lights Auto. Indica resinosa de aroma y sabor dulce acre con efecto narc\u00f3tico y buena potencia.\",\"breadcrumb\":{\"@id\":\"https:\/\/genehtik.com\/producto\/northern-lights-auto\/#breadcrumb\"},\"inLanguage\":\"de\",\"potentialAction\":[{\"@type\":\"ReadAction\",\"target\":[\"https:\/\/genehtik.com\/producto\/northern-lights-auto\/\"]}]},{\"@type\":\"ImageObject\",\"inLanguage\":\"de\",\"@id\":\"https:\/\/genehtik.com\/producto\/northern-lights-auto\/#primaryimage\",\"url\":\"https:\/\/genehtik.com\/wp-content\/uploads\/2015\/07\/NORTHERN-LIGHTS-AUTO-GENEHTIK.jpg\",\"contentUrl\":\"https:\/\/genehtik.com\/wp-content\/uploads\/2015\/07\/NORTHERN-LIGHTS-AUTO-GENEHTIK.jpg\",\"width\":471,\"height\":652,\"caption\":\"Semilla de cannabis Northern Lights Autofloreciente\"},{\"@type\":\"BreadcrumbList\",\"@id\":\"https:\/\/genehtik.com\/producto\/northern-lights-auto\/#breadcrumb\",\"itemListElement\":[{\"@type\":\"ListItem\",\"position\":1,\"name\":\"Home\",\"item\":\"https:\/\/genehtik.com\/\"},{\"@type\":\"ListItem\",\"position\":2,\"name\":\"Comprar semillas de cannabis Genehtik\",\"item\":\"https:\/\/genehtik.com\/tienda\/\"},{\"@type\":\"ListItem\",\"position\":3,\"name\":\"Northern Lights Auto\"}]},{\"@type\":\"WebSite\",\"@id\":\"https:\/\/genehtik.com\/#website\",\"url\":\"https:\/\/genehtik.com\/\",\"name\":\"Genehtik\",\"description\":\"Banco de semillas de cannabis feminizadas y autoflorecientes de calidad y garant\u00eda\",\"potentialAction\":[{\"@type\":\"SearchAction\",\"target\":{\"@type\":\"EntryPoint\",\"urlTemplate\":\"https:\/\/genehtik.com\/?s={search_term_string}\"},\"query-input\":{\"@type\":\"PropertyValueSpecification\",\"valueRequired\":true,\"valueName\":\"search_term_string\"}}],\"inLanguage\":\"de\"}]}<\/script>\n<!-- \/ Yoast SEO Premium plugin. -->","yoast_head_json":{"title":"Northern Lights Auto - Semillas de marihuana autofloreciente","description":"Semilla de marihuana autofloreciente feminizada Northern Lights Auto. Indica resinosa de aroma y sabor dulce acre con efecto narc\u00f3tico y buena potencia.","robots":{"index":"index","follow":"follow","max-snippet":"max-snippet:-1","max-image-preview":"max-image-preview:large","max-video-preview":"max-video-preview:-1"},"canonical":"https:\/\/genehtik.com\/de\/produkt\/northern-lights-auto\/","og_locale":"de_DE","og_type":"article","og_title":"Northern Lights Auto","og_description":"Semilla de marihuana autofloreciente feminizada Northern Lights Auto. Indica resinosa de aroma y sabor dulce acre con efecto narc\u00f3tico y buena potencia.","og_url":"https:\/\/genehtik.com\/de\/produkt\/northern-lights-auto\/","og_site_name":"Genehtik","article_publisher":"http:\/\/www.facebook.com\/Genehtik","article_modified_time":"2026-04-07T10:15:49+00:00","og_image":[{"width":471,"height":652,"url":"https:\/\/genehtik.com\/wp-content\/uploads\/2015\/07\/NORTHERN-LIGHTS-AUTO-GENEHTIK.jpg","type":"image\/jpeg"}],"twitter_card":"summary_large_image","twitter_site":"@GenehtikEs","twitter_misc":{"Gesch\u00e4tzte Lesezeit":"1\u00a0Minute"},"schema":{"@context":"https:\/\/schema.org","@graph":[{"@type":"WebPage","@id":"https:\/\/genehtik.com\/producto\/northern-lights-auto\/","url":"https:\/\/genehtik.com\/producto\/northern-lights-auto\/","name":"Northern Lights Auto - Semillas de marihuana autofloreciente","isPartOf":{"@id":"https:\/\/genehtik.com\/#website"},"primaryImageOfPage":{"@id":"https:\/\/genehtik.com\/producto\/northern-lights-auto\/#primaryimage"},"image":{"@id":"https:\/\/genehtik.com\/producto\/northern-lights-auto\/#primaryimage"},"thumbnailUrl":"https:\/\/genehtik.com\/wp-content\/uploads\/2015\/07\/NORTHERN-LIGHTS-AUTO-GENEHTIK.jpg","datePublished":"2015-07-02T10:06:03+00:00","dateModified":"2026-04-07T10:15:49+00:00","description":"Semilla de marihuana autofloreciente feminizada Northern Lights Auto. Indica resinosa de aroma y sabor dulce acre con efecto narc\u00f3tico y buena potencia.","breadcrumb":{"@id":"https:\/\/genehtik.com\/producto\/northern-lights-auto\/#breadcrumb"},"inLanguage":"de","potentialAction":[{"@type":"ReadAction","target":["https:\/\/genehtik.com\/producto\/northern-lights-auto\/"]}]},{"@type":"ImageObject","inLanguage":"de","@id":"https:\/\/genehtik.com\/producto\/northern-lights-auto\/#primaryimage","url":"https:\/\/genehtik.com\/wp-content\/uploads\/2015\/07\/NORTHERN-LIGHTS-AUTO-GENEHTIK.jpg","contentUrl":"https:\/\/genehtik.com\/wp-content\/uploads\/2015\/07\/NORTHERN-LIGHTS-AUTO-GENEHTIK.jpg","width":471,"height":652,"caption":"Semilla de cannabis Northern Lights Autofloreciente"},{"@type":"BreadcrumbList","@id":"https:\/\/genehtik.com\/producto\/northern-lights-auto\/#breadcrumb","itemListElement":[{"@type":"ListItem","position":1,"name":"Home","item":"https:\/\/genehtik.com\/"},{"@type":"ListItem","position":2,"name":"Comprar semillas de cannabis Genehtik","item":"https:\/\/genehtik.com\/tienda\/"},{"@type":"ListItem","position":3,"name":"Northern Lights Auto"}]},{"@type":"WebSite","@id":"https:\/\/genehtik.com\/#website","url":"https:\/\/genehtik.com\/","name":"Genehtik","description":"Hochwertige und garantierte feminisierte und selbstbl\u00fchende Cannabis-Samenbank","potentialAction":[{"@type":"SearchAction","target":{"@type":"EntryPoint","urlTemplate":"https:\/\/genehtik.com\/?s={search_term_string}"},"query-input":{"@type":"PropertyValueSpecification","valueRequired":true,"valueName":"search_term_string"}}],"inLanguage":"de"}]}},"_links":{"self":[{"href":"https:\/\/genehtik.com\/de\/wp-json\/wp\/v2\/product\/4841","targetHints":{"allow":["GET"]}}],"collection":[{"href":"https:\/\/genehtik.com\/de\/wp-json\/wp\/v2\/product"}],"about":[{"href":"https:\/\/genehtik.com\/de\/wp-json\/wp\/v2\/types\/product"}],"wp:featuredmedia":[{"embeddable":true,"href":"https:\/\/genehtik.com\/de\/wp-json\/wp\/v2\/media\/4842"}],"wp:attachment":[{"href":"https:\/\/genehtik.com\/de\/wp-json\/wp\/v2\/media?parent=4841"}],"wp:term":[{"taxonomy":"product_brand","embeddable":true,"href":"https:\/\/genehtik.com\/de\/wp-json\/wp\/v2\/product_brand?post=4841"},{"taxonomy":"product_cat","embeddable":true,"href":"https:\/\/genehtik.com\/de\/wp-json\/wp\/v2\/product_cat?post=4841"},{"taxonomy":"product_tag","embeddable":true,"href":"https:\/\/genehtik.com\/de\/wp-json\/wp\/v2\/product_tag?post=4841"}],"curies":[{"name":"wp","href":"https:\/\/api.w.org\/{rel}","templated":true}]}}