{"id":7646,"date":"2015-10-20T09:55:53","date_gmt":"2015-10-20T09:55:53","guid":{"rendered":"https:\/\/clon.genehtik.com\/?post_type=product&#038;p=7646"},"modified":"2026-04-07T10:03:38","modified_gmt":"2026-04-07T10:03:38","slug":"nevil-bilbo-auto","status":"publish","type":"product","link":"https:\/\/genehtik.com\/de\/produkt\/nevil-bilbo-auto\/","title":{"rendered":"Nevil Bilbo Auto"},"content":{"rendered":"<div class=\"wpb-content-wrapper\"><div class=\"vc_row wpb_row vc_row-fluid edgtf-section edgtf-content-aligment-left\" style=\"\"><div class=\"clearfix edgtf-full-section-inner\"><div class=\"wpb_column vc_column_container vc_col-sm-12\"><div class=\"vc_column-inner\"><div class=\"wpb_wrapper\">\n\t<div class=\"wpb_text_column wpb_content_element\" >\n\t\t<div class=\"wpb_wrapper\">\n\t\t\t<h1>Nevil Bilbo Auto<\/h1>\n<p><strong>Kerl:<\/strong> Neville Haze Autoflowering Hybrid.<\/p>\n<p><strong>Inl\u00e4ndische Produktion:<\/strong>\u00a0500-600 g\/m\u00b2.<\/p>\n<p><strong>Externe Produktion:<\/strong>\u00a0125-200 g\/Pflanze.<\/p>\n<p><strong>Bl\u00fcte in Innenr\u00e4umen:<\/strong> 70-75 Tage.<\/p>\n<p><strong>Freilandernte:<\/strong> 10 Wochen.<\/p>\n<p>Der NEVIL BILBO AUTO ist ein <a href=\"\/de\/?product_cat=productos\/semillas-de-marihuana\/semillas-cannabis-autoflorecientes\">selbstbl\u00fchende Cannabissamen<\/a> Sativa. Wir haben sie aus dem Ergebnis mehrerer Kreuzungen einer alten Neville&#039;s Haze mit einer Northern Lights Auto erhalten.<\/p>\n<p>Aus diesem Samen wird eine Marihuana-Pflanze entstehen, die die aromatischen Eigenschaften von reinem Weihrauch und den metallischen Geschmack ihrer Muttersorte Neville Haze beibeh\u00e4lt.<\/p>\n<p>Die selbstbl\u00fchende Kreuzung verk\u00fcrzt die Bl\u00fctezeit und verringert die Pflanzengr\u00f6\u00dfe, was erkl\u00e4rt, warum dieses Sativa-Samen so schwer verk\u00e4uflich war. Dar\u00fcber hinaus ist es uns gelungen, h\u00f6here Ertr\u00e4ge zu erzielen.<\/p>\n<p>F\u00fcr die Anzucht im Haus empfehlen wir einen 12-Stunden-Lichtzyklus ab der Keimung. Um das beste Ergebnis mit dieser Sorte zu erzielen, empfehlen wir au\u00dferdem, die maximale Anzahl an Pflanzen zu setzen.<\/p>\n<p>Im Freien ist Vorsicht geboten, da die Pflanzen eine betr\u00e4chtliche Gr\u00f6\u00dfe erreichen und unter optimalen Bedingungen 180 cm \u00fcberschreiten k\u00f6nnen.<\/p>\n<p>Daher ist die Wirkung zerebral, typisch f\u00fcr eine Sativa-Sorte, die niemanden kalt l\u00e4sst. Der hohe THC- und niedrige CBD-Gehalt sorgt f\u00fcr die klassische euphorische und gesellige Wirkung einer Sativa, die Kreativit\u00e4t und Appetit anregt.<\/p>\n<p>Nevil Bilbo Auto liefert f\u00fcr eine Sativa einen sehr hohen Ertrag von \u00fcber 500 Gramm im Indoor-Anbau und kompensiert damit die zehnw\u00f6chige Wartezeit. Im Freien kann der Ertrag bis zu 200 Gramm pro Pflanze erreichen.<\/p>\n<h2><\/h2>\n\n\t\t<\/div>\n\t<\/div>\n<\/div><\/div><\/div><\/div><\/div><div class=\"vc_row wpb_row vc_row-fluid edgtf-section edgtf-content-aligment-left\" style=\"\"><div class=\"clearfix edgtf-full-section-inner\"><div class=\"wpb_column vc_column_container vc_col-sm-12\"><div class=\"vc_column-inner\"><div class=\"wpb_wrapper\"><div class=\"vc_empty_space\"   style=\"height: 30px\"><span class=\"vc_empty_space_inner\"><\/span><\/div>\n\t<div class=\"wpb_text_column wpb_content_element\" >\n\t\t<div class=\"wpb_wrapper\">\n\t\t\t<h2 style=\"text-align: center;\">Video de la semilla de cannabis NEVIL BILBO AUTO<\/h2>\n\n\t\t<\/div>\n\t<\/div>\n<\/div><\/div><\/div><\/div><\/div><div class=\"vc_row wpb_row vc_row-fluid edgtf-section edgtf-content-aligment-left\" style=\"\"><div class=\"clearfix edgtf-full-section-inner\"><div class=\"wpb_column vc_column_container vc_col-sm-12\"><div class=\"vc_column-inner vc_custom_1775556013931\"><div class=\"wpb_wrapper\">\n\t<div class=\"wpb_video_widget wpb_content_element vc_clearfix   vc_video-aspect-ratio-169 vc_video-el-width-100 vc_video-align-left\" >\n\t\t<div class=\"wpb_wrapper\">\n\t\t\t\n\t\t\t<div class=\"wpb_video_wrapper\"><div class=\"lazyload smush-lazyload-video smush-lazyload-vimeo\" style=\"--smush-video-aspect-ratio: 500\/281\" data-bg-image=\"url(https:\/\/i.vimeocdn.com\/video\/829469846-1d2d95f4a94a10b86673a529579f9c419ea96f760c534b8ad8ebf2eb8199f36e-d_640?region=us)\" ><iframe title=\"Nevil Bilbo Auto - feminisierte selbstbl\u00fchende Cannabissamen\" data-src=\"https:\/\/player.vimeo.com\/video\/371840521?dnt=1&amp;app_id=122963\" width=\"500\" height=\"281\" frameborder=\"0\" allow=\"autoplay; fullscreen; picture-in-picture\" src=\"data:image\/svg+xml;base64,PHN2ZyB3aWR0aD0iMSIgaGVpZ2h0PSIxIiB4bWxucz0iaHR0cDovL3d3dy53My5vcmcvMjAwMC9zdmciPjwvc3ZnPg==\"><\/iframe><span class=\"smush-play-btn\" role=\"button\" aria-label=\"Play video\">\r\n\t\t\t\t<span tabindex=\"0\" class=\"smush-play-btn-inner\">\r\n\t\t\t\t\t<span>Play<\/span>\r\n\t\t\t\t<\/span>\r\n\t\t\t<\/span><\/div><\/div>\n\t\t<\/div>\n\t<\/div>\n<\/div><\/div><\/div><\/div><\/div><div class=\"vc_row wpb_row vc_row-fluid edgtf-section edgtf-content-aligment-left\" style=\"\"><div class=\"clearfix edgtf-full-section-inner\"><div class=\"wpb_column vc_column_container vc_col-sm-12\"><div class=\"vc_column-inner\"><div class=\"wpb_wrapper\"><div class=\"vc_empty_space\"   style=\"height: 32px\"><span class=\"vc_empty_space_inner\"><\/span><\/div><\/div><\/div><\/div><\/div><\/div><div class=\"vc_row wpb_row vc_row-fluid edgtf-section edgtf-content-aligment-left\" style=\"\"><div class=\"clearfix edgtf-full-section-inner\"><div class=\"wpb_column vc_column_container vc_col-sm-12\"><div class=\"vc_column-inner\"><div class=\"wpb_wrapper\">\n\t<div class=\"wpb_text_column wpb_content_element\" >\n\t\t<div class=\"wpb_wrapper\">\n\t\t\t<h2 style=\"text-align: center;\">Erfahren Sie mehr \u00fcber die selbstbl\u00fchenden Samen von Genehtik unter\u2026 <a href=\"https:\/\/criticalbilbo.com\/autoflorecientes-la-revolucion-genetica-del-cannabis\/\">www.criticalbilbo.com<\/a><\/h2>\n\n\t\t<\/div>\n\t<\/div>\n<\/div><\/div><\/div><\/div><\/div><div class=\"vc_row wpb_row vc_row-fluid edgtf-section edgtf-content-aligment-left\" style=\"\"><div class=\"clearfix edgtf-full-section-inner\"><div class=\"wpb_column vc_column_container vc_col-sm-12\"><div class=\"vc_column-inner\"><div class=\"wpb_wrapper\"><div class=\"vc_empty_space\"   style=\"height: 50px\"><span class=\"vc_empty_space_inner\"><\/span><\/div><\/div><\/div><\/div><\/div><\/div>\n<\/div>","protected":false},"excerpt":{"rendered":"<p>Nevil Bilbo Auto feminisierte selbstbl\u00fchende Cannabis-Samen<\/p>","protected":false},"featured_media":7647,"template":"","meta":{"bwfblock_default_font":""},"product_brand":[],"product_cat":[515,9,8],"product_tag":[269,270,588,587,268,271,272],"class_list":{"0":"post-7646","1":"product","2":"type-product","3":"status-publish","4":"has-post-thumbnail","6":"product_cat-productos","7":"product_cat-semillas-cannabis-autoflorecientes","8":"product_cat-semillas-de-marihuana","9":"product_tag-cannabis","10":"product_tag-marihuana","11":"product_tag-nevil-bilbo-auto","12":"product_tag-semilla-atoflorecientes","13":"product_tag-semillas","14":"product_tag-semillas-de-cannabis","15":"product_tag-semillas-de-marihuana","17":"first","18":"instock","19":"shipping-taxable","20":"purchasable","21":"product-type-variable","22":"has-default-attributes"},"yoast_head":"<!-- This site is optimized with the Yoast SEO Premium plugin v23.0 (Yoast SEO v27.2) - https:\/\/yoast.com\/product\/yoast-seo-premium-wordpress\/ -->\n<title>Nevil Bilbo Auto - Semilla de marihuana autofloreciente<\/title>\n<meta name=\"description\" content=\"Semilla de marihuana autofloreciente feminizada Nevil Bilbo Auto. Variedad Sativa con producci\u00f3n muy alta, aroma a incienso y sabor met\u00e1lico.\" \/>\n<meta name=\"robots\" content=\"index, follow, max-snippet:-1, max-image-preview:large, max-video-preview:-1\" \/>\n<link rel=\"canonical\" href=\"https:\/\/genehtik.com\/de\/produkt\/nevil-bilbo-auto\/\" \/>\n<meta property=\"og:locale\" content=\"de_DE\" \/>\n<meta property=\"og:type\" content=\"article\" \/>\n<meta property=\"og:title\" content=\"Nevil Bilbo Auto\" \/>\n<meta property=\"og:description\" content=\"Semilla de marihuana autofloreciente feminizada Nevil Bilbo Auto. Variedad Sativa con producci\u00f3n muy alta, aroma a incienso y sabor met\u00e1lico.\" \/>\n<meta property=\"og:url\" content=\"https:\/\/genehtik.com\/de\/produkt\/nevil-bilbo-auto\/\" \/>\n<meta property=\"og:site_name\" content=\"Genehtik\" \/>\n<meta property=\"article:publisher\" content=\"http:\/\/www.facebook.com\/Genehtik\" \/>\n<meta property=\"article:modified_time\" content=\"2026-04-07T10:03:38+00:00\" \/>\n<meta property=\"og:image\" content=\"https:\/\/genehtik.com\/wp-content\/uploads\/2015\/10\/Nevil-Bilbo-Auto.jpg\" \/>\n\t<meta property=\"og:image:width\" content=\"567\" \/>\n\t<meta property=\"og:image:height\" content=\"567\" \/>\n\t<meta property=\"og:image:type\" content=\"image\/jpeg\" \/>\n<meta name=\"twitter:card\" content=\"summary_large_image\" \/>\n<meta name=\"twitter:site\" content=\"@GenehtikEs\" \/>\n<meta name=\"twitter:label1\" content=\"Gesch\u00e4tzte Lesezeit\" \/>\n\t<meta name=\"twitter:data1\" content=\"2\u00a0Minuten\" \/>\n<script type=\"application\/ld+json\" class=\"yoast-schema-graph\">{\"@context\":\"https:\/\/schema.org\",\"@graph\":[{\"@type\":\"WebPage\",\"@id\":\"https:\/\/genehtik.com\/producto\/nevil-bilbo-auto\/\",\"url\":\"https:\/\/genehtik.com\/producto\/nevil-bilbo-auto\/\",\"name\":\"Nevil Bilbo Auto - Semilla de marihuana autofloreciente\",\"isPartOf\":{\"@id\":\"https:\/\/genehtik.com\/#website\"},\"primaryImageOfPage\":{\"@id\":\"https:\/\/genehtik.com\/producto\/nevil-bilbo-auto\/#primaryimage\"},\"image\":{\"@id\":\"https:\/\/genehtik.com\/producto\/nevil-bilbo-auto\/#primaryimage\"},\"thumbnailUrl\":\"https:\/\/genehtik.com\/wp-content\/uploads\/2015\/10\/Nevil-Bilbo-Auto.jpg\",\"datePublished\":\"2015-10-20T09:55:53+00:00\",\"dateModified\":\"2026-04-07T10:03:38+00:00\",\"description\":\"Semilla de marihuana autofloreciente feminizada Nevil Bilbo Auto. Variedad Sativa con producci\u00f3n muy alta, aroma a incienso y sabor met\u00e1lico.\",\"breadcrumb\":{\"@id\":\"https:\/\/genehtik.com\/producto\/nevil-bilbo-auto\/#breadcrumb\"},\"inLanguage\":\"de\",\"potentialAction\":[{\"@type\":\"ReadAction\",\"target\":[\"https:\/\/genehtik.com\/producto\/nevil-bilbo-auto\/\"]}]},{\"@type\":\"ImageObject\",\"inLanguage\":\"de\",\"@id\":\"https:\/\/genehtik.com\/producto\/nevil-bilbo-auto\/#primaryimage\",\"url\":\"https:\/\/genehtik.com\/wp-content\/uploads\/2015\/10\/Nevil-Bilbo-Auto.jpg\",\"contentUrl\":\"https:\/\/genehtik.com\/wp-content\/uploads\/2015\/10\/Nevil-Bilbo-Auto.jpg\",\"width\":567,\"height\":567,\"caption\":\"Semilla de marihuana feminizada autofloreciente Nevil Bilbo Auto\"},{\"@type\":\"BreadcrumbList\",\"@id\":\"https:\/\/genehtik.com\/producto\/nevil-bilbo-auto\/#breadcrumb\",\"itemListElement\":[{\"@type\":\"ListItem\",\"position\":1,\"name\":\"Home\",\"item\":\"https:\/\/genehtik.com\/\"},{\"@type\":\"ListItem\",\"position\":2,\"name\":\"Comprar semillas de cannabis Genehtik\",\"item\":\"https:\/\/genehtik.com\/tienda\/\"},{\"@type\":\"ListItem\",\"position\":3,\"name\":\"Nevil Bilbo Auto\"}]},{\"@type\":\"WebSite\",\"@id\":\"https:\/\/genehtik.com\/#website\",\"url\":\"https:\/\/genehtik.com\/\",\"name\":\"Genehtik\",\"description\":\"Banco de semillas de cannabis feminizadas y autoflorecientes de calidad y garant\u00eda\",\"potentialAction\":[{\"@type\":\"SearchAction\",\"target\":{\"@type\":\"EntryPoint\",\"urlTemplate\":\"https:\/\/genehtik.com\/?s={search_term_string}\"},\"query-input\":{\"@type\":\"PropertyValueSpecification\",\"valueRequired\":true,\"valueName\":\"search_term_string\"}}],\"inLanguage\":\"de\"}]}<\/script>\n<!-- \/ Yoast SEO Premium plugin. -->","yoast_head_json":{"title":"Nevil Bilbo Auto - Semilla de marihuana autofloreciente","description":"Semilla de marihuana autofloreciente feminizada Nevil Bilbo Auto. Variedad Sativa con producci\u00f3n muy alta, aroma a incienso y sabor met\u00e1lico.","robots":{"index":"index","follow":"follow","max-snippet":"max-snippet:-1","max-image-preview":"max-image-preview:large","max-video-preview":"max-video-preview:-1"},"canonical":"https:\/\/genehtik.com\/de\/produkt\/nevil-bilbo-auto\/","og_locale":"de_DE","og_type":"article","og_title":"Nevil Bilbo Auto","og_description":"Semilla de marihuana autofloreciente feminizada Nevil Bilbo Auto. Variedad Sativa con producci\u00f3n muy alta, aroma a incienso y sabor met\u00e1lico.","og_url":"https:\/\/genehtik.com\/de\/produkt\/nevil-bilbo-auto\/","og_site_name":"Genehtik","article_publisher":"http:\/\/www.facebook.com\/Genehtik","article_modified_time":"2026-04-07T10:03:38+00:00","og_image":[{"width":567,"height":567,"url":"https:\/\/genehtik.com\/wp-content\/uploads\/2015\/10\/Nevil-Bilbo-Auto.jpg","type":"image\/jpeg"}],"twitter_card":"summary_large_image","twitter_site":"@GenehtikEs","twitter_misc":{"Gesch\u00e4tzte Lesezeit":"2\u00a0Minuten"},"schema":{"@context":"https:\/\/schema.org","@graph":[{"@type":"WebPage","@id":"https:\/\/genehtik.com\/producto\/nevil-bilbo-auto\/","url":"https:\/\/genehtik.com\/producto\/nevil-bilbo-auto\/","name":"Nevil Bilbo Auto - Semilla de marihuana autofloreciente","isPartOf":{"@id":"https:\/\/genehtik.com\/#website"},"primaryImageOfPage":{"@id":"https:\/\/genehtik.com\/producto\/nevil-bilbo-auto\/#primaryimage"},"image":{"@id":"https:\/\/genehtik.com\/producto\/nevil-bilbo-auto\/#primaryimage"},"thumbnailUrl":"https:\/\/genehtik.com\/wp-content\/uploads\/2015\/10\/Nevil-Bilbo-Auto.jpg","datePublished":"2015-10-20T09:55:53+00:00","dateModified":"2026-04-07T10:03:38+00:00","description":"Semilla de marihuana autofloreciente feminizada Nevil Bilbo Auto. Variedad Sativa con producci\u00f3n muy alta, aroma a incienso y sabor met\u00e1lico.","breadcrumb":{"@id":"https:\/\/genehtik.com\/producto\/nevil-bilbo-auto\/#breadcrumb"},"inLanguage":"de","potentialAction":[{"@type":"ReadAction","target":["https:\/\/genehtik.com\/producto\/nevil-bilbo-auto\/"]}]},{"@type":"ImageObject","inLanguage":"de","@id":"https:\/\/genehtik.com\/producto\/nevil-bilbo-auto\/#primaryimage","url":"https:\/\/genehtik.com\/wp-content\/uploads\/2015\/10\/Nevil-Bilbo-Auto.jpg","contentUrl":"https:\/\/genehtik.com\/wp-content\/uploads\/2015\/10\/Nevil-Bilbo-Auto.jpg","width":567,"height":567,"caption":"Semilla de marihuana feminizada autofloreciente Nevil Bilbo Auto"},{"@type":"BreadcrumbList","@id":"https:\/\/genehtik.com\/producto\/nevil-bilbo-auto\/#breadcrumb","itemListElement":[{"@type":"ListItem","position":1,"name":"Home","item":"https:\/\/genehtik.com\/"},{"@type":"ListItem","position":2,"name":"Comprar semillas de cannabis Genehtik","item":"https:\/\/genehtik.com\/tienda\/"},{"@type":"ListItem","position":3,"name":"Nevil Bilbo Auto"}]},{"@type":"WebSite","@id":"https:\/\/genehtik.com\/#website","url":"https:\/\/genehtik.com\/","name":"Genehtik","description":"Hochwertige und garantierte feminisierte und selbstbl\u00fchende Cannabis-Samenbank","potentialAction":[{"@type":"SearchAction","target":{"@type":"EntryPoint","urlTemplate":"https:\/\/genehtik.com\/?s={search_term_string}"},"query-input":{"@type":"PropertyValueSpecification","valueRequired":true,"valueName":"search_term_string"}}],"inLanguage":"de"}]}},"_links":{"self":[{"href":"https:\/\/genehtik.com\/de\/wp-json\/wp\/v2\/product\/7646","targetHints":{"allow":["GET"]}}],"collection":[{"href":"https:\/\/genehtik.com\/de\/wp-json\/wp\/v2\/product"}],"about":[{"href":"https:\/\/genehtik.com\/de\/wp-json\/wp\/v2\/types\/product"}],"wp:featuredmedia":[{"embeddable":true,"href":"https:\/\/genehtik.com\/de\/wp-json\/wp\/v2\/media\/7647"}],"wp:attachment":[{"href":"https:\/\/genehtik.com\/de\/wp-json\/wp\/v2\/media?parent=7646"}],"wp:term":[{"taxonomy":"product_brand","embeddable":true,"href":"https:\/\/genehtik.com\/de\/wp-json\/wp\/v2\/product_brand?post=7646"},{"taxonomy":"product_cat","embeddable":true,"href":"https:\/\/genehtik.com\/de\/wp-json\/wp\/v2\/product_cat?post=7646"},{"taxonomy":"product_tag","embeddable":true,"href":"https:\/\/genehtik.com\/de\/wp-json\/wp\/v2\/product_tag?post=7646"}],"curies":[{"name":"wp","href":"https:\/\/api.w.org\/{rel}","templated":true}]}}