{"id":29,"date":"2015-06-29T09:15:57","date_gmt":"2015-06-29T09:15:57","guid":{"rendered":"https:\/\/clon.genehtik.com\/?page_id=29"},"modified":"2026-02-11T15:14:44","modified_gmt":"2026-02-11T15:14:44","slug":"envios-devoluciones","status":"publish","type":"page","link":"https:\/\/genehtik.com\/en\/informacion\/envios-devoluciones\/","title":{"rendered":"Shipping \/ Returns"},"content":{"rendered":"<h1>SHIPPING \/ RETURNS<\/h1>\n<p>The shipment of the material will be made according to the payment method:<\/p>\n<p><em>SPAIN:<\/em><\/p>\n<p>Cash on delivery \u2013 in 24\/48 hours.<\/p>\n<p>Other payment methods \u2013 within 24\/48 hours after the payment is received.<\/p>\n<p>The transport agency for Spain and Portugal will be<\/p>\n<p><em>OTHER COUNTRIES:<\/em><\/p>\n<p>Any form of payment \u2013 within a period not exceeding 7 days after making the payment.<\/p>\n<p>The transport agency for other countries will be the one that Genehtik freely chooses at any given time.<\/p>\n<p>In the case of special varieties, the delivery time will always be checked for each order, notifying the customer of the estimated delay.<\/p>\n<p>For seeds not available in stock, the customer will be notified of the estimated delay.<\/p>\n<h1>SHIPPING COSTS:<\/h1>\n<p>&nbsp;<\/p>\n<div class=\"amarillo\"><strong>FREE SHIPPING FOR ORDERS OVER \u20ac45 AND WEIGHING LESS THAN 3 KG. <span style=\"color: #000000;\">(Spain only)<\/span><\/strong><br \/>\n<strong>FREE SHIPPING ON ORDERS OVER \u20ac45 AND WEIGHING LESS THAN 0.5 KG. (other countries)<\/strong><\/div>\n<p>&nbsp;<\/p>\n<p>Shipping cost to: Spain (Peninsula and Balearic Islands)<\/p>\n<p>10 to 15 Kg41\u20ac15 to 20 Kg49\u20ac20 to 25 Kg54\u20ac<\/p>\n<table>\n<tbody>\n<tr>\n<th>WEIGHT<\/th>\n<th>COST<\/th>\n<\/tr>\n<tr>\n<th>0 to 3 Kg (order equal to or greater than \u20ac45)<\/th>\n<th class=\"amarillo\">FREE<\/th>\n<\/tr>\n<tr>\n<th>0 to 0.5 Kg (order less than \u20ac45)<\/th>\n<th>6\u20ac<\/th>\n<\/tr>\n<tr>\n<th>0.5 to 3 Kg (order less than \u20ac45)<\/th>\n<th>18\u20ac<\/th>\n<\/tr>\n<tr>\n<th>3 to 5 Kg<\/th>\n<th>28\u20ac<\/th>\n<\/tr>\n<tr>\n<th>5 to 10 Kg<\/th>\n<th>34\u20ac<\/th>\n<\/tr>\n<\/tbody>\n<\/table>\n<p>&nbsp;<\/p>\n<p>Shipping costs to: Germany, Belgium, Denmark, France, Netherlands, Italy, Luxembourg, Poland, United Kingdom, Czech Republic and Switzerland.<\/p>\n<p>10 to 15 Kg41\u20ac15 to 20 Kg49\u20ac20 to 25 Kg54\u20ac<\/p>\n<table>\n<tbody>\n<tr>\n<th>WEIGHT<\/th>\n<th>COST<\/th>\n<\/tr>\n<tr>\n<th>0 to 0.5 Kg (order equal to or greater than \u20ac45)<\/th>\n<th class=\"amarillo\">FREE<\/th>\n<\/tr>\n<tr>\n<th>0 to 0.5 Kg (order less than \u20ac45)<\/th>\n<th>12\u20ac<\/th>\n<\/tr>\n<tr>\n<th>0.5 to 2 Kg<\/th>\n<th>18\u20ac<\/th>\n<\/tr>\n<tr>\n<th>2 to 5 Kg<\/th>\n<th>28\u20ac<\/th>\n<\/tr>\n<tr>\n<th>5 to 10 Kg<\/th>\n<th>34\u20ac<\/th>\n<\/tr>\n<\/tbody>\n<\/table>\n<p>&nbsp;<\/p>\n<p>Shipping costs to: Bulgaria, Slovenia, Estonia, Finland, Greece, Hungary, Ireland, Latvia, Lithuania, Norway, Slovakia, Romania and Sweden.<\/p>\n<p>10 to 15 Kg65\u20ac15 to 20 Kg72\u20ac20 to 25 Kg77\u20ac<\/p>\n<table>\n<tbody>\n<tr>\n<th>WEIGHT<\/th>\n<th>COST<\/th>\n<\/tr>\n<tr>\n<th>0 to 0.5 Kg (order equal to or greater than \u20ac45)<\/th>\n<th class=\"amarillo\">FREE<\/th>\n<\/tr>\n<tr>\n<th>0 to 0.5 Kg (order less than \u20ac45)<\/th>\n<th>12\u20ac<\/th>\n<\/tr>\n<tr>\n<th>0.5 to 2 Kg<\/th>\n<th>28\u20ac<\/th>\n<\/tr>\n<tr>\n<th>2 to 5 Kg<\/th>\n<th>52\u20ac<\/th>\n<\/tr>\n<tr>\n<th>5 to 10 Kg<\/th>\n<th>58\u20ac<\/th>\n<\/tr>\n<\/tbody>\n<\/table>\n<p>&nbsp;<\/p>\n<p>Shipping costs to: USA, Canada and the Canary Islands.<\/p>\n<p>10 to 15 Kg81\u20ac15 to 20 Kg90\u20ac20 to 25 Kg97\u20ac<\/p>\n<table>\n<tbody>\n<tr>\n<th>WEIGHT<\/th>\n<th>COST<\/th>\n<\/tr>\n<tr>\n<th>0 to 0.5 Kg (order equal to or greater than \u20ac45)<\/th>\n<th class=\"amarillo\">FREE<\/th>\n<\/tr>\n<tr>\n<th>0 to 0.5 Kg (order less than \u20ac45)<\/th>\n<th>12\u20ac<\/th>\n<\/tr>\n<tr>\n<th>0.5 to 2 Kg<\/th>\n<th>35\u20ac<\/th>\n<\/tr>\n<tr>\n<th>2 to 5 Kg<\/th>\n<th>54\u20ac<\/th>\n<\/tr>\n<tr>\n<th>5 to 10 Kg<\/th>\n<th>72\u20ac<\/th>\n<\/tr>\n<\/tbody>\n<\/table>\n<p>&nbsp;<\/p>\n<p>Shipping costs to: Rest of the world (Argentina, Bolivia, Brazil, Chile, Colombia, Costa Rica, Ecuador, El Salvador, Guatemala, Honduras, Mexico, Nicaragua, Panama, Paraguay, Peru, Puerto Rico, Dominican Republic, Uruguay, Venezuela, \u2026)<\/p>\n<p>10 to 15 Kg109\u20ac15 to 20 Kg124\u20ac20 to 25 Kg134\u20ac<\/p>\n<table>\n<tbody>\n<tr>\n<th>WEIGHT<\/th>\n<th>COST<\/th>\n<\/tr>\n<tr>\n<th>0 to 0.5 Kg (order equal to or greater than \u20ac45)<\/th>\n<th class=\"amarillo\">FREE<\/th>\n<\/tr>\n<tr>\n<th>0 to 0.5 Kg (order less than \u20ac45)<\/th>\n<th>12\u20ac<\/th>\n<\/tr>\n<tr>\n<th>0.5 to 2 Kg<\/th>\n<th>47\u20ac<\/th>\n<\/tr>\n<tr>\n<th>2 to 5 Kg<\/th>\n<th>67\u20ac<\/th>\n<\/tr>\n<tr>\n<th>5 to 10 Kg<\/th>\n<th>93\u20ac<\/th>\n<\/tr>\n<\/tbody>\n<\/table>\n<p>&nbsp;<\/p>\n<h1>CLAIMS REGARDING RECEIVED MATERIAL<\/h1>\n<p>If you receive the package with signs of having been tampered with or damaged, indicate this on the carrier&#039;s delivery note. Do not sign the delivery note without having indicated the incidents and always in the carrier&#039;s presence.<\/p>\n<p>If after shipment you notice that it does not correspond to the order placed and you notice differences between delivery notes or invoices, please let us know immediately, detailing the differences indicated and providing us with a telephone number so that the process is faster.<\/p>\n<p>We do not accept claims regarding shipments more than 24 hours after receipt by you.<\/p>\n<h1>RETURNS<\/h1>\n<p>In compliance with the provisions of Law 26\/1991 of November 21 on contracts concluded outside commercial establishments, we recognize the right to claim against the contract without needing to allege any cause, within a maximum period of 7 days after receiving the order.<\/p>\n<p>However, please remember that you will have to pay for round-trip shipping, as well as any administrative or other expenses incurred as a result of your return.<\/p>","protected":false},"excerpt":{"rendered":"<p>ENVIOS \/ DEVOLUCIONES El envio del material se efectuar\u00e1 seg\u00fan la forma de pago: ESPA\u00d1A: Contra reembolso &#8211; en 24\/48 horas. Otras formas de pago &#8211; en 24\/48 horas despu\u00e9s de hacer efectivo el ingreso. La agencia de transporte para Espa\u00f1a y Portugal ser\u00e1 OTROS&#8230;<\/p>","protected":false},"author":1,"featured_media":0,"parent":27,"menu_order":0,"comment_status":"closed","ping_status":"open","template":"","meta":{"bwfblock_default_font":"","footnotes":""},"class_list":["post-29","page","type-page","status-publish","hentry"],"yoast_head":"<!-- This site is optimized with the Yoast SEO Premium plugin v23.0 (Yoast SEO v27.2) - https:\/\/yoast.com\/product\/yoast-seo-premium-wordpress\/ -->\n<title>Env\u00edos \/ Devoluciones<\/title>\n<meta name=\"description\" content=\"Gastos de env\u00edo gratis para pedidos superiores a 45\u20ac y peso inferior a 3 Kg (solo Espa\u00f1a) o 500 gr. (resto de pa\u00edses). Pol\u00edtica de env\u00edos.\" \/>\n<meta name=\"robots\" content=\"index, follow, max-snippet:-1, max-image-preview:large, max-video-preview:-1\" \/>\n<link rel=\"canonical\" href=\"https:\/\/genehtik.com\/en\/informacion\/envios-devoluciones\/\" \/>\n<meta property=\"og:locale\" content=\"en_GB\" \/>\n<meta property=\"og:type\" content=\"article\" \/>\n<meta property=\"og:title\" content=\"Env\u00edos \/ Devoluciones\" \/>\n<meta property=\"og:description\" content=\"Gastos de env\u00edo gratis para pedidos superiores a 45\u20ac y peso inferior a 3 Kg (solo Espa\u00f1a) o 500 gr. (resto de pa\u00edses). Pol\u00edtica de env\u00edos.\" \/>\n<meta property=\"og:url\" content=\"https:\/\/genehtik.com\/en\/informacion\/envios-devoluciones\/\" \/>\n<meta property=\"og:site_name\" content=\"Genehtik\" \/>\n<meta property=\"article:publisher\" content=\"http:\/\/www.facebook.com\/Genehtik\" \/>\n<meta property=\"article:modified_time\" content=\"2026-02-11T15:14:44+00:00\" \/>\n<meta name=\"twitter:card\" content=\"summary_large_image\" \/>\n<meta name=\"twitter:site\" content=\"@GenehtikEs\" \/>\n<meta name=\"twitter:label1\" content=\"Estimated reading time\" \/>\n\t<meta name=\"twitter:data1\" content=\"4 minutes\" \/>\n<script type=\"application\/ld+json\" class=\"yoast-schema-graph\">{\"@context\":\"https:\/\/schema.org\",\"@graph\":[{\"@type\":\"WebPage\",\"@id\":\"https:\/\/genehtik.com\/informacion\/envios-devoluciones\/\",\"url\":\"https:\/\/genehtik.com\/informacion\/envios-devoluciones\/\",\"name\":\"Env\u00edos \/ Devoluciones\",\"isPartOf\":{\"@id\":\"https:\/\/genehtik.com\/#website\"},\"datePublished\":\"2015-06-29T09:15:57+00:00\",\"dateModified\":\"2026-02-11T15:14:44+00:00\",\"description\":\"Gastos de env\u00edo gratis para pedidos superiores a 45\u20ac y peso inferior a 3 Kg (solo Espa\u00f1a) o 500 gr. (resto de pa\u00edses). Pol\u00edtica de env\u00edos.\",\"breadcrumb\":{\"@id\":\"https:\/\/genehtik.com\/informacion\/envios-devoluciones\/#breadcrumb\"},\"inLanguage\":\"en-GB\",\"potentialAction\":[{\"@type\":\"ReadAction\",\"target\":[\"https:\/\/genehtik.com\/informacion\/envios-devoluciones\/\"]}]},{\"@type\":\"BreadcrumbList\",\"@id\":\"https:\/\/genehtik.com\/informacion\/envios-devoluciones\/#breadcrumb\",\"itemListElement\":[{\"@type\":\"ListItem\",\"position\":1,\"name\":\"Home\",\"item\":\"https:\/\/genehtik.com\/\"},{\"@type\":\"ListItem\",\"position\":2,\"name\":\"Informaci\u00f3n\",\"item\":\"https:\/\/genehtik.com\/informacion\/\"},{\"@type\":\"ListItem\",\"position\":3,\"name\":\"Env\u00edos \/ Devoluciones\"}]},{\"@type\":\"WebSite\",\"@id\":\"https:\/\/genehtik.com\/#website\",\"url\":\"https:\/\/genehtik.com\/\",\"name\":\"Genehtik\",\"description\":\"Banco de semillas de cannabis feminizadas y autoflorecientes de calidad y garant\u00eda\",\"potentialAction\":[{\"@type\":\"SearchAction\",\"target\":{\"@type\":\"EntryPoint\",\"urlTemplate\":\"https:\/\/genehtik.com\/?s={search_term_string}\"},\"query-input\":{\"@type\":\"PropertyValueSpecification\",\"valueRequired\":true,\"valueName\":\"search_term_string\"}}],\"inLanguage\":\"en-GB\"}]}<\/script>\n<!-- \/ Yoast SEO Premium plugin. -->","yoast_head_json":{"title":"Shipping \/ Returns","description":"Gastos de env\u00edo gratis para pedidos superiores a 45\u20ac y peso inferior a 3 Kg (solo Espa\u00f1a) o 500 gr. (resto de pa\u00edses). Pol\u00edtica de env\u00edos.","robots":{"index":"index","follow":"follow","max-snippet":"max-snippet:-1","max-image-preview":"max-image-preview:large","max-video-preview":"max-video-preview:-1"},"canonical":"https:\/\/genehtik.com\/en\/informacion\/envios-devoluciones\/","og_locale":"en_GB","og_type":"article","og_title":"Env\u00edos \/ Devoluciones","og_description":"Gastos de env\u00edo gratis para pedidos superiores a 45\u20ac y peso inferior a 3 Kg (solo Espa\u00f1a) o 500 gr. (resto de pa\u00edses). Pol\u00edtica de env\u00edos.","og_url":"https:\/\/genehtik.com\/en\/informacion\/envios-devoluciones\/","og_site_name":"Genehtik","article_publisher":"http:\/\/www.facebook.com\/Genehtik","article_modified_time":"2026-02-11T15:14:44+00:00","twitter_card":"summary_large_image","twitter_site":"@GenehtikEs","twitter_misc":{"Estimated reading time":"4 minutes"},"schema":{"@context":"https:\/\/schema.org","@graph":[{"@type":"WebPage","@id":"https:\/\/genehtik.com\/informacion\/envios-devoluciones\/","url":"https:\/\/genehtik.com\/informacion\/envios-devoluciones\/","name":"Shipping \/ Returns","isPartOf":{"@id":"https:\/\/genehtik.com\/#website"},"datePublished":"2015-06-29T09:15:57+00:00","dateModified":"2026-02-11T15:14:44+00:00","description":"Gastos de env\u00edo gratis para pedidos superiores a 45\u20ac y peso inferior a 3 Kg (solo Espa\u00f1a) o 500 gr. (resto de pa\u00edses). Pol\u00edtica de env\u00edos.","breadcrumb":{"@id":"https:\/\/genehtik.com\/informacion\/envios-devoluciones\/#breadcrumb"},"inLanguage":"en-GB","potentialAction":[{"@type":"ReadAction","target":["https:\/\/genehtik.com\/informacion\/envios-devoluciones\/"]}]},{"@type":"BreadcrumbList","@id":"https:\/\/genehtik.com\/informacion\/envios-devoluciones\/#breadcrumb","itemListElement":[{"@type":"ListItem","position":1,"name":"Home","item":"https:\/\/genehtik.com\/"},{"@type":"ListItem","position":2,"name":"Informaci\u00f3n","item":"https:\/\/genehtik.com\/informacion\/"},{"@type":"ListItem","position":3,"name":"Env\u00edos \/ Devoluciones"}]},{"@type":"WebSite","@id":"https:\/\/genehtik.com\/#website","url":"https:\/\/genehtik.com\/","name":"Genehtik","description":"Quality and guaranteed feminized and autoflowering cannabis seed bank","potentialAction":[{"@type":"SearchAction","target":{"@type":"EntryPoint","urlTemplate":"https:\/\/genehtik.com\/?s={search_term_string}"},"query-input":{"@type":"PropertyValueSpecification","valueRequired":true,"valueName":"search_term_string"}}],"inLanguage":"en-GB"}]}},"_links":{"self":[{"href":"https:\/\/genehtik.com\/en\/wp-json\/wp\/v2\/pages\/29","targetHints":{"allow":["GET"]}}],"collection":[{"href":"https:\/\/genehtik.com\/en\/wp-json\/wp\/v2\/pages"}],"about":[{"href":"https:\/\/genehtik.com\/en\/wp-json\/wp\/v2\/types\/page"}],"author":[{"embeddable":true,"href":"https:\/\/genehtik.com\/en\/wp-json\/wp\/v2\/users\/1"}],"replies":[{"embeddable":true,"href":"https:\/\/genehtik.com\/en\/wp-json\/wp\/v2\/comments?post=29"}],"version-history":[{"count":33,"href":"https:\/\/genehtik.com\/en\/wp-json\/wp\/v2\/pages\/29\/revisions"}],"predecessor-version":[{"id":43144,"href":"https:\/\/genehtik.com\/en\/wp-json\/wp\/v2\/pages\/29\/revisions\/43144"}],"up":[{"embeddable":true,"href":"https:\/\/genehtik.com\/en\/wp-json\/wp\/v2\/pages\/27"}],"wp:attachment":[{"href":"https:\/\/genehtik.com\/en\/wp-json\/wp\/v2\/media?parent=29"}],"curies":[{"name":"wp","href":"https:\/\/api.w.org\/{rel}","templated":true}]}}