{"id":31,"date":"2015-06-29T09:16:23","date_gmt":"2015-06-29T09:16:23","guid":{"rendered":"https:\/\/clon.genehtik.com\/?page_id=31"},"modified":"2025-07-09T09:57:12","modified_gmt":"2025-07-09T09:57:12","slug":"formas-de-pago","status":"publish","type":"page","link":"https:\/\/genehtik.com\/en\/informacion\/formas-de-pago\/","title":{"rendered":"Payment Methods"},"content":{"rendered":"<div class=\"wpb-content-wrapper\"><div class=\"vc_row wpb_row vc_row-fluid edgtf-section edgtf-content-aligment-left\" style=\"\"><div class=\"clearfix edgtf-full-section-inner\"><div class=\"wpb_column vc_column_container vc_col-sm-12\"><div class=\"vc_column-inner\"><div class=\"wpb_wrapper\">\n\t<div class=\"wpb_text_column wpb_content_element\" >\n\t\t<div class=\"wpb_wrapper\">\n\t\t\t<h1>PAYMENT METHODS<\/h1>\n<ul>\n<li style=\"list-style-type: none;\">\n<ul>\n<li>\n<h3>Credit card (Virtual POS):<\/h3>\n<p><img decoding=\"async\" data-src=\"https:\/\/genehtik.com\/wp-content\/uploads\/2015\/06\/tarjetas.jpg\" alt=\"Tarjetas de cr\u00e9dito aceptadas en la tienda online Genehtik\" width=\"329\" class=\"smush-dimensions lazyload\" style=\"--smush-image-width: 329px; --smush-image-aspect-ratio: 329\/85;\" src=\"data:image\/svg+xml;base64,PHN2ZyB3aWR0aD0iMSIgaGVpZ2h0PSIxIiB4bWxucz0iaHR0cDovL3d3dy53My5vcmcvMjAwMC9zdmciPjwvc3ZnPg==\" data-srcset=\"https:\/\/genehtik.com\/wp-content\/uploads\/2015\/06\/tarjetas.jpg 329w, https:\/\/genehtik.com\/wp-content\/uploads\/2015\/06\/tarjetas-150x39.jpg 150w, https:\/\/genehtik.com\/wp-content\/uploads\/2015\/06\/tarjetas-300x78.jpg 300w, https:\/\/genehtik.com\/wp-content\/uploads\/2015\/06\/tarjetas-250x65.jpg 250w\" data-sizes=\"auto\" data-original-sizes=\"(max-width: 329px) 100vw, 329px\" \/><\/p>\n<p>All transactions carried out through the Virtual POS will have all the guarantees of security, confidentiality and integrity for the participating agents: cardholders and their issuing entities, and merchants and their acquiring entities.<\/p>\n<p>Genehtik does not have access to confidential card information, thus preventing it from being stolen from the business by third parties for fraudulent purposes. The best way for a business to safeguard sensitive customer information is not to have it.<\/p>\n<p>This merchant agrees not to permit any transaction that is illegal or that is considered by the credit card brands or the acquiring bank to be potentially damaging to their goodwill or to negatively impact them. The following activities are prohibited under the card brand programs: the sale or offering of any product or service that does not fully comply with all laws applicable to the Buyer, Issuing Bank, Merchant, Cardholder, or cards.<\/p>\n<p>In addition, the following activities are also explicitly prohibited:<\/p>\n<p>\u2013 Selling or sending cannabis seeds outside of Spain.<br \/>\n\u2013 Sale of tobacco.<\/li>\n<li>\n<h3>Cash on delivery. (only for Spain and Portugal)<\/h3>\n<p>Cash on delivery shipments will incur an additional charge of 6%<\/li>\n<li>\n<h3>Cash payment:<\/h3>\n<p>You will need to send an envelope by <em><strong>CERTIFIED MAIL<\/strong><\/em>\u00a0with the amount of your order in cash (bills only). As soon as we receive the payment, we will prepare the order and ship it.<\/p>\n<p>The amount limit for this form of payment is \u20ac2,500 or its equivalent in foreign currency according to article 7 of Law 7\/2012 of October 29.<\/li>\n<li>\n<h3>Bank Transfer:<\/h3>\n<p>IBAN: ES15 0182 9734 0202 0179 8176<\/p>\n<p>BIC: BBVAESMMXXX<\/li>\n<\/ul>\n<\/li>\n<\/ul>\n\n\t\t<\/div>\n\t<\/div>\n<\/div><\/div><\/div><\/div><\/div>\n<\/div>","protected":false},"excerpt":{"rendered":"FORMAS DE PAGO Tarjeta de cr\u00e9dito (TPV Virtual): Todas las transacciones que se realicen a trav\u00e9s del TPV Virtual contar\u00e1n con todas las garant\u00edas de seguridad, confidencialidad e integridad para los agentes participantes: titulares de tarjetas y sus entidades emisoras, y comercios y sus entidades...","protected":false},"author":1,"featured_media":0,"parent":27,"menu_order":0,"comment_status":"closed","ping_status":"open","template":"","meta":{"bwfblock_default_font":"","footnotes":""},"class_list":["post-31","page","type-page","status-publish","hentry"],"yoast_head":"<!-- This site is optimized with the Yoast SEO Premium plugin v23.0 (Yoast SEO v27.2) - https:\/\/yoast.com\/product\/yoast-seo-premium-wordpress\/ -->\n<title>Formas de Pago<\/title>\n<meta name=\"description\" content=\"Formas de pago aceptadas en nuestra tienda online Genehtik. Semillas de marihuana y fertilizantes\" \/>\n<meta name=\"robots\" content=\"index, follow, max-snippet:-1, max-image-preview:large, max-video-preview:-1\" \/>\n<link rel=\"canonical\" href=\"https:\/\/genehtik.com\/en\/informacion\/formas-de-pago\/\" \/>\n<meta property=\"og:locale\" content=\"en_GB\" \/>\n<meta property=\"og:type\" content=\"article\" \/>\n<meta property=\"og:title\" content=\"Formas de Pago\" \/>\n<meta property=\"og:description\" content=\"Formas de pago aceptadas en nuestra tienda online Genehtik. Semillas de marihuana y fertilizantes\" \/>\n<meta property=\"og:url\" content=\"https:\/\/genehtik.com\/en\/informacion\/formas-de-pago\/\" \/>\n<meta property=\"og:site_name\" content=\"Genehtik\" \/>\n<meta property=\"article:publisher\" content=\"http:\/\/www.facebook.com\/Genehtik\" \/>\n<meta property=\"article:modified_time\" content=\"2025-07-09T09:57:12+00:00\" \/>\n<meta property=\"og:image\" content=\"https:\/\/genehtik.com\/wp-content\/uploads\/2015\/06\/tarjetas.jpg\" \/>\n<meta name=\"twitter:card\" content=\"summary_large_image\" \/>\n<meta name=\"twitter:site\" content=\"@GenehtikEs\" \/>\n<meta name=\"twitter:label1\" content=\"Estimated reading time\" \/>\n\t<meta name=\"twitter:data1\" content=\"2 minutes\" \/>\n<script type=\"application\/ld+json\" class=\"yoast-schema-graph\">{\"@context\":\"https:\/\/schema.org\",\"@graph\":[{\"@type\":\"WebPage\",\"@id\":\"https:\/\/genehtik.com\/informacion\/formas-de-pago\/\",\"url\":\"https:\/\/genehtik.com\/informacion\/formas-de-pago\/\",\"name\":\"Formas de Pago\",\"isPartOf\":{\"@id\":\"https:\/\/genehtik.com\/#website\"},\"primaryImageOfPage\":{\"@id\":\"https:\/\/genehtik.com\/informacion\/formas-de-pago\/#primaryimage\"},\"image\":{\"@id\":\"https:\/\/genehtik.com\/informacion\/formas-de-pago\/#primaryimage\"},\"thumbnailUrl\":\"https:\/\/genehtik.com\/wp-content\/uploads\/2015\/06\/tarjetas.jpg\",\"datePublished\":\"2015-06-29T09:16:23+00:00\",\"dateModified\":\"2025-07-09T09:57:12+00:00\",\"description\":\"Formas de pago aceptadas en nuestra tienda online Genehtik. Semillas de marihuana y fertilizantes\",\"breadcrumb\":{\"@id\":\"https:\/\/genehtik.com\/informacion\/formas-de-pago\/#breadcrumb\"},\"inLanguage\":\"en-GB\",\"potentialAction\":[{\"@type\":\"ReadAction\",\"target\":[\"https:\/\/genehtik.com\/informacion\/formas-de-pago\/\"]}]},{\"@type\":\"ImageObject\",\"inLanguage\":\"en-GB\",\"@id\":\"https:\/\/genehtik.com\/informacion\/formas-de-pago\/#primaryimage\",\"url\":\"https:\/\/genehtik.com\/wp-content\/uploads\/2015\/06\/tarjetas.jpg\",\"contentUrl\":\"https:\/\/genehtik.com\/wp-content\/uploads\/2015\/06\/tarjetas.jpg\"},{\"@type\":\"BreadcrumbList\",\"@id\":\"https:\/\/genehtik.com\/informacion\/formas-de-pago\/#breadcrumb\",\"itemListElement\":[{\"@type\":\"ListItem\",\"position\":1,\"name\":\"Home\",\"item\":\"https:\/\/genehtik.com\/\"},{\"@type\":\"ListItem\",\"position\":2,\"name\":\"Informaci\u00f3n\",\"item\":\"https:\/\/genehtik.com\/informacion\/\"},{\"@type\":\"ListItem\",\"position\":3,\"name\":\"Formas de Pago\"}]},{\"@type\":\"WebSite\",\"@id\":\"https:\/\/genehtik.com\/#website\",\"url\":\"https:\/\/genehtik.com\/\",\"name\":\"Genehtik\",\"description\":\"Banco de semillas de cannabis feminizadas y autoflorecientes de calidad y garant\u00eda\",\"potentialAction\":[{\"@type\":\"SearchAction\",\"target\":{\"@type\":\"EntryPoint\",\"urlTemplate\":\"https:\/\/genehtik.com\/?s={search_term_string}\"},\"query-input\":{\"@type\":\"PropertyValueSpecification\",\"valueRequired\":true,\"valueName\":\"search_term_string\"}}],\"inLanguage\":\"en-GB\"}]}<\/script>\n<!-- \/ Yoast SEO Premium plugin. -->","yoast_head_json":{"title":"Payment Methods","description":"Formas de pago aceptadas en nuestra tienda online Genehtik. Semillas de marihuana y fertilizantes","robots":{"index":"index","follow":"follow","max-snippet":"max-snippet:-1","max-image-preview":"max-image-preview:large","max-video-preview":"max-video-preview:-1"},"canonical":"https:\/\/genehtik.com\/en\/informacion\/formas-de-pago\/","og_locale":"en_GB","og_type":"article","og_title":"Formas de Pago","og_description":"Formas de pago aceptadas en nuestra tienda online Genehtik. Semillas de marihuana y fertilizantes","og_url":"https:\/\/genehtik.com\/en\/informacion\/formas-de-pago\/","og_site_name":"Genehtik","article_publisher":"http:\/\/www.facebook.com\/Genehtik","article_modified_time":"2025-07-09T09:57:12+00:00","og_image":[{"url":"https:\/\/genehtik.com\/wp-content\/uploads\/2015\/06\/tarjetas.jpg","type":"","width":"","height":""}],"twitter_card":"summary_large_image","twitter_site":"@GenehtikEs","twitter_misc":{"Estimated reading time":"2 minutes"},"schema":{"@context":"https:\/\/schema.org","@graph":[{"@type":"WebPage","@id":"https:\/\/genehtik.com\/informacion\/formas-de-pago\/","url":"https:\/\/genehtik.com\/informacion\/formas-de-pago\/","name":"Payment Methods","isPartOf":{"@id":"https:\/\/genehtik.com\/#website"},"primaryImageOfPage":{"@id":"https:\/\/genehtik.com\/informacion\/formas-de-pago\/#primaryimage"},"image":{"@id":"https:\/\/genehtik.com\/informacion\/formas-de-pago\/#primaryimage"},"thumbnailUrl":"https:\/\/genehtik.com\/wp-content\/uploads\/2015\/06\/tarjetas.jpg","datePublished":"2015-06-29T09:16:23+00:00","dateModified":"2025-07-09T09:57:12+00:00","description":"Formas de pago aceptadas en nuestra tienda online Genehtik. Semillas de marihuana y fertilizantes","breadcrumb":{"@id":"https:\/\/genehtik.com\/informacion\/formas-de-pago\/#breadcrumb"},"inLanguage":"en-GB","potentialAction":[{"@type":"ReadAction","target":["https:\/\/genehtik.com\/informacion\/formas-de-pago\/"]}]},{"@type":"ImageObject","inLanguage":"en-GB","@id":"https:\/\/genehtik.com\/informacion\/formas-de-pago\/#primaryimage","url":"https:\/\/genehtik.com\/wp-content\/uploads\/2015\/06\/tarjetas.jpg","contentUrl":"https:\/\/genehtik.com\/wp-content\/uploads\/2015\/06\/tarjetas.jpg"},{"@type":"BreadcrumbList","@id":"https:\/\/genehtik.com\/informacion\/formas-de-pago\/#breadcrumb","itemListElement":[{"@type":"ListItem","position":1,"name":"Home","item":"https:\/\/genehtik.com\/"},{"@type":"ListItem","position":2,"name":"Informaci\u00f3n","item":"https:\/\/genehtik.com\/informacion\/"},{"@type":"ListItem","position":3,"name":"Formas de Pago"}]},{"@type":"WebSite","@id":"https:\/\/genehtik.com\/#website","url":"https:\/\/genehtik.com\/","name":"Genehtik","description":"Quality and guaranteed feminized and autoflowering cannabis seed bank","potentialAction":[{"@type":"SearchAction","target":{"@type":"EntryPoint","urlTemplate":"https:\/\/genehtik.com\/?s={search_term_string}"},"query-input":{"@type":"PropertyValueSpecification","valueRequired":true,"valueName":"search_term_string"}}],"inLanguage":"en-GB"}]}},"_links":{"self":[{"href":"https:\/\/genehtik.com\/en\/wp-json\/wp\/v2\/pages\/31","targetHints":{"allow":["GET"]}}],"collection":[{"href":"https:\/\/genehtik.com\/en\/wp-json\/wp\/v2\/pages"}],"about":[{"href":"https:\/\/genehtik.com\/en\/wp-json\/wp\/v2\/types\/page"}],"author":[{"embeddable":true,"href":"https:\/\/genehtik.com\/en\/wp-json\/wp\/v2\/users\/1"}],"replies":[{"embeddable":true,"href":"https:\/\/genehtik.com\/en\/wp-json\/wp\/v2\/comments?post=31"}],"version-history":[{"count":42,"href":"https:\/\/genehtik.com\/en\/wp-json\/wp\/v2\/pages\/31\/revisions"}],"predecessor-version":[{"id":42319,"href":"https:\/\/genehtik.com\/en\/wp-json\/wp\/v2\/pages\/31\/revisions\/42319"}],"up":[{"embeddable":true,"href":"https:\/\/genehtik.com\/en\/wp-json\/wp\/v2\/pages\/27"}],"wp:attachment":[{"href":"https:\/\/genehtik.com\/en\/wp-json\/wp\/v2\/media?parent=31"}],"curies":[{"name":"wp","href":"https:\/\/api.w.org\/{rel}","templated":true}]}}