{"id":33,"date":"2015-06-29T09:16:45","date_gmt":"2015-06-29T09:16:45","guid":{"rendered":"https:\/\/clon.genehtik.com\/?page_id=33"},"modified":"2015-10-02T10:36:58","modified_gmt":"2015-10-02T10:36:58","slug":"confidencialidad","status":"publish","type":"page","link":"https:\/\/genehtik.com\/en\/informacion\/confidencialidad\/","title":{"rendered":"Confidentiality"},"content":{"rendered":"<h1>CONFIDENTIALITY<\/h1>\n<p>Your personal data, including your email address and postal address, will only be used by Genehtik to identify you as a customer. This will allow you to make future purchases more efficiently and receive personalized information about new sleep products and upcoming trade fairs at Genehtik.<\/p>\n<p>Genehtik will not transmit your data to third parties and at no time will Genehtik use that information for commercial or professional purposes.<\/p>\n<p>In compliance with Organic Law No. 15\/1999 of December 13, 1999, on the Protection of Personal Data, the client may at any time exercise the rights of access, rectification and cancellation of their data in writing.<\/p>","protected":false},"excerpt":{"rendered":"<p>CONFIDENCIALIDAD Sus datos personales as\u00ed como el e-mail o la direcci\u00f3n postal solo ser\u00e1n utilizados por Genehtik para identificarle como cliente. As\u00ed podr\u00e1 realizar sus pr\u00f3ximas compras con mayor agilidad y recibir informaci\u00f3n personificada sobre las novedades en descanso y acontecimientos feriales de Genehtik. Genehtik&#8230;<\/p>","protected":false},"author":1,"featured_media":0,"parent":27,"menu_order":0,"comment_status":"closed","ping_status":"open","template":"","meta":{"bwfblock_default_font":"","footnotes":""},"class_list":["post-33","page","type-page","status-publish","hentry"],"yoast_head":"<!-- This site is optimized with the Yoast SEO Premium plugin v23.0 (Yoast SEO v27.2) - https:\/\/yoast.com\/product\/yoast-seo-premium-wordpress\/ -->\n<title>Confidencialidad<\/title>\n<meta name=\"description\" content=\"Confidencialidad y protecci\u00f3n de los datos de nuestra tienda de semillas de marihuana.\" \/>\n<meta name=\"robots\" content=\"index, follow, max-snippet:-1, max-image-preview:large, max-video-preview:-1\" \/>\n<link rel=\"canonical\" href=\"https:\/\/genehtik.com\/en\/informacion\/confidencialidad\/\" \/>\n<meta property=\"og:locale\" content=\"en_GB\" \/>\n<meta property=\"og:type\" content=\"article\" \/>\n<meta property=\"og:title\" content=\"Confidencialidad\" \/>\n<meta property=\"og:description\" content=\"Confidencialidad y protecci\u00f3n de los datos de nuestra tienda de semillas de marihuana.\" \/>\n<meta property=\"og:url\" content=\"https:\/\/genehtik.com\/en\/informacion\/confidencialidad\/\" \/>\n<meta property=\"og:site_name\" content=\"Genehtik\" \/>\n<meta property=\"article:publisher\" content=\"http:\/\/www.facebook.com\/Genehtik\" \/>\n<meta property=\"article:modified_time\" content=\"2015-10-02T10:36:58+00:00\" \/>\n<meta name=\"twitter:card\" content=\"summary_large_image\" \/>\n<meta name=\"twitter:site\" content=\"@GenehtikEs\" \/>\n<meta name=\"twitter:label1\" content=\"Estimated reading time\" \/>\n\t<meta name=\"twitter:data1\" content=\"1 minute\" \/>\n<script type=\"application\/ld+json\" class=\"yoast-schema-graph\">{\"@context\":\"https:\/\/schema.org\",\"@graph\":[{\"@type\":\"WebPage\",\"@id\":\"https:\/\/genehtik.com\/informacion\/confidencialidad\/\",\"url\":\"https:\/\/genehtik.com\/informacion\/confidencialidad\/\",\"name\":\"Confidencialidad\",\"isPartOf\":{\"@id\":\"https:\/\/genehtik.com\/#website\"},\"datePublished\":\"2015-06-29T09:16:45+00:00\",\"dateModified\":\"2015-10-02T10:36:58+00:00\",\"description\":\"Confidencialidad y protecci\u00f3n de los datos de nuestra tienda de semillas de marihuana.\",\"breadcrumb\":{\"@id\":\"https:\/\/genehtik.com\/informacion\/confidencialidad\/#breadcrumb\"},\"inLanguage\":\"en-GB\",\"potentialAction\":[{\"@type\":\"ReadAction\",\"target\":[\"https:\/\/genehtik.com\/informacion\/confidencialidad\/\"]}]},{\"@type\":\"BreadcrumbList\",\"@id\":\"https:\/\/genehtik.com\/informacion\/confidencialidad\/#breadcrumb\",\"itemListElement\":[{\"@type\":\"ListItem\",\"position\":1,\"name\":\"Home\",\"item\":\"https:\/\/genehtik.com\/\"},{\"@type\":\"ListItem\",\"position\":2,\"name\":\"Informaci\u00f3n\",\"item\":\"https:\/\/genehtik.com\/informacion\/\"},{\"@type\":\"ListItem\",\"position\":3,\"name\":\"Confidencialidad\"}]},{\"@type\":\"WebSite\",\"@id\":\"https:\/\/genehtik.com\/#website\",\"url\":\"https:\/\/genehtik.com\/\",\"name\":\"Genehtik\",\"description\":\"Banco de semillas de cannabis feminizadas y autoflorecientes de calidad y garant\u00eda\",\"potentialAction\":[{\"@type\":\"SearchAction\",\"target\":{\"@type\":\"EntryPoint\",\"urlTemplate\":\"https:\/\/genehtik.com\/?s={search_term_string}\"},\"query-input\":{\"@type\":\"PropertyValueSpecification\",\"valueRequired\":true,\"valueName\":\"search_term_string\"}}],\"inLanguage\":\"en-GB\"}]}<\/script>\n<!-- \/ Yoast SEO Premium plugin. -->","yoast_head_json":{"title":"Confidentiality","description":"Confidencialidad y protecci\u00f3n de los datos de nuestra tienda de semillas de marihuana.","robots":{"index":"index","follow":"follow","max-snippet":"max-snippet:-1","max-image-preview":"max-image-preview:large","max-video-preview":"max-video-preview:-1"},"canonical":"https:\/\/genehtik.com\/en\/informacion\/confidencialidad\/","og_locale":"en_GB","og_type":"article","og_title":"Confidencialidad","og_description":"Confidencialidad y protecci\u00f3n de los datos de nuestra tienda de semillas de marihuana.","og_url":"https:\/\/genehtik.com\/en\/informacion\/confidencialidad\/","og_site_name":"Genehtik","article_publisher":"http:\/\/www.facebook.com\/Genehtik","article_modified_time":"2015-10-02T10:36:58+00:00","twitter_card":"summary_large_image","twitter_site":"@GenehtikEs","twitter_misc":{"Estimated reading time":"1 minute"},"schema":{"@context":"https:\/\/schema.org","@graph":[{"@type":"WebPage","@id":"https:\/\/genehtik.com\/informacion\/confidencialidad\/","url":"https:\/\/genehtik.com\/informacion\/confidencialidad\/","name":"Confidentiality","isPartOf":{"@id":"https:\/\/genehtik.com\/#website"},"datePublished":"2015-06-29T09:16:45+00:00","dateModified":"2015-10-02T10:36:58+00:00","description":"Confidencialidad y protecci\u00f3n de los datos de nuestra tienda de semillas de marihuana.","breadcrumb":{"@id":"https:\/\/genehtik.com\/informacion\/confidencialidad\/#breadcrumb"},"inLanguage":"en-GB","potentialAction":[{"@type":"ReadAction","target":["https:\/\/genehtik.com\/informacion\/confidencialidad\/"]}]},{"@type":"BreadcrumbList","@id":"https:\/\/genehtik.com\/informacion\/confidencialidad\/#breadcrumb","itemListElement":[{"@type":"ListItem","position":1,"name":"Home","item":"https:\/\/genehtik.com\/"},{"@type":"ListItem","position":2,"name":"Informaci\u00f3n","item":"https:\/\/genehtik.com\/informacion\/"},{"@type":"ListItem","position":3,"name":"Confidencialidad"}]},{"@type":"WebSite","@id":"https:\/\/genehtik.com\/#website","url":"https:\/\/genehtik.com\/","name":"Genehtik","description":"Quality and guaranteed feminized and autoflowering cannabis seed bank","potentialAction":[{"@type":"SearchAction","target":{"@type":"EntryPoint","urlTemplate":"https:\/\/genehtik.com\/?s={search_term_string}"},"query-input":{"@type":"PropertyValueSpecification","valueRequired":true,"valueName":"search_term_string"}}],"inLanguage":"en-GB"}]}},"_links":{"self":[{"href":"https:\/\/genehtik.com\/en\/wp-json\/wp\/v2\/pages\/33","targetHints":{"allow":["GET"]}}],"collection":[{"href":"https:\/\/genehtik.com\/en\/wp-json\/wp\/v2\/pages"}],"about":[{"href":"https:\/\/genehtik.com\/en\/wp-json\/wp\/v2\/types\/page"}],"author":[{"embeddable":true,"href":"https:\/\/genehtik.com\/en\/wp-json\/wp\/v2\/users\/1"}],"replies":[{"embeddable":true,"href":"https:\/\/genehtik.com\/en\/wp-json\/wp\/v2\/comments?post=33"}],"version-history":[{"count":3,"href":"https:\/\/genehtik.com\/en\/wp-json\/wp\/v2\/pages\/33\/revisions"}],"predecessor-version":[{"id":4743,"href":"https:\/\/genehtik.com\/en\/wp-json\/wp\/v2\/pages\/33\/revisions\/4743"}],"up":[{"embeddable":true,"href":"https:\/\/genehtik.com\/en\/wp-json\/wp\/v2\/pages\/27"}],"wp:attachment":[{"href":"https:\/\/genehtik.com\/en\/wp-json\/wp\/v2\/media?parent=33"}],"curies":[{"name":"wp","href":"https:\/\/api.w.org\/{rel}","templated":true}]}}