{"id":35,"date":"2015-06-29T09:17:09","date_gmt":"2015-06-29T09:17:09","guid":{"rendered":"https:\/\/clon.genehtik.com\/?page_id=35"},"modified":"2025-06-04T10:28:58","modified_gmt":"2025-06-04T10:28:58","slug":"condiciones-de-uso","status":"publish","type":"page","link":"https:\/\/genehtik.com\/en\/informacion\/condiciones-de-uso\/","title":{"rendered":"Terms and Conditions of Use"},"content":{"rendered":"<h1>TERMS AND CONDITIONS OF USE<\/h1>\n<p>Possession of hemp seeds in Spain is not a crime (Vienna Convention of 1961). Cultivation of cannabis may be subject to administrative and criminal penalties (Article 25.1 of the Organic Law on the Protection of Public Safety and Article 368 of the Criminal Code).<\/p>\n<p>The importation, possession, sale, or distribution of cannabis seeds are not regulated by law in accordance with the unilateral narcotics treaty agreed in Vienna in 1961.<\/p>\n<p>In some countries, such as Spain, the cultivation of cannabis seeds by companies, associations, or individuals without proper authorization may constitute a crime. Therefore, the sale or distribution of seeds in these countries is exclusively for industrial applications, collecting, or preservation of genetics.<\/p>\n<p>Genehtik Collections distributors and customers accept the specific restriction that the seeds not be used by third parties for illicit or illegal purposes.<\/p>\n<p>Likewise, we do not intend to encourage or induce anyone to act against the law, and each individual is responsible for their own actions. Our clients must accept all of the above regarding the export of cannabis seeds to countries such as the United States, Germany, France, or any other where it is illegal.<\/p>\n<p>Genehtik SL Collections assumes no responsibility for the use or illegal use of these collector seeds.<\/p>\n<p>In Spain and many other European countries, it is legal to sell hemp seeds. However, they may be prohibited in your country. We advise you to check the legality of your country first; otherwise, you will be responsible for your actions. Genehtik SL Collections cannot be held responsible for the different regulations in each country.<\/p>\n<p>The purchase of these products is prohibited from countries where cannabis seeds are illegal, such as Australia, Germany, and Asian countries, or any other country where possession of cannabis seeds is illegal. However, if a buyer from a country not listed above irresponsibly purchases any of these products without first informing themselves about local laws, the company declines all responsibility for any resulting legal problems and will not issue refunds for items seized or rejected by customs in the course of its duties.<\/p>\n<p>The descriptions of these and other products for sale on this website have been taken from companies and specialized books written in countries where the laws do not prohibit the consumption of certain psychoactive substances (such as the Netherlands). This means that the fact that some descriptions allude to their effects after consumption IN NO WAY means that you can consume them; it is merely information since these products are sold intended only for medical and therapeutic uses, to botany students, naturalists, collectors, souvenirs, etc.<\/p>\n<p>If they are used for human consumption, it will always be under the sole responsibility of the buyer, and the company declines all possible responsibility in this regard.<\/p>\n<p>&nbsp;<\/p>\n<p>We ask for your commitment and responsibility.<\/p>\n<p>&nbsp;<\/p>\n<p>Genehtik Collections SL<\/p>\n<p>Pol. Ind. Erletxe Plat. E ship 27<\/p>\n<p>48960 Galdakao<\/p>\n<p>Bizkaia<\/p>","protected":false},"excerpt":{"rendered":"<p>T\u00c9RMINOS Y CONDICIONES DE USO La posesi\u00f3n de semillas de c\u00e1\u00f1amo en Espa\u00f1a no es constitutiva de delito (Convenci\u00f3n de Viena de 1.961). El cultivo de cannabis puede ser objeto de sanciones administrativas y penales (Art. 25.1 de la Ley Org\u00e1nica de Protecci\u00f3n de la&#8230;<\/p>","protected":false},"author":1,"featured_media":0,"parent":27,"menu_order":0,"comment_status":"closed","ping_status":"open","template":"","meta":{"bwfblock_default_font":"","footnotes":""},"class_list":["post-35","page","type-page","status-publish","hentry"],"yoast_head":"<!-- This site is optimized with the Yoast SEO Premium plugin v23.0 (Yoast SEO v27.2) - https:\/\/yoast.com\/product\/yoast-seo-premium-wordpress\/ -->\n<title>T\u00e9rminos y Condiciones de uso<\/title>\n<meta name=\"description\" content=\"T\u00e9rminos y condiciones de uso de nuestra tienda online Genehtik. Semillas de marihuana y fertilizantes\" \/>\n<meta name=\"robots\" content=\"index, follow, max-snippet:-1, max-image-preview:large, max-video-preview:-1\" \/>\n<link rel=\"canonical\" href=\"https:\/\/genehtik.com\/en\/informacion\/condiciones-de-uso\/\" \/>\n<meta property=\"og:locale\" content=\"en_GB\" \/>\n<meta property=\"og:type\" content=\"article\" \/>\n<meta property=\"og:title\" content=\"T\u00e9rminos y Condiciones de Uso\" \/>\n<meta property=\"og:description\" content=\"T\u00e9rminos y condiciones de uso de nuestra tienda online Genehtik. Semillas de marihuana y fertilizantes\" \/>\n<meta property=\"og:url\" content=\"https:\/\/genehtik.com\/en\/informacion\/condiciones-de-uso\/\" \/>\n<meta property=\"og:site_name\" content=\"Genehtik\" \/>\n<meta property=\"article:publisher\" content=\"http:\/\/www.facebook.com\/Genehtik\" \/>\n<meta property=\"article:modified_time\" content=\"2025-06-04T10:28:58+00:00\" \/>\n<meta name=\"twitter:card\" content=\"summary_large_image\" \/>\n<meta name=\"twitter:site\" content=\"@GenehtikEs\" \/>\n<meta name=\"twitter:label1\" content=\"Estimated reading time\" \/>\n\t<meta name=\"twitter:data1\" content=\"3 minutes\" \/>\n<script type=\"application\/ld+json\" class=\"yoast-schema-graph\">{\"@context\":\"https:\/\/schema.org\",\"@graph\":[{\"@type\":\"WebPage\",\"@id\":\"https:\/\/genehtik.com\/informacion\/condiciones-de-uso\/\",\"url\":\"https:\/\/genehtik.com\/informacion\/condiciones-de-uso\/\",\"name\":\"T\u00e9rminos y Condiciones de uso\",\"isPartOf\":{\"@id\":\"https:\/\/genehtik.com\/#website\"},\"datePublished\":\"2015-06-29T09:17:09+00:00\",\"dateModified\":\"2025-06-04T10:28:58+00:00\",\"description\":\"T\u00e9rminos y condiciones de uso de nuestra tienda online Genehtik. Semillas de marihuana y fertilizantes\",\"breadcrumb\":{\"@id\":\"https:\/\/genehtik.com\/informacion\/condiciones-de-uso\/#breadcrumb\"},\"inLanguage\":\"en-GB\",\"potentialAction\":[{\"@type\":\"ReadAction\",\"target\":[\"https:\/\/genehtik.com\/informacion\/condiciones-de-uso\/\"]}]},{\"@type\":\"BreadcrumbList\",\"@id\":\"https:\/\/genehtik.com\/informacion\/condiciones-de-uso\/#breadcrumb\",\"itemListElement\":[{\"@type\":\"ListItem\",\"position\":1,\"name\":\"Home\",\"item\":\"https:\/\/genehtik.com\/\"},{\"@type\":\"ListItem\",\"position\":2,\"name\":\"Informaci\u00f3n\",\"item\":\"https:\/\/genehtik.com\/informacion\/\"},{\"@type\":\"ListItem\",\"position\":3,\"name\":\"T\u00e9rminos y Condiciones de Uso\"}]},{\"@type\":\"WebSite\",\"@id\":\"https:\/\/genehtik.com\/#website\",\"url\":\"https:\/\/genehtik.com\/\",\"name\":\"Genehtik\",\"description\":\"Banco de semillas de cannabis feminizadas y autoflorecientes de calidad y garant\u00eda\",\"potentialAction\":[{\"@type\":\"SearchAction\",\"target\":{\"@type\":\"EntryPoint\",\"urlTemplate\":\"https:\/\/genehtik.com\/?s={search_term_string}\"},\"query-input\":{\"@type\":\"PropertyValueSpecification\",\"valueRequired\":true,\"valueName\":\"search_term_string\"}}],\"inLanguage\":\"en-GB\"}]}<\/script>\n<!-- \/ Yoast SEO Premium plugin. -->","yoast_head_json":{"title":"T\u00e9rminos y Condiciones de uso","description":"T\u00e9rminos y condiciones de uso de nuestra tienda online Genehtik. Semillas de marihuana y fertilizantes","robots":{"index":"index","follow":"follow","max-snippet":"max-snippet:-1","max-image-preview":"max-image-preview:large","max-video-preview":"max-video-preview:-1"},"canonical":"https:\/\/genehtik.com\/en\/informacion\/condiciones-de-uso\/","og_locale":"en_GB","og_type":"article","og_title":"T\u00e9rminos y Condiciones de Uso","og_description":"T\u00e9rminos y condiciones de uso de nuestra tienda online Genehtik. Semillas de marihuana y fertilizantes","og_url":"https:\/\/genehtik.com\/en\/informacion\/condiciones-de-uso\/","og_site_name":"Genehtik","article_publisher":"http:\/\/www.facebook.com\/Genehtik","article_modified_time":"2025-06-04T10:28:58+00:00","twitter_card":"summary_large_image","twitter_site":"@GenehtikEs","twitter_misc":{"Estimated reading time":"3 minutes"},"schema":{"@context":"https:\/\/schema.org","@graph":[{"@type":"WebPage","@id":"https:\/\/genehtik.com\/informacion\/condiciones-de-uso\/","url":"https:\/\/genehtik.com\/informacion\/condiciones-de-uso\/","name":"T\u00e9rminos y Condiciones de uso","isPartOf":{"@id":"https:\/\/genehtik.com\/#website"},"datePublished":"2015-06-29T09:17:09+00:00","dateModified":"2025-06-04T10:28:58+00:00","description":"T\u00e9rminos y condiciones de uso de nuestra tienda online Genehtik. Semillas de marihuana y fertilizantes","breadcrumb":{"@id":"https:\/\/genehtik.com\/informacion\/condiciones-de-uso\/#breadcrumb"},"inLanguage":"en-GB","potentialAction":[{"@type":"ReadAction","target":["https:\/\/genehtik.com\/informacion\/condiciones-de-uso\/"]}]},{"@type":"BreadcrumbList","@id":"https:\/\/genehtik.com\/informacion\/condiciones-de-uso\/#breadcrumb","itemListElement":[{"@type":"ListItem","position":1,"name":"Home","item":"https:\/\/genehtik.com\/"},{"@type":"ListItem","position":2,"name":"Informaci\u00f3n","item":"https:\/\/genehtik.com\/informacion\/"},{"@type":"ListItem","position":3,"name":"T\u00e9rminos y Condiciones de Uso"}]},{"@type":"WebSite","@id":"https:\/\/genehtik.com\/#website","url":"https:\/\/genehtik.com\/","name":"Genehtik","description":"Quality and guaranteed feminized and autoflowering cannabis seed bank","potentialAction":[{"@type":"SearchAction","target":{"@type":"EntryPoint","urlTemplate":"https:\/\/genehtik.com\/?s={search_term_string}"},"query-input":{"@type":"PropertyValueSpecification","valueRequired":true,"valueName":"search_term_string"}}],"inLanguage":"en-GB"}]}},"_links":{"self":[{"href":"https:\/\/genehtik.com\/en\/wp-json\/wp\/v2\/pages\/35","targetHints":{"allow":["GET"]}}],"collection":[{"href":"https:\/\/genehtik.com\/en\/wp-json\/wp\/v2\/pages"}],"about":[{"href":"https:\/\/genehtik.com\/en\/wp-json\/wp\/v2\/types\/page"}],"author":[{"embeddable":true,"href":"https:\/\/genehtik.com\/en\/wp-json\/wp\/v2\/users\/1"}],"replies":[{"embeddable":true,"href":"https:\/\/genehtik.com\/en\/wp-json\/wp\/v2\/comments?post=35"}],"version-history":[{"count":11,"href":"https:\/\/genehtik.com\/en\/wp-json\/wp\/v2\/pages\/35\/revisions"}],"predecessor-version":[{"id":42262,"href":"https:\/\/genehtik.com\/en\/wp-json\/wp\/v2\/pages\/35\/revisions\/42262"}],"up":[{"embeddable":true,"href":"https:\/\/genehtik.com\/en\/wp-json\/wp\/v2\/pages\/27"}],"wp:attachment":[{"href":"https:\/\/genehtik.com\/en\/wp-json\/wp\/v2\/media?parent=35"}],"curies":[{"name":"wp","href":"https:\/\/api.w.org\/{rel}","templated":true}]}}