{"id":5008,"date":"2015-07-08T09:30:04","date_gmt":"2015-07-08T09:30:04","guid":{"rendered":"https:\/\/clon.genehtik.com\/?page_id=5008"},"modified":"2025-03-31T10:53:47","modified_gmt":"2025-03-31T10:53:47","slug":"banco-semillas-de-marihuana","status":"publish","type":"page","link":"https:\/\/genehtik.com\/en\/banco-semillas-de-marihuana\/","title":{"rendered":"Genehtik Cannabis Seed Bank \u2013 About Us"},"content":{"rendered":"<p><img decoding=\"async\" class=\"alignnone wp-image-10549 size-full lazyload\" data-src=\"https:\/\/genehtik.com\/wp-content\/uploads\/2015\/07\/semillas-marihuana-genehtik-historia.jpg\" alt=\"Banco de semillas de cannabis Genehtik\" width=\"709\" height=\"425\" data-srcset=\"https:\/\/genehtik.com\/wp-content\/uploads\/2015\/07\/semillas-marihuana-genehtik-historia.jpg 709w, https:\/\/genehtik.com\/wp-content\/uploads\/2015\/07\/semillas-marihuana-genehtik-historia-150x90.jpg 150w, https:\/\/genehtik.com\/wp-content\/uploads\/2015\/07\/semillas-marihuana-genehtik-historia-400x240.jpg 400w, https:\/\/genehtik.com\/wp-content\/uploads\/2015\/07\/semillas-marihuana-genehtik-historia-300x180.jpg 300w, https:\/\/genehtik.com\/wp-content\/uploads\/2015\/07\/semillas-marihuana-genehtik-historia-190x114.jpg 190w\" data-sizes=\"auto\" src=\"data:image\/svg+xml;base64,PHN2ZyB3aWR0aD0iMSIgaGVpZ2h0PSIxIiB4bWxucz0iaHR0cDovL3d3dy53My5vcmcvMjAwMC9zdmciPjwvc3ZnPg==\" style=\"--smush-placeholder-width: 709px; --smush-placeholder-aspect-ratio: 709\/425;\" data-original-sizes=\"(max-width: 709px) 100vw, 709px\" \/><\/p>\n<h2>History of our seed bank<\/h2>\n<p>GENETHIK SEEDS was born over 20 years ago in the Basque Country, the culmination of many years of work. Years of intensive cultivation. Years of sharing information with amateur and professional growers, of exchanging experiences and genetics with both anonymous and renowned breeders from all over the world. We can say that the origin of our seed bank is closely linked to a specific strain... <strong>Critical Bilbo<\/strong>, already its creator <a href=\"https:\/\/criticalbilbo.com\/critical-bilbo-la-leyenda\/\"><strong>David Merino<\/strong><\/a>, who since the late 1990s has maintained very special varieties, authentic champions and even legendary ones like the world-famous <strong>KRITIKAL BILBO<\/strong>. Since its creation, it has worked to stabilize this variety and obtain stronger and more robust specimens, currently being the standard of our bank, a variety that quickly began to win cannabis cups and forge its own legend.<\/p>\n<p>&nbsp;<\/p>\n<p>GENEHTIK SEEDS always guarantees the quality of all our genetics, maintaining parental characteristics, preserving their organoleptic properties, and enhancing the vigor of each strain to make them more resistant. GENEHTIK SEEDS has successfully instilled that Basque character to maximize the productivity of our entire catalog of varieties.<\/p>\n<p>&nbsp;<\/p>\n<h3>More information and history about our seed bank and our varieties at <a href=\"https:\/\/www.criticalbilbo.com\">www.criticalbilbo.com<\/a>.<\/h3>\n<p>&nbsp;<\/p>\n<p>In our catalog you will find <a href=\"https:\/\/genehtik.com\/en\/comprar-semillas-de-marihuana-feminizadas-genehtik\/\"><strong>feminized cannabis seeds<\/strong><\/a>\u00a0y\u00a0<a href=\"\/en\/?product_cat=productos\/semillas-de-marihuana\/semillas-cannabis-autoflorecientes\"><strong>autoflowering cannabis seeds<\/strong><\/a>, as well as <a href=\"\/en\/?product_cat=productos\/nutrientes\"><strong>fertilizers and nutrients<\/strong><\/a> for your plants.<\/p>\n<p>&nbsp;<\/p>\n<h2>The quality of Genehtik marijuana seeds<\/h2>\n<p>Our <strong>cannabis seed bank<\/strong>\u00a0We always guarantee the highest genetic quality in all our cannabis seeds. We also maintain the integrity of the parent plants&#039; characteristics.<\/p>\n<p>&nbsp;<\/p>\n<p>We always guarantee that virtually all of our cannabis seeds are feminized.<\/p>\n<p>&nbsp;<\/p>\n<p>All our seeds are hand-selected and cleaned to ensure the highest quality. Furthermore, packaging in microtubes guarantees their optimal preservation.<\/p>\n<p>&nbsp;<\/p>\n<p>In our catalog, you&#039;ll find a wide range of genetics selected by our seed bank, along with videos explaining each one. This way, you&#039;ll have all the information you need to help you make your choice.<\/p>\n<p>&nbsp;<\/p>\n<h3>We guarantee the highest genetic quality of all our cannabis seeds.<\/h3>\n<p>Our feminized and autoflowering cannabis seeds are available in our online store or at any grow shop in your city.<\/p>\n<p>&nbsp;<\/p>\n<p>For any questions, you can contact us via email. <a href=\"mailto:info@genehtik.com\">info@genehtik.com<\/a><\/p>\n<p>&nbsp;<\/p>\n<p>&nbsp;<\/p>\n<div class=\"woocommerce columns-4\"><ul class=\"products columns-4\">\n<li class=\"product-category product first\">\n\t<a aria-label=\"Visit product category Semillas Feminizadas\" href=\"https:\/\/genehtik.com\/en\/cannabis\/productos\/semillas-de-marihuana\/semillas-cannabis-feminizadas\/\" data-no-translation-aria-label=\"\"><img decoding=\"async\" data-src=\"https:\/\/genehtik.com\/wp-content\/uploads\/2015\/07\/Semillas-cannabis-feminizadas-Genehtik-300x300.jpg\" alt=\"Semillas Feminizadas\" width=\"300\" height=\"300\" data-srcset=\"https:\/\/genehtik.com\/wp-content\/uploads\/2015\/07\/Semillas-cannabis-feminizadas-Genehtik-300x300.jpg 300w, https:\/\/genehtik.com\/wp-content\/uploads\/2015\/07\/Semillas-cannabis-feminizadas-Genehtik-150x150.jpg 150w, https:\/\/genehtik.com\/wp-content\/uploads\/2015\/07\/Semillas-cannabis-feminizadas-Genehtik-114x114.jpg 114w, https:\/\/genehtik.com\/wp-content\/uploads\/2015\/07\/Semillas-cannabis-feminizadas-Genehtik.jpg 324w\" data-sizes=\"auto\" src=\"data:image\/svg+xml;base64,PHN2ZyB3aWR0aD0iMSIgaGVpZ2h0PSIxIiB4bWxucz0iaHR0cDovL3d3dy53My5vcmcvMjAwMC9zdmciPjwvc3ZnPg==\" class=\"lazyload\" style=\"--smush-placeholder-width: 300px; --smush-placeholder-aspect-ratio: 300\/300;\" data-original-sizes=\"(max-width: 300px) 100vw, 300px\" \/>\t\t<h2 class=\"woocommerce-loop-category__title\">\n\t\t\tFeminized Seeds <mark class=\"count\">(22)<\/mark>\t\t<\/h2>\n\t\t<\/a><\/li>\n<li class=\"product-category product\">\n\t<a aria-label=\"Visit product category Semillas Autoflorecientes\" href=\"https:\/\/genehtik.com\/en\/cannabis\/productos\/semillas-de-marihuana\/semillas-cannabis-autoflorecientes\/\" data-no-translation-aria-label=\"\"><img decoding=\"async\" data-src=\"https:\/\/genehtik.com\/wp-content\/uploads\/2015\/07\/semillas-cannabis-autoflorecientes-Genehtik-300x300.jpg\" alt=\"Semillas Autoflorecientes\" width=\"300\" height=\"300\" data-srcset=\"https:\/\/genehtik.com\/wp-content\/uploads\/2015\/07\/semillas-cannabis-autoflorecientes-Genehtik-300x300.jpg 300w, https:\/\/genehtik.com\/wp-content\/uploads\/2015\/07\/semillas-cannabis-autoflorecientes-Genehtik-150x150.jpg 150w, https:\/\/genehtik.com\/wp-content\/uploads\/2015\/07\/semillas-cannabis-autoflorecientes-Genehtik-400x400.jpg 400w, https:\/\/genehtik.com\/wp-content\/uploads\/2015\/07\/semillas-cannabis-autoflorecientes-Genehtik-520x520.jpg 520w, https:\/\/genehtik.com\/wp-content\/uploads\/2015\/07\/semillas-cannabis-autoflorecientes-Genehtik-114x114.jpg 114w, https:\/\/genehtik.com\/wp-content\/uploads\/2015\/07\/semillas-cannabis-autoflorecientes-Genehtik-372x372.jpg 372w, https:\/\/genehtik.com\/wp-content\/uploads\/2015\/07\/semillas-cannabis-autoflorecientes-Genehtik.jpg 680w\" data-sizes=\"auto\" src=\"data:image\/svg+xml;base64,PHN2ZyB3aWR0aD0iMSIgaGVpZ2h0PSIxIiB4bWxucz0iaHR0cDovL3d3dy53My5vcmcvMjAwMC9zdmciPjwvc3ZnPg==\" class=\"lazyload\" style=\"--smush-placeholder-width: 300px; --smush-placeholder-aspect-ratio: 300\/300;\" data-original-sizes=\"(max-width: 300px) 100vw, 300px\" \/>\t\t<h2 class=\"woocommerce-loop-category__title\">\n\t\t\tAutoflowering Seeds <mark class=\"count\">(8)<\/mark>\t\t<\/h2>\n\t\t<\/a><\/li>\n<\/ul>\n<\/div>","protected":false},"excerpt":{"rendered":"<p>Historia de nuestro banco de semillas GENEHTIK SEEDS nace, hace m\u00e1s de 20 a\u00f1os, en el Pa\u00eds Vasco, como el resultado de muchos a\u00f1os de trabajo. De cultivo intenso. De compartir informaci\u00f3n con cultivadores amateurs y profesionales, de intercambiar experiencias y gen\u00e9ticas con breeders tanto&#8230;<\/p>","protected":false},"author":1,"featured_media":0,"parent":0,"menu_order":0,"comment_status":"closed","ping_status":"open","template":"","meta":{"bwfblock_default_font":"","footnotes":""},"class_list":["post-5008","page","type-page","status-publish","hentry"],"yoast_head":"<!-- This site is optimized with the Yoast SEO Premium plugin v23.0 (Yoast SEO v27.2) - https:\/\/yoast.com\/product\/yoast-seo-premium-wordpress\/ -->\n<title>Banco de semillas de cannabis Genehtik - Quienes Somos<\/title>\n<meta name=\"description\" content=\"Historia sobre nuestro banco de semillas de cannabis Genehtik. Ofrecemos calidad y garantia en todas nuestras semillas feminizadas y autoflorecientes.\" \/>\n<meta name=\"robots\" content=\"index, follow, max-snippet:-1, max-image-preview:large, max-video-preview:-1\" \/>\n<link rel=\"canonical\" href=\"https:\/\/genehtik.com\/en\/banco-semillas-de-marihuana\/\" \/>\n<meta property=\"og:locale\" content=\"en_GB\" \/>\n<meta property=\"og:type\" content=\"article\" \/>\n<meta property=\"og:title\" content=\"Banco de semillas de cannabis Genehtik - Quienes Somos\" \/>\n<meta property=\"og:description\" content=\"Historia sobre nuestro banco de semillas de cannabis Genehtik. Ofrecemos calidad y garantia en todas nuestras semillas feminizadas y autoflorecientes.\" \/>\n<meta property=\"og:url\" content=\"https:\/\/genehtik.com\/en\/banco-semillas-de-marihuana\/\" \/>\n<meta property=\"og:site_name\" content=\"Genehtik\" \/>\n<meta property=\"article:publisher\" content=\"http:\/\/www.facebook.com\/Genehtik\" \/>\n<meta property=\"article:modified_time\" content=\"2025-03-31T10:53:47+00:00\" \/>\n<meta property=\"og:image\" content=\"https:\/\/genehtik.com\/wp-content\/uploads\/2015\/07\/semillas-marihuana-genehtik-historia.jpg\" \/>\n<meta name=\"twitter:card\" content=\"summary_large_image\" \/>\n<meta name=\"twitter:site\" content=\"@GenehtikEs\" \/>\n<meta name=\"twitter:label1\" content=\"Estimated reading time\" \/>\n\t<meta name=\"twitter:data1\" content=\"2 minutes\" \/>\n<script type=\"application\/ld+json\" class=\"yoast-schema-graph\">{\"@context\":\"https:\/\/schema.org\",\"@graph\":[{\"@type\":\"WebPage\",\"@id\":\"https:\/\/genehtik.com\/banco-semillas-de-marihuana\/\",\"url\":\"https:\/\/genehtik.com\/banco-semillas-de-marihuana\/\",\"name\":\"Banco de semillas de cannabis Genehtik - Quienes Somos\",\"isPartOf\":{\"@id\":\"https:\/\/genehtik.com\/#website\"},\"primaryImageOfPage\":{\"@id\":\"https:\/\/genehtik.com\/banco-semillas-de-marihuana\/#primaryimage\"},\"image\":{\"@id\":\"https:\/\/genehtik.com\/banco-semillas-de-marihuana\/#primaryimage\"},\"thumbnailUrl\":\"https:\/\/genehtik.com\/wp-content\/uploads\/2015\/07\/semillas-marihuana-genehtik-historia.jpg\",\"datePublished\":\"2015-07-08T09:30:04+00:00\",\"dateModified\":\"2025-03-31T10:53:47+00:00\",\"description\":\"Historia sobre nuestro banco de semillas de cannabis Genehtik. Ofrecemos calidad y garantia en todas nuestras semillas feminizadas y autoflorecientes.\",\"breadcrumb\":{\"@id\":\"https:\/\/genehtik.com\/banco-semillas-de-marihuana\/#breadcrumb\"},\"inLanguage\":\"en-GB\",\"potentialAction\":[{\"@type\":\"ReadAction\",\"target\":[\"https:\/\/genehtik.com\/banco-semillas-de-marihuana\/\"]}]},{\"@type\":\"ImageObject\",\"inLanguage\":\"en-GB\",\"@id\":\"https:\/\/genehtik.com\/banco-semillas-de-marihuana\/#primaryimage\",\"url\":\"https:\/\/genehtik.com\/wp-content\/uploads\/2015\/07\/semillas-marihuana-genehtik-historia.jpg\",\"contentUrl\":\"https:\/\/genehtik.com\/wp-content\/uploads\/2015\/07\/semillas-marihuana-genehtik-historia.jpg\"},{\"@type\":\"BreadcrumbList\",\"@id\":\"https:\/\/genehtik.com\/banco-semillas-de-marihuana\/#breadcrumb\",\"itemListElement\":[{\"@type\":\"ListItem\",\"position\":1,\"name\":\"Home\",\"item\":\"https:\/\/genehtik.com\/\"},{\"@type\":\"ListItem\",\"position\":2,\"name\":\"Banco de semillas de cannabis Genehtik &#8211; Quienes Somos\"}]},{\"@type\":\"WebSite\",\"@id\":\"https:\/\/genehtik.com\/#website\",\"url\":\"https:\/\/genehtik.com\/\",\"name\":\"Genehtik\",\"description\":\"Banco de semillas de cannabis feminizadas y autoflorecientes de calidad y garant\u00eda\",\"potentialAction\":[{\"@type\":\"SearchAction\",\"target\":{\"@type\":\"EntryPoint\",\"urlTemplate\":\"https:\/\/genehtik.com\/?s={search_term_string}\"},\"query-input\":{\"@type\":\"PropertyValueSpecification\",\"valueRequired\":true,\"valueName\":\"search_term_string\"}}],\"inLanguage\":\"en-GB\"}]}<\/script>\n<!-- \/ Yoast SEO Premium plugin. -->","yoast_head_json":{"title":"Banco de semillas de cannabis Genehtik - Quienes Somos","description":"Historia sobre nuestro banco de semillas de cannabis Genehtik. Ofrecemos calidad y garantia en todas nuestras semillas feminizadas y autoflorecientes.","robots":{"index":"index","follow":"follow","max-snippet":"max-snippet:-1","max-image-preview":"max-image-preview:large","max-video-preview":"max-video-preview:-1"},"canonical":"https:\/\/genehtik.com\/en\/banco-semillas-de-marihuana\/","og_locale":"en_GB","og_type":"article","og_title":"Banco de semillas de cannabis Genehtik - Quienes Somos","og_description":"Historia sobre nuestro banco de semillas de cannabis Genehtik. Ofrecemos calidad y garantia en todas nuestras semillas feminizadas y autoflorecientes.","og_url":"https:\/\/genehtik.com\/en\/banco-semillas-de-marihuana\/","og_site_name":"Genehtik","article_publisher":"http:\/\/www.facebook.com\/Genehtik","article_modified_time":"2025-03-31T10:53:47+00:00","og_image":[{"url":"https:\/\/genehtik.com\/wp-content\/uploads\/2015\/07\/semillas-marihuana-genehtik-historia.jpg","type":"","width":"","height":""}],"twitter_card":"summary_large_image","twitter_site":"@GenehtikEs","twitter_misc":{"Estimated reading time":"2 minutes"},"schema":{"@context":"https:\/\/schema.org","@graph":[{"@type":"WebPage","@id":"https:\/\/genehtik.com\/banco-semillas-de-marihuana\/","url":"https:\/\/genehtik.com\/banco-semillas-de-marihuana\/","name":"Banco de semillas de cannabis Genehtik - Quienes Somos","isPartOf":{"@id":"https:\/\/genehtik.com\/#website"},"primaryImageOfPage":{"@id":"https:\/\/genehtik.com\/banco-semillas-de-marihuana\/#primaryimage"},"image":{"@id":"https:\/\/genehtik.com\/banco-semillas-de-marihuana\/#primaryimage"},"thumbnailUrl":"https:\/\/genehtik.com\/wp-content\/uploads\/2015\/07\/semillas-marihuana-genehtik-historia.jpg","datePublished":"2015-07-08T09:30:04+00:00","dateModified":"2025-03-31T10:53:47+00:00","description":"Historia sobre nuestro banco de semillas de cannabis Genehtik. Ofrecemos calidad y garantia en todas nuestras semillas feminizadas y autoflorecientes.","breadcrumb":{"@id":"https:\/\/genehtik.com\/banco-semillas-de-marihuana\/#breadcrumb"},"inLanguage":"en-GB","potentialAction":[{"@type":"ReadAction","target":["https:\/\/genehtik.com\/banco-semillas-de-marihuana\/"]}]},{"@type":"ImageObject","inLanguage":"en-GB","@id":"https:\/\/genehtik.com\/banco-semillas-de-marihuana\/#primaryimage","url":"https:\/\/genehtik.com\/wp-content\/uploads\/2015\/07\/semillas-marihuana-genehtik-historia.jpg","contentUrl":"https:\/\/genehtik.com\/wp-content\/uploads\/2015\/07\/semillas-marihuana-genehtik-historia.jpg"},{"@type":"BreadcrumbList","@id":"https:\/\/genehtik.com\/banco-semillas-de-marihuana\/#breadcrumb","itemListElement":[{"@type":"ListItem","position":1,"name":"Home","item":"https:\/\/genehtik.com\/"},{"@type":"ListItem","position":2,"name":"Banco de semillas de cannabis Genehtik &#8211; Quienes Somos"}]},{"@type":"WebSite","@id":"https:\/\/genehtik.com\/#website","url":"https:\/\/genehtik.com\/","name":"Genehtik","description":"Quality and guaranteed feminized and autoflowering cannabis seed bank","potentialAction":[{"@type":"SearchAction","target":{"@type":"EntryPoint","urlTemplate":"https:\/\/genehtik.com\/?s={search_term_string}"},"query-input":{"@type":"PropertyValueSpecification","valueRequired":true,"valueName":"search_term_string"}}],"inLanguage":"en-GB"}]}},"_links":{"self":[{"href":"https:\/\/genehtik.com\/en\/wp-json\/wp\/v2\/pages\/5008","targetHints":{"allow":["GET"]}}],"collection":[{"href":"https:\/\/genehtik.com\/en\/wp-json\/wp\/v2\/pages"}],"about":[{"href":"https:\/\/genehtik.com\/en\/wp-json\/wp\/v2\/types\/page"}],"author":[{"embeddable":true,"href":"https:\/\/genehtik.com\/en\/wp-json\/wp\/v2\/users\/1"}],"replies":[{"embeddable":true,"href":"https:\/\/genehtik.com\/en\/wp-json\/wp\/v2\/comments?post=5008"}],"version-history":[{"count":63,"href":"https:\/\/genehtik.com\/en\/wp-json\/wp\/v2\/pages\/5008\/revisions"}],"predecessor-version":[{"id":41928,"href":"https:\/\/genehtik.com\/en\/wp-json\/wp\/v2\/pages\/5008\/revisions\/41928"}],"wp:attachment":[{"href":"https:\/\/genehtik.com\/en\/wp-json\/wp\/v2\/media?parent=5008"}],"curies":[{"name":"wp","href":"https:\/\/api.w.org\/{rel}","templated":true}]}}