{"id":5051,"date":"2015-07-09T09:37:38","date_gmt":"2015-07-09T09:37:38","guid":{"rendered":"https:\/\/clon.genehtik.com\/politica-de-cookies\/"},"modified":"2015-10-02T11:26:27","modified_gmt":"2015-10-02T11:26:27","slug":"politica-de-cookies","status":"publish","type":"page","link":"https:\/\/genehtik.com\/en\/politica-de-cookies\/","title":{"rendered":"Cookies policy"},"content":{"rendered":"<h1>Cookies policy<\/h1>\n<p>\n\tA <em>cookie<\/em> It is a small text file that is stored in your browser when you visit almost any website. Its purpose is to allow the website to remember your visit when you return to that page. <em>cookies<\/em> They typically store technical information, personal preferences, content customization, usage statistics, social media links, user account access, etc. The objective of the <em>cookie<\/em> It&#039;s about adapting the website content to their profile and needs, without <em>cookies<\/em> The services offered by any website would be significantly reduced. If you would like more information about what these are... <em>cookies<\/em>, what they store, how to delete them, deactivate them, etc., <a href=\"https:\/\/genehtik.com\/en\/mas-informacion-sobre-las-cookies\/\">Please go to this link.<\/a>\n<\/p>\n<h2>Cookies used on this website<\/h2>\n<p>\n\tFollowing the guidelines of the Spanish Data Protection Agency, we proceed to detail the use of <em>cookies<\/em> This website aims to inform you as accurately as possible.\n<\/p>\n<p>\n\tThis website uses the following <strong>own cookies<\/strong>:<\/p>\n<ul>\n<li>Session cookies are used to ensure that users who post comments on the blog are human and not automated applications. This helps combat [the issue of] <em>spam<\/em>.<\/li>\n<\/ul>\n<p>\n\tThis website uses the following <strong>third-party cookies<\/strong>:<\/p>\n<ul>\n<li>Google Analytics: Stores <em>cookies<\/em> This is to allow us to compile statistics on website traffic and visitor volume. By using this website, you consent to the processing of information about you by Google. Therefore, to exercise any rights in this regard, you must contact Google directly.<\/li>\n<li>Social networks: Each social network uses its own <em>cookies<\/em> so that you can click on buttons like <em>I like<\/em> o <em>Share<\/em>.<\/li>\n<\/ul>\n<h2>Disabling or deleting cookies<\/h2>\n<p>\n\tYou can exercise your right to disable or delete cookies from this website at any time. These actions are performed differently depending on the browser you are using. <a href=\"https:\/\/genehtik.com\/en\/mas-informacion-sobre-las-cookies\/#navegadores\">Here&#039;s a quick guide for the most popular browsers<\/a>.\n<\/p>\n<h2>Additional notes<\/h2>\n<ul>\n<li>\n\t\t\tNeither this website nor its legal representatives are responsible for the content or accuracy of the privacy policies of any third parties mentioned in this policy. <em>cookies<\/em>.\n\t\t<\/li>\n<li>\n\t\t\tWeb browsers are the tools responsible for storing the <em>cookies<\/em> and from here you must exercise your right to delete or deactivate them. Neither this website nor its legal representatives can guarantee the correct or incorrect handling of the <em>cookies<\/em> by the aforementioned browsers.\n\t\t<\/li>\n<li>\n\t\t\tIn some cases it is necessary to install <em>cookies<\/em> so that the browser does not forget your decision not to accept them.\n\t\t<\/li>\n<li>\n\t\t\tIn the case of the <em>cookies<\/em> from Google Analytics, this company stores the <em>cookies<\/em> on servers located in the United States and undertakes not to share it with third parties, except when necessary for the operation of the system or when required by law. According to Google, it does not store your IP address. Google Inc. is a company adhering to the EU-U.S. Privacy Shield Framework, which guarantees that all transferred data will be treated with a level of protection in accordance with European regulations. You can find detailed information on this matter. <a href=\"http:\/\/safeharbor.export.gov\/companyinfo.aspx?id=16626\" target=\"_blank\">in this link<\/a>. If you would like information about how Google uses cookies <a href=\"https:\/\/developers.google.com\/analytics\/devguides\/collection\/analyticsjs\/cookie-usage?hl=es&#038;csw=1\" target=\"_blank\">We have attached this other link<\/a>.\n\t\t<\/li>\n<li>\n\t\t\tFor any questions or queries regarding this policy <em>cookies<\/em> Feel free to contact us through the contact section.<\/a>\n\t\t<\/li>\n<\/ul>","protected":false},"excerpt":{"rendered":"<p>Pol\u00edtica de cookies Una cookie es un peque\u00f1o fichero de texto que se almacena en su navegador cuando visita casi cualquier p\u00e1gina web. Su utilidad es que la web sea capaz de recordar su visita cuando vuelva a navegar por esa p\u00e1gina. Las cookies suelen&#8230;<\/p>","protected":false},"author":1,"featured_media":0,"parent":0,"menu_order":0,"comment_status":"closed","ping_status":"closed","template":"","meta":{"bwfblock_default_font":"","footnotes":""},"class_list":["post-5051","page","type-page","status-publish","hentry"],"yoast_head":"<!-- This site is optimized with the Yoast SEO Premium plugin v23.0 (Yoast SEO v27.2) - https:\/\/yoast.com\/product\/yoast-seo-premium-wordpress\/ -->\n<title>Pol\u00edtica de cookies<\/title>\n<meta name=\"description\" content=\"Pol\u00edtica de cookies empleada en nuestra web Genehtik de semillas de marihuana.\" \/>\n<meta name=\"robots\" content=\"index, follow, max-snippet:-1, max-image-preview:large, max-video-preview:-1\" \/>\n<link rel=\"canonical\" href=\"https:\/\/genehtik.com\/en\/politica-de-cookies\/\" \/>\n<meta property=\"og:locale\" content=\"en_GB\" \/>\n<meta property=\"og:type\" content=\"article\" \/>\n<meta property=\"og:title\" content=\"Pol\u00edtica de cookies\" \/>\n<meta property=\"og:description\" content=\"Pol\u00edtica de cookies empleada en nuestra web Genehtik de semillas de marihuana.\" \/>\n<meta property=\"og:url\" content=\"https:\/\/genehtik.com\/en\/politica-de-cookies\/\" \/>\n<meta property=\"og:site_name\" content=\"Genehtik\" \/>\n<meta property=\"article:publisher\" content=\"http:\/\/www.facebook.com\/Genehtik\" \/>\n<meta property=\"article:modified_time\" content=\"2015-10-02T11:26:27+00:00\" \/>\n<meta name=\"twitter:card\" content=\"summary_large_image\" \/>\n<meta name=\"twitter:site\" content=\"@GenehtikEs\" \/>\n<meta name=\"twitter:label1\" content=\"Estimated reading time\" \/>\n\t<meta name=\"twitter:data1\" content=\"3 minutes\" \/>\n<script type=\"application\/ld+json\" class=\"yoast-schema-graph\">{\"@context\":\"https:\/\/schema.org\",\"@graph\":[{\"@type\":\"WebPage\",\"@id\":\"https:\/\/genehtik.com\/politica-de-cookies\/\",\"url\":\"https:\/\/genehtik.com\/politica-de-cookies\/\",\"name\":\"Pol\u00edtica de cookies\",\"isPartOf\":{\"@id\":\"https:\/\/genehtik.com\/#website\"},\"datePublished\":\"2015-07-09T09:37:38+00:00\",\"dateModified\":\"2015-10-02T11:26:27+00:00\",\"description\":\"Pol\u00edtica de cookies empleada en nuestra web Genehtik de semillas de marihuana.\",\"breadcrumb\":{\"@id\":\"https:\/\/genehtik.com\/politica-de-cookies\/#breadcrumb\"},\"inLanguage\":\"en-GB\",\"potentialAction\":[{\"@type\":\"ReadAction\",\"target\":[\"https:\/\/genehtik.com\/politica-de-cookies\/\"]}]},{\"@type\":\"BreadcrumbList\",\"@id\":\"https:\/\/genehtik.com\/politica-de-cookies\/#breadcrumb\",\"itemListElement\":[{\"@type\":\"ListItem\",\"position\":1,\"name\":\"Home\",\"item\":\"https:\/\/genehtik.com\/\"},{\"@type\":\"ListItem\",\"position\":2,\"name\":\"Pol\u00edtica de cookies\"}]},{\"@type\":\"WebSite\",\"@id\":\"https:\/\/genehtik.com\/#website\",\"url\":\"https:\/\/genehtik.com\/\",\"name\":\"Genehtik\",\"description\":\"Banco de semillas de cannabis feminizadas y autoflorecientes de calidad y garant\u00eda\",\"potentialAction\":[{\"@type\":\"SearchAction\",\"target\":{\"@type\":\"EntryPoint\",\"urlTemplate\":\"https:\/\/genehtik.com\/?s={search_term_string}\"},\"query-input\":{\"@type\":\"PropertyValueSpecification\",\"valueRequired\":true,\"valueName\":\"search_term_string\"}}],\"inLanguage\":\"en-GB\"}]}<\/script>\n<!-- \/ Yoast SEO Premium plugin. -->","yoast_head_json":{"title":"Cookies policy","description":"Pol\u00edtica de cookies empleada en nuestra web Genehtik de semillas de marihuana.","robots":{"index":"index","follow":"follow","max-snippet":"max-snippet:-1","max-image-preview":"max-image-preview:large","max-video-preview":"max-video-preview:-1"},"canonical":"https:\/\/genehtik.com\/en\/politica-de-cookies\/","og_locale":"en_GB","og_type":"article","og_title":"Pol\u00edtica de cookies","og_description":"Pol\u00edtica de cookies empleada en nuestra web Genehtik de semillas de marihuana.","og_url":"https:\/\/genehtik.com\/en\/politica-de-cookies\/","og_site_name":"Genehtik","article_publisher":"http:\/\/www.facebook.com\/Genehtik","article_modified_time":"2015-10-02T11:26:27+00:00","twitter_card":"summary_large_image","twitter_site":"@GenehtikEs","twitter_misc":{"Estimated reading time":"3 minutes"},"schema":{"@context":"https:\/\/schema.org","@graph":[{"@type":"WebPage","@id":"https:\/\/genehtik.com\/politica-de-cookies\/","url":"https:\/\/genehtik.com\/politica-de-cookies\/","name":"Cookies policy","isPartOf":{"@id":"https:\/\/genehtik.com\/#website"},"datePublished":"2015-07-09T09:37:38+00:00","dateModified":"2015-10-02T11:26:27+00:00","description":"Pol\u00edtica de cookies empleada en nuestra web Genehtik de semillas de marihuana.","breadcrumb":{"@id":"https:\/\/genehtik.com\/politica-de-cookies\/#breadcrumb"},"inLanguage":"en-GB","potentialAction":[{"@type":"ReadAction","target":["https:\/\/genehtik.com\/politica-de-cookies\/"]}]},{"@type":"BreadcrumbList","@id":"https:\/\/genehtik.com\/politica-de-cookies\/#breadcrumb","itemListElement":[{"@type":"ListItem","position":1,"name":"Home","item":"https:\/\/genehtik.com\/"},{"@type":"ListItem","position":2,"name":"Pol\u00edtica de cookies"}]},{"@type":"WebSite","@id":"https:\/\/genehtik.com\/#website","url":"https:\/\/genehtik.com\/","name":"Genehtik","description":"Quality and guaranteed feminized and autoflowering cannabis seed bank","potentialAction":[{"@type":"SearchAction","target":{"@type":"EntryPoint","urlTemplate":"https:\/\/genehtik.com\/?s={search_term_string}"},"query-input":{"@type":"PropertyValueSpecification","valueRequired":true,"valueName":"search_term_string"}}],"inLanguage":"en-GB"}]}},"_links":{"self":[{"href":"https:\/\/genehtik.com\/en\/wp-json\/wp\/v2\/pages\/5051","targetHints":{"allow":["GET"]}}],"collection":[{"href":"https:\/\/genehtik.com\/en\/wp-json\/wp\/v2\/pages"}],"about":[{"href":"https:\/\/genehtik.com\/en\/wp-json\/wp\/v2\/types\/page"}],"author":[{"embeddable":true,"href":"https:\/\/genehtik.com\/en\/wp-json\/wp\/v2\/users\/1"}],"replies":[{"embeddable":true,"href":"https:\/\/genehtik.com\/en\/wp-json\/wp\/v2\/comments?post=5051"}],"version-history":[{"count":1,"href":"https:\/\/genehtik.com\/en\/wp-json\/wp\/v2\/pages\/5051\/revisions"}],"predecessor-version":[{"id":5052,"href":"https:\/\/genehtik.com\/en\/wp-json\/wp\/v2\/pages\/5051\/revisions\/5052"}],"wp:attachment":[{"href":"https:\/\/genehtik.com\/en\/wp-json\/wp\/v2\/media?parent=5051"}],"curies":[{"name":"wp","href":"https:\/\/api.w.org\/{rel}","templated":true}]}}