{"id":29,"date":"2015-06-29T09:15:57","date_gmt":"2015-06-29T09:15:57","guid":{"rendered":"https:\/\/clon.genehtik.com\/?page_id=29"},"modified":"2026-02-11T15:14:44","modified_gmt":"2026-02-11T15:14:44","slug":"envios-devoluciones","status":"publish","type":"page","link":"https:\/\/genehtik.com\/fr\/informacion\/envios-devoluciones\/","title":{"rendered":"Exp\u00e9dition \/ Retours"},"content":{"rendered":"<h1>EXP\u00c9DITION \/ RETOURS<\/h1>\n<p>L&#039;exp\u00e9dition du mat\u00e9riel sera effectu\u00e9e selon le mode de paiement\u00a0:<\/p>\n<p><em>ESPAGNE:<\/em><\/p>\n<p>Paiement \u00e0 la livraison \u2013 en 24\/48 heures.<\/p>\n<p>Autres modes de paiement \u2013 dans les 24\/48 heures suivant la r\u00e9ception du paiement.<\/p>\n<p>L&#039;agence de transport pour l&#039;Espagne et le Portugal sera<\/p>\n<p><em>AUTRES PAYS :<\/em><\/p>\n<p>Tout mode de paiement \u2013 dans un d\u00e9lai n\u2019exc\u00e9dant pas 7 jours apr\u00e8s avoir effectu\u00e9 le paiement.<\/p>\n<p>L&#039;agence de transport pour les autres pays sera celle que Genehtik choisira librement \u00e0 tout moment.<\/p>\n<p>Pour les vari\u00e9t\u00e9s sp\u00e9ciales, le d\u00e9lai de livraison sera syst\u00e9matiquement v\u00e9rifi\u00e9 pour chaque commande, et le client sera inform\u00e9 du retard estim\u00e9.<\/p>\n<p>Pour les semences non disponibles en stock, le client sera inform\u00e9 du d\u00e9lai estim\u00e9.<\/p>\n<h1>FRAIS D&#039;EXP\u00c9DITION :<\/h1>\n<p>&nbsp;<\/p>\n<div class=\"amarillo\"><strong>LIVRAISON GRATUITE POUR LES COMMANDES DE PLUS DE 45 \u20ac ET POIDS INF\u00c9RIEUR \u00c0 3 KG. <span style=\"color: #000000;\">(Espagne uniquement)<\/span><\/strong><br \/>\n<strong>Livraison gratuite pour les commandes sup\u00e9rieures \u00e0 45 \u20ac et pesant moins de 0,5 kg (autres pays).<\/strong><\/div>\n<p>&nbsp;<\/p>\n<p>Frais de livraison vers : Espagne (p\u00e9ninsule et \u00eeles Bal\u00e9ares)<\/p>\n<p>10 \u00e0 15 kg 41 \u20ac 15 \u00e0 20 kg 49 \u20ac 20 \u00e0 25 kg 54 \u20ac<\/p>\n<table>\n<tbody>\n<tr>\n<th>POIDS<\/th>\n<th>CO\u00dbT<\/th>\n<\/tr>\n<tr>\n<th>0 \u00e0 3 kg (commande \u00e9gale ou sup\u00e9rieure \u00e0 45 \u20ac)<\/th>\n<th class=\"amarillo\">GRATUIT<\/th>\n<\/tr>\n<tr>\n<th>0 \u00e0 0,5 kg (commande inf\u00e9rieure \u00e0 45 \u20ac)<\/th>\n<th>6\u20ac<\/th>\n<\/tr>\n<tr>\n<th>0,5 \u00e0 3 kg (commande inf\u00e9rieure \u00e0 45 \u20ac)<\/th>\n<th>18\u20ac<\/th>\n<\/tr>\n<tr>\n<th>3 \u00e0 5 kg<\/th>\n<th>28\u20ac<\/th>\n<\/tr>\n<tr>\n<th>5 \u00e0 10 kg<\/th>\n<th>34\u20ac<\/th>\n<\/tr>\n<\/tbody>\n<\/table>\n<p>&nbsp;<\/p>\n<p>Frais de livraison vers : Allemagne, Belgique, Danemark, France, Pays-Bas, Italie, Luxembourg, Pologne, Royaume-Uni, R\u00e9publique tch\u00e8que et Suisse.<\/p>\n<p>10 \u00e0 15 kg 41 \u20ac 15 \u00e0 20 kg 49 \u20ac 20 \u00e0 25 kg 54 \u20ac<\/p>\n<table>\n<tbody>\n<tr>\n<th>POIDS<\/th>\n<th>CO\u00dbT<\/th>\n<\/tr>\n<tr>\n<th>0 \u00e0 0,5 kg (commande \u00e9gale ou sup\u00e9rieure \u00e0 45 \u20ac)<\/th>\n<th class=\"amarillo\">GRATUIT<\/th>\n<\/tr>\n<tr>\n<th>0 \u00e0 0,5 kg (commande inf\u00e9rieure \u00e0 45 \u20ac)<\/th>\n<th>12\u20ac<\/th>\n<\/tr>\n<tr>\n<th>0,5 \u00e0 2 kg<\/th>\n<th>18\u20ac<\/th>\n<\/tr>\n<tr>\n<th>2 \u00e0 5 kg<\/th>\n<th>28\u20ac<\/th>\n<\/tr>\n<tr>\n<th>5 \u00e0 10 kg<\/th>\n<th>34\u20ac<\/th>\n<\/tr>\n<\/tbody>\n<\/table>\n<p>&nbsp;<\/p>\n<p>Frais de livraison vers : Bulgarie, Slov\u00e9nie, Estonie, Finlande, Gr\u00e8ce, Hongrie, Irlande, Lettonie, Lituanie, Norv\u00e8ge, Slovaquie, Roumanie et Su\u00e8de.<\/p>\n<p>10 \u00e0 15 kg 65 \u20ac 15 \u00e0 20 kg 72 \u20ac 20 \u00e0 25 kg 77 \u20ac<\/p>\n<table>\n<tbody>\n<tr>\n<th>POIDS<\/th>\n<th>CO\u00dbT<\/th>\n<\/tr>\n<tr>\n<th>0 \u00e0 0,5 kg (commande \u00e9gale ou sup\u00e9rieure \u00e0 45 \u20ac)<\/th>\n<th class=\"amarillo\">GRATUIT<\/th>\n<\/tr>\n<tr>\n<th>0 \u00e0 0,5 kg (commande inf\u00e9rieure \u00e0 45 \u20ac)<\/th>\n<th>12\u20ac<\/th>\n<\/tr>\n<tr>\n<th>0,5 \u00e0 2 kg<\/th>\n<th>28\u20ac<\/th>\n<\/tr>\n<tr>\n<th>2 \u00e0 5 kg<\/th>\n<th>52\u20ac<\/th>\n<\/tr>\n<tr>\n<th>5 \u00e0 10 kg<\/th>\n<th>58\u20ac<\/th>\n<\/tr>\n<\/tbody>\n<\/table>\n<p>&nbsp;<\/p>\n<p>Frais de livraison vers : \u00c9tats-Unis, Canada et \u00eeles Canaries.<\/p>\n<p>10 \u00e0 15 kg\u00a0: 81\u00a0\u20ac\u00a0; 15 \u00e0 20 kg\u00a0: 90\u00a0\u20ac\u00a0; 20 \u00e0 25 kg\u00a0: 97\u00a0\u20ac<\/p>\n<table>\n<tbody>\n<tr>\n<th>POIDS<\/th>\n<th>CO\u00dbT<\/th>\n<\/tr>\n<tr>\n<th>0 \u00e0 0,5 kg (commande \u00e9gale ou sup\u00e9rieure \u00e0 45 \u20ac)<\/th>\n<th class=\"amarillo\">GRATUIT<\/th>\n<\/tr>\n<tr>\n<th>0 \u00e0 0,5 kg (commande inf\u00e9rieure \u00e0 45 \u20ac)<\/th>\n<th>12\u20ac<\/th>\n<\/tr>\n<tr>\n<th>0,5 \u00e0 2 kg<\/th>\n<th>35\u20ac<\/th>\n<\/tr>\n<tr>\n<th>2 \u00e0 5 kg<\/th>\n<th>54\u20ac<\/th>\n<\/tr>\n<tr>\n<th>5 \u00e0 10 kg<\/th>\n<th>72\u20ac<\/th>\n<\/tr>\n<\/tbody>\n<\/table>\n<p>&nbsp;<\/p>\n<p>Frais de port vers : Reste du monde (Argentine, Bolivie, Br\u00e9sil, Chili, Colombie, Costa Rica, \u00c9quateur, El Salvador, Guatemala, Honduras, Mexique, Nicaragua, Panama, Paraguay, P\u00e9rou, Porto Rico, R\u00e9publique Dominicaine, Uruguay, Venezuela, \u2026)<\/p>\n<p>10 \u00e0 15 kg 109 \u20ac 15 \u00e0 20 kg 124 \u20ac 20 \u00e0 25 kg 134 \u20ac<\/p>\n<table>\n<tbody>\n<tr>\n<th>POIDS<\/th>\n<th>CO\u00dbT<\/th>\n<\/tr>\n<tr>\n<th>0 \u00e0 0,5 kg (commande \u00e9gale ou sup\u00e9rieure \u00e0 45 \u20ac)<\/th>\n<th class=\"amarillo\">GRATUIT<\/th>\n<\/tr>\n<tr>\n<th>0 \u00e0 0,5 kg (commande inf\u00e9rieure \u00e0 45 \u20ac)<\/th>\n<th>12\u20ac<\/th>\n<\/tr>\n<tr>\n<th>0,5 \u00e0 2 kg<\/th>\n<th>47\u20ac<\/th>\n<\/tr>\n<tr>\n<th>2 \u00e0 5 kg<\/th>\n<th>67\u20ac<\/th>\n<\/tr>\n<tr>\n<th>5 \u00e0 10 kg<\/th>\n<th>93\u20ac<\/th>\n<\/tr>\n<\/tbody>\n<\/table>\n<p>&nbsp;<\/p>\n<h1>R\u00c9CLAMATIONS CONCERNANT LE MAT\u00c9RIEL RE\u00c7U<\/h1>\n<p>Si vous recevez un colis pr\u00e9sentant des signes d&#039;ouverture ou de dommages, veuillez le signaler sur le bon de livraison du transporteur. Ne signez pas le bon de livraison sans avoir pr\u00e9alablement signal\u00e9 ces incidents et toujours en pr\u00e9sence du transporteur.<\/p>\n<p>Si, apr\u00e8s l&#039;exp\u00e9dition, vous constatez que la marchandise ne correspond pas \u00e0 la commande pass\u00e9e et que vous remarquez des diff\u00e9rences entre les bons de livraison ou les factures, veuillez nous en informer imm\u00e9diatement en d\u00e9taillant les diff\u00e9rences constat\u00e9es et en nous fournissant un num\u00e9ro de t\u00e9l\u00e9phone afin d&#039;acc\u00e9l\u00e9rer le traitement de votre demande.<\/p>\n<p>Nous n&#039;acceptons aucune r\u00e9clamation concernant les envois plus de 24 heures apr\u00e8s leur r\u00e9ception.<\/p>\n<h1>RETOURS<\/h1>\n<p>Conform\u00e9ment aux dispositions de la loi 26\/1991 du 21 novembre relative aux contrats conclus hors \u00e9tablissements commerciaux, nous reconnaissons le droit de r\u00e9clamer au titre du contrat sans avoir \u00e0 invoquer de motif, dans un d\u00e9lai maximal de 7 jours apr\u00e8s r\u00e9ception de la commande.<\/p>\n<p>Veuillez toutefois noter que vous devrez prendre en charge les frais d&#039;exp\u00e9dition aller-retour, ainsi que tous les frais administratifs ou autres occasionn\u00e9s par votre retour.<\/p>","protected":false},"excerpt":{"rendered":"<p>ENVIOS \/ DEVOLUCIONES El envio del material se efectuar\u00e1 seg\u00fan la forma de pago: ESPA\u00d1A: Contra reembolso &#8211; en 24\/48 horas. Otras formas de pago &#8211; en 24\/48 horas despu\u00e9s de hacer efectivo el ingreso. La agencia de transporte para Espa\u00f1a y Portugal ser\u00e1 OTROS&#8230;<\/p>","protected":false},"author":1,"featured_media":0,"parent":27,"menu_order":0,"comment_status":"closed","ping_status":"open","template":"","meta":{"bwfblock_default_font":"","footnotes":""},"class_list":["post-29","page","type-page","status-publish","hentry"],"yoast_head":"<!-- This site is optimized with the Yoast SEO Premium plugin v23.0 (Yoast SEO v27.2) - https:\/\/yoast.com\/product\/yoast-seo-premium-wordpress\/ -->\n<title>Env\u00edos \/ Devoluciones<\/title>\n<meta name=\"description\" content=\"Gastos de env\u00edo gratis para pedidos superiores a 45\u20ac y peso inferior a 3 Kg (solo Espa\u00f1a) o 500 gr. (resto de pa\u00edses). Pol\u00edtica de env\u00edos.\" \/>\n<meta name=\"robots\" content=\"index, follow, max-snippet:-1, max-image-preview:large, max-video-preview:-1\" \/>\n<link rel=\"canonical\" href=\"https:\/\/genehtik.com\/fr\/informacion\/envios-devoluciones\/\" \/>\n<meta property=\"og:locale\" content=\"fr_FR\" \/>\n<meta property=\"og:type\" content=\"article\" \/>\n<meta property=\"og:title\" content=\"Env\u00edos \/ Devoluciones\" \/>\n<meta property=\"og:description\" content=\"Gastos de env\u00edo gratis para pedidos superiores a 45\u20ac y peso inferior a 3 Kg (solo Espa\u00f1a) o 500 gr. (resto de pa\u00edses). Pol\u00edtica de env\u00edos.\" \/>\n<meta property=\"og:url\" content=\"https:\/\/genehtik.com\/fr\/informacion\/envios-devoluciones\/\" \/>\n<meta property=\"og:site_name\" content=\"Genehtik\" \/>\n<meta property=\"article:publisher\" content=\"http:\/\/www.facebook.com\/Genehtik\" \/>\n<meta property=\"article:modified_time\" content=\"2026-02-11T15:14:44+00:00\" \/>\n<meta name=\"twitter:card\" content=\"summary_large_image\" \/>\n<meta name=\"twitter:site\" content=\"@GenehtikEs\" \/>\n<meta name=\"twitter:label1\" content=\"Dur\u00e9e de lecture estim\u00e9e\" \/>\n\t<meta name=\"twitter:data1\" content=\"4 minutes\" \/>\n<script type=\"application\/ld+json\" class=\"yoast-schema-graph\">{\"@context\":\"https:\/\/schema.org\",\"@graph\":[{\"@type\":\"WebPage\",\"@id\":\"https:\/\/genehtik.com\/informacion\/envios-devoluciones\/\",\"url\":\"https:\/\/genehtik.com\/informacion\/envios-devoluciones\/\",\"name\":\"Env\u00edos \/ Devoluciones\",\"isPartOf\":{\"@id\":\"https:\/\/genehtik.com\/#website\"},\"datePublished\":\"2015-06-29T09:15:57+00:00\",\"dateModified\":\"2026-02-11T15:14:44+00:00\",\"description\":\"Gastos de env\u00edo gratis para pedidos superiores a 45\u20ac y peso inferior a 3 Kg (solo Espa\u00f1a) o 500 gr. (resto de pa\u00edses). Pol\u00edtica de env\u00edos.\",\"breadcrumb\":{\"@id\":\"https:\/\/genehtik.com\/informacion\/envios-devoluciones\/#breadcrumb\"},\"inLanguage\":\"fr-FR\",\"potentialAction\":[{\"@type\":\"ReadAction\",\"target\":[\"https:\/\/genehtik.com\/informacion\/envios-devoluciones\/\"]}]},{\"@type\":\"BreadcrumbList\",\"@id\":\"https:\/\/genehtik.com\/informacion\/envios-devoluciones\/#breadcrumb\",\"itemListElement\":[{\"@type\":\"ListItem\",\"position\":1,\"name\":\"Home\",\"item\":\"https:\/\/genehtik.com\/\"},{\"@type\":\"ListItem\",\"position\":2,\"name\":\"Informaci\u00f3n\",\"item\":\"https:\/\/genehtik.com\/informacion\/\"},{\"@type\":\"ListItem\",\"position\":3,\"name\":\"Env\u00edos \/ Devoluciones\"}]},{\"@type\":\"WebSite\",\"@id\":\"https:\/\/genehtik.com\/#website\",\"url\":\"https:\/\/genehtik.com\/\",\"name\":\"Genehtik\",\"description\":\"Banco de semillas de cannabis feminizadas y autoflorecientes de calidad y garant\u00eda\",\"potentialAction\":[{\"@type\":\"SearchAction\",\"target\":{\"@type\":\"EntryPoint\",\"urlTemplate\":\"https:\/\/genehtik.com\/?s={search_term_string}\"},\"query-input\":{\"@type\":\"PropertyValueSpecification\",\"valueRequired\":true,\"valueName\":\"search_term_string\"}}],\"inLanguage\":\"fr-FR\"}]}<\/script>\n<!-- \/ Yoast SEO Premium plugin. -->","yoast_head_json":{"title":"Exp\u00e9dition \/ Retours","description":"Gastos de env\u00edo gratis para pedidos superiores a 45\u20ac y peso inferior a 3 Kg (solo Espa\u00f1a) o 500 gr. (resto de pa\u00edses). Pol\u00edtica de env\u00edos.","robots":{"index":"index","follow":"follow","max-snippet":"max-snippet:-1","max-image-preview":"max-image-preview:large","max-video-preview":"max-video-preview:-1"},"canonical":"https:\/\/genehtik.com\/fr\/informacion\/envios-devoluciones\/","og_locale":"fr_FR","og_type":"article","og_title":"Env\u00edos \/ Devoluciones","og_description":"Gastos de env\u00edo gratis para pedidos superiores a 45\u20ac y peso inferior a 3 Kg (solo Espa\u00f1a) o 500 gr. (resto de pa\u00edses). Pol\u00edtica de env\u00edos.","og_url":"https:\/\/genehtik.com\/fr\/informacion\/envios-devoluciones\/","og_site_name":"Genehtik","article_publisher":"http:\/\/www.facebook.com\/Genehtik","article_modified_time":"2026-02-11T15:14:44+00:00","twitter_card":"summary_large_image","twitter_site":"@GenehtikEs","twitter_misc":{"Dur\u00e9e de lecture estim\u00e9e":"4 minutes"},"schema":{"@context":"https:\/\/schema.org","@graph":[{"@type":"WebPage","@id":"https:\/\/genehtik.com\/informacion\/envios-devoluciones\/","url":"https:\/\/genehtik.com\/informacion\/envios-devoluciones\/","name":"Exp\u00e9dition \/ Retours","isPartOf":{"@id":"https:\/\/genehtik.com\/#website"},"datePublished":"2015-06-29T09:15:57+00:00","dateModified":"2026-02-11T15:14:44+00:00","description":"Gastos de env\u00edo gratis para pedidos superiores a 45\u20ac y peso inferior a 3 Kg (solo Espa\u00f1a) o 500 gr. (resto de pa\u00edses). Pol\u00edtica de env\u00edos.","breadcrumb":{"@id":"https:\/\/genehtik.com\/informacion\/envios-devoluciones\/#breadcrumb"},"inLanguage":"fr-FR","potentialAction":[{"@type":"ReadAction","target":["https:\/\/genehtik.com\/informacion\/envios-devoluciones\/"]}]},{"@type":"BreadcrumbList","@id":"https:\/\/genehtik.com\/informacion\/envios-devoluciones\/#breadcrumb","itemListElement":[{"@type":"ListItem","position":1,"name":"Home","item":"https:\/\/genehtik.com\/"},{"@type":"ListItem","position":2,"name":"Informaci\u00f3n","item":"https:\/\/genehtik.com\/informacion\/"},{"@type":"ListItem","position":3,"name":"Env\u00edos \/ Devoluciones"}]},{"@type":"WebSite","@id":"https:\/\/genehtik.com\/#website","url":"https:\/\/genehtik.com\/","name":"Genehtik","description":"Banque de graines de cannabis f\u00e9minis\u00e9es et autoflorissantes de qualit\u00e9 garantie","potentialAction":[{"@type":"SearchAction","target":{"@type":"EntryPoint","urlTemplate":"https:\/\/genehtik.com\/?s={search_term_string}"},"query-input":{"@type":"PropertyValueSpecification","valueRequired":true,"valueName":"search_term_string"}}],"inLanguage":"fr-FR"}]}},"_links":{"self":[{"href":"https:\/\/genehtik.com\/fr\/wp-json\/wp\/v2\/pages\/29","targetHints":{"allow":["GET"]}}],"collection":[{"href":"https:\/\/genehtik.com\/fr\/wp-json\/wp\/v2\/pages"}],"about":[{"href":"https:\/\/genehtik.com\/fr\/wp-json\/wp\/v2\/types\/page"}],"author":[{"embeddable":true,"href":"https:\/\/genehtik.com\/fr\/wp-json\/wp\/v2\/users\/1"}],"replies":[{"embeddable":true,"href":"https:\/\/genehtik.com\/fr\/wp-json\/wp\/v2\/comments?post=29"}],"version-history":[{"count":33,"href":"https:\/\/genehtik.com\/fr\/wp-json\/wp\/v2\/pages\/29\/revisions"}],"predecessor-version":[{"id":43144,"href":"https:\/\/genehtik.com\/fr\/wp-json\/wp\/v2\/pages\/29\/revisions\/43144"}],"up":[{"embeddable":true,"href":"https:\/\/genehtik.com\/fr\/wp-json\/wp\/v2\/pages\/27"}],"wp:attachment":[{"href":"https:\/\/genehtik.com\/fr\/wp-json\/wp\/v2\/media?parent=29"}],"curies":[{"name":"wp","href":"https:\/\/api.w.org\/{rel}","templated":true}]}}