{"id":31,"date":"2015-06-29T09:16:23","date_gmt":"2015-06-29T09:16:23","guid":{"rendered":"https:\/\/clon.genehtik.com\/?page_id=31"},"modified":"2025-07-09T09:57:12","modified_gmt":"2025-07-09T09:57:12","slug":"formas-de-pago","status":"publish","type":"page","link":"https:\/\/genehtik.com\/fr\/informacion\/formas-de-pago\/","title":{"rendered":"Modes de paiement"},"content":{"rendered":"<div class=\"wpb-content-wrapper\"><div class=\"vc_row wpb_row vc_row-fluid edgtf-section edgtf-content-aligment-left\" style=\"\"><div class=\"clearfix edgtf-full-section-inner\"><div class=\"wpb_column vc_column_container vc_col-sm-12\"><div class=\"vc_column-inner\"><div class=\"wpb_wrapper\">\n\t<div class=\"wpb_text_column wpb_content_element\" >\n\t\t<div class=\"wpb_wrapper\">\n\t\t\t<h1>MODES DE PAIEMENT<\/h1>\n<ul>\n<li style=\"list-style-type: none;\">\n<ul>\n<li>\n<h3>Carte de cr\u00e9dit (point de vente virtuel)\u00a0:<\/h3>\n<p><img decoding=\"async\" data-src=\"https:\/\/genehtik.com\/wp-content\/uploads\/2015\/06\/tarjetas.jpg\" alt=\"Tarjetas de cr\u00e9dito aceptadas en la tienda online Genehtik\" width=\"329\" class=\"smush-dimensions lazyload\" style=\"--smush-image-width: 329px; --smush-image-aspect-ratio: 329\/85;\" src=\"data:image\/svg+xml;base64,PHN2ZyB3aWR0aD0iMSIgaGVpZ2h0PSIxIiB4bWxucz0iaHR0cDovL3d3dy53My5vcmcvMjAwMC9zdmciPjwvc3ZnPg==\" data-srcset=\"https:\/\/genehtik.com\/wp-content\/uploads\/2015\/06\/tarjetas.jpg 329w, https:\/\/genehtik.com\/wp-content\/uploads\/2015\/06\/tarjetas-150x39.jpg 150w, https:\/\/genehtik.com\/wp-content\/uploads\/2015\/06\/tarjetas-300x78.jpg 300w, https:\/\/genehtik.com\/wp-content\/uploads\/2015\/06\/tarjetas-250x65.jpg 250w\" data-sizes=\"auto\" data-original-sizes=\"(max-width: 329px) 100vw, 329px\" \/><\/p>\n<p>Toutes les transactions effectu\u00e9es via le terminal de paiement virtuel b\u00e9n\u00e9ficieront de toutes les garanties de s\u00e9curit\u00e9, de confidentialit\u00e9 et d&#039;int\u00e9grit\u00e9 pour les agents participants\u00a0: les titulaires de cartes et leurs entit\u00e9s \u00e9mettrices, ainsi que les commer\u00e7ants et leurs entit\u00e9s acqu\u00e9reuses.<\/p>\n<p>Genehtik n&#039;a pas acc\u00e8s aux informations confidentielles des cartes bancaires, emp\u00eachant ainsi leur vol par des tiers \u00e0 des fins frauduleuses. La meilleure fa\u00e7on pour une entreprise de prot\u00e9ger les donn\u00e9es sensibles de ses clients est de ne pas les d\u00e9tenir.<\/p>\n<p>Ce commer\u00e7ant s&#039;engage \u00e0 ne permettre aucune transaction ill\u00e9gale ou susceptible, de l&#039;avis des r\u00e9seaux de cartes de cr\u00e9dit ou de la banque acqu\u00e9reuse, de nuire \u00e0 leur r\u00e9putation ou de leur avoir un impact n\u00e9gatif. Les activit\u00e9s suivantes sont interdites par les programmes des r\u00e9seaux de cartes\u00a0: la vente ou l&#039;offre de tout produit ou service non conforme \u00e0 la l\u00e9gislation applicable \u00e0 l&#039;acheteur, \u00e0 la banque \u00e9mettrice, au commer\u00e7ant, au titulaire de la carte ou aux cartes elles-m\u00eames.<\/p>\n<p>De plus, les activit\u00e9s suivantes sont \u00e9galement explicitement interdites\u00a0:<\/p>\n<p>\u2013 Vendre ou envoyer des graines de cannabis hors d&#039;Espagne.<br \/>\n\u2013 Vente de tabac.<\/li>\n<li>\n<h3>Paiement \u00e0 la livraison. (uniquement pour l&#039;Espagne et le Portugal)<\/h3>\n<p>Les envois contre remboursement entra\u00eeneront des frais suppl\u00e9mentaires de 6%.<\/li>\n<li>\n<h3>Paiement en esp\u00e8ces :<\/h3>\n<p>Vous devrez envoyer une enveloppe par <em><strong>COURRIER RECOMMAND\u00c9<\/strong><\/em>\u00a0Veuillez r\u00e9gler le montant de votre commande en esp\u00e8ces (billets uniquement). D\u00e8s r\u00e9ception du paiement, nous pr\u00e9parerons votre commande et l&#039;exp\u00e9dierons.<\/p>\n<p>Le montant limite pour ce mode de paiement est de 2 500 \u20ac ou son \u00e9quivalent en devises \u00e9trang\u00e8res conform\u00e9ment \u00e0 l&#039;article 7 de la loi 7\/2012 du 29 octobre.<\/li>\n<li>\n<h3>Virement bancaire :<\/h3>\n<p>IBAN\u00a0: ES15 0182 9734 0202 0179 8176<\/p>\n<p>BIC : BBVAESMMXXX<\/li>\n<\/ul>\n<\/li>\n<\/ul>\n\n\t\t<\/div>\n\t<\/div>\n<\/div><\/div><\/div><\/div><\/div>\n<\/div>","protected":false},"excerpt":{"rendered":"FORMAS DE PAGO Tarjeta de cr\u00e9dito (TPV Virtual): Todas las transacciones que se realicen a trav\u00e9s del TPV Virtual contar\u00e1n con todas las garant\u00edas de seguridad, confidencialidad e integridad para los agentes participantes: titulares de tarjetas y sus entidades emisoras, y comercios y sus entidades...","protected":false},"author":1,"featured_media":0,"parent":27,"menu_order":0,"comment_status":"closed","ping_status":"open","template":"","meta":{"bwfblock_default_font":"","footnotes":""},"class_list":["post-31","page","type-page","status-publish","hentry"],"yoast_head":"<!-- This site is optimized with the Yoast SEO Premium plugin v23.0 (Yoast SEO v27.2) - https:\/\/yoast.com\/product\/yoast-seo-premium-wordpress\/ -->\n<title>Formas de Pago<\/title>\n<meta name=\"description\" content=\"Formas de pago aceptadas en nuestra tienda online Genehtik. Semillas de marihuana y fertilizantes\" \/>\n<meta name=\"robots\" content=\"index, follow, max-snippet:-1, max-image-preview:large, max-video-preview:-1\" \/>\n<link rel=\"canonical\" href=\"https:\/\/genehtik.com\/fr\/informacion\/formas-de-pago\/\" \/>\n<meta property=\"og:locale\" content=\"fr_FR\" \/>\n<meta property=\"og:type\" content=\"article\" \/>\n<meta property=\"og:title\" content=\"Formas de Pago\" \/>\n<meta property=\"og:description\" content=\"Formas de pago aceptadas en nuestra tienda online Genehtik. Semillas de marihuana y fertilizantes\" \/>\n<meta property=\"og:url\" content=\"https:\/\/genehtik.com\/fr\/informacion\/formas-de-pago\/\" \/>\n<meta property=\"og:site_name\" content=\"Genehtik\" \/>\n<meta property=\"article:publisher\" content=\"http:\/\/www.facebook.com\/Genehtik\" \/>\n<meta property=\"article:modified_time\" content=\"2025-07-09T09:57:12+00:00\" \/>\n<meta property=\"og:image\" content=\"https:\/\/genehtik.com\/wp-content\/uploads\/2015\/06\/tarjetas.jpg\" \/>\n<meta name=\"twitter:card\" content=\"summary_large_image\" \/>\n<meta name=\"twitter:site\" content=\"@GenehtikEs\" \/>\n<meta name=\"twitter:label1\" content=\"Dur\u00e9e de lecture estim\u00e9e\" \/>\n\t<meta name=\"twitter:data1\" content=\"2 minutes\" \/>\n<script type=\"application\/ld+json\" class=\"yoast-schema-graph\">{\"@context\":\"https:\/\/schema.org\",\"@graph\":[{\"@type\":\"WebPage\",\"@id\":\"https:\/\/genehtik.com\/informacion\/formas-de-pago\/\",\"url\":\"https:\/\/genehtik.com\/informacion\/formas-de-pago\/\",\"name\":\"Formas de Pago\",\"isPartOf\":{\"@id\":\"https:\/\/genehtik.com\/#website\"},\"primaryImageOfPage\":{\"@id\":\"https:\/\/genehtik.com\/informacion\/formas-de-pago\/#primaryimage\"},\"image\":{\"@id\":\"https:\/\/genehtik.com\/informacion\/formas-de-pago\/#primaryimage\"},\"thumbnailUrl\":\"https:\/\/genehtik.com\/wp-content\/uploads\/2015\/06\/tarjetas.jpg\",\"datePublished\":\"2015-06-29T09:16:23+00:00\",\"dateModified\":\"2025-07-09T09:57:12+00:00\",\"description\":\"Formas de pago aceptadas en nuestra tienda online Genehtik. Semillas de marihuana y fertilizantes\",\"breadcrumb\":{\"@id\":\"https:\/\/genehtik.com\/informacion\/formas-de-pago\/#breadcrumb\"},\"inLanguage\":\"fr-FR\",\"potentialAction\":[{\"@type\":\"ReadAction\",\"target\":[\"https:\/\/genehtik.com\/informacion\/formas-de-pago\/\"]}]},{\"@type\":\"ImageObject\",\"inLanguage\":\"fr-FR\",\"@id\":\"https:\/\/genehtik.com\/informacion\/formas-de-pago\/#primaryimage\",\"url\":\"https:\/\/genehtik.com\/wp-content\/uploads\/2015\/06\/tarjetas.jpg\",\"contentUrl\":\"https:\/\/genehtik.com\/wp-content\/uploads\/2015\/06\/tarjetas.jpg\"},{\"@type\":\"BreadcrumbList\",\"@id\":\"https:\/\/genehtik.com\/informacion\/formas-de-pago\/#breadcrumb\",\"itemListElement\":[{\"@type\":\"ListItem\",\"position\":1,\"name\":\"Home\",\"item\":\"https:\/\/genehtik.com\/\"},{\"@type\":\"ListItem\",\"position\":2,\"name\":\"Informaci\u00f3n\",\"item\":\"https:\/\/genehtik.com\/informacion\/\"},{\"@type\":\"ListItem\",\"position\":3,\"name\":\"Formas de Pago\"}]},{\"@type\":\"WebSite\",\"@id\":\"https:\/\/genehtik.com\/#website\",\"url\":\"https:\/\/genehtik.com\/\",\"name\":\"Genehtik\",\"description\":\"Banco de semillas de cannabis feminizadas y autoflorecientes de calidad y garant\u00eda\",\"potentialAction\":[{\"@type\":\"SearchAction\",\"target\":{\"@type\":\"EntryPoint\",\"urlTemplate\":\"https:\/\/genehtik.com\/?s={search_term_string}\"},\"query-input\":{\"@type\":\"PropertyValueSpecification\",\"valueRequired\":true,\"valueName\":\"search_term_string\"}}],\"inLanguage\":\"fr-FR\"}]}<\/script>\n<!-- \/ Yoast SEO Premium plugin. -->","yoast_head_json":{"title":"Modes de paiement","description":"Formas de pago aceptadas en nuestra tienda online Genehtik. Semillas de marihuana y fertilizantes","robots":{"index":"index","follow":"follow","max-snippet":"max-snippet:-1","max-image-preview":"max-image-preview:large","max-video-preview":"max-video-preview:-1"},"canonical":"https:\/\/genehtik.com\/fr\/informacion\/formas-de-pago\/","og_locale":"fr_FR","og_type":"article","og_title":"Formas de Pago","og_description":"Formas de pago aceptadas en nuestra tienda online Genehtik. Semillas de marihuana y fertilizantes","og_url":"https:\/\/genehtik.com\/fr\/informacion\/formas-de-pago\/","og_site_name":"Genehtik","article_publisher":"http:\/\/www.facebook.com\/Genehtik","article_modified_time":"2025-07-09T09:57:12+00:00","og_image":[{"url":"https:\/\/genehtik.com\/wp-content\/uploads\/2015\/06\/tarjetas.jpg","type":"","width":"","height":""}],"twitter_card":"summary_large_image","twitter_site":"@GenehtikEs","twitter_misc":{"Dur\u00e9e de lecture estim\u00e9e":"2 minutes"},"schema":{"@context":"https:\/\/schema.org","@graph":[{"@type":"WebPage","@id":"https:\/\/genehtik.com\/informacion\/formas-de-pago\/","url":"https:\/\/genehtik.com\/informacion\/formas-de-pago\/","name":"Modes de paiement","isPartOf":{"@id":"https:\/\/genehtik.com\/#website"},"primaryImageOfPage":{"@id":"https:\/\/genehtik.com\/informacion\/formas-de-pago\/#primaryimage"},"image":{"@id":"https:\/\/genehtik.com\/informacion\/formas-de-pago\/#primaryimage"},"thumbnailUrl":"https:\/\/genehtik.com\/wp-content\/uploads\/2015\/06\/tarjetas.jpg","datePublished":"2015-06-29T09:16:23+00:00","dateModified":"2025-07-09T09:57:12+00:00","description":"Formas de pago aceptadas en nuestra tienda online Genehtik. Semillas de marihuana y fertilizantes","breadcrumb":{"@id":"https:\/\/genehtik.com\/informacion\/formas-de-pago\/#breadcrumb"},"inLanguage":"fr-FR","potentialAction":[{"@type":"ReadAction","target":["https:\/\/genehtik.com\/informacion\/formas-de-pago\/"]}]},{"@type":"ImageObject","inLanguage":"fr-FR","@id":"https:\/\/genehtik.com\/informacion\/formas-de-pago\/#primaryimage","url":"https:\/\/genehtik.com\/wp-content\/uploads\/2015\/06\/tarjetas.jpg","contentUrl":"https:\/\/genehtik.com\/wp-content\/uploads\/2015\/06\/tarjetas.jpg"},{"@type":"BreadcrumbList","@id":"https:\/\/genehtik.com\/informacion\/formas-de-pago\/#breadcrumb","itemListElement":[{"@type":"ListItem","position":1,"name":"Home","item":"https:\/\/genehtik.com\/"},{"@type":"ListItem","position":2,"name":"Informaci\u00f3n","item":"https:\/\/genehtik.com\/informacion\/"},{"@type":"ListItem","position":3,"name":"Formas de Pago"}]},{"@type":"WebSite","@id":"https:\/\/genehtik.com\/#website","url":"https:\/\/genehtik.com\/","name":"Genehtik","description":"Banque de graines de cannabis f\u00e9minis\u00e9es et autoflorissantes de qualit\u00e9 garantie","potentialAction":[{"@type":"SearchAction","target":{"@type":"EntryPoint","urlTemplate":"https:\/\/genehtik.com\/?s={search_term_string}"},"query-input":{"@type":"PropertyValueSpecification","valueRequired":true,"valueName":"search_term_string"}}],"inLanguage":"fr-FR"}]}},"_links":{"self":[{"href":"https:\/\/genehtik.com\/fr\/wp-json\/wp\/v2\/pages\/31","targetHints":{"allow":["GET"]}}],"collection":[{"href":"https:\/\/genehtik.com\/fr\/wp-json\/wp\/v2\/pages"}],"about":[{"href":"https:\/\/genehtik.com\/fr\/wp-json\/wp\/v2\/types\/page"}],"author":[{"embeddable":true,"href":"https:\/\/genehtik.com\/fr\/wp-json\/wp\/v2\/users\/1"}],"replies":[{"embeddable":true,"href":"https:\/\/genehtik.com\/fr\/wp-json\/wp\/v2\/comments?post=31"}],"version-history":[{"count":42,"href":"https:\/\/genehtik.com\/fr\/wp-json\/wp\/v2\/pages\/31\/revisions"}],"predecessor-version":[{"id":42319,"href":"https:\/\/genehtik.com\/fr\/wp-json\/wp\/v2\/pages\/31\/revisions\/42319"}],"up":[{"embeddable":true,"href":"https:\/\/genehtik.com\/fr\/wp-json\/wp\/v2\/pages\/27"}],"wp:attachment":[{"href":"https:\/\/genehtik.com\/fr\/wp-json\/wp\/v2\/media?parent=31"}],"curies":[{"name":"wp","href":"https:\/\/api.w.org\/{rel}","templated":true}]}}