{"id":35,"date":"2015-06-29T09:17:09","date_gmt":"2015-06-29T09:17:09","guid":{"rendered":"https:\/\/clon.genehtik.com\/?page_id=35"},"modified":"2025-06-04T10:28:58","modified_gmt":"2025-06-04T10:28:58","slug":"condiciones-de-uso","status":"publish","type":"page","link":"https:\/\/genehtik.com\/fr\/informacion\/condiciones-de-uso\/","title":{"rendered":"Conditions g\u00e9n\u00e9rales d&#039;utilisation"},"content":{"rendered":"<h1>CONDITIONS G\u00c9N\u00c9RALES D&#039;UTILISATION<\/h1>\n<p>La possession de graines de chanvre n&#039;est pas un d\u00e9lit en Espagne (Convention de Vienne de 1961). La culture du cannabis peut faire l&#039;objet de sanctions administratives et p\u00e9nales (article 25.1 de la loi organique relative \u00e0 la protection de la s\u00e9curit\u00e9 publique et article 368 du Code p\u00e9nal).<\/p>\n<p>L\u2019importation, la possession, la vente ou la distribution de graines de cannabis ne sont pas r\u00e9glement\u00e9es par la loi, conform\u00e9ment au trait\u00e9 unilat\u00e9ral sur les stup\u00e9fiants conclu \u00e0 Vienne en 1961.<\/p>\n<p>Dans certains pays, comme l&#039;Espagne, la culture de graines de cannabis par des entreprises, des associations ou des particuliers sans autorisation peut constituer un d\u00e9lit. Par cons\u00e9quent, la vente ou la distribution de graines dans ces pays est exclusivement r\u00e9serv\u00e9e aux applications industrielles, \u00e0 la collection ou \u00e0 la pr\u00e9servation du patrimoine g\u00e9n\u00e9tique.<\/p>\n<p>Les distributeurs et clients de Genehtik Collections acceptent la restriction sp\u00e9cifique selon laquelle les semences ne doivent pas \u00eatre utilis\u00e9es par des tiers \u00e0 des fins illicites ou ill\u00e9gales.<\/p>\n<p>De m\u00eame, nous n&#039;avons aucune intention d&#039;inciter quiconque \u00e0 enfreindre la loi, et chacun est responsable de ses propres actes. Nos clients doivent accepter les conditions ci-dessus concernant l&#039;exportation de graines de cannabis vers des pays comme les \u00c9tats-Unis, l&#039;Allemagne, la France ou tout autre pays o\u00f9 cela est ill\u00e9gal.<\/p>\n<p>Genehtik SL Collections d\u00e9cline toute responsabilit\u00e9 quant \u00e0 l&#039;utilisation, l\u00e9gale ou ill\u00e9gale, de ces semences de collection.<\/p>\n<p>En Espagne et dans de nombreux autres pays europ\u00e9ens, la vente de graines de chanvre est l\u00e9gale. Cependant, elle peut \u00eatre interdite dans votre pays. Nous vous conseillons de v\u00e9rifier la l\u00e9gislation en vigueur dans votre pays au pr\u00e9alable\u00a0; \u00e0 d\u00e9faut, vous serez responsable de vos actes. Genehtik SL Collections ne peut \u00eatre tenu responsable des diff\u00e9rences de r\u00e9glementation selon les pays.<\/p>\n<p>L&#039;achat de ces produits est interdit dans les pays o\u00f9 les graines de cannabis sont ill\u00e9gales, comme l&#039;Australie, l&#039;Allemagne et certains pays asiatiques, ainsi que dans tout autre pays o\u00f9 la possession de graines de cannabis est ill\u00e9gale. Toutefois, si un acheteur r\u00e9sidant dans un pays non mentionn\u00e9 ci-dessus acquiert imprudemment l&#039;un de ces produits sans s&#039;\u00eatre pr\u00e9alablement inform\u00e9 de la l\u00e9gislation locale, la soci\u00e9t\u00e9 d\u00e9cline toute responsabilit\u00e9 quant aux \u00e9ventuels probl\u00e8mes juridiques qui pourraient en d\u00e9couler et n&#039;effectuera aucun remboursement pour les articles saisis ou refus\u00e9s par les douanes dans le cadre de leurs fonctions.<\/p>\n<p>Les descriptions de ces produits et d&#039;autres propos\u00e9s \u00e0 la vente sur ce site web proviennent d&#039;entreprises et d&#039;ouvrages sp\u00e9cialis\u00e9s r\u00e9dig\u00e9s dans des pays o\u00f9 la l\u00e9gislation n&#039;interdit pas la consommation de certaines substances psychoactives (comme les Pays-Bas). Par cons\u00e9quent, le fait que certaines descriptions fassent allusion \u00e0 leurs effets apr\u00e8s consommation ne signifie en aucun cas que vous pouvez les consommer\u00a0; il s&#039;agit d&#039;une simple information, car ces produits sont vendus exclusivement \u00e0 des fins m\u00e9dicales et th\u00e9rapeutiques, aux \u00e9tudiants en botanique, aux naturalistes, aux collectionneurs, comme souvenirs, etc.<\/p>\n<p>Si ces produits sont destin\u00e9s \u00e0 la consommation humaine, cela se fera toujours sous la seule responsabilit\u00e9 de l&#039;acheteur, et la soci\u00e9t\u00e9 d\u00e9cline toute responsabilit\u00e9 \u00e0 cet \u00e9gard.<\/p>\n<p>&nbsp;<\/p>\n<p>Nous vous demandons votre engagement et votre responsabilit\u00e9.<\/p>\n<p>&nbsp;<\/p>\n<p>Genehtik Collections SL<\/p>\n<p>Pol. Ind. Erletxe Plat. E navire 27<\/p>\n<p>48960 Galdakao<\/p>\n<p>Biscaye<\/p>","protected":false},"excerpt":{"rendered":"<p>T\u00c9RMINOS Y CONDICIONES DE USO La posesi\u00f3n de semillas de c\u00e1\u00f1amo en Espa\u00f1a no es constitutiva de delito (Convenci\u00f3n de Viena de 1.961). El cultivo de cannabis puede ser objeto de sanciones administrativas y penales (Art. 25.1 de la Ley Org\u00e1nica de Protecci\u00f3n de la&#8230;<\/p>","protected":false},"author":1,"featured_media":0,"parent":27,"menu_order":0,"comment_status":"closed","ping_status":"open","template":"","meta":{"bwfblock_default_font":"","footnotes":""},"class_list":["post-35","page","type-page","status-publish","hentry"],"yoast_head":"<!-- This site is optimized with the Yoast SEO Premium plugin v23.0 (Yoast SEO v27.2) - https:\/\/yoast.com\/product\/yoast-seo-premium-wordpress\/ -->\n<title>T\u00e9rminos y Condiciones de uso<\/title>\n<meta name=\"description\" content=\"T\u00e9rminos y condiciones de uso de nuestra tienda online Genehtik. Semillas de marihuana y fertilizantes\" \/>\n<meta name=\"robots\" content=\"index, follow, max-snippet:-1, max-image-preview:large, max-video-preview:-1\" \/>\n<link rel=\"canonical\" href=\"https:\/\/genehtik.com\/fr\/informacion\/condiciones-de-uso\/\" \/>\n<meta property=\"og:locale\" content=\"fr_FR\" \/>\n<meta property=\"og:type\" content=\"article\" \/>\n<meta property=\"og:title\" content=\"T\u00e9rminos y Condiciones de Uso\" \/>\n<meta property=\"og:description\" content=\"T\u00e9rminos y condiciones de uso de nuestra tienda online Genehtik. Semillas de marihuana y fertilizantes\" \/>\n<meta property=\"og:url\" content=\"https:\/\/genehtik.com\/fr\/informacion\/condiciones-de-uso\/\" \/>\n<meta property=\"og:site_name\" content=\"Genehtik\" \/>\n<meta property=\"article:publisher\" content=\"http:\/\/www.facebook.com\/Genehtik\" \/>\n<meta property=\"article:modified_time\" content=\"2025-06-04T10:28:58+00:00\" \/>\n<meta name=\"twitter:card\" content=\"summary_large_image\" \/>\n<meta name=\"twitter:site\" content=\"@GenehtikEs\" \/>\n<meta name=\"twitter:label1\" content=\"Dur\u00e9e de lecture estim\u00e9e\" \/>\n\t<meta name=\"twitter:data1\" content=\"3 minutes\" \/>\n<script type=\"application\/ld+json\" class=\"yoast-schema-graph\">{\"@context\":\"https:\/\/schema.org\",\"@graph\":[{\"@type\":\"WebPage\",\"@id\":\"https:\/\/genehtik.com\/informacion\/condiciones-de-uso\/\",\"url\":\"https:\/\/genehtik.com\/informacion\/condiciones-de-uso\/\",\"name\":\"T\u00e9rminos y Condiciones de uso\",\"isPartOf\":{\"@id\":\"https:\/\/genehtik.com\/#website\"},\"datePublished\":\"2015-06-29T09:17:09+00:00\",\"dateModified\":\"2025-06-04T10:28:58+00:00\",\"description\":\"T\u00e9rminos y condiciones de uso de nuestra tienda online Genehtik. Semillas de marihuana y fertilizantes\",\"breadcrumb\":{\"@id\":\"https:\/\/genehtik.com\/informacion\/condiciones-de-uso\/#breadcrumb\"},\"inLanguage\":\"fr-FR\",\"potentialAction\":[{\"@type\":\"ReadAction\",\"target\":[\"https:\/\/genehtik.com\/informacion\/condiciones-de-uso\/\"]}]},{\"@type\":\"BreadcrumbList\",\"@id\":\"https:\/\/genehtik.com\/informacion\/condiciones-de-uso\/#breadcrumb\",\"itemListElement\":[{\"@type\":\"ListItem\",\"position\":1,\"name\":\"Home\",\"item\":\"https:\/\/genehtik.com\/\"},{\"@type\":\"ListItem\",\"position\":2,\"name\":\"Informaci\u00f3n\",\"item\":\"https:\/\/genehtik.com\/informacion\/\"},{\"@type\":\"ListItem\",\"position\":3,\"name\":\"T\u00e9rminos y Condiciones de Uso\"}]},{\"@type\":\"WebSite\",\"@id\":\"https:\/\/genehtik.com\/#website\",\"url\":\"https:\/\/genehtik.com\/\",\"name\":\"Genehtik\",\"description\":\"Banco de semillas de cannabis feminizadas y autoflorecientes de calidad y garant\u00eda\",\"potentialAction\":[{\"@type\":\"SearchAction\",\"target\":{\"@type\":\"EntryPoint\",\"urlTemplate\":\"https:\/\/genehtik.com\/?s={search_term_string}\"},\"query-input\":{\"@type\":\"PropertyValueSpecification\",\"valueRequired\":true,\"valueName\":\"search_term_string\"}}],\"inLanguage\":\"fr-FR\"}]}<\/script>\n<!-- \/ Yoast SEO Premium plugin. -->","yoast_head_json":{"title":"T\u00e9rminos y Condiciones de uso","description":"T\u00e9rminos y condiciones de uso de nuestra tienda online Genehtik. Semillas de marihuana y fertilizantes","robots":{"index":"index","follow":"follow","max-snippet":"max-snippet:-1","max-image-preview":"max-image-preview:large","max-video-preview":"max-video-preview:-1"},"canonical":"https:\/\/genehtik.com\/fr\/informacion\/condiciones-de-uso\/","og_locale":"fr_FR","og_type":"article","og_title":"T\u00e9rminos y Condiciones de Uso","og_description":"T\u00e9rminos y condiciones de uso de nuestra tienda online Genehtik. Semillas de marihuana y fertilizantes","og_url":"https:\/\/genehtik.com\/fr\/informacion\/condiciones-de-uso\/","og_site_name":"Genehtik","article_publisher":"http:\/\/www.facebook.com\/Genehtik","article_modified_time":"2025-06-04T10:28:58+00:00","twitter_card":"summary_large_image","twitter_site":"@GenehtikEs","twitter_misc":{"Dur\u00e9e de lecture estim\u00e9e":"3 minutes"},"schema":{"@context":"https:\/\/schema.org","@graph":[{"@type":"WebPage","@id":"https:\/\/genehtik.com\/informacion\/condiciones-de-uso\/","url":"https:\/\/genehtik.com\/informacion\/condiciones-de-uso\/","name":"T\u00e9rminos y Condiciones de uso","isPartOf":{"@id":"https:\/\/genehtik.com\/#website"},"datePublished":"2015-06-29T09:17:09+00:00","dateModified":"2025-06-04T10:28:58+00:00","description":"T\u00e9rminos y condiciones de uso de nuestra tienda online Genehtik. Semillas de marihuana y fertilizantes","breadcrumb":{"@id":"https:\/\/genehtik.com\/informacion\/condiciones-de-uso\/#breadcrumb"},"inLanguage":"fr-FR","potentialAction":[{"@type":"ReadAction","target":["https:\/\/genehtik.com\/informacion\/condiciones-de-uso\/"]}]},{"@type":"BreadcrumbList","@id":"https:\/\/genehtik.com\/informacion\/condiciones-de-uso\/#breadcrumb","itemListElement":[{"@type":"ListItem","position":1,"name":"Home","item":"https:\/\/genehtik.com\/"},{"@type":"ListItem","position":2,"name":"Informaci\u00f3n","item":"https:\/\/genehtik.com\/informacion\/"},{"@type":"ListItem","position":3,"name":"T\u00e9rminos y Condiciones de Uso"}]},{"@type":"WebSite","@id":"https:\/\/genehtik.com\/#website","url":"https:\/\/genehtik.com\/","name":"Genehtik","description":"Banque de graines de cannabis f\u00e9minis\u00e9es et autoflorissantes de qualit\u00e9 garantie","potentialAction":[{"@type":"SearchAction","target":{"@type":"EntryPoint","urlTemplate":"https:\/\/genehtik.com\/?s={search_term_string}"},"query-input":{"@type":"PropertyValueSpecification","valueRequired":true,"valueName":"search_term_string"}}],"inLanguage":"fr-FR"}]}},"_links":{"self":[{"href":"https:\/\/genehtik.com\/fr\/wp-json\/wp\/v2\/pages\/35","targetHints":{"allow":["GET"]}}],"collection":[{"href":"https:\/\/genehtik.com\/fr\/wp-json\/wp\/v2\/pages"}],"about":[{"href":"https:\/\/genehtik.com\/fr\/wp-json\/wp\/v2\/types\/page"}],"author":[{"embeddable":true,"href":"https:\/\/genehtik.com\/fr\/wp-json\/wp\/v2\/users\/1"}],"replies":[{"embeddable":true,"href":"https:\/\/genehtik.com\/fr\/wp-json\/wp\/v2\/comments?post=35"}],"version-history":[{"count":11,"href":"https:\/\/genehtik.com\/fr\/wp-json\/wp\/v2\/pages\/35\/revisions"}],"predecessor-version":[{"id":42262,"href":"https:\/\/genehtik.com\/fr\/wp-json\/wp\/v2\/pages\/35\/revisions\/42262"}],"up":[{"embeddable":true,"href":"https:\/\/genehtik.com\/fr\/wp-json\/wp\/v2\/pages\/27"}],"wp:attachment":[{"href":"https:\/\/genehtik.com\/fr\/wp-json\/wp\/v2\/media?parent=35"}],"curies":[{"name":"wp","href":"https:\/\/api.w.org\/{rel}","templated":true}]}}