{"id":5008,"date":"2015-07-08T09:30:04","date_gmt":"2015-07-08T09:30:04","guid":{"rendered":"https:\/\/clon.genehtik.com\/?page_id=5008"},"modified":"2025-03-31T10:53:47","modified_gmt":"2025-03-31T10:53:47","slug":"banco-semillas-de-marihuana","status":"publish","type":"page","link":"https:\/\/genehtik.com\/fr\/banco-semillas-de-marihuana\/","title":{"rendered":"Banque de graines de cannabis Genehtik \u2013 \u00c0 propos de nous"},"content":{"rendered":"<p><img decoding=\"async\" class=\"alignnone wp-image-10549 size-full lazyload\" data-src=\"https:\/\/genehtik.com\/wp-content\/uploads\/2015\/07\/semillas-marihuana-genehtik-historia.jpg\" alt=\"Banco de semillas de cannabis Genehtik\" width=\"709\" height=\"425\" data-srcset=\"https:\/\/genehtik.com\/wp-content\/uploads\/2015\/07\/semillas-marihuana-genehtik-historia.jpg 709w, https:\/\/genehtik.com\/wp-content\/uploads\/2015\/07\/semillas-marihuana-genehtik-historia-150x90.jpg 150w, https:\/\/genehtik.com\/wp-content\/uploads\/2015\/07\/semillas-marihuana-genehtik-historia-400x240.jpg 400w, https:\/\/genehtik.com\/wp-content\/uploads\/2015\/07\/semillas-marihuana-genehtik-historia-300x180.jpg 300w, https:\/\/genehtik.com\/wp-content\/uploads\/2015\/07\/semillas-marihuana-genehtik-historia-190x114.jpg 190w\" data-sizes=\"auto\" src=\"data:image\/svg+xml;base64,PHN2ZyB3aWR0aD0iMSIgaGVpZ2h0PSIxIiB4bWxucz0iaHR0cDovL3d3dy53My5vcmcvMjAwMC9zdmciPjwvc3ZnPg==\" style=\"--smush-placeholder-width: 709px; --smush-placeholder-aspect-ratio: 709\/425;\" data-original-sizes=\"(max-width: 709px) 100vw, 709px\" \/><\/p>\n<h2>Histoire de notre banque de semences<\/h2>\n<p>GENETHIK SEEDS a vu le jour il y a plus de 20 ans au Pays basque, fruit de nombreuses ann\u00e9es de travail. Des ann\u00e9es de culture intensive. Des ann\u00e9es de partage d&#039;informations avec des cultivateurs amateurs et professionnels, d&#039;\u00e9changes d&#039;exp\u00e9riences et de g\u00e9n\u00e9tiques avec des s\u00e9lectionneurs anonymes et renomm\u00e9s du monde entier. On peut dire que l&#039;origine de notre banque de semences est \u00e9troitement li\u00e9e \u00e0 une vari\u00e9t\u00e9 sp\u00e9cifique\u2026 <strong>Bilbo critique<\/strong>, d\u00e9j\u00e0 son cr\u00e9ateur <a href=\"https:\/\/criticalbilbo.com\/critical-bilbo-la-leyenda\/\"><strong>David Merino<\/strong><\/a>, qui depuis la fin des ann\u00e9es 1990 a conserv\u00e9 des vari\u00e9t\u00e9s tr\u00e8s sp\u00e9ciales, des champions authentiques et m\u00eame des vari\u00e9t\u00e9s l\u00e9gendaires comme la c\u00e9l\u00e8bre <strong>KRITIKAL BILBO<\/strong>. Depuis sa cr\u00e9ation, elle a travaill\u00e9 \u00e0 stabiliser cette vari\u00e9t\u00e9 et \u00e0 obtenir des sp\u00e9cimens plus forts et plus robustes, qui constituent actuellement la norme de notre banque, une vari\u00e9t\u00e9 qui a rapidement commenc\u00e9 \u00e0 remporter des coupes de cannabis et \u00e0 forger sa propre l\u00e9gende.<\/p>\n<p>&nbsp;<\/p>\n<p>GENEHTIK SEEDS garantit la qualit\u00e9 de toutes ses semences, en pr\u00e9servant les caract\u00e9ristiques parentales et leurs propri\u00e9t\u00e9s organoleptiques, et en renfor\u00e7ant la vigueur de chaque vari\u00e9t\u00e9 pour une meilleure r\u00e9sistance. GENEHTIK SEEDS a su insuffler ce caract\u00e8re basque afin d&#039;optimiser la productivit\u00e9 de l&#039;ensemble de son catalogue de vari\u00e9t\u00e9s.<\/p>\n<p>&nbsp;<\/p>\n<h3>Plus d&#039;informations et d&#039;histoire sur notre banque de semences et nos vari\u00e9t\u00e9s sur <a href=\"https:\/\/www.criticalbilbo.com\">www.criticalbilbo.com<\/a>.<\/h3>\n<p>&nbsp;<\/p>\n<p>Dans notre catalogue, vous trouverez <a href=\"https:\/\/genehtik.com\/fr\/comprar-semillas-de-marihuana-feminizadas-genehtik\/\"><strong>graines de cannabis f\u00e9minis\u00e9es<\/strong><\/a>\u00a0y\u00a0<a href=\"\/fr\/?product_cat=productos\/semillas-de-marihuana\/semillas-cannabis-autoflorecientes\"><strong>graines de cannabis autofloraison<\/strong><\/a>, ainsi que <a href=\"\/fr\/?product_cat=productos\/nutrientes\"><strong>engrais et nutriments<\/strong><\/a> pour vos plantes.<\/p>\n<p>&nbsp;<\/p>\n<h2>La qualit\u00e9 des graines de marijuana Genehtik<\/h2>\n<p>Notre <strong>banque de graines de cannabis<\/strong>\u00a0Nous garantissons syst\u00e9matiquement la plus haute qualit\u00e9 g\u00e9n\u00e9tique pour toutes nos graines de cannabis. Nous veillons \u00e9galement \u00e0 pr\u00e9server l&#039;int\u00e9grit\u00e9 des caract\u00e9ristiques des plantes m\u00e8res.<\/p>\n<p>&nbsp;<\/p>\n<p>Nous garantissons syst\u00e9matiquement que la quasi-totalit\u00e9 de nos graines de cannabis sont f\u00e9minis\u00e9es.<\/p>\n<p>&nbsp;<\/p>\n<p>Toutes nos semences sont s\u00e9lectionn\u00e9es et nettoy\u00e9es \u00e0 la main afin de garantir une qualit\u00e9 optimale. De plus, leur conditionnement en microtubes assure une conservation optimale.<\/p>\n<p>&nbsp;<\/p>\n<p>Dans notre catalogue, vous trouverez un large choix de g\u00e9n\u00e9tiques s\u00e9lectionn\u00e9es par notre banque de semences, accompagn\u00e9es de vid\u00e9os explicatives. Vous disposerez ainsi de toutes les informations n\u00e9cessaires pour faire votre choix.<\/p>\n<p>&nbsp;<\/p>\n<h3>Nous garantissons la plus haute qualit\u00e9 g\u00e9n\u00e9tique de toutes nos graines de cannabis.<\/h3>\n<p>Nos graines de cannabis f\u00e9minis\u00e9es et autoflorissantes sont disponibles dans notre boutique en ligne ou dans n&#039;importe quel magasin de culture de votre ville.<\/p>\n<p>&nbsp;<\/p>\n<p>Pour toute question, vous pouvez nous contacter par courriel. <a href=\"mailto:info@genehtik.com\">info@genehtik.com<\/a><\/p>\n<p>&nbsp;<\/p>\n<p>&nbsp;<\/p>\n<div class=\"woocommerce columns-4\"><ul class=\"products columns-4\">\n<li class=\"product-category product first\">\n\t<a aria-label=\"Acc\u00e9der \u00e0 la cat\u00e9gorie de produits Semillas Feminizadas\" href=\"https:\/\/genehtik.com\/fr\/cannabis\/productos\/semillas-de-marihuana\/semillas-cannabis-feminizadas\/\" data-no-translation-aria-label=\"\"><img decoding=\"async\" data-src=\"https:\/\/genehtik.com\/wp-content\/uploads\/2015\/07\/Semillas-cannabis-feminizadas-Genehtik-300x300.jpg\" alt=\"Semillas Feminizadas\" width=\"300\" height=\"300\" data-srcset=\"https:\/\/genehtik.com\/wp-content\/uploads\/2015\/07\/Semillas-cannabis-feminizadas-Genehtik-300x300.jpg 300w, https:\/\/genehtik.com\/wp-content\/uploads\/2015\/07\/Semillas-cannabis-feminizadas-Genehtik-150x150.jpg 150w, https:\/\/genehtik.com\/wp-content\/uploads\/2015\/07\/Semillas-cannabis-feminizadas-Genehtik-114x114.jpg 114w, https:\/\/genehtik.com\/wp-content\/uploads\/2015\/07\/Semillas-cannabis-feminizadas-Genehtik.jpg 324w\" data-sizes=\"auto\" src=\"data:image\/svg+xml;base64,PHN2ZyB3aWR0aD0iMSIgaGVpZ2h0PSIxIiB4bWxucz0iaHR0cDovL3d3dy53My5vcmcvMjAwMC9zdmciPjwvc3ZnPg==\" class=\"lazyload\" style=\"--smush-placeholder-width: 300px; --smush-placeholder-aspect-ratio: 300\/300;\" data-original-sizes=\"(max-width: 300px) 100vw, 300px\" \/>\t\t<h2 class=\"woocommerce-loop-category__title\">\n\t\t\tGraines f\u00e9minis\u00e9es <mark class=\"count\">(22)<\/mark>\t\t<\/h2>\n\t\t<\/a><\/li>\n<li class=\"product-category product\">\n\t<a aria-label=\"Acc\u00e9der \u00e0 la cat\u00e9gorie de produits Semillas Autoflorecientes\" href=\"https:\/\/genehtik.com\/fr\/cannabis\/productos\/semillas-de-marihuana\/semillas-cannabis-autoflorecientes\/\" data-no-translation-aria-label=\"\"><img decoding=\"async\" data-src=\"https:\/\/genehtik.com\/wp-content\/uploads\/2015\/07\/semillas-cannabis-autoflorecientes-Genehtik-300x300.jpg\" alt=\"Semillas Autoflorecientes\" width=\"300\" height=\"300\" data-srcset=\"https:\/\/genehtik.com\/wp-content\/uploads\/2015\/07\/semillas-cannabis-autoflorecientes-Genehtik-300x300.jpg 300w, https:\/\/genehtik.com\/wp-content\/uploads\/2015\/07\/semillas-cannabis-autoflorecientes-Genehtik-150x150.jpg 150w, https:\/\/genehtik.com\/wp-content\/uploads\/2015\/07\/semillas-cannabis-autoflorecientes-Genehtik-400x400.jpg 400w, https:\/\/genehtik.com\/wp-content\/uploads\/2015\/07\/semillas-cannabis-autoflorecientes-Genehtik-520x520.jpg 520w, https:\/\/genehtik.com\/wp-content\/uploads\/2015\/07\/semillas-cannabis-autoflorecientes-Genehtik-114x114.jpg 114w, https:\/\/genehtik.com\/wp-content\/uploads\/2015\/07\/semillas-cannabis-autoflorecientes-Genehtik-372x372.jpg 372w, https:\/\/genehtik.com\/wp-content\/uploads\/2015\/07\/semillas-cannabis-autoflorecientes-Genehtik.jpg 680w\" data-sizes=\"auto\" src=\"data:image\/svg+xml;base64,PHN2ZyB3aWR0aD0iMSIgaGVpZ2h0PSIxIiB4bWxucz0iaHR0cDovL3d3dy53My5vcmcvMjAwMC9zdmciPjwvc3ZnPg==\" class=\"lazyload\" style=\"--smush-placeholder-width: 300px; --smush-placeholder-aspect-ratio: 300\/300;\" data-original-sizes=\"(max-width: 300px) 100vw, 300px\" \/>\t\t<h2 class=\"woocommerce-loop-category__title\">\n\t\t\tGraines autofloraison <mark class=\"count\">(8)<\/mark>\t\t<\/h2>\n\t\t<\/a><\/li>\n<\/ul>\n<\/div>","protected":false},"excerpt":{"rendered":"<p>Historia de nuestro banco de semillas GENEHTIK SEEDS nace, hace m\u00e1s de 20 a\u00f1os, en el Pa\u00eds Vasco, como el resultado de muchos a\u00f1os de trabajo. De cultivo intenso. De compartir informaci\u00f3n con cultivadores amateurs y profesionales, de intercambiar experiencias y gen\u00e9ticas con breeders tanto&#8230;<\/p>","protected":false},"author":1,"featured_media":0,"parent":0,"menu_order":0,"comment_status":"closed","ping_status":"open","template":"","meta":{"bwfblock_default_font":"","footnotes":""},"class_list":["post-5008","page","type-page","status-publish","hentry"],"yoast_head":"<!-- This site is optimized with the Yoast SEO Premium plugin v23.0 (Yoast SEO v27.2) - https:\/\/yoast.com\/product\/yoast-seo-premium-wordpress\/ -->\n<title>Banco de semillas de cannabis Genehtik - Quienes Somos<\/title>\n<meta name=\"description\" content=\"Historia sobre nuestro banco de semillas de cannabis Genehtik. Ofrecemos calidad y garantia en todas nuestras semillas feminizadas y autoflorecientes.\" \/>\n<meta name=\"robots\" content=\"index, follow, max-snippet:-1, max-image-preview:large, max-video-preview:-1\" \/>\n<link rel=\"canonical\" href=\"https:\/\/genehtik.com\/fr\/banco-semillas-de-marihuana\/\" \/>\n<meta property=\"og:locale\" content=\"fr_FR\" \/>\n<meta property=\"og:type\" content=\"article\" \/>\n<meta property=\"og:title\" content=\"Banco de semillas de cannabis Genehtik - Quienes Somos\" \/>\n<meta property=\"og:description\" content=\"Historia sobre nuestro banco de semillas de cannabis Genehtik. Ofrecemos calidad y garantia en todas nuestras semillas feminizadas y autoflorecientes.\" \/>\n<meta property=\"og:url\" content=\"https:\/\/genehtik.com\/fr\/banco-semillas-de-marihuana\/\" \/>\n<meta property=\"og:site_name\" content=\"Genehtik\" \/>\n<meta property=\"article:publisher\" content=\"http:\/\/www.facebook.com\/Genehtik\" \/>\n<meta property=\"article:modified_time\" content=\"2025-03-31T10:53:47+00:00\" \/>\n<meta property=\"og:image\" content=\"https:\/\/genehtik.com\/wp-content\/uploads\/2015\/07\/semillas-marihuana-genehtik-historia.jpg\" \/>\n<meta name=\"twitter:card\" content=\"summary_large_image\" \/>\n<meta name=\"twitter:site\" content=\"@GenehtikEs\" \/>\n<meta name=\"twitter:label1\" content=\"Dur\u00e9e de lecture estim\u00e9e\" \/>\n\t<meta name=\"twitter:data1\" content=\"2 minutes\" \/>\n<script type=\"application\/ld+json\" class=\"yoast-schema-graph\">{\"@context\":\"https:\/\/schema.org\",\"@graph\":[{\"@type\":\"WebPage\",\"@id\":\"https:\/\/genehtik.com\/banco-semillas-de-marihuana\/\",\"url\":\"https:\/\/genehtik.com\/banco-semillas-de-marihuana\/\",\"name\":\"Banco de semillas de cannabis Genehtik - Quienes Somos\",\"isPartOf\":{\"@id\":\"https:\/\/genehtik.com\/#website\"},\"primaryImageOfPage\":{\"@id\":\"https:\/\/genehtik.com\/banco-semillas-de-marihuana\/#primaryimage\"},\"image\":{\"@id\":\"https:\/\/genehtik.com\/banco-semillas-de-marihuana\/#primaryimage\"},\"thumbnailUrl\":\"https:\/\/genehtik.com\/wp-content\/uploads\/2015\/07\/semillas-marihuana-genehtik-historia.jpg\",\"datePublished\":\"2015-07-08T09:30:04+00:00\",\"dateModified\":\"2025-03-31T10:53:47+00:00\",\"description\":\"Historia sobre nuestro banco de semillas de cannabis Genehtik. Ofrecemos calidad y garantia en todas nuestras semillas feminizadas y autoflorecientes.\",\"breadcrumb\":{\"@id\":\"https:\/\/genehtik.com\/banco-semillas-de-marihuana\/#breadcrumb\"},\"inLanguage\":\"fr-FR\",\"potentialAction\":[{\"@type\":\"ReadAction\",\"target\":[\"https:\/\/genehtik.com\/banco-semillas-de-marihuana\/\"]}]},{\"@type\":\"ImageObject\",\"inLanguage\":\"fr-FR\",\"@id\":\"https:\/\/genehtik.com\/banco-semillas-de-marihuana\/#primaryimage\",\"url\":\"https:\/\/genehtik.com\/wp-content\/uploads\/2015\/07\/semillas-marihuana-genehtik-historia.jpg\",\"contentUrl\":\"https:\/\/genehtik.com\/wp-content\/uploads\/2015\/07\/semillas-marihuana-genehtik-historia.jpg\"},{\"@type\":\"BreadcrumbList\",\"@id\":\"https:\/\/genehtik.com\/banco-semillas-de-marihuana\/#breadcrumb\",\"itemListElement\":[{\"@type\":\"ListItem\",\"position\":1,\"name\":\"Home\",\"item\":\"https:\/\/genehtik.com\/\"},{\"@type\":\"ListItem\",\"position\":2,\"name\":\"Banco de semillas de cannabis Genehtik &#8211; Quienes Somos\"}]},{\"@type\":\"WebSite\",\"@id\":\"https:\/\/genehtik.com\/#website\",\"url\":\"https:\/\/genehtik.com\/\",\"name\":\"Genehtik\",\"description\":\"Banco de semillas de cannabis feminizadas y autoflorecientes de calidad y garant\u00eda\",\"potentialAction\":[{\"@type\":\"SearchAction\",\"target\":{\"@type\":\"EntryPoint\",\"urlTemplate\":\"https:\/\/genehtik.com\/?s={search_term_string}\"},\"query-input\":{\"@type\":\"PropertyValueSpecification\",\"valueRequired\":true,\"valueName\":\"search_term_string\"}}],\"inLanguage\":\"fr-FR\"}]}<\/script>\n<!-- \/ Yoast SEO Premium plugin. -->","yoast_head_json":{"title":"Banco de semillas de cannabis Genehtik - Quienes Somos","description":"Historia sobre nuestro banco de semillas de cannabis Genehtik. Ofrecemos calidad y garantia en todas nuestras semillas feminizadas y autoflorecientes.","robots":{"index":"index","follow":"follow","max-snippet":"max-snippet:-1","max-image-preview":"max-image-preview:large","max-video-preview":"max-video-preview:-1"},"canonical":"https:\/\/genehtik.com\/fr\/banco-semillas-de-marihuana\/","og_locale":"fr_FR","og_type":"article","og_title":"Banco de semillas de cannabis Genehtik - Quienes Somos","og_description":"Historia sobre nuestro banco de semillas de cannabis Genehtik. Ofrecemos calidad y garantia en todas nuestras semillas feminizadas y autoflorecientes.","og_url":"https:\/\/genehtik.com\/fr\/banco-semillas-de-marihuana\/","og_site_name":"Genehtik","article_publisher":"http:\/\/www.facebook.com\/Genehtik","article_modified_time":"2025-03-31T10:53:47+00:00","og_image":[{"url":"https:\/\/genehtik.com\/wp-content\/uploads\/2015\/07\/semillas-marihuana-genehtik-historia.jpg","type":"","width":"","height":""}],"twitter_card":"summary_large_image","twitter_site":"@GenehtikEs","twitter_misc":{"Dur\u00e9e de lecture estim\u00e9e":"2 minutes"},"schema":{"@context":"https:\/\/schema.org","@graph":[{"@type":"WebPage","@id":"https:\/\/genehtik.com\/banco-semillas-de-marihuana\/","url":"https:\/\/genehtik.com\/banco-semillas-de-marihuana\/","name":"Banco de semillas de cannabis Genehtik - Quienes Somos","isPartOf":{"@id":"https:\/\/genehtik.com\/#website"},"primaryImageOfPage":{"@id":"https:\/\/genehtik.com\/banco-semillas-de-marihuana\/#primaryimage"},"image":{"@id":"https:\/\/genehtik.com\/banco-semillas-de-marihuana\/#primaryimage"},"thumbnailUrl":"https:\/\/genehtik.com\/wp-content\/uploads\/2015\/07\/semillas-marihuana-genehtik-historia.jpg","datePublished":"2015-07-08T09:30:04+00:00","dateModified":"2025-03-31T10:53:47+00:00","description":"Historia sobre nuestro banco de semillas de cannabis Genehtik. Ofrecemos calidad y garantia en todas nuestras semillas feminizadas y autoflorecientes.","breadcrumb":{"@id":"https:\/\/genehtik.com\/banco-semillas-de-marihuana\/#breadcrumb"},"inLanguage":"fr-FR","potentialAction":[{"@type":"ReadAction","target":["https:\/\/genehtik.com\/banco-semillas-de-marihuana\/"]}]},{"@type":"ImageObject","inLanguage":"fr-FR","@id":"https:\/\/genehtik.com\/banco-semillas-de-marihuana\/#primaryimage","url":"https:\/\/genehtik.com\/wp-content\/uploads\/2015\/07\/semillas-marihuana-genehtik-historia.jpg","contentUrl":"https:\/\/genehtik.com\/wp-content\/uploads\/2015\/07\/semillas-marihuana-genehtik-historia.jpg"},{"@type":"BreadcrumbList","@id":"https:\/\/genehtik.com\/banco-semillas-de-marihuana\/#breadcrumb","itemListElement":[{"@type":"ListItem","position":1,"name":"Home","item":"https:\/\/genehtik.com\/"},{"@type":"ListItem","position":2,"name":"Banco de semillas de cannabis Genehtik &#8211; Quienes Somos"}]},{"@type":"WebSite","@id":"https:\/\/genehtik.com\/#website","url":"https:\/\/genehtik.com\/","name":"Genehtik","description":"Banque de graines de cannabis f\u00e9minis\u00e9es et autoflorissantes de qualit\u00e9 garantie","potentialAction":[{"@type":"SearchAction","target":{"@type":"EntryPoint","urlTemplate":"https:\/\/genehtik.com\/?s={search_term_string}"},"query-input":{"@type":"PropertyValueSpecification","valueRequired":true,"valueName":"search_term_string"}}],"inLanguage":"fr-FR"}]}},"_links":{"self":[{"href":"https:\/\/genehtik.com\/fr\/wp-json\/wp\/v2\/pages\/5008","targetHints":{"allow":["GET"]}}],"collection":[{"href":"https:\/\/genehtik.com\/fr\/wp-json\/wp\/v2\/pages"}],"about":[{"href":"https:\/\/genehtik.com\/fr\/wp-json\/wp\/v2\/types\/page"}],"author":[{"embeddable":true,"href":"https:\/\/genehtik.com\/fr\/wp-json\/wp\/v2\/users\/1"}],"replies":[{"embeddable":true,"href":"https:\/\/genehtik.com\/fr\/wp-json\/wp\/v2\/comments?post=5008"}],"version-history":[{"count":63,"href":"https:\/\/genehtik.com\/fr\/wp-json\/wp\/v2\/pages\/5008\/revisions"}],"predecessor-version":[{"id":41928,"href":"https:\/\/genehtik.com\/fr\/wp-json\/wp\/v2\/pages\/5008\/revisions\/41928"}],"wp:attachment":[{"href":"https:\/\/genehtik.com\/fr\/wp-json\/wp\/v2\/media?parent=5008"}],"curies":[{"name":"wp","href":"https:\/\/api.w.org\/{rel}","templated":true}]}}