{"id":5028,"date":"2015-07-08T11:29:54","date_gmt":"2015-07-08T11:29:54","guid":{"rendered":"https:\/\/clon.genehtik.com\/?page_id=5028"},"modified":"2018-06-21T10:06:08","modified_gmt":"2018-06-21T10:06:08","slug":"premios","status":"publish","type":"page","link":"https:\/\/genehtik.com\/fr\/premios\/","title":{"rendered":"Prix"},"content":{"rendered":"<h1 class=\"title\">PRIX<\/h1>\n<p>R\u00e9compenses remport\u00e9es par nos graines de cannabis et notre banque de graines Genehtik.<\/p>\n<table>\n<tbody>\n<tr>\n<th>ANN\u00c9E<\/th>\n<th>\u00c9V\u00c9NEMENT<\/th>\n<th>PRIX<\/th>\n<th>CAT\u00c9GORIE<\/th>\n<\/tr>\n<tr>\n<th>2004<\/th>\n<th>HIGH LIFE (Barcelone)<\/th>\n<th>1er G\u00c9N\u00c9RAL<\/th>\n<th>Critique Bilbo<\/th>\n<\/tr>\n<tr>\n<th>2004<\/th>\n<th>HIGH LIFE (Barcelone)<\/th>\n<th>1er INT\u00c9RIEUR BIO<\/th>\n<th>Critique Bilbo<\/th>\n<\/tr>\n<tr>\n<th>2005<\/th>\n<th>HIGH LIFE (Barcelone)<\/th>\n<th>1er INT\u00c9RIEUR BIO<\/th>\n<th>Super Silver Bilbo<\/th>\n<\/tr>\n<tr>\n<th>2007<\/th>\n<th>EXPOCANNABIS (Madrid)<\/th>\n<th>MEILLEUR D\u00c9RIV\u00c9 DE CHANVRE<\/th>\n<th>Cannarelax<\/th>\n<\/tr>\n<tr>\n<th>2008<\/th>\n<th>HIGH LIFE SANFERWEED (Irun)<\/th>\n<th>2\u00e8me BIO INT\u00c9RIEUR<\/th>\n<th>Critique Bilbo<\/th>\n<\/tr>\n<tr>\n<th>2008<\/th>\n<th>EXPOCANNABIS (Madrid)<\/th>\n<th>MEILLEUR PRODUIT D&#039;ACCESSOIRES<\/th>\n<th>Ortue<\/th>\n<\/tr>\n<tr>\n<th>2009<\/th>\n<th>EXPOCANNABIS (Madrid)<\/th>\n<th>MEILLEUR PRODUIT D&#039;ACCESSOIRES<\/th>\n<th>Ortue<\/th>\n<\/tr>\n<tr>\n<th>2009<\/th>\n<th>SPANNABIS (Barcelone)<\/th>\n<th>MEILLEUR PRODUIT D&#039;ACCESSOIRES<\/th>\n<th>Ortue<\/th>\n<\/tr>\n<tr>\n<th>2011<\/th>\n<th>EXPOCANNABIS (Madrid)<\/th>\n<th>MEILLEURE BANQUE DE SEMENCES<\/th>\n<th>Genehtik<\/th>\n<\/tr>\n<tr>\n<th>2011<\/th>\n<th>CANNAMEX (M\u00e9rida)<\/th>\n<th>1er INT\u00c9RIEUR<\/th>\n<th>Txomango<\/th>\n<\/tr>\n<tr>\n<th>2012<\/th>\n<th>EXPOCANNABIS (Madrid)<\/th>\n<th>MEILLEURE BANQUE DE SEMENCES<\/th>\n<th>Genehtik<\/th>\n<\/tr>\n<tr>\n<th>2013<\/th>\n<th>EXPOCANNABIS (Madrid)<\/th>\n<th>MEILLEUR SUPPORT<\/th>\n<th>Genehtik<\/th>\n<\/tr>\n<tr>\n<th>2013<\/th>\n<th>EXPOCANNABIS (Madrid)<\/th>\n<th>MEILLEURE GRAINE<\/th>\n<th>Critique Bilbo<\/th>\n<\/tr>\n<tr>\n<th>2014<\/th>\n<th>I COUPE CANNAVAL (Tenerife)<\/th>\n<th>3\u00e8me INT\u00c9RIEUR<\/th>\n<th>Critique Bilbo<\/th>\n<\/tr>\n<tr>\n<th>2014<\/th>\n<th>COUPE AXARUIA (Malaga)<\/th>\n<th>1er BHO<\/th>\n<th>Critique Bilbo<\/th>\n<\/tr>\n<tr>\n<th>2014<\/th>\n<th>ASOC. MF CUP (Burgos)<\/th>\n<th>1er BHO<\/th>\n<th>Critique Bilbo<\/th>\n<\/tr>\n<tr>\n<th>2014<\/th>\n<th>2e \u00c9DITION. MALLORCANNABIS (Majorque)<\/th>\n<th>3\u00e8me INT\u00c9RIEUR<\/th>\n<th>Critique Bilbo<\/th>\n<\/tr>\n<tr>\n<th>2014<\/th>\n<th>2e \u00c9DITION. MALLORCANNABIS (Majorque)<\/th>\n<th>3\u00e8me BHO<\/th>\n<th>Critique Bilbo<\/th>\n<\/tr>\n<tr>\n<th>2015<\/th>\n<th>I SECRET CUP (Naples)<\/th>\n<th>1er INT\u00c9RIEUR<\/th>\n<th>Critique Bilbo<\/th>\n<\/tr>\n<tr>\n<th>2015<\/th>\n<th>COUPE DES \u00ceLES CANARIES (\u00celes Canaries)<\/th>\n<th>3\u00e8me BHO<\/th>\n<th>Critique Bilbo<\/th>\n<\/tr>\n<tr>\n<th>2015<\/th>\n<th>COUPE DES \u00ceLES CANARIES (\u00celes Canaries)<\/th>\n<th>2e INDICA POPULAIRE<\/th>\n<th>Critique Bilbo<\/th>\n<\/tr>\n<tr>\n<th>2015<\/th>\n<th>COUPE DES \u00ceLES CANARIES (\u00celes Canaries)<\/th>\n<th>PARRAINER<\/th>\n<th>Genehtik<\/th>\n<\/tr>\n<tr>\n<th>2015<\/th>\n<th>SPANNABIS (Barcelone)<\/th>\n<th>MEILLEURE BANQUE DE SEMENCES<\/th>\n<th>Genehtik<\/th>\n<\/tr>\n<tr>\n<th>2015<\/th>\n<th>SPANNABIS (Barcelone)<\/th>\n<th>MEILLEUR SUPPORT<\/th>\n<th>Genehtik<\/th>\n<\/tr>\n<tr>\n<th>2015<\/th>\n<th>ASTURCANNABIS (Asturies)<\/th>\n<th>2\u00e8me BHO<\/th>\n<th>Critique Bilbo<\/th>\n<\/tr>\n<tr>\n<th>2015<\/th>\n<th>3e \u00e9dition de la Coupe d&#039;hiver ASOC.MFCUP (Burgos)<\/th>\n<th>1\u00e8re VOITURE D&#039;INT\u00c9RIEUR POPULAIRE<\/th>\n<th>Critique Bilbo Auto<\/th>\n<\/tr>\n<tr>\n<th>2015<\/th>\n<th>BIOMENORCANNABIS (Minorque)<\/th>\n<th>3\u00e8me INT\u00c9RIEUR<\/th>\n<th>Amn\u00e9sie Bilbo<\/th>\n<\/tr>\n<tr>\n<th>2015<\/th>\n<th>ASOC. MF CUP (Burgos)<\/th>\n<th>3\u00e8me TECHNOLOGIE DE LA ROSE<\/th>\n<th>Critique Bilbo<\/th>\n<\/tr>\n<tr>\n<th>2015<\/th>\n<th>ASOC. MF CUP (Burgos)<\/th>\n<th>2\u00e8me AUTOFLORAISON<\/th>\n<th>Critique Bilbo Auto<\/th>\n<\/tr>\n<tr>\n<th>2016<\/th>\n<th>3\u00e8me MAJORROCANNABIS<\/th>\n<th>1er EXT\u00c9RIEUR<\/th>\n<th>Amn\u00e9sie Bilbo<\/th>\n<\/tr>\n<tr>\n<th>2016<\/th>\n<th>SPANNABIS (Barcelone)<\/th>\n<th>MEILLEURE BANQUE DE SEMENCES<\/th>\n<th>Genehtik<\/th>\n<\/tr>\n<tr>\n<th>2016<\/th>\n<th>2e COUPE SECR\u00c8TE (Naples)<\/th>\n<th>1\u00e8res BANQUES<\/th>\n<th>Critique Bilbo<\/th>\n<\/tr>\n<tr>\n<th>2016<\/th>\n<th>2e COUPE SECR\u00c8TE (Naples)<\/th>\n<th>1er POPULAIRE EN INT\u00c9RIEUR<\/th>\n<th>OG Lemon Bilbo<\/th>\n<\/tr>\n<tr>\n<th>2016<\/th>\n<th>2e COUPE SECR\u00c8TE (Naples)<\/th>\n<th>2\u00e8me POPULAIRE EN INT\u00c9RIEUR<\/th>\n<th>Aurores bor\u00e9ales X<\/th>\n<\/tr>\n<tr>\n<th>2016<\/th>\n<th>2e COUPE SECR\u00c8TE (Naples)<\/th>\n<th>2\u00e8me BHO<\/th>\n<th>Critique Bilbo<\/th>\n<\/tr>\n<tr>\n<th>2016<\/th>\n<th>IIIe COUPE CANNAVAL (Tenerife)<\/th>\n<th>3\u00e8me BHO<\/th>\n<th>Critique Bilbo<\/th>\n<\/tr>\n<tr>\n<th>2016<\/th>\n<th>COUPE GREENSKULL (Cantabrie)<\/th>\n<th>1er PRO EN INT\u00c9RIEUR<\/th>\n<th>Critique Bilbo<\/th>\n<\/tr>\n<tr>\n<th>2016<\/th>\n<th>COUPE GREENSKULL (Cantabrie)<\/th>\n<th>3\u00e8me BHO<\/th>\n<th>Critique Bilbo<\/th>\n<\/tr>\n<tr>\n<th>2016<\/th>\n<th>4e \u00e9dition de la Coupe d&#039;hiver ASOC.MFCUP (Burgos)<\/th>\n<th>3e TIMBRAGE \u00c0 SEC<\/th>\n<th>Critique Bilbo<\/th>\n<\/tr>\n<tr>\n<th>2017<\/th>\n<th>SPANNABIS (Barcelone)<\/th>\n<th>MEILLEURE BANQUE DE SEMENCES<\/th>\n<th>Genehtik<\/th>\n<\/tr>\n<tr>\n<th>2017<\/th>\n<th>SPANNABIS (Barcelone)<\/th>\n<th>MEILLEUR SUPPORT<\/th>\n<th>Genehtik<\/th>\n<\/tr>\n<tr>\n<th>2017<\/th>\n<th>IV HERBES DEL DIMONI (Majorque)<\/th>\n<th>MEILLEURE BANQUE DE SEMENCES<\/th>\n<th>Genehtik<\/th>\n<\/tr>\n<tr>\n<th>2017<\/th>\n<th>IV HERBES DEL DIMONI (Majorque)<\/th>\n<th>1er BHO<\/th>\n<th>Critique Bilbo<\/th>\n<\/tr>\n<tr>\n<th>2017<\/th>\n<th>3e COUPE SECR\u00c8TE (Naples)<\/th>\n<th>1er POPULAIRE EN INT\u00c9RIEUR<\/th>\n<th>Amn\u00e9sie Bilbo<\/th>\n<\/tr>\n<tr>\n<th>2017<\/th>\n<th>3e COUPE SECR\u00c8TE (Naples)<\/th>\n<th>2\u00e8me POPULAIRE EN INT\u00c9RIEUR<\/th>\n<th>Critique Bilbo<\/th>\n<\/tr>\n<tr>\n<th>2017<\/th>\n<th>3e COUPE SECR\u00c8TE (Naples)<\/th>\n<th>3\u00e8me POPULAIRE EN PLEIN AIR<\/th>\n<th>OG Lemon Bilbo<\/th>\n<\/tr>\n<tr>\n<th>2018<\/th>\n<th>Coupe d&#039;\u00c9meraude Iquique (Chili)<\/th>\n<th>3\u00e8mes extractions<\/th>\n<th>Critique Bilbo<\/th>\n<\/tr>\n<tr>\n<th>2018<\/th>\n<th>4e COUPE SECR\u00c8TE (Naples)<\/th>\n<th>1er PROFESSIONNEL<\/th>\n<th>Critique Bilbo<\/th>\n<\/tr>\n<tr>\n<th>2018<\/th>\n<th>4e COUPE SECR\u00c8TE (Naples)<\/th>\n<th>1\u00e8res EXTRACTIONS<\/th>\n<th>Critique Bilbo<\/th>\n<\/tr>\n<tr>\n<th>2018<\/th>\n<th>SPANNABIS (Barcelone)<\/th>\n<th>MEILLEURE BANQUE DE SEMENCES<\/th>\n<th>Genehtik<\/th>\n<\/tr>\n<tr>\n<th>2018<\/th>\n<th>SPANNABIS (Barcelone)<\/th>\n<th>MEILLEUR SUPPORT<\/th>\n<th>Genehtik<\/th>\n<\/tr>\n<\/tbody>\n<\/table>","protected":false},"excerpt":{"rendered":"<p>PREMIOS Premios ganados por nuestras semillas de marihuana y nuestro banco de semillas Genehtik. A\u00d1O EVENTO PREMIO CATEGORIA 2004 HIGH LIFE (Barcelona) 1\u00ba GENERAL Kritikal Bilbo 2004 HIGH LIFE (Barcelona) 1\u00ba INTERIOR BIO Kritikal Bilbo 2005 HIGH LIFE (Barcelona) 1\u00ba INTERIOR BIO Super Silver Bilbo&#8230;<\/p>","protected":false},"author":1,"featured_media":0,"parent":0,"menu_order":0,"comment_status":"closed","ping_status":"open","template":"","meta":{"bwfblock_default_font":"","footnotes":""},"class_list":["post-5028","page","type-page","status-publish","hentry"],"yoast_head":"<!-- This site is optimized with the Yoast SEO Premium plugin v23.0 (Yoast SEO v27.2) - https:\/\/yoast.com\/product\/yoast-seo-premium-wordpress\/ -->\n<title>Premios Genehtik<\/title>\n<meta name=\"description\" content=\"Premios ganados por nuestras semillas de marihuana y nuestro banco de semillas Genehtik\" \/>\n<meta name=\"robots\" content=\"index, follow, max-snippet:-1, max-image-preview:large, max-video-preview:-1\" \/>\n<link rel=\"canonical\" href=\"https:\/\/genehtik.com\/fr\/premios\/\" \/>\n<meta property=\"og:locale\" content=\"fr_FR\" \/>\n<meta property=\"og:type\" content=\"article\" \/>\n<meta property=\"og:title\" content=\"Premios\" \/>\n<meta property=\"og:description\" content=\"Premios ganados por nuestras semillas de marihuana y nuestro banco de semillas Genehtik\" \/>\n<meta property=\"og:url\" content=\"https:\/\/genehtik.com\/fr\/premios\/\" \/>\n<meta property=\"og:site_name\" content=\"Genehtik\" \/>\n<meta property=\"article:publisher\" content=\"http:\/\/www.facebook.com\/Genehtik\" \/>\n<meta property=\"article:modified_time\" content=\"2018-06-21T10:06:08+00:00\" \/>\n<meta name=\"twitter:card\" content=\"summary_large_image\" \/>\n<meta name=\"twitter:site\" content=\"@GenehtikEs\" \/>\n<meta name=\"twitter:label1\" content=\"Dur\u00e9e de lecture estim\u00e9e\" \/>\n\t<meta name=\"twitter:data1\" content=\"3 minutes\" \/>\n<script type=\"application\/ld+json\" class=\"yoast-schema-graph\">{\"@context\":\"https:\/\/schema.org\",\"@graph\":[{\"@type\":\"WebPage\",\"@id\":\"https:\/\/genehtik.com\/premios\/\",\"url\":\"https:\/\/genehtik.com\/premios\/\",\"name\":\"Premios Genehtik\",\"isPartOf\":{\"@id\":\"https:\/\/genehtik.com\/#website\"},\"datePublished\":\"2015-07-08T11:29:54+00:00\",\"dateModified\":\"2018-06-21T10:06:08+00:00\",\"description\":\"Premios ganados por nuestras semillas de marihuana y nuestro banco de semillas Genehtik\",\"breadcrumb\":{\"@id\":\"https:\/\/genehtik.com\/premios\/#breadcrumb\"},\"inLanguage\":\"fr-FR\",\"potentialAction\":[{\"@type\":\"ReadAction\",\"target\":[\"https:\/\/genehtik.com\/premios\/\"]}]},{\"@type\":\"BreadcrumbList\",\"@id\":\"https:\/\/genehtik.com\/premios\/#breadcrumb\",\"itemListElement\":[{\"@type\":\"ListItem\",\"position\":1,\"name\":\"Home\",\"item\":\"https:\/\/genehtik.com\/\"},{\"@type\":\"ListItem\",\"position\":2,\"name\":\"Premios\"}]},{\"@type\":\"WebSite\",\"@id\":\"https:\/\/genehtik.com\/#website\",\"url\":\"https:\/\/genehtik.com\/\",\"name\":\"Genehtik\",\"description\":\"Banco de semillas de cannabis feminizadas y autoflorecientes de calidad y garant\u00eda\",\"potentialAction\":[{\"@type\":\"SearchAction\",\"target\":{\"@type\":\"EntryPoint\",\"urlTemplate\":\"https:\/\/genehtik.com\/?s={search_term_string}\"},\"query-input\":{\"@type\":\"PropertyValueSpecification\",\"valueRequired\":true,\"valueName\":\"search_term_string\"}}],\"inLanguage\":\"fr-FR\"}]}<\/script>\n<!-- \/ Yoast SEO Premium plugin. -->","yoast_head_json":{"title":"Premios Genehtik","description":"Premios ganados por nuestras semillas de marihuana y nuestro banco de semillas Genehtik","robots":{"index":"index","follow":"follow","max-snippet":"max-snippet:-1","max-image-preview":"max-image-preview:large","max-video-preview":"max-video-preview:-1"},"canonical":"https:\/\/genehtik.com\/fr\/premios\/","og_locale":"fr_FR","og_type":"article","og_title":"Premios","og_description":"Premios ganados por nuestras semillas de marihuana y nuestro banco de semillas Genehtik","og_url":"https:\/\/genehtik.com\/fr\/premios\/","og_site_name":"Genehtik","article_publisher":"http:\/\/www.facebook.com\/Genehtik","article_modified_time":"2018-06-21T10:06:08+00:00","twitter_card":"summary_large_image","twitter_site":"@GenehtikEs","twitter_misc":{"Dur\u00e9e de lecture estim\u00e9e":"3 minutes"},"schema":{"@context":"https:\/\/schema.org","@graph":[{"@type":"WebPage","@id":"https:\/\/genehtik.com\/premios\/","url":"https:\/\/genehtik.com\/premios\/","name":"Premios Genehtik","isPartOf":{"@id":"https:\/\/genehtik.com\/#website"},"datePublished":"2015-07-08T11:29:54+00:00","dateModified":"2018-06-21T10:06:08+00:00","description":"Premios ganados por nuestras semillas de marihuana y nuestro banco de semillas Genehtik","breadcrumb":{"@id":"https:\/\/genehtik.com\/premios\/#breadcrumb"},"inLanguage":"fr-FR","potentialAction":[{"@type":"ReadAction","target":["https:\/\/genehtik.com\/premios\/"]}]},{"@type":"BreadcrumbList","@id":"https:\/\/genehtik.com\/premios\/#breadcrumb","itemListElement":[{"@type":"ListItem","position":1,"name":"Home","item":"https:\/\/genehtik.com\/"},{"@type":"ListItem","position":2,"name":"Premios"}]},{"@type":"WebSite","@id":"https:\/\/genehtik.com\/#website","url":"https:\/\/genehtik.com\/","name":"Genehtik","description":"Banque de graines de cannabis f\u00e9minis\u00e9es et autoflorissantes de qualit\u00e9 garantie","potentialAction":[{"@type":"SearchAction","target":{"@type":"EntryPoint","urlTemplate":"https:\/\/genehtik.com\/?s={search_term_string}"},"query-input":{"@type":"PropertyValueSpecification","valueRequired":true,"valueName":"search_term_string"}}],"inLanguage":"fr-FR"}]}},"_links":{"self":[{"href":"https:\/\/genehtik.com\/fr\/wp-json\/wp\/v2\/pages\/5028","targetHints":{"allow":["GET"]}}],"collection":[{"href":"https:\/\/genehtik.com\/fr\/wp-json\/wp\/v2\/pages"}],"about":[{"href":"https:\/\/genehtik.com\/fr\/wp-json\/wp\/v2\/types\/page"}],"author":[{"embeddable":true,"href":"https:\/\/genehtik.com\/fr\/wp-json\/wp\/v2\/users\/1"}],"replies":[{"embeddable":true,"href":"https:\/\/genehtik.com\/fr\/wp-json\/wp\/v2\/comments?post=5028"}],"version-history":[{"count":17,"href":"https:\/\/genehtik.com\/fr\/wp-json\/wp\/v2\/pages\/5028\/revisions"}],"predecessor-version":[{"id":5032,"href":"https:\/\/genehtik.com\/fr\/wp-json\/wp\/v2\/pages\/5028\/revisions\/5032"}],"wp:attachment":[{"href":"https:\/\/genehtik.com\/fr\/wp-json\/wp\/v2\/media?parent=5028"}],"curies":[{"name":"wp","href":"https:\/\/api.w.org\/{rel}","templated":true}]}}