{"id":5042995,"date":"2026-02-23T10:34:01","date_gmt":"2026-02-23T10:34:01","guid":{"rendered":"https:\/\/genehtik.com\/?page_id=5042995"},"modified":"2026-02-23T12:40:49","modified_gmt":"2026-02-23T12:40:49","slug":"%f0%9f%8e%81-sistema-de-puntos-genehtik-1-punto-1e-programa-de-recompensas","status":"publish","type":"page","link":"https:\/\/genehtik.com\/fr\/%f0%9f%8e%81-sistema-de-puntos-genehtik-1-punto-1e-programa-de-recompensas\/","title":{"rendered":"\ud83c\udf81 Syst\u00e8me de points Genehtik \u2013 1 point = 1 \u20ac | Programme de fid\u00e9lit\u00e9"},"content":{"rendered":"<div class=\"wpb-content-wrapper\"><div class=\"vc_row wpb_row vc_row-fluid edgtf-section edgtf-content-aligment-left\" style=\"\"><div class=\"clearfix edgtf-full-section-inner\"><div class=\"wpb_column vc_column_container vc_col-sm-12\"><div class=\"vc_column-inner\"><div class=\"wpb_wrapper\"><div class=\"vc_empty_space\"   style=\"height: 30px\"><span class=\"vc_empty_space_inner\"><\/span><\/div><\/div><\/div><\/div><\/div><\/div><div class=\"vc_row wpb_row vc_row-fluid edgtf-section edgtf-content-aligment-left\" style=\"\"><div class=\"clearfix edgtf-full-section-inner\"><div class=\"wpb_column vc_column_container vc_col-sm-12\"><div class=\"vc_column-inner\"><div class=\"wpb_wrapper\">\n\t<div class=\"wpb_text_column wpb_content_element\" >\n\t\t<div class=\"wpb_wrapper\">\n\t\t\t\n\t\t<\/div>\n\t<\/div>\n<\/div><\/div><\/div><\/div><\/div><div class=\"vc_row wpb_row vc_row-fluid edgtf-section lp2-hero edgtf-content-aligment-left\" style=\"\"><div class=\"clearfix edgtf-full-section-inner\"><div class=\"wpb_column vc_column_container vc_col-sm-12\"><div class=\"vc_column-inner\"><div class=\"wpb_wrapper\">\n\t<div class=\"wpb_text_column wpb_content_element\" >\n\t\t<div class=\"wpb_wrapper\">\n\t\t\t<p style=\"text-align:center;\"><span class=\"lp2-badge\">\ud83c\udf81 SYST\u00c8ME DE POINTS GENETHIK<\/span><\/p>\n<h1 style=\"text-align:center;\"><strong>Cumulez des points \u00e0 chaque achat<\/strong><\/h1>\n<h3 style=\"text-align:center;\">Et transformez-les en une v\u00e9ritable r\u00e9duction sur votre prochaine commande.<\/h3>\n<div style=\"max-width:720px;margin:14px auto 0 auto;padding:14px 16px;border-radius:14px;border:2px solid #111;background:#fff;text-align:center;\">\n<div style=\"font-size:26px;line-height:1.2;font-weight:800;\">\n    1 point = <span style=\"background:#111;color:#fff;padding:3px 10px;border-radius:10px;display:inline-block;\">1\u20ac<\/span>\n  <\/div>\n<div style=\"font-size:25px;font-weight:700;opacity:.99;margin-top:6px;\">\n  Remise directe dans votre panier\n<\/div>\n<\/div>\n<p style=\"text-align:center; font-size:18px; line-height:1.6;\">\n\u2705 <strong>Inscription = 3 points<\/strong> (<strong>3\u20ac<\/strong>)<br \/>\n\u2705 <strong>Pour chaque tranche de 3 \u20ac d\u00e9pens\u00e9s = 1 point<\/strong><\/p>\n\n\t\t<\/div>\n\t<\/div>\n<div class=\"vc_empty_space\"   style=\"height: 18px\"><span class=\"vc_empty_space_inner\"><\/span><\/div>\n\t<div class=\"wpb_text_column wpb_content_element\" >\n\t\t<div class=\"wpb_wrapper\">\n\t\t\t<p style=\"text-align:center;\"><a href=\"\/fr\/mi-cuenta\/\" target=\"_self\" style=\"font-size: 18px\" class=\"edgtf-btn edgtf-btn-large edgtf-btn-solid\"  >\n\t\t\t<span class=\"edgtf-btn-text\">\ud83d\udc49 INSCRIVEZ-VOUS ET GAGNEZ 3 \u20ac<\/span>\n\t    <\/a><\/p>\n\n\t\t<\/div>\n\t<\/div>\n<\/div><\/div><\/div><\/div><\/div><div class=\"vc_row wpb_row vc_row-fluid edgtf-section edgtf-content-aligment-left\" style=\"\"><div class=\"clearfix edgtf-full-section-inner\"><div class=\"wpb_column vc_column_container vc_col-sm-12\"><div class=\"vc_column-inner\"><div class=\"wpb_wrapper\">\n\t<div class=\"wpb_text_column wpb_content_element\" >\n\t\t<div class=\"wpb_wrapper\">\n\t\t\t\n\t\t<\/div>\n\t<\/div>\n<\/div><\/div><\/div><\/div><\/div><div class=\"vc_row wpb_row vc_row-fluid edgtf-section lp2-soft edgtf-content-aligment-left\" style=\"\"><div class=\"clearfix edgtf-full-section-inner\"><div class=\"wpb_column vc_column_container vc_col-sm-12\"><div class=\"vc_column-inner\"><div class=\"wpb_wrapper\">\n\t<div class=\"wpb_text_column wpb_content_element\" >\n\t\t<div class=\"wpb_wrapper\">\n\t\t\t<h2 style=\"text-align:center;\"><strong>Comment \u00e7a marche ?<\/strong><\/h2>\n<p style=\"text-align:center; font-size:18px; line-height:1.6;\">C&#039;est tr\u00e8s simple. Nous allons vous l&#039;expliquer en 3 \u00e9tapes.<\/p>\n\n\t\t<\/div>\n\t<\/div>\n<\/div><\/div><\/div><\/div><\/div><div class=\"vc_row wpb_row vc_row-fluid edgtf-section lp2-soft edgtf-content-aligment-left\" style=\"\"><div class=\"clearfix edgtf-full-section-inner\"><div class=\"wpb_column vc_column_container vc_col-sm-4\"><div class=\"vc_column-inner\"><div class=\"wpb_wrapper\">\n\t<div class=\"wpb_text_column wpb_content_element\" >\n\t\t<div class=\"wpb_wrapper\">\n\t\t\t<div class=\"lp2-step\">\n<div class=\"lp2-step-ico\">\ud83d\udcdd<\/div>\n<div class=\"lp2-step-title\">1) S&#039;inscrire<\/div>\n<div class=\"lp2-step-desc\">\n    Le simple fait de cr\u00e9er votre compte vous donne acc\u00e8s \u00e0 <span class=\"lp2-mono\">3 points<\/span>.<br \/>\nCela \u00e9quivaut \u00e0 <span class=\"lp2-mono\">3\u20ac<\/span> pour votre prochain achat.<\/div>\n<\/div>\n\n\t\t<\/div>\n\t<\/div>\n<\/div><\/div><\/div><div class=\"wpb_column vc_column_container vc_col-sm-4\"><div class=\"vc_column-inner\"><div class=\"wpb_wrapper\">\n\t<div class=\"wpb_text_column wpb_content_element\" >\n\t\t<div class=\"wpb_wrapper\">\n\t\t\t<div class=\"lp2-step\">\n<div class=\"lp2-step-ico\">\ud83d\uded2<\/div>\n<div class=\"lp2-step-title\">2) Achat<\/div>\n<div class=\"lp2-step-desc\">\n    Pour chaque <span class=\"lp2-mono\">3\u20ac<\/span> Vous gagnez lorsque vous achetez <span class=\"lp2-mono\">1 point<\/span>.<br \/>\nExemple: <span class=\"lp2-mono\">30\u20ac<\/span> \u2192 <span class=\"lp2-mono\">10 points<\/span>.<\/div>\n<\/div>\n\n\t\t<\/div>\n\t<\/div>\n<\/div><\/div><\/div><div class=\"wpb_column vc_column_container vc_col-sm-4\"><div class=\"vc_column-inner\"><div class=\"wpb_wrapper\">\n\t<div class=\"wpb_text_column wpb_content_element\" >\n\t\t<div class=\"wpb_wrapper\">\n\t\t\t<div class=\"lp2-step\">\n<div class=\"lp2-step-ico\">\ud83d\udcb6<\/div>\n<div class=\"lp2-step-title\">3) \u00c9changer<\/div>\n<div class=\"lp2-step-desc\">\n    Dans votre panier, vous verrez vos points disponibles et vous pourrez les utiliser.<br \/>\n<span class=\"lp2-mono\">1 point = 1 \u20ac<\/span> Remise directe.<\/div>\n<\/div>\n\n\t\t<\/div>\n\t<\/div>\n<\/div><\/div><\/div><\/div><\/div><div class=\"vc_row wpb_row vc_row-fluid edgtf-section edgtf-content-aligment-left\" style=\"\"><div class=\"clearfix edgtf-full-section-inner\"><div class=\"wpb_column vc_column_container vc_col-sm-12\"><div class=\"vc_column-inner\"><div class=\"wpb_wrapper\">\n\t<div class=\"wpb_text_column wpb_content_element\" >\n\t\t<div class=\"wpb_wrapper\">\n\t\t\t\n\t\t<\/div>\n\t<\/div>\n<\/div><\/div><\/div><\/div><\/div><div class=\"vc_row wpb_row vc_row-fluid edgtf-section edgtf-content-aligment-left\" style=\"\"><div class=\"clearfix edgtf-full-section-inner\"><div class=\"wpb_column vc_column_container vc_col-sm-12\"><div class=\"vc_column-inner\"><div class=\"wpb_wrapper\"><div class=\"vc_empty_space\"   style=\"height: 30px\"><span class=\"vc_empty_space_inner\"><\/span><\/div><\/div><\/div><\/div><\/div><\/div><div class=\"vc_row wpb_row vc_row-fluid edgtf-section edgtf-content-aligment-left\" style=\"\"><div class=\"clearfix edgtf-full-section-inner\"><div class=\"wpb_column vc_column_container vc_col-sm-12\"><div class=\"vc_column-inner\"><div class=\"wpb_wrapper\">\n\t<div class=\"wpb_text_column wpb_content_element\" >\n\t\t<div class=\"wpb_wrapper\">\n\t\t\t\n\t\t<\/div>\n\t<\/div>\n<\/div><\/div><\/div><\/div><\/div><div class=\"vc_row wpb_row vc_row-fluid edgtf-section edgtf-content-aligment-left\" style=\"\"><div class=\"clearfix edgtf-full-section-inner\"><div class=\"wpb_column vc_column_container vc_col-sm-12\"><div class=\"vc_column-inner\"><div class=\"wpb_wrapper\">\n\t<div class=\"wpb_text_column wpb_content_element\" >\n\t\t<div class=\"wpb_wrapper\">\n\t\t\t<h2 style=\"text-align:center;\"><strong>Des exemples concrets (pour que vous puissiez le voir clairement)<\/strong><\/h2>\n\n\t\t<\/div>\n\t<\/div>\n<\/div><\/div><\/div><\/div><\/div><div class=\"vc_row wpb_row vc_row-fluid edgtf-section edgtf-content-aligment-left\" style=\"\"><div class=\"clearfix edgtf-full-section-inner\"><div class=\"wpb_column vc_column_container vc_col-sm-12\"><div class=\"vc_column-inner\"><div class=\"wpb_wrapper\">\n\t<div class=\"wpb_text_column wpb_content_element\" >\n\t\t<div class=\"wpb_wrapper\">\n\t\t\t\n\t\t<\/div>\n\t<\/div>\n<\/div><\/div><\/div><\/div><\/div><div class=\"vc_row wpb_row vc_row-fluid edgtf-section edgtf-content-aligment-left\" style=\"\"><div class=\"clearfix edgtf-full-section-inner\"><div class=\"wpb_column vc_column_container vc_col-sm-4\"><div class=\"vc_column-inner\"><div class=\"wpb_wrapper\">\n\t<div class=\"wpb_text_column wpb_content_element\" >\n\t\t<div class=\"wpb_wrapper\">\n\t\t\t<div class=\"lp2-example\">\n<h3 style=\"margin:0 0 8px 0;\">Exemple 1<\/h3>\n<p style=\"margin:0; font-size:16px; line-height:1.6;\">\n    Achat de <span class=\"lp2-mono\">30\u20ac<\/span><br \/>\n\u2192 Vous voulez <span class=\"lp2-mono\">10 points<\/span><br \/>\n\u2192 Lors de votre prochain achat, vous aurez <span class=\"lp2-mono\">10\u20ac<\/span> rabais<\/p>\n<\/div>\n\n\t\t<\/div>\n\t<\/div>\n<\/div><\/div><\/div><div class=\"wpb_column vc_column_container vc_col-sm-4\"><div class=\"vc_column-inner\"><div class=\"wpb_wrapper\">\n\t<div class=\"wpb_text_column wpb_content_element\" >\n\t\t<div class=\"wpb_wrapper\">\n\t\t\t<div class=\"lp2-example\">\n<h3 style=\"margin:0 0 8px 0;\">Exemple 2<\/h3>\n<p style=\"margin:0; font-size:16px; line-height:1.6;\">\n    Vous vous inscrivez (<span class=\"lp2-mono\">+3 points<\/span>)<br \/>\nAchat de <span class=\"lp2-mono\">45\u20ac<\/span> (\u2192 <span class=\"lp2-mono\">15 points<\/span>)<br \/>\nTotal: <span class=\"lp2-mono\">18 points<\/span> = <span class=\"lp2-mono\">18\u20ac<\/span><\/p>\n<\/div>\n\n\t\t<\/div>\n\t<\/div>\n<\/div><\/div><\/div><div class=\"wpb_column vc_column_container vc_col-sm-4\"><div class=\"vc_column-inner\"><div class=\"wpb_wrapper\">\n\t<div class=\"wpb_text_column wpb_content_element\" >\n\t\t<div class=\"wpb_wrapper\">\n\t\t\t<div class=\"lp2-example\">\n<h3 style=\"margin:0 0 8px 0;\">Exemple 3<\/h3>\n<p style=\"margin:0; font-size:16px; line-height:1.6;\">\n    Si vous avez <span class=\"lp2-mono\">25 points<\/span><br \/>\n\u2192 Vous pouvez \u00e9changer <span class=\"lp2-mono\">25\u20ac<\/span> directement dans le panier.<\/p>\n<\/div>\n\n\t\t<\/div>\n\t<\/div>\n<\/div><\/div><\/div><\/div><\/div><div class=\"vc_row wpb_row vc_row-fluid edgtf-section edgtf-content-aligment-left\" style=\"\"><div class=\"clearfix edgtf-full-section-inner\"><div class=\"wpb_column vc_column_container vc_col-sm-12\"><div class=\"vc_column-inner\"><div class=\"wpb_wrapper\">\n\t<div class=\"wpb_text_column wpb_content_element\" >\n\t\t<div class=\"wpb_wrapper\">\n\t\t\t\n\t\t<\/div>\n\t<\/div>\n<\/div><\/div><\/div><\/div><\/div><div class=\"vc_row wpb_row vc_row-fluid edgtf-section edgtf-content-aligment-left\" style=\"\"><div class=\"clearfix edgtf-full-section-inner\"><div class=\"wpb_column vc_column_container vc_col-sm-12\"><div class=\"vc_column-inner\"><div class=\"wpb_wrapper\"><div class=\"vc_empty_space\"   style=\"height: 25px\"><span class=\"vc_empty_space_inner\"><\/span><\/div><\/div><\/div><\/div><\/div><\/div><div class=\"vc_row wpb_row vc_row-fluid edgtf-section edgtf-content-aligment-left\" style=\"\"><div class=\"clearfix edgtf-full-section-inner\"><div class=\"wpb_column vc_column_container vc_col-sm-12\"><div class=\"vc_column-inner\"><div class=\"wpb_wrapper\">\n\t<div class=\"wpb_text_column wpb_content_element\" >\n\t\t<div class=\"wpb_wrapper\">\n\t\t\t\n\t\t<\/div>\n\t<\/div>\n<\/div><\/div><\/div><\/div><\/div><div class=\"vc_row wpb_row vc_row-fluid edgtf-section vc_custom_777010 edgtf-content-aligment-left\" style=\"\"><div class=\"clearfix edgtf-full-section-inner\"><div class=\"wpb_column vc_column_container vc_col-sm-12\"><div class=\"vc_column-inner\"><div class=\"wpb_wrapper\">\n\t<div class=\"wpb_text_column wpb_content_element\" >\n\t\t<div class=\"wpb_wrapper\">\n\t\t\t<h2 style=\"text-align:center; color:#ffffff;\"><strong>Et si vous ne voulez pas les d\u00e9penser ?<\/strong><\/h2>\n<h3 style=\"text-align:center; color:#ffffff;\">Vous pouvez partager vos points avec qui vous voulez.<\/h3>\n<p style=\"text-align:center; color:#ffffff; font-size:18px; line-height:1.7;\">\nSi vous n&#039;allez pas les utiliser maintenant, vous pouvez <strong>cr\u00e9er un bon d&#039;achat (un code)<\/strong> avec vos points.<br \/>\nVous pouvez transmettre ce code \u00e0 quelqu&#039;un d&#039;autre afin qu&#039;il puisse <strong>\u00c9changez chez Genehtik<\/strong> Tout comme une r\u00e9duction.<\/p>\n\n\t\t<\/div>\n\t<\/div>\n<div class=\"vc_empty_space\"   style=\"height: 15px\"><span class=\"vc_empty_space_inner\"><\/span><\/div>\n\t<div class=\"wpb_text_column wpb_content_element\" >\n\t\t<div class=\"wpb_wrapper\">\n\t\t\t<p style=\"text-align:center;\"><a href=\"\/fr\/mi-cuenta\/\" target=\"_self\" style=\"font-size: 18px\" class=\"edgtf-btn edgtf-btn-large edgtf-btn-solid\"  >\n\t\t\t<span class=\"edgtf-btn-text\">\ud83d\udc49 SE CONNECTER \u00c0 MON COMPTE<\/span>\n\t    <\/a><\/p>\n\n\t\t<\/div>\n\t<\/div>\n<\/div><\/div><\/div><\/div><\/div><div class=\"vc_row wpb_row vc_row-fluid edgtf-section edgtf-content-aligment-left\" style=\"\"><div class=\"clearfix edgtf-full-section-inner\"><div class=\"wpb_column vc_column_container vc_col-sm-12\"><div class=\"vc_column-inner\"><div class=\"wpb_wrapper\">\n\t<div class=\"wpb_text_column wpb_content_element\" >\n\t\t<div class=\"wpb_wrapper\">\n\t\t\t\n\t\t<\/div>\n\t<\/div>\n<\/div><\/div><\/div><\/div><\/div><div class=\"vc_row wpb_row vc_row-fluid edgtf-section edgtf-content-aligment-left\" style=\"\"><div class=\"clearfix edgtf-full-section-inner\"><div class=\"wpb_column vc_column_container vc_col-sm-12\"><div class=\"vc_column-inner\"><div class=\"wpb_wrapper\"><div class=\"vc_empty_space\"   style=\"height: 30px\"><span class=\"vc_empty_space_inner\"><\/span><\/div><\/div><\/div><\/div><\/div><\/div><div class=\"vc_row wpb_row vc_row-fluid edgtf-section edgtf-content-aligment-left\" style=\"\"><div class=\"clearfix edgtf-full-section-inner\"><div class=\"wpb_column vc_column_container vc_col-sm-12\"><div class=\"vc_column-inner\"><div class=\"wpb_wrapper\">\n\t<div class=\"wpb_text_column wpb_content_element\" >\n\t\t<div class=\"wpb_wrapper\">\n\t\t\t\n\t\t<\/div>\n\t<\/div>\n<\/div><\/div><\/div><\/div><\/div><div class=\"vc_row wpb_row vc_row-fluid edgtf-section edgtf-content-aligment-left\" style=\"\"><div class=\"clearfix edgtf-full-section-inner\"><div class=\"wpb_column vc_column_container vc_col-sm-12\"><div class=\"vc_column-inner\"><div class=\"wpb_wrapper\">\n\t<div class=\"wpb_text_column wpb_content_element\" >\n\t\t<div class=\"wpb_wrapper\">\n\t\t\t<h2 style=\"text-align:center;\"><strong>Questions rapides<\/strong><\/h2>\n<div class=\"lp2-card\">\n<p style=\"margin:0 0 12px 0;\"><strong>Quelle est la valeur d&#039;un point ?<\/strong> \u2192 1 point = 1 \u20ac<\/p>\n<p style=\"margin:0 0 12px 0;\"><strong>Comment gagner des points ?<\/strong> \u2192 3 points \u00e0 l&#039;inscription + 1 point pour chaque tranche de 3 \u20ac d\u00e9pens\u00e9s.<\/p>\n<p style=\"margin:0 0 12px 0;\"><strong>Comment les utiliser ?<\/strong> \u2192 Dans votre panier, vous appliquez vos points comme une r\u00e9duction.<\/p>\n<p style=\"margin:0;\"><strong>Puis-je les partager ?<\/strong> \u2192 Oui, en cr\u00e9ant un bonus\/code depuis votre compte.<\/p>\n<\/div>\n\n\t\t<\/div>\n\t<\/div>\n<\/div><\/div><\/div><\/div><\/div><div class=\"vc_row wpb_row vc_row-fluid edgtf-section edgtf-content-aligment-left\" style=\"\"><div class=\"clearfix edgtf-full-section-inner\"><div class=\"wpb_column vc_column_container vc_col-sm-12\"><div class=\"vc_column-inner\"><div class=\"wpb_wrapper\">\n\t<div class=\"wpb_text_column wpb_content_element\" >\n\t\t<div class=\"wpb_wrapper\">\n\t\t\t\n\t\t<\/div>\n\t<\/div>\n<\/div><\/div><\/div><\/div><\/div><div class=\"vc_row wpb_row vc_row-fluid edgtf-section edgtf-content-aligment-left\" style=\"\"><div class=\"clearfix edgtf-full-section-inner\"><div class=\"wpb_column vc_column_container vc_col-sm-12\"><div class=\"vc_column-inner\"><div class=\"wpb_wrapper\"><div class=\"vc_empty_space\"   style=\"height: 30px\"><span class=\"vc_empty_space_inner\"><\/span><\/div><\/div><\/div><\/div><\/div><\/div><div class=\"vc_row wpb_row vc_row-fluid edgtf-section edgtf-content-aligment-left\" style=\"\"><div class=\"clearfix edgtf-full-section-inner\"><div class=\"wpb_column vc_column_container vc_col-sm-12\"><div class=\"vc_column-inner\"><div class=\"wpb_wrapper\">\n\t<div class=\"wpb_text_column wpb_content_element\" >\n\t\t<div class=\"wpb_wrapper\">\n\t\t\t\n\t\t<\/div>\n\t<\/div>\n<\/div><\/div><\/div><\/div><\/div><div class=\"vc_row wpb_row vc_row-fluid edgtf-section edgtf-content-aligment-left\" style=\"\"><div class=\"clearfix edgtf-full-section-inner\"><div class=\"wpb_column vc_column_container vc_col-sm-12\"><div class=\"vc_column-inner\"><div class=\"wpb_wrapper\">\n\t<div class=\"wpb_text_column wpb_content_element\" >\n\t\t<div class=\"wpb_wrapper\">\n\t\t\t<div class=\"lp2-sticky-cta\">\n  <a href=\"\/fr\/mi-cuenta\/\">\ud83d\udc49 INSCRIVEZ-VOUS ET GAGNEZ 3 \u20ac<\/a><\/div>\n\n\t\t<\/div>\n\t<\/div>\n<\/div><\/div><\/div><\/div><\/div>\n<\/div>","protected":false},"excerpt":{"rendered":"&#x1f381; SISTEMA DE PUNTOS GENEHTIK Gana puntos con cada compra Y convi\u00e9rtelos en descuento real en tu pr\u00f3ximo pedido. 1 punto = 1\u20ac Descuento directo en tu carrito &#x2705; Registrarte = 3 puntos (3\u20ac) &#x2705; Por cada 3\u20ac de compra = 1 punto &#x1f449; REGISTRARME...","protected":false},"author":1,"featured_media":0,"parent":0,"menu_order":0,"comment_status":"closed","ping_status":"closed","template":"","meta":{"bwfblock_default_font":"","footnotes":""},"class_list":["post-5042995","page","type-page","status-publish","hentry"],"yoast_head":"<!-- This site is optimized with the Yoast SEO Premium plugin v23.0 (Yoast SEO v27.2) - https:\/\/yoast.com\/product\/yoast-seo-premium-wordpress\/ -->\n<title>&#x1f381; Sistema de Puntos Genehtik \u2013 1 Punto = 1\u20ac | Programa de Recompensas - Genehtik<\/title>\n<meta name=\"robots\" content=\"index, follow, max-snippet:-1, max-image-preview:large, max-video-preview:-1\" \/>\n<link rel=\"canonical\" href=\"https:\/\/genehtik.com\/fr\/\ud83c\udf81-sistema-de-puntos-genehtik-1-punto-1e-programa-de-recompensas\/\" \/>\n<meta property=\"og:locale\" content=\"fr_FR\" \/>\n<meta property=\"og:type\" content=\"article\" \/>\n<meta property=\"og:title\" content=\"&#x1f381; Sistema de Puntos Genehtik \u2013 1 Punto = 1\u20ac | Programa de Recompensas\" \/>\n<meta property=\"og:url\" content=\"https:\/\/genehtik.com\/fr\/\ud83c\udf81-sistema-de-puntos-genehtik-1-punto-1e-programa-de-recompensas\/\" \/>\n<meta property=\"og:site_name\" content=\"Genehtik\" \/>\n<meta property=\"article:publisher\" content=\"http:\/\/www.facebook.com\/Genehtik\" \/>\n<meta property=\"article:modified_time\" content=\"2026-02-23T12:40:49+00:00\" \/>\n<meta name=\"twitter:card\" content=\"summary_large_image\" \/>\n<meta name=\"twitter:site\" content=\"@GenehtikEs\" \/>\n<meta name=\"twitter:label1\" content=\"Dur\u00e9e de lecture estim\u00e9e\" \/>\n\t<meta name=\"twitter:data1\" content=\"2 minutes\" \/>\n<script type=\"application\/ld+json\" class=\"yoast-schema-graph\">{\"@context\":\"https:\/\/schema.org\",\"@graph\":[{\"@type\":\"WebPage\",\"@id\":\"https:\/\/genehtik.com\/%f0%9f%8e%81-sistema-de-puntos-genehtik-1-punto-1e-programa-de-recompensas\/\",\"url\":\"https:\/\/genehtik.com\/%f0%9f%8e%81-sistema-de-puntos-genehtik-1-punto-1e-programa-de-recompensas\/\",\"name\":\"&#x1f381; Sistema de Puntos Genehtik \u2013 1 Punto = 1\u20ac | Programa de Recompensas - Genehtik\",\"isPartOf\":{\"@id\":\"https:\/\/genehtik.com\/#website\"},\"datePublished\":\"2026-02-23T10:34:01+00:00\",\"dateModified\":\"2026-02-23T12:40:49+00:00\",\"breadcrumb\":{\"@id\":\"https:\/\/genehtik.com\/%f0%9f%8e%81-sistema-de-puntos-genehtik-1-punto-1e-programa-de-recompensas\/#breadcrumb\"},\"inLanguage\":\"fr-FR\",\"potentialAction\":[{\"@type\":\"ReadAction\",\"target\":[\"https:\/\/genehtik.com\/%f0%9f%8e%81-sistema-de-puntos-genehtik-1-punto-1e-programa-de-recompensas\/\"]}]},{\"@type\":\"BreadcrumbList\",\"@id\":\"https:\/\/genehtik.com\/%f0%9f%8e%81-sistema-de-puntos-genehtik-1-punto-1e-programa-de-recompensas\/#breadcrumb\",\"itemListElement\":[{\"@type\":\"ListItem\",\"position\":1,\"name\":\"Home\",\"item\":\"https:\/\/genehtik.com\/\"},{\"@type\":\"ListItem\",\"position\":2,\"name\":\"&#x1f381; Sistema de Puntos Genehtik \u2013 1 Punto = 1\u20ac | Programa de Recompensas\"}]},{\"@type\":\"WebSite\",\"@id\":\"https:\/\/genehtik.com\/#website\",\"url\":\"https:\/\/genehtik.com\/\",\"name\":\"Genehtik\",\"description\":\"Banco de semillas de cannabis feminizadas y autoflorecientes de calidad y garant\u00eda\",\"potentialAction\":[{\"@type\":\"SearchAction\",\"target\":{\"@type\":\"EntryPoint\",\"urlTemplate\":\"https:\/\/genehtik.com\/?s={search_term_string}\"},\"query-input\":{\"@type\":\"PropertyValueSpecification\",\"valueRequired\":true,\"valueName\":\"search_term_string\"}}],\"inLanguage\":\"fr-FR\"}]}<\/script>\n<!-- \/ Yoast SEO Premium plugin. -->","yoast_head_json":{"title":"&#x1f381; Sistema de Puntos Genehtik \u2013 1 Punto = 1\u20ac | Programa de Recompensas - Genehtik","robots":{"index":"index","follow":"follow","max-snippet":"max-snippet:-1","max-image-preview":"max-image-preview:large","max-video-preview":"max-video-preview:-1"},"canonical":"https:\/\/genehtik.com\/fr\/\ud83c\udf81-sistema-de-puntos-genehtik-1-punto-1e-programa-de-recompensas\/","og_locale":"fr_FR","og_type":"article","og_title":"&#x1f381; Sistema de Puntos Genehtik \u2013 1 Punto = 1\u20ac | Programa de Recompensas","og_url":"https:\/\/genehtik.com\/fr\/\ud83c\udf81-sistema-de-puntos-genehtik-1-punto-1e-programa-de-recompensas\/","og_site_name":"Genehtik","article_publisher":"http:\/\/www.facebook.com\/Genehtik","article_modified_time":"2026-02-23T12:40:49+00:00","twitter_card":"summary_large_image","twitter_site":"@GenehtikEs","twitter_misc":{"Dur\u00e9e de lecture estim\u00e9e":"2 minutes"},"schema":{"@context":"https:\/\/schema.org","@graph":[{"@type":"WebPage","@id":"https:\/\/genehtik.com\/%f0%9f%8e%81-sistema-de-puntos-genehtik-1-punto-1e-programa-de-recompensas\/","url":"https:\/\/genehtik.com\/%f0%9f%8e%81-sistema-de-puntos-genehtik-1-punto-1e-programa-de-recompensas\/","name":"&#x1f381; Sistema de Puntos Genehtik \u2013 1 Punto = 1\u20ac | Programa de Recompensas - Genehtik","isPartOf":{"@id":"https:\/\/genehtik.com\/#website"},"datePublished":"2026-02-23T10:34:01+00:00","dateModified":"2026-02-23T12:40:49+00:00","breadcrumb":{"@id":"https:\/\/genehtik.com\/%f0%9f%8e%81-sistema-de-puntos-genehtik-1-punto-1e-programa-de-recompensas\/#breadcrumb"},"inLanguage":"fr-FR","potentialAction":[{"@type":"ReadAction","target":["https:\/\/genehtik.com\/%f0%9f%8e%81-sistema-de-puntos-genehtik-1-punto-1e-programa-de-recompensas\/"]}]},{"@type":"BreadcrumbList","@id":"https:\/\/genehtik.com\/%f0%9f%8e%81-sistema-de-puntos-genehtik-1-punto-1e-programa-de-recompensas\/#breadcrumb","itemListElement":[{"@type":"ListItem","position":1,"name":"Home","item":"https:\/\/genehtik.com\/"},{"@type":"ListItem","position":2,"name":"&#x1f381; Sistema de Puntos Genehtik \u2013 1 Punto = 1\u20ac | Programa de Recompensas"}]},{"@type":"WebSite","@id":"https:\/\/genehtik.com\/#website","url":"https:\/\/genehtik.com\/","name":"Genehtik","description":"Banque de graines de cannabis f\u00e9minis\u00e9es et autoflorissantes de qualit\u00e9 garantie","potentialAction":[{"@type":"SearchAction","target":{"@type":"EntryPoint","urlTemplate":"https:\/\/genehtik.com\/?s={search_term_string}"},"query-input":{"@type":"PropertyValueSpecification","valueRequired":true,"valueName":"search_term_string"}}],"inLanguage":"fr-FR"}]}},"_links":{"self":[{"href":"https:\/\/genehtik.com\/fr\/wp-json\/wp\/v2\/pages\/5042995","targetHints":{"allow":["GET"]}}],"collection":[{"href":"https:\/\/genehtik.com\/fr\/wp-json\/wp\/v2\/pages"}],"about":[{"href":"https:\/\/genehtik.com\/fr\/wp-json\/wp\/v2\/types\/page"}],"author":[{"embeddable":true,"href":"https:\/\/genehtik.com\/fr\/wp-json\/wp\/v2\/users\/1"}],"replies":[{"embeddable":true,"href":"https:\/\/genehtik.com\/fr\/wp-json\/wp\/v2\/comments?post=5042995"}],"version-history":[{"count":14,"href":"https:\/\/genehtik.com\/fr\/wp-json\/wp\/v2\/pages\/5042995\/revisions"}],"predecessor-version":[{"id":5042997,"href":"https:\/\/genehtik.com\/fr\/wp-json\/wp\/v2\/pages\/5042995\/revisions\/5042997"}],"wp:attachment":[{"href":"https:\/\/genehtik.com\/fr\/wp-json\/wp\/v2\/media?parent=5042995"}],"curies":[{"name":"wp","href":"https:\/\/api.w.org\/{rel}","templated":true}]}}