{"id":5050,"date":"2015-07-09T09:37:38","date_gmt":"2015-07-09T09:37:38","guid":{"rendered":"https:\/\/clon.genehtik.com\/mas-informacion-sobre-las-cookies\/"},"modified":"2015-07-09T09:56:40","modified_gmt":"2015-07-09T09:56:40","slug":"mas-informacion-sobre-las-cookies","status":"publish","type":"page","link":"https:\/\/genehtik.com\/fr\/mas-informacion-sobre-las-cookies\/","title":{"rendered":"Plus d&#039;informations sur les cookies"},"content":{"rendered":"<h2>Qu&#039;est-ce qu&#039;un cookie ?<\/h2>\n<p>\n\tUN <em>cookie<\/em> Il s&#039;agit d&#039;un fichier texte <b>inoffensif<\/b> qui est stock\u00e9 dans votre navigateur lorsque vous visitez presque n&#039;importe quel site web. L&#039;utilit\u00e9 de <em>cookie<\/em> Cela signifie que le site web devrait pouvoir se souvenir de votre visite lorsque vous reviendrez consulter cette page. Bien que beaucoup de gens l&#039;ignorent, <em>cookies<\/em> Ils sont utilis\u00e9s depuis 20 ans, depuis l&#039;apparition des premiers navigateurs pour le World Wide Web.\n<\/p>\n<h2>Qu&#039;est-ce qui n&#039;est PAS un cookie ?<\/h2>\n<p>\n\tCe n&#039;est ni un virus, ni un cheval de Troie, ni un ver, ni un spam, ni un logiciel espion, et cela n&#039;ouvre pas de fen\u00eatres pop-up.\n<\/p>\n<h2>Quelles informations contient un <em>cookie<\/em>?<\/h2>\n<p>\n\tLe <em>cookies<\/em> Ils ne conservent g\u00e9n\u00e9ralement pas d&#039;informations sensibles vous concernant, telles que vos coordonn\u00e9es bancaires ou de carte de cr\u00e9dit, vos photos, votre carte d&#039;identit\u00e9 ou d&#039;autres informations personnelles. Les donn\u00e9es qu&#039;ils stockent sont de nature technique, comme vos pr\u00e9f\u00e9rences personnelles, la personnalisation du contenu, etc.\n<\/p>\n<p>\n\tLe serveur web ne vous associe pas \u00e0 une personne, mais \u00e0 votre navigateur. En effet, si vous utilisez habituellement Internet Explorer et que vous essayez ensuite d&#039;acc\u00e9der au m\u00eame site web avec Firefox ou Chrome, vous constaterez que le site ne vous reconna\u00eet pas comme la m\u00eame personne, car il associe en r\u00e9alit\u00e9 le navigateur, et non l&#039;individu.\n<\/p>\n<h2>Quel genre de <em>cookies<\/em> Existent-ils ?<\/h2>\n<ul>\n<li><em>Cookies<\/em> Techniques : Ce sont les plus \u00e9l\u00e9mentaires et elles permettent, entre autres, de savoir si un humain ou une application automatis\u00e9e navigue sur le site, si un utilisateur anonyme et un utilisateur enregistr\u00e9 naviguent, t\u00e2ches essentielles au fonctionnement de tout site web dynamique.<\/li>\n<li><em>Cookies<\/em> Analyse : Ils collectent des informations sur le type de navigation que vous effectuez, les sections que vous utilisez le plus, les produits consult\u00e9s, l&#039;heure de la journ\u00e9e d&#039;utilisation, la langue, etc.<\/li>\n<li><em>Cookies<\/em> Publicit\u00e9 : Ils affichent des publicit\u00e9s en fonction de votre navigation, de votre pays d&#039;origine, de votre langue, etc.<\/li>\n<\/ul>\n<h2>Quels sont les <em>cookies<\/em> Les n\u00f4tres et celles de tiers ?<\/h2>\n<p>\n\tLe <em>propres cookies<\/em> Ce sont celles g\u00e9n\u00e9r\u00e9es par la page que vous visitez et les <em>tiers<\/em> Ces donn\u00e9es sont g\u00e9n\u00e9r\u00e9es par des services ou fournisseurs externes tels que Facebook, Twitter, Google, etc.\n<\/p>\n<h2>Que se passe-t-il si je d\u00e9sactive le <em>cookies<\/em>?<\/h2>\n<p>\n\tPour vous aider \u00e0 comprendre l&#039;impact potentiel de leur d\u00e9sactivation <em>cookies<\/em> Voici quelques exemples\u00a0:<\/p>\n<ul>\n<li>Vous ne pourrez pas partager le contenu de ce site web sur Facebook, Twitter ou tout autre r\u00e9seau social.<\/li>\n<li>Le site web ne pourra pas adapter le contenu \u00e0 vos pr\u00e9f\u00e9rences personnelles, comme c&#039;est g\u00e9n\u00e9ralement le cas dans les boutiques en ligne.<\/li>\n<li>Vous ne pourrez pas acc\u00e9der \u00e0 l&#039;espace personnel de ce site web, tel que <em>Mon compte<\/em>, soit <em>Mon profil<\/em> o <em>Mes commandes<\/em>.<\/li>\n<li>Boutiques en ligne\u00a0: Vous ne pourrez pas effectuer d\u2019achats en ligne\u00a0; vous devrez effectuer vos achats par t\u00e9l\u00e9phone ou en vous rendant en magasin, s\u2019il y en a un.<\/li>\n<li>Il ne sera pas possible de personnaliser vos pr\u00e9f\u00e9rences g\u00e9ographiques telles que le fuseau horaire, la devise ou la langue.<\/li>\n<li>Le site web ne pourra pas effectuer d&#039;analyses web sur les visiteurs et le trafic, ce qui rendra difficile sa comp\u00e9titivit\u00e9.<\/li>\n<li>Vous ne pourrez ni \u00e9crire sur le blog, ni t\u00e9l\u00e9charger de photos, ni publier de commentaires, ni \u00e9valuer ou commenter le contenu. Le site web ne pourra pas non plus d\u00e9terminer si vous \u00eates un humain ou une application automatis\u00e9e. <em>courrier ind\u00e9sirable<\/em>.<\/li>\n<li>La publicit\u00e9 cibl\u00e9e ne sera pas autoris\u00e9e, ce qui r\u00e9duira les revenus publicitaires du site web.<\/li>\n<li>Tous les r\u00e9seaux sociaux utilisent <em>cookies<\/em>, Si vous les d\u00e9sactivez, vous ne pourrez utiliser aucun r\u00e9seau social.<\/li>\n<\/ul>\n<h2>Le <em>cookies<\/em>?<\/h2>\n<p>\n\tOui. Non seulement supprimer, mais aussi bloquer, soit de mani\u00e8re g\u00e9n\u00e9rale, soit sp\u00e9cifiquement pour un domaine particulier.\n<\/p>\n<p>\n\tPour \u00e9liminer le <em>cookies<\/em> Pour supprimer les cookies d&#039;un site web, vous devez vous rendre dans les param\u00e8tres de votre navigateur, o\u00f9 vous trouverez ceux associ\u00e9s au domaine en question et proc\u00e9derez \u00e0 leur suppression.\n<\/p>\n<h2 id=\"navegadores\">Configuration <em>cookies<\/em> pour les navigateurs les plus populaires<\/h2>\n<p>\n\tNous expliquons ci-dessous comment acc\u00e9der \u00e0 un <em>cookie<\/em> d\u00e9termin\u00e9 par le navigateur <b>Chrome<\/b>. Remarque : Ces \u00e9tapes peuvent varier en fonction de la version de votre navigateur.<\/p>\n<ol>\n<li>Acc\u00e9dez aux Param\u00e8tres ou aux Pr\u00e9f\u00e9rences via le menu Fichier ou en cliquant sur l&#039;ic\u00f4ne de personnalisation qui appara\u00eet en haut \u00e0 droite.<\/li>\n<li>Vous verrez diff\u00e9rentes sections, cliquez sur l&#039;option <em>Afficher les options avanc\u00e9es<\/em>.<\/li>\n<li>Allez \u00e0 <em>Confidentialit\u00e9<\/em>, <em>Param\u00e8tres de contenu<\/em>.<\/li>\n<li>S\u00e9lectionner <em>Tous les <em>cookies<\/em> et donn\u00e9es du site<\/em>.<\/li>\n<li>Une liste appara\u00eetra avec tous les <em>cookies<\/em> class\u00e9s par domaine. Pour vous faciliter la recherche, <em>cookies<\/em> Pour un domaine sp\u00e9cifique, saisissez l&#039;adresse partiellement ou compl\u00e8tement dans le champ. <em>Cookies de recherche<\/em>.<\/li>\n<li>Apr\u00e8s application de ce filtre, une ou plusieurs lignes appara\u00eetront \u00e0 l&#039;\u00e9cran avec le <em>cookies<\/em> depuis le site web demand\u00e9. Il vous suffit maintenant de le s\u00e9lectionner et d&#039;appuyer sur <em>X<\/em> pour proc\u00e9der \u00e0 son retrait.<\/li>\n<\/ol>\n<p>\n\tPour acc\u00e9der aux param\u00e8tres de <em>cookies<\/em> du navigateur <b>Internet Explorer<\/b> Suivez ces \u00e9tapes (elles peuvent varier selon la version de votre navigateur)\u00a0:<\/p>\n<ol>\n<li>Allez \u00e0 <em>Outils<\/em>, <em>Options Internet<\/em><\/li>\n<li>Cliquez sur <em>Confidentialit\u00e9<\/em>.<\/li>\n<li>D\u00e9placez le curseur pour ajuster le niveau de confidentialit\u00e9 souhait\u00e9.<\/li>\n<\/ol>\n<p>\n\tPour acc\u00e9der aux param\u00e8tres de <em>cookies<\/em> du navigateur <b>Firefox<\/b> Suivez ces \u00e9tapes (elles peuvent varier selon la version de votre navigateur)\u00a0:<\/p>\n<ol>\n<li>Allez \u00e0 <em>Options<\/em> o <em>Pr\u00e9f\u00e9rences<\/em> selon votre syst\u00e8me d&#039;exploitation.<\/li>\n<li>Cliquez sur <em>Confidentialit\u00e9<\/em>.<\/li>\n<li>Dans <em>Enregistrer<\/em> choisir <em>Utiliser un param\u00e8tre personnalis\u00e9 pour l&#039;historique<\/em>.<\/li>\n<li>Vous verrez maintenant l&#039;option <em>Accepter les cookies<\/em>, Vous pouvez l&#039;activer ou le d\u00e9sactiver selon vos pr\u00e9f\u00e9rences.<\/li>\n<\/ol>\n<p>\n\tPour acc\u00e9der aux param\u00e8tres de <em>cookies<\/em> du navigateur <b>Safari pour OSX<\/b> Suivez ces \u00e9tapes (elles peuvent varier selon la version de votre navigateur)\u00a0:<\/p>\n<ol>\n<li>Allez \u00e0 <em>Pr\u00e9f\u00e9rences<\/em>, alors <em>Confidentialit\u00e9<\/em>.<\/li>\n<li>Vous verrez ici l&#039;option <em>Bloquer les cookies<\/em> afin que vous puissiez ajuster le type de verrouillage que vous souhaitez effectuer.<\/li>\n<\/ol>\n<p>\n\tPour acc\u00e9der aux param\u00e8tres de <em>cookies<\/em> du navigateur <b>Safari pour iOS<\/b> Suivez ces \u00e9tapes (elles peuvent varier selon la version de votre navigateur)\u00a0:<\/p>\n<ol>\n<li>Allez \u00e0 <em>Param\u00e8tres<\/em>, alors <em>Safari<\/em>.<\/li>\n<li>Allez \u00e0 <em>Confidentialit\u00e9 et s\u00e9curit\u00e9<\/em>, Vous verrez l&#039;option <em>Bloquer les cookies<\/em> afin que vous puissiez ajuster le type de verrouillage que vous souhaitez effectuer.<\/li>\n<\/ol>\n<p>\n\tPour acc\u00e9der aux param\u00e8tres de <em>cookies<\/em> du navigateur pour appareils <b>Andro\u00efde<\/b> Suivez ces \u00e9tapes (elles peuvent varier selon la version de votre navigateur)\u00a0:<\/p>\n<ol>\n<li>Ouvrez le navigateur et appuyez sur la touche <em>Menu<\/em>, alors <em>Param\u00e8tres<\/em>.<\/li>\n<li>Allez \u00e0 <em>S\u00e9curit\u00e9 et confidentialit\u00e9<\/em>, Vous verrez l&#039;option <em>Accepter les cookies<\/em> pour activer ou d\u00e9sactiver la case \u00e0 cocher.<\/li>\n<\/ol>\n<p>\n\tPour acc\u00e9der aux param\u00e8tres de <em>cookies<\/em> du navigateur pour appareils <b>Windows Phone<\/b> Suivez ces \u00e9tapes (elles peuvent varier selon la version de votre navigateur)\u00a0:<\/p>\n<ol>\n<li>Ouvrir <em>Internet Explorer<\/em>, alors <em>Plus loin<\/em>, alors <em>Configuration<\/em><\/li>\n<li>Vous pouvez maintenant activer ou d\u00e9sactiver la case \u00e0 cocher. <em>Autoriser les cookies<\/em>.<\/li>\n<\/ol>","protected":false},"excerpt":{"rendered":"<p>\u00bfQu\u00e9 es una cookie? Una cookie es un fichero de texto inofensivo que se almacena en su navegador cuando visita casi cualquier p\u00e1gina web. La utilidad de la cookie es que la web sea capaz de recordar su visita cuando vuelva a navegar por esa&#8230;<\/p>","protected":false},"author":1,"featured_media":0,"parent":0,"menu_order":0,"comment_status":"closed","ping_status":"closed","template":"","meta":{"bwfblock_default_font":"","footnotes":""},"class_list":["post-5050","page","type-page","status-publish","hentry"],"yoast_head":"<!-- This site is optimized with the Yoast SEO Premium plugin v23.0 (Yoast SEO v27.2) - https:\/\/yoast.com\/product\/yoast-seo-premium-wordpress\/ -->\n<title>M\u00e1s informaci\u00f3n sobre las cookies - Genehtik<\/title>\n<meta name=\"description\" content=\"\u00bfQu\u00e9 es una cookie? Una cookie es un fichero de texto inofensivo que se almacena en su navegador cuando visita casi cualquier p\u00e1gina web. La utilidad de\" \/>\n<meta name=\"robots\" content=\"index, follow, max-snippet:-1, max-image-preview:large, max-video-preview:-1\" \/>\n<link rel=\"canonical\" href=\"https:\/\/genehtik.com\/fr\/mas-informacion-sobre-las-cookies\/\" \/>\n<meta property=\"og:locale\" content=\"fr_FR\" \/>\n<meta property=\"og:type\" content=\"article\" \/>\n<meta property=\"og:title\" content=\"M\u00e1s informaci\u00f3n sobre las cookies\" \/>\n<meta property=\"og:description\" content=\"\u00bfQu\u00e9 es una cookie? Una cookie es un fichero de texto inofensivo que se almacena en su navegador cuando visita casi cualquier p\u00e1gina web. La utilidad de\" \/>\n<meta property=\"og:url\" content=\"https:\/\/genehtik.com\/fr\/mas-informacion-sobre-las-cookies\/\" \/>\n<meta property=\"og:site_name\" content=\"Genehtik\" \/>\n<meta property=\"article:publisher\" content=\"http:\/\/www.facebook.com\/Genehtik\" \/>\n<meta property=\"article:modified_time\" content=\"2015-07-09T09:56:40+00:00\" \/>\n<meta name=\"twitter:card\" content=\"summary_large_image\" \/>\n<meta name=\"twitter:site\" content=\"@GenehtikEs\" \/>\n<meta name=\"twitter:label1\" content=\"Dur\u00e9e de lecture estim\u00e9e\" \/>\n\t<meta name=\"twitter:data1\" content=\"5 minutes\" \/>\n<script type=\"application\/ld+json\" class=\"yoast-schema-graph\">{\"@context\":\"https:\/\/schema.org\",\"@graph\":[{\"@type\":\"WebPage\",\"@id\":\"https:\/\/genehtik.com\/mas-informacion-sobre-las-cookies\/\",\"url\":\"https:\/\/genehtik.com\/mas-informacion-sobre-las-cookies\/\",\"name\":\"M\u00e1s informaci\u00f3n sobre las cookies - Genehtik\",\"isPartOf\":{\"@id\":\"https:\/\/genehtik.com\/#website\"},\"datePublished\":\"2015-07-09T09:37:38+00:00\",\"dateModified\":\"2015-07-09T09:56:40+00:00\",\"description\":\"\u00bfQu\u00e9 es una cookie? Una cookie es un fichero de texto inofensivo que se almacena en su navegador cuando visita casi cualquier p\u00e1gina web. La utilidad de\",\"breadcrumb\":{\"@id\":\"https:\/\/genehtik.com\/mas-informacion-sobre-las-cookies\/#breadcrumb\"},\"inLanguage\":\"fr-FR\",\"potentialAction\":[{\"@type\":\"ReadAction\",\"target\":[\"https:\/\/genehtik.com\/mas-informacion-sobre-las-cookies\/\"]}]},{\"@type\":\"BreadcrumbList\",\"@id\":\"https:\/\/genehtik.com\/mas-informacion-sobre-las-cookies\/#breadcrumb\",\"itemListElement\":[{\"@type\":\"ListItem\",\"position\":1,\"name\":\"Home\",\"item\":\"https:\/\/genehtik.com\/\"},{\"@type\":\"ListItem\",\"position\":2,\"name\":\"M\u00e1s informaci\u00f3n sobre las cookies\"}]},{\"@type\":\"WebSite\",\"@id\":\"https:\/\/genehtik.com\/#website\",\"url\":\"https:\/\/genehtik.com\/\",\"name\":\"Genehtik\",\"description\":\"Banco de semillas de cannabis feminizadas y autoflorecientes de calidad y garant\u00eda\",\"potentialAction\":[{\"@type\":\"SearchAction\",\"target\":{\"@type\":\"EntryPoint\",\"urlTemplate\":\"https:\/\/genehtik.com\/?s={search_term_string}\"},\"query-input\":{\"@type\":\"PropertyValueSpecification\",\"valueRequired\":true,\"valueName\":\"search_term_string\"}}],\"inLanguage\":\"fr-FR\"}]}<\/script>\n<!-- \/ Yoast SEO Premium plugin. -->","yoast_head_json":{"title":"M\u00e1s informaci\u00f3n sobre las cookies - Genehtik","description":"\u00bfQu\u00e9 es una cookie? Una cookie es un fichero de texto inofensivo que se almacena en su navegador cuando visita casi cualquier p\u00e1gina web. La utilidad de","robots":{"index":"index","follow":"follow","max-snippet":"max-snippet:-1","max-image-preview":"max-image-preview:large","max-video-preview":"max-video-preview:-1"},"canonical":"https:\/\/genehtik.com\/fr\/mas-informacion-sobre-las-cookies\/","og_locale":"fr_FR","og_type":"article","og_title":"M\u00e1s informaci\u00f3n sobre las cookies","og_description":"\u00bfQu\u00e9 es una cookie? Una cookie es un fichero de texto inofensivo que se almacena en su navegador cuando visita casi cualquier p\u00e1gina web. La utilidad de","og_url":"https:\/\/genehtik.com\/fr\/mas-informacion-sobre-las-cookies\/","og_site_name":"Genehtik","article_publisher":"http:\/\/www.facebook.com\/Genehtik","article_modified_time":"2015-07-09T09:56:40+00:00","twitter_card":"summary_large_image","twitter_site":"@GenehtikEs","twitter_misc":{"Dur\u00e9e de lecture estim\u00e9e":"5 minutes"},"schema":{"@context":"https:\/\/schema.org","@graph":[{"@type":"WebPage","@id":"https:\/\/genehtik.com\/mas-informacion-sobre-las-cookies\/","url":"https:\/\/genehtik.com\/mas-informacion-sobre-las-cookies\/","name":"M\u00e1s informaci\u00f3n sobre las cookies - Genehtik","isPartOf":{"@id":"https:\/\/genehtik.com\/#website"},"datePublished":"2015-07-09T09:37:38+00:00","dateModified":"2015-07-09T09:56:40+00:00","description":"\u00bfQu\u00e9 es una cookie? Una cookie es un fichero de texto inofensivo que se almacena en su navegador cuando visita casi cualquier p\u00e1gina web. La utilidad de","breadcrumb":{"@id":"https:\/\/genehtik.com\/mas-informacion-sobre-las-cookies\/#breadcrumb"},"inLanguage":"fr-FR","potentialAction":[{"@type":"ReadAction","target":["https:\/\/genehtik.com\/mas-informacion-sobre-las-cookies\/"]}]},{"@type":"BreadcrumbList","@id":"https:\/\/genehtik.com\/mas-informacion-sobre-las-cookies\/#breadcrumb","itemListElement":[{"@type":"ListItem","position":1,"name":"Home","item":"https:\/\/genehtik.com\/"},{"@type":"ListItem","position":2,"name":"M\u00e1s informaci\u00f3n sobre las cookies"}]},{"@type":"WebSite","@id":"https:\/\/genehtik.com\/#website","url":"https:\/\/genehtik.com\/","name":"Genehtik","description":"Banque de graines de cannabis f\u00e9minis\u00e9es et autoflorissantes de qualit\u00e9 garantie","potentialAction":[{"@type":"SearchAction","target":{"@type":"EntryPoint","urlTemplate":"https:\/\/genehtik.com\/?s={search_term_string}"},"query-input":{"@type":"PropertyValueSpecification","valueRequired":true,"valueName":"search_term_string"}}],"inLanguage":"fr-FR"}]}},"_links":{"self":[{"href":"https:\/\/genehtik.com\/fr\/wp-json\/wp\/v2\/pages\/5050","targetHints":{"allow":["GET"]}}],"collection":[{"href":"https:\/\/genehtik.com\/fr\/wp-json\/wp\/v2\/pages"}],"about":[{"href":"https:\/\/genehtik.com\/fr\/wp-json\/wp\/v2\/types\/page"}],"author":[{"embeddable":true,"href":"https:\/\/genehtik.com\/fr\/wp-json\/wp\/v2\/users\/1"}],"replies":[{"embeddable":true,"href":"https:\/\/genehtik.com\/fr\/wp-json\/wp\/v2\/comments?post=5050"}],"version-history":[{"count":1,"href":"https:\/\/genehtik.com\/fr\/wp-json\/wp\/v2\/pages\/5050\/revisions"}],"predecessor-version":[{"id":5053,"href":"https:\/\/genehtik.com\/fr\/wp-json\/wp\/v2\/pages\/5050\/revisions\/5053"}],"wp:attachment":[{"href":"https:\/\/genehtik.com\/fr\/wp-json\/wp\/v2\/media?parent=5050"}],"curies":[{"name":"wp","href":"https:\/\/api.w.org\/{rel}","templated":true}]}}