{"id":5051,"date":"2015-07-09T09:37:38","date_gmt":"2015-07-09T09:37:38","guid":{"rendered":"https:\/\/clon.genehtik.com\/politica-de-cookies\/"},"modified":"2015-10-02T11:26:27","modified_gmt":"2015-10-02T11:26:27","slug":"politica-de-cookies","status":"publish","type":"page","link":"https:\/\/genehtik.com\/fr\/politica-de-cookies\/","title":{"rendered":"Politique relative aux cookies"},"content":{"rendered":"<h1>Politique relative aux cookies<\/h1>\n<p>\n\tUN <em>cookie<\/em> Il s&#039;agit d&#039;un petit fichier texte enregistr\u00e9 dans votre navigateur lorsque vous consultez la plupart des sites web. Son but est de permettre au site web de se souvenir de votre visite lorsque vous revenez sur cette page. <em>cookies<\/em> Ils stockent g\u00e9n\u00e9ralement des informations techniques, des pr\u00e9f\u00e9rences personnelles, des personnalisations de contenu, des statistiques d&#039;utilisation, des liens vers les r\u00e9seaux sociaux, des acc\u00e8s aux comptes utilisateurs, etc. L&#039;objectif de <em>cookie<\/em> Il s&#039;agit d&#039;adapter le contenu du site web \u00e0 leur profil et \u00e0 leurs besoins, sans <em>cookies<\/em> Les services propos\u00e9s par tout site web seraient consid\u00e9rablement r\u00e9duits. Si vous souhaitez plus d&#039;informations \u00e0 ce sujet... <em>cookies<\/em>, ce qu&#039;ils stockent, comment les supprimer, les d\u00e9sactiver, etc., <a href=\"https:\/\/genehtik.com\/fr\/mas-informacion-sobre-las-cookies\/\">Veuillez suivre ce lien.<\/a>\n<\/p>\n<h2>Cookies utilis\u00e9s sur ce site web<\/h2>\n<p>\n\tConform\u00e9ment aux directives de l&#039;Agence espagnole de protection des donn\u00e9es, nous d\u00e9taillons ci-apr\u00e8s l&#039;utilisation de <em>cookies<\/em> Ce site web a pour but de vous informer aussi pr\u00e9cis\u00e9ment que possible.\n<\/p>\n<p>\n\tCe site web utilise les \u00e9l\u00e9ments suivants <strong>propres cookies<\/strong>:<\/p>\n<ul>\n<li>Les cookies de session sont utilis\u00e9s pour garantir que les utilisateurs qui publient des commentaires sur le blog sont des personnes physiques et non des applications automatis\u00e9es. Cela contribue \u00e0 lutter contre [le probl\u00e8me de] <em>courrier ind\u00e9sirable<\/em>.<\/li>\n<\/ul>\n<p>\n\tCe site web utilise les \u00e9l\u00e9ments suivants <strong>cookies tiers<\/strong>:<\/p>\n<ul>\n<li>Google Analytics\u00a0: Magasins <em>cookies<\/em> Ceci nous permet d&#039;\u00e9tablir des statistiques sur le trafic et le nombre de visiteurs de notre site web. En utilisant ce site, vous consentez au traitement de vos donn\u00e9es par Google. Par cons\u00e9quent, pour exercer vos droits en la mati\u00e8re, vous devez contacter directement Google.<\/li>\n<li>R\u00e9seaux sociaux : Chaque r\u00e9seau social utilise son propre syst\u00e8me. <em>cookies<\/em> pour que vous puissiez cliquer sur des boutons comme <em>J&#039;aime<\/em> o <em>Partager<\/em>.<\/li>\n<\/ul>\n<h2>D\u00e9sactiver ou supprimer les cookies<\/h2>\n<p>\n\tVous pouvez \u00e0 tout moment exercer votre droit de d\u00e9sactiver ou de supprimer les cookies de ce site web. La proc\u00e9dure varie selon le navigateur utilis\u00e9. <a href=\"https:\/\/genehtik.com\/fr\/mas-informacion-sobre-las-cookies\/#navegadores\">Voici un guide rapide pour les navigateurs les plus populaires.<\/a>.\n<\/p>\n<h2>Notes compl\u00e9mentaires<\/h2>\n<ul>\n<li>\n\t\t\tNi ce site web ni ses repr\u00e9sentants l\u00e9gaux ne sont responsables du contenu ou de l&#039;exactitude des politiques de confidentialit\u00e9 des tiers mentionn\u00e9s dans la pr\u00e9sente politique. <em>cookies<\/em>.\n\t\t<\/li>\n<li>\n\t\t\tLes navigateurs Web sont les outils responsables du stockage des <em>cookies<\/em> C\u2019est ici que vous devez exercer votre droit de les supprimer ou de les d\u00e9sactiver. Ni ce site web ni ses repr\u00e9sentants l\u00e9gaux ne peuvent garantir le traitement correct ou incorrect de ces donn\u00e9es. <em>cookies<\/em> par les navigateurs susmentionn\u00e9s.\n\t\t<\/li>\n<li>\n\t\t\tDans certains cas, il est n\u00e9cessaire d&#039;installer <em>cookies<\/em> afin que le navigateur n&#039;oublie pas votre d\u00e9cision de ne pas les accepter.\n\t\t<\/li>\n<li>\n\t\t\tDans le cas du <em>cookies<\/em> Cette entreprise stocke les donn\u00e9es de Google Analytics <em>cookies<\/em> Google stocke vos donn\u00e9es sur des serveurs situ\u00e9s aux \u00c9tats-Unis et s&#039;engage \u00e0 ne pas les partager avec des tiers, sauf si cela est n\u00e9cessaire au fonctionnement du syst\u00e8me ou si la loi l&#039;exige. Selon Google, votre adresse IP n&#039;est pas conserv\u00e9e. Google Inc. adh\u00e8re au cadre du Bouclier de protection des donn\u00e9es UE-\u00c9tats-Unis, qui garantit que toutes les donn\u00e9es transf\u00e9r\u00e9es seront trait\u00e9es avec un niveau de protection conforme \u00e0 la r\u00e9glementation europ\u00e9enne. Vous trouverez des informations d\u00e9taill\u00e9es \u00e0 ce sujet. <a href=\"http:\/\/safeharbor.export.gov\/companyinfo.aspx?id=16626\" target=\"_blank\">dans ce lien<\/a>. Si vous souhaitez obtenir des informations sur la mani\u00e8re dont Google utilise les cookies <a href=\"https:\/\/developers.google.com\/analytics\/devguides\/collection\/analyticsjs\/cookie-usage?hl=es&#038;csw=1\" target=\"_blank\">Nous avons joint cet autre lien.<\/a>.\n\t\t<\/li>\n<li>\n\t\t\tPour toute question ou demande d&#039;information concernant cette politique <em>cookies<\/em> N&#039;h\u00e9sitez pas \u00e0 nous contacter via la section contact.<\/a>\n\t\t<\/li>\n<\/ul>","protected":false},"excerpt":{"rendered":"<p>Pol\u00edtica de cookies Una cookie es un peque\u00f1o fichero de texto que se almacena en su navegador cuando visita casi cualquier p\u00e1gina web. Su utilidad es que la web sea capaz de recordar su visita cuando vuelva a navegar por esa p\u00e1gina. Las cookies suelen&#8230;<\/p>","protected":false},"author":1,"featured_media":0,"parent":0,"menu_order":0,"comment_status":"closed","ping_status":"closed","template":"","meta":{"bwfblock_default_font":"","footnotes":""},"class_list":["post-5051","page","type-page","status-publish","hentry"],"yoast_head":"<!-- This site is optimized with the Yoast SEO Premium plugin v23.0 (Yoast SEO v27.2) - https:\/\/yoast.com\/product\/yoast-seo-premium-wordpress\/ -->\n<title>Pol\u00edtica de cookies<\/title>\n<meta name=\"description\" content=\"Pol\u00edtica de cookies empleada en nuestra web Genehtik de semillas de marihuana.\" \/>\n<meta name=\"robots\" content=\"index, follow, max-snippet:-1, max-image-preview:large, max-video-preview:-1\" \/>\n<link rel=\"canonical\" href=\"https:\/\/genehtik.com\/fr\/politica-de-cookies\/\" \/>\n<meta property=\"og:locale\" content=\"fr_FR\" \/>\n<meta property=\"og:type\" content=\"article\" \/>\n<meta property=\"og:title\" content=\"Pol\u00edtica de cookies\" \/>\n<meta property=\"og:description\" content=\"Pol\u00edtica de cookies empleada en nuestra web Genehtik de semillas de marihuana.\" \/>\n<meta property=\"og:url\" content=\"https:\/\/genehtik.com\/fr\/politica-de-cookies\/\" \/>\n<meta property=\"og:site_name\" content=\"Genehtik\" \/>\n<meta property=\"article:publisher\" content=\"http:\/\/www.facebook.com\/Genehtik\" \/>\n<meta property=\"article:modified_time\" content=\"2015-10-02T11:26:27+00:00\" \/>\n<meta name=\"twitter:card\" content=\"summary_large_image\" \/>\n<meta name=\"twitter:site\" content=\"@GenehtikEs\" \/>\n<meta name=\"twitter:label1\" content=\"Dur\u00e9e de lecture estim\u00e9e\" \/>\n\t<meta name=\"twitter:data1\" content=\"3 minutes\" \/>\n<script type=\"application\/ld+json\" class=\"yoast-schema-graph\">{\"@context\":\"https:\/\/schema.org\",\"@graph\":[{\"@type\":\"WebPage\",\"@id\":\"https:\/\/genehtik.com\/politica-de-cookies\/\",\"url\":\"https:\/\/genehtik.com\/politica-de-cookies\/\",\"name\":\"Pol\u00edtica de cookies\",\"isPartOf\":{\"@id\":\"https:\/\/genehtik.com\/#website\"},\"datePublished\":\"2015-07-09T09:37:38+00:00\",\"dateModified\":\"2015-10-02T11:26:27+00:00\",\"description\":\"Pol\u00edtica de cookies empleada en nuestra web Genehtik de semillas de marihuana.\",\"breadcrumb\":{\"@id\":\"https:\/\/genehtik.com\/politica-de-cookies\/#breadcrumb\"},\"inLanguage\":\"fr-FR\",\"potentialAction\":[{\"@type\":\"ReadAction\",\"target\":[\"https:\/\/genehtik.com\/politica-de-cookies\/\"]}]},{\"@type\":\"BreadcrumbList\",\"@id\":\"https:\/\/genehtik.com\/politica-de-cookies\/#breadcrumb\",\"itemListElement\":[{\"@type\":\"ListItem\",\"position\":1,\"name\":\"Home\",\"item\":\"https:\/\/genehtik.com\/\"},{\"@type\":\"ListItem\",\"position\":2,\"name\":\"Pol\u00edtica de cookies\"}]},{\"@type\":\"WebSite\",\"@id\":\"https:\/\/genehtik.com\/#website\",\"url\":\"https:\/\/genehtik.com\/\",\"name\":\"Genehtik\",\"description\":\"Banco de semillas de cannabis feminizadas y autoflorecientes de calidad y garant\u00eda\",\"potentialAction\":[{\"@type\":\"SearchAction\",\"target\":{\"@type\":\"EntryPoint\",\"urlTemplate\":\"https:\/\/genehtik.com\/?s={search_term_string}\"},\"query-input\":{\"@type\":\"PropertyValueSpecification\",\"valueRequired\":true,\"valueName\":\"search_term_string\"}}],\"inLanguage\":\"fr-FR\"}]}<\/script>\n<!-- \/ Yoast SEO Premium plugin. -->","yoast_head_json":{"title":"Politique relative aux cookies","description":"Pol\u00edtica de cookies empleada en nuestra web Genehtik de semillas de marihuana.","robots":{"index":"index","follow":"follow","max-snippet":"max-snippet:-1","max-image-preview":"max-image-preview:large","max-video-preview":"max-video-preview:-1"},"canonical":"https:\/\/genehtik.com\/fr\/politica-de-cookies\/","og_locale":"fr_FR","og_type":"article","og_title":"Pol\u00edtica de cookies","og_description":"Pol\u00edtica de cookies empleada en nuestra web Genehtik de semillas de marihuana.","og_url":"https:\/\/genehtik.com\/fr\/politica-de-cookies\/","og_site_name":"Genehtik","article_publisher":"http:\/\/www.facebook.com\/Genehtik","article_modified_time":"2015-10-02T11:26:27+00:00","twitter_card":"summary_large_image","twitter_site":"@GenehtikEs","twitter_misc":{"Dur\u00e9e de lecture estim\u00e9e":"3 minutes"},"schema":{"@context":"https:\/\/schema.org","@graph":[{"@type":"WebPage","@id":"https:\/\/genehtik.com\/politica-de-cookies\/","url":"https:\/\/genehtik.com\/politica-de-cookies\/","name":"Politique relative aux cookies","isPartOf":{"@id":"https:\/\/genehtik.com\/#website"},"datePublished":"2015-07-09T09:37:38+00:00","dateModified":"2015-10-02T11:26:27+00:00","description":"Pol\u00edtica de cookies empleada en nuestra web Genehtik de semillas de marihuana.","breadcrumb":{"@id":"https:\/\/genehtik.com\/politica-de-cookies\/#breadcrumb"},"inLanguage":"fr-FR","potentialAction":[{"@type":"ReadAction","target":["https:\/\/genehtik.com\/politica-de-cookies\/"]}]},{"@type":"BreadcrumbList","@id":"https:\/\/genehtik.com\/politica-de-cookies\/#breadcrumb","itemListElement":[{"@type":"ListItem","position":1,"name":"Home","item":"https:\/\/genehtik.com\/"},{"@type":"ListItem","position":2,"name":"Pol\u00edtica de cookies"}]},{"@type":"WebSite","@id":"https:\/\/genehtik.com\/#website","url":"https:\/\/genehtik.com\/","name":"Genehtik","description":"Banque de graines de cannabis f\u00e9minis\u00e9es et autoflorissantes de qualit\u00e9 garantie","potentialAction":[{"@type":"SearchAction","target":{"@type":"EntryPoint","urlTemplate":"https:\/\/genehtik.com\/?s={search_term_string}"},"query-input":{"@type":"PropertyValueSpecification","valueRequired":true,"valueName":"search_term_string"}}],"inLanguage":"fr-FR"}]}},"_links":{"self":[{"href":"https:\/\/genehtik.com\/fr\/wp-json\/wp\/v2\/pages\/5051","targetHints":{"allow":["GET"]}}],"collection":[{"href":"https:\/\/genehtik.com\/fr\/wp-json\/wp\/v2\/pages"}],"about":[{"href":"https:\/\/genehtik.com\/fr\/wp-json\/wp\/v2\/types\/page"}],"author":[{"embeddable":true,"href":"https:\/\/genehtik.com\/fr\/wp-json\/wp\/v2\/users\/1"}],"replies":[{"embeddable":true,"href":"https:\/\/genehtik.com\/fr\/wp-json\/wp\/v2\/comments?post=5051"}],"version-history":[{"count":1,"href":"https:\/\/genehtik.com\/fr\/wp-json\/wp\/v2\/pages\/5051\/revisions"}],"predecessor-version":[{"id":5052,"href":"https:\/\/genehtik.com\/fr\/wp-json\/wp\/v2\/pages\/5051\/revisions\/5052"}],"wp:attachment":[{"href":"https:\/\/genehtik.com\/fr\/wp-json\/wp\/v2\/media?parent=5051"}],"curies":[{"name":"wp","href":"https:\/\/api.w.org\/{rel}","templated":true}]}}