{"id":23464,"date":"2023-01-15T11:29:36","date_gmt":"2023-01-15T11:29:36","guid":{"rendered":"https:\/\/clon.genehtik.com\/?post_type=product&#038;p=23464"},"modified":"2026-02-26T11:40:38","modified_gmt":"2026-02-26T11:40:38","slug":"strawbilbo-banana-auto","status":"publish","type":"product","link":"https:\/\/genehtik.com\/fr\/produit\/strawbilbo-banana-auto\/","title":{"rendered":"Banane Strawbilbo Auto"},"content":{"rendered":"<div class=\"wpb-content-wrapper\"><div class=\"vc_row wpb_row vc_row-fluid edgtf-section edgtf-content-aligment-left\" style=\"\"><div class=\"clearfix edgtf-full-section-inner\"><div class=\"wpb_column vc_column_container vc_col-sm-12\"><div class=\"vc_column-inner\"><div class=\"wpb_wrapper\">\n\t<div class=\"wpb_text_column wpb_content_element\" >\n\t\t<div class=\"wpb_wrapper\">\n\t\t\t<p><strong>Gars:<\/strong> Hybride autofloraison fraise-banane<\/p>\n<p><strong>Production nationale :<\/strong>\u00a0450-600 g\/m\u00b2<\/p>\n<p><strong>Production externe :<\/strong>\u00a090-250 g\/plante<\/p>\n<p><strong>Floraison en int\u00e9rieur :<\/strong>\u00a070 jours<\/p>\n<p><strong>R\u00e9colte en plein air :<\/strong>\u00a011 semaines<\/p>\n<p>STRAWBILBO BANANA AUTO est une plante aux saveurs sucr\u00e9es et fruit\u00e9es et aux ar\u00f4mes distincts de fraise et de banane.<\/p>\n<p>Il s&#039;agit d&#039;une grande vari\u00e9t\u00e9 autoflorissante \u00e0 forte teneur en THC qui produit des rendements \u00e9tonnamment \u00e9lev\u00e9s pour une vari\u00e9t\u00e9 autoflorissante, atteignant facilement 150 cm en int\u00e9rieur et produisant de 500 \u00e0 600 grammes.<\/p>\n<p>La Strawbilbo Banana Auto est une vari\u00e9t\u00e9 hybride Indica\/Sativa ayant l&#039;apparence et les bourgeons d&#039;une sativa, extr\u00eamement r\u00e9sineuse, \u00e0 croissance tr\u00e8s vigoureuse et avec un gros bourgeon central.<\/p>\n<p>Son effet est relaxant, c\u00e9r\u00e9bral et euphorisant, typique des sativas.<\/p>\n\n\t\t<\/div>\n\t<\/div>\n<\/div><\/div><\/div><\/div><\/div><div class=\"vc_row wpb_row vc_row-fluid edgtf-section edgtf-content-aligment-left\" style=\"\"><div class=\"clearfix edgtf-full-section-inner\"><div class=\"wpb_column vc_column_container vc_col-sm-12\"><div class=\"vc_column-inner\"><div class=\"wpb_wrapper\"><div class=\"vc_empty_space\"   style=\"height: 32px\"><span class=\"vc_empty_space_inner\"><\/span><\/div>\n\t<div class=\"wpb_text_column wpb_content_element\" >\n\t\t<div class=\"wpb_wrapper\">\n\t\t\t<h2 style=\"text-align: center;\">Pour en savoir plus sur les graines autofloraison de Genehtik, rendez-vous sur\u2026 <a href=\"https:\/\/criticalbilbo.com\/autoflorecientes-la-revolucion-genetica-del-cannabis\/\">www.criticalbilbo.com<\/a><\/h2>\n\n\t\t<\/div>\n\t<\/div>\n<div class=\"vc_empty_space\"   style=\"height: 32px\"><span class=\"vc_empty_space_inner\"><\/span><\/div><\/div><\/div><\/div><\/div><\/div>\n<\/div>","protected":false},"excerpt":{"rendered":"<div class=\"woocommerce-product-details__short-description\">\n<p>Graine de cannabis autofloraison Strawberry Banana<\/p>\n<\/div>\n<p>&nbsp;<\/p>","protected":false},"featured_media":23467,"template":"","meta":{"bwfblock_default_font":""},"product_brand":[],"product_cat":[515,9,8],"product_tag":[],"class_list":{"0":"post-23464","1":"product","2":"type-product","3":"status-publish","4":"has-post-thumbnail","6":"product_cat-productos","7":"product_cat-semillas-cannabis-autoflorecientes","8":"product_cat-semillas-de-marihuana","10":"first","11":"instock","12":"shipping-taxable","13":"purchasable","14":"product-type-variable","15":"has-default-attributes"},"yoast_head":"<!-- This site is optimized with the Yoast SEO Premium plugin v23.0 (Yoast SEO v27.2) - https:\/\/yoast.com\/product\/yoast-seo-premium-wordpress\/ -->\n<title>Strawbilbo Banana Auto - Comprar semilla de cannabis Strawbilbo<\/title>\n<meta name=\"description\" content=\"Semilla de cannabis autofloreciente Strawbilbo Banana Auto. Tama\u00f1o grande y alto nivel de THC. Efecto relajante y a la vez cerebral y euf\u00f3rico t\u00edpico sativo\" \/>\n<meta name=\"robots\" content=\"index, follow, max-snippet:-1, max-image-preview:large, max-video-preview:-1\" \/>\n<link rel=\"canonical\" href=\"https:\/\/genehtik.com\/fr\/produit\/strawbilbo-banana-auto\/\" \/>\n<meta property=\"og:locale\" content=\"fr_FR\" \/>\n<meta property=\"og:type\" content=\"article\" \/>\n<meta property=\"og:title\" content=\"Strawbilbo Banana Auto\" \/>\n<meta property=\"og:description\" content=\"Semilla de cannabis autofloreciente Strawbilbo Banana Auto. Tama\u00f1o grande y alto nivel de THC. Efecto relajante y a la vez cerebral y euf\u00f3rico t\u00edpico sativo\" \/>\n<meta property=\"og:url\" content=\"https:\/\/genehtik.com\/fr\/produit\/strawbilbo-banana-auto\/\" \/>\n<meta property=\"og:site_name\" content=\"Genehtik\" \/>\n<meta property=\"article:publisher\" content=\"http:\/\/www.facebook.com\/Genehtik\" \/>\n<meta property=\"article:modified_time\" content=\"2026-02-26T11:40:38+00:00\" \/>\n<meta property=\"og:image\" content=\"https:\/\/genehtik.com\/wp-content\/uploads\/2024\/01\/Strawbilbo-banana-Auto-1.jpg\" \/>\n\t<meta property=\"og:image:width\" content=\"479\" \/>\n\t<meta property=\"og:image:height\" content=\"480\" \/>\n\t<meta property=\"og:image:type\" content=\"image\/jpeg\" \/>\n<meta name=\"twitter:card\" content=\"summary_large_image\" \/>\n<meta name=\"twitter:site\" content=\"@GenehtikEs\" \/>\n<meta name=\"twitter:label1\" content=\"Dur\u00e9e de lecture estim\u00e9e\" \/>\n\t<meta name=\"twitter:data1\" content=\"1 minute\" \/>\n<script type=\"application\/ld+json\" class=\"yoast-schema-graph\">{\"@context\":\"https:\/\/schema.org\",\"@graph\":[{\"@type\":\"WebPage\",\"@id\":\"https:\/\/genehtik.com\/producto\/strawbilbo-banana-auto\/\",\"url\":\"https:\/\/genehtik.com\/producto\/strawbilbo-banana-auto\/\",\"name\":\"Strawbilbo Banana Auto - Comprar semilla de cannabis Strawbilbo\",\"isPartOf\":{\"@id\":\"https:\/\/genehtik.com\/#website\"},\"primaryImageOfPage\":{\"@id\":\"https:\/\/genehtik.com\/producto\/strawbilbo-banana-auto\/#primaryimage\"},\"image\":{\"@id\":\"https:\/\/genehtik.com\/producto\/strawbilbo-banana-auto\/#primaryimage\"},\"thumbnailUrl\":\"https:\/\/genehtik.com\/wp-content\/uploads\/2024\/01\/Strawbilbo-banana-Auto-1.jpg\",\"datePublished\":\"2023-01-15T11:29:36+00:00\",\"dateModified\":\"2026-02-26T11:40:38+00:00\",\"description\":\"Semilla de cannabis autofloreciente Strawbilbo Banana Auto. Tama\u00f1o grande y alto nivel de THC. Efecto relajante y a la vez cerebral y euf\u00f3rico t\u00edpico sativo\",\"breadcrumb\":{\"@id\":\"https:\/\/genehtik.com\/producto\/strawbilbo-banana-auto\/#breadcrumb\"},\"inLanguage\":\"fr-FR\",\"potentialAction\":[{\"@type\":\"ReadAction\",\"target\":[\"https:\/\/genehtik.com\/producto\/strawbilbo-banana-auto\/\"]}]},{\"@type\":\"ImageObject\",\"inLanguage\":\"fr-FR\",\"@id\":\"https:\/\/genehtik.com\/producto\/strawbilbo-banana-auto\/#primaryimage\",\"url\":\"https:\/\/genehtik.com\/wp-content\/uploads\/2024\/01\/Strawbilbo-banana-Auto-1.jpg\",\"contentUrl\":\"https:\/\/genehtik.com\/wp-content\/uploads\/2024\/01\/Strawbilbo-banana-Auto-1.jpg\",\"width\":479,\"height\":480,\"caption\":\"Strawbilbo banana Auto\"},{\"@type\":\"BreadcrumbList\",\"@id\":\"https:\/\/genehtik.com\/producto\/strawbilbo-banana-auto\/#breadcrumb\",\"itemListElement\":[{\"@type\":\"ListItem\",\"position\":1,\"name\":\"Home\",\"item\":\"https:\/\/genehtik.com\/\"},{\"@type\":\"ListItem\",\"position\":2,\"name\":\"Comprar semillas de cannabis Genehtik\",\"item\":\"https:\/\/genehtik.com\/tienda\/\"},{\"@type\":\"ListItem\",\"position\":3,\"name\":\"Strawbilbo Banana Auto\"}]},{\"@type\":\"WebSite\",\"@id\":\"https:\/\/genehtik.com\/#website\",\"url\":\"https:\/\/genehtik.com\/\",\"name\":\"Genehtik\",\"description\":\"Banco de semillas de cannabis feminizadas y autoflorecientes de calidad y garant\u00eda\",\"potentialAction\":[{\"@type\":\"SearchAction\",\"target\":{\"@type\":\"EntryPoint\",\"urlTemplate\":\"https:\/\/genehtik.com\/?s={search_term_string}\"},\"query-input\":{\"@type\":\"PropertyValueSpecification\",\"valueRequired\":true,\"valueName\":\"search_term_string\"}}],\"inLanguage\":\"fr-FR\"}]}<\/script>\n<!-- \/ Yoast SEO Premium plugin. -->","yoast_head_json":{"title":"Strawbilbo Banana Auto - Comprar semilla de cannabis Strawbilbo","description":"Semilla de cannabis autofloreciente Strawbilbo Banana Auto. Tama\u00f1o grande y alto nivel de THC. Efecto relajante y a la vez cerebral y euf\u00f3rico t\u00edpico sativo","robots":{"index":"index","follow":"follow","max-snippet":"max-snippet:-1","max-image-preview":"max-image-preview:large","max-video-preview":"max-video-preview:-1"},"canonical":"https:\/\/genehtik.com\/fr\/produit\/strawbilbo-banana-auto\/","og_locale":"fr_FR","og_type":"article","og_title":"Strawbilbo Banana Auto","og_description":"Semilla de cannabis autofloreciente Strawbilbo Banana Auto. Tama\u00f1o grande y alto nivel de THC. Efecto relajante y a la vez cerebral y euf\u00f3rico t\u00edpico sativo","og_url":"https:\/\/genehtik.com\/fr\/produit\/strawbilbo-banana-auto\/","og_site_name":"Genehtik","article_publisher":"http:\/\/www.facebook.com\/Genehtik","article_modified_time":"2026-02-26T11:40:38+00:00","og_image":[{"width":479,"height":480,"url":"https:\/\/genehtik.com\/wp-content\/uploads\/2024\/01\/Strawbilbo-banana-Auto-1.jpg","type":"image\/jpeg"}],"twitter_card":"summary_large_image","twitter_site":"@GenehtikEs","twitter_misc":{"Dur\u00e9e de lecture estim\u00e9e":"1 minute"},"schema":{"@context":"https:\/\/schema.org","@graph":[{"@type":"WebPage","@id":"https:\/\/genehtik.com\/producto\/strawbilbo-banana-auto\/","url":"https:\/\/genehtik.com\/producto\/strawbilbo-banana-auto\/","name":"Strawbilbo Banana Auto - Comprar semilla de cannabis Strawbilbo","isPartOf":{"@id":"https:\/\/genehtik.com\/#website"},"primaryImageOfPage":{"@id":"https:\/\/genehtik.com\/producto\/strawbilbo-banana-auto\/#primaryimage"},"image":{"@id":"https:\/\/genehtik.com\/producto\/strawbilbo-banana-auto\/#primaryimage"},"thumbnailUrl":"https:\/\/genehtik.com\/wp-content\/uploads\/2024\/01\/Strawbilbo-banana-Auto-1.jpg","datePublished":"2023-01-15T11:29:36+00:00","dateModified":"2026-02-26T11:40:38+00:00","description":"Semilla de cannabis autofloreciente Strawbilbo Banana Auto. Tama\u00f1o grande y alto nivel de THC. Efecto relajante y a la vez cerebral y euf\u00f3rico t\u00edpico sativo","breadcrumb":{"@id":"https:\/\/genehtik.com\/producto\/strawbilbo-banana-auto\/#breadcrumb"},"inLanguage":"fr-FR","potentialAction":[{"@type":"ReadAction","target":["https:\/\/genehtik.com\/producto\/strawbilbo-banana-auto\/"]}]},{"@type":"ImageObject","inLanguage":"fr-FR","@id":"https:\/\/genehtik.com\/producto\/strawbilbo-banana-auto\/#primaryimage","url":"https:\/\/genehtik.com\/wp-content\/uploads\/2024\/01\/Strawbilbo-banana-Auto-1.jpg","contentUrl":"https:\/\/genehtik.com\/wp-content\/uploads\/2024\/01\/Strawbilbo-banana-Auto-1.jpg","width":479,"height":480,"caption":"Strawbilbo banana Auto"},{"@type":"BreadcrumbList","@id":"https:\/\/genehtik.com\/producto\/strawbilbo-banana-auto\/#breadcrumb","itemListElement":[{"@type":"ListItem","position":1,"name":"Home","item":"https:\/\/genehtik.com\/"},{"@type":"ListItem","position":2,"name":"Comprar semillas de cannabis Genehtik","item":"https:\/\/genehtik.com\/tienda\/"},{"@type":"ListItem","position":3,"name":"Strawbilbo Banana Auto"}]},{"@type":"WebSite","@id":"https:\/\/genehtik.com\/#website","url":"https:\/\/genehtik.com\/","name":"Genehtik","description":"Banque de graines de cannabis f\u00e9minis\u00e9es et autoflorissantes de qualit\u00e9 garantie","potentialAction":[{"@type":"SearchAction","target":{"@type":"EntryPoint","urlTemplate":"https:\/\/genehtik.com\/?s={search_term_string}"},"query-input":{"@type":"PropertyValueSpecification","valueRequired":true,"valueName":"search_term_string"}}],"inLanguage":"fr-FR"}]}},"_links":{"self":[{"href":"https:\/\/genehtik.com\/fr\/wp-json\/wp\/v2\/product\/23464","targetHints":{"allow":["GET"]}}],"collection":[{"href":"https:\/\/genehtik.com\/fr\/wp-json\/wp\/v2\/product"}],"about":[{"href":"https:\/\/genehtik.com\/fr\/wp-json\/wp\/v2\/types\/product"}],"wp:featuredmedia":[{"embeddable":true,"href":"https:\/\/genehtik.com\/fr\/wp-json\/wp\/v2\/media\/23467"}],"wp:attachment":[{"href":"https:\/\/genehtik.com\/fr\/wp-json\/wp\/v2\/media?parent=23464"}],"wp:term":[{"taxonomy":"product_brand","embeddable":true,"href":"https:\/\/genehtik.com\/fr\/wp-json\/wp\/v2\/product_brand?post=23464"},{"taxonomy":"product_cat","embeddable":true,"href":"https:\/\/genehtik.com\/fr\/wp-json\/wp\/v2\/product_cat?post=23464"},{"taxonomy":"product_tag","embeddable":true,"href":"https:\/\/genehtik.com\/fr\/wp-json\/wp\/v2\/product_tag?post=23464"}],"curies":[{"name":"wp","href":"https:\/\/api.w.org\/{rel}","templated":true}]}}