{"id":42433,"date":"2026-02-03T08:43:10","date_gmt":"2026-02-03T08:43:10","guid":{"rendered":"https:\/\/clon.genehtik.com\/?post_type=product&#038;p=42433"},"modified":"2026-02-26T11:31:26","modified_gmt":"2026-02-26T11:31:26","slug":"tahoe-bilbo","status":"publish","type":"product","link":"https:\/\/genehtik.com\/fr\/produit\/tahoe-bilbo\/","title":{"rendered":"Tahoe Bilbo"},"content":{"rendered":"<div class=\"wpb-content-wrapper\"><div class=\"vc_row wpb_row vc_row-fluid edgtf-section edgtf-content-aligment-left\" style=\"\"><div class=\"clearfix edgtf-full-section-inner\"><div class=\"wpb_column vc_column_container vc_col-sm-12\"><div class=\"vc_column-inner\"><div class=\"wpb_wrapper\"><div class=\"vc_empty_space\"   style=\"height: 20px\"><span class=\"vc_empty_space_inner\"><\/span><\/div><\/div><\/div><\/div><\/div><\/div><div class=\"vc_row wpb_row vc_row-fluid edgtf-section edgtf-content-aligment-center\" style=\"\"><div class=\"clearfix edgtf-full-section-inner\"><div class=\"wpb_column vc_column_container vc_col-sm-6 vc_col-has-fill\"><div class=\"vc_column-inner vc_custom_1770805691199\"><div class=\"wpb_wrapper\">\n<div class=\"edgtf-section-title edgtf-section-align-center\" style=\"color: #00a94f;font-size: 28px\">\n\tcaract\u00e9ristiques\t<\/div><div class=\"vc_empty_space\"   style=\"height: 20px\"><span class=\"vc_empty_space_inner\"><\/span><\/div>\n\t<div class=\"wpb_text_column wpb_content_element\" >\n\t\t<div class=\"wpb_wrapper\">\n\t\t\t<p style=\"text-align: center;\"><span style=\"color: #00a94f;\"><strong>G\u00e9n\u00e9tique<\/strong><\/span><\/p>\n\n\t\t<\/div>\n\t<\/div>\n\n\t<div class=\"wpb_text_column wpb_content_element\" >\n\t\t<div class=\"wpb_wrapper\">\n\t\t\t<p style=\"text-align: center;\">Tahoe OG Kush x OG Lemon Bilbo<\/p>\n\n\t\t<\/div>\n\t<\/div>\n\n\t<div class=\"wpb_text_column wpb_content_element\" >\n\t\t<div class=\"wpb_wrapper\">\n\t\t\t<p style=\"text-align: center;\"><span style=\"color: #00a94f;\"><strong>Gars<\/strong><\/span><\/p>\n\n\t\t<\/div>\n\t<\/div>\n\n\t<div class=\"wpb_text_column wpb_content_element\" >\n\t\t<div class=\"wpb_wrapper\">\n\t\t\t<p style=\"text-align: center;\">indica (70% indica \/ 30% sativa)<\/p>\n\n\t\t<\/div>\n\t<\/div>\n\n\t<div class=\"wpb_text_column wpb_content_element\" >\n\t\t<div class=\"wpb_wrapper\">\n\t\t\t<p style=\"text-align: center;\"><span style=\"color: #00a94f;\"><strong>Production nationale<\/strong><\/span><\/p>\n\n\t\t<\/div>\n\t<\/div>\n\n\t<div class=\"wpb_text_column wpb_content_element\" >\n\t\t<div class=\"wpb_wrapper\">\n\t\t\t<p style=\"text-align: center;\">500-600 g\/m\u00b2<\/p>\n\n\t\t<\/div>\n\t<\/div>\n\n\t<div class=\"wpb_text_column wpb_content_element\" >\n\t\t<div class=\"wpb_wrapper\">\n\t\t\t<p style=\"text-align: center;\"><span style=\"color: #00a94f;\"><strong>Production externe<\/strong><\/span><\/p>\n\n\t\t<\/div>\n\t<\/div>\n\n\t<div class=\"wpb_text_column wpb_content_element\" >\n\t\t<div class=\"wpb_wrapper\">\n\t\t\t<p style=\"text-align: center;\">1000-1750 g\/plante<\/p>\n\n\t\t<\/div>\n\t<\/div>\n\n\t<div class=\"wpb_text_column wpb_content_element\" >\n\t\t<div class=\"wpb_wrapper\">\n\t\t\t<p style=\"text-align: center;\"><span style=\"color: #00a94f;\"><strong>Fleurs d&#039;int\u00e9rieur<\/strong><\/span><\/p>\n\n\t\t<\/div>\n\t<\/div>\n\n\t<div class=\"wpb_text_column wpb_content_element\" >\n\t\t<div class=\"wpb_wrapper\">\n\t\t\t<p style=\"text-align: center;\">60 \u00e0 70 jours<\/p>\n\n\t\t<\/div>\n\t<\/div>\n\n\t<div class=\"wpb_text_column wpb_content_element\" >\n\t\t<div class=\"wpb_wrapper\">\n\t\t\t<p style=\"text-align: center;\"><span style=\"color: #00a94f;\"><strong>R\u00e9colte en plein air<\/strong><\/span><\/p>\n\n\t\t<\/div>\n\t<\/div>\n\n\t<div class=\"wpb_text_column wpb_content_element\" >\n\t\t<div class=\"wpb_wrapper\">\n\t\t\t<p style=\"text-align: center;\">H\u00e9misph\u00e8re Nord : octobre<\/p>\n\n\t\t<\/div>\n\t<\/div>\n\n\t<div class=\"wpb_text_column wpb_content_element\" >\n\t\t<div class=\"wpb_wrapper\">\n\t\t\t<p style=\"text-align: center;\">H\u00e9misph\u00e8re Sud : avril<\/p>\n\n\t\t<\/div>\n\t<\/div>\n<div class=\"vc_empty_space\"   style=\"height: 20px\"><span class=\"vc_empty_space_inner\"><\/span><\/div><\/div><\/div><\/div><div class=\"wpb_column vc_column_container vc_col-sm-6\"><div class=\"vc_column-inner\"><div class=\"wpb_wrapper\">\n<div class=\"edgtf-section-title edgtf-section-align-center\" style=\"color: #ffffff;font-size: 28px\">\n\tConditions optimales\t<\/div><div class=\"vc_empty_space\"   style=\"height: 20px\"><span class=\"vc_empty_space_inner\"><\/span><\/div>\n    <span class=\"edgtf-icon-shortcode circle edgtf-icon-medium\"  >\n        \n        <i class=\"edgtf-icon-font-awesome fa fa-book edgtf-icon-element\" style=\"\" ><\/i>\n            <\/span>\n\n<div class=\"vc_empty_space\"   style=\"height: 20px\"><span class=\"vc_empty_space_inner\"><\/span><\/div>\n\t<div class=\"wpb_text_column wpb_content_element\" >\n\t\t<div class=\"wpb_wrapper\">\n\t\t\t<p style=\"text-align: center;\"><em>Pour un d\u00e9veloppement optimal et des performances maximales en termes de saveur, d&#039;ar\u00f4me, d&#039;effet et de production, consultez les conditions de culture optimales.<\/em><\/p>\n\n\t\t<\/div>\n\t<\/div>\n<div class=\"vc_empty_space\"   style=\"height: 20px\"><span class=\"vc_empty_space_inner\"><\/span><\/div>\t<div class=\"edgtf-call-to-action edgtf-cta-standard\" >\n\t\t\t\t\t<div class=\"edgtf-call-to-action-row-50-50 clearfix\" style=\"padding: 20px;\">\n\t\t\t\t<div class=\"edgtf-text-wrapper edgtf-call-to-action-column1 edgtf-call-to-action-cell\">\n\t\t\t\t\t<div class=\"edgtf-call-to-action-text\" >Param\u00e8tres de culture<\/div>\n\t\t\t\t<\/div>\n\t\t\t\t<div class=\"edgtf-button-wrapper edgtf-call-to-action-column2 edgtf-call-to-action-cell\" style =\"text-align: center ;\">\n\t\t\t\t\t<a href=\"https:\/\/genehtik.com\/fr\/condiciones-optimas-cultivo\/\" target=\"_self\" style=\"color: #ffffff;background-color: #00a94f\" class=\"edgtf-btn edgtf-btn-large edgtf-btn-solid-white edgtf-btn-custom-hover-bg edgtf-btn-custom-hover-color\" data-hover-bg-color=\"#ffffff\" data-hover-color=\"#00a94f\" >\t\t\t<span class=\"edgtf-btn-text\">consulter<\/span>\t    <\/a>\t\t\t\t<\/div>\n\t\t\t<\/div>\n\t\t\t<\/div>\n<\/div><\/div><\/div><\/div><\/div><div class=\"vc_row wpb_row vc_row-fluid edgtf-section edgtf-content-aligment-left\" style=\"\"><div class=\"clearfix edgtf-full-section-inner\"><div class=\"wpb_column vc_column_container vc_col-sm-12\"><div class=\"vc_column-inner\"><div class=\"wpb_wrapper\"><div class=\"vc_empty_space\"   style=\"height: 20px\"><span class=\"vc_empty_space_inner\"><\/span><\/div>\n\t<div class=\"wpb_text_column wpb_content_element\" >\n\t\t<div class=\"wpb_wrapper\">\n\t\t\t<p><strong>TAHOE BILBO : L&#039;\u00e2me de la c\u00f4te ouest dans chaque bouff\u00e9e.<\/strong><\/p>\n<p>&nbsp;<\/p>\n<p>Originaire des montagnes de la Sierra Nevada et baign\u00e9e par les eaux du lac Tahoe, dont elle tire son nom, \u00e0 la fronti\u00e8re entre la Californie et le Nevada, se trouve l&#039;un des c\u00e9pages les plus authentiques des \u00c9tats-Unis. Un fier h\u00e9ritier de la lign\u00e9e <strong>OG Kush<\/strong>, Elle repr\u00e9sente, comme peu d&#039;autres, l&#039;esprit pur du cannabis californien.<\/p>\n<p>&nbsp;<\/p>\n<p>Gr\u00e2ce \u00e0 une composition g\u00e9n\u00e9tique soigneusement s\u00e9lectionn\u00e9e visant \u00e0 offrir un profil aromatique doux et profond\u00e9ment relaxant, cette cr\u00e9ation repr\u00e9sente l&#039;excellent travail de David Merino pendant de nombreuses ann\u00e9es avec certaines des vari\u00e9t\u00e9s afghanes les plus admir\u00e9es au monde.<\/p>\n<p>&nbsp;<\/p>\n<h3>ORIGINE ET CROISEMENT<\/h3>\n<p>&nbsp;<\/p>\n<p>Ce patrimoine g\u00e9n\u00e9tique est le r\u00e9sultat de croisements entre <strong>OG Kush<\/strong> et une s\u00e9lection particuli\u00e8rement vigoureuse de <strong>SFV OG<\/strong> (San Fernando Valley OG). Le croisement de ces deux vari\u00e9t\u00e9s puissantes a donn\u00e9 naissance \u00e0 une souche \u00e0 dominance indica, \u00e0 partir de laquelle un ph\u00e9notype tr\u00e8s stable et r\u00e9sineux a \u00e9t\u00e9 s\u00e9lectionn\u00e9, offrant un \u00e9quilibre parfait entre la puissance indica et de subtiles nuances d&#039;agrumes sativa.<\/p>\n<p>Elle a \u00e9t\u00e9 s\u00e9lectionn\u00e9e au milieu des ann\u00e9es 2000 par des cultivateurs de la r\u00e9gion du lac Tahoe qui recherchaient une version plus forte et plus stable de la mythique OG Kush.<\/p>\n<p>Gr\u00e2ce au climat de haute altitude, avec des nuits froides et des \u00e9t\u00e9s courts, et \u00e0 l&#039;excellent travail des \u00e9leveurs soucieux de pr\u00e9server la puret\u00e9 g\u00e9n\u00e9tique de la <strong>OG original<\/strong>, qui a r\u00e9ussi \u00e0 fa\u00e7onner un ph\u00e9notype robuste et r\u00e9sistant, qui non seulement a r\u00e9sist\u00e9 \u00e0 l&#039;\u00e9preuve du temps, mais s&#039;est impos\u00e9 comme un classique intemporel.<\/p>\n<p>&nbsp;<\/p>\n<h3>ASPECT<\/h3>\n<p>&nbsp;<\/p>\n<p>Cultiver cette vari\u00e9t\u00e9 est une exp\u00e9rience tr\u00e8s enrichissante. Bien qu&#039;elle n\u00e9cessite une certaine attention \u00e0 son environnement de culture, elle s&#039;adapte parfaitement aux cultivateurs exp\u00e9riment\u00e9s et interm\u00e9diaires. C&#039;est une vari\u00e9t\u00e9 \u00e0 dominance indica (70% \u2013 30%) \u00e0 la structure robuste, aux entre-n\u0153uds moyens, et produisant des t\u00eates compactes, denses et r\u00e9sineuses. Sa floraison est rapide\u00a0: en 60 \u00e0 70 jours, elle atteint un rendement pouvant atteindre 600 grammes par m\u00e8tre carr\u00e9 en int\u00e9rieur.<\/p>\n<p>&nbsp;<\/p>\n<h3>AR\u00d4ME ET SAVEUR<\/h3>\n<p>&nbsp;<\/p>\n<p>Le parfum de notre <strong>Tahoe Bilbo<\/strong> C&#039;est un m\u00e9lange intense de citron frais, de bois et de terre humide, qui se transforme instantan\u00e9ment en une exp\u00e9rience aromatique profonde et p\u00e9n\u00e9trante. En bouche, la saveur est tout aussi puissante, avec une note d&#039;agrumes et d&#039;\u00e9pices qui persiste longtemps apr\u00e8s chaque bouff\u00e9e.<\/p>\n<p>&nbsp;<\/p>\n<h3>EFFET<\/h3>\n<p>&nbsp;<\/p>\n<p>C&#039;est l&#039;effet qui vous captivera v\u00e9ritablement avec cette vari\u00e9t\u00e9. Il commence par une sensation c\u00e9r\u00e9brale de soulagement et de s\u00e9r\u00e9nit\u00e9, puis vous plonge dans un \u00e9tat de relaxation physique intense, id\u00e9al pour d\u00e9connecter, soulager le stress ou simplement l\u00e2cher prise dans des moments de calme. Ce n&#039;est pas une vari\u00e9t\u00e9 l\u00e9g\u00e8re\u00a0; elle est puissante, durable et tr\u00e8s r\u00e9sineuse. Sans aucun doute, une vari\u00e9t\u00e9 id\u00e9ale pour les extractions.<\/p>\n\n\t\t<\/div>\n\t<\/div>\n<div class=\"vc_empty_space\"   style=\"height: 20px\"><span class=\"vc_empty_space_inner\"><\/span><\/div>\n<div class=\"vc-zigzag-wrapper vc-zigzag-align-center\"><div class=\"vc-zigzag-inner\" style=\"width: 100%;min-height: 14px;background: 0 repeat-x url(&#039;data:image\/svg+xml;utf-8,%3C%3Fxml%20version%3D%221.0%22%20encoding%3D%22utf-8%22%3F%3E%3C%21DOCTYPE%20svg%20PUBLIC%20%22-%2F%2FW3C%2F%2FDTD%20SVG%201.1%2F%2FEN%22%20%22http%3A%2F%2Fwww.w3.org%2FGraphics%2FSVG%2F1.1%2FDTD%2Fsvg11.dtd%22%3E%3Csvg%20width%3D%2214px%22%20height%3D%2212px%22%20viewBox%3D%220%200%2018%2015%22%20version%3D%221.1%22%20xmlns%3D%22http%3A%2F%2Fwww.w3.org%2F2000%2Fsvg%22%20xmlns%3Axlink%3D%22http%3A%2F%2Fwww.w3.org%2F1999%2Fxlink%22%3E%3Cpolygon%20id%3D%22Combined-Shape%22%20fill%3D%22%236dab3c%22%20points%3D%228.98762301%200%200%209.12771969%200%2014.519983%209%205.40479869%2018%2014.519983%2018%209.12771969%22%3E%3C%2Fpolygon%3E%3C%2Fsvg%3E&#039;);\"><\/div><\/div><div class=\"vc_empty_space\"   style=\"height: 20px\"><span class=\"vc_empty_space_inner\"><\/span><\/div>\n\t<div class=\"wpb_text_column wpb_content_element\" >\n\t\t<div class=\"wpb_wrapper\">\n\t\t\t<p><strong>Tahoe Bilbo<\/strong> La vari\u00e9t\u00e9 de Genehtik Seeds est bien plus qu&#039;un hommage \u00e0 l&#039;OG Kush ; c&#039;est sa version la plus raffin\u00e9e, la plus intense et la plus profond\u00e9ment californienne.<\/p>\n<p>Une vari\u00e9t\u00e9 culte qui a voyag\u00e9 des montagnes du Nevada jusqu&#039;aux mains de <strong>David Merino<\/strong>, s\u00e9lectionneur chez Genehtik Seeds depuis plus de 25 ans et cr\u00e9ateur, entre autres, du l\u00e9gendaire clone d&#039;\u00e9lite Critical Bilbo, pour lui insuffler cette marque inimitable<strong> Bilbo<\/strong> que les cultivateurs les plus exigeants attendent de nos semences.<\/p>\n<p>&nbsp;<\/p>\n<p>Si vous recherchez un classique avec de la pr\u00e9sence, de la profondeur et une saveur am\u00e9ricaine incomparable, <strong>Tahoe Bilbo par Genehtik Seeds <\/strong>C&#039;est votre prochaine \u00e9tape incontournable. Car il y a beaucoup de mod\u00e8les classiques sur le march\u00e9, et puis il y a notre Tahoe Bilbo.<\/p>\n\n\t\t<\/div>\n\t<\/div>\n<\/div><\/div><\/div><\/div><\/div><div class=\"vc_row wpb_row vc_row-fluid edgtf-section edgtf-content-aligment-left\" style=\"\"><div class=\"clearfix edgtf-full-section-inner\"><div class=\"wpb_column vc_column_container vc_col-sm-12\"><div class=\"vc_column-inner\"><div class=\"wpb_wrapper\"><div class=\"vc_empty_space\"   style=\"height: 50px\"><span class=\"vc_empty_space_inner\"><\/span><\/div><\/div><\/div><\/div><\/div><\/div>\n<\/div>","protected":false},"excerpt":{"rendered":"<p>&nbsp;<\/p>\n<p>Tahoe OG Kush x OG Lemon Bilbo<\/p>\n<p>&nbsp;<\/p>\n<p>indica (70% indica \/ 30% sativa)<\/p>\n<p>&nbsp;<\/p>","protected":false},"featured_media":42569,"template":"","meta":{"bwfblock_default_font":""},"product_brand":[],"product_cat":[515,8,6],"product_tag":[],"class_list":{"0":"post-42433","1":"product","2":"type-product","3":"status-publish","4":"has-post-thumbnail","6":"product_cat-productos","7":"product_cat-semillas-de-marihuana","8":"product_cat-semillas-cannabis-feminizadas","10":"first","11":"instock","12":"sale","13":"shipping-taxable","14":"purchasable","15":"product-type-variable","16":"has-default-attributes"},"yoast_head":"<!-- This site is optimized with the Yoast SEO Premium plugin v23.0 (Yoast SEO v27.2) - https:\/\/yoast.com\/product\/yoast-seo-premium-wordpress\/ -->\n<title>Tahoe Bilbo - Comprar semilla de cannabis Tahoe Bilbo feminizada<\/title>\n<meta name=\"description\" content=\"Semilla de cannabis feminizada Tahoe Bilbo. Cruce de Tahoe OG Kush x OG Lemon Bilbo. Sabor americano nacido en las monta\u00f1as de Nevada\" \/>\n<meta name=\"robots\" content=\"index, follow, max-snippet:-1, max-image-preview:large, max-video-preview:-1\" \/>\n<link rel=\"canonical\" href=\"https:\/\/genehtik.com\/fr\/produit\/tahoe-bilbo\/\" \/>\n<meta property=\"og:locale\" content=\"fr_FR\" \/>\n<meta property=\"og:type\" content=\"article\" \/>\n<meta property=\"og:title\" content=\"Tahoe Bilbo\" \/>\n<meta property=\"og:description\" content=\"Semilla de cannabis feminizada Tahoe Bilbo. Cruce de Tahoe OG Kush x OG Lemon Bilbo. Sabor americano nacido en las monta\u00f1as de Nevada\" \/>\n<meta property=\"og:url\" content=\"https:\/\/genehtik.com\/fr\/produit\/tahoe-bilbo\/\" \/>\n<meta property=\"og:site_name\" content=\"Genehtik\" \/>\n<meta property=\"article:publisher\" content=\"http:\/\/www.facebook.com\/Genehtik\" \/>\n<meta property=\"article:modified_time\" content=\"2026-02-26T11:31:26+00:00\" \/>\n<meta property=\"og:image\" content=\"https:\/\/genehtik.com\/wp-content\/uploads\/2025\/09\/Tahoe-Bilbo-1.jpg\" \/>\n\t<meta property=\"og:image:width\" content=\"765\" \/>\n\t<meta property=\"og:image:height\" content=\"765\" \/>\n\t<meta property=\"og:image:type\" content=\"image\/jpeg\" \/>\n<meta name=\"twitter:card\" content=\"summary_large_image\" \/>\n<meta name=\"twitter:site\" content=\"@GenehtikEs\" \/>\n<meta name=\"twitter:label1\" content=\"Dur\u00e9e de lecture estim\u00e9e\" \/>\n\t<meta name=\"twitter:data1\" content=\"4 minutes\" \/>\n<script type=\"application\/ld+json\" class=\"yoast-schema-graph\">{\"@context\":\"https:\/\/schema.org\",\"@graph\":[{\"@type\":\"WebPage\",\"@id\":\"https:\/\/genehtik.com\/producto\/tahoe-bilbo\/\",\"url\":\"https:\/\/genehtik.com\/producto\/tahoe-bilbo\/\",\"name\":\"Tahoe Bilbo - Comprar semilla de cannabis Tahoe Bilbo feminizada\",\"isPartOf\":{\"@id\":\"https:\/\/genehtik.com\/#website\"},\"primaryImageOfPage\":{\"@id\":\"https:\/\/genehtik.com\/producto\/tahoe-bilbo\/#primaryimage\"},\"image\":{\"@id\":\"https:\/\/genehtik.com\/producto\/tahoe-bilbo\/#primaryimage\"},\"thumbnailUrl\":\"https:\/\/genehtik.com\/wp-content\/uploads\/2025\/09\/Tahoe-Bilbo-1.jpg\",\"datePublished\":\"2026-02-03T08:43:10+00:00\",\"dateModified\":\"2026-02-26T11:31:26+00:00\",\"description\":\"Semilla de cannabis feminizada Tahoe Bilbo. Cruce de Tahoe OG Kush x OG Lemon Bilbo. Sabor americano nacido en las monta\u00f1as de Nevada\",\"breadcrumb\":{\"@id\":\"https:\/\/genehtik.com\/producto\/tahoe-bilbo\/#breadcrumb\"},\"inLanguage\":\"fr-FR\",\"potentialAction\":[{\"@type\":\"ReadAction\",\"target\":[\"https:\/\/genehtik.com\/producto\/tahoe-bilbo\/\"]}]},{\"@type\":\"ImageObject\",\"inLanguage\":\"fr-FR\",\"@id\":\"https:\/\/genehtik.com\/producto\/tahoe-bilbo\/#primaryimage\",\"url\":\"https:\/\/genehtik.com\/wp-content\/uploads\/2025\/09\/Tahoe-Bilbo-1.jpg\",\"contentUrl\":\"https:\/\/genehtik.com\/wp-content\/uploads\/2025\/09\/Tahoe-Bilbo-1.jpg\",\"width\":765,\"height\":765},{\"@type\":\"BreadcrumbList\",\"@id\":\"https:\/\/genehtik.com\/producto\/tahoe-bilbo\/#breadcrumb\",\"itemListElement\":[{\"@type\":\"ListItem\",\"position\":1,\"name\":\"Home\",\"item\":\"https:\/\/genehtik.com\/\"},{\"@type\":\"ListItem\",\"position\":2,\"name\":\"Comprar semillas de cannabis Genehtik\",\"item\":\"https:\/\/genehtik.com\/tienda\/\"},{\"@type\":\"ListItem\",\"position\":3,\"name\":\"Tahoe Bilbo\"}]},{\"@type\":\"WebSite\",\"@id\":\"https:\/\/genehtik.com\/#website\",\"url\":\"https:\/\/genehtik.com\/\",\"name\":\"Genehtik\",\"description\":\"Banco de semillas de cannabis feminizadas y autoflorecientes de calidad y garant\u00eda\",\"potentialAction\":[{\"@type\":\"SearchAction\",\"target\":{\"@type\":\"EntryPoint\",\"urlTemplate\":\"https:\/\/genehtik.com\/?s={search_term_string}\"},\"query-input\":{\"@type\":\"PropertyValueSpecification\",\"valueRequired\":true,\"valueName\":\"search_term_string\"}}],\"inLanguage\":\"fr-FR\"}]}<\/script>\n<!-- \/ Yoast SEO Premium plugin. -->","yoast_head_json":{"title":"Tahoe Bilbo - Comprar semilla de cannabis Tahoe Bilbo feminizada","description":"Semilla de cannabis feminizada Tahoe Bilbo. Cruce de Tahoe OG Kush x OG Lemon Bilbo. Sabor americano nacido en las monta\u00f1as de Nevada","robots":{"index":"index","follow":"follow","max-snippet":"max-snippet:-1","max-image-preview":"max-image-preview:large","max-video-preview":"max-video-preview:-1"},"canonical":"https:\/\/genehtik.com\/fr\/produit\/tahoe-bilbo\/","og_locale":"fr_FR","og_type":"article","og_title":"Tahoe Bilbo","og_description":"Semilla de cannabis feminizada Tahoe Bilbo. Cruce de Tahoe OG Kush x OG Lemon Bilbo. Sabor americano nacido en las monta\u00f1as de Nevada","og_url":"https:\/\/genehtik.com\/fr\/produit\/tahoe-bilbo\/","og_site_name":"Genehtik","article_publisher":"http:\/\/www.facebook.com\/Genehtik","article_modified_time":"2026-02-26T11:31:26+00:00","og_image":[{"width":765,"height":765,"url":"https:\/\/genehtik.com\/wp-content\/uploads\/2025\/09\/Tahoe-Bilbo-1.jpg","type":"image\/jpeg"}],"twitter_card":"summary_large_image","twitter_site":"@GenehtikEs","twitter_misc":{"Dur\u00e9e de lecture estim\u00e9e":"4 minutes"},"schema":{"@context":"https:\/\/schema.org","@graph":[{"@type":"WebPage","@id":"https:\/\/genehtik.com\/producto\/tahoe-bilbo\/","url":"https:\/\/genehtik.com\/producto\/tahoe-bilbo\/","name":"Tahoe Bilbo - Comprar semilla de cannabis Tahoe Bilbo feminizada","isPartOf":{"@id":"https:\/\/genehtik.com\/#website"},"primaryImageOfPage":{"@id":"https:\/\/genehtik.com\/producto\/tahoe-bilbo\/#primaryimage"},"image":{"@id":"https:\/\/genehtik.com\/producto\/tahoe-bilbo\/#primaryimage"},"thumbnailUrl":"https:\/\/genehtik.com\/wp-content\/uploads\/2025\/09\/Tahoe-Bilbo-1.jpg","datePublished":"2026-02-03T08:43:10+00:00","dateModified":"2026-02-26T11:31:26+00:00","description":"Semilla de cannabis feminizada Tahoe Bilbo. Cruce de Tahoe OG Kush x OG Lemon Bilbo. Sabor americano nacido en las monta\u00f1as de Nevada","breadcrumb":{"@id":"https:\/\/genehtik.com\/producto\/tahoe-bilbo\/#breadcrumb"},"inLanguage":"fr-FR","potentialAction":[{"@type":"ReadAction","target":["https:\/\/genehtik.com\/producto\/tahoe-bilbo\/"]}]},{"@type":"ImageObject","inLanguage":"fr-FR","@id":"https:\/\/genehtik.com\/producto\/tahoe-bilbo\/#primaryimage","url":"https:\/\/genehtik.com\/wp-content\/uploads\/2025\/09\/Tahoe-Bilbo-1.jpg","contentUrl":"https:\/\/genehtik.com\/wp-content\/uploads\/2025\/09\/Tahoe-Bilbo-1.jpg","width":765,"height":765},{"@type":"BreadcrumbList","@id":"https:\/\/genehtik.com\/producto\/tahoe-bilbo\/#breadcrumb","itemListElement":[{"@type":"ListItem","position":1,"name":"Home","item":"https:\/\/genehtik.com\/"},{"@type":"ListItem","position":2,"name":"Comprar semillas de cannabis Genehtik","item":"https:\/\/genehtik.com\/tienda\/"},{"@type":"ListItem","position":3,"name":"Tahoe Bilbo"}]},{"@type":"WebSite","@id":"https:\/\/genehtik.com\/#website","url":"https:\/\/genehtik.com\/","name":"Genehtik","description":"Banque de graines de cannabis f\u00e9minis\u00e9es et autoflorissantes de qualit\u00e9 garantie","potentialAction":[{"@type":"SearchAction","target":{"@type":"EntryPoint","urlTemplate":"https:\/\/genehtik.com\/?s={search_term_string}"},"query-input":{"@type":"PropertyValueSpecification","valueRequired":true,"valueName":"search_term_string"}}],"inLanguage":"fr-FR"}]}},"_links":{"self":[{"href":"https:\/\/genehtik.com\/fr\/wp-json\/wp\/v2\/product\/42433","targetHints":{"allow":["GET"]}}],"collection":[{"href":"https:\/\/genehtik.com\/fr\/wp-json\/wp\/v2\/product"}],"about":[{"href":"https:\/\/genehtik.com\/fr\/wp-json\/wp\/v2\/types\/product"}],"wp:featuredmedia":[{"embeddable":true,"href":"https:\/\/genehtik.com\/fr\/wp-json\/wp\/v2\/media\/42569"}],"wp:attachment":[{"href":"https:\/\/genehtik.com\/fr\/wp-json\/wp\/v2\/media?parent=42433"}],"wp:term":[{"taxonomy":"product_brand","embeddable":true,"href":"https:\/\/genehtik.com\/fr\/wp-json\/wp\/v2\/product_brand?post=42433"},{"taxonomy":"product_cat","embeddable":true,"href":"https:\/\/genehtik.com\/fr\/wp-json\/wp\/v2\/product_cat?post=42433"},{"taxonomy":"product_tag","embeddable":true,"href":"https:\/\/genehtik.com\/fr\/wp-json\/wp\/v2\/product_tag?post=42433"}],"curies":[{"name":"wp","href":"https:\/\/api.w.org\/{rel}","templated":true}]}}