{"id":42434,"date":"2025-09-24T08:52:00","date_gmt":"2025-09-24T08:52:00","guid":{"rendered":"https:\/\/clon.genehtik.com\/?post_type=product&#038;p=42434"},"modified":"2026-02-26T12:16:17","modified_gmt":"2026-02-26T12:16:17","slug":"girl-scout-cookies","status":"publish","type":"product","link":"https:\/\/genehtik.com\/fr\/produit\/girl-scout-cookies\/","title":{"rendered":"Biscuits des Girl Scouts"},"content":{"rendered":"<div class=\"wpb-content-wrapper\"><div class=\"vc_row wpb_row vc_row-fluid edgtf-section edgtf-content-aligment-left\" style=\"\"><div class=\"clearfix edgtf-full-section-inner\"><div class=\"wpb_column vc_column_container vc_col-sm-12\"><div class=\"vc_column-inner\"><div class=\"wpb_wrapper\"><div class=\"vc_empty_space\"   style=\"height: 20px\"><span class=\"vc_empty_space_inner\"><\/span><\/div><\/div><\/div><\/div><\/div><\/div><div class=\"vc_row wpb_row vc_row-fluid edgtf-section edgtf-content-aligment-center\" style=\"\"><div class=\"clearfix edgtf-full-section-inner\"><div class=\"wpb_column vc_column_container vc_col-sm-6 vc_col-has-fill\"><div class=\"vc_column-inner vc_custom_1770809278244\"><div class=\"wpb_wrapper\">\n<div class=\"edgtf-section-title edgtf-section-align-center\" style=\"color: #00a94f;font-size: 28px\">\n\tcaract\u00e9ristiques\t<\/div><div class=\"vc_empty_space\"   style=\"height: 20px\"><span class=\"vc_empty_space_inner\"><\/span><\/div>\n\t<div class=\"wpb_text_column wpb_content_element\" >\n\t\t<div class=\"wpb_wrapper\">\n\t\t\t<p style=\"text-align: center;\"><span style=\"color: #00a94f;\"><strong>G\u00e9n\u00e9tique<\/strong><\/span><\/p>\n\n\t\t<\/div>\n\t<\/div>\n\n\t<div class=\"wpb_text_column wpb_content_element\" >\n\t\t<div class=\"wpb_wrapper\">\n\t\t\t<p style=\"text-align: center;\">Girl Scout Cookies x OG Lemon Bilbo<\/p>\n\n\t\t<\/div>\n\t<\/div>\n\n\t<div class=\"wpb_text_column wpb_content_element\" >\n\t\t<div class=\"wpb_wrapper\">\n\t\t\t<p style=\"text-align: center;\"><span style=\"color: #00a94f;\"><strong>Gars<\/strong><\/span><\/p>\n\n\t\t<\/div>\n\t<\/div>\n\n\t<div class=\"wpb_text_column wpb_content_element\" >\n\t\t<div class=\"wpb_wrapper\">\n\t\t\t<p style=\"text-align: center;\">indica (80% indica \/ 20% sativa)<\/p>\n\n\t\t<\/div>\n\t<\/div>\n\n\t<div class=\"wpb_text_column wpb_content_element\" >\n\t\t<div class=\"wpb_wrapper\">\n\t\t\t<p style=\"text-align: center;\"><span style=\"color: #00a94f;\"><strong>Production nationale<\/strong><\/span><\/p>\n\n\t\t<\/div>\n\t<\/div>\n\n\t<div class=\"wpb_text_column wpb_content_element\" >\n\t\t<div class=\"wpb_wrapper\">\n\t\t\t<p style=\"text-align: center;\">500-550 g\/m\u00b2<\/p>\n\n\t\t<\/div>\n\t<\/div>\n\n\t<div class=\"wpb_text_column wpb_content_element\" >\n\t\t<div class=\"wpb_wrapper\">\n\t\t\t<p style=\"text-align: center;\"><span style=\"color: #00a94f;\"><strong>Production externe<\/strong><\/span><\/p>\n\n\t\t<\/div>\n\t<\/div>\n\n\t<div class=\"wpb_text_column wpb_content_element\" >\n\t\t<div class=\"wpb_wrapper\">\n\t\t\t<p style=\"text-align: center;\">1000-1500 g\/plante<\/p>\n\n\t\t<\/div>\n\t<\/div>\n\n\t<div class=\"wpb_text_column wpb_content_element\" >\n\t\t<div class=\"wpb_wrapper\">\n\t\t\t<p style=\"text-align: center;\"><span style=\"color: #00a94f;\"><strong>Fleurs d&#039;int\u00e9rieur<\/strong><\/span><\/p>\n\n\t\t<\/div>\n\t<\/div>\n\n\t<div class=\"wpb_text_column wpb_content_element\" >\n\t\t<div class=\"wpb_wrapper\">\n\t\t\t<p style=\"text-align: center;\">65 \u00e0 75 jours<\/p>\n\n\t\t<\/div>\n\t<\/div>\n\n\t<div class=\"wpb_text_column wpb_content_element\" >\n\t\t<div class=\"wpb_wrapper\">\n\t\t\t<p style=\"text-align: center;\"><span style=\"color: #00a94f;\"><strong>R\u00e9colte en plein air<\/strong><\/span><\/p>\n\n\t\t<\/div>\n\t<\/div>\n\n\t<div class=\"wpb_text_column wpb_content_element\" >\n\t\t<div class=\"wpb_wrapper\">\n\t\t\t<p style=\"text-align: center;\">H\u00e9misph\u00e8re Nord : octobre<\/p>\n\n\t\t<\/div>\n\t<\/div>\n\n\t<div class=\"wpb_text_column wpb_content_element\" >\n\t\t<div class=\"wpb_wrapper\">\n\t\t\t<p style=\"text-align: center;\">H\u00e9misph\u00e8re Sud : avril<\/p>\n\n\t\t<\/div>\n\t<\/div>\n<div class=\"vc_empty_space\"   style=\"height: 20px\"><span class=\"vc_empty_space_inner\"><\/span><\/div><\/div><\/div><\/div><div class=\"wpb_column vc_column_container vc_col-sm-6\"><div class=\"vc_column-inner\"><div class=\"wpb_wrapper\">\n<div class=\"edgtf-section-title edgtf-section-align-center\" style=\"color: #00a94f;font-size: 28px\">\n\tConditions optimales\t<\/div><div class=\"vc_empty_space\"   style=\"height: 20px\"><span class=\"vc_empty_space_inner\"><\/span><\/div>\n    <span class=\"edgtf-icon-shortcode circle edgtf-icon-medium\"  >\n        \n        <i class=\"edgtf-icon-font-awesome fa fa-book edgtf-icon-element\" style=\"\" ><\/i>\n            <\/span>\n\n<div class=\"vc_empty_space\"   style=\"height: 20px\"><span class=\"vc_empty_space_inner\"><\/span><\/div>\n\t<div class=\"wpb_text_column wpb_content_element\" >\n\t\t<div class=\"wpb_wrapper\">\n\t\t\t<p style=\"text-align: center;\"><em>Pour un d\u00e9veloppement optimal et des performances maximales en termes de saveur, d&#039;ar\u00f4me, d&#039;effet et de production, consultez les conditions de culture optimales.<\/em><\/p>\n\n\t\t<\/div>\n\t<\/div>\n<div class=\"vc_empty_space\"   style=\"height: 20px\"><span class=\"vc_empty_space_inner\"><\/span><\/div>\t<div class=\"edgtf-call-to-action edgtf-cta-standard\" >\n\t\t\t\t\t<div class=\"edgtf-call-to-action-row-50-50 clearfix\" style=\"padding: 20px;\">\n\t\t\t\t<div class=\"edgtf-text-wrapper edgtf-call-to-action-column1 edgtf-call-to-action-cell\">\n\t\t\t\t\t<div class=\"edgtf-call-to-action-text\" >Param\u00e8tres de culture<\/div>\n\t\t\t\t<\/div>\n\t\t\t\t<div class=\"edgtf-button-wrapper edgtf-call-to-action-column2 edgtf-call-to-action-cell\" style =\"text-align: center ;\">\n\t\t\t\t\t<a href=\"https:\/\/genehtik.com\/fr\/condiciones-optimas-cultivo\/\" target=\"_self\" style=\"color: #ffffff;background-color: #00a94f\" class=\"edgtf-btn edgtf-btn-large edgtf-btn-solid-white edgtf-btn-custom-hover-bg edgtf-btn-custom-hover-color\" data-hover-bg-color=\"#ffffff\" data-hover-color=\"#00a94f\" >\t\t\t<span class=\"edgtf-btn-text\">consulter<\/span>\t    <\/a>\t\t\t\t<\/div>\n\t\t\t<\/div>\n\t\t\t<\/div>\n<\/div><\/div><\/div><\/div><\/div><div class=\"vc_row wpb_row vc_row-fluid edgtf-section edgtf-content-aligment-left\" style=\"\"><div class=\"clearfix edgtf-full-section-inner\"><div class=\"wpb_column vc_column_container vc_col-sm-12\"><div class=\"vc_column-inner\"><div class=\"wpb_wrapper\"><div class=\"vc_empty_space\"   style=\"height: 20px\"><span class=\"vc_empty_space_inner\"><\/span><\/div>\n\t<div class=\"wpb_text_column wpb_content_element\" >\n\t\t<div class=\"wpb_wrapper\">\n\t\t\t<p><strong>Girl Scout Cookies\u00a0: Une puissance l\u00e9gendaire avec une \u00e2me moderne.<\/strong><\/p>\n<p>&nbsp;<\/p>\n<p>Cette vari\u00e9t\u00e9, \u00e9galement connue sous le nom de GSC, est actuellement l&#039;une des souches californiennes classiques les plus reconnues au monde. C&#039;est sans aucun doute l&#039;une des meilleures cr\u00e9ations de la soci\u00e9t\u00e9 Cookies Fam et elle tire son nom des biscuits que les Girl Scouts vendaient pour financer leurs groupes.<\/p>\n<p>&nbsp;<\/p>\n<h3>ORIGINE ET CROISEMENT<\/h3>\n<p>&nbsp;<\/p>\n<p>Pour comprendre l&#039;origine de cette lign\u00e9e g\u00e9n\u00e9tique, il faut remonter \u00e0 la fin de la premi\u00e8re d\u00e9cennie de ce si\u00e8cle et se situer en Californie ensoleill\u00e9e, o\u00f9 un cultivateur connu sous le nom de Jigga, membre du collectif de cultivateurs Cookies Fam, a d\u00e9velopp\u00e9 un croisement entre deux r\u00e9f\u00e9rences de l&#039;\u00e9poque\u00a0: l&#039;OG Kush, un grand classique aux effets relaxants originaire de la c\u00f4te ouest des \u00c9tats-Unis, et la Durban Poison, une sativa sud-africaine originaire de la ville c\u00f4ti\u00e8re de Durban, c\u00e9l\u00e8bre pour ses effets \u00e9nergisants et sa saveur \u00e9pic\u00e9e.<\/p>\n<p>Chez Genehtik Seeds, nous avons adopt\u00e9 cette nouvelle vari\u00e9t\u00e9 et, sous la direction experte de notre s\u00e9lectionneur David Merino, nous l&#039;avons transform\u00e9e en produit phare de notre catalogue. Apr\u00e8s avoir crois\u00e9 cet hybride californien avec notre OG Lemon Bilbo, nous avons stabilis\u00e9 notre Girl Scout Cookies par Genehtik Seeds. C&#039;est une vari\u00e9t\u00e9 puissante \u00e0 dominance indica (80% \u2013 20%) facilement reconnaissable \u00e0 son ar\u00f4me et \u00e0 sa saveur remarquables.<\/p>\n<p>&nbsp;<\/p>\n<h3>ASPECT<\/h3>\n<p>&nbsp;<\/p>\n<p>C&#039;est une plante compacte aux feuilles pourpres, pr\u00e9sentant la structure typique de la famille OG Kush. Elle fleurit en seulement 9 \u00e0 10 semaines \u00e0 partir de la graine, avec un rendement de 500 \u00e0 550 grammes par m\u00e8tre carr\u00e9 en int\u00e9rieur. En ext\u00e9rieur, elle excelle sous les climats temp\u00e9r\u00e9s et offre des rendements spectaculaires.<\/p>\n<h3>AR\u00d4ME ET SAVEUR<\/h3>\n<p>&nbsp;<\/p>\n<p>Une douce exp\u00e9rience gustative aux notes de sabl\u00e9 et de vanille, avec des touches terreuses.<\/p>\n<p>&nbsp;<\/p>\n<h3>EFFET<\/h3>\n<p>&nbsp;<\/p>\n<p>Son effet indica commence par une explosion c\u00e9r\u00e9brale de cr\u00e9ativit\u00e9 et de positivit\u00e9, suivie d&#039;un calme r\u00e9confortant qui d\u00e9tend le corps et l&#039;esprit, une option id\u00e9ale pour d\u00e9connecter apr\u00e8s une journ\u00e9e intense.<\/p>\n<p>&nbsp;<\/p>\n\n\t\t<\/div>\n\t<\/div>\n<div class=\"vc_empty_space\"   style=\"height: 20px\"><span class=\"vc_empty_space_inner\"><\/span><\/div>\n<div class=\"vc-zigzag-wrapper vc-zigzag-align-center\"><div class=\"vc-zigzag-inner\" style=\"width: 100%;min-height: 14px;background: 0 repeat-x url(&#039;data:image\/svg+xml;utf-8,%3C%3Fxml%20version%3D%221.0%22%20encoding%3D%22utf-8%22%3F%3E%3C%21DOCTYPE%20svg%20PUBLIC%20%22-%2F%2FW3C%2F%2FDTD%20SVG%201.1%2F%2FEN%22%20%22http%3A%2F%2Fwww.w3.org%2FGraphics%2FSVG%2F1.1%2FDTD%2Fsvg11.dtd%22%3E%3Csvg%20width%3D%2214px%22%20height%3D%2212px%22%20viewBox%3D%220%200%2018%2015%22%20version%3D%221.1%22%20xmlns%3D%22http%3A%2F%2Fwww.w3.org%2F2000%2Fsvg%22%20xmlns%3Axlink%3D%22http%3A%2F%2Fwww.w3.org%2F1999%2Fxlink%22%3E%3Cpolygon%20id%3D%22Combined-Shape%22%20fill%3D%22%236dab3c%22%20points%3D%228.98762301%200%200%209.12771969%200%2014.519983%209%205.40479869%2018%2014.519983%2018%209.12771969%22%3E%3C%2Fpolygon%3E%3C%2Fsvg%3E&#039;);\"><\/div><\/div><div class=\"vc_empty_space\"   style=\"height: 20px\"><span class=\"vc_empty_space_inner\"><\/span><\/div>\n\t<div class=\"wpb_text_column wpb_content_element\" >\n\t\t<div class=\"wpb_wrapper\">\n\t\t\t<p>La Girl Scout Cookies est bien plus qu&#039;une simple graine\u00a0; c&#039;est un hybride l\u00e9gendaire au go\u00fbt unique, une vari\u00e9t\u00e9 charg\u00e9e d&#039;histoire et pourtant r\u00e9solument moderne, un classique intemporel. Ses g\u00e8nes classiques lui conf\u00e8rent une puissance ind\u00e9niable, et son ar\u00f4me gourmand surprend \u00e0 chaque bouff\u00e9e. Si vous recherchez une vari\u00e9t\u00e9 qui, avec un peu d&#039;attention, offre d&#039;excellents r\u00e9sultats, cette version Genehtik est votre alli\u00e9e id\u00e9ale. D\u00e9couvrez pourquoi\u00a0: une fois que vous aurez essay\u00e9 notre Girl Scout Cookies, plus rien ne sera comme avant. Vous en redemanderez\u00a0!<\/p>\n\n\t\t<\/div>\n\t<\/div>\n<\/div><\/div><\/div><\/div><\/div><div class=\"vc_row wpb_row vc_row-fluid edgtf-section edgtf-content-aligment-left\" style=\"\"><div class=\"clearfix edgtf-full-section-inner\"><div class=\"wpb_column vc_column_container vc_col-sm-12\"><div class=\"vc_column-inner\"><div class=\"wpb_wrapper\"><div class=\"vc_empty_space\"   style=\"height: 50px\"><span class=\"vc_empty_space_inner\"><\/span><\/div><\/div><\/div><\/div><\/div><\/div>\n<\/div>","protected":false},"excerpt":{"rendered":"<p>&nbsp;<\/p>\n<p>Girl Scout Cookies x OG Lemon Bilbo<\/p>\n<p>&nbsp;<\/p>\n<p>indica (80% indica \/ 20% sativa)<\/p>\n<p>&nbsp;<\/p>","protected":false},"featured_media":5043168,"template":"","meta":{"bwfblock_default_font":""},"product_brand":[],"product_cat":[515,8,6],"product_tag":[],"class_list":{"0":"post-42434","1":"product","2":"type-product","3":"status-publish","4":"has-post-thumbnail","6":"product_cat-productos","7":"product_cat-semillas-de-marihuana","8":"product_cat-semillas-cannabis-feminizadas","10":"first","11":"instock","12":"sale","13":"shipping-taxable","14":"purchasable","15":"product-type-variable","16":"has-default-attributes"},"yoast_head":"<!-- This site is optimized with the Yoast SEO Premium plugin v23.0 (Yoast SEO v27.2) - https:\/\/yoast.com\/product\/yoast-seo-premium-wordpress\/ -->\n<title>Girl Scout Cookies - Comprar semilla de cannabis G.S.C feminizada<\/title>\n<meta name=\"description\" content=\"Semilla de cannabis feminizada Girl Scout Cookies. Cruce de Girl Scout Cookies x OG Lemon Bilbo. Potencia legendaria con alma moderna.\" \/>\n<meta name=\"robots\" content=\"index, follow, max-snippet:-1, max-image-preview:large, max-video-preview:-1\" \/>\n<link rel=\"canonical\" href=\"https:\/\/genehtik.com\/fr\/produit\/girl-scout-cookies\/\" \/>\n<meta property=\"og:locale\" content=\"fr_FR\" \/>\n<meta property=\"og:type\" content=\"article\" \/>\n<meta property=\"og:title\" content=\"Girl Scout Cookies\" \/>\n<meta property=\"og:description\" content=\"Semilla de cannabis feminizada Girl Scout Cookies. Cruce de Girl Scout Cookies x OG Lemon Bilbo. Potencia legendaria con alma moderna.\" \/>\n<meta property=\"og:url\" content=\"https:\/\/genehtik.com\/fr\/produit\/girl-scout-cookies\/\" \/>\n<meta property=\"og:site_name\" content=\"Genehtik\" \/>\n<meta property=\"article:publisher\" content=\"http:\/\/www.facebook.com\/Genehtik\" \/>\n<meta property=\"article:modified_time\" content=\"2026-02-26T12:16:17+00:00\" \/>\n<meta property=\"og:image\" content=\"https:\/\/genehtik.com\/wp-content\/uploads\/2025\/09\/Girl-Scout-Cookies-genehtik.jpg\" \/>\n\t<meta property=\"og:image:width\" content=\"921\" \/>\n\t<meta property=\"og:image:height\" content=\"905\" \/>\n\t<meta property=\"og:image:type\" content=\"image\/jpeg\" \/>\n<meta name=\"twitter:card\" content=\"summary_large_image\" \/>\n<meta name=\"twitter:site\" content=\"@GenehtikEs\" \/>\n<meta name=\"twitter:label1\" content=\"Dur\u00e9e de lecture estim\u00e9e\" \/>\n\t<meta name=\"twitter:data1\" content=\"3 minutes\" \/>\n<script type=\"application\/ld+json\" class=\"yoast-schema-graph\">{\"@context\":\"https:\/\/schema.org\",\"@graph\":[{\"@type\":\"WebPage\",\"@id\":\"https:\/\/genehtik.com\/producto\/girl-scout-cookies\/\",\"url\":\"https:\/\/genehtik.com\/producto\/girl-scout-cookies\/\",\"name\":\"Girl Scout Cookies - Comprar semilla de cannabis G.S.C feminizada\",\"isPartOf\":{\"@id\":\"https:\/\/genehtik.com\/#website\"},\"primaryImageOfPage\":{\"@id\":\"https:\/\/genehtik.com\/producto\/girl-scout-cookies\/#primaryimage\"},\"image\":{\"@id\":\"https:\/\/genehtik.com\/producto\/girl-scout-cookies\/#primaryimage\"},\"thumbnailUrl\":\"https:\/\/genehtik.com\/wp-content\/uploads\/2025\/09\/Girl-Scout-Cookies-genehtik.jpg\",\"datePublished\":\"2025-09-24T08:52:00+00:00\",\"dateModified\":\"2026-02-26T12:16:17+00:00\",\"description\":\"Semilla de cannabis feminizada Girl Scout Cookies. Cruce de Girl Scout Cookies x OG Lemon Bilbo. Potencia legendaria con alma moderna.\",\"breadcrumb\":{\"@id\":\"https:\/\/genehtik.com\/producto\/girl-scout-cookies\/#breadcrumb\"},\"inLanguage\":\"fr-FR\",\"potentialAction\":[{\"@type\":\"ReadAction\",\"target\":[\"https:\/\/genehtik.com\/producto\/girl-scout-cookies\/\"]}]},{\"@type\":\"ImageObject\",\"inLanguage\":\"fr-FR\",\"@id\":\"https:\/\/genehtik.com\/producto\/girl-scout-cookies\/#primaryimage\",\"url\":\"https:\/\/genehtik.com\/wp-content\/uploads\/2025\/09\/Girl-Scout-Cookies-genehtik.jpg\",\"contentUrl\":\"https:\/\/genehtik.com\/wp-content\/uploads\/2025\/09\/Girl-Scout-Cookies-genehtik.jpg\",\"width\":921,\"height\":905,\"caption\":\"Girl-Scout-Cookies-genehtik\"},{\"@type\":\"BreadcrumbList\",\"@id\":\"https:\/\/genehtik.com\/producto\/girl-scout-cookies\/#breadcrumb\",\"itemListElement\":[{\"@type\":\"ListItem\",\"position\":1,\"name\":\"Home\",\"item\":\"https:\/\/genehtik.com\/\"},{\"@type\":\"ListItem\",\"position\":2,\"name\":\"Comprar semillas de cannabis Genehtik\",\"item\":\"https:\/\/genehtik.com\/tienda\/\"},{\"@type\":\"ListItem\",\"position\":3,\"name\":\"Girl Scout Cookies\"}]},{\"@type\":\"WebSite\",\"@id\":\"https:\/\/genehtik.com\/#website\",\"url\":\"https:\/\/genehtik.com\/\",\"name\":\"Genehtik\",\"description\":\"Banco de semillas de cannabis feminizadas y autoflorecientes de calidad y garant\u00eda\",\"potentialAction\":[{\"@type\":\"SearchAction\",\"target\":{\"@type\":\"EntryPoint\",\"urlTemplate\":\"https:\/\/genehtik.com\/?s={search_term_string}\"},\"query-input\":{\"@type\":\"PropertyValueSpecification\",\"valueRequired\":true,\"valueName\":\"search_term_string\"}}],\"inLanguage\":\"fr-FR\"}]}<\/script>\n<!-- \/ Yoast SEO Premium plugin. -->","yoast_head_json":{"title":"Girl Scout Cookies - Comprar semilla de cannabis G.S.C feminizada","description":"Semilla de cannabis feminizada Girl Scout Cookies. Cruce de Girl Scout Cookies x OG Lemon Bilbo. Potencia legendaria con alma moderna.","robots":{"index":"index","follow":"follow","max-snippet":"max-snippet:-1","max-image-preview":"max-image-preview:large","max-video-preview":"max-video-preview:-1"},"canonical":"https:\/\/genehtik.com\/fr\/produit\/girl-scout-cookies\/","og_locale":"fr_FR","og_type":"article","og_title":"Girl Scout Cookies","og_description":"Semilla de cannabis feminizada Girl Scout Cookies. Cruce de Girl Scout Cookies x OG Lemon Bilbo. Potencia legendaria con alma moderna.","og_url":"https:\/\/genehtik.com\/fr\/produit\/girl-scout-cookies\/","og_site_name":"Genehtik","article_publisher":"http:\/\/www.facebook.com\/Genehtik","article_modified_time":"2026-02-26T12:16:17+00:00","og_image":[{"width":921,"height":905,"url":"https:\/\/genehtik.com\/wp-content\/uploads\/2025\/09\/Girl-Scout-Cookies-genehtik.jpg","type":"image\/jpeg"}],"twitter_card":"summary_large_image","twitter_site":"@GenehtikEs","twitter_misc":{"Dur\u00e9e de lecture estim\u00e9e":"3 minutes"},"schema":{"@context":"https:\/\/schema.org","@graph":[{"@type":"WebPage","@id":"https:\/\/genehtik.com\/producto\/girl-scout-cookies\/","url":"https:\/\/genehtik.com\/producto\/girl-scout-cookies\/","name":"Girl Scout Cookies - Comprar semilla de cannabis G.S.C feminizada","isPartOf":{"@id":"https:\/\/genehtik.com\/#website"},"primaryImageOfPage":{"@id":"https:\/\/genehtik.com\/producto\/girl-scout-cookies\/#primaryimage"},"image":{"@id":"https:\/\/genehtik.com\/producto\/girl-scout-cookies\/#primaryimage"},"thumbnailUrl":"https:\/\/genehtik.com\/wp-content\/uploads\/2025\/09\/Girl-Scout-Cookies-genehtik.jpg","datePublished":"2025-09-24T08:52:00+00:00","dateModified":"2026-02-26T12:16:17+00:00","description":"Semilla de cannabis feminizada Girl Scout Cookies. Cruce de Girl Scout Cookies x OG Lemon Bilbo. Potencia legendaria con alma moderna.","breadcrumb":{"@id":"https:\/\/genehtik.com\/producto\/girl-scout-cookies\/#breadcrumb"},"inLanguage":"fr-FR","potentialAction":[{"@type":"ReadAction","target":["https:\/\/genehtik.com\/producto\/girl-scout-cookies\/"]}]},{"@type":"ImageObject","inLanguage":"fr-FR","@id":"https:\/\/genehtik.com\/producto\/girl-scout-cookies\/#primaryimage","url":"https:\/\/genehtik.com\/wp-content\/uploads\/2025\/09\/Girl-Scout-Cookies-genehtik.jpg","contentUrl":"https:\/\/genehtik.com\/wp-content\/uploads\/2025\/09\/Girl-Scout-Cookies-genehtik.jpg","width":921,"height":905,"caption":"Girl-Scout-Cookies-genehtik"},{"@type":"BreadcrumbList","@id":"https:\/\/genehtik.com\/producto\/girl-scout-cookies\/#breadcrumb","itemListElement":[{"@type":"ListItem","position":1,"name":"Home","item":"https:\/\/genehtik.com\/"},{"@type":"ListItem","position":2,"name":"Comprar semillas de cannabis Genehtik","item":"https:\/\/genehtik.com\/tienda\/"},{"@type":"ListItem","position":3,"name":"Girl Scout Cookies"}]},{"@type":"WebSite","@id":"https:\/\/genehtik.com\/#website","url":"https:\/\/genehtik.com\/","name":"Genehtik","description":"Banque de graines de cannabis f\u00e9minis\u00e9es et autoflorissantes de qualit\u00e9 garantie","potentialAction":[{"@type":"SearchAction","target":{"@type":"EntryPoint","urlTemplate":"https:\/\/genehtik.com\/?s={search_term_string}"},"query-input":{"@type":"PropertyValueSpecification","valueRequired":true,"valueName":"search_term_string"}}],"inLanguage":"fr-FR"}]}},"_links":{"self":[{"href":"https:\/\/genehtik.com\/fr\/wp-json\/wp\/v2\/product\/42434","targetHints":{"allow":["GET"]}}],"collection":[{"href":"https:\/\/genehtik.com\/fr\/wp-json\/wp\/v2\/product"}],"about":[{"href":"https:\/\/genehtik.com\/fr\/wp-json\/wp\/v2\/types\/product"}],"wp:featuredmedia":[{"embeddable":true,"href":"https:\/\/genehtik.com\/fr\/wp-json\/wp\/v2\/media\/5043168"}],"wp:attachment":[{"href":"https:\/\/genehtik.com\/fr\/wp-json\/wp\/v2\/media?parent=42434"}],"wp:term":[{"taxonomy":"product_brand","embeddable":true,"href":"https:\/\/genehtik.com\/fr\/wp-json\/wp\/v2\/product_brand?post=42434"},{"taxonomy":"product_cat","embeddable":true,"href":"https:\/\/genehtik.com\/fr\/wp-json\/wp\/v2\/product_cat?post=42434"},{"taxonomy":"product_tag","embeddable":true,"href":"https:\/\/genehtik.com\/fr\/wp-json\/wp\/v2\/product_tag?post=42434"}],"curies":[{"name":"wp","href":"https:\/\/api.w.org\/{rel}","templated":true}]}}