{"id":42771,"date":"2025-01-19T10:52:06","date_gmt":"2025-01-19T10:52:06","guid":{"rendered":"https:\/\/clon.genehtik.com\/?post_type=product&#038;p=42771"},"modified":"2026-04-07T09:50:16","modified_gmt":"2026-04-07T09:50:16","slug":"face-off-og-bilbo","status":"publish","type":"product","link":"https:\/\/genehtik.com\/fr\/produit\/face-off-og-bilbo\/","title":{"rendered":"Face Off OG Bilbo"},"content":{"rendered":"<div class=\"wpb-content-wrapper\"><div class=\"vc_row wpb_row vc_row-fluid edgtf-section edgtf-content-aligment-left\" style=\"\"><div class=\"clearfix edgtf-full-section-inner\"><div class=\"wpb_column vc_column_container vc_col-sm-12\"><div class=\"vc_column-inner\"><div class=\"wpb_wrapper\"><div class=\"vc_empty_space\"   style=\"height: 20px\"><span class=\"vc_empty_space_inner\"><\/span><\/div><\/div><\/div><\/div><\/div><\/div><div class=\"vc_row wpb_row vc_row-fluid edgtf-section vc_custom_1589876653938 edgtf-content-aligment-center\" style=\"\"><div class=\"clearfix edgtf-full-section-inner\"><div class=\"wpb_column vc_column_container vc_col-sm-6 vc_col-has-fill\"><div class=\"vc_column-inner vc_custom_1770810089594\"><div class=\"wpb_wrapper\">\n<div class=\"edgtf-section-title edgtf-section-align-center\" style=\"color: #00a94f;font-size: 28px\">\n\tcaract\u00e9ristiques\t<\/div><div class=\"vc_empty_space\"   style=\"height: 20px\"><span class=\"vc_empty_space_inner\"><\/span><\/div>\n\t<div class=\"wpb_text_column wpb_content_element\" >\n\t\t<div class=\"wpb_wrapper\">\n\t\t\t<p style=\"text-align: center;\"><span style=\"color: #00a94f;\"><strong>G\u00e9n\u00e9tique<\/strong><\/span><\/p>\n\n\t\t<\/div>\n\t<\/div>\n\n\t<div class=\"wpb_text_column wpb_content_element\" >\n\t\t<div class=\"wpb_wrapper\">\n\t\t\t<p style=\"text-align: center;\">Face off OG Kush x OG Lemon Bilbo<\/p>\n\n\t\t<\/div>\n\t<\/div>\n\n\t<div class=\"wpb_text_column wpb_content_element\" >\n\t\t<div class=\"wpb_wrapper\">\n\t\t\t<p style=\"text-align: center;\"><span style=\"color: #00a94f;\"><strong>Gars<\/strong><\/span><\/p>\n\n\t\t<\/div>\n\t<\/div>\n\n\t<div class=\"wpb_text_column wpb_content_element\" >\n\t\t<div class=\"wpb_wrapper\">\n\t\t\t<p style=\"text-align: center;\">indica (70% indica \/ 30% sativa)<\/p>\n\n\t\t<\/div>\n\t<\/div>\n\n\t<div class=\"wpb_text_column wpb_content_element\" >\n\t\t<div class=\"wpb_wrapper\">\n\t\t\t<p style=\"text-align: center;\"><span style=\"color: #00a94f;\"><strong>Production nationale<\/strong><\/span><\/p>\n\n\t\t<\/div>\n\t<\/div>\n\n\t<div class=\"wpb_text_column wpb_content_element\" >\n\t\t<div class=\"wpb_wrapper\">\n\t\t\t<p style=\"text-align: center;\">500-600 g\/m\u00b2<\/p>\n\n\t\t<\/div>\n\t<\/div>\n\n\t<div class=\"wpb_text_column wpb_content_element\" >\n\t\t<div class=\"wpb_wrapper\">\n\t\t\t<p style=\"text-align: center;\"><span style=\"color: #00a94f;\"><strong>Production externe<\/strong><\/span><\/p>\n\n\t\t<\/div>\n\t<\/div>\n\n\t<div class=\"wpb_text_column wpb_content_element\" >\n\t\t<div class=\"wpb_wrapper\">\n\t\t\t<p style=\"text-align: center;\">1000-1300 g\/plante<\/p>\n\n\t\t<\/div>\n\t<\/div>\n\n\t<div class=\"wpb_text_column wpb_content_element\" >\n\t\t<div class=\"wpb_wrapper\">\n\t\t\t<p style=\"text-align: center;\"><span style=\"color: #00a94f;\"><strong>Fleurs d&#039;int\u00e9rieur<\/strong><\/span><\/p>\n\n\t\t<\/div>\n\t<\/div>\n\n\t<div class=\"wpb_text_column wpb_content_element\" >\n\t\t<div class=\"wpb_wrapper\">\n\t\t\t<p style=\"text-align: center;\">60 \u00e0 63 jours<\/p>\n\n\t\t<\/div>\n\t<\/div>\n\n\t<div class=\"wpb_text_column wpb_content_element\" >\n\t\t<div class=\"wpb_wrapper\">\n\t\t\t<p style=\"text-align: center;\"><span style=\"color: #00a94f;\"><strong>R\u00e9colte en plein air<\/strong><\/span><\/p>\n\n\t\t<\/div>\n\t<\/div>\n\n\t<div class=\"wpb_text_column wpb_content_element\" >\n\t\t<div class=\"wpb_wrapper\">\n\t\t\t<p style=\"text-align: center;\">H\u00e9misph\u00e8re Nord : octobre<\/p>\n\n\t\t<\/div>\n\t<\/div>\n\n\t<div class=\"wpb_text_column wpb_content_element\" >\n\t\t<div class=\"wpb_wrapper\">\n\t\t\t<p style=\"text-align: center;\">H\u00e9misph\u00e8re Sud : avril<\/p>\n\n\t\t<\/div>\n\t<\/div>\n<div class=\"vc_empty_space\"   style=\"height: 20px\"><span class=\"vc_empty_space_inner\"><\/span><\/div><\/div><\/div><\/div><div class=\"wpb_column vc_column_container vc_col-sm-6\"><div class=\"vc_column-inner\"><div class=\"wpb_wrapper\">\n<div class=\"edgtf-section-title edgtf-section-align-center\" style=\"color: #00a94f;font-size: 28px\">\n\tConditions optimales\t<\/div><div class=\"vc_empty_space\"   style=\"height: 20px\"><span class=\"vc_empty_space_inner\"><\/span><\/div>\n    <span class=\"edgtf-icon-shortcode circle edgtf-icon-medium\"  >\n        \n        <i class=\"edgtf-icon-font-awesome fa fa-book edgtf-icon-element\" style=\"\" ><\/i>\n            <\/span>\n\n<div class=\"vc_empty_space\"   style=\"height: 20px\"><span class=\"vc_empty_space_inner\"><\/span><\/div>\n\t<div class=\"wpb_text_column wpb_content_element\" >\n\t\t<div class=\"wpb_wrapper\">\n\t\t\t<p style=\"text-align: center;\"><em>Pour un d\u00e9veloppement optimal et des performances maximales en termes de saveur, d&#039;ar\u00f4me, d&#039;effet et de production, consultez les conditions de culture optimales.<\/em><\/p>\n\n\t\t<\/div>\n\t<\/div>\n<div class=\"vc_empty_space\"   style=\"height: 20px\"><span class=\"vc_empty_space_inner\"><\/span><\/div>\t<div class=\"edgtf-call-to-action edgtf-cta-standard\" >\n\t\t\t\t\t<div class=\"edgtf-call-to-action-row-50-50 clearfix\" style=\"padding: 20px;\">\n\t\t\t\t<div class=\"edgtf-text-wrapper edgtf-call-to-action-column1 edgtf-call-to-action-cell\">\n\t\t\t\t\t<div class=\"edgtf-call-to-action-text\" >Param\u00e8tres de culture<\/div>\n\t\t\t\t<\/div>\n\t\t\t\t<div class=\"edgtf-button-wrapper edgtf-call-to-action-column2 edgtf-call-to-action-cell\" style =\"text-align: center ;\">\n\t\t\t\t\t<a href=\"https:\/\/genehtik.com\/fr\/condiciones-optimas-cultivo\/\" target=\"_self\" style=\"color: #ffffff;background-color: #00a94f\" class=\"edgtf-btn edgtf-btn-large edgtf-btn-solid-white edgtf-btn-custom-hover-bg edgtf-btn-custom-hover-color\" data-hover-bg-color=\"#ffffff\" data-hover-color=\"#00a94f\" >\t\t\t<span class=\"edgtf-btn-text\">Consulter<\/span>\t    <\/a>\t\t\t\t<\/div>\n\t\t\t<\/div>\n\t\t\t<\/div>\n<\/div><\/div><\/div><\/div><\/div><div class=\"vc_row wpb_row vc_row-fluid edgtf-section edgtf-content-aligment-left\" style=\"\"><div class=\"clearfix edgtf-full-section-inner\"><div class=\"wpb_column vc_column_container vc_col-sm-12\"><div class=\"vc_column-inner\"><div class=\"wpb_wrapper\"><div class=\"vc_empty_space\"   style=\"height: 20px\"><span class=\"vc_empty_space_inner\"><\/span><\/div>\n\t<div class=\"wpb_text_column wpb_content_element\" >\n\t\t<div class=\"wpb_wrapper\">\n\t\t\t<h3>ORIGINE ET CROISEMENT<\/h3>\n<p>&nbsp;<\/p>\n<p>\u00c0 la fin des ann\u00e9es 1990, cette vari\u00e9t\u00e9 a acquis une grande notori\u00e9t\u00e9 en Californie gr\u00e2ce \u00e0 son ph\u00e9notype exceptionnel d&#039;OG Kush. Elle a \u00e9t\u00e9 baptis\u00e9e Face Off, en r\u00e9f\u00e9rence au film avec John Travolta et Nicolas Cage o\u00f9 les protagonistes \u00e9changent leurs visages. La l\u00e9gende raconte que son effet puissant modifie le visage, ou plut\u00f4t, le retourne compl\u00e8tement, ce qui expliquerait sa popularit\u00e9 fulgurante aupr\u00e8s des Californiens.<\/p>\n<p>&nbsp;<\/p>\n<h3>ASPECT<\/h3>\n<p>&nbsp;<\/p>\n<p>La FACE OFF OG BILBO est la FACE OFF OG KUSH originale de Californie, f\u00e9minis\u00e9e \u00e0 BILBO. Cette vari\u00e9t\u00e9 \u00e0 dominance Indica (70 % Indica et 30 % Sativa) produit des t\u00eates denses et extr\u00eamement r\u00e9sineuses, aux pistils \u00e9pais et rouge\u00e2tres qui contrastent avec la teinte vert citron des bourgeons. Plante puissante de taille moyenne, elle atteint sa pleine maturit\u00e9 apr\u00e8s environ 63 jours de floraison.<\/p>\n<p>&nbsp;<\/p>\n<h3>AR\u00d4ME ET SAVEUR<\/h3>\n<p>&nbsp;<\/p>\n<p>Les ar\u00f4mes terreux, de mousse et de for\u00eat humide, tr\u00e8s caract\u00e9ristiques de l&#039;OG Kush, sont notables dans cette vari\u00e9t\u00e9.<\/p>\n<p>&nbsp;<\/p>\n<h3>EFFET<\/h3>\n<p>&nbsp;<\/p>\n<p>Puissant effet analg\u00e9sique narcotique indica, avec un THC moyen de 21%.<\/p>\n\n\t\t<\/div>\n\t<\/div>\n<div class=\"vc_empty_space\"   style=\"height: 30px\"><span class=\"vc_empty_space_inner\"><\/span><\/div>\n<div class=\"edgtf-section-title edgtf-section-align-left\" style=\"color: #00a94f;font-size: 32px\">\n\tTaux de THC et de CBD\t<\/div><div class=\"vc_empty_space\"   style=\"height: 10px\"><span class=\"vc_empty_space_inner\"><\/span><\/div><\/div><\/div><\/div><\/div><\/div><div class=\"vc_row wpb_row vc_row-fluid edgtf-section edgtf-content-aligment-left\" style=\"\"><div class=\"clearfix edgtf-full-section-inner\"><div class=\"wpb_column vc_column_container vc_col-sm-12 vc_col-has-fill\"><div class=\"vc_column-inner vc_custom_1770810028869\"><div class=\"wpb_wrapper\"><div class=\"vc_empty_space\"   style=\"height: 20px\"><span class=\"vc_empty_space_inner\"><\/span><\/div><\/div><\/div><\/div><\/div><\/div><div class=\"vc_row wpb_row vc_row-fluid edgtf-section vc_custom_1770810039989 edgtf-content-aligment-left\" style=\"\"><div class=\"clearfix edgtf-full-section-inner\"><div class=\"wpb_column vc_column_container vc_col-sm-6\"><div class=\"vc_column-inner\"><div class=\"wpb_wrapper\">\n<div class=\"edgtf-section-title edgtf-section-align-center edgtf-section-blink\" style=\"color: #81d742;font-size: 28px\">\n\tPlage de THC<span class=\"edgtf-section-highlighted\" >(20% - 22%)<\/span>\t<\/div><div class=\"vc_empty_space\"   style=\"height: 20px\"><span class=\"vc_empty_space_inner\"><\/span><\/div><div class=\"vc_row wpb_row vc_inner vc_row-fluid edgtf-section edgtf-content-aligment-left\" style=\"\"><div class=\"edgtf-full-section-inner\"><div class=\"wpb_column vc_column_container vc_col-sm-6\"><div class=\"vc_column-inner\"><div class=\"wpb_wrapper\"><div class=\"edgtf-pie-chart-with-icon-holder\">\n\t<div class=\"edgtf-percentage-with-icon\" >\n\t\t<i class=\"edgtf-icon-font-awesome fa\" style=\"\" ><\/i>\t<\/div>\n\t<div class=\"edgtf-pie-chart-text\" >\n\t\t<h5 class=\"edgtf-pie-title\">\n\t\t\t20%\t\t<\/h5>\n\t\t<p><\/p>\n\t<\/div>\n<\/div><\/div><\/div><\/div><div class=\"wpb_column vc_column_container vc_col-sm-6\"><div class=\"vc_column-inner\"><div class=\"wpb_wrapper\"><div class=\"edgtf-pie-chart-with-icon-holder\">\n\t<div class=\"edgtf-percentage-with-icon\" data-percent=\"65\">\n\t\t<i class=\"edgtf-icon-font-awesome fa\" style=\"\" ><\/i>\t<\/div>\n\t<div class=\"edgtf-pie-chart-text\" >\n\t\t<h5 class=\"edgtf-pie-title\">\n\t\t\t22%\t\t<\/h5>\n\t\t<p><\/p>\n\t<\/div>\n<\/div><\/div><\/div><\/div><\/div><\/div><\/div><\/div><\/div><div class=\"wpb_column vc_column_container vc_col-sm-6\"><div class=\"vc_column-inner\"><div class=\"wpb_wrapper\">\n<div class=\"edgtf-section-title edgtf-section-align-center edgtf-section-blink\" style=\"color: #81d742;font-size: 28px\">\n\tGamme CBD<span class=\"edgtf-section-highlighted\" >(0,0,3% - 0,2%)<\/span>\t<\/div><div class=\"vc_empty_space\"   style=\"height: 20px\"><span class=\"vc_empty_space_inner\"><\/span><\/div><div class=\"vc_row wpb_row vc_inner vc_row-fluid edgtf-section edgtf-content-aligment-left\" style=\"\"><div class=\"edgtf-full-section-inner\"><div class=\"wpb_column vc_column_container vc_col-sm-6\"><div class=\"vc_column-inner\"><div class=\"wpb_wrapper\"><div class=\"edgtf-pie-chart-with-icon-holder\">\n\t<div class=\"edgtf-percentage-with-icon\" data-percent=\"4\">\n\t\t<i class=\"edgtf-icon-font-awesome fa\" style=\"\" ><\/i>\t<\/div>\n\t<div class=\"edgtf-pie-chart-text\" >\n\t\t<h5 class=\"edgtf-pie-title\">\n\t\t\t0,0,3%\t\t<\/h5>\n\t\t<p><\/p>\n\t<\/div>\n<\/div><\/div><\/div><\/div><div class=\"wpb_column vc_column_container vc_col-sm-6\"><div class=\"vc_column-inner\"><div class=\"wpb_wrapper\"><div class=\"edgtf-pie-chart-with-icon-holder\">\n\t<div class=\"edgtf-percentage-with-icon\" data-percent=\"15\">\n\t\t<i class=\"edgtf-icon-font-awesome fa\" style=\"\" ><\/i>\t<\/div>\n\t<div class=\"edgtf-pie-chart-text\" >\n\t\t<h5 class=\"edgtf-pie-title\">\n\t\t\t0,20%\t\t<\/h5>\n\t\t<p><\/p>\n\t<\/div>\n<\/div><\/div><\/div><\/div><\/div><\/div><\/div><\/div><\/div><\/div><\/div><div class=\"vc_row wpb_row vc_row-fluid edgtf-section edgtf-content-aligment-left\" style=\"\"><div class=\"clearfix edgtf-full-section-inner\"><div class=\"wpb_column vc_column_container vc_col-sm-12\"><div class=\"vc_column-inner\"><div class=\"wpb_wrapper\"><div class=\"vc_empty_space\"   style=\"height: 20px\"><span class=\"vc_empty_space_inner\"><\/span><\/div><\/div><\/div><\/div><\/div><\/div><div class=\"vc_row wpb_row vc_row-fluid edgtf-section edgtf-content-aligment-left\" style=\"\"><div class=\"clearfix edgtf-full-section-inner\"><div class=\"wpb_column vc_column_container vc_col-sm-12\"><div class=\"vc_column-inner\"><div class=\"wpb_wrapper\"><div class=\"vc_empty_space\"   style=\"height: 30px\"><span class=\"vc_empty_space_inner\"><\/span><\/div><div class=\"edgtf-separator-holder clearfix  edgtf-separator-center edgtf-separator-full-width\">\n\t<div class=\"edgtf-separator\" ><\/div>\n<\/div>\n<div class=\"vc_empty_space\"   style=\"height: 30px\"><span class=\"vc_empty_space_inner\"><\/span><\/div>\n\t<div class=\"wpb_text_column wpb_content_element\" >\n\t\t<div class=\"wpb_wrapper\">\n\t\t\t<h2 style=\"text-align: center;\">Origine de la graine de cannabis FACE OFF OG BILBO<\/h2>\n\n\t\t<\/div>\n\t<\/div>\n\n\t<div class=\"wpb_video_widget wpb_content_element vc_clearfix   vc_custom_1775555405579 vc_video-aspect-ratio-169 vc_video-el-width-100 vc_video-align-left\" >\n\t\t<div class=\"wpb_wrapper\">\n\t\t\t\n\t\t\t<div class=\"wpb_video_wrapper\"><a href=\"https:\/\/vimeo.com\/645984386\">https:\/\/vimeo.com\/645984386<\/a><\/div>\n\t\t<\/div>\n\t<\/div>\n<div class=\"vc_empty_space\"   style=\"height: 50px\"><span class=\"vc_empty_space_inner\"><\/span><\/div><\/div><\/div><\/div><\/div><\/div><div class=\"vc_row wpb_row vc_row-fluid edgtf-section edgtf-content-aligment-left\" style=\"\"><div class=\"clearfix edgtf-full-section-inner\"><div class=\"wpb_column vc_column_container vc_col-sm-12\"><div class=\"vc_column-inner\"><div class=\"wpb_wrapper\"><div class=\"vc_empty_space\"   style=\"height: 30px\"><span class=\"vc_empty_space_inner\"><\/span><\/div><div class=\"edgtf-separator-holder clearfix  edgtf-separator-center edgtf-separator-full-width\">\n\t<div class=\"edgtf-separator\" ><\/div>\n<\/div>\n<div class=\"vc_empty_space\"   style=\"height: 30px\"><span class=\"vc_empty_space_inner\"><\/span><\/div>\n\t<div class=\"wpb_text_column wpb_content_element\" >\n\t\t<div class=\"wpb_wrapper\">\n\t\t\t<h2 style=\"text-align: center;\">Vid\u00e9o de la graine de cannabis FACE OFF OG BILBO<\/h2>\n\n\t\t<\/div>\n\t<\/div>\n\n\t<div class=\"wpb_video_widget wpb_content_element vc_clearfix   vc_custom_1775555042279 vc_video-aspect-ratio-169 vc_video-el-width-100 vc_video-align-left\" >\n\t\t<div class=\"wpb_wrapper\">\n\t\t\t\n\t\t\t<div class=\"wpb_video_wrapper\"><div class=\"lazyload smush-lazyload-video smush-lazyload-vimeo\" style=\"--smush-video-aspect-ratio: 500\/281\" data-bg-image=\"url(https:\/\/i.vimeocdn.com\/video\/1067046439-0dc3d168da5e2d6d356ca155006d95da211938a976a1e62cf5601225f2e8d0b9-d_640?region=us)\" ><iframe title=\"Face Off Og Bilbo - Graine de marijuana f\u00e9minis\u00e9e\" data-src=\"https:\/\/player.vimeo.com\/video\/515253577?dnt=1&amp;app_id=122963\" width=\"500\" height=\"281\" frameborder=\"0\" allow=\"autoplay; fullscreen; picture-in-picture; clipboard-write; encrypted-media; web-share\" referrerpolicy=\"strict-origin-when-cross-origin\" src=\"data:image\/svg+xml;base64,PHN2ZyB3aWR0aD0iMSIgaGVpZ2h0PSIxIiB4bWxucz0iaHR0cDovL3d3dy53My5vcmcvMjAwMC9zdmciPjwvc3ZnPg==\"><\/iframe><span class=\"smush-play-btn\" role=\"button\" aria-label=\"Play video\">\r\n\t\t\t\t<span tabindex=\"0\" class=\"smush-play-btn-inner\">\r\n\t\t\t\t\t<span>Play<\/span>\r\n\t\t\t\t<\/span>\r\n\t\t\t<\/span><\/div><\/div>\n\t\t<\/div>\n\t<\/div>\n<div class=\"vc_empty_space\"   style=\"height: 50px\"><span class=\"vc_empty_space_inner\"><\/span><\/div><\/div><\/div><\/div><\/div><\/div>\n<\/div>","protected":false},"excerpt":{"rendered":"<p>Graine de cannabis Face Off OG Bilbo<\/p>\n<p>&nbsp;<\/p>\n<p>G\u00e9n\u00e9tique : Face off OG Kush x OG Lemon Bilbo<\/p>\n<p>&nbsp;<\/p>\n<p>&nbsp;<\/p>","protected":false},"featured_media":20583,"template":"","meta":{"bwfblock_default_font":""},"product_brand":[],"product_cat":[515,8,6],"product_tag":[],"class_list":{"0":"post-42771","1":"product","2":"type-product","3":"status-publish","4":"has-post-thumbnail","6":"product_cat-productos","7":"product_cat-semillas-de-marihuana","8":"product_cat-semillas-cannabis-feminizadas","10":"first","11":"instock","12":"shipping-taxable","13":"purchasable","14":"product-type-variable","15":"has-default-attributes"},"yoast_head":"<!-- This site is optimized with the Yoast SEO Premium plugin v23.0 (Yoast SEO v27.2) - https:\/\/yoast.com\/product\/yoast-seo-premium-wordpress\/ -->\n<title>Face off OG Bilbo - Comprar semilla de cannabis Face off OG Bilbo<\/title>\n<meta name=\"description\" content=\"Semilla de cannabis autofloreciente Face off OG Bilbo. Cruce Face off OG Kush x OG Lemon Bilbo.\" \/>\n<meta name=\"robots\" content=\"index, follow, max-snippet:-1, max-image-preview:large, max-video-preview:-1\" \/>\n<link rel=\"canonical\" href=\"https:\/\/genehtik.com\/fr\/produit\/face-off-og-bilbo\/\" \/>\n<meta property=\"og:locale\" content=\"fr_FR\" \/>\n<meta property=\"og:type\" content=\"article\" \/>\n<meta property=\"og:title\" content=\"Face Off OG Bilbo\" \/>\n<meta property=\"og:description\" content=\"Semilla de cannabis autofloreciente Face off OG Bilbo. Cruce Face off OG Kush x OG Lemon Bilbo.\" \/>\n<meta property=\"og:url\" content=\"https:\/\/genehtik.com\/fr\/produit\/face-off-og-bilbo\/\" \/>\n<meta property=\"og:site_name\" content=\"Genehtik\" \/>\n<meta property=\"article:publisher\" content=\"http:\/\/www.facebook.com\/Genehtik\" \/>\n<meta property=\"article:modified_time\" content=\"2026-04-07T09:50:16+00:00\" \/>\n<meta property=\"og:image\" content=\"https:\/\/genehtik.com\/wp-content\/uploads\/2021\/03\/Face-off-og-Bilbo-Genehtik.jpg\" \/>\n\t<meta property=\"og:image:width\" content=\"750\" \/>\n\t<meta property=\"og:image:height\" content=\"797\" \/>\n\t<meta property=\"og:image:type\" content=\"image\/jpeg\" \/>\n<meta name=\"twitter:card\" content=\"summary_large_image\" \/>\n<meta name=\"twitter:site\" content=\"@GenehtikEs\" \/>\n<meta name=\"twitter:label1\" content=\"Dur\u00e9e de lecture estim\u00e9e\" \/>\n\t<meta name=\"twitter:data1\" content=\"2 minutes\" \/>\n<script type=\"application\/ld+json\" class=\"yoast-schema-graph\">{\"@context\":\"https:\/\/schema.org\",\"@graph\":[{\"@type\":\"WebPage\",\"@id\":\"https:\/\/genehtik.com\/producto\/face-off-og-bilbo\/\",\"url\":\"https:\/\/genehtik.com\/producto\/face-off-og-bilbo\/\",\"name\":\"Face off OG Bilbo - Comprar semilla de cannabis Face off OG Bilbo\",\"isPartOf\":{\"@id\":\"https:\/\/genehtik.com\/#website\"},\"primaryImageOfPage\":{\"@id\":\"https:\/\/genehtik.com\/producto\/face-off-og-bilbo\/#primaryimage\"},\"image\":{\"@id\":\"https:\/\/genehtik.com\/producto\/face-off-og-bilbo\/#primaryimage\"},\"thumbnailUrl\":\"https:\/\/genehtik.com\/wp-content\/uploads\/2021\/03\/Face-off-og-Bilbo-Genehtik.jpg\",\"datePublished\":\"2025-01-19T10:52:06+00:00\",\"dateModified\":\"2026-04-07T09:50:16+00:00\",\"description\":\"Semilla de cannabis autofloreciente Face off OG Bilbo. Cruce Face off OG Kush x OG Lemon Bilbo.\",\"breadcrumb\":{\"@id\":\"https:\/\/genehtik.com\/producto\/face-off-og-bilbo\/#breadcrumb\"},\"inLanguage\":\"fr-FR\",\"potentialAction\":[{\"@type\":\"ReadAction\",\"target\":[\"https:\/\/genehtik.com\/producto\/face-off-og-bilbo\/\"]}]},{\"@type\":\"ImageObject\",\"inLanguage\":\"fr-FR\",\"@id\":\"https:\/\/genehtik.com\/producto\/face-off-og-bilbo\/#primaryimage\",\"url\":\"https:\/\/genehtik.com\/wp-content\/uploads\/2021\/03\/Face-off-og-Bilbo-Genehtik.jpg\",\"contentUrl\":\"https:\/\/genehtik.com\/wp-content\/uploads\/2021\/03\/Face-off-og-Bilbo-Genehtik.jpg\",\"width\":750,\"height\":797,\"caption\":\"Face Off Og Bilbo - Semilla de marihuana feminizada\"},{\"@type\":\"BreadcrumbList\",\"@id\":\"https:\/\/genehtik.com\/producto\/face-off-og-bilbo\/#breadcrumb\",\"itemListElement\":[{\"@type\":\"ListItem\",\"position\":1,\"name\":\"Home\",\"item\":\"https:\/\/genehtik.com\/\"},{\"@type\":\"ListItem\",\"position\":2,\"name\":\"Comprar semillas de cannabis Genehtik\",\"item\":\"https:\/\/genehtik.com\/tienda\/\"},{\"@type\":\"ListItem\",\"position\":3,\"name\":\"Face Off OG Bilbo\"}]},{\"@type\":\"WebSite\",\"@id\":\"https:\/\/genehtik.com\/#website\",\"url\":\"https:\/\/genehtik.com\/\",\"name\":\"Genehtik\",\"description\":\"Banco de semillas de cannabis feminizadas y autoflorecientes de calidad y garant\u00eda\",\"potentialAction\":[{\"@type\":\"SearchAction\",\"target\":{\"@type\":\"EntryPoint\",\"urlTemplate\":\"https:\/\/genehtik.com\/?s={search_term_string}\"},\"query-input\":{\"@type\":\"PropertyValueSpecification\",\"valueRequired\":true,\"valueName\":\"search_term_string\"}}],\"inLanguage\":\"fr-FR\"}]}<\/script>\n<!-- \/ Yoast SEO Premium plugin. -->","yoast_head_json":{"title":"Face off OG Bilbo - Comprar semilla de cannabis Face off OG Bilbo","description":"Semilla de cannabis autofloreciente Face off OG Bilbo. Cruce Face off OG Kush x OG Lemon Bilbo.","robots":{"index":"index","follow":"follow","max-snippet":"max-snippet:-1","max-image-preview":"max-image-preview:large","max-video-preview":"max-video-preview:-1"},"canonical":"https:\/\/genehtik.com\/fr\/produit\/face-off-og-bilbo\/","og_locale":"fr_FR","og_type":"article","og_title":"Face Off OG Bilbo","og_description":"Semilla de cannabis autofloreciente Face off OG Bilbo. Cruce Face off OG Kush x OG Lemon Bilbo.","og_url":"https:\/\/genehtik.com\/fr\/produit\/face-off-og-bilbo\/","og_site_name":"Genehtik","article_publisher":"http:\/\/www.facebook.com\/Genehtik","article_modified_time":"2026-04-07T09:50:16+00:00","og_image":[{"width":750,"height":797,"url":"https:\/\/genehtik.com\/wp-content\/uploads\/2021\/03\/Face-off-og-Bilbo-Genehtik.jpg","type":"image\/jpeg"}],"twitter_card":"summary_large_image","twitter_site":"@GenehtikEs","twitter_misc":{"Dur\u00e9e de lecture estim\u00e9e":"2 minutes"},"schema":{"@context":"https:\/\/schema.org","@graph":[{"@type":"WebPage","@id":"https:\/\/genehtik.com\/producto\/face-off-og-bilbo\/","url":"https:\/\/genehtik.com\/producto\/face-off-og-bilbo\/","name":"Face off OG Bilbo - Comprar semilla de cannabis Face off OG Bilbo","isPartOf":{"@id":"https:\/\/genehtik.com\/#website"},"primaryImageOfPage":{"@id":"https:\/\/genehtik.com\/producto\/face-off-og-bilbo\/#primaryimage"},"image":{"@id":"https:\/\/genehtik.com\/producto\/face-off-og-bilbo\/#primaryimage"},"thumbnailUrl":"https:\/\/genehtik.com\/wp-content\/uploads\/2021\/03\/Face-off-og-Bilbo-Genehtik.jpg","datePublished":"2025-01-19T10:52:06+00:00","dateModified":"2026-04-07T09:50:16+00:00","description":"Semilla de cannabis autofloreciente Face off OG Bilbo. Cruce Face off OG Kush x OG Lemon Bilbo.","breadcrumb":{"@id":"https:\/\/genehtik.com\/producto\/face-off-og-bilbo\/#breadcrumb"},"inLanguage":"fr-FR","potentialAction":[{"@type":"ReadAction","target":["https:\/\/genehtik.com\/producto\/face-off-og-bilbo\/"]}]},{"@type":"ImageObject","inLanguage":"fr-FR","@id":"https:\/\/genehtik.com\/producto\/face-off-og-bilbo\/#primaryimage","url":"https:\/\/genehtik.com\/wp-content\/uploads\/2021\/03\/Face-off-og-Bilbo-Genehtik.jpg","contentUrl":"https:\/\/genehtik.com\/wp-content\/uploads\/2021\/03\/Face-off-og-Bilbo-Genehtik.jpg","width":750,"height":797,"caption":"Face Off Og Bilbo - Semilla de marihuana feminizada"},{"@type":"BreadcrumbList","@id":"https:\/\/genehtik.com\/producto\/face-off-og-bilbo\/#breadcrumb","itemListElement":[{"@type":"ListItem","position":1,"name":"Home","item":"https:\/\/genehtik.com\/"},{"@type":"ListItem","position":2,"name":"Comprar semillas de cannabis Genehtik","item":"https:\/\/genehtik.com\/tienda\/"},{"@type":"ListItem","position":3,"name":"Face Off OG Bilbo"}]},{"@type":"WebSite","@id":"https:\/\/genehtik.com\/#website","url":"https:\/\/genehtik.com\/","name":"Genehtik","description":"Banque de graines de cannabis f\u00e9minis\u00e9es et autoflorissantes de qualit\u00e9 garantie","potentialAction":[{"@type":"SearchAction","target":{"@type":"EntryPoint","urlTemplate":"https:\/\/genehtik.com\/?s={search_term_string}"},"query-input":{"@type":"PropertyValueSpecification","valueRequired":true,"valueName":"search_term_string"}}],"inLanguage":"fr-FR"}]}},"_links":{"self":[{"href":"https:\/\/genehtik.com\/fr\/wp-json\/wp\/v2\/product\/42771","targetHints":{"allow":["GET"]}}],"collection":[{"href":"https:\/\/genehtik.com\/fr\/wp-json\/wp\/v2\/product"}],"about":[{"href":"https:\/\/genehtik.com\/fr\/wp-json\/wp\/v2\/types\/product"}],"wp:featuredmedia":[{"embeddable":true,"href":"https:\/\/genehtik.com\/fr\/wp-json\/wp\/v2\/media\/20583"}],"wp:attachment":[{"href":"https:\/\/genehtik.com\/fr\/wp-json\/wp\/v2\/media?parent=42771"}],"wp:term":[{"taxonomy":"product_brand","embeddable":true,"href":"https:\/\/genehtik.com\/fr\/wp-json\/wp\/v2\/product_brand?post=42771"},{"taxonomy":"product_cat","embeddable":true,"href":"https:\/\/genehtik.com\/fr\/wp-json\/wp\/v2\/product_cat?post=42771"},{"taxonomy":"product_tag","embeddable":true,"href":"https:\/\/genehtik.com\/fr\/wp-json\/wp\/v2\/product_tag?post=42771"}],"curies":[{"name":"wp","href":"https:\/\/api.w.org\/{rel}","templated":true}]}}