{"id":4830,"date":"2015-07-02T09:28:18","date_gmt":"2015-07-02T09:28:18","guid":{"rendered":"https:\/\/clon.genehtik.com\/?post_type=product&#038;p=4830"},"modified":"2026-04-07T10:16:44","modified_gmt":"2026-04-07T10:16:44","slug":"kritikal-bilbo-auto","status":"publish","type":"product","link":"https:\/\/genehtik.com\/fr\/produit\/kritikal-bilbo-auto\/","title":{"rendered":"Critique Bilbo Auto"},"content":{"rendered":"<div class=\"wpb-content-wrapper\"><div class=\"vc_row wpb_row vc_row-fluid edgtf-section edgtf-content-aligment-left\" style=\"\"><div class=\"clearfix edgtf-full-section-inner\"><div class=\"wpb_column vc_column_container vc_col-sm-12\"><div class=\"vc_column-inner\"><div class=\"wpb_wrapper\">\n\t<div class=\"wpb_text_column wpb_content_element\" >\n\t\t<div class=\"wpb_wrapper\">\n\t\t\t<p><strong>Gars:<\/strong> Kritikal Bilbo Hybride autofloraison<\/p>\n<p><strong>Production nationale :<\/strong>\u00a0500-600 g\/m\u00b2<\/p>\n<p><strong>Production externe :<\/strong>\u00a0125-200 g\/plante<\/p>\n<p><strong>Floraison en int\u00e9rieur :<\/strong> 60 jours<\/p>\n<p><strong>R\u00e9colte en plein air :<\/strong> 8 semaines<\/p>\n<p>En effectuant plusieurs r\u00e9trocroisements de la c\u00e9l\u00e8bre et prim\u00e9e graine de cannabis Kritikal Bilbo avec des vari\u00e9t\u00e9s autoflorissantes, nous avons obtenu cette nouvelle vari\u00e9t\u00e9. Le r\u00e9sultat de ces croisements a produit une plante de cannabis aux saveurs et ar\u00f4mes fruit\u00e9s, \u00e0 l&#039;effet narcotique et au bon rendement.<\/p>\n<p>Elle pr\u00e9sente un taux de croissance rapide qui atteint \u00e0 peine deux semaines, et elle fleurit automatiquement avec une apparence tr\u00e8s similaire \u00e0 celle de Kritikal Bilbo.<\/p>\n<p>Voici une nouvelle g\u00e9n\u00e9ration de graines f\u00e9minis\u00e9es autofloraison, plus puissantes et productives gr\u00e2ce aux diff\u00e9rents croisements que nous avons r\u00e9alis\u00e9s. Les plantes sont de taille moyenne, id\u00e9ales pour les espaces ext\u00e9rieurs discrets, les balcons et les terrasses.<\/p>\n<p>Avec la vari\u00e9t\u00e9 Kritikal Bilbo Auto, nous obtenons de magnifiques r\u00e9sultats en la cultivant en int\u00e9rieur, atteignant une hauteur d&#039;environ 60 \u00e0 70 cm, voire plus.<\/p>\n<p>Cette graine de cannabis produit des plantes touffues comme la Kritikal Bilbo. Elle se distingue \u00e9galement par ses t\u00eates denses et tr\u00e8s aromatiques, qui rappellent fortement sa vari\u00e9t\u00e9 parente.<\/p>\n<p>Id\u00e9al pour ceux qui recherchent une graine autofloraison aux ar\u00f4mes et saveurs fruit\u00e9s et sucr\u00e9s.<\/p>\n<h2><\/h2>\n\n\t\t<\/div>\n\t<\/div>\n<\/div><\/div><\/div><\/div><\/div><div class=\"vc_row wpb_row vc_row-fluid edgtf-section edgtf-content-aligment-left\" style=\"\"><div class=\"clearfix edgtf-full-section-inner\"><div class=\"wpb_column vc_column_container vc_col-sm-12\"><div class=\"vc_column-inner\"><div class=\"wpb_wrapper\">\n\t<div class=\"wpb_text_column wpb_content_element\" >\n\t\t<div class=\"wpb_wrapper\">\n\t\t\t<h2>Vid\u00e9o de la graine de cannabis KRITIKAL BILBO AUTO<\/h2>\n\n\t\t<\/div>\n\t<\/div>\n\n\t<div class=\"wpb_video_widget wpb_content_element vc_clearfix   vc_custom_1775556998879 vc_video-aspect-ratio-169 vc_video-el-width-100 vc_video-align-left\" >\n\t\t<div class=\"wpb_wrapper\">\n\t\t\t\n\t\t\t<div class=\"wpb_video_wrapper\"><div class=\"lazyload smush-lazyload-video smush-lazyload-vimeo\" style=\"--smush-video-aspect-ratio: 500\/281\" data-bg-image=\"url(https:\/\/i.vimeocdn.com\/video\/826505901-4dadf86abea49955cee1325c8c8ff8adbfd69cb285999eac1847dfbf96e784f1-d_640?region=us)\" ><iframe title=\"Kritikal Bilbo Auto - graine de cannabis f\u00e9minis\u00e9e \u00e0 autofloraison\" data-src=\"https:\/\/player.vimeo.com\/video\/369531593?dnt=1&amp;app_id=122963\" width=\"500\" height=\"281\" frameborder=\"0\" allow=\"autoplay; fullscreen; picture-in-picture\" src=\"data:image\/svg+xml;base64,PHN2ZyB3aWR0aD0iMSIgaGVpZ2h0PSIxIiB4bWxucz0iaHR0cDovL3d3dy53My5vcmcvMjAwMC9zdmciPjwvc3ZnPg==\"><\/iframe><span class=\"smush-play-btn\" role=\"button\" aria-label=\"Play video\">\r\n\t\t\t\t<span tabindex=\"0\" class=\"smush-play-btn-inner\">\r\n\t\t\t\t\t<span>Play<\/span>\r\n\t\t\t\t<\/span>\r\n\t\t\t<\/span><\/div><\/div>\n\t\t<\/div>\n\t<\/div>\n<div class=\"vc_empty_space\"   style=\"height: 32px\"><span class=\"vc_empty_space_inner\"><\/span><\/div><\/div><\/div><\/div><\/div><\/div><div class=\"vc_row wpb_row vc_row-fluid edgtf-section edgtf-content-aligment-left\" style=\"\"><div class=\"clearfix edgtf-full-section-inner\"><div class=\"wpb_column vc_column_container vc_col-sm-12\"><div class=\"vc_column-inner\"><div class=\"wpb_wrapper\">\n\t<div class=\"wpb_text_column wpb_content_element\" >\n\t\t<div class=\"wpb_wrapper\">\n\t\t\t<h2 style=\"text-align: center;\">Plus d&#039;informations sur les graines autofloraison de Genehtik sur\u2026 <a href=\"https:\/\/criticalbilbo.com\/autoflorecientes-la-revolucion-genetica-del-cannabis\/\">www.criticalbilbo.com<\/a><\/h2>\n\n\t\t<\/div>\n\t<\/div>\n<\/div><\/div><\/div><\/div><\/div><div class=\"vc_row wpb_row vc_row-fluid edgtf-section edgtf-content-aligment-left\" style=\"\"><div class=\"clearfix edgtf-full-section-inner\"><div class=\"wpb_column vc_column_container vc_col-sm-12\"><div class=\"vc_column-inner\"><div class=\"wpb_wrapper\"><div class=\"vc_empty_space\"   style=\"height: 50px\"><span class=\"vc_empty_space_inner\"><\/span><\/div><\/div><\/div><\/div><\/div><\/div>\n<\/div>","protected":false},"excerpt":{"rendered":"<p>Graine de cannabis f\u00e9minis\u00e9e \u00e0 autofloraison Kritikal Bilbo<\/p>","protected":false},"featured_media":4834,"template":"","meta":{"bwfblock_default_font":""},"product_brand":[],"product_cat":[515,9,8],"product_tag":[269,288,270,268,284,271,272],"class_list":{"0":"post-4830","1":"product","2":"type-product","3":"status-publish","4":"has-post-thumbnail","6":"product_cat-productos","7":"product_cat-semillas-cannabis-autoflorecientes","8":"product_cat-semillas-de-marihuana","9":"product_tag-cannabis","10":"product_tag-kritkal-bilbo-autofloreciente","11":"product_tag-marihuana","12":"product_tag-semillas","13":"product_tag-semillas-autoflorecientes","14":"product_tag-semillas-de-cannabis","15":"product_tag-semillas-de-marihuana","17":"first","18":"instock","19":"shipping-taxable","20":"purchasable","21":"product-type-variable","22":"has-default-attributes"},"yoast_head":"<!-- This site is optimized with the Yoast SEO Premium plugin v23.0 (Yoast SEO v27.2) - https:\/\/yoast.com\/product\/yoast-seo-premium-wordpress\/ -->\n<title>Kritikal Bilbo Auto - Semilla de marihuana autofloreciente<\/title>\n<meta name=\"description\" content=\"Semilla de marihuana autofloreciente feminizada Kritikal Bilbo Auto. Potente y productiva, sabor y aroma afrutados con efecto n\u00e1rcotico y buena producci\u00f3n.\" \/>\n<meta name=\"robots\" content=\"index, follow, max-snippet:-1, max-image-preview:large, max-video-preview:-1\" \/>\n<link rel=\"canonical\" href=\"https:\/\/genehtik.com\/fr\/produit\/kritikal-bilbo-auto\/\" \/>\n<meta property=\"og:locale\" content=\"fr_FR\" \/>\n<meta property=\"og:type\" content=\"article\" \/>\n<meta property=\"og:title\" content=\"Kritikal Bilbo Auto\" \/>\n<meta property=\"og:description\" content=\"Semilla de marihuana autofloreciente feminizada Kritikal Bilbo Auto. Potente y productiva, sabor y aroma afrutados con efecto n\u00e1rcotico y buena producci\u00f3n.\" \/>\n<meta property=\"og:url\" content=\"https:\/\/genehtik.com\/fr\/produit\/kritikal-bilbo-auto\/\" \/>\n<meta property=\"og:site_name\" content=\"Genehtik\" \/>\n<meta property=\"article:publisher\" content=\"http:\/\/www.facebook.com\/Genehtik\" \/>\n<meta property=\"article:modified_time\" content=\"2026-04-07T10:16:44+00:00\" \/>\n<meta property=\"og:image\" content=\"https:\/\/genehtik.com\/wp-content\/uploads\/2015\/07\/KRITIKAL-BILBO-AUTO-GENEHTIK.jpg\" \/>\n\t<meta property=\"og:image:width\" content=\"567\" \/>\n\t<meta property=\"og:image:height\" content=\"753\" \/>\n\t<meta property=\"og:image:type\" content=\"image\/jpeg\" \/>\n<meta name=\"twitter:card\" content=\"summary_large_image\" \/>\n<meta name=\"twitter:site\" content=\"@GenehtikEs\" \/>\n<meta name=\"twitter:label1\" content=\"Dur\u00e9e de lecture estim\u00e9e\" \/>\n\t<meta name=\"twitter:data1\" content=\"2 minutes\" \/>\n<script type=\"application\/ld+json\" class=\"yoast-schema-graph\">{\"@context\":\"https:\/\/schema.org\",\"@graph\":[{\"@type\":\"WebPage\",\"@id\":\"https:\/\/genehtik.com\/producto\/kritikal-bilbo-auto\/\",\"url\":\"https:\/\/genehtik.com\/producto\/kritikal-bilbo-auto\/\",\"name\":\"Kritikal Bilbo Auto - Semilla de marihuana autofloreciente\",\"isPartOf\":{\"@id\":\"https:\/\/genehtik.com\/#website\"},\"primaryImageOfPage\":{\"@id\":\"https:\/\/genehtik.com\/producto\/kritikal-bilbo-auto\/#primaryimage\"},\"image\":{\"@id\":\"https:\/\/genehtik.com\/producto\/kritikal-bilbo-auto\/#primaryimage\"},\"thumbnailUrl\":\"https:\/\/genehtik.com\/wp-content\/uploads\/2015\/07\/KRITIKAL-BILBO-AUTO-GENEHTIK.jpg\",\"datePublished\":\"2015-07-02T09:28:18+00:00\",\"dateModified\":\"2026-04-07T10:16:44+00:00\",\"description\":\"Semilla de marihuana autofloreciente feminizada Kritikal Bilbo Auto. Potente y productiva, sabor y aroma afrutados con efecto n\u00e1rcotico y buena producci\u00f3n.\",\"breadcrumb\":{\"@id\":\"https:\/\/genehtik.com\/producto\/kritikal-bilbo-auto\/#breadcrumb\"},\"inLanguage\":\"fr-FR\",\"potentialAction\":[{\"@type\":\"ReadAction\",\"target\":[\"https:\/\/genehtik.com\/producto\/kritikal-bilbo-auto\/\"]}]},{\"@type\":\"ImageObject\",\"inLanguage\":\"fr-FR\",\"@id\":\"https:\/\/genehtik.com\/producto\/kritikal-bilbo-auto\/#primaryimage\",\"url\":\"https:\/\/genehtik.com\/wp-content\/uploads\/2015\/07\/KRITIKAL-BILBO-AUTO-GENEHTIK.jpg\",\"contentUrl\":\"https:\/\/genehtik.com\/wp-content\/uploads\/2015\/07\/KRITIKAL-BILBO-AUTO-GENEHTIK.jpg\",\"width\":567,\"height\":753,\"caption\":\"Semilla de cannabis Kritikal Bilbo Autofloreciente\"},{\"@type\":\"BreadcrumbList\",\"@id\":\"https:\/\/genehtik.com\/producto\/kritikal-bilbo-auto\/#breadcrumb\",\"itemListElement\":[{\"@type\":\"ListItem\",\"position\":1,\"name\":\"Home\",\"item\":\"https:\/\/genehtik.com\/\"},{\"@type\":\"ListItem\",\"position\":2,\"name\":\"Comprar semillas de cannabis Genehtik\",\"item\":\"https:\/\/genehtik.com\/tienda\/\"},{\"@type\":\"ListItem\",\"position\":3,\"name\":\"Kritikal Bilbo Auto\"}]},{\"@type\":\"WebSite\",\"@id\":\"https:\/\/genehtik.com\/#website\",\"url\":\"https:\/\/genehtik.com\/\",\"name\":\"Genehtik\",\"description\":\"Banco de semillas de cannabis feminizadas y autoflorecientes de calidad y garant\u00eda\",\"potentialAction\":[{\"@type\":\"SearchAction\",\"target\":{\"@type\":\"EntryPoint\",\"urlTemplate\":\"https:\/\/genehtik.com\/?s={search_term_string}\"},\"query-input\":{\"@type\":\"PropertyValueSpecification\",\"valueRequired\":true,\"valueName\":\"search_term_string\"}}],\"inLanguage\":\"fr-FR\"}]}<\/script>\n<!-- \/ Yoast SEO Premium plugin. -->","yoast_head_json":{"title":"Kritikal Bilbo Auto - Semilla de marihuana autofloreciente","description":"Semilla de marihuana autofloreciente feminizada Kritikal Bilbo Auto. Potente y productiva, sabor y aroma afrutados con efecto n\u00e1rcotico y buena producci\u00f3n.","robots":{"index":"index","follow":"follow","max-snippet":"max-snippet:-1","max-image-preview":"max-image-preview:large","max-video-preview":"max-video-preview:-1"},"canonical":"https:\/\/genehtik.com\/fr\/produit\/kritikal-bilbo-auto\/","og_locale":"fr_FR","og_type":"article","og_title":"Kritikal Bilbo Auto","og_description":"Semilla de marihuana autofloreciente feminizada Kritikal Bilbo Auto. Potente y productiva, sabor y aroma afrutados con efecto n\u00e1rcotico y buena producci\u00f3n.","og_url":"https:\/\/genehtik.com\/fr\/produit\/kritikal-bilbo-auto\/","og_site_name":"Genehtik","article_publisher":"http:\/\/www.facebook.com\/Genehtik","article_modified_time":"2026-04-07T10:16:44+00:00","og_image":[{"width":567,"height":753,"url":"https:\/\/genehtik.com\/wp-content\/uploads\/2015\/07\/KRITIKAL-BILBO-AUTO-GENEHTIK.jpg","type":"image\/jpeg"}],"twitter_card":"summary_large_image","twitter_site":"@GenehtikEs","twitter_misc":{"Dur\u00e9e de lecture estim\u00e9e":"2 minutes"},"schema":{"@context":"https:\/\/schema.org","@graph":[{"@type":"WebPage","@id":"https:\/\/genehtik.com\/producto\/kritikal-bilbo-auto\/","url":"https:\/\/genehtik.com\/producto\/kritikal-bilbo-auto\/","name":"Kritikal Bilbo Auto - Semilla de marihuana autofloreciente","isPartOf":{"@id":"https:\/\/genehtik.com\/#website"},"primaryImageOfPage":{"@id":"https:\/\/genehtik.com\/producto\/kritikal-bilbo-auto\/#primaryimage"},"image":{"@id":"https:\/\/genehtik.com\/producto\/kritikal-bilbo-auto\/#primaryimage"},"thumbnailUrl":"https:\/\/genehtik.com\/wp-content\/uploads\/2015\/07\/KRITIKAL-BILBO-AUTO-GENEHTIK.jpg","datePublished":"2015-07-02T09:28:18+00:00","dateModified":"2026-04-07T10:16:44+00:00","description":"Semilla de marihuana autofloreciente feminizada Kritikal Bilbo Auto. Potente y productiva, sabor y aroma afrutados con efecto n\u00e1rcotico y buena producci\u00f3n.","breadcrumb":{"@id":"https:\/\/genehtik.com\/producto\/kritikal-bilbo-auto\/#breadcrumb"},"inLanguage":"fr-FR","potentialAction":[{"@type":"ReadAction","target":["https:\/\/genehtik.com\/producto\/kritikal-bilbo-auto\/"]}]},{"@type":"ImageObject","inLanguage":"fr-FR","@id":"https:\/\/genehtik.com\/producto\/kritikal-bilbo-auto\/#primaryimage","url":"https:\/\/genehtik.com\/wp-content\/uploads\/2015\/07\/KRITIKAL-BILBO-AUTO-GENEHTIK.jpg","contentUrl":"https:\/\/genehtik.com\/wp-content\/uploads\/2015\/07\/KRITIKAL-BILBO-AUTO-GENEHTIK.jpg","width":567,"height":753,"caption":"Semilla de cannabis Kritikal Bilbo Autofloreciente"},{"@type":"BreadcrumbList","@id":"https:\/\/genehtik.com\/producto\/kritikal-bilbo-auto\/#breadcrumb","itemListElement":[{"@type":"ListItem","position":1,"name":"Home","item":"https:\/\/genehtik.com\/"},{"@type":"ListItem","position":2,"name":"Comprar semillas de cannabis Genehtik","item":"https:\/\/genehtik.com\/tienda\/"},{"@type":"ListItem","position":3,"name":"Kritikal Bilbo Auto"}]},{"@type":"WebSite","@id":"https:\/\/genehtik.com\/#website","url":"https:\/\/genehtik.com\/","name":"Genehtik","description":"Banque de graines de cannabis f\u00e9minis\u00e9es et autoflorissantes de qualit\u00e9 garantie","potentialAction":[{"@type":"SearchAction","target":{"@type":"EntryPoint","urlTemplate":"https:\/\/genehtik.com\/?s={search_term_string}"},"query-input":{"@type":"PropertyValueSpecification","valueRequired":true,"valueName":"search_term_string"}}],"inLanguage":"fr-FR"}]}},"_links":{"self":[{"href":"https:\/\/genehtik.com\/fr\/wp-json\/wp\/v2\/product\/4830","targetHints":{"allow":["GET"]}}],"collection":[{"href":"https:\/\/genehtik.com\/fr\/wp-json\/wp\/v2\/product"}],"about":[{"href":"https:\/\/genehtik.com\/fr\/wp-json\/wp\/v2\/types\/product"}],"wp:featuredmedia":[{"embeddable":true,"href":"https:\/\/genehtik.com\/fr\/wp-json\/wp\/v2\/media\/4834"}],"wp:attachment":[{"href":"https:\/\/genehtik.com\/fr\/wp-json\/wp\/v2\/media?parent=4830"}],"wp:term":[{"taxonomy":"product_brand","embeddable":true,"href":"https:\/\/genehtik.com\/fr\/wp-json\/wp\/v2\/product_brand?post=4830"},{"taxonomy":"product_cat","embeddable":true,"href":"https:\/\/genehtik.com\/fr\/wp-json\/wp\/v2\/product_cat?post=4830"},{"taxonomy":"product_tag","embeddable":true,"href":"https:\/\/genehtik.com\/fr\/wp-json\/wp\/v2\/product_tag?post=4830"}],"curies":[{"name":"wp","href":"https:\/\/api.w.org\/{rel}","templated":true}]}}