{"id":4855,"date":"2015-07-02T10:26:58","date_gmt":"2015-07-02T10:26:58","guid":{"rendered":"https:\/\/clon.genehtik.com\/?post_type=product&#038;p=4855"},"modified":"2026-04-07T10:09:24","modified_gmt":"2026-04-07T10:09:24","slug":"txees-bilbo","status":"publish","type":"product","link":"https:\/\/genehtik.com\/fr\/produit\/txees-bilbo\/","title":{"rendered":"Txees Bilbo"},"content":{"rendered":"<div class=\"wpb-content-wrapper\"><div class=\"vc_row wpb_row vc_row-fluid edgtf-section edgtf-content-aligment-left\" style=\"\"><div class=\"clearfix edgtf-full-section-inner\"><div class=\"wpb_column vc_column_container vc_col-sm-12\"><div class=\"vc_column-inner\"><div class=\"wpb_wrapper\"><div class=\"vc_empty_space\"   style=\"height: 20px\"><span class=\"vc_empty_space_inner\"><\/span><\/div><\/div><\/div><\/div><\/div><\/div><div class=\"vc_row wpb_row vc_row-fluid edgtf-section edgtf-content-aligment-left\" style=\"\"><div class=\"clearfix edgtf-full-section-inner\"><div class=\"wpb_column vc_column_container vc_col-sm-12\"><div class=\"vc_column-inner\"><div class=\"wpb_wrapper\"><div class=\"vc_empty_space\"   style=\"height: 20px\"><span class=\"vc_empty_space_inner\"><\/span><\/div><\/div><\/div><\/div><\/div><\/div><div class=\"vc_row wpb_row vc_row-fluid edgtf-section edgtf-content-aligment-center\" style=\"\"><div class=\"clearfix edgtf-full-section-inner\"><div class=\"wpb_column vc_column_container vc_col-sm-6 vc_col-has-fill\"><div class=\"vc_column-inner vc_custom_1770813941318\"><div class=\"wpb_wrapper\">\n<div class=\"edgtf-section-title edgtf-section-align-center\" style=\"color: #00a94f;font-size: 28px\">\n\tcaract\u00e9ristiques\t<\/div><div class=\"vc_empty_space\"   style=\"height: 20px\"><span class=\"vc_empty_space_inner\"><\/span><\/div>\n\t<div class=\"wpb_text_column wpb_content_element\" >\n\t\t<div class=\"wpb_wrapper\">\n\t\t\t<p style=\"text-align: center;\"><span style=\"color: #00a94f;\"><strong>G\u00e9n\u00e9tique<\/strong><\/span><\/p>\n\n\t\t<\/div>\n\t<\/div>\n\n\t<div class=\"wpb_text_column wpb_content_element\" >\n\t\t<div class=\"wpb_wrapper\">\n\t\t\t<p style=\"text-align: center;\">Fromage britannique x afghan x moufette<\/p>\n\n\t\t<\/div>\n\t<\/div>\n\n\t<div class=\"wpb_text_column wpb_content_element\" >\n\t\t<div class=\"wpb_wrapper\">\n\t\t\t<p style=\"text-align: center;\"><span style=\"color: #00a94f;\"><strong>Gars<\/strong><\/span><\/p>\n\n\t\t<\/div>\n\t<\/div>\n\n\t<div class=\"wpb_text_column wpb_content_element\" >\n\t\t<div class=\"wpb_wrapper\">\n\t\t\t<p style=\"text-align: center;\">indica (80% indica \/ 20% sativa)<\/p>\n\n\t\t<\/div>\n\t<\/div>\n\n\t<div class=\"wpb_text_column wpb_content_element\" >\n\t\t<div class=\"wpb_wrapper\">\n\t\t\t<p style=\"text-align: center;\"><span style=\"color: #00a94f;\"><strong>Production nationale<\/strong><\/span><\/p>\n\n\t\t<\/div>\n\t<\/div>\n\n\t<div class=\"wpb_text_column wpb_content_element\" >\n\t\t<div class=\"wpb_wrapper\">\n\t\t\t<p style=\"text-align: center;\">450-550 g\/m\u00b2<\/p>\n\n\t\t<\/div>\n\t<\/div>\n\n\t<div class=\"wpb_text_column wpb_content_element\" >\n\t\t<div class=\"wpb_wrapper\">\n\t\t\t<p style=\"text-align: center;\"><span style=\"color: #00a94f;\"><strong>Production externe<\/strong><\/span><\/p>\n\n\t\t<\/div>\n\t<\/div>\n\n\t<div class=\"wpb_text_column wpb_content_element\" >\n\t\t<div class=\"wpb_wrapper\">\n\t\t\t<p style=\"text-align: center;\">1000-1500 g\/plante<\/p>\n\n\t\t<\/div>\n\t<\/div>\n\n\t<div class=\"wpb_text_column wpb_content_element\" >\n\t\t<div class=\"wpb_wrapper\">\n\t\t\t<p style=\"text-align: center;\"><span style=\"color: #00a94f;\"><strong>Fleurs d&#039;int\u00e9rieur<\/strong><\/span><\/p>\n\n\t\t<\/div>\n\t<\/div>\n\n\t<div class=\"wpb_text_column wpb_content_element\" >\n\t\t<div class=\"wpb_wrapper\">\n\t\t\t<p style=\"text-align: center;\">55 \u00e0 65 jours<\/p>\n\n\t\t<\/div>\n\t<\/div>\n\n\t<div class=\"wpb_text_column wpb_content_element\" >\n\t\t<div class=\"wpb_wrapper\">\n\t\t\t<p style=\"text-align: center;\"><span style=\"color: #00a94f;\"><strong>R\u00e9colte en plein air<\/strong><\/span><\/p>\n\n\t\t<\/div>\n\t<\/div>\n\n\t<div class=\"wpb_text_column wpb_content_element\" >\n\t\t<div class=\"wpb_wrapper\">\n\t\t\t<p style=\"text-align: center;\">H\u00e9misph\u00e8re Nord : octobre<\/p>\n\n\t\t<\/div>\n\t<\/div>\n\n\t<div class=\"wpb_text_column wpb_content_element\" >\n\t\t<div class=\"wpb_wrapper\">\n\t\t\t<p style=\"text-align: center;\">H\u00e9misph\u00e8re Sud : avril<\/p>\n\n\t\t<\/div>\n\t<\/div>\n<div class=\"vc_empty_space\"   style=\"height: 20px\"><span class=\"vc_empty_space_inner\"><\/span><\/div><\/div><\/div><\/div><div class=\"wpb_column vc_column_container vc_col-sm-6\"><div class=\"vc_column-inner\"><div class=\"wpb_wrapper\">\n<div class=\"edgtf-section-title edgtf-section-align-center\" style=\"color: #00a94f;font-size: 28px\">\n\tConditions optimales\t<\/div><div class=\"vc_empty_space\"   style=\"height: 20px\"><span class=\"vc_empty_space_inner\"><\/span><\/div>\n    <span class=\"edgtf-icon-shortcode circle edgtf-icon-medium\"  >\n        \n        <i class=\"edgtf-icon-font-awesome fa fa-book edgtf-icon-element\" style=\"\" ><\/i>\n            <\/span>\n\n<div class=\"vc_empty_space\"   style=\"height: 20px\"><span class=\"vc_empty_space_inner\"><\/span><\/div>\n\t<div class=\"wpb_text_column wpb_content_element\" >\n\t\t<div class=\"wpb_wrapper\">\n\t\t\t<p style=\"text-align: center;\"><em>Pour un d\u00e9veloppement optimal et des performances maximales en termes de saveur, d&#039;ar\u00f4me, d&#039;effet et de production, consultez les conditions de culture optimales.<\/em><\/p>\n\n\t\t<\/div>\n\t<\/div>\n<div class=\"vc_empty_space\"   style=\"height: 20px\"><span class=\"vc_empty_space_inner\"><\/span><\/div>\t<div class=\"edgtf-call-to-action edgtf-cta-standard\" >\n\t\t\t\t\t<div class=\"edgtf-call-to-action-row-50-50 clearfix\" style=\"padding: 20px;\">\n\t\t\t\t<div class=\"edgtf-text-wrapper edgtf-call-to-action-column1 edgtf-call-to-action-cell\">\n\t\t\t\t\t<div class=\"edgtf-call-to-action-text\" >Param\u00e8tres de culture<\/div>\n\t\t\t\t<\/div>\n\t\t\t\t<div class=\"edgtf-button-wrapper edgtf-call-to-action-column2 edgtf-call-to-action-cell\" style =\"text-align: center ;\">\n\t\t\t\t\t<a href=\"https:\/\/genehtik.com\/fr\/condiciones-optimas-cultivo\/\" target=\"_self\" style=\"color: #ffffff;background-color: #00a94f\" class=\"edgtf-btn edgtf-btn-large edgtf-btn-solid-white edgtf-btn-custom-hover-bg edgtf-btn-custom-hover-color\" data-hover-bg-color=\"#ffffff\" data-hover-color=\"#00a94f\" >\t\t\t<span class=\"edgtf-btn-text\">Consulter<\/span>\t    <\/a>\t\t\t\t<\/div>\n\t\t\t<\/div>\n\t\t\t<\/div>\n<\/div><\/div><\/div><\/div><\/div><div class=\"vc_row wpb_row vc_row-fluid edgtf-section edgtf-content-aligment-left\" style=\"\"><div class=\"clearfix edgtf-full-section-inner\"><div class=\"wpb_column vc_column_container vc_col-sm-12\"><div class=\"vc_column-inner\"><div class=\"wpb_wrapper\"><div class=\"vc_empty_space\"   style=\"height: 20px\"><span class=\"vc_empty_space_inner\"><\/span><\/div>\n\t<div class=\"wpb_text_column wpb_content_element\" >\n\t\t<div class=\"wpb_wrapper\">\n\t\t\t<h3>ORIGINE ET CROISEMENT<\/h3>\n<p>&nbsp;<\/p>\n<p>Graine de cannabis f\u00e9minis\u00e9e de la c\u00e9l\u00e8bre vari\u00e9t\u00e9 \u201c cheese \u201d, d\u00e9velopp\u00e9e et stabilis\u00e9e en Angleterre \u00e0 partir d&#039;une s\u00e9lection de skunk et d&#039;une vari\u00e9t\u00e9 afghane.<\/p>\n<p>&nbsp;<\/p>\n<h3>ASPECT<\/h3>\n<p>&nbsp;<\/p>\n<p>Graine qui produit une plante \u00e0 l&#039;apparence enti\u00e8rement indica, avec de larges feuilles et une taille moyenne, semblable \u00e0 un arbuste.<\/p>\n<p>Tr\u00e8s facile \u00e0 cultiver, avec une courte p\u00e9riode de floraison qui la rend adapt\u00e9e \u00e0 la culture en int\u00e9rieur comme en ext\u00e9rieur, elle est pr\u00eate en neuf semaines environ en int\u00e9rieur et d\u00e9but ou mi-octobre en ext\u00e9rieur.<\/p>\n<p>TXEES BILBO est tr\u00e8s r\u00e9sistant aux climats et environnements humides.<\/p>\n<p>Il s&#039;agit d&#039;une graine de marijuana tr\u00e8s productive, produisant plus de 500 g\/m\u00b2 en int\u00e9rieur dans des conditions optimales.<\/p>\n<p>&nbsp;<\/p>\n<h3>AR\u00d4ME ET SAVEUR<\/h3>\n<p>&nbsp;<\/p>\n<p>Tr\u00e8s appr\u00e9ci\u00e9e pour son ar\u00f4me et sa saveur distinctifs, rappelant le fromage, cette indica est intens\u00e9ment aromatique et offre un go\u00fbt riche et persistant.<\/p>\n<p>&nbsp;<\/p>\n<h3>EFFET<\/h3>\n<p>&nbsp;<\/p>\n<p>Son effet est relaxant et il est tr\u00e8s facile \u00e0 transporter.<\/p>\n\n\t\t<\/div>\n\t<\/div>\n<\/div><\/div><\/div><\/div><\/div><div class=\"vc_row wpb_row vc_row-fluid edgtf-section edgtf-content-aligment-left\" style=\"\"><div class=\"clearfix edgtf-full-section-inner\"><div class=\"wpb_column vc_column_container vc_col-sm-12\"><div class=\"vc_column-inner\"><div class=\"wpb_wrapper\"><div class=\"vc_empty_space\"   style=\"height: 30px\"><span class=\"vc_empty_space_inner\"><\/span><\/div><div class=\"edgtf-separator-holder clearfix  edgtf-separator-center edgtf-separator-full-width\">\n\t<div class=\"edgtf-separator\" ><\/div>\n<\/div>\n<div class=\"vc_empty_space\"   style=\"height: 30px\"><span class=\"vc_empty_space_inner\"><\/span><\/div>\n\t<div class=\"wpb_text_column wpb_content_element\" >\n\t\t<div class=\"wpb_wrapper\">\n\t\t\t<h2 style=\"text-align: center;\">Origine de la graine de marijuana TXEES BILBO<\/h2>\n\n\t\t<\/div>\n\t<\/div>\n\n\t<div class=\"wpb_video_widget wpb_content_element vc_clearfix   vc_custom_1775556549419 vc_video-aspect-ratio-169 vc_video-el-width-100 vc_video-align-left\" >\n\t\t<div class=\"wpb_wrapper\">\n\t\t\t\n\t\t\t<div class=\"wpb_video_wrapper\"><div class=\"lazyload smush-lazyload-video smush-lazyload-vimeo\" style=\"--smush-video-aspect-ratio: 500\/281\" data-bg-image=\"url(https:\/\/i.vimeocdn.com\/video\/1137051664-c5cc6857c2dc0d04ba9d61491889e865d814f552fc7591c178f9682e1b3bad58-d_640?region=us)\" ><iframe title=\"Origine de la graine de cannabis Txees Bilbo\" data-src=\"https:\/\/player.vimeo.com\/video\/548467781?dnt=1&amp;app_id=122963\" width=\"500\" height=\"281\" frameborder=\"0\" allow=\"autoplay; fullscreen; picture-in-picture\" src=\"data:image\/svg+xml;base64,PHN2ZyB3aWR0aD0iMSIgaGVpZ2h0PSIxIiB4bWxucz0iaHR0cDovL3d3dy53My5vcmcvMjAwMC9zdmciPjwvc3ZnPg==\"><\/iframe><span class=\"smush-play-btn\" role=\"button\" aria-label=\"Play video\">\r\n\t\t\t\t<span tabindex=\"0\" class=\"smush-play-btn-inner\">\r\n\t\t\t\t\t<span>Play<\/span>\r\n\t\t\t\t<\/span>\r\n\t\t\t<\/span><\/div><\/div>\n\t\t<\/div>\n\t<\/div>\n<div class=\"vc_empty_space\"   style=\"height: 30px\"><span class=\"vc_empty_space_inner\"><\/span><\/div><div class=\"edgtf-separator-holder clearfix  edgtf-separator-center edgtf-separator-full-width\">\n\t<div class=\"edgtf-separator\" ><\/div>\n<\/div>\n<div class=\"vc_empty_space\"   style=\"height: 30px\"><span class=\"vc_empty_space_inner\"><\/span><\/div>\n\t<div class=\"wpb_text_column wpb_content_element\" >\n\t\t<div class=\"wpb_wrapper\">\n\t\t\t<h2 style=\"text-align: center;\">Vid\u00e9o de la graine de marijuana TXEES BILBO<\/h2>\n\n\t\t<\/div>\n\t<\/div>\n<\/div><\/div><\/div><\/div><\/div><div class=\"vc_row wpb_row vc_row-fluid edgtf-section edgtf-content-aligment-left\" style=\"\"><div class=\"clearfix edgtf-full-section-inner\"><div class=\"wpb_column vc_column_container vc_col-sm-12\"><div class=\"vc_column-inner\"><div class=\"wpb_wrapper\">\n\t<div class=\"wpb_video_widget wpb_content_element vc_clearfix   vc_custom_1775556557879 vc_video-aspect-ratio-169 vc_video-el-width-100 vc_video-align-left\" >\n\t\t<div class=\"wpb_wrapper\">\n\t\t\t\n\t\t\t<div class=\"wpb_video_wrapper\"><div class=\"lazyload smush-lazyload-video smush-lazyload-vimeo\" style=\"--smush-video-aspect-ratio: 500\/281\" data-bg-image=\"url(https:\/\/i.vimeocdn.com\/video\/815010107-824db7ecb0801c3b6e989f465b8130b3e6e906c9f9ebe82b4173c39e645f3a67-d_640?region=us)\" ><iframe title=\"Txees Bilbo - graine de cannabis f\u00e9minis\u00e9e\" data-src=\"https:\/\/player.vimeo.com\/video\/360752957?dnt=1&amp;app_id=122963\" width=\"500\" height=\"281\" frameborder=\"0\" allow=\"autoplay; fullscreen; picture-in-picture\" src=\"data:image\/svg+xml;base64,PHN2ZyB3aWR0aD0iMSIgaGVpZ2h0PSIxIiB4bWxucz0iaHR0cDovL3d3dy53My5vcmcvMjAwMC9zdmciPjwvc3ZnPg==\"><\/iframe><span class=\"smush-play-btn\" role=\"button\" aria-label=\"Play video\">\r\n\t\t\t\t<span tabindex=\"0\" class=\"smush-play-btn-inner\">\r\n\t\t\t\t\t<span>Play<\/span>\r\n\t\t\t\t<\/span>\r\n\t\t\t<\/span><\/div><\/div>\n\t\t<\/div>\n\t<\/div>\n<div class=\"vc_empty_space\"   style=\"height: 50px\"><span class=\"vc_empty_space_inner\"><\/span><\/div><\/div><\/div><\/div><\/div><\/div>\n<\/div>","protected":false},"excerpt":{"rendered":"<p>La graine de marijuana f\u00e9minis\u00e9e Txees Bilbo est une Indica issue d&#039;un croisement entre Skunk et Afghana.<\/p>\n<p>Il se caract\u00e9rise par sa saveur et son ar\u00f4me rappelant le fromage, poss\u00e8de un effet relaxant et est facile \u00e0 transporter.<\/p>\n<p>&nbsp;<\/p>","protected":false},"featured_media":4856,"template":"","meta":{"bwfblock_default_font":""},"product_brand":[],"product_cat":[515,8,6],"product_tag":[269,270,268,271,272,274,275],"class_list":{"0":"post-4855","1":"product","2":"type-product","3":"status-publish","4":"has-post-thumbnail","6":"product_cat-productos","7":"product_cat-semillas-de-marihuana","8":"product_cat-semillas-cannabis-feminizadas","9":"product_tag-cannabis","10":"product_tag-marihuana","11":"product_tag-semillas","12":"product_tag-semillas-de-cannabis","13":"product_tag-semillas-de-marihuana","14":"product_tag-semillas-feminizadas","15":"product_tag-txees-bilbo","17":"first","18":"instock","19":"shipping-taxable","20":"purchasable","21":"product-type-variable","22":"has-default-attributes"},"yoast_head":"<!-- This site is optimized with the Yoast SEO Premium plugin v23.0 (Yoast SEO v27.2) - https:\/\/yoast.com\/product\/yoast-seo-premium-wordpress\/ -->\n<title>Txees Bilbo - Comprar semillas de marihuana feminizadas Txees Bilbo<\/title>\n<meta name=\"description\" content=\"Semilla de marihuana feminizada Txees Bilbo. Indica con origenes skunk x afghana con sabor y aroma similar al queso. Efecto relajante y f\u00e1cil de llevar.\" \/>\n<meta name=\"robots\" content=\"index, follow, max-snippet:-1, max-image-preview:large, max-video-preview:-1\" \/>\n<link rel=\"canonical\" href=\"https:\/\/genehtik.com\/fr\/produit\/txees-bilbo\/\" \/>\n<meta property=\"og:locale\" content=\"fr_FR\" \/>\n<meta property=\"og:type\" content=\"article\" \/>\n<meta property=\"og:title\" content=\"Txees Bilbo\" \/>\n<meta property=\"og:description\" content=\"Semilla de marihuana feminizada Txees Bilbo. Indica con origenes skunk x afghana con sabor y aroma similar al queso. Efecto relajante y f\u00e1cil de llevar.\" \/>\n<meta property=\"og:url\" content=\"https:\/\/genehtik.com\/fr\/produit\/txees-bilbo\/\" \/>\n<meta property=\"og:site_name\" content=\"Genehtik\" \/>\n<meta property=\"article:publisher\" content=\"http:\/\/www.facebook.com\/Genehtik\" \/>\n<meta property=\"article:modified_time\" content=\"2026-04-07T10:09:24+00:00\" \/>\n<meta property=\"og:image\" content=\"https:\/\/genehtik.com\/wp-content\/uploads\/2015\/07\/TXEES-BILBO-GENEHTIK.jpg\" \/>\n\t<meta property=\"og:image:width\" content=\"642\" \/>\n\t<meta property=\"og:image:height\" content=\"672\" \/>\n\t<meta property=\"og:image:type\" content=\"image\/jpeg\" \/>\n<meta name=\"twitter:card\" content=\"summary_large_image\" \/>\n<meta name=\"twitter:site\" content=\"@GenehtikEs\" \/>\n<meta name=\"twitter:label1\" content=\"Dur\u00e9e de lecture estim\u00e9e\" \/>\n\t<meta name=\"twitter:data1\" content=\"2 minutes\" \/>\n<script type=\"application\/ld+json\" class=\"yoast-schema-graph\">{\"@context\":\"https:\/\/schema.org\",\"@graph\":[{\"@type\":\"WebPage\",\"@id\":\"https:\/\/genehtik.com\/producto\/txees-bilbo\/\",\"url\":\"https:\/\/genehtik.com\/producto\/txees-bilbo\/\",\"name\":\"Txees Bilbo - Comprar semillas de marihuana feminizadas Txees Bilbo\",\"isPartOf\":{\"@id\":\"https:\/\/genehtik.com\/#website\"},\"primaryImageOfPage\":{\"@id\":\"https:\/\/genehtik.com\/producto\/txees-bilbo\/#primaryimage\"},\"image\":{\"@id\":\"https:\/\/genehtik.com\/producto\/txees-bilbo\/#primaryimage\"},\"thumbnailUrl\":\"https:\/\/genehtik.com\/wp-content\/uploads\/2015\/07\/TXEES-BILBO-GENEHTIK.jpg\",\"datePublished\":\"2015-07-02T10:26:58+00:00\",\"dateModified\":\"2026-04-07T10:09:24+00:00\",\"description\":\"Semilla de marihuana feminizada Txees Bilbo. Indica con origenes skunk x afghana con sabor y aroma similar al queso. Efecto relajante y f\u00e1cil de llevar.\",\"breadcrumb\":{\"@id\":\"https:\/\/genehtik.com\/producto\/txees-bilbo\/#breadcrumb\"},\"inLanguage\":\"fr-FR\",\"potentialAction\":[{\"@type\":\"ReadAction\",\"target\":[\"https:\/\/genehtik.com\/producto\/txees-bilbo\/\"]}]},{\"@type\":\"ImageObject\",\"inLanguage\":\"fr-FR\",\"@id\":\"https:\/\/genehtik.com\/producto\/txees-bilbo\/#primaryimage\",\"url\":\"https:\/\/genehtik.com\/wp-content\/uploads\/2015\/07\/TXEES-BILBO-GENEHTIK.jpg\",\"contentUrl\":\"https:\/\/genehtik.com\/wp-content\/uploads\/2015\/07\/TXEES-BILBO-GENEHTIK.jpg\",\"width\":642,\"height\":672,\"caption\":\"Semilla de cannabis Txees Bilbo feminizada\"},{\"@type\":\"BreadcrumbList\",\"@id\":\"https:\/\/genehtik.com\/producto\/txees-bilbo\/#breadcrumb\",\"itemListElement\":[{\"@type\":\"ListItem\",\"position\":1,\"name\":\"Home\",\"item\":\"https:\/\/genehtik.com\/\"},{\"@type\":\"ListItem\",\"position\":2,\"name\":\"Comprar semillas de cannabis Genehtik\",\"item\":\"https:\/\/genehtik.com\/tienda\/\"},{\"@type\":\"ListItem\",\"position\":3,\"name\":\"Txees Bilbo\"}]},{\"@type\":\"WebSite\",\"@id\":\"https:\/\/genehtik.com\/#website\",\"url\":\"https:\/\/genehtik.com\/\",\"name\":\"Genehtik\",\"description\":\"Banco de semillas de cannabis feminizadas y autoflorecientes de calidad y garant\u00eda\",\"potentialAction\":[{\"@type\":\"SearchAction\",\"target\":{\"@type\":\"EntryPoint\",\"urlTemplate\":\"https:\/\/genehtik.com\/?s={search_term_string}\"},\"query-input\":{\"@type\":\"PropertyValueSpecification\",\"valueRequired\":true,\"valueName\":\"search_term_string\"}}],\"inLanguage\":\"fr-FR\"}]}<\/script>\n<!-- \/ Yoast SEO Premium plugin. -->","yoast_head_json":{"title":"Txees Bilbo - Comprar semillas de marihuana feminizadas Txees Bilbo","description":"Semilla de marihuana feminizada Txees Bilbo. Indica con origenes skunk x afghana con sabor y aroma similar al queso. Efecto relajante y f\u00e1cil de llevar.","robots":{"index":"index","follow":"follow","max-snippet":"max-snippet:-1","max-image-preview":"max-image-preview:large","max-video-preview":"max-video-preview:-1"},"canonical":"https:\/\/genehtik.com\/fr\/produit\/txees-bilbo\/","og_locale":"fr_FR","og_type":"article","og_title":"Txees Bilbo","og_description":"Semilla de marihuana feminizada Txees Bilbo. Indica con origenes skunk x afghana con sabor y aroma similar al queso. Efecto relajante y f\u00e1cil de llevar.","og_url":"https:\/\/genehtik.com\/fr\/produit\/txees-bilbo\/","og_site_name":"Genehtik","article_publisher":"http:\/\/www.facebook.com\/Genehtik","article_modified_time":"2026-04-07T10:09:24+00:00","og_image":[{"width":642,"height":672,"url":"https:\/\/genehtik.com\/wp-content\/uploads\/2015\/07\/TXEES-BILBO-GENEHTIK.jpg","type":"image\/jpeg"}],"twitter_card":"summary_large_image","twitter_site":"@GenehtikEs","twitter_misc":{"Dur\u00e9e de lecture estim\u00e9e":"2 minutes"},"schema":{"@context":"https:\/\/schema.org","@graph":[{"@type":"WebPage","@id":"https:\/\/genehtik.com\/producto\/txees-bilbo\/","url":"https:\/\/genehtik.com\/producto\/txees-bilbo\/","name":"Txees Bilbo - Comprar semillas de marihuana feminizadas Txees Bilbo","isPartOf":{"@id":"https:\/\/genehtik.com\/#website"},"primaryImageOfPage":{"@id":"https:\/\/genehtik.com\/producto\/txees-bilbo\/#primaryimage"},"image":{"@id":"https:\/\/genehtik.com\/producto\/txees-bilbo\/#primaryimage"},"thumbnailUrl":"https:\/\/genehtik.com\/wp-content\/uploads\/2015\/07\/TXEES-BILBO-GENEHTIK.jpg","datePublished":"2015-07-02T10:26:58+00:00","dateModified":"2026-04-07T10:09:24+00:00","description":"Semilla de marihuana feminizada Txees Bilbo. Indica con origenes skunk x afghana con sabor y aroma similar al queso. Efecto relajante y f\u00e1cil de llevar.","breadcrumb":{"@id":"https:\/\/genehtik.com\/producto\/txees-bilbo\/#breadcrumb"},"inLanguage":"fr-FR","potentialAction":[{"@type":"ReadAction","target":["https:\/\/genehtik.com\/producto\/txees-bilbo\/"]}]},{"@type":"ImageObject","inLanguage":"fr-FR","@id":"https:\/\/genehtik.com\/producto\/txees-bilbo\/#primaryimage","url":"https:\/\/genehtik.com\/wp-content\/uploads\/2015\/07\/TXEES-BILBO-GENEHTIK.jpg","contentUrl":"https:\/\/genehtik.com\/wp-content\/uploads\/2015\/07\/TXEES-BILBO-GENEHTIK.jpg","width":642,"height":672,"caption":"Semilla de cannabis Txees Bilbo feminizada"},{"@type":"BreadcrumbList","@id":"https:\/\/genehtik.com\/producto\/txees-bilbo\/#breadcrumb","itemListElement":[{"@type":"ListItem","position":1,"name":"Home","item":"https:\/\/genehtik.com\/"},{"@type":"ListItem","position":2,"name":"Comprar semillas de cannabis Genehtik","item":"https:\/\/genehtik.com\/tienda\/"},{"@type":"ListItem","position":3,"name":"Txees Bilbo"}]},{"@type":"WebSite","@id":"https:\/\/genehtik.com\/#website","url":"https:\/\/genehtik.com\/","name":"Genehtik","description":"Banque de graines de cannabis f\u00e9minis\u00e9es et autoflorissantes de qualit\u00e9 garantie","potentialAction":[{"@type":"SearchAction","target":{"@type":"EntryPoint","urlTemplate":"https:\/\/genehtik.com\/?s={search_term_string}"},"query-input":{"@type":"PropertyValueSpecification","valueRequired":true,"valueName":"search_term_string"}}],"inLanguage":"fr-FR"}]}},"_links":{"self":[{"href":"https:\/\/genehtik.com\/fr\/wp-json\/wp\/v2\/product\/4855","targetHints":{"allow":["GET"]}}],"collection":[{"href":"https:\/\/genehtik.com\/fr\/wp-json\/wp\/v2\/product"}],"about":[{"href":"https:\/\/genehtik.com\/fr\/wp-json\/wp\/v2\/types\/product"}],"wp:featuredmedia":[{"embeddable":true,"href":"https:\/\/genehtik.com\/fr\/wp-json\/wp\/v2\/media\/4856"}],"wp:attachment":[{"href":"https:\/\/genehtik.com\/fr\/wp-json\/wp\/v2\/media?parent=4855"}],"wp:term":[{"taxonomy":"product_brand","embeddable":true,"href":"https:\/\/genehtik.com\/fr\/wp-json\/wp\/v2\/product_brand?post=4855"},{"taxonomy":"product_cat","embeddable":true,"href":"https:\/\/genehtik.com\/fr\/wp-json\/wp\/v2\/product_cat?post=4855"},{"taxonomy":"product_tag","embeddable":true,"href":"https:\/\/genehtik.com\/fr\/wp-json\/wp\/v2\/product_tag?post=4855"}],"curies":[{"name":"wp","href":"https:\/\/api.w.org\/{rel}","templated":true}]}}