{"id":29,"date":"2015-06-29T09:15:57","date_gmt":"2015-06-29T09:15:57","guid":{"rendered":"https:\/\/clon.genehtik.com\/?page_id=29"},"modified":"2026-02-11T15:14:44","modified_gmt":"2026-02-11T15:14:44","slug":"envios-devoluciones","status":"publish","type":"page","link":"https:\/\/genehtik.com\/it\/informacion\/envios-devoluciones\/","title":{"rendered":"Spedizione \/ Resi"},"content":{"rendered":"<h1>SPEDIZIONE \/ RESI<\/h1>\n<p>La spedizione del materiale avverr\u00e0 secondo la modalit\u00e0 di pagamento:<\/p>\n<p><em>SPAGNA:<\/em><\/p>\n<p>Pagamento alla consegna \u2013 in 24\/48 ore.<\/p>\n<p>Altri metodi di pagamento: entro 24\/48 ore dalla ricezione del pagamento.<\/p>\n<p>L&#039;agenzia dei trasporti per Spagna e Portogallo sar\u00e0<\/p>\n<p><em>ALTRI PAESI:<\/em><\/p>\n<p>Qualsiasi forma di pagamento \u2013 entro un periodo non superiore a 7 giorni dalla data di effettuazione del pagamento.<\/p>\n<p>L&#039;agenzia di trasporto per i paesi esteri sar\u00e0 quella che Genehtik sceglier\u00e0 liberamente in ogni singolo momento.<\/p>\n<p>Nel caso di variet\u00e0 speciali, i tempi di consegna verranno sempre verificati per ogni ordine, informando il cliente del ritardo stimato.<\/p>\n<p>Per i semi non disponibili a magazzino, il cliente verr\u00e0 informato dei tempi di consegna previsti.<\/p>\n<h1>COSTI DI SPEDIZIONE:<\/h1>\n<p>&nbsp;<\/p>\n<div class=\"amarillo\"><strong>SPEDIZIONE GRATUITA PER ORDINI SUPERIORI A \u20ac45 E CON PESO INFERIORE A 3 KG. <span style=\"color: #000000;\">(Solo Spagna)<\/span><\/strong><br \/>\n<strong>SPEDIZIONE GRATUITA PER ORDINI SUPERIORI A \u20ac45 E CON PESO INFERIORE A 0,5 KG. (altri paesi)<\/strong><\/div>\n<p>&nbsp;<\/p>\n<p>Costo di spedizione per: Spagna (Penisola e Isole Baleari)<\/p>\n<p>Da 10 a 15 kg 41\u20ac Da 15 a 20 kg 49\u20ac Da 20 a 25 kg 54\u20ac<\/p>\n<table>\n<tbody>\n<tr>\n<th>PESO<\/th>\n<th>COSTO<\/th>\n<\/tr>\n<tr>\n<th>Da 0 a 3 kg (ordine pari o superiore a \u20ac45)<\/th>\n<th class=\"amarillo\">GRATUITO<\/th>\n<\/tr>\n<tr>\n<th>Da 0 a 0,5 kg (per ordini inferiori a 45 \u20ac)<\/th>\n<th>6\u20ac<\/th>\n<\/tr>\n<tr>\n<th>Da 0,5 a 3 kg (per ordini inferiori a 45 \u20ac)<\/th>\n<th>18\u20ac<\/th>\n<\/tr>\n<tr>\n<th>da 3 a 5 kg<\/th>\n<th>28\u20ac<\/th>\n<\/tr>\n<tr>\n<th>da 5 a 10 kg<\/th>\n<th>34\u20ac<\/th>\n<\/tr>\n<\/tbody>\n<\/table>\n<p>&nbsp;<\/p>\n<p>Costi di spedizione per: Germania, Belgio, Danimarca, Francia, Paesi Bassi, Italia, Lussemburgo, Polonia, Regno Unito, Repubblica Ceca e Svizzera.<\/p>\n<p>Da 10 a 15 kg 41\u20ac Da 15 a 20 kg 49\u20ac Da 20 a 25 kg 54\u20ac<\/p>\n<table>\n<tbody>\n<tr>\n<th>PESO<\/th>\n<th>COSTO<\/th>\n<\/tr>\n<tr>\n<th>Da 0 a 0,5 kg (per ordini pari o superiori a \u20ac45)<\/th>\n<th class=\"amarillo\">GRATUITO<\/th>\n<\/tr>\n<tr>\n<th>Da 0 a 0,5 kg (per ordini inferiori a 45 \u20ac)<\/th>\n<th>12\u20ac<\/th>\n<\/tr>\n<tr>\n<th>Da 0,5 a 2 kg<\/th>\n<th>18\u20ac<\/th>\n<\/tr>\n<tr>\n<th>da 2 a 5 kg<\/th>\n<th>28\u20ac<\/th>\n<\/tr>\n<tr>\n<th>da 5 a 10 kg<\/th>\n<th>34\u20ac<\/th>\n<\/tr>\n<\/tbody>\n<\/table>\n<p>&nbsp;<\/p>\n<p>Costi di spedizione per: Bulgaria, Slovenia, Estonia, Finlandia, Grecia, Ungheria, Irlanda, Lettonia, Lituania, Norvegia, Slovacchia, Romania e Svezia.<\/p>\n<p>Da 10 a 15 kg 65\u20ac Da 15 a 20 kg 72\u20ac Da 20 a 25 kg 77\u20ac<\/p>\n<table>\n<tbody>\n<tr>\n<th>PESO<\/th>\n<th>COSTO<\/th>\n<\/tr>\n<tr>\n<th>Da 0 a 0,5 kg (per ordini pari o superiori a \u20ac45)<\/th>\n<th class=\"amarillo\">GRATUITO<\/th>\n<\/tr>\n<tr>\n<th>Da 0 a 0,5 kg (per ordini inferiori a 45 \u20ac)<\/th>\n<th>12\u20ac<\/th>\n<\/tr>\n<tr>\n<th>Da 0,5 a 2 kg<\/th>\n<th>28\u20ac<\/th>\n<\/tr>\n<tr>\n<th>da 2 a 5 kg<\/th>\n<th>52\u20ac<\/th>\n<\/tr>\n<tr>\n<th>da 5 a 10 kg<\/th>\n<th>58\u20ac<\/th>\n<\/tr>\n<\/tbody>\n<\/table>\n<p>&nbsp;<\/p>\n<p>Costi di spedizione per: Stati Uniti, Canada e Isole Canarie.<\/p>\n<p>Da 10 a 15 kg 81\u20ac Da 15 a 20 kg 90\u20ac Da 20 a 25 kg 97\u20ac<\/p>\n<table>\n<tbody>\n<tr>\n<th>PESO<\/th>\n<th>COSTO<\/th>\n<\/tr>\n<tr>\n<th>Da 0 a 0,5 kg (per ordini pari o superiori a \u20ac45)<\/th>\n<th class=\"amarillo\">GRATUITO<\/th>\n<\/tr>\n<tr>\n<th>Da 0 a 0,5 kg (per ordini inferiori a 45 \u20ac)<\/th>\n<th>12\u20ac<\/th>\n<\/tr>\n<tr>\n<th>Da 0,5 a 2 kg<\/th>\n<th>35\u20ac<\/th>\n<\/tr>\n<tr>\n<th>da 2 a 5 kg<\/th>\n<th>54\u20ac<\/th>\n<\/tr>\n<tr>\n<th>da 5 a 10 kg<\/th>\n<th>72\u20ac<\/th>\n<\/tr>\n<\/tbody>\n<\/table>\n<p>&nbsp;<\/p>\n<p>Costi di spedizione per: Resto del mondo (Argentina, Bolivia, Brasile, Cile, Colombia, Costa Rica, Ecuador, El Salvador, Guatemala, Honduras, Messico, Nicaragua, Panama, Paraguay, Per\u00f9, Porto Rico, Repubblica Dominicana, Uruguay, Venezuela, \u2026)<\/p>\n<p>Da 10 a 15 kg 109\u20ac Da 15 a 20 kg 124\u20ac Da 20 a 25 kg 134\u20ac<\/p>\n<table>\n<tbody>\n<tr>\n<th>PESO<\/th>\n<th>COSTO<\/th>\n<\/tr>\n<tr>\n<th>Da 0 a 0,5 kg (per ordini pari o superiori a \u20ac45)<\/th>\n<th class=\"amarillo\">GRATUITO<\/th>\n<\/tr>\n<tr>\n<th>Da 0 a 0,5 kg (per ordini inferiori a 45 \u20ac)<\/th>\n<th>12\u20ac<\/th>\n<\/tr>\n<tr>\n<th>Da 0,5 a 2 kg<\/th>\n<th>47\u20ac<\/th>\n<\/tr>\n<tr>\n<th>da 2 a 5 kg<\/th>\n<th>67\u20ac<\/th>\n<\/tr>\n<tr>\n<th>da 5 a 10 kg<\/th>\n<th>93\u20ac<\/th>\n<\/tr>\n<\/tbody>\n<\/table>\n<p>&nbsp;<\/p>\n<h1>RECLAMI RELATIVI AL MATERIALE RICEVUTO<\/h1>\n<p>Se ricevi il pacco con segni di manomissione o danneggiamento, segnalalo sulla bolla di consegna del corriere. Non firmare la bolla di consegna senza aver segnalato gli incidenti e sempre in presenza del corriere.<\/p>\n<p>Se dopo la spedizione notate che il prodotto non corrisponde all&#039;ordine effettuato e riscontrate discrepanze tra la bolla di consegna e la fattura, vi preghiamo di comunicarcelo immediatamente, specificando le differenze riscontrate e fornendoci un numero di telefono per velocizzare la procedura.<\/p>\n<p>Non accettiamo reclami relativi a spedizioni trascorse pi\u00f9 di 24 ore dalla data di ricezione da parte del cliente.<\/p>\n<h1>RESI<\/h1>\n<p>Nel rispetto delle disposizioni della Legge 26\/1991 del 21 novembre sui contratti conclusi al di fuori degli esercizi commerciali, riconosciamo il diritto di recedere dal contratto senza necessit\u00e0 di addurre alcuna motivazione, entro un termine massimo di 7 giorni dal ricevimento dell&#039;ordine.<\/p>\n<p>Tuttavia, ricorda che dovrai pagare le spese di spedizione di andata e ritorno, nonch\u00e9 eventuali spese amministrative o di altro tipo sostenute a seguito del reso.<\/p>","protected":false},"excerpt":{"rendered":"<p>ENVIOS \/ DEVOLUCIONES El envio del material se efectuar\u00e1 seg\u00fan la forma de pago: ESPA\u00d1A: Contra reembolso &#8211; en 24\/48 horas. Otras formas de pago &#8211; en 24\/48 horas despu\u00e9s de hacer efectivo el ingreso. La agencia de transporte para Espa\u00f1a y Portugal ser\u00e1 OTROS&#8230;<\/p>","protected":false},"author":1,"featured_media":0,"parent":27,"menu_order":0,"comment_status":"closed","ping_status":"open","template":"","meta":{"bwfblock_default_font":"","footnotes":""},"class_list":["post-29","page","type-page","status-publish","hentry"],"yoast_head":"<!-- This site is optimized with the Yoast SEO Premium plugin v23.0 (Yoast SEO v27.2) - https:\/\/yoast.com\/product\/yoast-seo-premium-wordpress\/ -->\n<title>Env\u00edos \/ Devoluciones<\/title>\n<meta name=\"description\" content=\"Gastos de env\u00edo gratis para pedidos superiores a 45\u20ac y peso inferior a 3 Kg (solo Espa\u00f1a) o 500 gr. (resto de pa\u00edses). Pol\u00edtica de env\u00edos.\" \/>\n<meta name=\"robots\" content=\"index, follow, max-snippet:-1, max-image-preview:large, max-video-preview:-1\" \/>\n<link rel=\"canonical\" href=\"https:\/\/genehtik.com\/it\/informacion\/envios-devoluciones\/\" \/>\n<meta property=\"og:locale\" content=\"it_IT\" \/>\n<meta property=\"og:type\" content=\"article\" \/>\n<meta property=\"og:title\" content=\"Env\u00edos \/ Devoluciones\" \/>\n<meta property=\"og:description\" content=\"Gastos de env\u00edo gratis para pedidos superiores a 45\u20ac y peso inferior a 3 Kg (solo Espa\u00f1a) o 500 gr. (resto de pa\u00edses). Pol\u00edtica de env\u00edos.\" \/>\n<meta property=\"og:url\" content=\"https:\/\/genehtik.com\/it\/informacion\/envios-devoluciones\/\" \/>\n<meta property=\"og:site_name\" content=\"Genehtik\" \/>\n<meta property=\"article:publisher\" content=\"http:\/\/www.facebook.com\/Genehtik\" \/>\n<meta property=\"article:modified_time\" content=\"2026-02-11T15:14:44+00:00\" \/>\n<meta name=\"twitter:card\" content=\"summary_large_image\" \/>\n<meta name=\"twitter:site\" content=\"@GenehtikEs\" \/>\n<meta name=\"twitter:label1\" content=\"Tempo di lettura stimato\" \/>\n\t<meta name=\"twitter:data1\" content=\"4 minuti\" \/>\n<script type=\"application\/ld+json\" class=\"yoast-schema-graph\">{\"@context\":\"https:\/\/schema.org\",\"@graph\":[{\"@type\":\"WebPage\",\"@id\":\"https:\/\/genehtik.com\/informacion\/envios-devoluciones\/\",\"url\":\"https:\/\/genehtik.com\/informacion\/envios-devoluciones\/\",\"name\":\"Env\u00edos \/ Devoluciones\",\"isPartOf\":{\"@id\":\"https:\/\/genehtik.com\/#website\"},\"datePublished\":\"2015-06-29T09:15:57+00:00\",\"dateModified\":\"2026-02-11T15:14:44+00:00\",\"description\":\"Gastos de env\u00edo gratis para pedidos superiores a 45\u20ac y peso inferior a 3 Kg (solo Espa\u00f1a) o 500 gr. (resto de pa\u00edses). Pol\u00edtica de env\u00edos.\",\"breadcrumb\":{\"@id\":\"https:\/\/genehtik.com\/informacion\/envios-devoluciones\/#breadcrumb\"},\"inLanguage\":\"it-IT\",\"potentialAction\":[{\"@type\":\"ReadAction\",\"target\":[\"https:\/\/genehtik.com\/informacion\/envios-devoluciones\/\"]}]},{\"@type\":\"BreadcrumbList\",\"@id\":\"https:\/\/genehtik.com\/informacion\/envios-devoluciones\/#breadcrumb\",\"itemListElement\":[{\"@type\":\"ListItem\",\"position\":1,\"name\":\"Home\",\"item\":\"https:\/\/genehtik.com\/\"},{\"@type\":\"ListItem\",\"position\":2,\"name\":\"Informaci\u00f3n\",\"item\":\"https:\/\/genehtik.com\/informacion\/\"},{\"@type\":\"ListItem\",\"position\":3,\"name\":\"Env\u00edos \/ Devoluciones\"}]},{\"@type\":\"WebSite\",\"@id\":\"https:\/\/genehtik.com\/#website\",\"url\":\"https:\/\/genehtik.com\/\",\"name\":\"Genehtik\",\"description\":\"Banco de semillas de cannabis feminizadas y autoflorecientes de calidad y garant\u00eda\",\"potentialAction\":[{\"@type\":\"SearchAction\",\"target\":{\"@type\":\"EntryPoint\",\"urlTemplate\":\"https:\/\/genehtik.com\/?s={search_term_string}\"},\"query-input\":{\"@type\":\"PropertyValueSpecification\",\"valueRequired\":true,\"valueName\":\"search_term_string\"}}],\"inLanguage\":\"it-IT\"}]}<\/script>\n<!-- \/ Yoast SEO Premium plugin. -->","yoast_head_json":{"title":"Spedizione \/ Resi","description":"Gastos de env\u00edo gratis para pedidos superiores a 45\u20ac y peso inferior a 3 Kg (solo Espa\u00f1a) o 500 gr. (resto de pa\u00edses). Pol\u00edtica de env\u00edos.","robots":{"index":"index","follow":"follow","max-snippet":"max-snippet:-1","max-image-preview":"max-image-preview:large","max-video-preview":"max-video-preview:-1"},"canonical":"https:\/\/genehtik.com\/it\/informacion\/envios-devoluciones\/","og_locale":"it_IT","og_type":"article","og_title":"Env\u00edos \/ Devoluciones","og_description":"Gastos de env\u00edo gratis para pedidos superiores a 45\u20ac y peso inferior a 3 Kg (solo Espa\u00f1a) o 500 gr. (resto de pa\u00edses). Pol\u00edtica de env\u00edos.","og_url":"https:\/\/genehtik.com\/it\/informacion\/envios-devoluciones\/","og_site_name":"Genehtik","article_publisher":"http:\/\/www.facebook.com\/Genehtik","article_modified_time":"2026-02-11T15:14:44+00:00","twitter_card":"summary_large_image","twitter_site":"@GenehtikEs","twitter_misc":{"Tempo di lettura stimato":"4 minuti"},"schema":{"@context":"https:\/\/schema.org","@graph":[{"@type":"WebPage","@id":"https:\/\/genehtik.com\/informacion\/envios-devoluciones\/","url":"https:\/\/genehtik.com\/informacion\/envios-devoluciones\/","name":"Spedizione \/ Resi","isPartOf":{"@id":"https:\/\/genehtik.com\/#website"},"datePublished":"2015-06-29T09:15:57+00:00","dateModified":"2026-02-11T15:14:44+00:00","description":"Gastos de env\u00edo gratis para pedidos superiores a 45\u20ac y peso inferior a 3 Kg (solo Espa\u00f1a) o 500 gr. (resto de pa\u00edses). Pol\u00edtica de env\u00edos.","breadcrumb":{"@id":"https:\/\/genehtik.com\/informacion\/envios-devoluciones\/#breadcrumb"},"inLanguage":"it-IT","potentialAction":[{"@type":"ReadAction","target":["https:\/\/genehtik.com\/informacion\/envios-devoluciones\/"]}]},{"@type":"BreadcrumbList","@id":"https:\/\/genehtik.com\/informacion\/envios-devoluciones\/#breadcrumb","itemListElement":[{"@type":"ListItem","position":1,"name":"Home","item":"https:\/\/genehtik.com\/"},{"@type":"ListItem","position":2,"name":"Informaci\u00f3n","item":"https:\/\/genehtik.com\/informacion\/"},{"@type":"ListItem","position":3,"name":"Env\u00edos \/ Devoluciones"}]},{"@type":"WebSite","@id":"https:\/\/genehtik.com\/#website","url":"https:\/\/genehtik.com\/","name":"Genehtik","description":"Banco de semillas de cannabis feminizadas y autoflorecientes de calidad y garant\u00eda","potentialAction":[{"@type":"SearchAction","target":{"@type":"EntryPoint","urlTemplate":"https:\/\/genehtik.com\/?s={search_term_string}"},"query-input":{"@type":"PropertyValueSpecification","valueRequired":true,"valueName":"search_term_string"}}],"inLanguage":"it-IT"}]}},"_links":{"self":[{"href":"https:\/\/genehtik.com\/it\/wp-json\/wp\/v2\/pages\/29","targetHints":{"allow":["GET"]}}],"collection":[{"href":"https:\/\/genehtik.com\/it\/wp-json\/wp\/v2\/pages"}],"about":[{"href":"https:\/\/genehtik.com\/it\/wp-json\/wp\/v2\/types\/page"}],"author":[{"embeddable":true,"href":"https:\/\/genehtik.com\/it\/wp-json\/wp\/v2\/users\/1"}],"replies":[{"embeddable":true,"href":"https:\/\/genehtik.com\/it\/wp-json\/wp\/v2\/comments?post=29"}],"version-history":[{"count":33,"href":"https:\/\/genehtik.com\/it\/wp-json\/wp\/v2\/pages\/29\/revisions"}],"predecessor-version":[{"id":43144,"href":"https:\/\/genehtik.com\/it\/wp-json\/wp\/v2\/pages\/29\/revisions\/43144"}],"up":[{"embeddable":true,"href":"https:\/\/genehtik.com\/it\/wp-json\/wp\/v2\/pages\/27"}],"wp:attachment":[{"href":"https:\/\/genehtik.com\/it\/wp-json\/wp\/v2\/media?parent=29"}],"curies":[{"name":"wp","href":"https:\/\/api.w.org\/{rel}","templated":true}]}}