{"id":31,"date":"2015-06-29T09:16:23","date_gmt":"2015-06-29T09:16:23","guid":{"rendered":"https:\/\/clon.genehtik.com\/?page_id=31"},"modified":"2025-07-09T09:57:12","modified_gmt":"2025-07-09T09:57:12","slug":"formas-de-pago","status":"publish","type":"page","link":"https:\/\/genehtik.com\/it\/informacion\/formas-de-pago\/","title":{"rendered":"Metodi di pagamento"},"content":{"rendered":"<div class=\"wpb-content-wrapper\"><div class=\"vc_row wpb_row vc_row-fluid edgtf-section edgtf-content-aligment-left\" style=\"\"><div class=\"clearfix edgtf-full-section-inner\"><div class=\"wpb_column vc_column_container vc_col-sm-12\"><div class=\"vc_column-inner\"><div class=\"wpb_wrapper\">\n\t<div class=\"wpb_text_column wpb_content_element\" >\n\t\t<div class=\"wpb_wrapper\">\n\t\t\t<h1>METODI DI PAGAMENTO<\/h1>\n<ul>\n<li style=\"list-style-type: none;\">\n<ul>\n<li>\n<h3>Carta di credito (POS virtuale):<\/h3>\n<p><img decoding=\"async\" data-src=\"https:\/\/genehtik.com\/wp-content\/uploads\/2015\/06\/tarjetas.jpg\" alt=\"Tarjetas de cr\u00e9dito aceptadas en la tienda online Genehtik\" width=\"329\" class=\"smush-dimensions lazyload\" style=\"--smush-image-width: 329px; --smush-image-aspect-ratio: 329\/85;\" src=\"data:image\/svg+xml;base64,PHN2ZyB3aWR0aD0iMSIgaGVpZ2h0PSIxIiB4bWxucz0iaHR0cDovL3d3dy53My5vcmcvMjAwMC9zdmciPjwvc3ZnPg==\" data-srcset=\"https:\/\/genehtik.com\/wp-content\/uploads\/2015\/06\/tarjetas.jpg 329w, https:\/\/genehtik.com\/wp-content\/uploads\/2015\/06\/tarjetas-150x39.jpg 150w, https:\/\/genehtik.com\/wp-content\/uploads\/2015\/06\/tarjetas-300x78.jpg 300w, https:\/\/genehtik.com\/wp-content\/uploads\/2015\/06\/tarjetas-250x65.jpg 250w\" data-sizes=\"auto\" data-original-sizes=\"(max-width: 329px) 100vw, 329px\" \/><\/p>\n<p>Tutte le transazioni effettuate tramite il POS virtuale godranno di tutte le garanzie di sicurezza, riservatezza e integrit\u00e0 per i soggetti partecipanti: i titolari delle carte e i loro emittenti, e gli esercenti e i loro acquirenti.<\/p>\n<p>Genehtik non ha accesso alle informazioni riservate delle carte di credito, impedendo cos\u00ec che vengano rubate da terzi a scopo fraudolento. Il modo migliore per un&#039;azienda di proteggere le informazioni sensibili dei clienti \u00e8 non averle.<\/p>\n<p>Questo esercente si impegna a non consentire alcuna transazione illegale o che sia considerata dai circuiti di carte di credito o dalla banca acquirente potenzialmente dannosa per la loro reputazione o in grado di avere un impatto negativo su di loro. Le seguenti attivit\u00e0 sono vietate nell&#039;ambito dei programmi dei circuiti di carte: la vendita o l&#039;offerta di qualsiasi prodotto o servizio che non sia pienamente conforme a tutte le leggi applicabili all&#039;Acquirente, alla Banca Emittente, all&#039;Esercente, al Titolare della Carta o alle carte.<\/p>\n<p>Inoltre, sono esplicitamente vietate anche le seguenti attivit\u00e0:<\/p>\n<p>\u2013 Vendita o spedizione di semi di cannabis al di fuori della Spagna.<br \/>\n\u2013 Vendita di tabacco.<\/li>\n<li>\n<h3>Pagamento alla consegna (solo per Spagna e Portogallo).<\/h3>\n<p>Le spedizioni con pagamento in contrassegno prevedono un costo aggiuntivo di 6%<\/li>\n<li>\n<h3>Pagamento in contanti:<\/h3>\n<p>Dovrai inviare una busta entro <em><strong>POSTA RACCOMANDATA<\/strong><\/em>\u00a0Il pagamento dell&#039;importo dell&#039;ordine dovr\u00e0 essere effettuato in contanti (solo banconote). Non appena riceveremo il pagamento, prepareremo l&#039;ordine e lo spediremo.<\/p>\n<p>Il limite di importo per questa forma di pagamento \u00e8 di 2.500 euro o l&#039;equivalente in valuta estera, secondo l&#039;articolo 7 della legge 7\/2012 del 29 ottobre.<\/li>\n<li>\n<h3>Bonifico bancario:<\/h3>\n<p>IBAN: ES15 0182 9734 0202 0179 8176<\/p>\n<p>BIC: BBVAESMMXXX<\/li>\n<\/ul>\n<\/li>\n<\/ul>\n\n\t\t<\/div>\n\t<\/div>\n<\/div><\/div><\/div><\/div><\/div>\n<\/div>","protected":false},"excerpt":{"rendered":"FORMAS DE PAGO Tarjeta de cr\u00e9dito (TPV Virtual): Todas las transacciones que se realicen a trav\u00e9s del TPV Virtual contar\u00e1n con todas las garant\u00edas de seguridad, confidencialidad e integridad para los agentes participantes: titulares de tarjetas y sus entidades emisoras, y comercios y sus entidades...","protected":false},"author":1,"featured_media":0,"parent":27,"menu_order":0,"comment_status":"closed","ping_status":"open","template":"","meta":{"bwfblock_default_font":"","footnotes":""},"class_list":["post-31","page","type-page","status-publish","hentry"],"yoast_head":"<!-- This site is optimized with the Yoast SEO Premium plugin v23.0 (Yoast SEO v27.2) - https:\/\/yoast.com\/product\/yoast-seo-premium-wordpress\/ -->\n<title>Formas de Pago<\/title>\n<meta name=\"description\" content=\"Formas de pago aceptadas en nuestra tienda online Genehtik. Semillas de marihuana y fertilizantes\" \/>\n<meta name=\"robots\" content=\"index, follow, max-snippet:-1, max-image-preview:large, max-video-preview:-1\" \/>\n<link rel=\"canonical\" href=\"https:\/\/genehtik.com\/it\/informacion\/formas-de-pago\/\" \/>\n<meta property=\"og:locale\" content=\"it_IT\" \/>\n<meta property=\"og:type\" content=\"article\" \/>\n<meta property=\"og:title\" content=\"Formas de Pago\" \/>\n<meta property=\"og:description\" content=\"Formas de pago aceptadas en nuestra tienda online Genehtik. Semillas de marihuana y fertilizantes\" \/>\n<meta property=\"og:url\" content=\"https:\/\/genehtik.com\/it\/informacion\/formas-de-pago\/\" \/>\n<meta property=\"og:site_name\" content=\"Genehtik\" \/>\n<meta property=\"article:publisher\" content=\"http:\/\/www.facebook.com\/Genehtik\" \/>\n<meta property=\"article:modified_time\" content=\"2025-07-09T09:57:12+00:00\" \/>\n<meta property=\"og:image\" content=\"https:\/\/genehtik.com\/wp-content\/uploads\/2015\/06\/tarjetas.jpg\" \/>\n<meta name=\"twitter:card\" content=\"summary_large_image\" \/>\n<meta name=\"twitter:site\" content=\"@GenehtikEs\" \/>\n<meta name=\"twitter:label1\" content=\"Tempo di lettura stimato\" \/>\n\t<meta name=\"twitter:data1\" content=\"2 minuti\" \/>\n<script type=\"application\/ld+json\" class=\"yoast-schema-graph\">{\"@context\":\"https:\/\/schema.org\",\"@graph\":[{\"@type\":\"WebPage\",\"@id\":\"https:\/\/genehtik.com\/informacion\/formas-de-pago\/\",\"url\":\"https:\/\/genehtik.com\/informacion\/formas-de-pago\/\",\"name\":\"Formas de Pago\",\"isPartOf\":{\"@id\":\"https:\/\/genehtik.com\/#website\"},\"primaryImageOfPage\":{\"@id\":\"https:\/\/genehtik.com\/informacion\/formas-de-pago\/#primaryimage\"},\"image\":{\"@id\":\"https:\/\/genehtik.com\/informacion\/formas-de-pago\/#primaryimage\"},\"thumbnailUrl\":\"https:\/\/genehtik.com\/wp-content\/uploads\/2015\/06\/tarjetas.jpg\",\"datePublished\":\"2015-06-29T09:16:23+00:00\",\"dateModified\":\"2025-07-09T09:57:12+00:00\",\"description\":\"Formas de pago aceptadas en nuestra tienda online Genehtik. Semillas de marihuana y fertilizantes\",\"breadcrumb\":{\"@id\":\"https:\/\/genehtik.com\/informacion\/formas-de-pago\/#breadcrumb\"},\"inLanguage\":\"it-IT\",\"potentialAction\":[{\"@type\":\"ReadAction\",\"target\":[\"https:\/\/genehtik.com\/informacion\/formas-de-pago\/\"]}]},{\"@type\":\"ImageObject\",\"inLanguage\":\"it-IT\",\"@id\":\"https:\/\/genehtik.com\/informacion\/formas-de-pago\/#primaryimage\",\"url\":\"https:\/\/genehtik.com\/wp-content\/uploads\/2015\/06\/tarjetas.jpg\",\"contentUrl\":\"https:\/\/genehtik.com\/wp-content\/uploads\/2015\/06\/tarjetas.jpg\"},{\"@type\":\"BreadcrumbList\",\"@id\":\"https:\/\/genehtik.com\/informacion\/formas-de-pago\/#breadcrumb\",\"itemListElement\":[{\"@type\":\"ListItem\",\"position\":1,\"name\":\"Home\",\"item\":\"https:\/\/genehtik.com\/\"},{\"@type\":\"ListItem\",\"position\":2,\"name\":\"Informaci\u00f3n\",\"item\":\"https:\/\/genehtik.com\/informacion\/\"},{\"@type\":\"ListItem\",\"position\":3,\"name\":\"Formas de Pago\"}]},{\"@type\":\"WebSite\",\"@id\":\"https:\/\/genehtik.com\/#website\",\"url\":\"https:\/\/genehtik.com\/\",\"name\":\"Genehtik\",\"description\":\"Banco de semillas de cannabis feminizadas y autoflorecientes de calidad y garant\u00eda\",\"potentialAction\":[{\"@type\":\"SearchAction\",\"target\":{\"@type\":\"EntryPoint\",\"urlTemplate\":\"https:\/\/genehtik.com\/?s={search_term_string}\"},\"query-input\":{\"@type\":\"PropertyValueSpecification\",\"valueRequired\":true,\"valueName\":\"search_term_string\"}}],\"inLanguage\":\"it-IT\"}]}<\/script>\n<!-- \/ Yoast SEO Premium plugin. -->","yoast_head_json":{"title":"Metodi di pagamento","description":"Formas de pago aceptadas en nuestra tienda online Genehtik. Semillas de marihuana y fertilizantes","robots":{"index":"index","follow":"follow","max-snippet":"max-snippet:-1","max-image-preview":"max-image-preview:large","max-video-preview":"max-video-preview:-1"},"canonical":"https:\/\/genehtik.com\/it\/informacion\/formas-de-pago\/","og_locale":"it_IT","og_type":"article","og_title":"Formas de Pago","og_description":"Formas de pago aceptadas en nuestra tienda online Genehtik. Semillas de marihuana y fertilizantes","og_url":"https:\/\/genehtik.com\/it\/informacion\/formas-de-pago\/","og_site_name":"Genehtik","article_publisher":"http:\/\/www.facebook.com\/Genehtik","article_modified_time":"2025-07-09T09:57:12+00:00","og_image":[{"url":"https:\/\/genehtik.com\/wp-content\/uploads\/2015\/06\/tarjetas.jpg","type":"","width":"","height":""}],"twitter_card":"summary_large_image","twitter_site":"@GenehtikEs","twitter_misc":{"Tempo di lettura stimato":"2 minuti"},"schema":{"@context":"https:\/\/schema.org","@graph":[{"@type":"WebPage","@id":"https:\/\/genehtik.com\/informacion\/formas-de-pago\/","url":"https:\/\/genehtik.com\/informacion\/formas-de-pago\/","name":"Metodi di pagamento","isPartOf":{"@id":"https:\/\/genehtik.com\/#website"},"primaryImageOfPage":{"@id":"https:\/\/genehtik.com\/informacion\/formas-de-pago\/#primaryimage"},"image":{"@id":"https:\/\/genehtik.com\/informacion\/formas-de-pago\/#primaryimage"},"thumbnailUrl":"https:\/\/genehtik.com\/wp-content\/uploads\/2015\/06\/tarjetas.jpg","datePublished":"2015-06-29T09:16:23+00:00","dateModified":"2025-07-09T09:57:12+00:00","description":"Formas de pago aceptadas en nuestra tienda online Genehtik. Semillas de marihuana y fertilizantes","breadcrumb":{"@id":"https:\/\/genehtik.com\/informacion\/formas-de-pago\/#breadcrumb"},"inLanguage":"it-IT","potentialAction":[{"@type":"ReadAction","target":["https:\/\/genehtik.com\/informacion\/formas-de-pago\/"]}]},{"@type":"ImageObject","inLanguage":"it-IT","@id":"https:\/\/genehtik.com\/informacion\/formas-de-pago\/#primaryimage","url":"https:\/\/genehtik.com\/wp-content\/uploads\/2015\/06\/tarjetas.jpg","contentUrl":"https:\/\/genehtik.com\/wp-content\/uploads\/2015\/06\/tarjetas.jpg"},{"@type":"BreadcrumbList","@id":"https:\/\/genehtik.com\/informacion\/formas-de-pago\/#breadcrumb","itemListElement":[{"@type":"ListItem","position":1,"name":"Home","item":"https:\/\/genehtik.com\/"},{"@type":"ListItem","position":2,"name":"Informaci\u00f3n","item":"https:\/\/genehtik.com\/informacion\/"},{"@type":"ListItem","position":3,"name":"Formas de Pago"}]},{"@type":"WebSite","@id":"https:\/\/genehtik.com\/#website","url":"https:\/\/genehtik.com\/","name":"Genehtik","description":"Banco de semillas de cannabis feminizadas y autoflorecientes de calidad y garant\u00eda","potentialAction":[{"@type":"SearchAction","target":{"@type":"EntryPoint","urlTemplate":"https:\/\/genehtik.com\/?s={search_term_string}"},"query-input":{"@type":"PropertyValueSpecification","valueRequired":true,"valueName":"search_term_string"}}],"inLanguage":"it-IT"}]}},"_links":{"self":[{"href":"https:\/\/genehtik.com\/it\/wp-json\/wp\/v2\/pages\/31","targetHints":{"allow":["GET"]}}],"collection":[{"href":"https:\/\/genehtik.com\/it\/wp-json\/wp\/v2\/pages"}],"about":[{"href":"https:\/\/genehtik.com\/it\/wp-json\/wp\/v2\/types\/page"}],"author":[{"embeddable":true,"href":"https:\/\/genehtik.com\/it\/wp-json\/wp\/v2\/users\/1"}],"replies":[{"embeddable":true,"href":"https:\/\/genehtik.com\/it\/wp-json\/wp\/v2\/comments?post=31"}],"version-history":[{"count":42,"href":"https:\/\/genehtik.com\/it\/wp-json\/wp\/v2\/pages\/31\/revisions"}],"predecessor-version":[{"id":42319,"href":"https:\/\/genehtik.com\/it\/wp-json\/wp\/v2\/pages\/31\/revisions\/42319"}],"up":[{"embeddable":true,"href":"https:\/\/genehtik.com\/it\/wp-json\/wp\/v2\/pages\/27"}],"wp:attachment":[{"href":"https:\/\/genehtik.com\/it\/wp-json\/wp\/v2\/media?parent=31"}],"curies":[{"name":"wp","href":"https:\/\/api.w.org\/{rel}","templated":true}]}}