{"id":35,"date":"2015-06-29T09:17:09","date_gmt":"2015-06-29T09:17:09","guid":{"rendered":"https:\/\/clon.genehtik.com\/?page_id=35"},"modified":"2025-06-04T10:28:58","modified_gmt":"2025-06-04T10:28:58","slug":"condiciones-de-uso","status":"publish","type":"page","link":"https:\/\/genehtik.com\/it\/informacion\/condiciones-de-uso\/","title":{"rendered":"Termini e condizioni d&#039;uso"},"content":{"rendered":"<h1>TERMINI E CONDIZIONI D&#039;USO<\/h1>\n<p>In Spagna, il possesso di semi di canapa non costituisce reato (Convenzione di Vienna del 1961). La coltivazione di cannabis pu\u00f2 essere soggetta a sanzioni amministrative e penali (articolo 25.1 della Legge organica sulla tutela della sicurezza pubblica e articolo 368 del Codice penale).<\/p>\n<p>L&#039;importazione, il possesso, la vendita o la distribuzione di semi di cannabis non sono regolamentati dalla legge in conformit\u00e0 con il trattato unilaterale sugli stupefacenti stipulato a Vienna nel 1961.<\/p>\n<p>In alcuni paesi, come la Spagna, la coltivazione di semi di cannabis da parte di aziende, associazioni o privati senza la dovuta autorizzazione pu\u00f2 costituire reato. Pertanto, la vendita o la distribuzione di semi in questi paesi \u00e8 consentita esclusivamente per applicazioni industriali, collezionismo o conservazione del patrimonio genetico.<\/p>\n<p>I distributori e i clienti di Genehtik Collections accettano la specifica restrizione che i semi non vengano utilizzati da terzi per scopi illeciti o illegali.<\/p>\n<p>Allo stesso modo, non intendiamo incoraggiare o indurre nessuno ad agire contro la legge, e ogni individuo \u00e8 responsabile delle proprie azioni. I nostri clienti devono accettare tutto quanto sopra in merito all&#039;esportazione di semi di cannabis verso paesi come Stati Uniti, Germania, Francia o qualsiasi altro paese in cui sia illegale.<\/p>\n<p>Genehtik SL Collections declina ogni responsabilit\u00e0 per l&#039;uso, totale o illegale, di questi semi da collezione.<\/p>\n<p>In Spagna e in molti altri paesi europei, la vendita di semi di canapa \u00e8 legale. Tuttavia, potrebbe essere vietata nel tuo paese. Ti consigliamo di verificare prima la legalit\u00e0 nel tuo paese; in caso contrario, sarai responsabile delle tue azioni. Genehtik SL Collections non pu\u00f2 essere ritenuta responsabile per le diverse normative vigenti in ciascun paese.<\/p>\n<p>L&#039;acquisto di questi prodotti \u00e8 vietato nei paesi in cui i semi di cannabis sono illegali, come Australia, Germania e paesi asiatici, o in qualsiasi altro paese in cui il possesso di semi di cannabis sia illegale. Tuttavia, qualora un acquirente proveniente da un paese non elencato sopra acquisti irresponsabilmente uno qualsiasi di questi prodotti senza prima informarsi sulle leggi locali, l&#039;azienda declina ogni responsabilit\u00e0 per eventuali problemi legali che ne derivino e non emetter\u00e0 rimborsi per gli articoli sequestrati o respinti dalla dogana durante le sue operazioni.<\/p>\n<p>Le descrizioni di questi e altri prodotti in vendita su questo sito web sono state tratte da aziende e libri specializzati scritti in paesi in cui le leggi non vietano il consumo di determinate sostanze psicoattive (come i Paesi Bassi). Ci\u00f2 significa che il fatto che alcune descrizioni alludano ai loro effetti dopo l&#039;assunzione NON implica in alcun modo che possiate consumarli; si tratta semplicemente di informazioni, poich\u00e9 questi prodotti sono venduti esclusivamente per usi medici e terapeutici, a studenti di botanica, naturalisti, collezionisti, come souvenir, ecc.<\/p>\n<p>Qualora i prodotti vengano utilizzati per il consumo umano, la responsabilit\u00e0 ricadr\u00e0 sempre e solo sull&#039;acquirente, e l&#039;azienda declina ogni possibile responsabilit\u00e0 al riguardo.<\/p>\n<p>&nbsp;<\/p>\n<p>Chiediamo il vostro impegno e la vostra responsabilit\u00e0.<\/p>\n<p>&nbsp;<\/p>\n<p>Genehtik Collections SL<\/p>\n<p>Pol. Ind. Erletxe Plat. E nave 27<\/p>\n<p>48960 Galdakao<\/p>\n<p>Bizkaia<\/p>","protected":false},"excerpt":{"rendered":"<p>T\u00c9RMINOS Y CONDICIONES DE USO La posesi\u00f3n de semillas de c\u00e1\u00f1amo en Espa\u00f1a no es constitutiva de delito (Convenci\u00f3n de Viena de 1.961). El cultivo de cannabis puede ser objeto de sanciones administrativas y penales (Art. 25.1 de la Ley Org\u00e1nica de Protecci\u00f3n de la&#8230;<\/p>","protected":false},"author":1,"featured_media":0,"parent":27,"menu_order":0,"comment_status":"closed","ping_status":"open","template":"","meta":{"bwfblock_default_font":"","footnotes":""},"class_list":["post-35","page","type-page","status-publish","hentry"],"yoast_head":"<!-- This site is optimized with the Yoast SEO Premium plugin v23.0 (Yoast SEO v27.2) - https:\/\/yoast.com\/product\/yoast-seo-premium-wordpress\/ -->\n<title>T\u00e9rminos y Condiciones de uso<\/title>\n<meta name=\"description\" content=\"T\u00e9rminos y condiciones de uso de nuestra tienda online Genehtik. Semillas de marihuana y fertilizantes\" \/>\n<meta name=\"robots\" content=\"index, follow, max-snippet:-1, max-image-preview:large, max-video-preview:-1\" \/>\n<link rel=\"canonical\" href=\"https:\/\/genehtik.com\/it\/informacion\/condiciones-de-uso\/\" \/>\n<meta property=\"og:locale\" content=\"it_IT\" \/>\n<meta property=\"og:type\" content=\"article\" \/>\n<meta property=\"og:title\" content=\"T\u00e9rminos y Condiciones de Uso\" \/>\n<meta property=\"og:description\" content=\"T\u00e9rminos y condiciones de uso de nuestra tienda online Genehtik. Semillas de marihuana y fertilizantes\" \/>\n<meta property=\"og:url\" content=\"https:\/\/genehtik.com\/it\/informacion\/condiciones-de-uso\/\" \/>\n<meta property=\"og:site_name\" content=\"Genehtik\" \/>\n<meta property=\"article:publisher\" content=\"http:\/\/www.facebook.com\/Genehtik\" \/>\n<meta property=\"article:modified_time\" content=\"2025-06-04T10:28:58+00:00\" \/>\n<meta name=\"twitter:card\" content=\"summary_large_image\" \/>\n<meta name=\"twitter:site\" content=\"@GenehtikEs\" \/>\n<meta name=\"twitter:label1\" content=\"Tempo di lettura stimato\" \/>\n\t<meta name=\"twitter:data1\" content=\"3 minuti\" \/>\n<script type=\"application\/ld+json\" class=\"yoast-schema-graph\">{\"@context\":\"https:\/\/schema.org\",\"@graph\":[{\"@type\":\"WebPage\",\"@id\":\"https:\/\/genehtik.com\/informacion\/condiciones-de-uso\/\",\"url\":\"https:\/\/genehtik.com\/informacion\/condiciones-de-uso\/\",\"name\":\"T\u00e9rminos y Condiciones de uso\",\"isPartOf\":{\"@id\":\"https:\/\/genehtik.com\/#website\"},\"datePublished\":\"2015-06-29T09:17:09+00:00\",\"dateModified\":\"2025-06-04T10:28:58+00:00\",\"description\":\"T\u00e9rminos y condiciones de uso de nuestra tienda online Genehtik. Semillas de marihuana y fertilizantes\",\"breadcrumb\":{\"@id\":\"https:\/\/genehtik.com\/informacion\/condiciones-de-uso\/#breadcrumb\"},\"inLanguage\":\"it-IT\",\"potentialAction\":[{\"@type\":\"ReadAction\",\"target\":[\"https:\/\/genehtik.com\/informacion\/condiciones-de-uso\/\"]}]},{\"@type\":\"BreadcrumbList\",\"@id\":\"https:\/\/genehtik.com\/informacion\/condiciones-de-uso\/#breadcrumb\",\"itemListElement\":[{\"@type\":\"ListItem\",\"position\":1,\"name\":\"Home\",\"item\":\"https:\/\/genehtik.com\/\"},{\"@type\":\"ListItem\",\"position\":2,\"name\":\"Informaci\u00f3n\",\"item\":\"https:\/\/genehtik.com\/informacion\/\"},{\"@type\":\"ListItem\",\"position\":3,\"name\":\"T\u00e9rminos y Condiciones de Uso\"}]},{\"@type\":\"WebSite\",\"@id\":\"https:\/\/genehtik.com\/#website\",\"url\":\"https:\/\/genehtik.com\/\",\"name\":\"Genehtik\",\"description\":\"Banco de semillas de cannabis feminizadas y autoflorecientes de calidad y garant\u00eda\",\"potentialAction\":[{\"@type\":\"SearchAction\",\"target\":{\"@type\":\"EntryPoint\",\"urlTemplate\":\"https:\/\/genehtik.com\/?s={search_term_string}\"},\"query-input\":{\"@type\":\"PropertyValueSpecification\",\"valueRequired\":true,\"valueName\":\"search_term_string\"}}],\"inLanguage\":\"it-IT\"}]}<\/script>\n<!-- \/ Yoast SEO Premium plugin. -->","yoast_head_json":{"title":"T\u00e9rminos y Condiciones de uso","description":"T\u00e9rminos y condiciones de uso de nuestra tienda online Genehtik. Semillas de marihuana y fertilizantes","robots":{"index":"index","follow":"follow","max-snippet":"max-snippet:-1","max-image-preview":"max-image-preview:large","max-video-preview":"max-video-preview:-1"},"canonical":"https:\/\/genehtik.com\/it\/informacion\/condiciones-de-uso\/","og_locale":"it_IT","og_type":"article","og_title":"T\u00e9rminos y Condiciones de Uso","og_description":"T\u00e9rminos y condiciones de uso de nuestra tienda online Genehtik. Semillas de marihuana y fertilizantes","og_url":"https:\/\/genehtik.com\/it\/informacion\/condiciones-de-uso\/","og_site_name":"Genehtik","article_publisher":"http:\/\/www.facebook.com\/Genehtik","article_modified_time":"2025-06-04T10:28:58+00:00","twitter_card":"summary_large_image","twitter_site":"@GenehtikEs","twitter_misc":{"Tempo di lettura stimato":"3 minuti"},"schema":{"@context":"https:\/\/schema.org","@graph":[{"@type":"WebPage","@id":"https:\/\/genehtik.com\/informacion\/condiciones-de-uso\/","url":"https:\/\/genehtik.com\/informacion\/condiciones-de-uso\/","name":"T\u00e9rminos y Condiciones de uso","isPartOf":{"@id":"https:\/\/genehtik.com\/#website"},"datePublished":"2015-06-29T09:17:09+00:00","dateModified":"2025-06-04T10:28:58+00:00","description":"T\u00e9rminos y condiciones de uso de nuestra tienda online Genehtik. Semillas de marihuana y fertilizantes","breadcrumb":{"@id":"https:\/\/genehtik.com\/informacion\/condiciones-de-uso\/#breadcrumb"},"inLanguage":"it-IT","potentialAction":[{"@type":"ReadAction","target":["https:\/\/genehtik.com\/informacion\/condiciones-de-uso\/"]}]},{"@type":"BreadcrumbList","@id":"https:\/\/genehtik.com\/informacion\/condiciones-de-uso\/#breadcrumb","itemListElement":[{"@type":"ListItem","position":1,"name":"Home","item":"https:\/\/genehtik.com\/"},{"@type":"ListItem","position":2,"name":"Informaci\u00f3n","item":"https:\/\/genehtik.com\/informacion\/"},{"@type":"ListItem","position":3,"name":"T\u00e9rminos y Condiciones de Uso"}]},{"@type":"WebSite","@id":"https:\/\/genehtik.com\/#website","url":"https:\/\/genehtik.com\/","name":"Genehtik","description":"Banco de semillas de cannabis feminizadas y autoflorecientes de calidad y garant\u00eda","potentialAction":[{"@type":"SearchAction","target":{"@type":"EntryPoint","urlTemplate":"https:\/\/genehtik.com\/?s={search_term_string}"},"query-input":{"@type":"PropertyValueSpecification","valueRequired":true,"valueName":"search_term_string"}}],"inLanguage":"it-IT"}]}},"_links":{"self":[{"href":"https:\/\/genehtik.com\/it\/wp-json\/wp\/v2\/pages\/35","targetHints":{"allow":["GET"]}}],"collection":[{"href":"https:\/\/genehtik.com\/it\/wp-json\/wp\/v2\/pages"}],"about":[{"href":"https:\/\/genehtik.com\/it\/wp-json\/wp\/v2\/types\/page"}],"author":[{"embeddable":true,"href":"https:\/\/genehtik.com\/it\/wp-json\/wp\/v2\/users\/1"}],"replies":[{"embeddable":true,"href":"https:\/\/genehtik.com\/it\/wp-json\/wp\/v2\/comments?post=35"}],"version-history":[{"count":11,"href":"https:\/\/genehtik.com\/it\/wp-json\/wp\/v2\/pages\/35\/revisions"}],"predecessor-version":[{"id":42262,"href":"https:\/\/genehtik.com\/it\/wp-json\/wp\/v2\/pages\/35\/revisions\/42262"}],"up":[{"embeddable":true,"href":"https:\/\/genehtik.com\/it\/wp-json\/wp\/v2\/pages\/27"}],"wp:attachment":[{"href":"https:\/\/genehtik.com\/it\/wp-json\/wp\/v2\/media?parent=35"}],"curies":[{"name":"wp","href":"https:\/\/api.w.org\/{rel}","templated":true}]}}