{"id":5008,"date":"2015-07-08T09:30:04","date_gmt":"2015-07-08T09:30:04","guid":{"rendered":"https:\/\/clon.genehtik.com\/?page_id=5008"},"modified":"2025-03-31T10:53:47","modified_gmt":"2025-03-31T10:53:47","slug":"banco-semillas-de-marihuana","status":"publish","type":"page","link":"https:\/\/genehtik.com\/it\/banco-semillas-de-marihuana\/","title":{"rendered":"Genehtik Cannabis Seed Bank \u2013 Chi siamo"},"content":{"rendered":"<p><img decoding=\"async\" class=\"alignnone wp-image-10549 size-full lazyload\" data-src=\"https:\/\/genehtik.com\/wp-content\/uploads\/2015\/07\/semillas-marihuana-genehtik-historia.jpg\" alt=\"Banco de semillas de cannabis Genehtik\" width=\"709\" height=\"425\" data-srcset=\"https:\/\/genehtik.com\/wp-content\/uploads\/2015\/07\/semillas-marihuana-genehtik-historia.jpg 709w, https:\/\/genehtik.com\/wp-content\/uploads\/2015\/07\/semillas-marihuana-genehtik-historia-150x90.jpg 150w, https:\/\/genehtik.com\/wp-content\/uploads\/2015\/07\/semillas-marihuana-genehtik-historia-400x240.jpg 400w, https:\/\/genehtik.com\/wp-content\/uploads\/2015\/07\/semillas-marihuana-genehtik-historia-300x180.jpg 300w, https:\/\/genehtik.com\/wp-content\/uploads\/2015\/07\/semillas-marihuana-genehtik-historia-190x114.jpg 190w\" data-sizes=\"auto\" src=\"data:image\/svg+xml;base64,PHN2ZyB3aWR0aD0iMSIgaGVpZ2h0PSIxIiB4bWxucz0iaHR0cDovL3d3dy53My5vcmcvMjAwMC9zdmciPjwvc3ZnPg==\" style=\"--smush-placeholder-width: 709px; --smush-placeholder-aspect-ratio: 709\/425;\" data-original-sizes=\"(max-width: 709px) 100vw, 709px\" \/><\/p>\n<h2>Storia della nostra banca dei semi<\/h2>\n<p>GENETHIK SEEDS \u00e8 nata oltre 20 anni fa nei Paesi Baschi, culmine di molti anni di lavoro. Anni di coltivazione intensiva. Anni di condivisione di informazioni con coltivatori amatoriali e professionisti, di scambio di esperienze e genetiche con breeder, sia anonimi che rinomati, provenienti da tutto il mondo. Possiamo affermare che l&#039;origine della nostra banca dei semi \u00e8 strettamente legata a una specifica variet\u00e0... <strong>Bilbo critico<\/strong>, gi\u00e0 il suo creatore <a href=\"https:\/\/criticalbilbo.com\/critical-bilbo-la-leyenda\/\"><strong>Davide Merino<\/strong><\/a>, che dalla fine degli anni &#039;90 ha mantenuto variet\u00e0 molto speciali, campioni autentici e persino leggendari come il famosissimo <strong>KRITIKAL BILBO<\/strong>. Fin dalla sua creazione, si \u00e8 lavorato per stabilizzare questa variet\u00e0 e ottenere esemplari pi\u00f9 forti e robusti, che attualmente rappresentano lo standard della nostra banca, una variet\u00e0 che ha rapidamente iniziato a vincere premi nel mondo della cannabis e a forgiare la propria leggenda.<\/p>\n<p>&nbsp;<\/p>\n<p>GENEHTIK SEEDS garantisce sempre la qualit\u00e0 di tutte le sue genetiche, mantenendo le caratteristiche parentali, preservandone le propriet\u00e0 organolettiche e migliorando il vigore di ogni variet\u00e0 per renderla pi\u00f9 resistente. GENEHTIK SEEDS \u00e8 riuscita a infondere quel carattere basco per massimizzare la produttivit\u00e0 dell&#039;intero catalogo di variet\u00e0.<\/p>\n<p>&nbsp;<\/p>\n<h3>Maggiori informazioni e la storia della nostra banca dei semi e delle nostre variet\u00e0 sono disponibili all&#039;indirizzo <a href=\"https:\/\/www.criticalbilbo.com\">www.criticalbilbo.com<\/a>.<\/h3>\n<p>&nbsp;<\/p>\n<p>Nel nostro catalogo troverete <a href=\"https:\/\/genehtik.com\/it\/comprar-semillas-de-marihuana-feminizadas-genehtik\/\"><strong>semi di cannabis femminizzati<\/strong><\/a>\u00a0y\u00a0<a href=\"\/it\/?product_cat=productos\/semillas-de-marihuana\/semillas-cannabis-autoflorecientes\"><strong>semi di cannabis autofiorenti<\/strong><\/a>, cos\u00ec come <a href=\"\/it\/?product_cat=productos\/nutrientes\"><strong>fertilizzanti e nutrienti<\/strong><\/a> per le tue piante.<\/p>\n<p>&nbsp;<\/p>\n<h2>La qualit\u00e0 dei semi di marijuana Genehtik<\/h2>\n<p>Nostro <strong>banca dei semi di cannabis<\/strong>\u00a0Garantiamo sempre la massima qualit\u00e0 genetica in tutti i nostri semi di cannabis. Preserviamo inoltre l&#039;integrit\u00e0 delle caratteristiche delle piante madri.<\/p>\n<p>&nbsp;<\/p>\n<p>Garantiamo sempre che praticamente tutti i nostri semi di cannabis siano femminizzati.<\/p>\n<p>&nbsp;<\/p>\n<p>Tutti i nostri semi vengono selezionati e puliti a mano per garantire la massima qualit\u00e0. Inoltre, il confezionamento in microtubi ne assicura una conservazione ottimale.<\/p>\n<p>&nbsp;<\/p>\n<p>Nel nostro catalogo troverete un&#039;ampia gamma di genetiche selezionate dalla nostra banca dei semi, accompagnate da video esplicativi per ciascuna. In questo modo, avrete a disposizione tutte le informazioni necessarie per fare la vostra scelta.<\/p>\n<p>&nbsp;<\/p>\n<h3>Garantiamo la massima qualit\u00e0 genetica di tutti i nostri semi di cannabis.<\/h3>\n<p>I nostri semi di cannabis femminizzati e autofiorenti sono disponibili nel nostro negozio online o in qualsiasi negozio specializzato nella tua citt\u00e0.<\/p>\n<p>&nbsp;<\/p>\n<p>Per qualsiasi domanda, potete contattarci via e-mail. <a href=\"mailto:info@genehtik.com\">info@genehtik.com<\/a><\/p>\n<p>&nbsp;<\/p>\n<p>&nbsp;<\/p>\n<div class=\"woocommerce columns-4\"><ul class=\"products columns-4\">\n<li class=\"product-category product first\">\n\t<a aria-label=\"Visita categoria del prodotto Semillas Feminizadas\" href=\"https:\/\/genehtik.com\/it\/cannabis\/productos\/semillas-de-marihuana\/semillas-cannabis-feminizadas\/\" data-no-translation-aria-label=\"\"><img decoding=\"async\" data-src=\"https:\/\/genehtik.com\/wp-content\/uploads\/2015\/07\/Semillas-cannabis-feminizadas-Genehtik-300x300.jpg\" alt=\"Semillas Feminizadas\" width=\"300\" height=\"300\" data-srcset=\"https:\/\/genehtik.com\/wp-content\/uploads\/2015\/07\/Semillas-cannabis-feminizadas-Genehtik-300x300.jpg 300w, https:\/\/genehtik.com\/wp-content\/uploads\/2015\/07\/Semillas-cannabis-feminizadas-Genehtik-150x150.jpg 150w, https:\/\/genehtik.com\/wp-content\/uploads\/2015\/07\/Semillas-cannabis-feminizadas-Genehtik-114x114.jpg 114w, https:\/\/genehtik.com\/wp-content\/uploads\/2015\/07\/Semillas-cannabis-feminizadas-Genehtik.jpg 324w\" data-sizes=\"auto\" src=\"data:image\/svg+xml;base64,PHN2ZyB3aWR0aD0iMSIgaGVpZ2h0PSIxIiB4bWxucz0iaHR0cDovL3d3dy53My5vcmcvMjAwMC9zdmciPjwvc3ZnPg==\" class=\"lazyload\" style=\"--smush-placeholder-width: 300px; --smush-placeholder-aspect-ratio: 300\/300;\" data-original-sizes=\"(max-width: 300px) 100vw, 300px\" \/>\t\t<h2 class=\"woocommerce-loop-category__title\">\n\t\t\tSemi femminizzati <mark class=\"count\">(22)<\/mark>\t\t<\/h2>\n\t\t<\/a><\/li>\n<li class=\"product-category product\">\n\t<a aria-label=\"Visita categoria del prodotto Semillas Autoflorecientes\" href=\"https:\/\/genehtik.com\/it\/cannabis\/productos\/semillas-de-marihuana\/semillas-cannabis-autoflorecientes\/\" data-no-translation-aria-label=\"\"><img decoding=\"async\" data-src=\"https:\/\/genehtik.com\/wp-content\/uploads\/2015\/07\/semillas-cannabis-autoflorecientes-Genehtik-300x300.jpg\" alt=\"Semillas Autoflorecientes\" width=\"300\" height=\"300\" data-srcset=\"https:\/\/genehtik.com\/wp-content\/uploads\/2015\/07\/semillas-cannabis-autoflorecientes-Genehtik-300x300.jpg 300w, https:\/\/genehtik.com\/wp-content\/uploads\/2015\/07\/semillas-cannabis-autoflorecientes-Genehtik-150x150.jpg 150w, https:\/\/genehtik.com\/wp-content\/uploads\/2015\/07\/semillas-cannabis-autoflorecientes-Genehtik-400x400.jpg 400w, https:\/\/genehtik.com\/wp-content\/uploads\/2015\/07\/semillas-cannabis-autoflorecientes-Genehtik-520x520.jpg 520w, https:\/\/genehtik.com\/wp-content\/uploads\/2015\/07\/semillas-cannabis-autoflorecientes-Genehtik-114x114.jpg 114w, https:\/\/genehtik.com\/wp-content\/uploads\/2015\/07\/semillas-cannabis-autoflorecientes-Genehtik-372x372.jpg 372w, https:\/\/genehtik.com\/wp-content\/uploads\/2015\/07\/semillas-cannabis-autoflorecientes-Genehtik.jpg 680w\" data-sizes=\"auto\" src=\"data:image\/svg+xml;base64,PHN2ZyB3aWR0aD0iMSIgaGVpZ2h0PSIxIiB4bWxucz0iaHR0cDovL3d3dy53My5vcmcvMjAwMC9zdmciPjwvc3ZnPg==\" class=\"lazyload\" style=\"--smush-placeholder-width: 300px; --smush-placeholder-aspect-ratio: 300\/300;\" data-original-sizes=\"(max-width: 300px) 100vw, 300px\" \/>\t\t<h2 class=\"woocommerce-loop-category__title\">\n\t\t\tSemi autofiorenti <mark class=\"count\">(8)<\/mark>\t\t<\/h2>\n\t\t<\/a><\/li>\n<\/ul>\n<\/div>","protected":false},"excerpt":{"rendered":"<p>Historia de nuestro banco de semillas GENEHTIK SEEDS nace, hace m\u00e1s de 20 a\u00f1os, en el Pa\u00eds Vasco, como el resultado de muchos a\u00f1os de trabajo. De cultivo intenso. De compartir informaci\u00f3n con cultivadores amateurs y profesionales, de intercambiar experiencias y gen\u00e9ticas con breeders tanto&#8230;<\/p>","protected":false},"author":1,"featured_media":0,"parent":0,"menu_order":0,"comment_status":"closed","ping_status":"open","template":"","meta":{"bwfblock_default_font":"","footnotes":""},"class_list":["post-5008","page","type-page","status-publish","hentry"],"yoast_head":"<!-- This site is optimized with the Yoast SEO Premium plugin v23.0 (Yoast SEO v27.2) - https:\/\/yoast.com\/product\/yoast-seo-premium-wordpress\/ -->\n<title>Banco de semillas de cannabis Genehtik - Quienes Somos<\/title>\n<meta name=\"description\" content=\"Historia sobre nuestro banco de semillas de cannabis Genehtik. Ofrecemos calidad y garantia en todas nuestras semillas feminizadas y autoflorecientes.\" \/>\n<meta name=\"robots\" content=\"index, follow, max-snippet:-1, max-image-preview:large, max-video-preview:-1\" \/>\n<link rel=\"canonical\" href=\"https:\/\/genehtik.com\/it\/banco-semillas-de-marihuana\/\" \/>\n<meta property=\"og:locale\" content=\"it_IT\" \/>\n<meta property=\"og:type\" content=\"article\" \/>\n<meta property=\"og:title\" content=\"Banco de semillas de cannabis Genehtik - Quienes Somos\" \/>\n<meta property=\"og:description\" content=\"Historia sobre nuestro banco de semillas de cannabis Genehtik. Ofrecemos calidad y garantia en todas nuestras semillas feminizadas y autoflorecientes.\" \/>\n<meta property=\"og:url\" content=\"https:\/\/genehtik.com\/it\/banco-semillas-de-marihuana\/\" \/>\n<meta property=\"og:site_name\" content=\"Genehtik\" \/>\n<meta property=\"article:publisher\" content=\"http:\/\/www.facebook.com\/Genehtik\" \/>\n<meta property=\"article:modified_time\" content=\"2025-03-31T10:53:47+00:00\" \/>\n<meta property=\"og:image\" content=\"https:\/\/genehtik.com\/wp-content\/uploads\/2015\/07\/semillas-marihuana-genehtik-historia.jpg\" \/>\n<meta name=\"twitter:card\" content=\"summary_large_image\" \/>\n<meta name=\"twitter:site\" content=\"@GenehtikEs\" \/>\n<meta name=\"twitter:label1\" content=\"Tempo di lettura stimato\" \/>\n\t<meta name=\"twitter:data1\" content=\"2 minuti\" \/>\n<script type=\"application\/ld+json\" class=\"yoast-schema-graph\">{\"@context\":\"https:\/\/schema.org\",\"@graph\":[{\"@type\":\"WebPage\",\"@id\":\"https:\/\/genehtik.com\/banco-semillas-de-marihuana\/\",\"url\":\"https:\/\/genehtik.com\/banco-semillas-de-marihuana\/\",\"name\":\"Banco de semillas de cannabis Genehtik - Quienes Somos\",\"isPartOf\":{\"@id\":\"https:\/\/genehtik.com\/#website\"},\"primaryImageOfPage\":{\"@id\":\"https:\/\/genehtik.com\/banco-semillas-de-marihuana\/#primaryimage\"},\"image\":{\"@id\":\"https:\/\/genehtik.com\/banco-semillas-de-marihuana\/#primaryimage\"},\"thumbnailUrl\":\"https:\/\/genehtik.com\/wp-content\/uploads\/2015\/07\/semillas-marihuana-genehtik-historia.jpg\",\"datePublished\":\"2015-07-08T09:30:04+00:00\",\"dateModified\":\"2025-03-31T10:53:47+00:00\",\"description\":\"Historia sobre nuestro banco de semillas de cannabis Genehtik. Ofrecemos calidad y garantia en todas nuestras semillas feminizadas y autoflorecientes.\",\"breadcrumb\":{\"@id\":\"https:\/\/genehtik.com\/banco-semillas-de-marihuana\/#breadcrumb\"},\"inLanguage\":\"it-IT\",\"potentialAction\":[{\"@type\":\"ReadAction\",\"target\":[\"https:\/\/genehtik.com\/banco-semillas-de-marihuana\/\"]}]},{\"@type\":\"ImageObject\",\"inLanguage\":\"it-IT\",\"@id\":\"https:\/\/genehtik.com\/banco-semillas-de-marihuana\/#primaryimage\",\"url\":\"https:\/\/genehtik.com\/wp-content\/uploads\/2015\/07\/semillas-marihuana-genehtik-historia.jpg\",\"contentUrl\":\"https:\/\/genehtik.com\/wp-content\/uploads\/2015\/07\/semillas-marihuana-genehtik-historia.jpg\"},{\"@type\":\"BreadcrumbList\",\"@id\":\"https:\/\/genehtik.com\/banco-semillas-de-marihuana\/#breadcrumb\",\"itemListElement\":[{\"@type\":\"ListItem\",\"position\":1,\"name\":\"Home\",\"item\":\"https:\/\/genehtik.com\/\"},{\"@type\":\"ListItem\",\"position\":2,\"name\":\"Banco de semillas de cannabis Genehtik &#8211; Quienes Somos\"}]},{\"@type\":\"WebSite\",\"@id\":\"https:\/\/genehtik.com\/#website\",\"url\":\"https:\/\/genehtik.com\/\",\"name\":\"Genehtik\",\"description\":\"Banco de semillas de cannabis feminizadas y autoflorecientes de calidad y garant\u00eda\",\"potentialAction\":[{\"@type\":\"SearchAction\",\"target\":{\"@type\":\"EntryPoint\",\"urlTemplate\":\"https:\/\/genehtik.com\/?s={search_term_string}\"},\"query-input\":{\"@type\":\"PropertyValueSpecification\",\"valueRequired\":true,\"valueName\":\"search_term_string\"}}],\"inLanguage\":\"it-IT\"}]}<\/script>\n<!-- \/ Yoast SEO Premium plugin. -->","yoast_head_json":{"title":"Banco de semillas de cannabis Genehtik - Quienes Somos","description":"Historia sobre nuestro banco de semillas de cannabis Genehtik. Ofrecemos calidad y garantia en todas nuestras semillas feminizadas y autoflorecientes.","robots":{"index":"index","follow":"follow","max-snippet":"max-snippet:-1","max-image-preview":"max-image-preview:large","max-video-preview":"max-video-preview:-1"},"canonical":"https:\/\/genehtik.com\/it\/banco-semillas-de-marihuana\/","og_locale":"it_IT","og_type":"article","og_title":"Banco de semillas de cannabis Genehtik - Quienes Somos","og_description":"Historia sobre nuestro banco de semillas de cannabis Genehtik. Ofrecemos calidad y garantia en todas nuestras semillas feminizadas y autoflorecientes.","og_url":"https:\/\/genehtik.com\/it\/banco-semillas-de-marihuana\/","og_site_name":"Genehtik","article_publisher":"http:\/\/www.facebook.com\/Genehtik","article_modified_time":"2025-03-31T10:53:47+00:00","og_image":[{"url":"https:\/\/genehtik.com\/wp-content\/uploads\/2015\/07\/semillas-marihuana-genehtik-historia.jpg","type":"","width":"","height":""}],"twitter_card":"summary_large_image","twitter_site":"@GenehtikEs","twitter_misc":{"Tempo di lettura stimato":"2 minuti"},"schema":{"@context":"https:\/\/schema.org","@graph":[{"@type":"WebPage","@id":"https:\/\/genehtik.com\/banco-semillas-de-marihuana\/","url":"https:\/\/genehtik.com\/banco-semillas-de-marihuana\/","name":"Banco de semillas de cannabis Genehtik - Quienes Somos","isPartOf":{"@id":"https:\/\/genehtik.com\/#website"},"primaryImageOfPage":{"@id":"https:\/\/genehtik.com\/banco-semillas-de-marihuana\/#primaryimage"},"image":{"@id":"https:\/\/genehtik.com\/banco-semillas-de-marihuana\/#primaryimage"},"thumbnailUrl":"https:\/\/genehtik.com\/wp-content\/uploads\/2015\/07\/semillas-marihuana-genehtik-historia.jpg","datePublished":"2015-07-08T09:30:04+00:00","dateModified":"2025-03-31T10:53:47+00:00","description":"Historia sobre nuestro banco de semillas de cannabis Genehtik. Ofrecemos calidad y garantia en todas nuestras semillas feminizadas y autoflorecientes.","breadcrumb":{"@id":"https:\/\/genehtik.com\/banco-semillas-de-marihuana\/#breadcrumb"},"inLanguage":"it-IT","potentialAction":[{"@type":"ReadAction","target":["https:\/\/genehtik.com\/banco-semillas-de-marihuana\/"]}]},{"@type":"ImageObject","inLanguage":"it-IT","@id":"https:\/\/genehtik.com\/banco-semillas-de-marihuana\/#primaryimage","url":"https:\/\/genehtik.com\/wp-content\/uploads\/2015\/07\/semillas-marihuana-genehtik-historia.jpg","contentUrl":"https:\/\/genehtik.com\/wp-content\/uploads\/2015\/07\/semillas-marihuana-genehtik-historia.jpg"},{"@type":"BreadcrumbList","@id":"https:\/\/genehtik.com\/banco-semillas-de-marihuana\/#breadcrumb","itemListElement":[{"@type":"ListItem","position":1,"name":"Home","item":"https:\/\/genehtik.com\/"},{"@type":"ListItem","position":2,"name":"Banco de semillas de cannabis Genehtik &#8211; Quienes Somos"}]},{"@type":"WebSite","@id":"https:\/\/genehtik.com\/#website","url":"https:\/\/genehtik.com\/","name":"Genehtik","description":"Banco de semillas de cannabis feminizadas y autoflorecientes de calidad y garant\u00eda","potentialAction":[{"@type":"SearchAction","target":{"@type":"EntryPoint","urlTemplate":"https:\/\/genehtik.com\/?s={search_term_string}"},"query-input":{"@type":"PropertyValueSpecification","valueRequired":true,"valueName":"search_term_string"}}],"inLanguage":"it-IT"}]}},"_links":{"self":[{"href":"https:\/\/genehtik.com\/it\/wp-json\/wp\/v2\/pages\/5008","targetHints":{"allow":["GET"]}}],"collection":[{"href":"https:\/\/genehtik.com\/it\/wp-json\/wp\/v2\/pages"}],"about":[{"href":"https:\/\/genehtik.com\/it\/wp-json\/wp\/v2\/types\/page"}],"author":[{"embeddable":true,"href":"https:\/\/genehtik.com\/it\/wp-json\/wp\/v2\/users\/1"}],"replies":[{"embeddable":true,"href":"https:\/\/genehtik.com\/it\/wp-json\/wp\/v2\/comments?post=5008"}],"version-history":[{"count":63,"href":"https:\/\/genehtik.com\/it\/wp-json\/wp\/v2\/pages\/5008\/revisions"}],"predecessor-version":[{"id":41928,"href":"https:\/\/genehtik.com\/it\/wp-json\/wp\/v2\/pages\/5008\/revisions\/41928"}],"wp:attachment":[{"href":"https:\/\/genehtik.com\/it\/wp-json\/wp\/v2\/media?parent=5008"}],"curies":[{"name":"wp","href":"https:\/\/api.w.org\/{rel}","templated":true}]}}