{"id":5050,"date":"2015-07-09T09:37:38","date_gmt":"2015-07-09T09:37:38","guid":{"rendered":"https:\/\/clon.genehtik.com\/mas-informacion-sobre-las-cookies\/"},"modified":"2015-07-09T09:56:40","modified_gmt":"2015-07-09T09:56:40","slug":"mas-informacion-sobre-las-cookies","status":"publish","type":"page","link":"https:\/\/genehtik.com\/it\/mas-informacion-sobre-las-cookies\/","title":{"rendered":"Ulteriori informazioni sui cookie"},"content":{"rendered":"<h2>Che cos&#039;\u00e8 un cookie?<\/h2>\n<p>\n\tUN <em>biscotto<\/em> Si tratta di un file di testo <b>innocuo<\/b> che viene memorizzato nel tuo browser quando visiti quasi qualsiasi sito web. L&#039;utilit\u00e0 del <em>biscotto<\/em> Significa che il sito web dovrebbe essere in grado di ricordare la tua visita quando torni a navigare in quella pagina. Anche se molte persone non lo sanno, <em>biscotti<\/em> Sono in uso da 20 anni, da quando sono comparsi i primi browser per il World Wide Web.\n<\/p>\n<h2>Cosa NON \u00e8 un biscotto?<\/h2>\n<p>\n\tNon si tratta di un virus, di un cavallo di Troia, di un worm, di spam, di spyware e non apre finestre pop-up.\n<\/p>\n<h2>Quali informazioni fornisce un <em>biscotto<\/em>?<\/h2>\n<p>\n\tIL <em>biscotti<\/em> Di solito non memorizzano informazioni sensibili che ti riguardano, come i dati della carta di credito o del conto bancario, fotografie, documenti d&#039;identit\u00e0 o altre informazioni personali. I dati che memorizzano sono di natura tecnica, come le preferenze personali, la personalizzazione dei contenuti, ecc.\n<\/p>\n<p>\n\tIl server web non ti associa a una persona, bens\u00ec al tuo browser. Infatti, se di solito navighi con Internet Explorer e poi provi a navigare sullo stesso sito web con Firefox o Chrome, noterai che il sito web non ti riconosce come la stessa persona perch\u00e9 associa il browser, non l&#039;individuo.\n<\/p>\n<h2>Che tipo di <em>biscotti<\/em> Esistono davvero?<\/h2>\n<ul>\n<li><em>Biscotti<\/em> Tecniche: Si tratta delle tecniche pi\u00f9 basilari che consentono, tra le altre cose, di sapere quando a navigare \u00e8 un essere umano o un&#039;applicazione automatizzata, quando naviga un utente anonimo o un utente registrato, ovvero di svolgere compiti fondamentali per il funzionamento di qualsiasi sito web dinamico.<\/li>\n<li><em>Biscotti<\/em> Analisi: Raccolgono informazioni sul tipo di navigazione che effettui, le sezioni che utilizzi di pi\u00f9, i prodotti visualizzati, l&#039;orario di utilizzo, la lingua, ecc.<\/li>\n<li><em>Biscotti<\/em> Pubblicit\u00e0: vengono mostrati annunci pubblicitari basati sulla tua navigazione, sul paese di provenienza, sulla lingua, ecc.<\/li>\n<\/ul>\n<h2>Quali sono i <em>biscotti<\/em> propri e di terzi?<\/h2>\n<p>\n\tIL <em>i propri biscotti<\/em> Questi sono quelli generati dalla pagina che stai visitando e <em>terze parti<\/em> Questi contenuti vengono generati da servizi o fornitori esterni come Facebook, Twitter, Google, ecc.\n<\/p>\n<h2>Cosa succede se disattivo il <em>biscotti<\/em>?<\/h2>\n<p>\n\tPer aiutarti a comprendere il potenziale impatto della loro disabilitazione <em>biscotti<\/em> Ecco alcuni esempi:<\/p>\n<ul>\n<li>Non potrai condividere contenuti da quel sito web su Facebook, Twitter o qualsiasi altro social network.<\/li>\n<li>Il sito web non sar\u00e0 in grado di adattare i contenuti alle tue preferenze personali, come avviene di solito nei negozi online.<\/li>\n<li>Non potrai accedere all&#039;area personale di quel sito web, come ad esempio <em>Il mio conto<\/em>, O <em>Il mio profilo<\/em> o <em>I miei ordini<\/em>.<\/li>\n<li>Negozi online: Non sar\u00e0 possibile effettuare acquisti online; sar\u00e0 necessario effettuare gli acquisti telefonicamente o recandosi direttamente presso il negozio fisico, se presente.<\/li>\n<li>Non sar\u00e0 possibile personalizzare le proprie preferenze geografiche, come fuso orario, valuta o lingua.<\/li>\n<li>Il sito web non sar\u00e0 in grado di effettuare analisi sui visitatori e sul traffico web, il che render\u00e0 difficile per il sito essere competitivo.<\/li>\n<li>Non potrai scrivere sul blog, caricare foto, pubblicare commenti, valutare o recensire i contenuti. Il sito web non sar\u00e0 inoltre in grado di distinguere se a pubblicare contenuti sei una persona o un&#039;applicazione automatizzata. <em>spam<\/em>.<\/li>\n<li>La pubblicit\u00e0 mirata non sar\u00e0 consentita, il che ridurr\u00e0 le entrate pubblicitarie del sito web.<\/li>\n<li>Tutti i social network utilizzano <em>biscotti<\/em>, Se li disattivi, non potrai utilizzare alcun social network.<\/li>\n<\/ul>\n<h2>Pu\u00f2 il <em>biscotti<\/em>?<\/h2>\n<p>\n\tS\u00ec. Non solo eliminare, ma anche bloccare, in generale o specificamente per un determinato dominio.\n<\/p>\n<p>\n\tPer eliminare il <em>biscotti<\/em> Per rimuovere i cookie da un sito web, \u00e8 necessario accedere alle impostazioni del browser, dove sar\u00e0 possibile individuare quelli associati al dominio in questione e procedere alla loro eliminazione.\n<\/p>\n<h2 id=\"navegadores\">Configurazione <em>biscotti<\/em> per i browser pi\u00f9 diffusi<\/h2>\n<p>\n\tDi seguito spieghiamo come accedere a un <em>biscotto<\/em> determinato dal browser <b>Cromo<\/b>. Nota: questi passaggi possono variare a seconda della versione del browser.<\/p>\n<ol>\n<li>Accedi alle Impostazioni o alle Preferenze tramite il menu File oppure cliccando sull&#039;icona di personalizzazione che appare in alto a destra.<\/li>\n<li>Vedrai diverse sezioni, fai clic sull&#039;opzione <em>Mostra le opzioni avanzate<\/em>.<\/li>\n<li>Vai a <em>Privacy<\/em>, <em>Impostazioni dei contenuti<\/em>.<\/li>\n<li>Selezionare <em>Tutto il <em>biscotti<\/em> e dati del sito<\/em>.<\/li>\n<li>Verr\u00e0 visualizzato un elenco con tutti i <em>biscotti<\/em> ordinato per dominio. Per facilitare la ricerca <em>biscotti<\/em> Per un dominio specifico, inserisci l&#039;indirizzo parzialmente o completamente nel campo <em>Cookie di ricerca<\/em>.<\/li>\n<li>Dopo aver applicato questo filtro, sullo schermo appariranno una o pi\u00f9 linee con il <em>biscotti<\/em> dal sito web richiesto. Ora devi solo selezionarlo e premere il pulsante <em>X<\/em> procedere alla sua rimozione.<\/li>\n<\/ol>\n<p>\n\tPer accedere alle impostazioni di <em>biscotti<\/em> del browser <b>Internet Explorer<\/b> Segui questi passaggi (potrebbero variare a seconda della versione del tuo browser):<\/p>\n<ol>\n<li>Vai a <em>Utensili<\/em>, <em>Opzioni Internet<\/em><\/li>\n<li>Fare clic su <em>Privacy<\/em>.<\/li>\n<li>Sposta il cursore per regolare il livello di privacy desiderato.<\/li>\n<\/ol>\n<p>\n\tPer accedere alle impostazioni di <em>biscotti<\/em> del browser <b>Firefox<\/b> Segui questi passaggi (potrebbero variare a seconda della versione del tuo browser):<\/p>\n<ol>\n<li>Vai a <em>Opzioni<\/em> o <em>Preferenze<\/em> a seconda del sistema operativo.<\/li>\n<li>Fare clic su <em>Privacy<\/em>.<\/li>\n<li>In <em>Documentazione<\/em> scegliere <em>Utilizza un&#039;impostazione personalizzata per la cronologia<\/em>.<\/li>\n<li>Ora vedrai l&#039;opzione <em>Accetta i cookie<\/em>, \u00c8 possibile attivarlo o disattivarlo in base alle proprie preferenze.<\/li>\n<\/ol>\n<p>\n\tPer accedere alle impostazioni di <em>biscotti<\/em> del browser <b>Safari per OSX<\/b> Segui questi passaggi (potrebbero variare a seconda della versione del tuo browser):<\/p>\n<ol>\n<li>Vai a <em>Preferenze<\/em>, Poi <em>Privacy<\/em>.<\/li>\n<li>Qui vedrai l&#039;opzione <em>Cookie di blocco<\/em> in modo da poter regolare il tipo di blocco che si desidera eseguire.<\/li>\n<\/ol>\n<p>\n\tPer accedere alle impostazioni di <em>biscotti<\/em> del browser <b>Safari per iOS<\/b> Segui questi passaggi (potrebbero variare a seconda della versione del tuo browser):<\/p>\n<ol>\n<li>Vai a <em>Impostazioni<\/em>, Poi <em>Safari<\/em>.<\/li>\n<li>Vai a <em>Privacy e sicurezza<\/em>, Vedrai l&#039;opzione <em>Cookie di blocco<\/em> in modo da poter regolare il tipo di blocco che si desidera eseguire.<\/li>\n<\/ol>\n<p>\n\tPer accedere alle impostazioni di <em>biscotti<\/em> del browser per dispositivi <b>Android<\/b> Segui questi passaggi (potrebbero variare a seconda della versione del tuo browser):<\/p>\n<ol>\n<li>Apri il browser e premi il tasto <em>Menu<\/em>, Poi <em>Impostazioni<\/em>.<\/li>\n<li>Vai a <em>Sicurezza e privacy<\/em>, Vedrai l&#039;opzione <em>Accetta i cookie<\/em> per attivare o disattivare la scatola.<\/li>\n<\/ol>\n<p>\n\tPer accedere alle impostazioni di <em>biscotti<\/em> del browser per dispositivi <b>Windows Phone<\/b> Segui questi passaggi (potrebbero variare a seconda della versione del tuo browser):<\/p>\n<ol>\n<li>Aprire <em>Internet Explorer<\/em>, Poi <em>Ulteriore<\/em>, Poi <em>Configurazione<\/em><\/li>\n<li>Ora \u00e8 possibile attivare o disattivare la casella di controllo. <em>Consenti i cookie<\/em>.<\/li>\n<\/ol>","protected":false},"excerpt":{"rendered":"<p>\u00bfQu\u00e9 es una cookie? Una cookie es un fichero de texto inofensivo que se almacena en su navegador cuando visita casi cualquier p\u00e1gina web. La utilidad de la cookie es que la web sea capaz de recordar su visita cuando vuelva a navegar por esa&#8230;<\/p>","protected":false},"author":1,"featured_media":0,"parent":0,"menu_order":0,"comment_status":"closed","ping_status":"closed","template":"","meta":{"bwfblock_default_font":"","footnotes":""},"class_list":["post-5050","page","type-page","status-publish","hentry"],"yoast_head":"<!-- This site is optimized with the Yoast SEO Premium plugin v23.0 (Yoast SEO v27.2) - https:\/\/yoast.com\/product\/yoast-seo-premium-wordpress\/ -->\n<title>M\u00e1s informaci\u00f3n sobre las cookies - Genehtik<\/title>\n<meta name=\"description\" content=\"\u00bfQu\u00e9 es una cookie? Una cookie es un fichero de texto inofensivo que se almacena en su navegador cuando visita casi cualquier p\u00e1gina web. La utilidad de\" \/>\n<meta name=\"robots\" content=\"index, follow, max-snippet:-1, max-image-preview:large, max-video-preview:-1\" \/>\n<link rel=\"canonical\" href=\"https:\/\/genehtik.com\/it\/mas-informacion-sobre-las-cookies\/\" \/>\n<meta property=\"og:locale\" content=\"it_IT\" \/>\n<meta property=\"og:type\" content=\"article\" \/>\n<meta property=\"og:title\" content=\"M\u00e1s informaci\u00f3n sobre las cookies\" \/>\n<meta property=\"og:description\" content=\"\u00bfQu\u00e9 es una cookie? Una cookie es un fichero de texto inofensivo que se almacena en su navegador cuando visita casi cualquier p\u00e1gina web. La utilidad de\" \/>\n<meta property=\"og:url\" content=\"https:\/\/genehtik.com\/it\/mas-informacion-sobre-las-cookies\/\" \/>\n<meta property=\"og:site_name\" content=\"Genehtik\" \/>\n<meta property=\"article:publisher\" content=\"http:\/\/www.facebook.com\/Genehtik\" \/>\n<meta property=\"article:modified_time\" content=\"2015-07-09T09:56:40+00:00\" \/>\n<meta name=\"twitter:card\" content=\"summary_large_image\" \/>\n<meta name=\"twitter:site\" content=\"@GenehtikEs\" \/>\n<meta name=\"twitter:label1\" content=\"Tempo di lettura stimato\" \/>\n\t<meta name=\"twitter:data1\" content=\"5 minuti\" \/>\n<script type=\"application\/ld+json\" class=\"yoast-schema-graph\">{\"@context\":\"https:\/\/schema.org\",\"@graph\":[{\"@type\":\"WebPage\",\"@id\":\"https:\/\/genehtik.com\/mas-informacion-sobre-las-cookies\/\",\"url\":\"https:\/\/genehtik.com\/mas-informacion-sobre-las-cookies\/\",\"name\":\"M\u00e1s informaci\u00f3n sobre las cookies - Genehtik\",\"isPartOf\":{\"@id\":\"https:\/\/genehtik.com\/#website\"},\"datePublished\":\"2015-07-09T09:37:38+00:00\",\"dateModified\":\"2015-07-09T09:56:40+00:00\",\"description\":\"\u00bfQu\u00e9 es una cookie? Una cookie es un fichero de texto inofensivo que se almacena en su navegador cuando visita casi cualquier p\u00e1gina web. La utilidad de\",\"breadcrumb\":{\"@id\":\"https:\/\/genehtik.com\/mas-informacion-sobre-las-cookies\/#breadcrumb\"},\"inLanguage\":\"it-IT\",\"potentialAction\":[{\"@type\":\"ReadAction\",\"target\":[\"https:\/\/genehtik.com\/mas-informacion-sobre-las-cookies\/\"]}]},{\"@type\":\"BreadcrumbList\",\"@id\":\"https:\/\/genehtik.com\/mas-informacion-sobre-las-cookies\/#breadcrumb\",\"itemListElement\":[{\"@type\":\"ListItem\",\"position\":1,\"name\":\"Home\",\"item\":\"https:\/\/genehtik.com\/\"},{\"@type\":\"ListItem\",\"position\":2,\"name\":\"M\u00e1s informaci\u00f3n sobre las cookies\"}]},{\"@type\":\"WebSite\",\"@id\":\"https:\/\/genehtik.com\/#website\",\"url\":\"https:\/\/genehtik.com\/\",\"name\":\"Genehtik\",\"description\":\"Banco de semillas de cannabis feminizadas y autoflorecientes de calidad y garant\u00eda\",\"potentialAction\":[{\"@type\":\"SearchAction\",\"target\":{\"@type\":\"EntryPoint\",\"urlTemplate\":\"https:\/\/genehtik.com\/?s={search_term_string}\"},\"query-input\":{\"@type\":\"PropertyValueSpecification\",\"valueRequired\":true,\"valueName\":\"search_term_string\"}}],\"inLanguage\":\"it-IT\"}]}<\/script>\n<!-- \/ Yoast SEO Premium plugin. -->","yoast_head_json":{"title":"M\u00e1s informaci\u00f3n sobre las cookies - Genehtik","description":"\u00bfQu\u00e9 es una cookie? Una cookie es un fichero de texto inofensivo que se almacena en su navegador cuando visita casi cualquier p\u00e1gina web. La utilidad de","robots":{"index":"index","follow":"follow","max-snippet":"max-snippet:-1","max-image-preview":"max-image-preview:large","max-video-preview":"max-video-preview:-1"},"canonical":"https:\/\/genehtik.com\/it\/mas-informacion-sobre-las-cookies\/","og_locale":"it_IT","og_type":"article","og_title":"M\u00e1s informaci\u00f3n sobre las cookies","og_description":"\u00bfQu\u00e9 es una cookie? Una cookie es un fichero de texto inofensivo que se almacena en su navegador cuando visita casi cualquier p\u00e1gina web. La utilidad de","og_url":"https:\/\/genehtik.com\/it\/mas-informacion-sobre-las-cookies\/","og_site_name":"Genehtik","article_publisher":"http:\/\/www.facebook.com\/Genehtik","article_modified_time":"2015-07-09T09:56:40+00:00","twitter_card":"summary_large_image","twitter_site":"@GenehtikEs","twitter_misc":{"Tempo di lettura stimato":"5 minuti"},"schema":{"@context":"https:\/\/schema.org","@graph":[{"@type":"WebPage","@id":"https:\/\/genehtik.com\/mas-informacion-sobre-las-cookies\/","url":"https:\/\/genehtik.com\/mas-informacion-sobre-las-cookies\/","name":"M\u00e1s informaci\u00f3n sobre las cookies - Genehtik","isPartOf":{"@id":"https:\/\/genehtik.com\/#website"},"datePublished":"2015-07-09T09:37:38+00:00","dateModified":"2015-07-09T09:56:40+00:00","description":"\u00bfQu\u00e9 es una cookie? Una cookie es un fichero de texto inofensivo que se almacena en su navegador cuando visita casi cualquier p\u00e1gina web. La utilidad de","breadcrumb":{"@id":"https:\/\/genehtik.com\/mas-informacion-sobre-las-cookies\/#breadcrumb"},"inLanguage":"it-IT","potentialAction":[{"@type":"ReadAction","target":["https:\/\/genehtik.com\/mas-informacion-sobre-las-cookies\/"]}]},{"@type":"BreadcrumbList","@id":"https:\/\/genehtik.com\/mas-informacion-sobre-las-cookies\/#breadcrumb","itemListElement":[{"@type":"ListItem","position":1,"name":"Home","item":"https:\/\/genehtik.com\/"},{"@type":"ListItem","position":2,"name":"M\u00e1s informaci\u00f3n sobre las cookies"}]},{"@type":"WebSite","@id":"https:\/\/genehtik.com\/#website","url":"https:\/\/genehtik.com\/","name":"Genehtik","description":"Banco de semillas de cannabis feminizadas y autoflorecientes de calidad y garant\u00eda","potentialAction":[{"@type":"SearchAction","target":{"@type":"EntryPoint","urlTemplate":"https:\/\/genehtik.com\/?s={search_term_string}"},"query-input":{"@type":"PropertyValueSpecification","valueRequired":true,"valueName":"search_term_string"}}],"inLanguage":"it-IT"}]}},"_links":{"self":[{"href":"https:\/\/genehtik.com\/it\/wp-json\/wp\/v2\/pages\/5050","targetHints":{"allow":["GET"]}}],"collection":[{"href":"https:\/\/genehtik.com\/it\/wp-json\/wp\/v2\/pages"}],"about":[{"href":"https:\/\/genehtik.com\/it\/wp-json\/wp\/v2\/types\/page"}],"author":[{"embeddable":true,"href":"https:\/\/genehtik.com\/it\/wp-json\/wp\/v2\/users\/1"}],"replies":[{"embeddable":true,"href":"https:\/\/genehtik.com\/it\/wp-json\/wp\/v2\/comments?post=5050"}],"version-history":[{"count":1,"href":"https:\/\/genehtik.com\/it\/wp-json\/wp\/v2\/pages\/5050\/revisions"}],"predecessor-version":[{"id":5053,"href":"https:\/\/genehtik.com\/it\/wp-json\/wp\/v2\/pages\/5050\/revisions\/5053"}],"wp:attachment":[{"href":"https:\/\/genehtik.com\/it\/wp-json\/wp\/v2\/media?parent=5050"}],"curies":[{"name":"wp","href":"https:\/\/api.w.org\/{rel}","templated":true}]}}