{"id":5051,"date":"2015-07-09T09:37:38","date_gmt":"2015-07-09T09:37:38","guid":{"rendered":"https:\/\/clon.genehtik.com\/politica-de-cookies\/"},"modified":"2015-10-02T11:26:27","modified_gmt":"2015-10-02T11:26:27","slug":"politica-de-cookies","status":"publish","type":"page","link":"https:\/\/genehtik.com\/it\/politica-de-cookies\/","title":{"rendered":"Informativa sui cookie"},"content":{"rendered":"<h1>Informativa sui cookie<\/h1>\n<p>\n\tUN <em>biscotto<\/em> Si tratta di un piccolo file di testo che viene memorizzato nel browser quando si visita quasi qualsiasi sito web. Il suo scopo \u00e8 quello di consentire al sito web di ricordare la visita effettuata in precedenza, quando si ritorna su quella pagina. <em>biscotti<\/em> In genere memorizzano informazioni tecniche, preferenze personali, personalizzazione dei contenuti, statistiche di utilizzo, collegamenti ai social media, accesso all&#039;account utente, ecc. L&#039;obiettivo del <em>biscotto<\/em> Si tratta di adattare il contenuto del sito web al loro profilo e alle loro esigenze, senza <em>biscotti<\/em> I servizi offerti da qualsiasi sito web sarebbero notevolmente ridotti. Se desideri maggiori informazioni su cosa siano... <em>biscotti<\/em>, cosa memorizzano, come eliminarli, disattivarli, ecc., <a href=\"https:\/\/genehtik.com\/it\/mas-informacion-sobre-las-cookies\/\">Si prega di cliccare su questo link.<\/a>\n<\/p>\n<h2>Cookie utilizzati su questo sito web<\/h2>\n<p>\n\tSeguendo le linee guida dell&#039;Agenzia spagnola per la protezione dei dati, procediamo a dettagliare l&#039;utilizzo di <em>biscotti<\/em> Questo sito web si propone di fornirvi informazioni nel modo pi\u00f9 accurato possibile.\n<\/p>\n<p>\n\tQuesto sito web utilizza quanto segue <strong>i propri biscotti<\/strong>:<\/p>\n<ul>\n<li>I cookie di sessione vengono utilizzati per garantire che gli utenti che pubblicano commenti sul blog siano persone e non applicazioni automatizzate. Questo aiuta a combattere [il problema di] <em>spam<\/em>.<\/li>\n<\/ul>\n<p>\n\tQuesto sito web utilizza quanto segue <strong>cookie di terze parti<\/strong>:<\/p>\n<ul>\n<li>Google Analytics: Negozi <em>biscotti<\/em> Questo ci permette di compilare statistiche sul traffico del sito web e sul numero di visitatori. Utilizzando questo sito web, acconsenti al trattamento dei tuoi dati da parte di Google. Pertanto, per esercitare qualsiasi diritto in merito, devi contattare direttamente Google.<\/li>\n<li>Reti sociali: ogni rete sociale utilizza il proprio <em>biscotti<\/em> in modo che tu possa cliccare su pulsanti come <em>Mi piace<\/em> o <em>Condividere<\/em>.<\/li>\n<\/ul>\n<h2>Disabilitare o eliminare i cookie<\/h2>\n<p>\n\t\u00c8 possibile esercitare il diritto di disabilitare o eliminare i cookie da questo sito web in qualsiasi momento. Le procedure variano a seconda del browser utilizzato. <a href=\"https:\/\/genehtik.com\/it\/mas-informacion-sobre-las-cookies\/#navegadores\">Ecco una breve guida ai browser pi\u00f9 popolari<\/a>.\n<\/p>\n<h2>Note aggiuntive<\/h2>\n<ul>\n<li>\n\t\t\tN\u00e9 questo sito web n\u00e9 i suoi rappresentanti legali sono responsabili del contenuto o dell&#039;accuratezza delle informative sulla privacy di terze parti menzionate nella presente informativa. <em>biscotti<\/em>.\n\t\t<\/li>\n<li>\n\t\t\tI browser web sono gli strumenti responsabili della memorizzazione dei dati <em>biscotti<\/em> e da qui \u00e8 necessario esercitare il diritto di cancellarli o disattivarli. N\u00e9 questo sito web n\u00e9 i suoi rappresentanti legali possono garantire la corretta o scorretta gestione dei <em>biscotti<\/em> dai browser sopracitati.\n\t\t<\/li>\n<li>\n\t\t\tIn alcuni casi \u00e8 necessario installare <em>biscotti<\/em> in modo che il browser non dimentichi la tua decisione di non accettarli.\n\t\t<\/li>\n<li>\n\t\t\tNel caso del <em>biscotti<\/em> da Google Analytics, questa azienda memorizza i dati <em>biscotti<\/em> Google memorizza i dati su server situati negli Stati Uniti e si impegna a non condividerli con terze parti, salvo quando necessario per il funzionamento del sistema o quando richiesto dalla legge. Secondo Google, il tuo indirizzo IP non viene memorizzato. Google Inc. aderisce al quadro normativo EU-U.S. Privacy Shield, che garantisce che tutti i dati trasferiti saranno trattati con un livello di protezione conforme alle normative europee. Puoi trovare informazioni dettagliate a riguardo. <a href=\"http:\/\/safeharbor.export.gov\/companyinfo.aspx?id=16626\" target=\"_blank\">in questo link<\/a>. Se desideri informazioni su come Google utilizza i cookie <a href=\"https:\/\/developers.google.com\/analytics\/devguides\/collection\/analyticsjs\/cookie-usage?hl=es&#038;csw=1\" target=\"_blank\">Abbiamo allegato quest&#039;altro link<\/a>.\n\t\t<\/li>\n<li>\n\t\t\tPer qualsiasi domanda o chiarimento in merito a questa politica <em>biscotti<\/em> Non esitate a contattarci tramite la sezione contatti.<\/a>\n\t\t<\/li>\n<\/ul>","protected":false},"excerpt":{"rendered":"<p>Pol\u00edtica de cookies Una cookie es un peque\u00f1o fichero de texto que se almacena en su navegador cuando visita casi cualquier p\u00e1gina web. Su utilidad es que la web sea capaz de recordar su visita cuando vuelva a navegar por esa p\u00e1gina. Las cookies suelen&#8230;<\/p>","protected":false},"author":1,"featured_media":0,"parent":0,"menu_order":0,"comment_status":"closed","ping_status":"closed","template":"","meta":{"bwfblock_default_font":"","footnotes":""},"class_list":["post-5051","page","type-page","status-publish","hentry"],"yoast_head":"<!-- This site is optimized with the Yoast SEO Premium plugin v23.0 (Yoast SEO v27.2) - https:\/\/yoast.com\/product\/yoast-seo-premium-wordpress\/ -->\n<title>Pol\u00edtica de cookies<\/title>\n<meta name=\"description\" content=\"Pol\u00edtica de cookies empleada en nuestra web Genehtik de semillas de marihuana.\" \/>\n<meta name=\"robots\" content=\"index, follow, max-snippet:-1, max-image-preview:large, max-video-preview:-1\" \/>\n<link rel=\"canonical\" href=\"https:\/\/genehtik.com\/it\/politica-de-cookies\/\" \/>\n<meta property=\"og:locale\" content=\"it_IT\" \/>\n<meta property=\"og:type\" content=\"article\" \/>\n<meta property=\"og:title\" content=\"Pol\u00edtica de cookies\" \/>\n<meta property=\"og:description\" content=\"Pol\u00edtica de cookies empleada en nuestra web Genehtik de semillas de marihuana.\" \/>\n<meta property=\"og:url\" content=\"https:\/\/genehtik.com\/it\/politica-de-cookies\/\" \/>\n<meta property=\"og:site_name\" content=\"Genehtik\" \/>\n<meta property=\"article:publisher\" content=\"http:\/\/www.facebook.com\/Genehtik\" \/>\n<meta property=\"article:modified_time\" content=\"2015-10-02T11:26:27+00:00\" \/>\n<meta name=\"twitter:card\" content=\"summary_large_image\" \/>\n<meta name=\"twitter:site\" content=\"@GenehtikEs\" \/>\n<meta name=\"twitter:label1\" content=\"Tempo di lettura stimato\" \/>\n\t<meta name=\"twitter:data1\" content=\"3 minuti\" \/>\n<script type=\"application\/ld+json\" class=\"yoast-schema-graph\">{\"@context\":\"https:\/\/schema.org\",\"@graph\":[{\"@type\":\"WebPage\",\"@id\":\"https:\/\/genehtik.com\/politica-de-cookies\/\",\"url\":\"https:\/\/genehtik.com\/politica-de-cookies\/\",\"name\":\"Pol\u00edtica de cookies\",\"isPartOf\":{\"@id\":\"https:\/\/genehtik.com\/#website\"},\"datePublished\":\"2015-07-09T09:37:38+00:00\",\"dateModified\":\"2015-10-02T11:26:27+00:00\",\"description\":\"Pol\u00edtica de cookies empleada en nuestra web Genehtik de semillas de marihuana.\",\"breadcrumb\":{\"@id\":\"https:\/\/genehtik.com\/politica-de-cookies\/#breadcrumb\"},\"inLanguage\":\"it-IT\",\"potentialAction\":[{\"@type\":\"ReadAction\",\"target\":[\"https:\/\/genehtik.com\/politica-de-cookies\/\"]}]},{\"@type\":\"BreadcrumbList\",\"@id\":\"https:\/\/genehtik.com\/politica-de-cookies\/#breadcrumb\",\"itemListElement\":[{\"@type\":\"ListItem\",\"position\":1,\"name\":\"Home\",\"item\":\"https:\/\/genehtik.com\/\"},{\"@type\":\"ListItem\",\"position\":2,\"name\":\"Pol\u00edtica de cookies\"}]},{\"@type\":\"WebSite\",\"@id\":\"https:\/\/genehtik.com\/#website\",\"url\":\"https:\/\/genehtik.com\/\",\"name\":\"Genehtik\",\"description\":\"Banco de semillas de cannabis feminizadas y autoflorecientes de calidad y garant\u00eda\",\"potentialAction\":[{\"@type\":\"SearchAction\",\"target\":{\"@type\":\"EntryPoint\",\"urlTemplate\":\"https:\/\/genehtik.com\/?s={search_term_string}\"},\"query-input\":{\"@type\":\"PropertyValueSpecification\",\"valueRequired\":true,\"valueName\":\"search_term_string\"}}],\"inLanguage\":\"it-IT\"}]}<\/script>\n<!-- \/ Yoast SEO Premium plugin. -->","yoast_head_json":{"title":"Informativa sui cookie","description":"Pol\u00edtica de cookies empleada en nuestra web Genehtik de semillas de marihuana.","robots":{"index":"index","follow":"follow","max-snippet":"max-snippet:-1","max-image-preview":"max-image-preview:large","max-video-preview":"max-video-preview:-1"},"canonical":"https:\/\/genehtik.com\/it\/politica-de-cookies\/","og_locale":"it_IT","og_type":"article","og_title":"Pol\u00edtica de cookies","og_description":"Pol\u00edtica de cookies empleada en nuestra web Genehtik de semillas de marihuana.","og_url":"https:\/\/genehtik.com\/it\/politica-de-cookies\/","og_site_name":"Genehtik","article_publisher":"http:\/\/www.facebook.com\/Genehtik","article_modified_time":"2015-10-02T11:26:27+00:00","twitter_card":"summary_large_image","twitter_site":"@GenehtikEs","twitter_misc":{"Tempo di lettura stimato":"3 minuti"},"schema":{"@context":"https:\/\/schema.org","@graph":[{"@type":"WebPage","@id":"https:\/\/genehtik.com\/politica-de-cookies\/","url":"https:\/\/genehtik.com\/politica-de-cookies\/","name":"Informativa sui cookie","isPartOf":{"@id":"https:\/\/genehtik.com\/#website"},"datePublished":"2015-07-09T09:37:38+00:00","dateModified":"2015-10-02T11:26:27+00:00","description":"Pol\u00edtica de cookies empleada en nuestra web Genehtik de semillas de marihuana.","breadcrumb":{"@id":"https:\/\/genehtik.com\/politica-de-cookies\/#breadcrumb"},"inLanguage":"it-IT","potentialAction":[{"@type":"ReadAction","target":["https:\/\/genehtik.com\/politica-de-cookies\/"]}]},{"@type":"BreadcrumbList","@id":"https:\/\/genehtik.com\/politica-de-cookies\/#breadcrumb","itemListElement":[{"@type":"ListItem","position":1,"name":"Home","item":"https:\/\/genehtik.com\/"},{"@type":"ListItem","position":2,"name":"Pol\u00edtica de cookies"}]},{"@type":"WebSite","@id":"https:\/\/genehtik.com\/#website","url":"https:\/\/genehtik.com\/","name":"Genehtik","description":"Banco de semillas de cannabis feminizadas y autoflorecientes de calidad y garant\u00eda","potentialAction":[{"@type":"SearchAction","target":{"@type":"EntryPoint","urlTemplate":"https:\/\/genehtik.com\/?s={search_term_string}"},"query-input":{"@type":"PropertyValueSpecification","valueRequired":true,"valueName":"search_term_string"}}],"inLanguage":"it-IT"}]}},"_links":{"self":[{"href":"https:\/\/genehtik.com\/it\/wp-json\/wp\/v2\/pages\/5051","targetHints":{"allow":["GET"]}}],"collection":[{"href":"https:\/\/genehtik.com\/it\/wp-json\/wp\/v2\/pages"}],"about":[{"href":"https:\/\/genehtik.com\/it\/wp-json\/wp\/v2\/types\/page"}],"author":[{"embeddable":true,"href":"https:\/\/genehtik.com\/it\/wp-json\/wp\/v2\/users\/1"}],"replies":[{"embeddable":true,"href":"https:\/\/genehtik.com\/it\/wp-json\/wp\/v2\/comments?post=5051"}],"version-history":[{"count":1,"href":"https:\/\/genehtik.com\/it\/wp-json\/wp\/v2\/pages\/5051\/revisions"}],"predecessor-version":[{"id":5052,"href":"https:\/\/genehtik.com\/it\/wp-json\/wp\/v2\/pages\/5051\/revisions\/5052"}],"wp:attachment":[{"href":"https:\/\/genehtik.com\/it\/wp-json\/wp\/v2\/media?parent=5051"}],"curies":[{"name":"wp","href":"https:\/\/api.w.org\/{rel}","templated":true}]}}