{"id":42424,"date":"2025-09-16T11:18:46","date_gmt":"2025-09-16T11:18:46","guid":{"rendered":"https:\/\/clon.genehtik.com\/?post_type=product&#038;p=42424"},"modified":"2026-02-25T11:15:31","modified_gmt":"2026-02-25T11:15:31","slug":"txomango-auto","status":"publish","type":"product","link":"https:\/\/genehtik.com\/it\/prodotto\/txomango-auto\/","title":{"rendered":"Txomango AUTO"},"content":{"rendered":"<div class=\"wpb-content-wrapper\"><div class=\"vc_row wpb_row vc_row-fluid edgtf-section edgtf-content-aligment-left\" style=\"\"><div class=\"clearfix edgtf-full-section-inner\"><div class=\"wpb_column vc_column_container vc_col-sm-12\"><div class=\"vc_column-inner\"><div class=\"wpb_wrapper\">\n\t<div class=\"wpb_text_column wpb_content_element\" >\n\t\t<div class=\"wpb_wrapper\">\n\t\t\t<p><strong>Tipo<\/strong>: Ibrido da fioritura Txomango auto<\/p>\n<p><strong>Produzione interna<\/strong>: 500-600 gr\/m2<\/p>\n<p><strong>Produzione esterna:<\/strong> 150-220 gr\/pianta<\/p>\n<p><strong>Fioritura in ambienti interni:<\/strong> 70 giorni<\/p>\n<p><strong>Raccolta all&#039;aperto:<\/strong> 10 settimane<\/p>\n<p><strong>THC:<\/strong> 21% \u2013 23%<\/p>\n<p><strong>Zucchero di CBD<\/strong> 0,2% \u2013 0,5%<\/p>\n<p>&nbsp;<\/p>\n<p>Txomango Auto \u00e8 la versione femminizzata e autofiorente della nostra leggendaria variet\u00e0 Txomango. Questo ibrido, noto per i suoi inconfondibili aromi tropicali, ha avuto origine da un singolo esemplare di un incrocio originale tra Super Skunk, Jack Herer e Big Skunk Korean. Incrociandolo con una selezione delle nostre migliori variet\u00e0 autofiorenti, abbiamo ottenuto una pianta autofiorente che conserva le qualit\u00e0 che hanno reso famosa la sua madre, la Txomango di Genehtik.<\/p>\n<p>Il risultato \u00e8 una pianta a crescita lenta con foglie grandi. Durante la fioritura, sviluppa cime compatte, altamente aromatiche ed estremamente resinose per essere una variet\u00e0 autofiorente. La sua caratteristica pi\u00f9 distintiva \u00e8 l&#039;intenso aroma e sapore fruttato di mango, ereditato dalla variet\u00e0 femminizzata. Il suo effetto a predominanza Indica non \u00e8 eccessivamente potente, ma molto rilassante. Perfetta per il riposo e il relax.<\/p>\n\n\t\t<\/div>\n\t<\/div>\n<\/div><\/div><\/div><\/div><\/div><div class=\"vc_row wpb_row vc_row-fluid edgtf-section edgtf-content-aligment-left\" style=\"\"><div class=\"clearfix edgtf-full-section-inner\"><div class=\"wpb_column vc_column_container vc_col-sm-12\"><div class=\"vc_column-inner\"><div class=\"wpb_wrapper\"><div class=\"vc_empty_space\"   style=\"height: 32px\"><span class=\"vc_empty_space_inner\"><\/span><\/div><\/div><\/div><\/div><\/div><\/div><div class=\"vc_row wpb_row vc_row-fluid edgtf-section edgtf-content-aligment-left\" style=\"\"><div class=\"clearfix edgtf-full-section-inner\"><div class=\"wpb_column vc_column_container vc_col-sm-12\"><div class=\"vc_column-inner\"><div class=\"wpb_wrapper\">\n\t<div class=\"wpb_text_column wpb_content_element\" >\n\t\t<div class=\"wpb_wrapper\">\n\t\t\t<h2 style=\"text-align: center;\">Scopri di pi\u00f9 sui semi autofiorenti di Genehtik su\u2026 <a href=\"https:\/\/criticalbilbo.com\/autoflorecientes-la-revolucion-genetica-del-cannabis\/\">www.criticalbilbo.com<\/a><\/h2>\n\n\t\t<\/div>\n\t<\/div>\n<\/div><\/div><\/div><\/div><\/div>\n<\/div>","protected":false},"excerpt":{"rendered":"<p>Txomango Seme di cannabis autofiorente<\/p>","protected":false},"featured_media":42616,"template":"","meta":{"bwfblock_default_font":""},"product_brand":[],"product_cat":[515,9,8],"product_tag":[],"class_list":{"0":"post-42424","1":"product","2":"type-product","3":"status-publish","4":"has-post-thumbnail","6":"product_cat-productos","7":"product_cat-semillas-cannabis-autoflorecientes","8":"product_cat-semillas-de-marihuana","10":"first","11":"instock","12":"shipping-taxable","13":"purchasable","14":"product-type-variable","15":"has-default-attributes"},"yoast_head":"<!-- This site is optimized with the Yoast SEO Premium plugin v23.0 (Yoast SEO v27.2) - https:\/\/yoast.com\/product\/yoast-seo-premium-wordpress\/ -->\n<title>Txomango Auto - Comprar semilla de cannabis Txomango Aut<\/title>\n<meta name=\"description\" content=\"Semilla de cannabis autofloreciente Txomango Auto. Su rasgo m\u00e1s distintivo es el aroma y sabor intensos afrutados a mango. Efecto muy relajante.\" \/>\n<meta name=\"robots\" content=\"index, follow, max-snippet:-1, max-image-preview:large, max-video-preview:-1\" \/>\n<link rel=\"canonical\" href=\"https:\/\/genehtik.com\/it\/prodotto\/txomango-auto\/\" \/>\n<meta property=\"og:locale\" content=\"it_IT\" \/>\n<meta property=\"og:type\" content=\"article\" \/>\n<meta property=\"og:title\" content=\"Txomango AUTO\" \/>\n<meta property=\"og:description\" content=\"Semilla de cannabis autofloreciente Txomango Auto. Su rasgo m\u00e1s distintivo es el aroma y sabor intensos afrutados a mango. Efecto muy relajante.\" \/>\n<meta property=\"og:url\" content=\"https:\/\/genehtik.com\/it\/prodotto\/txomango-auto\/\" \/>\n<meta property=\"og:site_name\" content=\"Genehtik\" \/>\n<meta property=\"article:publisher\" content=\"http:\/\/www.facebook.com\/Genehtik\" \/>\n<meta property=\"article:modified_time\" content=\"2026-02-25T11:15:31+00:00\" \/>\n<meta property=\"og:image\" content=\"https:\/\/genehtik.com\/wp-content\/uploads\/2025\/09\/Txomango-Auto-Genehtik-1.jpg\" \/>\n\t<meta property=\"og:image:width\" content=\"765\" \/>\n\t<meta property=\"og:image:height\" content=\"765\" \/>\n\t<meta property=\"og:image:type\" content=\"image\/jpeg\" \/>\n<meta name=\"twitter:card\" content=\"summary_large_image\" \/>\n<meta name=\"twitter:site\" content=\"@GenehtikEs\" \/>\n<meta name=\"twitter:label1\" content=\"Tempo di lettura stimato\" \/>\n\t<meta name=\"twitter:data1\" content=\"1 minuto\" \/>\n<script type=\"application\/ld+json\" class=\"yoast-schema-graph\">{\"@context\":\"https:\/\/schema.org\",\"@graph\":[{\"@type\":\"WebPage\",\"@id\":\"https:\/\/genehtik.com\/producto\/txomango-auto\/\",\"url\":\"https:\/\/genehtik.com\/producto\/txomango-auto\/\",\"name\":\"Txomango Auto - Comprar semilla de cannabis Txomango Aut\",\"isPartOf\":{\"@id\":\"https:\/\/genehtik.com\/#website\"},\"primaryImageOfPage\":{\"@id\":\"https:\/\/genehtik.com\/producto\/txomango-auto\/#primaryimage\"},\"image\":{\"@id\":\"https:\/\/genehtik.com\/producto\/txomango-auto\/#primaryimage\"},\"thumbnailUrl\":\"https:\/\/genehtik.com\/wp-content\/uploads\/2025\/09\/Txomango-Auto-Genehtik-1.jpg\",\"datePublished\":\"2025-09-16T11:18:46+00:00\",\"dateModified\":\"2026-02-25T11:15:31+00:00\",\"description\":\"Semilla de cannabis autofloreciente Txomango Auto. Su rasgo m\u00e1s distintivo es el aroma y sabor intensos afrutados a mango. Efecto muy relajante.\",\"breadcrumb\":{\"@id\":\"https:\/\/genehtik.com\/producto\/txomango-auto\/#breadcrumb\"},\"inLanguage\":\"it-IT\",\"potentialAction\":[{\"@type\":\"ReadAction\",\"target\":[\"https:\/\/genehtik.com\/producto\/txomango-auto\/\"]}]},{\"@type\":\"ImageObject\",\"inLanguage\":\"it-IT\",\"@id\":\"https:\/\/genehtik.com\/producto\/txomango-auto\/#primaryimage\",\"url\":\"https:\/\/genehtik.com\/wp-content\/uploads\/2025\/09\/Txomango-Auto-Genehtik-1.jpg\",\"contentUrl\":\"https:\/\/genehtik.com\/wp-content\/uploads\/2025\/09\/Txomango-Auto-Genehtik-1.jpg\",\"width\":765,\"height\":765,\"caption\":\"Txomango Auto Genehtik\"},{\"@type\":\"BreadcrumbList\",\"@id\":\"https:\/\/genehtik.com\/producto\/txomango-auto\/#breadcrumb\",\"itemListElement\":[{\"@type\":\"ListItem\",\"position\":1,\"name\":\"Home\",\"item\":\"https:\/\/genehtik.com\/\"},{\"@type\":\"ListItem\",\"position\":2,\"name\":\"Comprar semillas de cannabis Genehtik\",\"item\":\"https:\/\/genehtik.com\/tienda\/\"},{\"@type\":\"ListItem\",\"position\":3,\"name\":\"Txomango AUTO\"}]},{\"@type\":\"WebSite\",\"@id\":\"https:\/\/genehtik.com\/#website\",\"url\":\"https:\/\/genehtik.com\/\",\"name\":\"Genehtik\",\"description\":\"Banco de semillas de cannabis feminizadas y autoflorecientes de calidad y garant\u00eda\",\"potentialAction\":[{\"@type\":\"SearchAction\",\"target\":{\"@type\":\"EntryPoint\",\"urlTemplate\":\"https:\/\/genehtik.com\/?s={search_term_string}\"},\"query-input\":{\"@type\":\"PropertyValueSpecification\",\"valueRequired\":true,\"valueName\":\"search_term_string\"}}],\"inLanguage\":\"it-IT\"}]}<\/script>\n<!-- \/ Yoast SEO Premium plugin. -->","yoast_head_json":{"title":"Txomango Auto - Comprar semilla de cannabis Txomango Aut","description":"Semilla de cannabis autofloreciente Txomango Auto. Su rasgo m\u00e1s distintivo es el aroma y sabor intensos afrutados a mango. Efecto muy relajante.","robots":{"index":"index","follow":"follow","max-snippet":"max-snippet:-1","max-image-preview":"max-image-preview:large","max-video-preview":"max-video-preview:-1"},"canonical":"https:\/\/genehtik.com\/it\/prodotto\/txomango-auto\/","og_locale":"it_IT","og_type":"article","og_title":"Txomango AUTO","og_description":"Semilla de cannabis autofloreciente Txomango Auto. Su rasgo m\u00e1s distintivo es el aroma y sabor intensos afrutados a mango. Efecto muy relajante.","og_url":"https:\/\/genehtik.com\/it\/prodotto\/txomango-auto\/","og_site_name":"Genehtik","article_publisher":"http:\/\/www.facebook.com\/Genehtik","article_modified_time":"2026-02-25T11:15:31+00:00","og_image":[{"width":765,"height":765,"url":"https:\/\/genehtik.com\/wp-content\/uploads\/2025\/09\/Txomango-Auto-Genehtik-1.jpg","type":"image\/jpeg"}],"twitter_card":"summary_large_image","twitter_site":"@GenehtikEs","twitter_misc":{"Tempo di lettura stimato":"1 minuto"},"schema":{"@context":"https:\/\/schema.org","@graph":[{"@type":"WebPage","@id":"https:\/\/genehtik.com\/producto\/txomango-auto\/","url":"https:\/\/genehtik.com\/producto\/txomango-auto\/","name":"Txomango Auto - Comprar semilla de cannabis Txomango Aut","isPartOf":{"@id":"https:\/\/genehtik.com\/#website"},"primaryImageOfPage":{"@id":"https:\/\/genehtik.com\/producto\/txomango-auto\/#primaryimage"},"image":{"@id":"https:\/\/genehtik.com\/producto\/txomango-auto\/#primaryimage"},"thumbnailUrl":"https:\/\/genehtik.com\/wp-content\/uploads\/2025\/09\/Txomango-Auto-Genehtik-1.jpg","datePublished":"2025-09-16T11:18:46+00:00","dateModified":"2026-02-25T11:15:31+00:00","description":"Semilla de cannabis autofloreciente Txomango Auto. Su rasgo m\u00e1s distintivo es el aroma y sabor intensos afrutados a mango. Efecto muy relajante.","breadcrumb":{"@id":"https:\/\/genehtik.com\/producto\/txomango-auto\/#breadcrumb"},"inLanguage":"it-IT","potentialAction":[{"@type":"ReadAction","target":["https:\/\/genehtik.com\/producto\/txomango-auto\/"]}]},{"@type":"ImageObject","inLanguage":"it-IT","@id":"https:\/\/genehtik.com\/producto\/txomango-auto\/#primaryimage","url":"https:\/\/genehtik.com\/wp-content\/uploads\/2025\/09\/Txomango-Auto-Genehtik-1.jpg","contentUrl":"https:\/\/genehtik.com\/wp-content\/uploads\/2025\/09\/Txomango-Auto-Genehtik-1.jpg","width":765,"height":765,"caption":"Txomango Auto Genehtik"},{"@type":"BreadcrumbList","@id":"https:\/\/genehtik.com\/producto\/txomango-auto\/#breadcrumb","itemListElement":[{"@type":"ListItem","position":1,"name":"Home","item":"https:\/\/genehtik.com\/"},{"@type":"ListItem","position":2,"name":"Comprar semillas de cannabis Genehtik","item":"https:\/\/genehtik.com\/tienda\/"},{"@type":"ListItem","position":3,"name":"Txomango AUTO"}]},{"@type":"WebSite","@id":"https:\/\/genehtik.com\/#website","url":"https:\/\/genehtik.com\/","name":"Genehtik","description":"Banco de semillas de cannabis feminizadas y autoflorecientes de calidad y garant\u00eda","potentialAction":[{"@type":"SearchAction","target":{"@type":"EntryPoint","urlTemplate":"https:\/\/genehtik.com\/?s={search_term_string}"},"query-input":{"@type":"PropertyValueSpecification","valueRequired":true,"valueName":"search_term_string"}}],"inLanguage":"it-IT"}]}},"_links":{"self":[{"href":"https:\/\/genehtik.com\/it\/wp-json\/wp\/v2\/product\/42424","targetHints":{"allow":["GET"]}}],"collection":[{"href":"https:\/\/genehtik.com\/it\/wp-json\/wp\/v2\/product"}],"about":[{"href":"https:\/\/genehtik.com\/it\/wp-json\/wp\/v2\/types\/product"}],"wp:featuredmedia":[{"embeddable":true,"href":"https:\/\/genehtik.com\/it\/wp-json\/wp\/v2\/media\/42616"}],"wp:attachment":[{"href":"https:\/\/genehtik.com\/it\/wp-json\/wp\/v2\/media?parent=42424"}],"wp:term":[{"taxonomy":"product_brand","embeddable":true,"href":"https:\/\/genehtik.com\/it\/wp-json\/wp\/v2\/product_brand?post=42424"},{"taxonomy":"product_cat","embeddable":true,"href":"https:\/\/genehtik.com\/it\/wp-json\/wp\/v2\/product_cat?post=42424"},{"taxonomy":"product_tag","embeddable":true,"href":"https:\/\/genehtik.com\/it\/wp-json\/wp\/v2\/product_tag?post=42424"}],"curies":[{"name":"wp","href":"https:\/\/api.w.org\/{rel}","templated":true}]}}