{"id":42433,"date":"2026-02-03T08:43:10","date_gmt":"2026-02-03T08:43:10","guid":{"rendered":"https:\/\/clon.genehtik.com\/?post_type=product&#038;p=42433"},"modified":"2026-02-26T11:31:26","modified_gmt":"2026-02-26T11:31:26","slug":"tahoe-bilbo","status":"publish","type":"product","link":"https:\/\/genehtik.com\/it\/prodotto\/tahoe-bilbo\/","title":{"rendered":"Tahoe Bilbo"},"content":{"rendered":"<div class=\"wpb-content-wrapper\"><div class=\"vc_row wpb_row vc_row-fluid edgtf-section edgtf-content-aligment-left\" style=\"\"><div class=\"clearfix edgtf-full-section-inner\"><div class=\"wpb_column vc_column_container vc_col-sm-12\"><div class=\"vc_column-inner\"><div class=\"wpb_wrapper\"><div class=\"vc_empty_space\"   style=\"height: 20px\"><span class=\"vc_empty_space_inner\"><\/span><\/div><\/div><\/div><\/div><\/div><\/div><div class=\"vc_row wpb_row vc_row-fluid edgtf-section edgtf-content-aligment-center\" style=\"\"><div class=\"clearfix edgtf-full-section-inner\"><div class=\"wpb_column vc_column_container vc_col-sm-6 vc_col-has-fill\"><div class=\"vc_column-inner vc_custom_1770805691199\"><div class=\"wpb_wrapper\">\n<div class=\"edgtf-section-title edgtf-section-align-center\" style=\"color: #00a94f;font-size: 28px\">\n\tcaratteristiche\t<\/div><div class=\"vc_empty_space\"   style=\"height: 20px\"><span class=\"vc_empty_space_inner\"><\/span><\/div>\n\t<div class=\"wpb_text_column wpb_content_element\" >\n\t\t<div class=\"wpb_wrapper\">\n\t\t\t<p style=\"text-align: center;\"><span style=\"color: #00a94f;\"><strong>Genetica<\/strong><\/span><\/p>\n\n\t\t<\/div>\n\t<\/div>\n\n\t<div class=\"wpb_text_column wpb_content_element\" >\n\t\t<div class=\"wpb_wrapper\">\n\t\t\t<p style=\"text-align: center;\">Tahoe OG Kush x OG Lemon Bilbo<\/p>\n\n\t\t<\/div>\n\t<\/div>\n\n\t<div class=\"wpb_text_column wpb_content_element\" >\n\t\t<div class=\"wpb_wrapper\">\n\t\t\t<p style=\"text-align: center;\"><span style=\"color: #00a94f;\"><strong>Tipo<\/strong><\/span><\/p>\n\n\t\t<\/div>\n\t<\/div>\n\n\t<div class=\"wpb_text_column wpb_content_element\" >\n\t\t<div class=\"wpb_wrapper\">\n\t\t\t<p style=\"text-align: center;\">indica (70% indica \/ 30% sativa)<\/p>\n\n\t\t<\/div>\n\t<\/div>\n\n\t<div class=\"wpb_text_column wpb_content_element\" >\n\t\t<div class=\"wpb_wrapper\">\n\t\t\t<p style=\"text-align: center;\"><span style=\"color: #00a94f;\"><strong>Produzione interna<\/strong><\/span><\/p>\n\n\t\t<\/div>\n\t<\/div>\n\n\t<div class=\"wpb_text_column wpb_content_element\" >\n\t\t<div class=\"wpb_wrapper\">\n\t\t\t<p style=\"text-align: center;\">500-600 gr\/m2<\/p>\n\n\t\t<\/div>\n\t<\/div>\n\n\t<div class=\"wpb_text_column wpb_content_element\" >\n\t\t<div class=\"wpb_wrapper\">\n\t\t\t<p style=\"text-align: center;\"><span style=\"color: #00a94f;\"><strong>Produzione esterna<\/strong><\/span><\/p>\n\n\t\t<\/div>\n\t<\/div>\n\n\t<div class=\"wpb_text_column wpb_content_element\" >\n\t\t<div class=\"wpb_wrapper\">\n\t\t\t<p style=\"text-align: center;\">1000-1750 gr\/pianta<\/p>\n\n\t\t<\/div>\n\t<\/div>\n\n\t<div class=\"wpb_text_column wpb_content_element\" >\n\t\t<div class=\"wpb_wrapper\">\n\t\t\t<p style=\"text-align: center;\"><span style=\"color: #00a94f;\"><strong>Fiori da interno<\/strong><\/span><\/p>\n\n\t\t<\/div>\n\t<\/div>\n\n\t<div class=\"wpb_text_column wpb_content_element\" >\n\t\t<div class=\"wpb_wrapper\">\n\t\t\t<p style=\"text-align: center;\">60-70 giorni<\/p>\n\n\t\t<\/div>\n\t<\/div>\n\n\t<div class=\"wpb_text_column wpb_content_element\" >\n\t\t<div class=\"wpb_wrapper\">\n\t\t\t<p style=\"text-align: center;\"><span style=\"color: #00a94f;\"><strong>Raccolta all&#039;aperto<\/strong><\/span><\/p>\n\n\t\t<\/div>\n\t<\/div>\n\n\t<div class=\"wpb_text_column wpb_content_element\" >\n\t\t<div class=\"wpb_wrapper\">\n\t\t\t<p style=\"text-align: center;\">Emisfero settentrionale: ottobre<\/p>\n\n\t\t<\/div>\n\t<\/div>\n\n\t<div class=\"wpb_text_column wpb_content_element\" >\n\t\t<div class=\"wpb_wrapper\">\n\t\t\t<p style=\"text-align: center;\">Emisfero australe: aprile<\/p>\n\n\t\t<\/div>\n\t<\/div>\n<div class=\"vc_empty_space\"   style=\"height: 20px\"><span class=\"vc_empty_space_inner\"><\/span><\/div><\/div><\/div><\/div><div class=\"wpb_column vc_column_container vc_col-sm-6\"><div class=\"vc_column-inner\"><div class=\"wpb_wrapper\">\n<div class=\"edgtf-section-title edgtf-section-align-center\" style=\"color: #ffffff;font-size: 28px\">\n\tCondizioni ottimali\t<\/div><div class=\"vc_empty_space\"   style=\"height: 20px\"><span class=\"vc_empty_space_inner\"><\/span><\/div>\n    <span class=\"edgtf-icon-shortcode circle edgtf-icon-medium\"  >\n        \n        <i class=\"edgtf-icon-font-awesome fa fa-book edgtf-icon-element\" style=\"\" ><\/i>\n            <\/span>\n\n<div class=\"vc_empty_space\"   style=\"height: 20px\"><span class=\"vc_empty_space_inner\"><\/span><\/div>\n\t<div class=\"wpb_text_column wpb_content_element\" >\n\t\t<div class=\"wpb_wrapper\">\n\t\t\t<p style=\"text-align: center;\"><em>Per uno sviluppo ottimale e massime prestazioni in termini di sapore, aroma, effetto e produzione, consultare le condizioni di coltivazione ottimali<\/em><\/p>\n\n\t\t<\/div>\n\t<\/div>\n<div class=\"vc_empty_space\"   style=\"height: 20px\"><span class=\"vc_empty_space_inner\"><\/span><\/div>\t<div class=\"edgtf-call-to-action edgtf-cta-standard\" >\n\t\t\t\t\t<div class=\"edgtf-call-to-action-row-50-50 clearfix\" style=\"padding: 20px;\">\n\t\t\t\t<div class=\"edgtf-text-wrapper edgtf-call-to-action-column1 edgtf-call-to-action-cell\">\n\t\t\t\t\t<div class=\"edgtf-call-to-action-text\" >Parametri di coltivazione<\/div>\n\t\t\t\t<\/div>\n\t\t\t\t<div class=\"edgtf-button-wrapper edgtf-call-to-action-column2 edgtf-call-to-action-cell\" style =\"text-align: center ;\">\n\t\t\t\t\t<a href=\"https:\/\/genehtik.com\/it\/condiciones-optimas-cultivo\/\" target=\"_self\" style=\"color: #ffffff;background-color: #00a94f\" class=\"edgtf-btn edgtf-btn-large edgtf-btn-solid-white edgtf-btn-custom-hover-bg edgtf-btn-custom-hover-color\" data-hover-bg-color=\"#ffffff\" data-hover-color=\"#00a94f\" >\t\t\t<span class=\"edgtf-btn-text\">consultare<\/span>\t    <\/a>\t\t\t\t<\/div>\n\t\t\t<\/div>\n\t\t\t<\/div>\n<\/div><\/div><\/div><\/div><\/div><div class=\"vc_row wpb_row vc_row-fluid edgtf-section edgtf-content-aligment-left\" style=\"\"><div class=\"clearfix edgtf-full-section-inner\"><div class=\"wpb_column vc_column_container vc_col-sm-12\"><div class=\"vc_column-inner\"><div class=\"wpb_wrapper\"><div class=\"vc_empty_space\"   style=\"height: 20px\"><span class=\"vc_empty_space_inner\"><\/span><\/div>\n\t<div class=\"wpb_text_column wpb_content_element\" >\n\t\t<div class=\"wpb_wrapper\">\n\t\t\t<p><strong>TAHOE BILBO: L&#039;anima della costa occidentale in ogni soffio di vento.<\/strong><\/p>\n<p>&nbsp;<\/p>\n<p>Originario delle montagne della Sierra Nevada e bagnato dalle acque del lago Tahoe, da cui prende il nome, al confine tra gli stati della California e del Nevada, proviene uno dei vitigni pi\u00f9 autentici degli Stati Uniti. Un fiero erede della stirpe <strong>OG Kush<\/strong>, Rappresenta, come poche altre, lo spirito puro della cannabis californiana.<\/p>\n<p>&nbsp;<\/p>\n<p>Con una composizione genetica accuratamente selezionata per offrire un profilo aromatico dolce e profondamente rilassante, questa creazione rappresenta l&#039;eccellente lavoro di David Merino, svolto in molti anni con alcune delle variet\u00e0 afghane pi\u00f9 apprezzate al mondo.<\/p>\n<p>&nbsp;<\/p>\n<h3>ORIGINE E ATTRAVERSAMENTO<\/h3>\n<p>&nbsp;<\/p>\n<p>Questa composizione genetica \u00e8 il risultato dell&#039;incrocio tra <strong>OG Kush<\/strong> e una selezione particolarmente vigorosa di <strong>SFV OG<\/strong> (San Fernando Valley OG). La combinazione di queste due potenti variet\u00e0 ha dato origine a una variet\u00e0 a predominanza indica, dalla quale \u00e8 stato selezionato un fenotipo molto stabile e resinoso, con il perfetto equilibrio tra potenza indica e sottili sfumature agrumate sativa.<\/p>\n<p>\u00c8 stata selezionata a met\u00e0 degli anni 2000 dai coltivatori della zona del Lago Tahoe, che erano alla ricerca di una versione pi\u00f9 forte e stabile della mitica OG Kush.<\/p>\n<p>Grazie al clima di alta quota, con notti fredde ed estati brevi, e all&#039;eccellente lavoro di quegli allevatori impegnati a mantenere la purezza genetica della <strong>OG originale<\/strong>, che \u00e8 riuscito a plasmare un fenotipo robusto e resistente, che non solo ha resistito alla prova del tempo, ma si \u00e8 affermato come un classico senza tempo.<\/p>\n<p>&nbsp;<\/p>\n<h3>ASPETTO<\/h3>\n<p>&nbsp;<\/p>\n<p>Coltivare questa variet\u00e0 \u00e8 un&#039;esperienza molto gratificante. Pur richiedendo una certa attenzione all&#039;ambiente di coltivazione, risponde molto bene nelle mani di coltivatori esperti o di livello intermedio. Si tratta di una variet\u00e0 a predominanza indica (70% \u2013 30%) con una struttura robusta, internodi di media distanza e produce cime compatte, pesanti e ricche di resina. \u00c8 una pianta a fioritura rapida, che impiega dai 60 ai 70 giorni per raggiungere rese fino a 600 grammi per metro quadrato in coltivazione indoor.<\/p>\n<p>&nbsp;<\/p>\n<h3>AROMA E SAPORE<\/h3>\n<p>&nbsp;<\/p>\n<p>Il profumo del nostro <strong>Tahoe Bilbo<\/strong> \u00c8 un&#039;intensa miscela di limone fresco, legno e terra umida, che si trasforma istantaneamente in un&#039;esperienza aromatica profonda e penetrante. Al palato, il sapore \u00e8 altrettanto potente, con una nota agrumata e speziata che persiste a lungo dopo ogni boccata.<\/p>\n<p>&nbsp;<\/p>\n<h3>EFFETTO<\/h3>\n<p>&nbsp;<\/p>\n<p>L&#039;effetto \u00e8 ci\u00f2 che vi conquister\u00e0 davvero di questa variet\u00e0. Inizia con un&#039;ondata cerebrale di sollievo e serenit\u00e0, per poi immergervi in uno stato di intenso rilassamento fisico, perfetto per staccare la spina, alleviare lo stress o semplicemente lasciarsi andare in momenti di calma. Non \u00e8 una variet\u00e0 leggera; \u00e8 potente, di lunga durata e molto resinosa. Senza dubbio, una variet\u00e0 ideale per le estrazioni.<\/p>\n\n\t\t<\/div>\n\t<\/div>\n<div class=\"vc_empty_space\"   style=\"height: 20px\"><span class=\"vc_empty_space_inner\"><\/span><\/div>\n<div class=\"vc-zigzag-wrapper vc-zigzag-align-center\"><div class=\"vc-zigzag-inner\" style=\"width: 100%;min-height: 14px;background: 0 repeat-x url(&#039;data:image\/svg+xml;utf-8,%3C%3Fxml%20version%3D%221.0%22%20encoding%3D%22utf-8%22%3F%3E%3C%21DOCTYPE%20svg%20PUBLIC%20%22-%2F%2FW3C%2F%2FDTD%20SVG%201.1%2F%2FEN%22%20%22http%3A%2F%2Fwww.w3.org%2FGraphics%2FSVG%2F1.1%2FDTD%2Fsvg11.dtd%22%3E%3Csvg%20width%3D%2214px%22%20height%3D%2212px%22%20viewBox%3D%220%200%2018%2015%22%20version%3D%221.1%22%20xmlns%3D%22http%3A%2F%2Fwww.w3.org%2F2000%2Fsvg%22%20xmlns%3Axlink%3D%22http%3A%2F%2Fwww.w3.org%2F1999%2Fxlink%22%3E%3Cpolygon%20id%3D%22Combined-Shape%22%20fill%3D%22%236dab3c%22%20points%3D%228.98762301%200%200%209.12771969%200%2014.519983%209%205.40479869%2018%2014.519983%2018%209.12771969%22%3E%3C%2Fpolygon%3E%3C%2Fsvg%3E&#039;);\"><\/div><\/div><div class=\"vc_empty_space\"   style=\"height: 20px\"><span class=\"vc_empty_space_inner\"><\/span><\/div>\n\t<div class=\"wpb_text_column wpb_content_element\" >\n\t\t<div class=\"wpb_wrapper\">\n\t\t\t<p><strong>Tahoe Bilbo<\/strong> La variet\u00e0 di Genehtik Seeds \u00e8 pi\u00f9 di un semplice omaggio alla OG Kush; ne \u00e8 la versione pi\u00f9 raffinata, intensa e profondamente californiana.<\/p>\n<p>Una variet\u00e0 di culto che ha viaggiato dalle montagne del Nevada alle mani di <strong>Davide Merino<\/strong>, selezionatore presso Genehtik Seeds da oltre 25 anni e creatore, tra gli altri, del leggendario clone d&#039;\u00e9lite di Critical Bilbo, per iniettargli quel marchio inconfondibile<strong> Bilbo<\/strong> che i coltivatori pi\u00f9 esigenti richiedono dai nostri semi.<\/p>\n<p>&nbsp;<\/p>\n<p>Se stai cercando un classico con presenza, profondit\u00e0 e un inconfondibile sapore americano, <strong>Tahoe Bilbo di Genehtik Seeds <\/strong>\u00c8 la prossima tappa imperdibile. Perch\u00e9 sul mercato ci sono tanti modelli originali, e poi c&#039;\u00e8 il nostro Tahoe Bilbo.<\/p>\n\n\t\t<\/div>\n\t<\/div>\n<\/div><\/div><\/div><\/div><\/div><div class=\"vc_row wpb_row vc_row-fluid edgtf-section edgtf-content-aligment-left\" style=\"\"><div class=\"clearfix edgtf-full-section-inner\"><div class=\"wpb_column vc_column_container vc_col-sm-12\"><div class=\"vc_column-inner\"><div class=\"wpb_wrapper\"><div class=\"vc_empty_space\"   style=\"height: 50px\"><span class=\"vc_empty_space_inner\"><\/span><\/div><\/div><\/div><\/div><\/div><\/div>\n<\/div>","protected":false},"excerpt":{"rendered":"<p>&nbsp;<\/p>\n<p>Tahoe OG Kush x OG Lemon Bilbo<\/p>\n<p>&nbsp;<\/p>\n<p>indica (70% indica \/ 30% sativa)<\/p>\n<p>&nbsp;<\/p>","protected":false},"featured_media":42569,"template":"","meta":{"bwfblock_default_font":""},"product_brand":[],"product_cat":[515,8,6],"product_tag":[],"class_list":{"0":"post-42433","1":"product","2":"type-product","3":"status-publish","4":"has-post-thumbnail","6":"product_cat-productos","7":"product_cat-semillas-de-marihuana","8":"product_cat-semillas-cannabis-feminizadas","10":"first","11":"instock","12":"sale","13":"shipping-taxable","14":"purchasable","15":"product-type-variable","16":"has-default-attributes"},"yoast_head":"<!-- This site is optimized with the Yoast SEO Premium plugin v23.0 (Yoast SEO v27.2) - https:\/\/yoast.com\/product\/yoast-seo-premium-wordpress\/ -->\n<title>Tahoe Bilbo - Comprar semilla de cannabis Tahoe Bilbo feminizada<\/title>\n<meta name=\"description\" content=\"Semilla de cannabis feminizada Tahoe Bilbo. Cruce de Tahoe OG Kush x OG Lemon Bilbo. Sabor americano nacido en las monta\u00f1as de Nevada\" \/>\n<meta name=\"robots\" content=\"index, follow, max-snippet:-1, max-image-preview:large, max-video-preview:-1\" \/>\n<link rel=\"canonical\" href=\"https:\/\/genehtik.com\/it\/prodotto\/tahoe-bilbo\/\" \/>\n<meta property=\"og:locale\" content=\"it_IT\" \/>\n<meta property=\"og:type\" content=\"article\" \/>\n<meta property=\"og:title\" content=\"Tahoe Bilbo\" \/>\n<meta property=\"og:description\" content=\"Semilla de cannabis feminizada Tahoe Bilbo. Cruce de Tahoe OG Kush x OG Lemon Bilbo. Sabor americano nacido en las monta\u00f1as de Nevada\" \/>\n<meta property=\"og:url\" content=\"https:\/\/genehtik.com\/it\/prodotto\/tahoe-bilbo\/\" \/>\n<meta property=\"og:site_name\" content=\"Genehtik\" \/>\n<meta property=\"article:publisher\" content=\"http:\/\/www.facebook.com\/Genehtik\" \/>\n<meta property=\"article:modified_time\" content=\"2026-02-26T11:31:26+00:00\" \/>\n<meta property=\"og:image\" content=\"https:\/\/genehtik.com\/wp-content\/uploads\/2025\/09\/Tahoe-Bilbo-1.jpg\" \/>\n\t<meta property=\"og:image:width\" content=\"765\" \/>\n\t<meta property=\"og:image:height\" content=\"765\" \/>\n\t<meta property=\"og:image:type\" content=\"image\/jpeg\" \/>\n<meta name=\"twitter:card\" content=\"summary_large_image\" \/>\n<meta name=\"twitter:site\" content=\"@GenehtikEs\" \/>\n<meta name=\"twitter:label1\" content=\"Tempo di lettura stimato\" \/>\n\t<meta name=\"twitter:data1\" content=\"4 minuti\" \/>\n<script type=\"application\/ld+json\" class=\"yoast-schema-graph\">{\"@context\":\"https:\/\/schema.org\",\"@graph\":[{\"@type\":\"WebPage\",\"@id\":\"https:\/\/genehtik.com\/producto\/tahoe-bilbo\/\",\"url\":\"https:\/\/genehtik.com\/producto\/tahoe-bilbo\/\",\"name\":\"Tahoe Bilbo - Comprar semilla de cannabis Tahoe Bilbo feminizada\",\"isPartOf\":{\"@id\":\"https:\/\/genehtik.com\/#website\"},\"primaryImageOfPage\":{\"@id\":\"https:\/\/genehtik.com\/producto\/tahoe-bilbo\/#primaryimage\"},\"image\":{\"@id\":\"https:\/\/genehtik.com\/producto\/tahoe-bilbo\/#primaryimage\"},\"thumbnailUrl\":\"https:\/\/genehtik.com\/wp-content\/uploads\/2025\/09\/Tahoe-Bilbo-1.jpg\",\"datePublished\":\"2026-02-03T08:43:10+00:00\",\"dateModified\":\"2026-02-26T11:31:26+00:00\",\"description\":\"Semilla de cannabis feminizada Tahoe Bilbo. Cruce de Tahoe OG Kush x OG Lemon Bilbo. Sabor americano nacido en las monta\u00f1as de Nevada\",\"breadcrumb\":{\"@id\":\"https:\/\/genehtik.com\/producto\/tahoe-bilbo\/#breadcrumb\"},\"inLanguage\":\"it-IT\",\"potentialAction\":[{\"@type\":\"ReadAction\",\"target\":[\"https:\/\/genehtik.com\/producto\/tahoe-bilbo\/\"]}]},{\"@type\":\"ImageObject\",\"inLanguage\":\"it-IT\",\"@id\":\"https:\/\/genehtik.com\/producto\/tahoe-bilbo\/#primaryimage\",\"url\":\"https:\/\/genehtik.com\/wp-content\/uploads\/2025\/09\/Tahoe-Bilbo-1.jpg\",\"contentUrl\":\"https:\/\/genehtik.com\/wp-content\/uploads\/2025\/09\/Tahoe-Bilbo-1.jpg\",\"width\":765,\"height\":765},{\"@type\":\"BreadcrumbList\",\"@id\":\"https:\/\/genehtik.com\/producto\/tahoe-bilbo\/#breadcrumb\",\"itemListElement\":[{\"@type\":\"ListItem\",\"position\":1,\"name\":\"Home\",\"item\":\"https:\/\/genehtik.com\/\"},{\"@type\":\"ListItem\",\"position\":2,\"name\":\"Comprar semillas de cannabis Genehtik\",\"item\":\"https:\/\/genehtik.com\/tienda\/\"},{\"@type\":\"ListItem\",\"position\":3,\"name\":\"Tahoe Bilbo\"}]},{\"@type\":\"WebSite\",\"@id\":\"https:\/\/genehtik.com\/#website\",\"url\":\"https:\/\/genehtik.com\/\",\"name\":\"Genehtik\",\"description\":\"Banco de semillas de cannabis feminizadas y autoflorecientes de calidad y garant\u00eda\",\"potentialAction\":[{\"@type\":\"SearchAction\",\"target\":{\"@type\":\"EntryPoint\",\"urlTemplate\":\"https:\/\/genehtik.com\/?s={search_term_string}\"},\"query-input\":{\"@type\":\"PropertyValueSpecification\",\"valueRequired\":true,\"valueName\":\"search_term_string\"}}],\"inLanguage\":\"it-IT\"}]}<\/script>\n<!-- \/ Yoast SEO Premium plugin. -->","yoast_head_json":{"title":"Tahoe Bilbo - Comprar semilla de cannabis Tahoe Bilbo feminizada","description":"Semilla de cannabis feminizada Tahoe Bilbo. Cruce de Tahoe OG Kush x OG Lemon Bilbo. Sabor americano nacido en las monta\u00f1as de Nevada","robots":{"index":"index","follow":"follow","max-snippet":"max-snippet:-1","max-image-preview":"max-image-preview:large","max-video-preview":"max-video-preview:-1"},"canonical":"https:\/\/genehtik.com\/it\/prodotto\/tahoe-bilbo\/","og_locale":"it_IT","og_type":"article","og_title":"Tahoe Bilbo","og_description":"Semilla de cannabis feminizada Tahoe Bilbo. Cruce de Tahoe OG Kush x OG Lemon Bilbo. Sabor americano nacido en las monta\u00f1as de Nevada","og_url":"https:\/\/genehtik.com\/it\/prodotto\/tahoe-bilbo\/","og_site_name":"Genehtik","article_publisher":"http:\/\/www.facebook.com\/Genehtik","article_modified_time":"2026-02-26T11:31:26+00:00","og_image":[{"width":765,"height":765,"url":"https:\/\/genehtik.com\/wp-content\/uploads\/2025\/09\/Tahoe-Bilbo-1.jpg","type":"image\/jpeg"}],"twitter_card":"summary_large_image","twitter_site":"@GenehtikEs","twitter_misc":{"Tempo di lettura stimato":"4 minuti"},"schema":{"@context":"https:\/\/schema.org","@graph":[{"@type":"WebPage","@id":"https:\/\/genehtik.com\/producto\/tahoe-bilbo\/","url":"https:\/\/genehtik.com\/producto\/tahoe-bilbo\/","name":"Tahoe Bilbo - Comprar semilla de cannabis Tahoe Bilbo feminizada","isPartOf":{"@id":"https:\/\/genehtik.com\/#website"},"primaryImageOfPage":{"@id":"https:\/\/genehtik.com\/producto\/tahoe-bilbo\/#primaryimage"},"image":{"@id":"https:\/\/genehtik.com\/producto\/tahoe-bilbo\/#primaryimage"},"thumbnailUrl":"https:\/\/genehtik.com\/wp-content\/uploads\/2025\/09\/Tahoe-Bilbo-1.jpg","datePublished":"2026-02-03T08:43:10+00:00","dateModified":"2026-02-26T11:31:26+00:00","description":"Semilla de cannabis feminizada Tahoe Bilbo. Cruce de Tahoe OG Kush x OG Lemon Bilbo. Sabor americano nacido en las monta\u00f1as de Nevada","breadcrumb":{"@id":"https:\/\/genehtik.com\/producto\/tahoe-bilbo\/#breadcrumb"},"inLanguage":"it-IT","potentialAction":[{"@type":"ReadAction","target":["https:\/\/genehtik.com\/producto\/tahoe-bilbo\/"]}]},{"@type":"ImageObject","inLanguage":"it-IT","@id":"https:\/\/genehtik.com\/producto\/tahoe-bilbo\/#primaryimage","url":"https:\/\/genehtik.com\/wp-content\/uploads\/2025\/09\/Tahoe-Bilbo-1.jpg","contentUrl":"https:\/\/genehtik.com\/wp-content\/uploads\/2025\/09\/Tahoe-Bilbo-1.jpg","width":765,"height":765},{"@type":"BreadcrumbList","@id":"https:\/\/genehtik.com\/producto\/tahoe-bilbo\/#breadcrumb","itemListElement":[{"@type":"ListItem","position":1,"name":"Home","item":"https:\/\/genehtik.com\/"},{"@type":"ListItem","position":2,"name":"Comprar semillas de cannabis Genehtik","item":"https:\/\/genehtik.com\/tienda\/"},{"@type":"ListItem","position":3,"name":"Tahoe Bilbo"}]},{"@type":"WebSite","@id":"https:\/\/genehtik.com\/#website","url":"https:\/\/genehtik.com\/","name":"Genehtik","description":"Banco de semillas de cannabis feminizadas y autoflorecientes de calidad y garant\u00eda","potentialAction":[{"@type":"SearchAction","target":{"@type":"EntryPoint","urlTemplate":"https:\/\/genehtik.com\/?s={search_term_string}"},"query-input":{"@type":"PropertyValueSpecification","valueRequired":true,"valueName":"search_term_string"}}],"inLanguage":"it-IT"}]}},"_links":{"self":[{"href":"https:\/\/genehtik.com\/it\/wp-json\/wp\/v2\/product\/42433","targetHints":{"allow":["GET"]}}],"collection":[{"href":"https:\/\/genehtik.com\/it\/wp-json\/wp\/v2\/product"}],"about":[{"href":"https:\/\/genehtik.com\/it\/wp-json\/wp\/v2\/types\/product"}],"wp:featuredmedia":[{"embeddable":true,"href":"https:\/\/genehtik.com\/it\/wp-json\/wp\/v2\/media\/42569"}],"wp:attachment":[{"href":"https:\/\/genehtik.com\/it\/wp-json\/wp\/v2\/media?parent=42433"}],"wp:term":[{"taxonomy":"product_brand","embeddable":true,"href":"https:\/\/genehtik.com\/it\/wp-json\/wp\/v2\/product_brand?post=42433"},{"taxonomy":"product_cat","embeddable":true,"href":"https:\/\/genehtik.com\/it\/wp-json\/wp\/v2\/product_cat?post=42433"},{"taxonomy":"product_tag","embeddable":true,"href":"https:\/\/genehtik.com\/it\/wp-json\/wp\/v2\/product_tag?post=42433"}],"curies":[{"name":"wp","href":"https:\/\/api.w.org\/{rel}","templated":true}]}}