{"id":42520,"date":"2025-11-28T10:29:16","date_gmt":"2025-11-28T10:29:16","guid":{"rendered":"https:\/\/clon.genehtik.com\/?post_type=product&#038;p=42520"},"modified":"2026-02-26T12:11:37","modified_gmt":"2026-02-26T12:11:37","slug":"karamelua-bilbo","status":"publish","type":"product","link":"https:\/\/genehtik.com\/it\/prodotto\/karamelua-bilbo\/","title":{"rendered":"Karamelua Bilbo"},"content":{"rendered":"<div class=\"wpb-content-wrapper\"><div class=\"vc_row wpb_row vc_row-fluid edgtf-section edgtf-content-aligment-left\" style=\"\"><div class=\"clearfix edgtf-full-section-inner\"><div class=\"wpb_column vc_column_container vc_col-sm-12\"><div class=\"vc_column-inner\"><div class=\"wpb_wrapper\"><div class=\"vc_empty_space\"   style=\"height: 20px\"><span class=\"vc_empty_space_inner\"><\/span><\/div><\/div><\/div><\/div><\/div><\/div><div class=\"vc_row wpb_row vc_row-fluid edgtf-section edgtf-content-aligment-center\" style=\"\"><div class=\"clearfix edgtf-full-section-inner\"><div class=\"wpb_column vc_column_container vc_col-sm-6 vc_col-has-fill\"><div class=\"vc_column-inner vc_custom_1770809004254\"><div class=\"wpb_wrapper\">\n<div class=\"edgtf-section-title edgtf-section-align-center\" style=\"color: #00a94f;font-size: 28px\">\n\tcaratteristiche\t<\/div><div class=\"vc_empty_space\"   style=\"height: 20px\"><span class=\"vc_empty_space_inner\"><\/span><\/div>\n\t<div class=\"wpb_text_column wpb_content_element\" >\n\t\t<div class=\"wpb_wrapper\">\n\t\t\t<p style=\"text-align: center;\"><span style=\"color: #00a94f;\"><strong>Genetica<\/strong><\/span><\/p>\n\n\t\t<\/div>\n\t<\/div>\n\n\t<div class=\"wpb_text_column wpb_content_element\" >\n\t\t<div class=\"wpb_wrapper\">\n\t\t\t<p style=\"text-align: center;\">Blueback x Maple Leaf Indica x Widow Bilbo<\/p>\n\n\t\t<\/div>\n\t<\/div>\n\n\t<div class=\"wpb_text_column wpb_content_element\" >\n\t\t<div class=\"wpb_wrapper\">\n\t\t\t<p style=\"text-align: center;\"><span style=\"color: #00a94f;\"><strong>Tipo<\/strong><\/span><\/p>\n\n\t\t<\/div>\n\t<\/div>\n\n\t<div class=\"wpb_text_column wpb_content_element\" >\n\t\t<div class=\"wpb_wrapper\">\n\t\t\t<p style=\"text-align: center;\">indica (80% indica \/ 20% sativa)<\/p>\n\n\t\t<\/div>\n\t<\/div>\n\n\t<div class=\"wpb_text_column wpb_content_element\" >\n\t\t<div class=\"wpb_wrapper\">\n\t\t\t<p style=\"text-align: center;\"><span style=\"color: #00a94f;\"><strong>Produzione interna<\/strong><\/span><\/p>\n\n\t\t<\/div>\n\t<\/div>\n\n\t<div class=\"wpb_text_column wpb_content_element\" >\n\t\t<div class=\"wpb_wrapper\">\n\t\t\t<p style=\"text-align: center;\">500-600 gr\/m2<\/p>\n\n\t\t<\/div>\n\t<\/div>\n\n\t<div class=\"wpb_text_column wpb_content_element\" >\n\t\t<div class=\"wpb_wrapper\">\n\t\t\t<p style=\"text-align: center;\"><span style=\"color: #00a94f;\"><strong>Produzione esterna<\/strong><\/span><\/p>\n\n\t\t<\/div>\n\t<\/div>\n\n\t<div class=\"wpb_text_column wpb_content_element\" >\n\t\t<div class=\"wpb_wrapper\">\n\t\t\t<p style=\"text-align: center;\">1000-1600 gr\/pianta<\/p>\n\n\t\t<\/div>\n\t<\/div>\n\n\t<div class=\"wpb_text_column wpb_content_element\" >\n\t\t<div class=\"wpb_wrapper\">\n\t\t\t<p style=\"text-align: center;\"><span style=\"color: #00a94f;\"><strong>Fiori da interno<\/strong><\/span><\/p>\n\n\t\t<\/div>\n\t<\/div>\n\n\t<div class=\"wpb_text_column wpb_content_element\" >\n\t\t<div class=\"wpb_wrapper\">\n\t\t\t<p style=\"text-align: center;\">60-65 giorni<\/p>\n\n\t\t<\/div>\n\t<\/div>\n\n\t<div class=\"wpb_text_column wpb_content_element\" >\n\t\t<div class=\"wpb_wrapper\">\n\t\t\t<p style=\"text-align: center;\"><span style=\"color: #00a94f;\"><strong>Raccolta all&#039;aperto<\/strong><\/span><\/p>\n\n\t\t<\/div>\n\t<\/div>\n\n\t<div class=\"wpb_text_column wpb_content_element\" >\n\t\t<div class=\"wpb_wrapper\">\n\t\t\t<p style=\"text-align: center;\">Emisfero settentrionale: ottobre<\/p>\n\n\t\t<\/div>\n\t<\/div>\n\n\t<div class=\"wpb_text_column wpb_content_element\" >\n\t\t<div class=\"wpb_wrapper\">\n\t\t\t<p style=\"text-align: center;\">Emisfero australe: aprile<\/p>\n\n\t\t<\/div>\n\t<\/div>\n<div class=\"vc_empty_space\"   style=\"height: 20px\"><span class=\"vc_empty_space_inner\"><\/span><\/div><\/div><\/div><\/div><div class=\"wpb_column vc_column_container vc_col-sm-6\"><div class=\"vc_column-inner\"><div class=\"wpb_wrapper\">\n<div class=\"edgtf-section-title edgtf-section-align-center\" style=\"color: #00a94f;font-size: 28px\">\n\tCondizioni ottimali\t<\/div><div class=\"vc_empty_space\"   style=\"height: 20px\"><span class=\"vc_empty_space_inner\"><\/span><\/div>\n    <span class=\"edgtf-icon-shortcode circle edgtf-icon-medium\"  >\n        \n        <i class=\"edgtf-icon-font-awesome fa fa-book edgtf-icon-element\" style=\"\" ><\/i>\n            <\/span>\n\n<div class=\"vc_empty_space\"   style=\"height: 20px\"><span class=\"vc_empty_space_inner\"><\/span><\/div>\n\t<div class=\"wpb_text_column wpb_content_element\" >\n\t\t<div class=\"wpb_wrapper\">\n\t\t\t<p style=\"text-align: center;\"><em>Per uno sviluppo ottimale e massime prestazioni in termini di sapore, aroma, effetto e produzione, consultare le condizioni di coltivazione ottimali<\/em><\/p>\n\n\t\t<\/div>\n\t<\/div>\n<div class=\"vc_empty_space\"   style=\"height: 20px\"><span class=\"vc_empty_space_inner\"><\/span><\/div>\t<div class=\"edgtf-call-to-action edgtf-cta-standard\" >\n\t\t\t\t\t<div class=\"edgtf-call-to-action-row-50-50 clearfix\" style=\"padding: 20px;\">\n\t\t\t\t<div class=\"edgtf-text-wrapper edgtf-call-to-action-column1 edgtf-call-to-action-cell\">\n\t\t\t\t\t<div class=\"edgtf-call-to-action-text\" >Parametri di coltivazione<\/div>\n\t\t\t\t<\/div>\n\t\t\t\t<div class=\"edgtf-button-wrapper edgtf-call-to-action-column2 edgtf-call-to-action-cell\" style =\"text-align: center ;\">\n\t\t\t\t\t<a href=\"https:\/\/genehtik.com\/it\/condiciones-optimas-cultivo\/\" target=\"_self\" style=\"color: #ffffff;background-color: #00a94f\" class=\"edgtf-btn edgtf-btn-large edgtf-btn-solid-white edgtf-btn-custom-hover-bg edgtf-btn-custom-hover-color\" data-hover-bg-color=\"#ffffff\" data-hover-color=\"#00a94f\" >\t\t\t<span class=\"edgtf-btn-text\">consultare<\/span>\t    <\/a>\t\t\t\t<\/div>\n\t\t\t<\/div>\n\t\t\t<\/div>\n<\/div><\/div><\/div><\/div><\/div><div class=\"vc_row wpb_row vc_row-fluid edgtf-section edgtf-content-aligment-left\" style=\"\"><div class=\"clearfix edgtf-full-section-inner\"><div class=\"wpb_column vc_column_container vc_col-sm-12\"><div class=\"vc_column-inner\"><div class=\"wpb_wrapper\"><div class=\"vc_empty_space\"   style=\"height: 20px\"><span class=\"vc_empty_space_inner\"><\/span><\/div>\n\t<div class=\"wpb_text_column wpb_content_element\" >\n\t\t<div class=\"wpb_wrapper\">\n\t\t\t<p><strong>Karamelua Bilbo: il gioiello indica di Genehtik Seeds.<\/strong><\/p>\n<p>&nbsp;<\/p>\n<p>Karamelua Bilbo \u00e8 la nuova variet\u00e0 di Genehtik Seeds, creata per segnare una svolta nel panorama indica moderno. \u00c8 stata selezionata a Bilbao dal creatore delle leggendarie variet\u00e0 Bilbo e, proprio come, dopo anni di riconoscimenti e premi, variet\u00e0 come Amnesia Bilbo, Gorila Bilbo, Super Silver Bilbo e, naturalmente, la leggendaria Kritikal Bilbo hanno conquistato i palati di tutto il mondo, siamo convinti che anche la nostra Karamelua sar\u00e0 degna di portare il sigillo Bilbo.<\/p>\n<p>&nbsp;<\/p>\n<p>Con una composizione genetica accuratamente selezionata per offrire un profilo aromatico dolce e profondamente rilassante, questa creazione rappresenta l&#039;eccellente lavoro di David Merino, svolto in molti anni con alcune delle variet\u00e0 afghane pi\u00f9 apprezzate al mondo.<\/p>\n<p>&nbsp;<\/p>\n<h3>ORIGINE E ATTRAVERSAMENTO<\/h3>\n<p>&nbsp;<\/p>\n<p>La base di questo ibrido \u00e8 la Maple Leaf Indica, una variet\u00e0 storica che discende direttamente dalle variet\u00e0 tradizionali del nord dell&#039;Afghanistan e da variet\u00e0 autoctone selezionate nella regione di Mazar-i-Sharif, utilizzate per decenni per produrre hashish di altissima qualit\u00e0. Il suo profilo terroso, dolce e speziato, insieme all&#039;enorme produzione di resina, la rende una delle variet\u00e0 indica originali pi\u00f9 apprezzate nel mondo della cannabis.<\/p>\n<p>&nbsp;<\/p>\n<h3>ASPETTO<\/h3>\n<p>&nbsp;<\/p>\n<p>Karamelua Bilbo produce piante indica compatte e dalla struttura solida, con rami corti che sviluppano una cima centrale ampia e densa, ideale per la coltivazione Sea of Green (SOG). I suoi fiori sono di un verde scuro con livelli di resina molto elevati. Questa variet\u00e0 di facile gestione si comporta bene sia indoor che outdoor, dove pu\u00f2 produrre piante giganti. Il tempo di fioritura indoor \u00e8 compreso tra 60 e 65 giorni, con una resa fino a 600 g\/m\u00b2.<\/p>\n<p>&nbsp;<\/p>\n<h3>AROMA E SAPORE<\/h3>\n<p>&nbsp;<\/p>\n<p>Lo sviluppo di Karamelua Bilbo nasce da un&#039;idea chiara: catturare l&#039;essenza classica delle pi\u00f9 resinose indica afghane. L&#039;ibrido risultante dall&#039;incrocio tra Maple Leaf, una variet\u00e0 afghana, e la nostra rinomata Widow Bilbo \u00e8 una variet\u00e0 pi\u00f9 vigorosa e stabile, con una maggiore resa di fiori, che vanta sfumature dolci e caramellate. Mantiene sempre il suo carattere indica, sia nelle sensazioni che produce sia nella sua morfologia. Il risultato \u00e8 Karamelua Bilbo, una variet\u00e0 che unisce profondi aromi afghani a una dolcezza vellutata, trasformando ogni fiore in un&#039;esperienza sensoriale unica in cui note caramellate si fondono con il profumo di resina di pino.<\/p>\n<p>&nbsp;<\/p>\n<h3>EFFETTO<\/h3>\n<p>&nbsp;<\/p>\n<p>L&#039;effetto \u00e8 completamente indica (80% \u2013 20%), di natura profonda e altamente raccomandato sia per il rilassamento del corpo che per la disconnessione mentale.<\/p>\n\n\t\t<\/div>\n\t<\/div>\n<div class=\"vc_empty_space\"   style=\"height: 20px\"><span class=\"vc_empty_space_inner\"><\/span><\/div>\n<div class=\"vc-zigzag-wrapper vc-zigzag-align-center\"><div class=\"vc-zigzag-inner\" style=\"width: 100%;min-height: 14px;background: 0 repeat-x url(&#039;data:image\/svg+xml;utf-8,%3C%3Fxml%20version%3D%221.0%22%20encoding%3D%22utf-8%22%3F%3E%3C%21DOCTYPE%20svg%20PUBLIC%20%22-%2F%2FW3C%2F%2FDTD%20SVG%201.1%2F%2FEN%22%20%22http%3A%2F%2Fwww.w3.org%2FGraphics%2FSVG%2F1.1%2FDTD%2Fsvg11.dtd%22%3E%3Csvg%20width%3D%2214px%22%20height%3D%2212px%22%20viewBox%3D%220%200%2018%2015%22%20version%3D%221.1%22%20xmlns%3D%22http%3A%2F%2Fwww.w3.org%2F2000%2Fsvg%22%20xmlns%3Axlink%3D%22http%3A%2F%2Fwww.w3.org%2F1999%2Fxlink%22%3E%3Cpolygon%20id%3D%22Combined-Shape%22%20fill%3D%22%236dab3c%22%20points%3D%228.98762301%200%200%209.12771969%200%2014.519983%209%205.40479869%2018%2014.519983%2018%209.12771969%22%3E%3C%2Fpolygon%3E%3C%2Fsvg%3E&#039;);\"><\/div><\/div><div class=\"vc_empty_space\"   style=\"height: 20px\"><span class=\"vc_empty_space_inner\"><\/span><\/div>\n\t<div class=\"wpb_text_column wpb_content_element\" >\n\t\t<div class=\"wpb_wrapper\">\n\t\t\t<p>Karamelua Bilbo rappresenta una naturale evoluzione nel lavoro di Genehtik Seeds, un omaggio alle radici classiche della cannabis afghana. Unisce il meglio di un&#039;indica pura: potenza, elevata produzione di resina e sapore tradizionale, ma reinterpretato da Bilbao con il nostro stile unico.<\/p>\n\n\t\t<\/div>\n\t<\/div>\n<\/div><\/div><\/div><\/div><\/div><div class=\"vc_row wpb_row vc_row-fluid edgtf-section edgtf-content-aligment-left\" style=\"\"><div class=\"clearfix edgtf-full-section-inner\"><div class=\"wpb_column vc_column_container vc_col-sm-12\"><div class=\"vc_column-inner\"><div class=\"wpb_wrapper\"><div class=\"vc_empty_space\"   style=\"height: 50px\"><span class=\"vc_empty_space_inner\"><\/span><\/div><\/div><\/div><\/div><\/div><\/div>\n<\/div>","protected":false},"excerpt":{"rendered":"<p>&nbsp;<\/p>\n<p>Blueback x Maple Leaf Indica x Widow Bilbo<\/p>\n<p>&nbsp;<\/p>\n<p>indica (80% indica \/ 20% sativa)<\/p>\n<p>&nbsp;<\/p>","protected":false},"featured_media":5043174,"template":"","meta":{"bwfblock_default_font":""},"product_brand":[],"product_cat":[515,8,6],"product_tag":[],"class_list":{"0":"post-42520","1":"product","2":"type-product","3":"status-publish","4":"has-post-thumbnail","6":"product_cat-productos","7":"product_cat-semillas-de-marihuana","8":"product_cat-semillas-cannabis-feminizadas","10":"first","11":"instock","12":"sale","13":"shipping-taxable","14":"purchasable","15":"product-type-variable","16":"has-default-attributes"},"yoast_head":"<!-- This site is optimized with the Yoast SEO Premium plugin v23.0 (Yoast SEO v27.2) - https:\/\/yoast.com\/product\/yoast-seo-premium-wordpress\/ -->\n<title>Karamelua Bilbo - Comprar semilla de cannabis Karamelua Bilbo feminizada<\/title>\n<meta name=\"description\" content=\"Semilla de cannabis feminizada Karamelua Bilbo. Cruce de Blueback x Maple Leaf Indica x Widow Bilbo. Indica moderna con perfil aromatico dulce y relajante.\" \/>\n<meta name=\"robots\" content=\"index, follow, max-snippet:-1, max-image-preview:large, max-video-preview:-1\" \/>\n<link rel=\"canonical\" href=\"https:\/\/genehtik.com\/it\/prodotto\/karamelua-bilbo\/\" \/>\n<meta property=\"og:locale\" content=\"it_IT\" \/>\n<meta property=\"og:type\" content=\"article\" \/>\n<meta property=\"og:title\" content=\"Karamelua Bilbo\" \/>\n<meta property=\"og:description\" content=\"Semilla de cannabis feminizada Karamelua Bilbo. Cruce de Blueback x Maple Leaf Indica x Widow Bilbo. Indica moderna con perfil aromatico dulce y relajante.\" \/>\n<meta property=\"og:url\" content=\"https:\/\/genehtik.com\/it\/prodotto\/karamelua-bilbo\/\" \/>\n<meta property=\"og:site_name\" content=\"Genehtik\" \/>\n<meta property=\"article:publisher\" content=\"http:\/\/www.facebook.com\/Genehtik\" \/>\n<meta property=\"article:modified_time\" content=\"2026-02-26T12:11:37+00:00\" \/>\n<meta property=\"og:image\" content=\"https:\/\/genehtik.com\/wp-content\/uploads\/2025\/11\/Karamelua-Bilbo-genehtik.jpg\" \/>\n\t<meta property=\"og:image:width\" content=\"881\" \/>\n\t<meta property=\"og:image:height\" content=\"998\" \/>\n\t<meta property=\"og:image:type\" content=\"image\/jpeg\" \/>\n<meta name=\"twitter:card\" content=\"summary_large_image\" \/>\n<meta name=\"twitter:site\" content=\"@GenehtikEs\" \/>\n<meta name=\"twitter:label1\" content=\"Tempo di lettura stimato\" \/>\n\t<meta name=\"twitter:data1\" content=\"4 minuti\" \/>\n<script type=\"application\/ld+json\" class=\"yoast-schema-graph\">{\"@context\":\"https:\/\/schema.org\",\"@graph\":[{\"@type\":\"WebPage\",\"@id\":\"https:\/\/genehtik.com\/producto\/karamelua-bilbo\/\",\"url\":\"https:\/\/genehtik.com\/producto\/karamelua-bilbo\/\",\"name\":\"Karamelua Bilbo - Comprar semilla de cannabis Karamelua Bilbo feminizada\",\"isPartOf\":{\"@id\":\"https:\/\/genehtik.com\/#website\"},\"primaryImageOfPage\":{\"@id\":\"https:\/\/genehtik.com\/producto\/karamelua-bilbo\/#primaryimage\"},\"image\":{\"@id\":\"https:\/\/genehtik.com\/producto\/karamelua-bilbo\/#primaryimage\"},\"thumbnailUrl\":\"https:\/\/genehtik.com\/wp-content\/uploads\/2025\/11\/Karamelua-Bilbo-genehtik.jpg\",\"datePublished\":\"2025-11-28T10:29:16+00:00\",\"dateModified\":\"2026-02-26T12:11:37+00:00\",\"description\":\"Semilla de cannabis feminizada Karamelua Bilbo. Cruce de Blueback x Maple Leaf Indica x Widow Bilbo. Indica moderna con perfil aromatico dulce y relajante.\",\"breadcrumb\":{\"@id\":\"https:\/\/genehtik.com\/producto\/karamelua-bilbo\/#breadcrumb\"},\"inLanguage\":\"it-IT\",\"potentialAction\":[{\"@type\":\"ReadAction\",\"target\":[\"https:\/\/genehtik.com\/producto\/karamelua-bilbo\/\"]}]},{\"@type\":\"ImageObject\",\"inLanguage\":\"it-IT\",\"@id\":\"https:\/\/genehtik.com\/producto\/karamelua-bilbo\/#primaryimage\",\"url\":\"https:\/\/genehtik.com\/wp-content\/uploads\/2025\/11\/Karamelua-Bilbo-genehtik.jpg\",\"contentUrl\":\"https:\/\/genehtik.com\/wp-content\/uploads\/2025\/11\/Karamelua-Bilbo-genehtik.jpg\",\"width\":881,\"height\":998,\"caption\":\"Karamelua-Bilbo-genehtik\"},{\"@type\":\"BreadcrumbList\",\"@id\":\"https:\/\/genehtik.com\/producto\/karamelua-bilbo\/#breadcrumb\",\"itemListElement\":[{\"@type\":\"ListItem\",\"position\":1,\"name\":\"Home\",\"item\":\"https:\/\/genehtik.com\/\"},{\"@type\":\"ListItem\",\"position\":2,\"name\":\"Comprar semillas de cannabis Genehtik\",\"item\":\"https:\/\/genehtik.com\/tienda\/\"},{\"@type\":\"ListItem\",\"position\":3,\"name\":\"Karamelua Bilbo\"}]},{\"@type\":\"WebSite\",\"@id\":\"https:\/\/genehtik.com\/#website\",\"url\":\"https:\/\/genehtik.com\/\",\"name\":\"Genehtik\",\"description\":\"Banco de semillas de cannabis feminizadas y autoflorecientes de calidad y garant\u00eda\",\"potentialAction\":[{\"@type\":\"SearchAction\",\"target\":{\"@type\":\"EntryPoint\",\"urlTemplate\":\"https:\/\/genehtik.com\/?s={search_term_string}\"},\"query-input\":{\"@type\":\"PropertyValueSpecification\",\"valueRequired\":true,\"valueName\":\"search_term_string\"}}],\"inLanguage\":\"it-IT\"}]}<\/script>\n<!-- \/ Yoast SEO Premium plugin. -->","yoast_head_json":{"title":"Karamelua Bilbo - Comprar semilla de cannabis Karamelua Bilbo feminizada","description":"Semilla de cannabis feminizada Karamelua Bilbo. Cruce de Blueback x Maple Leaf Indica x Widow Bilbo. Indica moderna con perfil aromatico dulce y relajante.","robots":{"index":"index","follow":"follow","max-snippet":"max-snippet:-1","max-image-preview":"max-image-preview:large","max-video-preview":"max-video-preview:-1"},"canonical":"https:\/\/genehtik.com\/it\/prodotto\/karamelua-bilbo\/","og_locale":"it_IT","og_type":"article","og_title":"Karamelua Bilbo","og_description":"Semilla de cannabis feminizada Karamelua Bilbo. Cruce de Blueback x Maple Leaf Indica x Widow Bilbo. Indica moderna con perfil aromatico dulce y relajante.","og_url":"https:\/\/genehtik.com\/it\/prodotto\/karamelua-bilbo\/","og_site_name":"Genehtik","article_publisher":"http:\/\/www.facebook.com\/Genehtik","article_modified_time":"2026-02-26T12:11:37+00:00","og_image":[{"width":881,"height":998,"url":"https:\/\/genehtik.com\/wp-content\/uploads\/2025\/11\/Karamelua-Bilbo-genehtik.jpg","type":"image\/jpeg"}],"twitter_card":"summary_large_image","twitter_site":"@GenehtikEs","twitter_misc":{"Tempo di lettura stimato":"4 minuti"},"schema":{"@context":"https:\/\/schema.org","@graph":[{"@type":"WebPage","@id":"https:\/\/genehtik.com\/producto\/karamelua-bilbo\/","url":"https:\/\/genehtik.com\/producto\/karamelua-bilbo\/","name":"Karamelua Bilbo - Comprar semilla de cannabis Karamelua Bilbo feminizada","isPartOf":{"@id":"https:\/\/genehtik.com\/#website"},"primaryImageOfPage":{"@id":"https:\/\/genehtik.com\/producto\/karamelua-bilbo\/#primaryimage"},"image":{"@id":"https:\/\/genehtik.com\/producto\/karamelua-bilbo\/#primaryimage"},"thumbnailUrl":"https:\/\/genehtik.com\/wp-content\/uploads\/2025\/11\/Karamelua-Bilbo-genehtik.jpg","datePublished":"2025-11-28T10:29:16+00:00","dateModified":"2026-02-26T12:11:37+00:00","description":"Semilla de cannabis feminizada Karamelua Bilbo. Cruce de Blueback x Maple Leaf Indica x Widow Bilbo. Indica moderna con perfil aromatico dulce y relajante.","breadcrumb":{"@id":"https:\/\/genehtik.com\/producto\/karamelua-bilbo\/#breadcrumb"},"inLanguage":"it-IT","potentialAction":[{"@type":"ReadAction","target":["https:\/\/genehtik.com\/producto\/karamelua-bilbo\/"]}]},{"@type":"ImageObject","inLanguage":"it-IT","@id":"https:\/\/genehtik.com\/producto\/karamelua-bilbo\/#primaryimage","url":"https:\/\/genehtik.com\/wp-content\/uploads\/2025\/11\/Karamelua-Bilbo-genehtik.jpg","contentUrl":"https:\/\/genehtik.com\/wp-content\/uploads\/2025\/11\/Karamelua-Bilbo-genehtik.jpg","width":881,"height":998,"caption":"Karamelua-Bilbo-genehtik"},{"@type":"BreadcrumbList","@id":"https:\/\/genehtik.com\/producto\/karamelua-bilbo\/#breadcrumb","itemListElement":[{"@type":"ListItem","position":1,"name":"Home","item":"https:\/\/genehtik.com\/"},{"@type":"ListItem","position":2,"name":"Comprar semillas de cannabis Genehtik","item":"https:\/\/genehtik.com\/tienda\/"},{"@type":"ListItem","position":3,"name":"Karamelua Bilbo"}]},{"@type":"WebSite","@id":"https:\/\/genehtik.com\/#website","url":"https:\/\/genehtik.com\/","name":"Genehtik","description":"Banco de semillas de cannabis feminizadas y autoflorecientes de calidad y garant\u00eda","potentialAction":[{"@type":"SearchAction","target":{"@type":"EntryPoint","urlTemplate":"https:\/\/genehtik.com\/?s={search_term_string}"},"query-input":{"@type":"PropertyValueSpecification","valueRequired":true,"valueName":"search_term_string"}}],"inLanguage":"it-IT"}]}},"_links":{"self":[{"href":"https:\/\/genehtik.com\/it\/wp-json\/wp\/v2\/product\/42520","targetHints":{"allow":["GET"]}}],"collection":[{"href":"https:\/\/genehtik.com\/it\/wp-json\/wp\/v2\/product"}],"about":[{"href":"https:\/\/genehtik.com\/it\/wp-json\/wp\/v2\/types\/product"}],"wp:featuredmedia":[{"embeddable":true,"href":"https:\/\/genehtik.com\/it\/wp-json\/wp\/v2\/media\/5043174"}],"wp:attachment":[{"href":"https:\/\/genehtik.com\/it\/wp-json\/wp\/v2\/media?parent=42520"}],"wp:term":[{"taxonomy":"product_brand","embeddable":true,"href":"https:\/\/genehtik.com\/it\/wp-json\/wp\/v2\/product_brand?post=42520"},{"taxonomy":"product_cat","embeddable":true,"href":"https:\/\/genehtik.com\/it\/wp-json\/wp\/v2\/product_cat?post=42520"},{"taxonomy":"product_tag","embeddable":true,"href":"https:\/\/genehtik.com\/it\/wp-json\/wp\/v2\/product_tag?post=42520"}],"curies":[{"name":"wp","href":"https:\/\/api.w.org\/{rel}","templated":true}]}}