{"id":42652,"date":"2025-01-19T10:07:21","date_gmt":"2025-01-19T10:07:21","guid":{"rendered":"https:\/\/clon.genehtik.com\/?post_type=product&#038;p=42652"},"modified":"2026-03-25T10:20:04","modified_gmt":"2026-03-25T10:20:04","slug":"sweet-bilbo","status":"publish","type":"product","link":"https:\/\/genehtik.com\/it\/prodotto\/sweet-bilbo\/","title":{"rendered":"Sweet Bilbo"},"content":{"rendered":"<div class=\"wpb-content-wrapper\"><div class=\"vc_row wpb_row vc_row-fluid edgtf-section edgtf-content-aligment-left\" style=\"\"><div class=\"clearfix edgtf-full-section-inner\"><div class=\"wpb_column vc_column_container vc_col-sm-12\"><div class=\"vc_column-inner\"><div class=\"wpb_wrapper\"><div class=\"vc_empty_space\"   style=\"height: 20px\"><span class=\"vc_empty_space_inner\"><\/span><\/div><\/div><\/div><\/div><\/div><\/div><div class=\"vc_row wpb_row vc_row-fluid edgtf-section edgtf-content-aligment-center\" style=\"\"><div class=\"clearfix edgtf-full-section-inner\"><div class=\"wpb_column vc_column_container vc_col-sm-6 vc_col-has-fill\"><div class=\"vc_column-inner vc_custom_1770810540890\"><div class=\"wpb_wrapper\">\n<div class=\"edgtf-section-title edgtf-section-align-center\" style=\"color: #00a94f;font-size: 28px\">\n\tcaratteristiche\t<\/div><div class=\"vc_empty_space\"   style=\"height: 20px\"><span class=\"vc_empty_space_inner\"><\/span><\/div>\n\t<div class=\"wpb_text_column wpb_content_element\" >\n\t\t<div class=\"wpb_wrapper\">\n\t\t\t<p style=\"text-align: center;\"><span style=\"color: #00a94f;\"><strong>Genetica<\/strong><\/span><\/p>\n\n\t\t<\/div>\n\t<\/div>\n\n\t<div class=\"wpb_text_column wpb_content_element\" >\n\t\t<div class=\"wpb_wrapper\">\n\t\t\t<p style=\"text-align: center;\">Dolcezza<\/p>\n\n\t\t<\/div>\n\t<\/div>\n\n\t<div class=\"wpb_text_column wpb_content_element\" >\n\t\t<div class=\"wpb_wrapper\">\n\t\t\t<p style=\"text-align: center;\"><span style=\"color: #00a94f;\"><strong>Tipo<\/strong><\/span><\/p>\n\n\t\t<\/div>\n\t<\/div>\n\n\t<div class=\"wpb_text_column wpb_content_element\" >\n\t\t<div class=\"wpb_wrapper\">\n\t\t\t<p style=\"text-align: center;\">indica (80% indica \/ 20% sativa)<\/p>\n\n\t\t<\/div>\n\t<\/div>\n\n\t<div class=\"wpb_text_column wpb_content_element\" >\n\t\t<div class=\"wpb_wrapper\">\n\t\t\t<p style=\"text-align: center;\"><span style=\"color: #00a94f;\"><strong>Produzione interna<\/strong><\/span><\/p>\n\n\t\t<\/div>\n\t<\/div>\n\n\t<div class=\"wpb_text_column wpb_content_element\" >\n\t\t<div class=\"wpb_wrapper\">\n\t\t\t<p style=\"text-align: center;\">450-500 gr\/m2<\/p>\n\n\t\t<\/div>\n\t<\/div>\n\n\t<div class=\"wpb_text_column wpb_content_element\" >\n\t\t<div class=\"wpb_wrapper\">\n\t\t\t<p style=\"text-align: center;\"><span style=\"color: #00a94f;\"><strong>Produzione esterna<\/strong><\/span><\/p>\n\n\t\t<\/div>\n\t<\/div>\n\n\t<div class=\"wpb_text_column wpb_content_element\" >\n\t\t<div class=\"wpb_wrapper\">\n\t\t\t<p style=\"text-align: center;\">1000-1300 gr\/pianta<\/p>\n\n\t\t<\/div>\n\t<\/div>\n\n\t<div class=\"wpb_text_column wpb_content_element\" >\n\t\t<div class=\"wpb_wrapper\">\n\t\t\t<p style=\"text-align: center;\"><span style=\"color: #00a94f;\"><strong>Fiori da interno<\/strong><\/span><\/p>\n\n\t\t<\/div>\n\t<\/div>\n\n\t<div class=\"wpb_text_column wpb_content_element\" >\n\t\t<div class=\"wpb_wrapper\">\n\t\t\t<p style=\"text-align: center;\">50-55 giorni<\/p>\n\n\t\t<\/div>\n\t<\/div>\n\n\t<div class=\"wpb_text_column wpb_content_element\" >\n\t\t<div class=\"wpb_wrapper\">\n\t\t\t<p style=\"text-align: center;\"><span style=\"color: #00a94f;\"><strong>Raccolta all&#039;aperto<\/strong><\/span><\/p>\n\n\t\t<\/div>\n\t<\/div>\n\n\t<div class=\"wpb_text_column wpb_content_element\" >\n\t\t<div class=\"wpb_wrapper\">\n\t\t\t<p style=\"text-align: center;\">Emisfero settentrionale: settembre<\/p>\n\n\t\t<\/div>\n\t<\/div>\n\n\t<div class=\"wpb_text_column wpb_content_element\" >\n\t\t<div class=\"wpb_wrapper\">\n\t\t\t<p style=\"text-align: center;\">Emisfero australe: marzo<\/p>\n\n\t\t<\/div>\n\t<\/div>\n<div class=\"vc_empty_space\"   style=\"height: 20px\"><span class=\"vc_empty_space_inner\"><\/span><\/div><\/div><\/div><\/div><div class=\"wpb_column vc_column_container vc_col-sm-6\"><div class=\"vc_column-inner\"><div class=\"wpb_wrapper\">\n<div class=\"edgtf-section-title edgtf-section-align-center\" style=\"color: #00a94f;font-size: 28px\">\n\tCondizioni ottimali\t<\/div><div class=\"vc_empty_space\"   style=\"height: 20px\"><span class=\"vc_empty_space_inner\"><\/span><\/div>\n    <span class=\"edgtf-icon-shortcode circle edgtf-icon-medium\"  >\n        \n        <i class=\"edgtf-icon-font-awesome fa fa-book edgtf-icon-element\" style=\"\" ><\/i>\n            <\/span>\n\n<div class=\"vc_empty_space\"   style=\"height: 20px\"><span class=\"vc_empty_space_inner\"><\/span><\/div>\n\t<div class=\"wpb_text_column wpb_content_element\" >\n\t\t<div class=\"wpb_wrapper\">\n\t\t\t<p style=\"text-align: center;\"><em>Per uno sviluppo ottimale e massime prestazioni in termini di sapore, aroma, effetto e produzione, consultare le condizioni di coltivazione ottimali<\/em><\/p>\n\n\t\t<\/div>\n\t<\/div>\n<div class=\"vc_empty_space\"   style=\"height: 20px\"><span class=\"vc_empty_space_inner\"><\/span><\/div>\t<div class=\"edgtf-call-to-action edgtf-cta-standard\" >\n\t\t\t\t\t<div class=\"edgtf-call-to-action-row-50-50 clearfix\" style=\"padding: 20px;\">\n\t\t\t\t<div class=\"edgtf-text-wrapper edgtf-call-to-action-column1 edgtf-call-to-action-cell\">\n\t\t\t\t\t<div class=\"edgtf-call-to-action-text\" >Parametri di coltivazione<\/div>\n\t\t\t\t<\/div>\n\t\t\t\t<div class=\"edgtf-button-wrapper edgtf-call-to-action-column2 edgtf-call-to-action-cell\" style =\"text-align: center ;\">\n\t\t\t\t\t<a href=\"https:\/\/genehtik.com\/it\/condiciones-optimas-cultivo\/\" target=\"_self\" style=\"color: #ffffff;background-color: #00a94f\" class=\"edgtf-btn edgtf-btn-large edgtf-btn-solid-white edgtf-btn-custom-hover-bg edgtf-btn-custom-hover-color\" data-hover-bg-color=\"#ffffff\" data-hover-color=\"#00a94f\" >\t\t\t<span class=\"edgtf-btn-text\">consultare<\/span>\t    <\/a>\t\t\t\t<\/div>\n\t\t\t<\/div>\n\t\t\t<\/div>\n<\/div><\/div><\/div><\/div><\/div><div class=\"vc_row wpb_row vc_row-fluid edgtf-section edgtf-content-aligment-left\" style=\"\"><div class=\"clearfix edgtf-full-section-inner\"><div class=\"wpb_column vc_column_container vc_col-sm-12\"><div class=\"vc_column-inner\"><div class=\"wpb_wrapper\"><div class=\"vc_empty_space\"   style=\"height: 20px\"><span class=\"vc_empty_space_inner\"><\/span><\/div>\n\t<div class=\"wpb_text_column wpb_content_element\" >\n\t\t<div class=\"wpb_wrapper\">\n\t\t\t<h3>ORIGINE E ATTRAVERSAMENTO<\/h3>\n<p>&nbsp;<\/p>\n<p>La variet\u00e0 SWEET BILBO \u00e8 un incrocio di una delle variet\u00e0 canadesi conservate dalla nostra banca sin dalle sue origini, la SWEET TOOTH, una variet\u00e0 famosa e pluripremiata che \u00e8 un incrocio tra SWEET PINK GRAPEFRUIT e BLUEBERRY e che abbiamo incrociato e stabilizzato per creare la nostra SWEET BILBO originale.<\/p>\n<p>&nbsp;<\/p>\n<h3>ASPETTO<\/h3>\n<p>&nbsp;<\/p>\n<p>La pianta ha un aspetto tipicamente indica, con altezza media, foglie grandi e una ramificazione estesa. Durante la fioritura, produce cime molto dense e resinose e ha un breve periodo di fioritura di 50-55 giorni in coltivazione indoor. All&#039;aperto, \u00e8 pronta a settembre, il che la rende altamente raccomandata per una raccolta tempestiva.<\/p>\n<p>&nbsp;<\/p>\n<h3>AROMA E SAPORE<\/h3>\n<p>&nbsp;<\/p>\n<p>I suoi aromi ricordano frutti come la pesca e l&#039;uva, oltre a sentori di mosto dolce. Al palato predominano anche note ocra e terrose.<\/p>\n<p>&nbsp;<\/p>\n<h3>EFFETTO<\/h3>\n<p>&nbsp;<\/p>\n<p>Il suo effetto \u00e8 prevalentemente indica, sebbene si percepisca anche la componente sativa, il che lo rende non eccessivamente potente.<\/p>\n\n\t\t<\/div>\n\t<\/div>\n<div class=\"vc_empty_space\"   style=\"height: 20px\"><span class=\"vc_empty_space_inner\"><\/span><\/div><\/div><\/div><\/div><\/div><\/div><div class=\"vc_row wpb_row vc_row-fluid edgtf-section edgtf-content-aligment-left\" style=\"\"><div class=\"clearfix edgtf-full-section-inner\"><div class=\"wpb_column vc_column_container vc_col-sm-12\"><div class=\"vc_column-inner\"><div class=\"wpb_wrapper\"><div class=\"vc_empty_space\"   style=\"height: 30px\"><span class=\"vc_empty_space_inner\"><\/span><\/div>\n<div class=\"edgtf-section-title edgtf-section-align-left\" style=\"color: #00a94f;font-size: 32px\">\n\tLivelli di THC e CBD\t<\/div><div class=\"vc_empty_space\"   style=\"height: 10px\"><span class=\"vc_empty_space_inner\"><\/span><\/div><\/div><\/div><\/div><\/div><\/div><div class=\"vc_row wpb_row vc_row-fluid edgtf-section vc_custom_1770810829130 edgtf-content-aligment-left\" style=\"\"><div class=\"clearfix edgtf-full-section-inner\"><div class=\"wpb_column vc_column_container vc_col-sm-12\"><div class=\"vc_column-inner\"><div class=\"wpb_wrapper\"><div class=\"vc_empty_space\"   style=\"height: 20px\"><span class=\"vc_empty_space_inner\"><\/span><\/div><\/div><\/div><\/div><\/div><\/div><div class=\"vc_row wpb_row vc_row-fluid edgtf-section vc_custom_1770810526033 edgtf-content-aligment-left\" style=\"\"><div class=\"clearfix edgtf-full-section-inner\"><div class=\"wpb_column vc_column_container vc_col-sm-6\"><div class=\"vc_column-inner\"><div class=\"wpb_wrapper\">\n<div class=\"edgtf-section-title edgtf-section-align-center edgtf-section-blink\" style=\"color: #81d742;font-size: 28px\">\n\tIntervallo di THC<span class=\"edgtf-section-highlighted\" >(18% - 20%)<\/span>\t<\/div><div class=\"vc_empty_space\"   style=\"height: 20px\"><span class=\"vc_empty_space_inner\"><\/span><\/div><div class=\"vc_row wpb_row vc_inner vc_row-fluid edgtf-section edgtf-content-aligment-left\" style=\"\"><div class=\"edgtf-full-section-inner\"><div class=\"wpb_column vc_column_container vc_col-sm-6\"><div class=\"vc_column-inner\"><div class=\"wpb_wrapper\"><div class=\"edgtf-pie-chart-with-icon-holder\">\n\t<div class=\"edgtf-percentage-with-icon\" data-percent=\"55\">\n\t\t<i class=\"edgtf-icon-font-awesome fa\" style=\"\" ><\/i>\t<\/div>\n\t<div class=\"edgtf-pie-chart-text\" >\n\t\t<h5 class=\"edgtf-pie-title\">\n\t\t\t18%\t\t<\/h5>\n\t\t<p><\/p>\n\t<\/div>\n<\/div><\/div><\/div><\/div><div class=\"wpb_column vc_column_container vc_col-sm-6\"><div class=\"vc_column-inner\"><div class=\"wpb_wrapper\"><div class=\"edgtf-pie-chart-with-icon-holder\">\n\t<div class=\"edgtf-percentage-with-icon\" data-percent=\"60\">\n\t\t<i class=\"edgtf-icon-font-awesome fa\" style=\"\" ><\/i>\t<\/div>\n\t<div class=\"edgtf-pie-chart-text\" >\n\t\t<h5 class=\"edgtf-pie-title\">\n\t\t\t20%\t\t<\/h5>\n\t\t<p><\/p>\n\t<\/div>\n<\/div><\/div><\/div><\/div><\/div><\/div><\/div><\/div><\/div><div class=\"wpb_column vc_column_container vc_col-sm-6\"><div class=\"vc_column-inner\"><div class=\"wpb_wrapper\">\n<div class=\"edgtf-section-title edgtf-section-align-center edgtf-section-blink\" style=\"color: #81d742;font-size: 28px\">\n\tGamma CBD<span class=\"edgtf-section-highlighted\" >(0,2% - 0,5%)<\/span>\t<\/div><div class=\"vc_empty_space\"   style=\"height: 20px\"><span class=\"vc_empty_space_inner\"><\/span><\/div><div class=\"vc_row wpb_row vc_inner vc_row-fluid edgtf-section edgtf-content-aligment-left\" style=\"\"><div class=\"edgtf-full-section-inner\"><div class=\"wpb_column vc_column_container vc_col-sm-6\"><div class=\"vc_column-inner\"><div class=\"wpb_wrapper\"><div class=\"edgtf-pie-chart-with-icon-holder\">\n\t<div class=\"edgtf-percentage-with-icon\" data-percent=\"10\">\n\t\t<i class=\"edgtf-icon-font-awesome fa\" style=\"\" ><\/i>\t<\/div>\n\t<div class=\"edgtf-pie-chart-text\" >\n\t\t<h5 class=\"edgtf-pie-title\">\n\t\t\t0,2%\t\t<\/h5>\n\t\t<p><\/p>\n\t<\/div>\n<\/div><\/div><\/div><\/div><div class=\"wpb_column vc_column_container vc_col-sm-6\"><div class=\"vc_column-inner\"><div class=\"wpb_wrapper\"><div class=\"edgtf-pie-chart-with-icon-holder\">\n\t<div class=\"edgtf-percentage-with-icon\" data-percent=\"20\">\n\t\t<i class=\"edgtf-icon-font-awesome fa\" style=\"\" ><\/i>\t<\/div>\n\t<div class=\"edgtf-pie-chart-text\" >\n\t\t<h5 class=\"edgtf-pie-title\">\n\t\t\t0,5%\t\t<\/h5>\n\t\t<p><\/p>\n\t<\/div>\n<\/div><\/div><\/div><\/div><\/div><\/div><\/div><\/div><\/div><\/div><\/div><div class=\"vc_row wpb_row vc_row-fluid edgtf-section edgtf-content-aligment-left\" style=\"\"><div class=\"clearfix edgtf-full-section-inner\"><div class=\"wpb_column vc_column_container vc_col-sm-12\"><div class=\"vc_column-inner\"><div class=\"wpb_wrapper\"><div class=\"vc_empty_space\"   style=\"height: 50px\"><span class=\"vc_empty_space_inner\"><\/span><\/div><\/div><\/div><\/div><\/div><\/div>\n<\/div>","protected":false},"excerpt":{"rendered":"<p>Semi di cannabis femminizzati Sweet Bilbo<\/p>\n<p>&nbsp;<\/p>\n<p>Genetica: Voglia di dolci<\/p>","protected":false},"featured_media":16285,"template":"","meta":{"bwfblock_default_font":""},"product_brand":[],"product_cat":[515,8,6],"product_tag":[],"class_list":{"0":"post-42652","1":"product","2":"type-product","3":"status-publish","4":"has-post-thumbnail","6":"product_cat-productos","7":"product_cat-semillas-de-marihuana","8":"product_cat-semillas-cannabis-feminizadas","10":"first","11":"instock","12":"shipping-taxable","13":"purchasable","14":"product-type-variable"},"yoast_head":"<!-- This site is optimized with the Yoast SEO Premium plugin v23.0 (Yoast SEO v27.2) - https:\/\/yoast.com\/product\/yoast-seo-premium-wordpress\/ -->\n<title>Sweet Bilbo - Comprar semilla de cannabis Sweet Bilbo feminizada<\/title>\n<meta name=\"description\" content=\"Semilla de cannabis feminizada Sweet Bilbo. Cruce de SWEET TOOTH, famosa variedad SWEET PINK GRAPEFRUIT x BLUEBERRY. Efecto no devastador\" \/>\n<meta name=\"robots\" content=\"index, follow, max-snippet:-1, max-image-preview:large, max-video-preview:-1\" \/>\n<link rel=\"canonical\" href=\"https:\/\/genehtik.com\/it\/prodotto\/sweet-bilbo\/\" \/>\n<meta property=\"og:locale\" content=\"it_IT\" \/>\n<meta property=\"og:type\" content=\"article\" \/>\n<meta property=\"og:title\" content=\"Sweet Bilbo\" \/>\n<meta property=\"og:description\" content=\"Semilla de cannabis feminizada Sweet Bilbo. Cruce de SWEET TOOTH, famosa variedad SWEET PINK GRAPEFRUIT x BLUEBERRY. Efecto no devastador\" \/>\n<meta property=\"og:url\" content=\"https:\/\/genehtik.com\/it\/prodotto\/sweet-bilbo\/\" \/>\n<meta property=\"og:site_name\" content=\"Genehtik\" \/>\n<meta property=\"article:publisher\" content=\"http:\/\/www.facebook.com\/Genehtik\" \/>\n<meta property=\"article:modified_time\" content=\"2026-03-25T10:20:04+00:00\" \/>\n<meta property=\"og:image\" content=\"https:\/\/genehtik.com\/wp-content\/uploads\/2018\/03\/Sweet-bilbo-genehtik.jpg\" \/>\n\t<meta property=\"og:image:width\" content=\"827\" \/>\n\t<meta property=\"og:image:height\" content=\"764\" \/>\n\t<meta property=\"og:image:type\" content=\"image\/jpeg\" \/>\n<meta name=\"twitter:card\" content=\"summary_large_image\" \/>\n<meta name=\"twitter:site\" content=\"@GenehtikEs\" \/>\n<meta name=\"twitter:label1\" content=\"Tempo di lettura stimato\" \/>\n\t<meta name=\"twitter:data1\" content=\"2 minuti\" \/>\n<script type=\"application\/ld+json\" class=\"yoast-schema-graph\">{\"@context\":\"https:\/\/schema.org\",\"@graph\":[{\"@type\":\"WebPage\",\"@id\":\"https:\/\/genehtik.com\/producto\/sweet-bilbo\/\",\"url\":\"https:\/\/genehtik.com\/producto\/sweet-bilbo\/\",\"name\":\"Sweet Bilbo - Comprar semilla de cannabis Sweet Bilbo feminizada\",\"isPartOf\":{\"@id\":\"https:\/\/genehtik.com\/#website\"},\"primaryImageOfPage\":{\"@id\":\"https:\/\/genehtik.com\/producto\/sweet-bilbo\/#primaryimage\"},\"image\":{\"@id\":\"https:\/\/genehtik.com\/producto\/sweet-bilbo\/#primaryimage\"},\"thumbnailUrl\":\"https:\/\/genehtik.com\/wp-content\/uploads\/2018\/03\/Sweet-bilbo-genehtik.jpg\",\"datePublished\":\"2025-01-19T10:07:21+00:00\",\"dateModified\":\"2026-03-25T10:20:04+00:00\",\"description\":\"Semilla de cannabis feminizada Sweet Bilbo. Cruce de SWEET TOOTH, famosa variedad SWEET PINK GRAPEFRUIT x BLUEBERRY. Efecto no devastador\",\"breadcrumb\":{\"@id\":\"https:\/\/genehtik.com\/producto\/sweet-bilbo\/#breadcrumb\"},\"inLanguage\":\"it-IT\",\"potentialAction\":[{\"@type\":\"ReadAction\",\"target\":[\"https:\/\/genehtik.com\/producto\/sweet-bilbo\/\"]}]},{\"@type\":\"ImageObject\",\"inLanguage\":\"it-IT\",\"@id\":\"https:\/\/genehtik.com\/producto\/sweet-bilbo\/#primaryimage\",\"url\":\"https:\/\/genehtik.com\/wp-content\/uploads\/2018\/03\/Sweet-bilbo-genehtik.jpg\",\"contentUrl\":\"https:\/\/genehtik.com\/wp-content\/uploads\/2018\/03\/Sweet-bilbo-genehtik.jpg\",\"width\":827,\"height\":764,\"caption\":\"Semilla de marihuana feminizada Sweet Bilbo\"},{\"@type\":\"BreadcrumbList\",\"@id\":\"https:\/\/genehtik.com\/producto\/sweet-bilbo\/#breadcrumb\",\"itemListElement\":[{\"@type\":\"ListItem\",\"position\":1,\"name\":\"Home\",\"item\":\"https:\/\/genehtik.com\/\"},{\"@type\":\"ListItem\",\"position\":2,\"name\":\"Comprar semillas de cannabis Genehtik\",\"item\":\"https:\/\/genehtik.com\/tienda\/\"},{\"@type\":\"ListItem\",\"position\":3,\"name\":\"Sweet Bilbo\"}]},{\"@type\":\"WebSite\",\"@id\":\"https:\/\/genehtik.com\/#website\",\"url\":\"https:\/\/genehtik.com\/\",\"name\":\"Genehtik\",\"description\":\"Banco de semillas de cannabis feminizadas y autoflorecientes de calidad y garant\u00eda\",\"potentialAction\":[{\"@type\":\"SearchAction\",\"target\":{\"@type\":\"EntryPoint\",\"urlTemplate\":\"https:\/\/genehtik.com\/?s={search_term_string}\"},\"query-input\":{\"@type\":\"PropertyValueSpecification\",\"valueRequired\":true,\"valueName\":\"search_term_string\"}}],\"inLanguage\":\"it-IT\"}]}<\/script>\n<!-- \/ Yoast SEO Premium plugin. -->","yoast_head_json":{"title":"Sweet Bilbo - Comprar semilla de cannabis Sweet Bilbo feminizada","description":"Semilla de cannabis feminizada Sweet Bilbo. Cruce de SWEET TOOTH, famosa variedad SWEET PINK GRAPEFRUIT x BLUEBERRY. Efecto no devastador","robots":{"index":"index","follow":"follow","max-snippet":"max-snippet:-1","max-image-preview":"max-image-preview:large","max-video-preview":"max-video-preview:-1"},"canonical":"https:\/\/genehtik.com\/it\/prodotto\/sweet-bilbo\/","og_locale":"it_IT","og_type":"article","og_title":"Sweet Bilbo","og_description":"Semilla de cannabis feminizada Sweet Bilbo. Cruce de SWEET TOOTH, famosa variedad SWEET PINK GRAPEFRUIT x BLUEBERRY. Efecto no devastador","og_url":"https:\/\/genehtik.com\/it\/prodotto\/sweet-bilbo\/","og_site_name":"Genehtik","article_publisher":"http:\/\/www.facebook.com\/Genehtik","article_modified_time":"2026-03-25T10:20:04+00:00","og_image":[{"width":827,"height":764,"url":"https:\/\/genehtik.com\/wp-content\/uploads\/2018\/03\/Sweet-bilbo-genehtik.jpg","type":"image\/jpeg"}],"twitter_card":"summary_large_image","twitter_site":"@GenehtikEs","twitter_misc":{"Tempo di lettura stimato":"2 minuti"},"schema":{"@context":"https:\/\/schema.org","@graph":[{"@type":"WebPage","@id":"https:\/\/genehtik.com\/producto\/sweet-bilbo\/","url":"https:\/\/genehtik.com\/producto\/sweet-bilbo\/","name":"Sweet Bilbo - Comprar semilla de cannabis Sweet Bilbo feminizada","isPartOf":{"@id":"https:\/\/genehtik.com\/#website"},"primaryImageOfPage":{"@id":"https:\/\/genehtik.com\/producto\/sweet-bilbo\/#primaryimage"},"image":{"@id":"https:\/\/genehtik.com\/producto\/sweet-bilbo\/#primaryimage"},"thumbnailUrl":"https:\/\/genehtik.com\/wp-content\/uploads\/2018\/03\/Sweet-bilbo-genehtik.jpg","datePublished":"2025-01-19T10:07:21+00:00","dateModified":"2026-03-25T10:20:04+00:00","description":"Semilla de cannabis feminizada Sweet Bilbo. Cruce de SWEET TOOTH, famosa variedad SWEET PINK GRAPEFRUIT x BLUEBERRY. Efecto no devastador","breadcrumb":{"@id":"https:\/\/genehtik.com\/producto\/sweet-bilbo\/#breadcrumb"},"inLanguage":"it-IT","potentialAction":[{"@type":"ReadAction","target":["https:\/\/genehtik.com\/producto\/sweet-bilbo\/"]}]},{"@type":"ImageObject","inLanguage":"it-IT","@id":"https:\/\/genehtik.com\/producto\/sweet-bilbo\/#primaryimage","url":"https:\/\/genehtik.com\/wp-content\/uploads\/2018\/03\/Sweet-bilbo-genehtik.jpg","contentUrl":"https:\/\/genehtik.com\/wp-content\/uploads\/2018\/03\/Sweet-bilbo-genehtik.jpg","width":827,"height":764,"caption":"Semilla de marihuana feminizada Sweet Bilbo"},{"@type":"BreadcrumbList","@id":"https:\/\/genehtik.com\/producto\/sweet-bilbo\/#breadcrumb","itemListElement":[{"@type":"ListItem","position":1,"name":"Home","item":"https:\/\/genehtik.com\/"},{"@type":"ListItem","position":2,"name":"Comprar semillas de cannabis Genehtik","item":"https:\/\/genehtik.com\/tienda\/"},{"@type":"ListItem","position":3,"name":"Sweet Bilbo"}]},{"@type":"WebSite","@id":"https:\/\/genehtik.com\/#website","url":"https:\/\/genehtik.com\/","name":"Genehtik","description":"Banco de semillas de cannabis feminizadas y autoflorecientes de calidad y garant\u00eda","potentialAction":[{"@type":"SearchAction","target":{"@type":"EntryPoint","urlTemplate":"https:\/\/genehtik.com\/?s={search_term_string}"},"query-input":{"@type":"PropertyValueSpecification","valueRequired":true,"valueName":"search_term_string"}}],"inLanguage":"it-IT"}]}},"_links":{"self":[{"href":"https:\/\/genehtik.com\/it\/wp-json\/wp\/v2\/product\/42652","targetHints":{"allow":["GET"]}}],"collection":[{"href":"https:\/\/genehtik.com\/it\/wp-json\/wp\/v2\/product"}],"about":[{"href":"https:\/\/genehtik.com\/it\/wp-json\/wp\/v2\/types\/product"}],"wp:featuredmedia":[{"embeddable":true,"href":"https:\/\/genehtik.com\/it\/wp-json\/wp\/v2\/media\/16285"}],"wp:attachment":[{"href":"https:\/\/genehtik.com\/it\/wp-json\/wp\/v2\/media?parent=42652"}],"wp:term":[{"taxonomy":"product_brand","embeddable":true,"href":"https:\/\/genehtik.com\/it\/wp-json\/wp\/v2\/product_brand?post=42652"},{"taxonomy":"product_cat","embeddable":true,"href":"https:\/\/genehtik.com\/it\/wp-json\/wp\/v2\/product_cat?post=42652"},{"taxonomy":"product_tag","embeddable":true,"href":"https:\/\/genehtik.com\/it\/wp-json\/wp\/v2\/product_tag?post=42652"}],"curies":[{"name":"wp","href":"https:\/\/api.w.org\/{rel}","templated":true}]}}