{"id":29,"date":"2015-06-29T09:15:57","date_gmt":"2015-06-29T09:15:57","guid":{"rendered":"https:\/\/clon.genehtik.com\/?page_id=29"},"modified":"2026-02-11T15:14:44","modified_gmt":"2026-02-11T15:14:44","slug":"envios-devoluciones","status":"publish","type":"page","link":"https:\/\/genehtik.com\/pt\/informacion\/envios-devoluciones\/","title":{"rendered":"Envio \/ Devolu\u00e7\u00f5es"},"content":{"rendered":"<h1>ENVIO \/ DEVOLU\u00c7\u00d5ES<\/h1>\n<p>O envio do material ser\u00e1 feito de acordo com o m\u00e9todo de pagamento:<\/p>\n<p><em>ESPANHA:<\/em><\/p>\n<p>Pagamento na entrega \u2013 em 24\/48 horas.<\/p>\n<p>Outros m\u00e9todos de pagamento \u2013 dentro de 24\/48 horas ap\u00f3s o recebimento do pagamento.<\/p>\n<p>A ag\u00eancia de transportes para Espanha e Portugal ser\u00e1<\/p>\n<p><em>OUTROS PA\u00cdSES:<\/em><\/p>\n<p>Qualquer forma de pagamento \u2013 dentro de um prazo n\u00e3o superior a 7 dias ap\u00f3s a realiza\u00e7\u00e3o do pagamento.<\/p>\n<p>A ag\u00eancia de transporte para outros pa\u00edses ser\u00e1 aquela que a Genehtik escolher livremente a qualquer momento.<\/p>\n<p>No caso de variedades especiais, o prazo de entrega ser\u00e1 sempre verificado para cada pedido, notificando o cliente sobre o atraso estimado.<\/p>\n<p>Para sementes n\u00e3o dispon\u00edveis em estoque, o cliente ser\u00e1 notificado sobre o atraso estimado.<\/p>\n<h1>CUSTOS DE ENVIO:<\/h1>\n<p>&nbsp;<\/p>\n<div class=\"amarillo\"><strong>FRETE GR\u00c1TIS PARA PEDIDOS ACIMA DE \u20ac45 E COM PESO INFERIOR A 3 KG. <span style=\"color: #000000;\">(Apenas na Espanha)<\/span><\/strong><br \/>\n<strong>FRETE GR\u00c1TIS PARA PEDIDOS ACIMA DE \u20ac45 E COM PESO INFERIOR A 0,5 KG. (outros pa\u00edses)<\/strong><\/div>\n<p>&nbsp;<\/p>\n<p>Custo de envio para: Espanha (Pen\u00ednsula e Ilhas Baleares)<\/p>\n<p>10 a 15 kg 41 \u20ac 15 a 20 kg 49 \u20ac 20 a 25 kg 54 \u20ac<\/p>\n<table>\n<tbody>\n<tr>\n<th>PESO<\/th>\n<th>CUSTO<\/th>\n<\/tr>\n<tr>\n<th>0 a 3 kg (pedido igual ou superior a \u20ac45)<\/th>\n<th class=\"amarillo\">LIVRE<\/th>\n<\/tr>\n<tr>\n<th>0 a 0,5 kg (encomendas inferiores a 45 \u20ac)<\/th>\n<th>6\u20ac<\/th>\n<\/tr>\n<tr>\n<th>0,5 a 3 kg (encomendas inferiores a 45 \u20ac)<\/th>\n<th>18\u20ac<\/th>\n<\/tr>\n<tr>\n<th>3 a 5 kg<\/th>\n<th>28\u20ac<\/th>\n<\/tr>\n<tr>\n<th>5 a 10 kg<\/th>\n<th>34\u20ac<\/th>\n<\/tr>\n<\/tbody>\n<\/table>\n<p>&nbsp;<\/p>\n<p>Custos de envio para: Alemanha, B\u00e9lgica, Dinamarca, Fran\u00e7a, Pa\u00edses Baixos, It\u00e1lia, Luxemburgo, Pol\u00f4nia, Reino Unido, Rep\u00fablica Tcheca e Su\u00ed\u00e7a.<\/p>\n<p>10 a 15 kg 41 \u20ac 15 a 20 kg 49 \u20ac 20 a 25 kg 54 \u20ac<\/p>\n<table>\n<tbody>\n<tr>\n<th>PESO<\/th>\n<th>CUSTO<\/th>\n<\/tr>\n<tr>\n<th>0 a 0,5 kg (pedido igual ou superior a \u20ac45)<\/th>\n<th class=\"amarillo\">LIVRE<\/th>\n<\/tr>\n<tr>\n<th>0 a 0,5 kg (encomendas inferiores a 45 \u20ac)<\/th>\n<th>12\u20ac<\/th>\n<\/tr>\n<tr>\n<th>0,5 a 2 kg<\/th>\n<th>18\u20ac<\/th>\n<\/tr>\n<tr>\n<th>2 a 5 kg<\/th>\n<th>28\u20ac<\/th>\n<\/tr>\n<tr>\n<th>5 a 10 kg<\/th>\n<th>34\u20ac<\/th>\n<\/tr>\n<\/tbody>\n<\/table>\n<p>&nbsp;<\/p>\n<p>Custos de envio para: Bulg\u00e1ria, Eslov\u00eania, Est\u00f4nia, Finl\u00e2ndia, Gr\u00e9cia, Hungria, Irlanda, Let\u00f4nia, Litu\u00e2nia, Noruega, Eslov\u00e1quia, Rom\u00eania e Su\u00e9cia.<\/p>\n<p>10 a 15 kg: 65 \u20ac; 15 a 20 kg: 72 \u20ac; 20 a 25 kg: 77 \u20ac<\/p>\n<table>\n<tbody>\n<tr>\n<th>PESO<\/th>\n<th>CUSTO<\/th>\n<\/tr>\n<tr>\n<th>0 a 0,5 kg (pedido igual ou superior a \u20ac45)<\/th>\n<th class=\"amarillo\">LIVRE<\/th>\n<\/tr>\n<tr>\n<th>0 a 0,5 kg (encomendas inferiores a 45 \u20ac)<\/th>\n<th>12\u20ac<\/th>\n<\/tr>\n<tr>\n<th>0,5 a 2 kg<\/th>\n<th>28\u20ac<\/th>\n<\/tr>\n<tr>\n<th>2 a 5 kg<\/th>\n<th>52\u20ac<\/th>\n<\/tr>\n<tr>\n<th>5 a 10 kg<\/th>\n<th>58\u20ac<\/th>\n<\/tr>\n<\/tbody>\n<\/table>\n<p>&nbsp;<\/p>\n<p>Custos de envio para: EUA, Canad\u00e1 e Ilhas Can\u00e1rias.<\/p>\n<p>10 a 15 kg 81 \u20ac 15 a 20 kg 90 \u20ac 20 a 25 kg 97 \u20ac<\/p>\n<table>\n<tbody>\n<tr>\n<th>PESO<\/th>\n<th>CUSTO<\/th>\n<\/tr>\n<tr>\n<th>0 a 0,5 kg (pedido igual ou superior a \u20ac45)<\/th>\n<th class=\"amarillo\">LIVRE<\/th>\n<\/tr>\n<tr>\n<th>0 a 0,5 kg (encomendas inferiores a 45 \u20ac)<\/th>\n<th>12\u20ac<\/th>\n<\/tr>\n<tr>\n<th>0,5 a 2 kg<\/th>\n<th>35\u20ac<\/th>\n<\/tr>\n<tr>\n<th>2 a 5 kg<\/th>\n<th>54\u20ac<\/th>\n<\/tr>\n<tr>\n<th>5 a 10 kg<\/th>\n<th>72\u20ac<\/th>\n<\/tr>\n<\/tbody>\n<\/table>\n<p>&nbsp;<\/p>\n<p>Custos de envio para: Resto do mundo (Argentina, Bol\u00edvia, Brasil, Chile, Col\u00f4mbia, Costa Rica, Equador, El Salvador, Guatemala, Honduras, M\u00e9xico, Nicar\u00e1gua, Panam\u00e1, Paraguai, Peru, Porto Rico, Rep\u00fablica Dominicana, Uruguai, Venezuela, \u2026)<\/p>\n<p>10 a 15 kg 109 \u20ac 15 a 20 kg 124 \u20ac 20 a 25 kg 134 \u20ac<\/p>\n<table>\n<tbody>\n<tr>\n<th>PESO<\/th>\n<th>CUSTO<\/th>\n<\/tr>\n<tr>\n<th>0 a 0,5 kg (pedido igual ou superior a \u20ac45)<\/th>\n<th class=\"amarillo\">LIVRE<\/th>\n<\/tr>\n<tr>\n<th>0 a 0,5 kg (encomendas inferiores a 45 \u20ac)<\/th>\n<th>12\u20ac<\/th>\n<\/tr>\n<tr>\n<th>0,5 a 2 kg<\/th>\n<th>47\u20ac<\/th>\n<\/tr>\n<tr>\n<th>2 a 5 kg<\/th>\n<th>67\u20ac<\/th>\n<\/tr>\n<tr>\n<th>5 a 10 kg<\/th>\n<th>93\u20ac<\/th>\n<\/tr>\n<\/tbody>\n<\/table>\n<p>&nbsp;<\/p>\n<h1>REIVINDICA\u00c7\u00d5ES RELATIVAS AO MATERIAL RECEBIDO<\/h1>\n<p>Se voc\u00ea receber a encomenda com sinais de viola\u00e7\u00e3o ou danos, indique isso na guia de entrega do entregador. N\u00e3o assine a guia de entrega sem antes indicar os incidentes e sempre na presen\u00e7a do entregador.<\/p>\n<p>Se ap\u00f3s o envio voc\u00ea notar que o produto n\u00e3o corresponde ao pedido realizado e identificar diferen\u00e7as entre as notas de entrega ou faturas, informe-nos imediatamente, detalhando as diferen\u00e7as apontadas e fornecendo um n\u00famero de telefone para que o processo seja mais r\u00e1pido.<\/p>\n<p>N\u00e3o aceitamos reclama\u00e7\u00f5es relativas a envios ap\u00f3s 24 horas do recebimento por voc\u00ea.<\/p>\n<h1>DEVOLU\u00c7\u00d5ES<\/h1>\n<p>Em conformidade com o disposto na Lei 26\/1991, de 21 de novembro, sobre contratos celebrados fora de estabelecimentos comerciais, reconhecemos o direito de apresentar reclama\u00e7\u00e3o contra o contrato, sem necessidade de alegar qualquer motivo, no prazo m\u00e1ximo de 7 dias ap\u00f3s a rece\u00e7\u00e3o da encomenda.<\/p>\n<p>No entanto, lembre-se de que voc\u00ea ter\u00e1 que pagar pelo frete de ida e volta, bem como por quaisquer despesas administrativas ou outras incorridas em decorr\u00eancia da sua devolu\u00e7\u00e3o.<\/p>","protected":false},"excerpt":{"rendered":"<p>ENVIOS \/ DEVOLUCIONES El envio del material se efectuar\u00e1 seg\u00fan la forma de pago: ESPA\u00d1A: Contra reembolso &#8211; en 24\/48 horas. Otras formas de pago &#8211; en 24\/48 horas despu\u00e9s de hacer efectivo el ingreso. La agencia de transporte para Espa\u00f1a y Portugal ser\u00e1 OTROS&#8230;<\/p>","protected":false},"author":1,"featured_media":0,"parent":27,"menu_order":0,"comment_status":"closed","ping_status":"open","template":"","meta":{"bwfblock_default_font":"","footnotes":""},"class_list":["post-29","page","type-page","status-publish","hentry"],"yoast_head":"<!-- This site is optimized with the Yoast SEO Premium plugin v23.0 (Yoast SEO v27.2) - https:\/\/yoast.com\/product\/yoast-seo-premium-wordpress\/ -->\n<title>Env\u00edos \/ Devoluciones<\/title>\n<meta name=\"description\" content=\"Gastos de env\u00edo gratis para pedidos superiores a 45\u20ac y peso inferior a 3 Kg (solo Espa\u00f1a) o 500 gr. (resto de pa\u00edses). Pol\u00edtica de env\u00edos.\" \/>\n<meta name=\"robots\" content=\"index, follow, max-snippet:-1, max-image-preview:large, max-video-preview:-1\" \/>\n<link rel=\"canonical\" href=\"https:\/\/genehtik.com\/pt\/informacion\/envios-devoluciones\/\" \/>\n<meta property=\"og:locale\" content=\"pt_PT\" \/>\n<meta property=\"og:type\" content=\"article\" \/>\n<meta property=\"og:title\" content=\"Env\u00edos \/ Devoluciones\" \/>\n<meta property=\"og:description\" content=\"Gastos de env\u00edo gratis para pedidos superiores a 45\u20ac y peso inferior a 3 Kg (solo Espa\u00f1a) o 500 gr. (resto de pa\u00edses). Pol\u00edtica de env\u00edos.\" \/>\n<meta property=\"og:url\" content=\"https:\/\/genehtik.com\/pt\/informacion\/envios-devoluciones\/\" \/>\n<meta property=\"og:site_name\" content=\"Genehtik\" \/>\n<meta property=\"article:publisher\" content=\"http:\/\/www.facebook.com\/Genehtik\" \/>\n<meta property=\"article:modified_time\" content=\"2026-02-11T15:14:44+00:00\" \/>\n<meta name=\"twitter:card\" content=\"summary_large_image\" \/>\n<meta name=\"twitter:site\" content=\"@GenehtikEs\" \/>\n<meta name=\"twitter:label1\" content=\"Tempo estimado de leitura\" \/>\n\t<meta name=\"twitter:data1\" content=\"4 minutos\" \/>\n<script type=\"application\/ld+json\" class=\"yoast-schema-graph\">{\"@context\":\"https:\/\/schema.org\",\"@graph\":[{\"@type\":\"WebPage\",\"@id\":\"https:\/\/genehtik.com\/informacion\/envios-devoluciones\/\",\"url\":\"https:\/\/genehtik.com\/informacion\/envios-devoluciones\/\",\"name\":\"Env\u00edos \/ Devoluciones\",\"isPartOf\":{\"@id\":\"https:\/\/genehtik.com\/#website\"},\"datePublished\":\"2015-06-29T09:15:57+00:00\",\"dateModified\":\"2026-02-11T15:14:44+00:00\",\"description\":\"Gastos de env\u00edo gratis para pedidos superiores a 45\u20ac y peso inferior a 3 Kg (solo Espa\u00f1a) o 500 gr. (resto de pa\u00edses). Pol\u00edtica de env\u00edos.\",\"breadcrumb\":{\"@id\":\"https:\/\/genehtik.com\/informacion\/envios-devoluciones\/#breadcrumb\"},\"inLanguage\":\"pt-PT\",\"potentialAction\":[{\"@type\":\"ReadAction\",\"target\":[\"https:\/\/genehtik.com\/informacion\/envios-devoluciones\/\"]}]},{\"@type\":\"BreadcrumbList\",\"@id\":\"https:\/\/genehtik.com\/informacion\/envios-devoluciones\/#breadcrumb\",\"itemListElement\":[{\"@type\":\"ListItem\",\"position\":1,\"name\":\"Home\",\"item\":\"https:\/\/genehtik.com\/\"},{\"@type\":\"ListItem\",\"position\":2,\"name\":\"Informaci\u00f3n\",\"item\":\"https:\/\/genehtik.com\/informacion\/\"},{\"@type\":\"ListItem\",\"position\":3,\"name\":\"Env\u00edos \/ Devoluciones\"}]},{\"@type\":\"WebSite\",\"@id\":\"https:\/\/genehtik.com\/#website\",\"url\":\"https:\/\/genehtik.com\/\",\"name\":\"Genehtik\",\"description\":\"Banco de semillas de cannabis feminizadas y autoflorecientes de calidad y garant\u00eda\",\"potentialAction\":[{\"@type\":\"SearchAction\",\"target\":{\"@type\":\"EntryPoint\",\"urlTemplate\":\"https:\/\/genehtik.com\/?s={search_term_string}\"},\"query-input\":{\"@type\":\"PropertyValueSpecification\",\"valueRequired\":true,\"valueName\":\"search_term_string\"}}],\"inLanguage\":\"pt-PT\"}]}<\/script>\n<!-- \/ Yoast SEO Premium plugin. -->","yoast_head_json":{"title":"Envio \/ Devolu\u00e7\u00f5es","description":"Gastos de env\u00edo gratis para pedidos superiores a 45\u20ac y peso inferior a 3 Kg (solo Espa\u00f1a) o 500 gr. (resto de pa\u00edses). Pol\u00edtica de env\u00edos.","robots":{"index":"index","follow":"follow","max-snippet":"max-snippet:-1","max-image-preview":"max-image-preview:large","max-video-preview":"max-video-preview:-1"},"canonical":"https:\/\/genehtik.com\/pt\/informacion\/envios-devoluciones\/","og_locale":"pt_PT","og_type":"article","og_title":"Env\u00edos \/ Devoluciones","og_description":"Gastos de env\u00edo gratis para pedidos superiores a 45\u20ac y peso inferior a 3 Kg (solo Espa\u00f1a) o 500 gr. (resto de pa\u00edses). Pol\u00edtica de env\u00edos.","og_url":"https:\/\/genehtik.com\/pt\/informacion\/envios-devoluciones\/","og_site_name":"Genehtik","article_publisher":"http:\/\/www.facebook.com\/Genehtik","article_modified_time":"2026-02-11T15:14:44+00:00","twitter_card":"summary_large_image","twitter_site":"@GenehtikEs","twitter_misc":{"Tempo estimado de leitura":"4 minutos"},"schema":{"@context":"https:\/\/schema.org","@graph":[{"@type":"WebPage","@id":"https:\/\/genehtik.com\/informacion\/envios-devoluciones\/","url":"https:\/\/genehtik.com\/informacion\/envios-devoluciones\/","name":"Envio \/ Devolu\u00e7\u00f5es","isPartOf":{"@id":"https:\/\/genehtik.com\/#website"},"datePublished":"2015-06-29T09:15:57+00:00","dateModified":"2026-02-11T15:14:44+00:00","description":"Gastos de env\u00edo gratis para pedidos superiores a 45\u20ac y peso inferior a 3 Kg (solo Espa\u00f1a) o 500 gr. (resto de pa\u00edses). Pol\u00edtica de env\u00edos.","breadcrumb":{"@id":"https:\/\/genehtik.com\/informacion\/envios-devoluciones\/#breadcrumb"},"inLanguage":"pt-PT","potentialAction":[{"@type":"ReadAction","target":["https:\/\/genehtik.com\/informacion\/envios-devoluciones\/"]}]},{"@type":"BreadcrumbList","@id":"https:\/\/genehtik.com\/informacion\/envios-devoluciones\/#breadcrumb","itemListElement":[{"@type":"ListItem","position":1,"name":"Home","item":"https:\/\/genehtik.com\/"},{"@type":"ListItem","position":2,"name":"Informaci\u00f3n","item":"https:\/\/genehtik.com\/informacion\/"},{"@type":"ListItem","position":3,"name":"Env\u00edos \/ Devoluciones"}]},{"@type":"WebSite","@id":"https:\/\/genehtik.com\/#website","url":"https:\/\/genehtik.com\/","name":"Gen\u00e9tica","description":"Banco de sementes de cannabis feminizadas e autoflorescentes de alta qualidade e com garantia.","potentialAction":[{"@type":"SearchAction","target":{"@type":"EntryPoint","urlTemplate":"https:\/\/genehtik.com\/?s={search_term_string}"},"query-input":{"@type":"PropertyValueSpecification","valueRequired":true,"valueName":"search_term_string"}}],"inLanguage":"pt-PT"}]}},"_links":{"self":[{"href":"https:\/\/genehtik.com\/pt\/wp-json\/wp\/v2\/pages\/29","targetHints":{"allow":["GET"]}}],"collection":[{"href":"https:\/\/genehtik.com\/pt\/wp-json\/wp\/v2\/pages"}],"about":[{"href":"https:\/\/genehtik.com\/pt\/wp-json\/wp\/v2\/types\/page"}],"author":[{"embeddable":true,"href":"https:\/\/genehtik.com\/pt\/wp-json\/wp\/v2\/users\/1"}],"replies":[{"embeddable":true,"href":"https:\/\/genehtik.com\/pt\/wp-json\/wp\/v2\/comments?post=29"}],"version-history":[{"count":33,"href":"https:\/\/genehtik.com\/pt\/wp-json\/wp\/v2\/pages\/29\/revisions"}],"predecessor-version":[{"id":43144,"href":"https:\/\/genehtik.com\/pt\/wp-json\/wp\/v2\/pages\/29\/revisions\/43144"}],"up":[{"embeddable":true,"href":"https:\/\/genehtik.com\/pt\/wp-json\/wp\/v2\/pages\/27"}],"wp:attachment":[{"href":"https:\/\/genehtik.com\/pt\/wp-json\/wp\/v2\/media?parent=29"}],"curies":[{"name":"wp","href":"https:\/\/api.w.org\/{rel}","templated":true}]}}