{"id":31,"date":"2015-06-29T09:16:23","date_gmt":"2015-06-29T09:16:23","guid":{"rendered":"https:\/\/clon.genehtik.com\/?page_id=31"},"modified":"2025-07-09T09:57:12","modified_gmt":"2025-07-09T09:57:12","slug":"formas-de-pago","status":"publish","type":"page","link":"https:\/\/genehtik.com\/pt\/informacion\/formas-de-pago\/","title":{"rendered":"M\u00e9todos de pagamento"},"content":{"rendered":"<div class=\"wpb-content-wrapper\"><div class=\"vc_row wpb_row vc_row-fluid edgtf-section edgtf-content-aligment-left\" style=\"\"><div class=\"clearfix edgtf-full-section-inner\"><div class=\"wpb_column vc_column_container vc_col-sm-12\"><div class=\"vc_column-inner\"><div class=\"wpb_wrapper\">\n\t<div class=\"wpb_text_column wpb_content_element\" >\n\t\t<div class=\"wpb_wrapper\">\n\t\t\t<h1>M\u00c9TODOS DE PAGAMENTO<\/h1>\n<ul>\n<li style=\"list-style-type: none;\">\n<ul>\n<li>\n<h3>Cart\u00e3o de cr\u00e9dito (PDV virtual):<\/h3>\n<p><img decoding=\"async\" data-src=\"https:\/\/genehtik.com\/wp-content\/uploads\/2015\/06\/tarjetas.jpg\" alt=\"Tarjetas de cr\u00e9dito aceptadas en la tienda online Genehtik\" width=\"329\" class=\"smush-dimensions lazyload\" style=\"--smush-image-width: 329px; --smush-image-aspect-ratio: 329\/85;\" src=\"data:image\/svg+xml;base64,PHN2ZyB3aWR0aD0iMSIgaGVpZ2h0PSIxIiB4bWxucz0iaHR0cDovL3d3dy53My5vcmcvMjAwMC9zdmciPjwvc3ZnPg==\" data-srcset=\"https:\/\/genehtik.com\/wp-content\/uploads\/2015\/06\/tarjetas.jpg 329w, https:\/\/genehtik.com\/wp-content\/uploads\/2015\/06\/tarjetas-150x39.jpg 150w, https:\/\/genehtik.com\/wp-content\/uploads\/2015\/06\/tarjetas-300x78.jpg 300w, https:\/\/genehtik.com\/wp-content\/uploads\/2015\/06\/tarjetas-250x65.jpg 250w\" data-sizes=\"auto\" data-original-sizes=\"(max-width: 329px) 100vw, 329px\" \/><\/p>\n<p>Todas as transa\u00e7\u00f5es realizadas atrav\u00e9s do POS Virtual ter\u00e3o todas as garantias de seguran\u00e7a, confidencialidade e integridade para os agentes participantes: titulares de cart\u00f5es e suas entidades emissoras, e comerciantes e suas entidades adquirentes.<\/p>\n<p>A Genehtik n\u00e3o tem acesso a informa\u00e7\u00f5es confidenciais de cart\u00f5es de cr\u00e9dito, evitando assim que sejam roubadas da empresa por terceiros para fins fraudulentos. A melhor maneira de uma empresa proteger informa\u00e7\u00f5es sens\u00edveis de clientes \u00e9 n\u00e3o t\u00ea-las.<\/p>\n<p>Este comerciante concorda em n\u00e3o permitir qualquer transa\u00e7\u00e3o que seja ilegal ou que seja considerada pelas bandeiras de cart\u00e3o de cr\u00e9dito ou pelo banco adquirente como potencialmente prejudicial \u00e0 sua reputa\u00e7\u00e3o ou que possa impact\u00e1-los negativamente. As seguintes atividades s\u00e3o proibidas pelos programas das bandeiras de cart\u00e3o: a venda ou oferta de qualquer produto ou servi\u00e7o que n\u00e3o esteja em total conformidade com todas as leis aplic\u00e1veis ao Comprador, ao Banco Emissor, ao Comerciante, ao Titular do Cart\u00e3o ou aos cart\u00f5es.<\/p>\n<p>Al\u00e9m disso, as seguintes atividades tamb\u00e9m s\u00e3o expressamente proibidas:<\/p>\n<p>\u2013 Vender ou enviar sementes de cannabis para fora de Espanha.<br \/>\n\u2013 Venda de tabaco.<\/li>\n<li>\n<h3>Pagamento na entrega. (somente para Espanha e Portugal)<\/h3>\n<p>Os envios com pagamento na entrega ter\u00e3o uma taxa adicional de 6%.<\/li>\n<li>\n<h3>Pagamento em dinheiro:<\/h3>\n<p>Voc\u00ea precisar\u00e1 enviar um envelope at\u00e9 <em><strong>CORREIO REGISTRADO<\/strong><\/em>\u00a0O pagamento deve ser feito em dinheiro (somente notas). Assim que recebermos o pagamento, prepararemos o pedido e o enviaremos.<\/p>\n<p>O limite m\u00e1ximo para esta forma de pagamento \u00e9 de 2.500 euros ou o seu equivalente em moeda estrangeira, de acordo com o artigo 7.\u00ba da Lei 7\/2012, de 29 de outubro.<\/li>\n<li>\n<h3>Transfer\u00eancia banc\u00e1ria:<\/h3>\n<p>IBAN: ES15 0182 9734 0202 0179 8176<\/p>\n<p>BIC: BBVAESMMXXX<\/li>\n<\/ul>\n<\/li>\n<\/ul>\n\n\t\t<\/div>\n\t<\/div>\n<\/div><\/div><\/div><\/div><\/div>\n<\/div>","protected":false},"excerpt":{"rendered":"FORMAS DE PAGO Tarjeta de cr\u00e9dito (TPV Virtual): Todas las transacciones que se realicen a trav\u00e9s del TPV Virtual contar\u00e1n con todas las garant\u00edas de seguridad, confidencialidad e integridad para los agentes participantes: titulares de tarjetas y sus entidades emisoras, y comercios y sus entidades...","protected":false},"author":1,"featured_media":0,"parent":27,"menu_order":0,"comment_status":"closed","ping_status":"open","template":"","meta":{"bwfblock_default_font":"","footnotes":""},"class_list":["post-31","page","type-page","status-publish","hentry"],"yoast_head":"<!-- This site is optimized with the Yoast SEO Premium plugin v23.0 (Yoast SEO v27.2) - https:\/\/yoast.com\/product\/yoast-seo-premium-wordpress\/ -->\n<title>Formas de Pago<\/title>\n<meta name=\"description\" content=\"Formas de pago aceptadas en nuestra tienda online Genehtik. Semillas de marihuana y fertilizantes\" \/>\n<meta name=\"robots\" content=\"index, follow, max-snippet:-1, max-image-preview:large, max-video-preview:-1\" \/>\n<link rel=\"canonical\" href=\"https:\/\/genehtik.com\/pt\/informacion\/formas-de-pago\/\" \/>\n<meta property=\"og:locale\" content=\"pt_PT\" \/>\n<meta property=\"og:type\" content=\"article\" \/>\n<meta property=\"og:title\" content=\"Formas de Pago\" \/>\n<meta property=\"og:description\" content=\"Formas de pago aceptadas en nuestra tienda online Genehtik. Semillas de marihuana y fertilizantes\" \/>\n<meta property=\"og:url\" content=\"https:\/\/genehtik.com\/pt\/informacion\/formas-de-pago\/\" \/>\n<meta property=\"og:site_name\" content=\"Genehtik\" \/>\n<meta property=\"article:publisher\" content=\"http:\/\/www.facebook.com\/Genehtik\" \/>\n<meta property=\"article:modified_time\" content=\"2025-07-09T09:57:12+00:00\" \/>\n<meta property=\"og:image\" content=\"https:\/\/genehtik.com\/wp-content\/uploads\/2015\/06\/tarjetas.jpg\" \/>\n<meta name=\"twitter:card\" content=\"summary_large_image\" \/>\n<meta name=\"twitter:site\" content=\"@GenehtikEs\" \/>\n<meta name=\"twitter:label1\" content=\"Tempo estimado de leitura\" \/>\n\t<meta name=\"twitter:data1\" content=\"2 minutos\" \/>\n<script type=\"application\/ld+json\" class=\"yoast-schema-graph\">{\"@context\":\"https:\/\/schema.org\",\"@graph\":[{\"@type\":\"WebPage\",\"@id\":\"https:\/\/genehtik.com\/informacion\/formas-de-pago\/\",\"url\":\"https:\/\/genehtik.com\/informacion\/formas-de-pago\/\",\"name\":\"Formas de Pago\",\"isPartOf\":{\"@id\":\"https:\/\/genehtik.com\/#website\"},\"primaryImageOfPage\":{\"@id\":\"https:\/\/genehtik.com\/informacion\/formas-de-pago\/#primaryimage\"},\"image\":{\"@id\":\"https:\/\/genehtik.com\/informacion\/formas-de-pago\/#primaryimage\"},\"thumbnailUrl\":\"https:\/\/genehtik.com\/wp-content\/uploads\/2015\/06\/tarjetas.jpg\",\"datePublished\":\"2015-06-29T09:16:23+00:00\",\"dateModified\":\"2025-07-09T09:57:12+00:00\",\"description\":\"Formas de pago aceptadas en nuestra tienda online Genehtik. Semillas de marihuana y fertilizantes\",\"breadcrumb\":{\"@id\":\"https:\/\/genehtik.com\/informacion\/formas-de-pago\/#breadcrumb\"},\"inLanguage\":\"pt-PT\",\"potentialAction\":[{\"@type\":\"ReadAction\",\"target\":[\"https:\/\/genehtik.com\/informacion\/formas-de-pago\/\"]}]},{\"@type\":\"ImageObject\",\"inLanguage\":\"pt-PT\",\"@id\":\"https:\/\/genehtik.com\/informacion\/formas-de-pago\/#primaryimage\",\"url\":\"https:\/\/genehtik.com\/wp-content\/uploads\/2015\/06\/tarjetas.jpg\",\"contentUrl\":\"https:\/\/genehtik.com\/wp-content\/uploads\/2015\/06\/tarjetas.jpg\"},{\"@type\":\"BreadcrumbList\",\"@id\":\"https:\/\/genehtik.com\/informacion\/formas-de-pago\/#breadcrumb\",\"itemListElement\":[{\"@type\":\"ListItem\",\"position\":1,\"name\":\"Home\",\"item\":\"https:\/\/genehtik.com\/\"},{\"@type\":\"ListItem\",\"position\":2,\"name\":\"Informaci\u00f3n\",\"item\":\"https:\/\/genehtik.com\/informacion\/\"},{\"@type\":\"ListItem\",\"position\":3,\"name\":\"Formas de Pago\"}]},{\"@type\":\"WebSite\",\"@id\":\"https:\/\/genehtik.com\/#website\",\"url\":\"https:\/\/genehtik.com\/\",\"name\":\"Genehtik\",\"description\":\"Banco de semillas de cannabis feminizadas y autoflorecientes de calidad y garant\u00eda\",\"potentialAction\":[{\"@type\":\"SearchAction\",\"target\":{\"@type\":\"EntryPoint\",\"urlTemplate\":\"https:\/\/genehtik.com\/?s={search_term_string}\"},\"query-input\":{\"@type\":\"PropertyValueSpecification\",\"valueRequired\":true,\"valueName\":\"search_term_string\"}}],\"inLanguage\":\"pt-PT\"}]}<\/script>\n<!-- \/ Yoast SEO Premium plugin. -->","yoast_head_json":{"title":"M\u00e9todos de pagamento","description":"Formas de pago aceptadas en nuestra tienda online Genehtik. Semillas de marihuana y fertilizantes","robots":{"index":"index","follow":"follow","max-snippet":"max-snippet:-1","max-image-preview":"max-image-preview:large","max-video-preview":"max-video-preview:-1"},"canonical":"https:\/\/genehtik.com\/pt\/informacion\/formas-de-pago\/","og_locale":"pt_PT","og_type":"article","og_title":"Formas de Pago","og_description":"Formas de pago aceptadas en nuestra tienda online Genehtik. Semillas de marihuana y fertilizantes","og_url":"https:\/\/genehtik.com\/pt\/informacion\/formas-de-pago\/","og_site_name":"Genehtik","article_publisher":"http:\/\/www.facebook.com\/Genehtik","article_modified_time":"2025-07-09T09:57:12+00:00","og_image":[{"url":"https:\/\/genehtik.com\/wp-content\/uploads\/2015\/06\/tarjetas.jpg","type":"","width":"","height":""}],"twitter_card":"summary_large_image","twitter_site":"@GenehtikEs","twitter_misc":{"Tempo estimado de leitura":"2 minutos"},"schema":{"@context":"https:\/\/schema.org","@graph":[{"@type":"WebPage","@id":"https:\/\/genehtik.com\/informacion\/formas-de-pago\/","url":"https:\/\/genehtik.com\/informacion\/formas-de-pago\/","name":"M\u00e9todos de pagamento","isPartOf":{"@id":"https:\/\/genehtik.com\/#website"},"primaryImageOfPage":{"@id":"https:\/\/genehtik.com\/informacion\/formas-de-pago\/#primaryimage"},"image":{"@id":"https:\/\/genehtik.com\/informacion\/formas-de-pago\/#primaryimage"},"thumbnailUrl":"https:\/\/genehtik.com\/wp-content\/uploads\/2015\/06\/tarjetas.jpg","datePublished":"2015-06-29T09:16:23+00:00","dateModified":"2025-07-09T09:57:12+00:00","description":"Formas de pago aceptadas en nuestra tienda online Genehtik. Semillas de marihuana y fertilizantes","breadcrumb":{"@id":"https:\/\/genehtik.com\/informacion\/formas-de-pago\/#breadcrumb"},"inLanguage":"pt-PT","potentialAction":[{"@type":"ReadAction","target":["https:\/\/genehtik.com\/informacion\/formas-de-pago\/"]}]},{"@type":"ImageObject","inLanguage":"pt-PT","@id":"https:\/\/genehtik.com\/informacion\/formas-de-pago\/#primaryimage","url":"https:\/\/genehtik.com\/wp-content\/uploads\/2015\/06\/tarjetas.jpg","contentUrl":"https:\/\/genehtik.com\/wp-content\/uploads\/2015\/06\/tarjetas.jpg"},{"@type":"BreadcrumbList","@id":"https:\/\/genehtik.com\/informacion\/formas-de-pago\/#breadcrumb","itemListElement":[{"@type":"ListItem","position":1,"name":"Home","item":"https:\/\/genehtik.com\/"},{"@type":"ListItem","position":2,"name":"Informaci\u00f3n","item":"https:\/\/genehtik.com\/informacion\/"},{"@type":"ListItem","position":3,"name":"Formas de Pago"}]},{"@type":"WebSite","@id":"https:\/\/genehtik.com\/#website","url":"https:\/\/genehtik.com\/","name":"Gen\u00e9tica","description":"Banco de sementes de cannabis feminizadas e autoflorescentes de alta qualidade e com garantia.","potentialAction":[{"@type":"SearchAction","target":{"@type":"EntryPoint","urlTemplate":"https:\/\/genehtik.com\/?s={search_term_string}"},"query-input":{"@type":"PropertyValueSpecification","valueRequired":true,"valueName":"search_term_string"}}],"inLanguage":"pt-PT"}]}},"_links":{"self":[{"href":"https:\/\/genehtik.com\/pt\/wp-json\/wp\/v2\/pages\/31","targetHints":{"allow":["GET"]}}],"collection":[{"href":"https:\/\/genehtik.com\/pt\/wp-json\/wp\/v2\/pages"}],"about":[{"href":"https:\/\/genehtik.com\/pt\/wp-json\/wp\/v2\/types\/page"}],"author":[{"embeddable":true,"href":"https:\/\/genehtik.com\/pt\/wp-json\/wp\/v2\/users\/1"}],"replies":[{"embeddable":true,"href":"https:\/\/genehtik.com\/pt\/wp-json\/wp\/v2\/comments?post=31"}],"version-history":[{"count":42,"href":"https:\/\/genehtik.com\/pt\/wp-json\/wp\/v2\/pages\/31\/revisions"}],"predecessor-version":[{"id":42319,"href":"https:\/\/genehtik.com\/pt\/wp-json\/wp\/v2\/pages\/31\/revisions\/42319"}],"up":[{"embeddable":true,"href":"https:\/\/genehtik.com\/pt\/wp-json\/wp\/v2\/pages\/27"}],"wp:attachment":[{"href":"https:\/\/genehtik.com\/pt\/wp-json\/wp\/v2\/media?parent=31"}],"curies":[{"name":"wp","href":"https:\/\/api.w.org\/{rel}","templated":true}]}}