{"id":35,"date":"2015-06-29T09:17:09","date_gmt":"2015-06-29T09:17:09","guid":{"rendered":"https:\/\/clon.genehtik.com\/?page_id=35"},"modified":"2025-06-04T10:28:58","modified_gmt":"2025-06-04T10:28:58","slug":"condiciones-de-uso","status":"publish","type":"page","link":"https:\/\/genehtik.com\/pt\/informacion\/condiciones-de-uso\/","title":{"rendered":"Termos e Condi\u00e7\u00f5es de Uso"},"content":{"rendered":"<h1>TERMOS E CONDI\u00c7\u00d5ES DE USO<\/h1>\n<p>A posse de sementes de c\u00e2nhamo em Espanha n\u00e3o constitui crime (Conven\u00e7\u00e3o de Viena de 1961). O cultivo de cannabis pode estar sujeito a san\u00e7\u00f5es administrativas e penais (artigo 25.1 da Lei Org\u00e2nica de Prote\u00e7\u00e3o da Seguran\u00e7a P\u00fablica e artigo 368.\u00ba do C\u00f3digo Penal).<\/p>\n<p>A importa\u00e7\u00e3o, posse, venda ou distribui\u00e7\u00e3o de sementes de cannabis n\u00e3o s\u00e3o regulamentadas por lei, de acordo com o tratado unilateral sobre narc\u00f3ticos acordado em Viena em 1961.<\/p>\n<p>Em alguns pa\u00edses, como a Espanha, o cultivo de sementes de cannabis por empresas, associa\u00e7\u00f5es ou indiv\u00edduos sem a devida autoriza\u00e7\u00e3o pode constituir crime. Portanto, a venda ou distribui\u00e7\u00e3o de sementes nesses pa\u00edses destina-se exclusivamente a aplica\u00e7\u00f5es industriais, cole\u00e7\u00e3o ou preserva\u00e7\u00e3o gen\u00e9tica.<\/p>\n<p>Os distribuidores e clientes da Genehtik Collections aceitam a restri\u00e7\u00e3o espec\u00edfica de que as sementes n\u00e3o sejam utilizadas por terceiros para fins il\u00edcitos ou ilegais.<\/p>\n<p>Da mesma forma, n\u00e3o temos a inten\u00e7\u00e3o de encorajar ou induzir ningu\u00e9m a agir contra a lei, e cada indiv\u00edduo \u00e9 respons\u00e1vel por seus pr\u00f3prios atos. Nossos clientes devem aceitar tudo o que foi mencionado acima em rela\u00e7\u00e3o \u00e0 exporta\u00e7\u00e3o de sementes de cannabis para pa\u00edses como os Estados Unidos, Alemanha, Fran\u00e7a ou qualquer outro onde seja ilegal.<\/p>\n<p>A Genehtik SL Collections n\u00e3o assume qualquer responsabilidade pelo uso, total ou ilegal, destas sementes de cole\u00e7\u00e3o.<\/p>\n<p>Na Espanha e em muitos outros pa\u00edses europeus, a venda de sementes de c\u00e2nhamo \u00e9 legal. No entanto, elas podem ser proibidas em seu pa\u00eds. Recomendamos que voc\u00ea verifique a legisla\u00e7\u00e3o do seu pa\u00eds primeiro; caso contr\u00e1rio, voc\u00ea ser\u00e1 respons\u00e1vel por suas a\u00e7\u00f5es. A Genehtik SL Collections n\u00e3o se responsabiliza pelas diferentes regulamenta\u00e7\u00f5es de cada pa\u00eds.<\/p>\n<p>A compra destes produtos \u00e9 proibida em pa\u00edses onde as sementes de cannabis s\u00e3o ilegais, como Austr\u00e1lia, Alemanha e pa\u00edses asi\u00e1ticos, ou em qualquer outro pa\u00eds onde a posse de sementes de cannabis seja ilegal. No entanto, se um comprador de um pa\u00eds n\u00e3o listado acima adquirir irresponsavelmente qualquer um destes produtos sem antes se informar sobre as leis locais, a empresa se exime de toda responsabilidade por quaisquer problemas legais da\u00ed decorrentes e n\u00e3o emitir\u00e1 reembolsos por itens apreendidos ou rejeitados pela alf\u00e2ndega durante o cumprimento de suas fun\u00e7\u00f5es.<\/p>\n<p>As descri\u00e7\u00f5es destes e de outros produtos \u00e0 venda neste site foram retiradas de empresas e livros especializados escritos em pa\u00edses onde as leis n\u00e3o pro\u00edbem o consumo de certas subst\u00e2ncias psicoativas (como a Holanda). Isso significa que o fato de algumas descri\u00e7\u00f5es aludirem aos seus efeitos ap\u00f3s o consumo N\u00c3O SIGNIFICA, DE FORMA ALGUMA, que voc\u00ea possa consumi-los; trata-se meramente de informa\u00e7\u00e3o, visto que estes produtos s\u00e3o vendidos exclusivamente para uso medicinal e terap\u00eautico, para estudantes de bot\u00e2nica, naturalistas, colecionadores, como souvenirs, etc.<\/p>\n<p>Caso sejam destinados ao consumo humano, a responsabilidade ser\u00e1 sempre exclusivamente do comprador, e a empresa se exime de qualquer responsabilidade a esse respeito.<\/p>\n<p>&nbsp;<\/p>\n<p>Solicitamos seu compromisso e responsabilidade.<\/p>\n<p>&nbsp;<\/p>\n<p>Cole\u00e7\u00f5es Gen\u00e9ticas SL<\/p>\n<p>Pol. Ind. Erletxe Plat. E navio 27<\/p>\n<p>48960 Galdakao<\/p>\n<p>Bizkaia<\/p>","protected":false},"excerpt":{"rendered":"<p>T\u00c9RMINOS Y CONDICIONES DE USO La posesi\u00f3n de semillas de c\u00e1\u00f1amo en Espa\u00f1a no es constitutiva de delito (Convenci\u00f3n de Viena de 1.961). El cultivo de cannabis puede ser objeto de sanciones administrativas y penales (Art. 25.1 de la Ley Org\u00e1nica de Protecci\u00f3n de la&#8230;<\/p>","protected":false},"author":1,"featured_media":0,"parent":27,"menu_order":0,"comment_status":"closed","ping_status":"open","template":"","meta":{"bwfblock_default_font":"","footnotes":""},"class_list":["post-35","page","type-page","status-publish","hentry"],"yoast_head":"<!-- This site is optimized with the Yoast SEO Premium plugin v23.0 (Yoast SEO v27.2) - https:\/\/yoast.com\/product\/yoast-seo-premium-wordpress\/ -->\n<title>T\u00e9rminos y Condiciones de uso<\/title>\n<meta name=\"description\" content=\"T\u00e9rminos y condiciones de uso de nuestra tienda online Genehtik. Semillas de marihuana y fertilizantes\" \/>\n<meta name=\"robots\" content=\"index, follow, max-snippet:-1, max-image-preview:large, max-video-preview:-1\" \/>\n<link rel=\"canonical\" href=\"https:\/\/genehtik.com\/pt\/informacion\/condiciones-de-uso\/\" \/>\n<meta property=\"og:locale\" content=\"pt_PT\" \/>\n<meta property=\"og:type\" content=\"article\" \/>\n<meta property=\"og:title\" content=\"T\u00e9rminos y Condiciones de Uso\" \/>\n<meta property=\"og:description\" content=\"T\u00e9rminos y condiciones de uso de nuestra tienda online Genehtik. Semillas de marihuana y fertilizantes\" \/>\n<meta property=\"og:url\" content=\"https:\/\/genehtik.com\/pt\/informacion\/condiciones-de-uso\/\" \/>\n<meta property=\"og:site_name\" content=\"Genehtik\" \/>\n<meta property=\"article:publisher\" content=\"http:\/\/www.facebook.com\/Genehtik\" \/>\n<meta property=\"article:modified_time\" content=\"2025-06-04T10:28:58+00:00\" \/>\n<meta name=\"twitter:card\" content=\"summary_large_image\" \/>\n<meta name=\"twitter:site\" content=\"@GenehtikEs\" \/>\n<meta name=\"twitter:label1\" content=\"Tempo estimado de leitura\" \/>\n\t<meta name=\"twitter:data1\" content=\"3 minutos\" \/>\n<script type=\"application\/ld+json\" class=\"yoast-schema-graph\">{\"@context\":\"https:\/\/schema.org\",\"@graph\":[{\"@type\":\"WebPage\",\"@id\":\"https:\/\/genehtik.com\/informacion\/condiciones-de-uso\/\",\"url\":\"https:\/\/genehtik.com\/informacion\/condiciones-de-uso\/\",\"name\":\"T\u00e9rminos y Condiciones de uso\",\"isPartOf\":{\"@id\":\"https:\/\/genehtik.com\/#website\"},\"datePublished\":\"2015-06-29T09:17:09+00:00\",\"dateModified\":\"2025-06-04T10:28:58+00:00\",\"description\":\"T\u00e9rminos y condiciones de uso de nuestra tienda online Genehtik. Semillas de marihuana y fertilizantes\",\"breadcrumb\":{\"@id\":\"https:\/\/genehtik.com\/informacion\/condiciones-de-uso\/#breadcrumb\"},\"inLanguage\":\"pt-PT\",\"potentialAction\":[{\"@type\":\"ReadAction\",\"target\":[\"https:\/\/genehtik.com\/informacion\/condiciones-de-uso\/\"]}]},{\"@type\":\"BreadcrumbList\",\"@id\":\"https:\/\/genehtik.com\/informacion\/condiciones-de-uso\/#breadcrumb\",\"itemListElement\":[{\"@type\":\"ListItem\",\"position\":1,\"name\":\"Home\",\"item\":\"https:\/\/genehtik.com\/\"},{\"@type\":\"ListItem\",\"position\":2,\"name\":\"Informaci\u00f3n\",\"item\":\"https:\/\/genehtik.com\/informacion\/\"},{\"@type\":\"ListItem\",\"position\":3,\"name\":\"T\u00e9rminos y Condiciones de Uso\"}]},{\"@type\":\"WebSite\",\"@id\":\"https:\/\/genehtik.com\/#website\",\"url\":\"https:\/\/genehtik.com\/\",\"name\":\"Genehtik\",\"description\":\"Banco de semillas de cannabis feminizadas y autoflorecientes de calidad y garant\u00eda\",\"potentialAction\":[{\"@type\":\"SearchAction\",\"target\":{\"@type\":\"EntryPoint\",\"urlTemplate\":\"https:\/\/genehtik.com\/?s={search_term_string}\"},\"query-input\":{\"@type\":\"PropertyValueSpecification\",\"valueRequired\":true,\"valueName\":\"search_term_string\"}}],\"inLanguage\":\"pt-PT\"}]}<\/script>\n<!-- \/ Yoast SEO Premium plugin. -->","yoast_head_json":{"title":"T\u00e9rminos y Condiciones de uso","description":"T\u00e9rminos y condiciones de uso de nuestra tienda online Genehtik. Semillas de marihuana y fertilizantes","robots":{"index":"index","follow":"follow","max-snippet":"max-snippet:-1","max-image-preview":"max-image-preview:large","max-video-preview":"max-video-preview:-1"},"canonical":"https:\/\/genehtik.com\/pt\/informacion\/condiciones-de-uso\/","og_locale":"pt_PT","og_type":"article","og_title":"T\u00e9rminos y Condiciones de Uso","og_description":"T\u00e9rminos y condiciones de uso de nuestra tienda online Genehtik. Semillas de marihuana y fertilizantes","og_url":"https:\/\/genehtik.com\/pt\/informacion\/condiciones-de-uso\/","og_site_name":"Genehtik","article_publisher":"http:\/\/www.facebook.com\/Genehtik","article_modified_time":"2025-06-04T10:28:58+00:00","twitter_card":"summary_large_image","twitter_site":"@GenehtikEs","twitter_misc":{"Tempo estimado de leitura":"3 minutos"},"schema":{"@context":"https:\/\/schema.org","@graph":[{"@type":"WebPage","@id":"https:\/\/genehtik.com\/informacion\/condiciones-de-uso\/","url":"https:\/\/genehtik.com\/informacion\/condiciones-de-uso\/","name":"T\u00e9rminos y Condiciones de uso","isPartOf":{"@id":"https:\/\/genehtik.com\/#website"},"datePublished":"2015-06-29T09:17:09+00:00","dateModified":"2025-06-04T10:28:58+00:00","description":"T\u00e9rminos y condiciones de uso de nuestra tienda online Genehtik. Semillas de marihuana y fertilizantes","breadcrumb":{"@id":"https:\/\/genehtik.com\/informacion\/condiciones-de-uso\/#breadcrumb"},"inLanguage":"pt-PT","potentialAction":[{"@type":"ReadAction","target":["https:\/\/genehtik.com\/informacion\/condiciones-de-uso\/"]}]},{"@type":"BreadcrumbList","@id":"https:\/\/genehtik.com\/informacion\/condiciones-de-uso\/#breadcrumb","itemListElement":[{"@type":"ListItem","position":1,"name":"Home","item":"https:\/\/genehtik.com\/"},{"@type":"ListItem","position":2,"name":"Informaci\u00f3n","item":"https:\/\/genehtik.com\/informacion\/"},{"@type":"ListItem","position":3,"name":"T\u00e9rminos y Condiciones de Uso"}]},{"@type":"WebSite","@id":"https:\/\/genehtik.com\/#website","url":"https:\/\/genehtik.com\/","name":"Gen\u00e9tica","description":"Banco de sementes de cannabis feminizadas e autoflorescentes de alta qualidade e com garantia.","potentialAction":[{"@type":"SearchAction","target":{"@type":"EntryPoint","urlTemplate":"https:\/\/genehtik.com\/?s={search_term_string}"},"query-input":{"@type":"PropertyValueSpecification","valueRequired":true,"valueName":"search_term_string"}}],"inLanguage":"pt-PT"}]}},"_links":{"self":[{"href":"https:\/\/genehtik.com\/pt\/wp-json\/wp\/v2\/pages\/35","targetHints":{"allow":["GET"]}}],"collection":[{"href":"https:\/\/genehtik.com\/pt\/wp-json\/wp\/v2\/pages"}],"about":[{"href":"https:\/\/genehtik.com\/pt\/wp-json\/wp\/v2\/types\/page"}],"author":[{"embeddable":true,"href":"https:\/\/genehtik.com\/pt\/wp-json\/wp\/v2\/users\/1"}],"replies":[{"embeddable":true,"href":"https:\/\/genehtik.com\/pt\/wp-json\/wp\/v2\/comments?post=35"}],"version-history":[{"count":11,"href":"https:\/\/genehtik.com\/pt\/wp-json\/wp\/v2\/pages\/35\/revisions"}],"predecessor-version":[{"id":42262,"href":"https:\/\/genehtik.com\/pt\/wp-json\/wp\/v2\/pages\/35\/revisions\/42262"}],"up":[{"embeddable":true,"href":"https:\/\/genehtik.com\/pt\/wp-json\/wp\/v2\/pages\/27"}],"wp:attachment":[{"href":"https:\/\/genehtik.com\/pt\/wp-json\/wp\/v2\/media?parent=35"}],"curies":[{"name":"wp","href":"https:\/\/api.w.org\/{rel}","templated":true}]}}