{"id":5008,"date":"2015-07-08T09:30:04","date_gmt":"2015-07-08T09:30:04","guid":{"rendered":"https:\/\/clon.genehtik.com\/?page_id=5008"},"modified":"2025-03-31T10:53:47","modified_gmt":"2025-03-31T10:53:47","slug":"banco-semillas-de-marihuana","status":"publish","type":"page","link":"https:\/\/genehtik.com\/pt\/banco-semillas-de-marihuana\/","title":{"rendered":"Banco de Sementes de Cannabis Genehtik \u2013 Sobre N\u00f3s"},"content":{"rendered":"<p><img decoding=\"async\" class=\"alignnone wp-image-10549 size-full lazyload\" data-src=\"https:\/\/genehtik.com\/wp-content\/uploads\/2015\/07\/semillas-marihuana-genehtik-historia.jpg\" alt=\"Banco de semillas de cannabis Genehtik\" width=\"709\" height=\"425\" data-srcset=\"https:\/\/genehtik.com\/wp-content\/uploads\/2015\/07\/semillas-marihuana-genehtik-historia.jpg 709w, https:\/\/genehtik.com\/wp-content\/uploads\/2015\/07\/semillas-marihuana-genehtik-historia-150x90.jpg 150w, https:\/\/genehtik.com\/wp-content\/uploads\/2015\/07\/semillas-marihuana-genehtik-historia-400x240.jpg 400w, https:\/\/genehtik.com\/wp-content\/uploads\/2015\/07\/semillas-marihuana-genehtik-historia-300x180.jpg 300w, https:\/\/genehtik.com\/wp-content\/uploads\/2015\/07\/semillas-marihuana-genehtik-historia-190x114.jpg 190w\" data-sizes=\"auto\" src=\"data:image\/svg+xml;base64,PHN2ZyB3aWR0aD0iMSIgaGVpZ2h0PSIxIiB4bWxucz0iaHR0cDovL3d3dy53My5vcmcvMjAwMC9zdmciPjwvc3ZnPg==\" style=\"--smush-placeholder-width: 709px; --smush-placeholder-aspect-ratio: 709\/425;\" data-original-sizes=\"(max-width: 709px) 100vw, 709px\" \/><\/p>\n<h2>Hist\u00f3ria do nosso banco de sementes<\/h2>\n<p>A GENETHIK SEEDS nasceu h\u00e1 mais de 20 anos no Pa\u00eds Basco, culminando muitos anos de trabalho. Anos de cultivo intensivo. Anos de partilha de informa\u00e7\u00f5es com cultivadores amadores e profissionais, de troca de experi\u00eancias e gen\u00e9tica com criadores an\u00f3nimos e renomados de todo o mundo. Podemos dizer que a origem do nosso banco de sementes est\u00e1 intimamente ligada a uma estirpe espec\u00edfica... <strong>Bilbo Cr\u00edtico<\/strong>, j\u00e1 seu criador <a href=\"https:\/\/criticalbilbo.com\/critical-bilbo-la-leyenda\/\"><strong>David Merino<\/strong><\/a>, que desde o final da d\u00e9cada de 1990 mant\u00e9m variedades muito especiais, campe\u00f5es aut\u00eanticos e at\u00e9 mesmo lend\u00e1rios, como o mundialmente famoso <strong>KRITIKAL BILBO<\/strong>. Desde a sua cria\u00e7\u00e3o, temos trabalhado para estabilizar esta variedade e obter exemplares mais fortes e robustos, que atualmente s\u00e3o o padr\u00e3o do nosso banco, uma variedade que rapidamente come\u00e7ou a ganhar copas de cannabis e a forjar a sua pr\u00f3pria lenda.<\/p>\n<p>&nbsp;<\/p>\n<p>A GENEHTIK SEEDS garante sempre a qualidade de toda a sua gen\u00e9tica, mantendo as caracter\u00edsticas parentais, preservando as suas propriedades organol\u00e9pticas e potenciando o vigor de cada variedade para as tornar mais resistentes. A GENEHTIK SEEDS conseguiu incutir com sucesso esse car\u00e1cter basco para maximizar a produtividade de todo o seu cat\u00e1logo de variedades.<\/p>\n<p>&nbsp;<\/p>\n<h3>Mais informa\u00e7\u00f5es e hist\u00f3rico sobre nosso banco de sementes e nossas variedades em <a href=\"https:\/\/www.criticalbilbo.com\">www.criticalbilbo.com<\/a>.<\/h3>\n<p>&nbsp;<\/p>\n<p>Em nosso cat\u00e1logo voc\u00ea encontrar\u00e1 <a href=\"https:\/\/genehtik.com\/pt\/comprar-semillas-de-marihuana-feminizadas-genehtik\/\"><strong>sementes de cannabis feminizadas<\/strong><\/a>\u00a0y\u00a0<a href=\"\/pt\/?product_cat=productos\/semillas-de-marihuana\/semillas-cannabis-autoflorecientes\"><strong>sementes de cannabis autoflorescentes<\/strong><\/a>, assim como <a href=\"\/pt\/?product_cat=productos\/nutrientes\"><strong>fertilizantes e nutrientes<\/strong><\/a> para suas plantas.<\/p>\n<p>&nbsp;<\/p>\n<h2>A qualidade das sementes de maconha Genehtik<\/h2>\n<p>Nosso <strong>banco de sementes de cannabis<\/strong>\u00a0Garantimos sempre a mais alta qualidade gen\u00e9tica em todas as nossas sementes de cannabis. Mantemos tamb\u00e9m a integridade das caracter\u00edsticas das plantas parentais.<\/p>\n<p>&nbsp;<\/p>\n<p>Garantimos que praticamente todas as nossas sementes de cannabis s\u00e3o feminizadas.<\/p>\n<p>&nbsp;<\/p>\n<p>Todas as nossas sementes s\u00e3o selecionadas e limpas manualmente para garantir a mais alta qualidade. Al\u00e9m disso, a embalagem em microtubos garante sua preserva\u00e7\u00e3o ideal.<\/p>\n<p>&nbsp;<\/p>\n<p>Em nosso cat\u00e1logo, voc\u00ea encontrar\u00e1 uma ampla variedade de gen\u00e9ticas selecionadas pelo nosso banco de sementes, juntamente com v\u00eddeos explicativos sobre cada uma delas. Dessa forma, voc\u00ea ter\u00e1 todas as informa\u00e7\u00f5es necess\u00e1rias para ajud\u00e1-lo(a) a fazer a sua escolha.<\/p>\n<p>&nbsp;<\/p>\n<h3>Garantimos a mais alta qualidade gen\u00e9tica em todas as nossas sementes de cannabis.<\/h3>\n<p>Nossas sementes de cannabis feminizadas e autoflorescentes est\u00e3o dispon\u00edveis em nossa loja online ou em qualquer loja de cultivo em sua cidade.<\/p>\n<p>&nbsp;<\/p>\n<p>Em caso de d\u00favidas, entre em contato conosco por e-mail. <a href=\"mailto:info@genehtik.com\">info@genehtik.com<\/a><\/p>\n<p>&nbsp;<\/p>\n<p>&nbsp;<\/p>\n<div class=\"woocommerce columns-4\"><ul class=\"products columns-4\">\n<li class=\"product-category product first\">\n\t<a aria-label=\"Visite a categoria de produtos Semillas Feminizadas\" href=\"https:\/\/genehtik.com\/pt\/cannabis\/productos\/semillas-de-marihuana\/semillas-cannabis-feminizadas\/\" data-no-translation-aria-label=\"\"><img decoding=\"async\" data-src=\"https:\/\/genehtik.com\/wp-content\/uploads\/2015\/07\/Semillas-cannabis-feminizadas-Genehtik-300x300.jpg\" alt=\"Semillas Feminizadas\" width=\"300\" height=\"300\" data-srcset=\"https:\/\/genehtik.com\/wp-content\/uploads\/2015\/07\/Semillas-cannabis-feminizadas-Genehtik-300x300.jpg 300w, https:\/\/genehtik.com\/wp-content\/uploads\/2015\/07\/Semillas-cannabis-feminizadas-Genehtik-150x150.jpg 150w, https:\/\/genehtik.com\/wp-content\/uploads\/2015\/07\/Semillas-cannabis-feminizadas-Genehtik-114x114.jpg 114w, https:\/\/genehtik.com\/wp-content\/uploads\/2015\/07\/Semillas-cannabis-feminizadas-Genehtik.jpg 324w\" data-sizes=\"auto\" src=\"data:image\/svg+xml;base64,PHN2ZyB3aWR0aD0iMSIgaGVpZ2h0PSIxIiB4bWxucz0iaHR0cDovL3d3dy53My5vcmcvMjAwMC9zdmciPjwvc3ZnPg==\" class=\"lazyload\" style=\"--smush-placeholder-width: 300px; --smush-placeholder-aspect-ratio: 300\/300;\" data-original-sizes=\"(max-width: 300px) 100vw, 300px\" \/>\t\t<h2 class=\"woocommerce-loop-category__title\">\n\t\t\tSementes feminizadas <mark class=\"count\">(22)<\/mark>\t\t<\/h2>\n\t\t<\/a><\/li>\n<li class=\"product-category product\">\n\t<a aria-label=\"Visite a categoria de produtos Semillas Autoflorecientes\" href=\"https:\/\/genehtik.com\/pt\/cannabis\/productos\/semillas-de-marihuana\/semillas-cannabis-autoflorecientes\/\" data-no-translation-aria-label=\"\"><img decoding=\"async\" data-src=\"https:\/\/genehtik.com\/wp-content\/uploads\/2015\/07\/semillas-cannabis-autoflorecientes-Genehtik-300x300.jpg\" alt=\"Semillas Autoflorecientes\" width=\"300\" height=\"300\" data-srcset=\"https:\/\/genehtik.com\/wp-content\/uploads\/2015\/07\/semillas-cannabis-autoflorecientes-Genehtik-300x300.jpg 300w, https:\/\/genehtik.com\/wp-content\/uploads\/2015\/07\/semillas-cannabis-autoflorecientes-Genehtik-150x150.jpg 150w, https:\/\/genehtik.com\/wp-content\/uploads\/2015\/07\/semillas-cannabis-autoflorecientes-Genehtik-400x400.jpg 400w, https:\/\/genehtik.com\/wp-content\/uploads\/2015\/07\/semillas-cannabis-autoflorecientes-Genehtik-520x520.jpg 520w, https:\/\/genehtik.com\/wp-content\/uploads\/2015\/07\/semillas-cannabis-autoflorecientes-Genehtik-114x114.jpg 114w, https:\/\/genehtik.com\/wp-content\/uploads\/2015\/07\/semillas-cannabis-autoflorecientes-Genehtik-372x372.jpg 372w, https:\/\/genehtik.com\/wp-content\/uploads\/2015\/07\/semillas-cannabis-autoflorecientes-Genehtik.jpg 680w\" data-sizes=\"auto\" src=\"data:image\/svg+xml;base64,PHN2ZyB3aWR0aD0iMSIgaGVpZ2h0PSIxIiB4bWxucz0iaHR0cDovL3d3dy53My5vcmcvMjAwMC9zdmciPjwvc3ZnPg==\" class=\"lazyload\" style=\"--smush-placeholder-width: 300px; --smush-placeholder-aspect-ratio: 300\/300;\" data-original-sizes=\"(max-width: 300px) 100vw, 300px\" \/>\t\t<h2 class=\"woocommerce-loop-category__title\">\n\t\t\tSementes autoflorescentes <mark class=\"count\">(8)<\/mark>\t\t<\/h2>\n\t\t<\/a><\/li>\n<\/ul>\n<\/div>","protected":false},"excerpt":{"rendered":"<p>Historia de nuestro banco de semillas GENEHTIK SEEDS nace, hace m\u00e1s de 20 a\u00f1os, en el Pa\u00eds Vasco, como el resultado de muchos a\u00f1os de trabajo. De cultivo intenso. De compartir informaci\u00f3n con cultivadores amateurs y profesionales, de intercambiar experiencias y gen\u00e9ticas con breeders tanto&#8230;<\/p>","protected":false},"author":1,"featured_media":0,"parent":0,"menu_order":0,"comment_status":"closed","ping_status":"open","template":"","meta":{"bwfblock_default_font":"","footnotes":""},"class_list":["post-5008","page","type-page","status-publish","hentry"],"yoast_head":"<!-- This site is optimized with the Yoast SEO Premium plugin v23.0 (Yoast SEO v27.2) - https:\/\/yoast.com\/product\/yoast-seo-premium-wordpress\/ -->\n<title>Banco de semillas de cannabis Genehtik - Quienes Somos<\/title>\n<meta name=\"description\" content=\"Historia sobre nuestro banco de semillas de cannabis Genehtik. Ofrecemos calidad y garantia en todas nuestras semillas feminizadas y autoflorecientes.\" \/>\n<meta name=\"robots\" content=\"index, follow, max-snippet:-1, max-image-preview:large, max-video-preview:-1\" \/>\n<link rel=\"canonical\" href=\"https:\/\/genehtik.com\/pt\/banco-semillas-de-marihuana\/\" \/>\n<meta property=\"og:locale\" content=\"pt_PT\" \/>\n<meta property=\"og:type\" content=\"article\" \/>\n<meta property=\"og:title\" content=\"Banco de semillas de cannabis Genehtik - Quienes Somos\" \/>\n<meta property=\"og:description\" content=\"Historia sobre nuestro banco de semillas de cannabis Genehtik. Ofrecemos calidad y garantia en todas nuestras semillas feminizadas y autoflorecientes.\" \/>\n<meta property=\"og:url\" content=\"https:\/\/genehtik.com\/pt\/banco-semillas-de-marihuana\/\" \/>\n<meta property=\"og:site_name\" content=\"Genehtik\" \/>\n<meta property=\"article:publisher\" content=\"http:\/\/www.facebook.com\/Genehtik\" \/>\n<meta property=\"article:modified_time\" content=\"2025-03-31T10:53:47+00:00\" \/>\n<meta property=\"og:image\" content=\"https:\/\/genehtik.com\/wp-content\/uploads\/2015\/07\/semillas-marihuana-genehtik-historia.jpg\" \/>\n<meta name=\"twitter:card\" content=\"summary_large_image\" \/>\n<meta name=\"twitter:site\" content=\"@GenehtikEs\" \/>\n<meta name=\"twitter:label1\" content=\"Tempo estimado de leitura\" \/>\n\t<meta name=\"twitter:data1\" content=\"2 minutos\" \/>\n<script type=\"application\/ld+json\" class=\"yoast-schema-graph\">{\"@context\":\"https:\/\/schema.org\",\"@graph\":[{\"@type\":\"WebPage\",\"@id\":\"https:\/\/genehtik.com\/banco-semillas-de-marihuana\/\",\"url\":\"https:\/\/genehtik.com\/banco-semillas-de-marihuana\/\",\"name\":\"Banco de semillas de cannabis Genehtik - Quienes Somos\",\"isPartOf\":{\"@id\":\"https:\/\/genehtik.com\/#website\"},\"primaryImageOfPage\":{\"@id\":\"https:\/\/genehtik.com\/banco-semillas-de-marihuana\/#primaryimage\"},\"image\":{\"@id\":\"https:\/\/genehtik.com\/banco-semillas-de-marihuana\/#primaryimage\"},\"thumbnailUrl\":\"https:\/\/genehtik.com\/wp-content\/uploads\/2015\/07\/semillas-marihuana-genehtik-historia.jpg\",\"datePublished\":\"2015-07-08T09:30:04+00:00\",\"dateModified\":\"2025-03-31T10:53:47+00:00\",\"description\":\"Historia sobre nuestro banco de semillas de cannabis Genehtik. Ofrecemos calidad y garantia en todas nuestras semillas feminizadas y autoflorecientes.\",\"breadcrumb\":{\"@id\":\"https:\/\/genehtik.com\/banco-semillas-de-marihuana\/#breadcrumb\"},\"inLanguage\":\"pt-PT\",\"potentialAction\":[{\"@type\":\"ReadAction\",\"target\":[\"https:\/\/genehtik.com\/banco-semillas-de-marihuana\/\"]}]},{\"@type\":\"ImageObject\",\"inLanguage\":\"pt-PT\",\"@id\":\"https:\/\/genehtik.com\/banco-semillas-de-marihuana\/#primaryimage\",\"url\":\"https:\/\/genehtik.com\/wp-content\/uploads\/2015\/07\/semillas-marihuana-genehtik-historia.jpg\",\"contentUrl\":\"https:\/\/genehtik.com\/wp-content\/uploads\/2015\/07\/semillas-marihuana-genehtik-historia.jpg\"},{\"@type\":\"BreadcrumbList\",\"@id\":\"https:\/\/genehtik.com\/banco-semillas-de-marihuana\/#breadcrumb\",\"itemListElement\":[{\"@type\":\"ListItem\",\"position\":1,\"name\":\"Home\",\"item\":\"https:\/\/genehtik.com\/\"},{\"@type\":\"ListItem\",\"position\":2,\"name\":\"Banco de semillas de cannabis Genehtik &#8211; Quienes Somos\"}]},{\"@type\":\"WebSite\",\"@id\":\"https:\/\/genehtik.com\/#website\",\"url\":\"https:\/\/genehtik.com\/\",\"name\":\"Genehtik\",\"description\":\"Banco de semillas de cannabis feminizadas y autoflorecientes de calidad y garant\u00eda\",\"potentialAction\":[{\"@type\":\"SearchAction\",\"target\":{\"@type\":\"EntryPoint\",\"urlTemplate\":\"https:\/\/genehtik.com\/?s={search_term_string}\"},\"query-input\":{\"@type\":\"PropertyValueSpecification\",\"valueRequired\":true,\"valueName\":\"search_term_string\"}}],\"inLanguage\":\"pt-PT\"}]}<\/script>\n<!-- \/ Yoast SEO Premium plugin. -->","yoast_head_json":{"title":"Banco de semillas de cannabis Genehtik - Quienes Somos","description":"Historia sobre nuestro banco de semillas de cannabis Genehtik. Ofrecemos calidad y garantia en todas nuestras semillas feminizadas y autoflorecientes.","robots":{"index":"index","follow":"follow","max-snippet":"max-snippet:-1","max-image-preview":"max-image-preview:large","max-video-preview":"max-video-preview:-1"},"canonical":"https:\/\/genehtik.com\/pt\/banco-semillas-de-marihuana\/","og_locale":"pt_PT","og_type":"article","og_title":"Banco de semillas de cannabis Genehtik - Quienes Somos","og_description":"Historia sobre nuestro banco de semillas de cannabis Genehtik. Ofrecemos calidad y garantia en todas nuestras semillas feminizadas y autoflorecientes.","og_url":"https:\/\/genehtik.com\/pt\/banco-semillas-de-marihuana\/","og_site_name":"Genehtik","article_publisher":"http:\/\/www.facebook.com\/Genehtik","article_modified_time":"2025-03-31T10:53:47+00:00","og_image":[{"url":"https:\/\/genehtik.com\/wp-content\/uploads\/2015\/07\/semillas-marihuana-genehtik-historia.jpg","type":"","width":"","height":""}],"twitter_card":"summary_large_image","twitter_site":"@GenehtikEs","twitter_misc":{"Tempo estimado de leitura":"2 minutos"},"schema":{"@context":"https:\/\/schema.org","@graph":[{"@type":"WebPage","@id":"https:\/\/genehtik.com\/banco-semillas-de-marihuana\/","url":"https:\/\/genehtik.com\/banco-semillas-de-marihuana\/","name":"Banco de semillas de cannabis Genehtik - Quienes Somos","isPartOf":{"@id":"https:\/\/genehtik.com\/#website"},"primaryImageOfPage":{"@id":"https:\/\/genehtik.com\/banco-semillas-de-marihuana\/#primaryimage"},"image":{"@id":"https:\/\/genehtik.com\/banco-semillas-de-marihuana\/#primaryimage"},"thumbnailUrl":"https:\/\/genehtik.com\/wp-content\/uploads\/2015\/07\/semillas-marihuana-genehtik-historia.jpg","datePublished":"2015-07-08T09:30:04+00:00","dateModified":"2025-03-31T10:53:47+00:00","description":"Historia sobre nuestro banco de semillas de cannabis Genehtik. Ofrecemos calidad y garantia en todas nuestras semillas feminizadas y autoflorecientes.","breadcrumb":{"@id":"https:\/\/genehtik.com\/banco-semillas-de-marihuana\/#breadcrumb"},"inLanguage":"pt-PT","potentialAction":[{"@type":"ReadAction","target":["https:\/\/genehtik.com\/banco-semillas-de-marihuana\/"]}]},{"@type":"ImageObject","inLanguage":"pt-PT","@id":"https:\/\/genehtik.com\/banco-semillas-de-marihuana\/#primaryimage","url":"https:\/\/genehtik.com\/wp-content\/uploads\/2015\/07\/semillas-marihuana-genehtik-historia.jpg","contentUrl":"https:\/\/genehtik.com\/wp-content\/uploads\/2015\/07\/semillas-marihuana-genehtik-historia.jpg"},{"@type":"BreadcrumbList","@id":"https:\/\/genehtik.com\/banco-semillas-de-marihuana\/#breadcrumb","itemListElement":[{"@type":"ListItem","position":1,"name":"Home","item":"https:\/\/genehtik.com\/"},{"@type":"ListItem","position":2,"name":"Banco de semillas de cannabis Genehtik &#8211; Quienes Somos"}]},{"@type":"WebSite","@id":"https:\/\/genehtik.com\/#website","url":"https:\/\/genehtik.com\/","name":"Gen\u00e9tica","description":"Banco de sementes de cannabis feminizadas e autoflorescentes de alta qualidade e com garantia.","potentialAction":[{"@type":"SearchAction","target":{"@type":"EntryPoint","urlTemplate":"https:\/\/genehtik.com\/?s={search_term_string}"},"query-input":{"@type":"PropertyValueSpecification","valueRequired":true,"valueName":"search_term_string"}}],"inLanguage":"pt-PT"}]}},"_links":{"self":[{"href":"https:\/\/genehtik.com\/pt\/wp-json\/wp\/v2\/pages\/5008","targetHints":{"allow":["GET"]}}],"collection":[{"href":"https:\/\/genehtik.com\/pt\/wp-json\/wp\/v2\/pages"}],"about":[{"href":"https:\/\/genehtik.com\/pt\/wp-json\/wp\/v2\/types\/page"}],"author":[{"embeddable":true,"href":"https:\/\/genehtik.com\/pt\/wp-json\/wp\/v2\/users\/1"}],"replies":[{"embeddable":true,"href":"https:\/\/genehtik.com\/pt\/wp-json\/wp\/v2\/comments?post=5008"}],"version-history":[{"count":63,"href":"https:\/\/genehtik.com\/pt\/wp-json\/wp\/v2\/pages\/5008\/revisions"}],"predecessor-version":[{"id":41928,"href":"https:\/\/genehtik.com\/pt\/wp-json\/wp\/v2\/pages\/5008\/revisions\/41928"}],"wp:attachment":[{"href":"https:\/\/genehtik.com\/pt\/wp-json\/wp\/v2\/media?parent=5008"}],"curies":[{"name":"wp","href":"https:\/\/api.w.org\/{rel}","templated":true}]}}