{"id":5043017,"date":"2026-02-23T13:17:15","date_gmt":"2026-02-23T13:17:15","guid":{"rendered":"https:\/\/genehtik.com\/lets-keep-in-touch\/"},"modified":"2026-02-23T13:17:15","modified_gmt":"2026-02-23T13:17:15","slug":"lets-keep-in-touch","status":"publish","type":"page","link":"https:\/\/genehtik.com\/pt\/lets-keep-in-touch\/","title":{"rendered":"Vamos manter contato."},"content":{"rendered":"<p>Ol\u00e1 [fka_subscriber_name] <\/p>\n<p>Ajude-nos a melhorar a sua experi\u00eancia connosco atrav\u00e9s de uma melhor comunica\u00e7\u00e3o. Por favor, ajuste as suas prefer\u00eancias de e-mail [fka_subscriber_recipient]. <\/p>\n<p>[fka_unsubscribe_button label=\u201dAtualizar minhas prefer\u00eancias\u201d].<\/p>","protected":false},"excerpt":{"rendered":"<p>Hi [fka_subscriber_name] Help us to improve your experience with us through better communication. Please adjust your preferences for email [fka_subscriber_recipient]. [fka_unsubscribe_button label=&#8221;Update my preference&#8221;].<\/p>","protected":false},"author":1,"featured_media":0,"parent":0,"menu_order":0,"comment_status":"closed","ping_status":"closed","template":"","meta":{"bwfblock_default_font":"","footnotes":""},"class_list":["post-5043017","page","type-page","status-publish","hentry"],"yoast_head":"<!-- This site is optimized with the Yoast SEO Premium plugin v23.0 (Yoast SEO v27.2) - https:\/\/yoast.com\/product\/yoast-seo-premium-wordpress\/ -->\n<title>Let&#039;s Keep In Touch - Genehtik<\/title>\n<meta name=\"description\" content=\"Hi  Help us to improve your experience with us through better communication. Please adjust your preferences for email .  .\" \/>\n<meta name=\"robots\" content=\"index, follow, max-snippet:-1, max-image-preview:large, max-video-preview:-1\" \/>\n<link rel=\"canonical\" href=\"https:\/\/genehtik.com\/pt\/lets-keep-in-touch\/\" \/>\n<meta property=\"og:locale\" content=\"pt_PT\" \/>\n<meta property=\"og:type\" content=\"article\" \/>\n<meta property=\"og:title\" content=\"Let&#039;s Keep In Touch\" \/>\n<meta property=\"og:description\" content=\"Hi  Help us to improve your experience with us through better communication. Please adjust your preferences for email .  .\" \/>\n<meta property=\"og:url\" content=\"https:\/\/genehtik.com\/pt\/lets-keep-in-touch\/\" \/>\n<meta property=\"og:site_name\" content=\"Genehtik\" \/>\n<meta property=\"article:publisher\" content=\"http:\/\/www.facebook.com\/Genehtik\" \/>\n<meta name=\"twitter:card\" content=\"summary_large_image\" \/>\n<meta name=\"twitter:site\" content=\"@GenehtikEs\" \/>\n<script type=\"application\/ld+json\" class=\"yoast-schema-graph\">{\"@context\":\"https:\/\/schema.org\",\"@graph\":[{\"@type\":\"WebPage\",\"@id\":\"https:\/\/genehtik.com\/lets-keep-in-touch\/\",\"url\":\"https:\/\/genehtik.com\/lets-keep-in-touch\/\",\"name\":\"Let's Keep In Touch - Genehtik\",\"isPartOf\":{\"@id\":\"https:\/\/genehtik.com\/#website\"},\"datePublished\":\"2026-02-23T13:17:15+00:00\",\"description\":\"Hi Help us to improve your experience with us through better communication. Please adjust your preferences for email . .\",\"breadcrumb\":{\"@id\":\"https:\/\/genehtik.com\/lets-keep-in-touch\/#breadcrumb\"},\"inLanguage\":\"pt-PT\",\"potentialAction\":[{\"@type\":\"ReadAction\",\"target\":[\"https:\/\/genehtik.com\/lets-keep-in-touch\/\"]}]},{\"@type\":\"BreadcrumbList\",\"@id\":\"https:\/\/genehtik.com\/lets-keep-in-touch\/#breadcrumb\",\"itemListElement\":[{\"@type\":\"ListItem\",\"position\":1,\"name\":\"Home\",\"item\":\"https:\/\/genehtik.com\/\"},{\"@type\":\"ListItem\",\"position\":2,\"name\":\"Let&#8217;s Keep In Touch\"}]},{\"@type\":\"WebSite\",\"@id\":\"https:\/\/genehtik.com\/#website\",\"url\":\"https:\/\/genehtik.com\/\",\"name\":\"Genehtik\",\"description\":\"Banco de semillas de cannabis feminizadas y autoflorecientes de calidad y garant\u00eda\",\"potentialAction\":[{\"@type\":\"SearchAction\",\"target\":{\"@type\":\"EntryPoint\",\"urlTemplate\":\"https:\/\/genehtik.com\/?s={search_term_string}\"},\"query-input\":{\"@type\":\"PropertyValueSpecification\",\"valueRequired\":true,\"valueName\":\"search_term_string\"}}],\"inLanguage\":\"pt-PT\"}]}<\/script>\n<!-- \/ Yoast SEO Premium plugin. -->","yoast_head_json":{"title":"Let's Keep In Touch - Genehtik","description":"Hi  Help us to improve your experience with us through better communication. Please adjust your preferences for email .  .","robots":{"index":"index","follow":"follow","max-snippet":"max-snippet:-1","max-image-preview":"max-image-preview:large","max-video-preview":"max-video-preview:-1"},"canonical":"https:\/\/genehtik.com\/pt\/lets-keep-in-touch\/","og_locale":"pt_PT","og_type":"article","og_title":"Let's Keep In Touch","og_description":"Hi  Help us to improve your experience with us through better communication. Please adjust your preferences for email .  .","og_url":"https:\/\/genehtik.com\/pt\/lets-keep-in-touch\/","og_site_name":"Genehtik","article_publisher":"http:\/\/www.facebook.com\/Genehtik","twitter_card":"summary_large_image","twitter_site":"@GenehtikEs","schema":{"@context":"https:\/\/schema.org","@graph":[{"@type":"WebPage","@id":"https:\/\/genehtik.com\/lets-keep-in-touch\/","url":"https:\/\/genehtik.com\/lets-keep-in-touch\/","name":"Let's Keep In Touch - Genehtik","isPartOf":{"@id":"https:\/\/genehtik.com\/#website"},"datePublished":"2026-02-23T13:17:15+00:00","description":"Hi Help us to improve your experience with us through better communication. Please adjust your preferences for email . .","breadcrumb":{"@id":"https:\/\/genehtik.com\/lets-keep-in-touch\/#breadcrumb"},"inLanguage":"pt-PT","potentialAction":[{"@type":"ReadAction","target":["https:\/\/genehtik.com\/lets-keep-in-touch\/"]}]},{"@type":"BreadcrumbList","@id":"https:\/\/genehtik.com\/lets-keep-in-touch\/#breadcrumb","itemListElement":[{"@type":"ListItem","position":1,"name":"Home","item":"https:\/\/genehtik.com\/"},{"@type":"ListItem","position":2,"name":"Let&#8217;s Keep In Touch"}]},{"@type":"WebSite","@id":"https:\/\/genehtik.com\/#website","url":"https:\/\/genehtik.com\/","name":"Gen\u00e9tica","description":"Banco de sementes de cannabis feminizadas e autoflorescentes de alta qualidade e com garantia.","potentialAction":[{"@type":"SearchAction","target":{"@type":"EntryPoint","urlTemplate":"https:\/\/genehtik.com\/?s={search_term_string}"},"query-input":{"@type":"PropertyValueSpecification","valueRequired":true,"valueName":"search_term_string"}}],"inLanguage":"pt-PT"}]}},"_links":{"self":[{"href":"https:\/\/genehtik.com\/pt\/wp-json\/wp\/v2\/pages\/5043017","targetHints":{"allow":["GET"]}}],"collection":[{"href":"https:\/\/genehtik.com\/pt\/wp-json\/wp\/v2\/pages"}],"about":[{"href":"https:\/\/genehtik.com\/pt\/wp-json\/wp\/v2\/types\/page"}],"author":[{"embeddable":true,"href":"https:\/\/genehtik.com\/pt\/wp-json\/wp\/v2\/users\/1"}],"replies":[{"embeddable":true,"href":"https:\/\/genehtik.com\/pt\/wp-json\/wp\/v2\/comments?post=5043017"}],"version-history":[{"count":0,"href":"https:\/\/genehtik.com\/pt\/wp-json\/wp\/v2\/pages\/5043017\/revisions"}],"wp:attachment":[{"href":"https:\/\/genehtik.com\/pt\/wp-json\/wp\/v2\/media?parent=5043017"}],"curies":[{"name":"wp","href":"https:\/\/api.w.org\/{rel}","templated":true}]}}